{"id":840266,"date":"2024-01-01T13:58:56","date_gmt":"2024-01-01T11:58:56","guid":{"rendered":"https:\/\/mmkserviss.lv\/?post_type=product&#038;p=840266"},"modified":"2026-03-27T13:46:50","modified_gmt":"2026-03-27T11:46:50","slug":"225-70r16-kumho-crugen-hp71-103h","status":"publish","type":"product","link":"https:\/\/mmkriepas.lv\/en\/p\/225-70r16-kumho-crugen-hp71-103h\/","title":{"rendered":"225\/70R16 Kumho CRUGEN HP71 103H"},"content":{"rendered":"<p class=\"western\"><span style=\"font-family: Arial, serif;\"><b><span>Kumho C<\/span><\/b><\/span><span style=\"font-family: Arial, serif;\"><b><span>RUGEN<\/span><\/b><\/span><span style=\"font-family: Arial, serif;\"><b><span> HP71<\/span><\/b><\/span><span style=\"font-family: Arial, serif;\"><span> ir teicamas kvalit\u0101tes, vid\u0113j\u0101s klases High-Terrain vasaras riepu modelis. Tas izce\u013cas ar teicam\u0101m nodilumiztur\u012bbas, manevr\u0113tsp\u0113jas un sa\u0137eres \u012bpa\u0161\u012bb\u0101m ne tikai uz sausa un slapja asfalta, bet ar\u012b uz grants ce\u013ciem. \u0160is vasaras riepu modelis pieejams pla\u0161\u0101 izm\u0113ru kl\u0101st\u0101 no R16 l\u012bdz pat R22. Tas uzst\u0101d\u0101ms gan miniveniem un krosoveriem, gan lielajiem apvidus auto jeb SUV.<\/span><\/span><\/p>\n<h3 class=\"western\"><span style=\"font-family: Arial, serif;\"><span>Kumho C<\/span><\/span><span style=\"font-family: Arial, serif;\"><span>RUGEN<\/span><\/span><span style=\"font-family: Arial, serif;\"><span> HP71 galven\u0101s \u012bpa\u0161\u012bbas<\/span><\/span><\/h3>\n<p class=\"western\"><span style=\"font-family: Arial, serif;\"><span>+ Teicama sa\u0137ere un manevr\u0113tsp\u0113ja gan uz sausa un slapja asfalta, gan ar\u012b uz grants vai me\u017ea ce\u013ciem, pateicoties rupjajam protektoram.<br \/>+ Zems akvaplan\u0113\u0161anas risks.<br \/>+ Laba nodilumiztur\u012bba.<br \/>+ Labs akustiskais un brauk\u0161anas gaitas komforts<\/span><\/span><\/p>\n<h3 class=\"western\"><span style=\"font-family: Arial, serif;\"><span>C<\/span><\/span><span style=\"font-family: Arial, serif;\"><span>RUGEN<\/span><\/span><span style=\"font-family: Arial, serif;\"><span> HP71 apr\u012bkojums<\/span><\/span><\/h3>\n<p class=\"western\"><span style=\"font-family: Arial, serif;\"><span>Kumho C<\/span><\/span><span style=\"font-family: Arial, serif;\"><span>RUGEN<\/span><\/span><span style=\"font-family: Arial, serif;\"><span> HP71 vasaras High-Terrain riepas apr\u012bkotas ar sal\u012bdzino\u0161i rupju asimetrisko protektora rakstu. \u0160\u0101ds dizains sev\u012b apvieno labas \u016bdensizvades, sa\u0137eres un manevr\u0113tsp\u0113jas \u012bpa\u0161\u012bbas ne tikai uz asfalta, bet ar\u012b uz grants vai me\u017ea ce\u013ciem.<\/span><\/span><\/p>\n<p class=\"western\"><span style=\"font-family: Arial, serif;\"><span>Rupj\u0101s, asimetriski izvietot\u0101s protektora joslas darin\u0101tas no augstas kvalit\u0101tes gumijas kompoz\u012btmateri\u0101la. Gumijai pievienota virkne \u0137\u012bmisko elementu, kas \u0161\u012bs riepas padara nodilumiztur\u012bgas un elast\u012bgas. K\u0101 zin\u0101ms, elast\u012bga riepa dilst vienm\u0113r\u012bg\u0101k un ar\u012b lab\u0101k veido sa\u0137eri.<\/span><\/span><\/p>\n","protected":false},"excerpt":{"rendered":"<p class=\"western\"><span style=\"font-family: Arial, serif;\"><b><span>Kumho C<\/span><\/b><\/span><span style=\"font-family: Arial, serif;\"><b><span>RUGEN<\/span><\/b><\/span><span style=\"font-family: Arial, serif;\"><b><span> HP71<\/span><\/b><\/span><span style=\"font-family: Arial, serif;\"><span> ir teicamas kvalit\u0101tes, vid\u0113j\u0101s klases High-Terrain vasaras riepu modelis. Tas izce\u013cas ar teicam\u0101m nodilumiztur\u012bbas, manevr\u0113tsp\u0113jas un sa\u0137eres \u012bpa\u0161\u012bb\u0101m ne tikai uz sausa un slapja asfalta, bet ar\u012b uz grants ce\u013ciem. \u0160is vasaras riepu modelis pieejams pla\u0161\u0101 izm\u0113ru kl\u0101st\u0101 no R16 l\u012bdz pat R22. Tas uzst\u0101d\u0101ms gan miniveniem un krosoveriem, gan lielajiem apvidus auto jeb SUV.<\/span><\/span><\/p>\n","protected":false},"featured_media":1198968,"template":"","meta":{"_acf_changed":false,"ngg_post_thumbnail":0},"product_brand":[],"product_cat":[46],"product_tag":[],"class_list":{"0":"post-840266","1":"product","2":"type-product","3":"status-publish","4":"has-post-thumbnail","6":"product_cat-vasaras-riepas","8":"first","9":"instock","10":"sale","11":"taxable","12":"shipping-taxable","13":"purchasable","14":"product-type-simple"},"acf":[],"yoast_head":"<!-- This site is optimized with the Yoast SEO Premium plugin v22.6 (Yoast SEO v27.3) - https:\/\/yoast.com\/product\/yoast-seo-premium-wordpress\/ -->\n<title>225\/70R16 Kumho CRUGEN HP71 103H &#8226; MMK Riepas<\/title>\n<meta name=\"robots\" content=\"index, follow, max-snippet:-1, max-image-preview:large, max-video-preview:-1\" \/>\n<link rel=\"canonical\" href=\"https:\/\/mmkriepas.lv\/en\/p\/225-70r16-kumho-crugen-hp71-103h\/\" \/>\n<meta property=\"og:locale\" content=\"en_US\" \/>\n<meta property=\"og:type\" content=\"article\" \/>\n<meta property=\"og:title\" content=\"225\/70R16 Kumho CRUGEN HP71 103H\" \/>\n<meta property=\"og:description\" content=\"Kumho CRUGEN HP71 ir teicamas kvalit\u0101tes, vid\u0113j\u0101s klases High-Terrain vasaras riepu modelis. Tas izce\u013cas ar teicam\u0101m nodilumiztur\u012bbas, manevr\u0113tsp\u0113jas un sa\u0137eres \u012bpa\u0161\u012bb\u0101m ne tikai uz sausa un slapja asfalta, bet ar\u012b uz grants ce\u013ciem. \u0160is vasaras riepu modelis pieejams pla\u0161\u0101 izm\u0113ru kl\u0101st\u0101 no R16 l\u012bdz pat R22. Tas uzst\u0101d\u0101ms gan miniveniem un krosoveriem, gan lielajiem apvidus auto jeb SUV.\" \/>\n<meta property=\"og:url\" content=\"https:\/\/mmkriepas.lv\/en\/p\/225-70r16-kumho-crugen-hp71-103h\/\" \/>\n<meta property=\"og:site_name\" content=\"MMK Riepas\" \/>\n<meta property=\"article:publisher\" content=\"https:\/\/www.facebook.com\/mmkserviss\/\" \/>\n<meta property=\"article:modified_time\" content=\"2026-03-27T11:46:50+00:00\" \/>\n<meta property=\"og:image\" content=\"https:\/\/mmkriepas.lv\/wp-content\/uploads\/2025\/03\/KUMHO_CRUGEN_HP71.jpg\" \/>\n\t<meta property=\"og:image:width\" content=\"900\" \/>\n\t<meta property=\"og:image:height\" content=\"720\" \/>\n\t<meta property=\"og:image:type\" content=\"image\/jpeg\" \/>\n<meta name=\"twitter:card\" content=\"summary_large_image\" \/>\n<meta name=\"twitter:label1\" content=\"Price\" \/>\n\t<meta name=\"twitter:data1\" content=\"&euro;97.00\" \/>\n\t<meta name=\"twitter:label2\" content=\"Availability\" \/>\n\t<meta name=\"twitter:data2\" content=\"In stock\" \/>\n<script type=\"application\/ld+json\" class=\"yoast-schema-graph\">{\"@context\":\"https:\\\/\\\/schema.org\",\"@graph\":[{\"@type\":\"WebPage\",\"@id\":\"https:\\\/\\\/mmkriepas.lv\\\/en\\\/p\\\/225-70r16-kumho-crugen-hp71-103h\\\/\",\"url\":\"https:\\\/\\\/mmkriepas.lv\\\/en\\\/p\\\/225-70r16-kumho-crugen-hp71-103h\\\/\",\"name\":\"225\\\/70R16 Kumho CRUGEN HP71 103H &#8226; MMK Riepas\",\"isPartOf\":{\"@id\":\"https:\\\/\\\/mmkriepas.lv\\\/en\\\/#website\"},\"primaryImageOfPage\":{\"@id\":\"https:\\\/\\\/mmkriepas.lv\\\/en\\\/p\\\/225-70r16-kumho-crugen-hp71-103h\\\/#primaryimage\"},\"image\":{\"@id\":\"https:\\\/\\\/mmkriepas.lv\\\/en\\\/p\\\/225-70r16-kumho-crugen-hp71-103h\\\/#primaryimage\"},\"thumbnailUrl\":\"https:\\\/\\\/mmkriepas.lv\\\/wp-content\\\/uploads\\\/2025\\\/03\\\/KUMHO_CRUGEN_HP71.jpg\",\"datePublished\":\"2024-01-01T11:58:56+00:00\",\"dateModified\":\"2026-03-27T11:46:50+00:00\",\"breadcrumb\":{\"@id\":\"https:\\\/\\\/mmkriepas.lv\\\/en\\\/p\\\/225-70r16-kumho-crugen-hp71-103h\\\/#breadcrumb\"},\"inLanguage\":\"en-US\",\"potentialAction\":[{\"@type\":\"ReadAction\",\"target\":[\"https:\\\/\\\/mmkriepas.lv\\\/en\\\/p\\\/225-70r16-kumho-crugen-hp71-103h\\\/\"]}]},{\"@type\":\"ImageObject\",\"inLanguage\":\"en-US\",\"@id\":\"https:\\\/\\\/mmkriepas.lv\\\/en\\\/p\\\/225-70r16-kumho-crugen-hp71-103h\\\/#primaryimage\",\"url\":\"https:\\\/\\\/mmkriepas.lv\\\/wp-content\\\/uploads\\\/2025\\\/03\\\/KUMHO_CRUGEN_HP71.jpg\",\"contentUrl\":\"https:\\\/\\\/mmkriepas.lv\\\/wp-content\\\/uploads\\\/2025\\\/03\\\/KUMHO_CRUGEN_HP71.jpg\",\"width\":900,\"height\":720,\"caption\":\"MAIN\"},{\"@type\":\"BreadcrumbList\",\"@id\":\"https:\\\/\\\/mmkriepas.lv\\\/en\\\/p\\\/225-70r16-kumho-crugen-hp71-103h\\\/#breadcrumb\",\"itemListElement\":[{\"@type\":\"ListItem\",\"position\":1,\"name\":\"S\u0101kums\",\"item\":\"https:\\\/\\\/mmkriepas.lv\\\/en\\\/\"},{\"@type\":\"ListItem\",\"position\":2,\"name\":\"225\\\/70R16 Kumho CRUGEN HP71 103H\"}]},{\"@type\":\"WebSite\",\"@id\":\"https:\\\/\\\/mmkriepas.lv\\\/en\\\/#website\",\"url\":\"https:\\\/\\\/mmkriepas.lv\\\/en\\\/\",\"name\":\"MMK Riepas\",\"description\":\"MMK Riepas\",\"alternateName\":\"MMK Riepu Serviss\",\"potentialAction\":[{\"@type\":\"SearchAction\",\"target\":{\"@type\":\"EntryPoint\",\"urlTemplate\":\"https:\\\/\\\/mmkriepas.lv\\\/en\\\/?s={search_term_string}\"},\"query-input\":{\"@type\":\"PropertyValueSpecification\",\"valueRequired\":true,\"valueName\":\"search_term_string\"}}],\"inLanguage\":\"en-US\"},{\"@type\":\"ImageObject\",\"inLanguage\":\"en-US\",\"@id\":\"https:\\\/\\\/mmkriepas.lv\\\/en\\\/p\\\/225-70r16-kumho-crugen-hp71-103h\\\/#local-main-organization-logo\",\"url\":\"\",\"contentUrl\":\"\",\"caption\":\"MMK Riepas\"}]}<\/script>\n<meta property=\"product:brand\" content=\"Kumho CRUGEN HP71\" \/>\n<meta property=\"product:price:amount\" content=\"97.00\" \/>\n<meta property=\"product:price:currency\" content=\"EUR\" \/>\n<meta property=\"og:availability\" content=\"instock\" \/>\n<meta property=\"product:availability\" content=\"instock\" \/>\n<meta property=\"product:retailer_item_id\" content=\"TS2257016KUMHO-L32084\" \/>\n<meta property=\"product:condition\" content=\"new\" \/>\n<!-- \/ Yoast SEO Premium plugin. -->","yoast_head_json":{"title":"225\/70R16 Kumho CRUGEN HP71 103H &#8226; MMK Riepas","robots":{"index":"index","follow":"follow","max-snippet":"max-snippet:-1","max-image-preview":"max-image-preview:large","max-video-preview":"max-video-preview:-1"},"canonical":"https:\/\/mmkriepas.lv\/en\/p\/225-70r16-kumho-crugen-hp71-103h\/","og_locale":"en_US","og_type":"article","og_title":"225\/70R16 Kumho CRUGEN HP71 103H","og_description":"Kumho CRUGEN HP71 ir teicamas kvalit\u0101tes, vid\u0113j\u0101s klases High-Terrain vasaras riepu modelis. Tas izce\u013cas ar teicam\u0101m nodilumiztur\u012bbas, manevr\u0113tsp\u0113jas un sa\u0137eres \u012bpa\u0161\u012bb\u0101m ne tikai uz sausa un slapja asfalta, bet ar\u012b uz grants ce\u013ciem. \u0160is vasaras riepu modelis pieejams pla\u0161\u0101 izm\u0113ru kl\u0101st\u0101 no R16 l\u012bdz pat R22. Tas uzst\u0101d\u0101ms gan miniveniem un krosoveriem, gan lielajiem apvidus auto jeb SUV.","og_url":"https:\/\/mmkriepas.lv\/en\/p\/225-70r16-kumho-crugen-hp71-103h\/","og_site_name":"MMK Riepas","article_publisher":"https:\/\/www.facebook.com\/mmkserviss\/","article_modified_time":"2026-03-27T11:46:50+00:00","og_image":[{"width":900,"height":720,"url":"https:\/\/mmkriepas.lv\/wp-content\/uploads\/2025\/03\/KUMHO_CRUGEN_HP71.jpg","type":"image\/jpeg"}],"twitter_card":"summary_large_image","twitter_misc":{"Price":"&euro;97.00","Availability":"In stock"},"schema":{"@context":"https:\/\/schema.org","@graph":[{"@type":"WebPage","@id":"https:\/\/mmkriepas.lv\/en\/p\/225-70r16-kumho-crugen-hp71-103h\/","url":"https:\/\/mmkriepas.lv\/en\/p\/225-70r16-kumho-crugen-hp71-103h\/","name":"225\/70R16 Kumho CRUGEN HP71 103H &#8226; MMK Riepas","isPartOf":{"@id":"https:\/\/mmkriepas.lv\/en\/#website"},"primaryImageOfPage":{"@id":"https:\/\/mmkriepas.lv\/en\/p\/225-70r16-kumho-crugen-hp71-103h\/#primaryimage"},"image":{"@id":"https:\/\/mmkriepas.lv\/en\/p\/225-70r16-kumho-crugen-hp71-103h\/#primaryimage"},"thumbnailUrl":"https:\/\/mmkriepas.lv\/wp-content\/uploads\/2025\/03\/KUMHO_CRUGEN_HP71.jpg","datePublished":"2024-01-01T11:58:56+00:00","dateModified":"2026-03-27T11:46:50+00:00","breadcrumb":{"@id":"https:\/\/mmkriepas.lv\/en\/p\/225-70r16-kumho-crugen-hp71-103h\/#breadcrumb"},"inLanguage":"en-US","potentialAction":[{"@type":"ReadAction","target":["https:\/\/mmkriepas.lv\/en\/p\/225-70r16-kumho-crugen-hp71-103h\/"]}]},{"@type":"ImageObject","inLanguage":"en-US","@id":"https:\/\/mmkriepas.lv\/en\/p\/225-70r16-kumho-crugen-hp71-103h\/#primaryimage","url":"https:\/\/mmkriepas.lv\/wp-content\/uploads\/2025\/03\/KUMHO_CRUGEN_HP71.jpg","contentUrl":"https:\/\/mmkriepas.lv\/wp-content\/uploads\/2025\/03\/KUMHO_CRUGEN_HP71.jpg","width":900,"height":720,"caption":"MAIN"},{"@type":"BreadcrumbList","@id":"https:\/\/mmkriepas.lv\/en\/p\/225-70r16-kumho-crugen-hp71-103h\/#breadcrumb","itemListElement":[{"@type":"ListItem","position":1,"name":"S\u0101kums","item":"https:\/\/mmkriepas.lv\/en\/"},{"@type":"ListItem","position":2,"name":"225\/70R16 Kumho CRUGEN HP71 103H"}]},{"@type":"WebSite","@id":"https:\/\/mmkriepas.lv\/en\/#website","url":"https:\/\/mmkriepas.lv\/en\/","name":"MMK Riepas","description":"MMK Riepas","alternateName":"MMK Riepu Serviss","potentialAction":[{"@type":"SearchAction","target":{"@type":"EntryPoint","urlTemplate":"https:\/\/mmkriepas.lv\/en\/?s={search_term_string}"},"query-input":{"@type":"PropertyValueSpecification","valueRequired":true,"valueName":"search_term_string"}}],"inLanguage":"en-US"},{"@type":"ImageObject","inLanguage":"en-US","@id":"https:\/\/mmkriepas.lv\/en\/p\/225-70r16-kumho-crugen-hp71-103h\/#local-main-organization-logo","url":"","contentUrl":"","caption":"MMK Riepas"}]},"product_brand":"Kumho CRUGEN HP71","product_price_amount":"97.00","product_price_currency":"EUR","og_availability":"instock","product_availability":"instock","product_retailer_item_id":"TS2257016KUMHO-L32084","product_condition":"new"},"_links":{"self":[{"href":"https:\/\/mmkriepas.lv\/en\/wp-json\/wp\/v2\/product\/840266","targetHints":{"allow":["GET"]}}],"collection":[{"href":"https:\/\/mmkriepas.lv\/en\/wp-json\/wp\/v2\/product"}],"about":[{"href":"https:\/\/mmkriepas.lv\/en\/wp-json\/wp\/v2\/types\/product"}],"wp:featuredmedia":[{"embeddable":true,"href":"https:\/\/mmkriepas.lv\/en\/wp-json\/wp\/v2\/media\/1198968"}],"wp:attachment":[{"href":"https:\/\/mmkriepas.lv\/en\/wp-json\/wp\/v2\/media?parent=840266"}],"wp:term":[{"taxonomy":"product_brand","embeddable":true,"href":"https:\/\/mmkriepas.lv\/en\/wp-json\/wp\/v2\/product_brand?post=840266"},{"taxonomy":"product_cat","embeddable":true,"href":"https:\/\/mmkriepas.lv\/en\/wp-json\/wp\/v2\/product_cat?post=840266"},{"taxonomy":"product_tag","embeddable":true,"href":"https:\/\/mmkriepas.lv\/en\/wp-json\/wp\/v2\/product_tag?post=840266"}],"curies":[{"name":"wp","href":"https:\/\/api.w.org\/{rel}","templated":true}]}}