{"id":840152,"date":"2024-01-01T13:54:11","date_gmt":"2024-01-01T11:54:11","guid":{"rendered":"https:\/\/mmkserviss.lv\/?post_type=product&#038;p=840152"},"modified":"2026-03-30T14:08:49","modified_gmt":"2026-03-30T11:08:49","slug":"205-75r16c-kumho-winter-portran-cw51-110-108r","status":"publish","type":"product","link":"https:\/\/mmkriepas.lv\/en\/p\/205-75r16c-kumho-winter-portran-cw51-110-108r\/","title":{"rendered":"205\/75R16C Kumho Winter PorTran CW51 110\/108R"},"content":{"rendered":"<p><strong>Kumho Winter PorTran CW51<\/strong> ir ziemas\/M+S riepu modelis, kas paredz\u0113ts komerctransportam. Riepas <strong>izce\u013cas ar sabalans\u0113t\u0101m eksplaut\u0101cijas \u012bpa\u0161\u012bb\u0101m<\/strong>, vienlaikus demonstr\u0113jot ar\u012b augstas komforta \u012bpa\u0161\u012bbas, palielin\u0101tu veiktsp\u0113ju un un uzticam\u012bbu skarb\u0101kos apst\u0101k\u013cos.<o:p><\/o:p><\/p>\n<h3><strong>Winter PorTran CW51 galven\u0101s iez\u012bmes<\/strong><o:p><\/o:p><\/h3>\n<p>+ Pastiprin\u0101ti protektora bloki, kas vienm\u0113r\u012bgi sadala slodzi kontakta virsm\u0101. <o:p><\/o:p><\/p>\n<p>+ Z\u0101\u0123veida lameles uzlabo sa\u0137eri ar sliden\u0101m ce\u013ca virsm\u0101m. <o:p><\/o:p><\/p>\n<p>+ Uzlabota veiktsp\u0113ja snieg\u0101, pateicoties protektora bloku augstumam un \u012bpa\u0161iem elementiem riepas plecu zon\u0101. <o:p><\/o:p><\/p>\n<p>+ Augsta nodilum iztur\u012bba <o:p><\/o:p><\/p>\n<p><strong>Kumho Winter PorTran CW51<\/strong> protektora raksts izce\u013cas ar vair\u0101kiem t\u016bksto\u0161iem z\u0101\u0123veida formas lame\u013cu, kas b\u016btiski uzlabo sa\u0137eri ar sliden\u0101m ce\u013ca virsm\u0101m, ar kur\u0101m var n\u0101kties saskarties ziemas apst\u0101k\u013cos. <o:p><\/o:p><\/p>\n<p>Mode\u013ca lieto\u0161anas dro\u0161\u012bbu ziemas laika apst\u0101k\u013cos un t\u0101 atbilst\u012bbu valst\u012bm ar oblig\u0101tu sezon\u0101lo riepu mai\u0146u apstiprina mar\u0137\u0113jums sniegp\u0101rslas form\u0101 uz kalna fona ar trim virsotn\u0113m (3PMSF).<\/p>\n","protected":false},"excerpt":{"rendered":"<p><strong>Kumho Winter PorTran CW51<\/strong> ir ziemas\/M+S riepu modelis, kas paredz\u0113ts komerctransportam. Riepas <strong>izce\u013cas ar sabalans\u0113t\u0101m eksplaut\u0101cijas \u012bpa\u0161\u012bb\u0101m<\/strong>, vienlaikus demonstr\u0113jot ar\u012b augstas komforta \u012bpa\u0161\u012bbas, palielin\u0101tu veiktsp\u0113ju un un uzticam\u012bbu skarb\u0101kos apst\u0101k\u013cos.<\/p>\n","protected":false},"featured_media":1158439,"template":"","meta":{"_acf_changed":false,"ngg_post_thumbnail":0},"product_brand":[],"product_cat":[47,45],"product_tag":[],"class_list":{"0":"post-840152","1":"product","2":"type-product","3":"status-publish","4":"has-post-thumbnail","6":"product_cat-vissezonas-riepas","7":"product_cat-ziemas-riepas","9":"first","10":"instock","11":"sale","12":"taxable","13":"shipping-taxable","14":"purchasable","15":"product-type-simple"},"acf":[],"yoast_head":"<!-- This site is optimized with the Yoast SEO Premium plugin v22.6 (Yoast SEO v27.3) - https:\/\/yoast.com\/product\/yoast-seo-premium-wordpress\/ -->\n<title>205\/75R16C Kumho Winter PorTran CW51 110\/108R &#8226; MMK Riepas<\/title>\n<meta name=\"robots\" content=\"index, follow, max-snippet:-1, max-image-preview:large, max-video-preview:-1\" \/>\n<link rel=\"canonical\" href=\"https:\/\/mmkriepas.lv\/en\/p\/205-75r16c-kumho-winter-portran-cw51-110-108r\/\" \/>\n<meta property=\"og:locale\" content=\"en_US\" \/>\n<meta property=\"og:type\" content=\"article\" \/>\n<meta property=\"og:title\" content=\"205\/75R16C Kumho Winter PorTran CW51 110\/108R\" \/>\n<meta property=\"og:description\" content=\"Kumho Winter PorTran CW51 ir ziemas\/M+S riepu modelis, kas paredz\u0113ts komerctransportam. Riepas izce\u013cas ar sabalans\u0113t\u0101m eksplaut\u0101cijas \u012bpa\u0161\u012bb\u0101m, vienlaikus demonstr\u0113jot ar\u012b augstas komforta \u012bpa\u0161\u012bbas, palielin\u0101tu veiktsp\u0113ju un un uzticam\u012bbu skarb\u0101kos apst\u0101k\u013cos.\" \/>\n<meta property=\"og:url\" content=\"https:\/\/mmkriepas.lv\/en\/p\/205-75r16c-kumho-winter-portran-cw51-110-108r\/\" \/>\n<meta property=\"og:site_name\" content=\"MMK Riepas\" \/>\n<meta property=\"article:publisher\" content=\"https:\/\/www.facebook.com\/mmkserviss\/\" \/>\n<meta property=\"article:modified_time\" content=\"2026-03-30T11:08:49+00:00\" \/>\n<meta property=\"og:image\" content=\"https:\/\/mmkriepas.lv\/wp-content\/uploads\/2025\/01\/20565r16c-kumho-winter-portran-cw51-107105t-ziemas-riepas.jpg\" \/>\n\t<meta property=\"og:image:width\" content=\"900\" \/>\n\t<meta property=\"og:image:height\" content=\"720\" \/>\n\t<meta property=\"og:image:type\" content=\"image\/jpeg\" \/>\n<meta name=\"twitter:card\" content=\"summary_large_image\" \/>\n<meta name=\"twitter:label1\" content=\"Price\" \/>\n\t<meta name=\"twitter:data1\" content=\"&euro;108.00\" \/>\n\t<meta name=\"twitter:label2\" content=\"Availability\" \/>\n\t<meta name=\"twitter:data2\" content=\"In stock\" \/>\n<script type=\"application\/ld+json\" class=\"yoast-schema-graph\">{\"@context\":\"https:\\\/\\\/schema.org\",\"@graph\":[{\"@type\":\"WebPage\",\"@id\":\"https:\\\/\\\/mmkriepas.lv\\\/en\\\/p\\\/205-75r16c-kumho-winter-portran-cw51-110-108r\\\/\",\"url\":\"https:\\\/\\\/mmkriepas.lv\\\/en\\\/p\\\/205-75r16c-kumho-winter-portran-cw51-110-108r\\\/\",\"name\":\"205\\\/75R16C Kumho Winter PorTran CW51 110\\\/108R &#8226; MMK Riepas\",\"isPartOf\":{\"@id\":\"https:\\\/\\\/mmkriepas.lv\\\/en\\\/#website\"},\"primaryImageOfPage\":{\"@id\":\"https:\\\/\\\/mmkriepas.lv\\\/en\\\/p\\\/205-75r16c-kumho-winter-portran-cw51-110-108r\\\/#primaryimage\"},\"image\":{\"@id\":\"https:\\\/\\\/mmkriepas.lv\\\/en\\\/p\\\/205-75r16c-kumho-winter-portran-cw51-110-108r\\\/#primaryimage\"},\"thumbnailUrl\":\"https:\\\/\\\/mmkriepas.lv\\\/wp-content\\\/uploads\\\/2025\\\/01\\\/20565r16c-kumho-winter-portran-cw51-107105t-ziemas-riepas.jpg\",\"datePublished\":\"2024-01-01T11:54:11+00:00\",\"dateModified\":\"2026-03-30T11:08:49+00:00\",\"breadcrumb\":{\"@id\":\"https:\\\/\\\/mmkriepas.lv\\\/en\\\/p\\\/205-75r16c-kumho-winter-portran-cw51-110-108r\\\/#breadcrumb\"},\"inLanguage\":\"en-US\",\"potentialAction\":[{\"@type\":\"ReadAction\",\"target\":[\"https:\\\/\\\/mmkriepas.lv\\\/en\\\/p\\\/205-75r16c-kumho-winter-portran-cw51-110-108r\\\/\"]}]},{\"@type\":\"ImageObject\",\"inLanguage\":\"en-US\",\"@id\":\"https:\\\/\\\/mmkriepas.lv\\\/en\\\/p\\\/205-75r16c-kumho-winter-portran-cw51-110-108r\\\/#primaryimage\",\"url\":\"https:\\\/\\\/mmkriepas.lv\\\/wp-content\\\/uploads\\\/2025\\\/01\\\/20565r16c-kumho-winter-portran-cw51-107105t-ziemas-riepas.jpg\",\"contentUrl\":\"https:\\\/\\\/mmkriepas.lv\\\/wp-content\\\/uploads\\\/2025\\\/01\\\/20565r16c-kumho-winter-portran-cw51-107105t-ziemas-riepas.jpg\",\"width\":900,\"height\":720,\"caption\":\"MAIN\"},{\"@type\":\"BreadcrumbList\",\"@id\":\"https:\\\/\\\/mmkriepas.lv\\\/en\\\/p\\\/205-75r16c-kumho-winter-portran-cw51-110-108r\\\/#breadcrumb\",\"itemListElement\":[{\"@type\":\"ListItem\",\"position\":1,\"name\":\"S\u0101kums\",\"item\":\"https:\\\/\\\/mmkriepas.lv\\\/en\\\/\"},{\"@type\":\"ListItem\",\"position\":2,\"name\":\"205\\\/75R16C Kumho Winter PorTran CW51 110\\\/108R\"}]},{\"@type\":\"WebSite\",\"@id\":\"https:\\\/\\\/mmkriepas.lv\\\/en\\\/#website\",\"url\":\"https:\\\/\\\/mmkriepas.lv\\\/en\\\/\",\"name\":\"MMK Riepas\",\"description\":\"MMK Riepas\",\"alternateName\":\"MMK Riepu Serviss\",\"potentialAction\":[{\"@type\":\"SearchAction\",\"target\":{\"@type\":\"EntryPoint\",\"urlTemplate\":\"https:\\\/\\\/mmkriepas.lv\\\/en\\\/?s={search_term_string}\"},\"query-input\":{\"@type\":\"PropertyValueSpecification\",\"valueRequired\":true,\"valueName\":\"search_term_string\"}}],\"inLanguage\":\"en-US\"},{\"@type\":\"ImageObject\",\"inLanguage\":\"en-US\",\"@id\":\"https:\\\/\\\/mmkriepas.lv\\\/en\\\/p\\\/205-75r16c-kumho-winter-portran-cw51-110-108r\\\/#local-main-organization-logo\",\"url\":\"\",\"contentUrl\":\"\",\"caption\":\"MMK Riepas\"}]}<\/script>\n<meta property=\"product:brand\" content=\"Kumho Winter PorTran CW51\" \/>\n<meta property=\"product:price:amount\" content=\"108.00\" \/>\n<meta property=\"product:price:currency\" content=\"EUR\" \/>\n<meta property=\"og:availability\" content=\"instock\" \/>\n<meta property=\"product:availability\" content=\"instock\" \/>\n<meta property=\"product:retailer_item_id\" content=\"TW2057516CKumho-E32133\" \/>\n<meta property=\"product:condition\" content=\"new\" \/>\n<!-- \/ Yoast SEO Premium plugin. -->","yoast_head_json":{"title":"205\/75R16C Kumho Winter PorTran CW51 110\/108R &#8226; MMK Riepas","robots":{"index":"index","follow":"follow","max-snippet":"max-snippet:-1","max-image-preview":"max-image-preview:large","max-video-preview":"max-video-preview:-1"},"canonical":"https:\/\/mmkriepas.lv\/en\/p\/205-75r16c-kumho-winter-portran-cw51-110-108r\/","og_locale":"en_US","og_type":"article","og_title":"205\/75R16C Kumho Winter PorTran CW51 110\/108R","og_description":"Kumho Winter PorTran CW51 ir ziemas\/M+S riepu modelis, kas paredz\u0113ts komerctransportam. Riepas izce\u013cas ar sabalans\u0113t\u0101m eksplaut\u0101cijas \u012bpa\u0161\u012bb\u0101m, vienlaikus demonstr\u0113jot ar\u012b augstas komforta \u012bpa\u0161\u012bbas, palielin\u0101tu veiktsp\u0113ju un un uzticam\u012bbu skarb\u0101kos apst\u0101k\u013cos.","og_url":"https:\/\/mmkriepas.lv\/en\/p\/205-75r16c-kumho-winter-portran-cw51-110-108r\/","og_site_name":"MMK Riepas","article_publisher":"https:\/\/www.facebook.com\/mmkserviss\/","article_modified_time":"2026-03-30T11:08:49+00:00","og_image":[{"width":900,"height":720,"url":"https:\/\/mmkriepas.lv\/wp-content\/uploads\/2025\/01\/20565r16c-kumho-winter-portran-cw51-107105t-ziemas-riepas.jpg","type":"image\/jpeg"}],"twitter_card":"summary_large_image","twitter_misc":{"Price":"&euro;108.00","Availability":"In stock"},"schema":{"@context":"https:\/\/schema.org","@graph":[{"@type":"WebPage","@id":"https:\/\/mmkriepas.lv\/en\/p\/205-75r16c-kumho-winter-portran-cw51-110-108r\/","url":"https:\/\/mmkriepas.lv\/en\/p\/205-75r16c-kumho-winter-portran-cw51-110-108r\/","name":"205\/75R16C Kumho Winter PorTran CW51 110\/108R &#8226; MMK Riepas","isPartOf":{"@id":"https:\/\/mmkriepas.lv\/en\/#website"},"primaryImageOfPage":{"@id":"https:\/\/mmkriepas.lv\/en\/p\/205-75r16c-kumho-winter-portran-cw51-110-108r\/#primaryimage"},"image":{"@id":"https:\/\/mmkriepas.lv\/en\/p\/205-75r16c-kumho-winter-portran-cw51-110-108r\/#primaryimage"},"thumbnailUrl":"https:\/\/mmkriepas.lv\/wp-content\/uploads\/2025\/01\/20565r16c-kumho-winter-portran-cw51-107105t-ziemas-riepas.jpg","datePublished":"2024-01-01T11:54:11+00:00","dateModified":"2026-03-30T11:08:49+00:00","breadcrumb":{"@id":"https:\/\/mmkriepas.lv\/en\/p\/205-75r16c-kumho-winter-portran-cw51-110-108r\/#breadcrumb"},"inLanguage":"en-US","potentialAction":[{"@type":"ReadAction","target":["https:\/\/mmkriepas.lv\/en\/p\/205-75r16c-kumho-winter-portran-cw51-110-108r\/"]}]},{"@type":"ImageObject","inLanguage":"en-US","@id":"https:\/\/mmkriepas.lv\/en\/p\/205-75r16c-kumho-winter-portran-cw51-110-108r\/#primaryimage","url":"https:\/\/mmkriepas.lv\/wp-content\/uploads\/2025\/01\/20565r16c-kumho-winter-portran-cw51-107105t-ziemas-riepas.jpg","contentUrl":"https:\/\/mmkriepas.lv\/wp-content\/uploads\/2025\/01\/20565r16c-kumho-winter-portran-cw51-107105t-ziemas-riepas.jpg","width":900,"height":720,"caption":"MAIN"},{"@type":"BreadcrumbList","@id":"https:\/\/mmkriepas.lv\/en\/p\/205-75r16c-kumho-winter-portran-cw51-110-108r\/#breadcrumb","itemListElement":[{"@type":"ListItem","position":1,"name":"S\u0101kums","item":"https:\/\/mmkriepas.lv\/en\/"},{"@type":"ListItem","position":2,"name":"205\/75R16C Kumho Winter PorTran CW51 110\/108R"}]},{"@type":"WebSite","@id":"https:\/\/mmkriepas.lv\/en\/#website","url":"https:\/\/mmkriepas.lv\/en\/","name":"MMK Riepas","description":"MMK Riepas","alternateName":"MMK Riepu Serviss","potentialAction":[{"@type":"SearchAction","target":{"@type":"EntryPoint","urlTemplate":"https:\/\/mmkriepas.lv\/en\/?s={search_term_string}"},"query-input":{"@type":"PropertyValueSpecification","valueRequired":true,"valueName":"search_term_string"}}],"inLanguage":"en-US"},{"@type":"ImageObject","inLanguage":"en-US","@id":"https:\/\/mmkriepas.lv\/en\/p\/205-75r16c-kumho-winter-portran-cw51-110-108r\/#local-main-organization-logo","url":"","contentUrl":"","caption":"MMK Riepas"}]},"product_brand":"Kumho Winter PorTran CW51","product_price_amount":"108.00","product_price_currency":"EUR","og_availability":"instock","product_availability":"instock","product_retailer_item_id":"TW2057516CKumho-E32133","product_condition":"new"},"_links":{"self":[{"href":"https:\/\/mmkriepas.lv\/en\/wp-json\/wp\/v2\/product\/840152","targetHints":{"allow":["GET"]}}],"collection":[{"href":"https:\/\/mmkriepas.lv\/en\/wp-json\/wp\/v2\/product"}],"about":[{"href":"https:\/\/mmkriepas.lv\/en\/wp-json\/wp\/v2\/types\/product"}],"wp:featuredmedia":[{"embeddable":true,"href":"https:\/\/mmkriepas.lv\/en\/wp-json\/wp\/v2\/media\/1158439"}],"wp:attachment":[{"href":"https:\/\/mmkriepas.lv\/en\/wp-json\/wp\/v2\/media?parent=840152"}],"wp:term":[{"taxonomy":"product_brand","embeddable":true,"href":"https:\/\/mmkriepas.lv\/en\/wp-json\/wp\/v2\/product_brand?post=840152"},{"taxonomy":"product_cat","embeddable":true,"href":"https:\/\/mmkriepas.lv\/en\/wp-json\/wp\/v2\/product_cat?post=840152"},{"taxonomy":"product_tag","embeddable":true,"href":"https:\/\/mmkriepas.lv\/en\/wp-json\/wp\/v2\/product_tag?post=840152"}],"curies":[{"name":"wp","href":"https:\/\/api.w.org\/{rel}","templated":true}]}}