{"id":837551,"date":"2023-12-22T14:43:58","date_gmt":"2023-12-22T12:43:58","guid":{"rendered":"https:\/\/mmkserviss.lv\/?post_type=product&#038;p=837551"},"modified":"2026-03-30T16:20:27","modified_gmt":"2026-03-30T13:20:27","slug":"255-35r20-kumho-wintercraft-wp72-97w-xl-2","status":"publish","type":"product","link":"https:\/\/mmkriepas.lv\/en\/p\/255-35r20-kumho-wintercraft-wp72-97w-xl-2\/","title":{"rendered":"255\/35R20 Kumho WinterCraft WP72 97W XL"},"content":{"rendered":"<p><b>Kumho WinterCraft WP72<\/b><span style=\"font-weight: 400;\"> ir \u012bpa\u0161i klusa ziemas riepa, kas izce\u013cas ar t\u0101s, ziemai nerakstur\u012bgo, asimetrisko protektora dizainu. \u0160is modelis paredz\u0113ts sportiskiem auto un dinamiskai brauk\u0161anai.<\/span><\/p>\n<h3><b>Kumho WinterCraft WP72 galven\u0101s iez\u012bmes<\/b><\/h3>\n<ul>\n<li style=\"font-weight: 400;\"><span style=\"font-weight: 400;\">Lameles pal\u012bdz\u0113s c\u012b\u0146\u0101 ar akvaplan\u0113\u0161anu un neparedz\u0113tiem, apledoju\u0161iem ce\u013ca posmiem!<\/span><\/li>\n<li style=\"font-weight: 400;\"><span style=\"font-weight: 400;\">Klusa un komfortabla gaita!<\/span><\/li>\n<li style=\"font-weight: 400;\"><span style=\"font-weight: 400;\">Samazin\u0101ts degvielas pat\u0113ri\u0146\u0161!<\/span><\/li>\n<li style=\"font-weight: 400;\"><span style=\"font-weight: 400;\">Uzlabots riepas gumijas sast\u0101vs!<\/span><\/li>\n<li style=\"font-weight: 400;\"><span style=\"font-weight: 400;\">Palielin\u0101ts lame\u013cu skaits!<\/span><\/li>\n<li style=\"font-weight: 400;\"><span style=\"font-weight: 400;\">Nodiluma indikators!<\/span><\/li>\n<\/ul>\n<h3><b>WinterCraft WP72 apr\u012bkojums<\/b><\/h3>\n<p><span style=\"font-weight: 400;\">Asimetriski izvietotie protektora bloki darin\u0101ti no elastrom\u0113riem bag\u0101ta gumijas mais\u012bjuma, kas nezaud\u0113 elast\u012bbu pat \u013coti zem\u0101s gaisa temperat\u016br\u0101s. Protektora blokos bl\u012bvi izvietoti vair\u0101ki t\u016bksto\u0161i da\u017e\u0101dos virzienos v\u0113rstu lame\u013cu, kuras ne tikai sausina kontakta virsmu, novadot no t\u0101s \u016bdeni, bet ar\u012b uzlabo sa\u0137eres \u012bpa\u0161\u012bbas uz apledoju\u0161iem ce\u013ca posmiem.<\/span> <span style=\"font-weight: 400;\">Riepas s\u0101n\u0101 iestr\u0101d\u0101ts nodiluma indikators, kas \u013caus prec\u012bzi noteikt savas riepas nodilumu, kas veidosies l\u0113n\u0101k, pateicoties \u012bpa\u0161\u0101m sast\u0101vda\u013c\u0101m riepas gumijas mais\u012bjum\u0101.\u00a0<\/span> <span style=\"font-weight: 400;\">Plati dren\u0101\u017eas kan\u0101li, tand\u0113m\u0101 ar lamel\u0113m, izcili tiek gal\u0101 ar \u016bdens un sniega novadi no riepas saskares virsmas ar ce\u013cu, to sausinot. Sausa kontakta virsma noz\u012bm\u0113 daudz lab\u0101ku sa\u0137eri ar ce\u013cu.<\/span><\/p>\n","protected":false},"excerpt":{"rendered":"<p><b>Kumho WinterCraft WP72<\/b><span style=\"font-weight: 400;\"> ir \u012bpa\u0161i klusa ziemas riepa, kas izce\u013cas ar t\u0101s, ziemai nerakstur\u012bgo, asimetrisko protektora dizainu. \u0160is modelis paredz\u0113ts sportiskiem auto un dinamiskai brauk\u0161anai.<\/span><\/p>\n","protected":false},"featured_media":1082319,"template":"","meta":{"_acf_changed":false,"ngg_post_thumbnail":0},"product_brand":[],"product_cat":[47,45],"product_tag":[],"class_list":{"0":"post-837551","1":"product","2":"type-product","3":"status-publish","4":"has-post-thumbnail","6":"product_cat-vissezonas-riepas","7":"product_cat-ziemas-riepas","9":"first","10":"instock","11":"taxable","12":"shipping-taxable","13":"purchasable","14":"product-type-simple"},"acf":[],"yoast_head":"<!-- This site is optimized with the Yoast SEO Premium plugin v22.6 (Yoast SEO v27.3) - https:\/\/yoast.com\/product\/yoast-seo-premium-wordpress\/ -->\n<title>255\/35R20 Kumho WinterCraft WP72 97W XL &#8226; MMK Riepas<\/title>\n<meta name=\"robots\" content=\"index, follow, max-snippet:-1, max-image-preview:large, max-video-preview:-1\" \/>\n<link rel=\"canonical\" href=\"https:\/\/mmkriepas.lv\/en\/p\/255-35r20-kumho-wintercraft-wp72-97w-xl-2\/\" \/>\n<meta property=\"og:locale\" content=\"en_US\" \/>\n<meta property=\"og:type\" content=\"article\" \/>\n<meta property=\"og:title\" content=\"255\/35R20 Kumho WinterCraft WP72 97W XL\" \/>\n<meta property=\"og:description\" content=\"Kumho WinterCraft WP72 ir \u012bpa\u0161i klusa ziemas riepa, kas izce\u013cas ar t\u0101s, ziemai nerakstur\u012bgo, asimetrisko protektora dizainu. \u0160is modelis paredz\u0113ts sportiskiem auto un dinamiskai brauk\u0161anai.\" \/>\n<meta property=\"og:url\" content=\"https:\/\/mmkriepas.lv\/en\/p\/255-35r20-kumho-wintercraft-wp72-97w-xl-2\/\" \/>\n<meta property=\"og:site_name\" content=\"MMK Riepas\" \/>\n<meta property=\"article:publisher\" content=\"https:\/\/www.facebook.com\/mmkserviss\/\" \/>\n<meta property=\"article:modified_time\" content=\"2026-03-30T13:20:27+00:00\" \/>\n<meta property=\"og:image\" content=\"https:\/\/mmkriepas.lv\/wp-content\/uploads\/2024\/09\/KUMHO-WINTERCRAFT-WP72.jpg\" \/>\n\t<meta property=\"og:image:width\" content=\"900\" \/>\n\t<meta property=\"og:image:height\" content=\"720\" \/>\n\t<meta property=\"og:image:type\" content=\"image\/jpeg\" \/>\n<meta name=\"twitter:card\" content=\"summary_large_image\" \/>\n<meta name=\"twitter:label1\" content=\"Price\" \/>\n\t<meta name=\"twitter:data1\" content=\"&euro;213.00\" \/>\n\t<meta name=\"twitter:label2\" content=\"Availability\" \/>\n\t<meta name=\"twitter:data2\" content=\"In stock\" \/>\n<script type=\"application\/ld+json\" class=\"yoast-schema-graph\">{\"@context\":\"https:\\\/\\\/schema.org\",\"@graph\":[{\"@type\":\"WebPage\",\"@id\":\"https:\\\/\\\/mmkriepas.lv\\\/en\\\/p\\\/255-35r20-kumho-wintercraft-wp72-97w-xl-2\\\/\",\"url\":\"https:\\\/\\\/mmkriepas.lv\\\/en\\\/p\\\/255-35r20-kumho-wintercraft-wp72-97w-xl-2\\\/\",\"name\":\"255\\\/35R20 Kumho WinterCraft WP72 97W XL &#8226; MMK Riepas\",\"isPartOf\":{\"@id\":\"https:\\\/\\\/mmkriepas.lv\\\/en\\\/#website\"},\"primaryImageOfPage\":{\"@id\":\"https:\\\/\\\/mmkriepas.lv\\\/en\\\/p\\\/255-35r20-kumho-wintercraft-wp72-97w-xl-2\\\/#primaryimage\"},\"image\":{\"@id\":\"https:\\\/\\\/mmkriepas.lv\\\/en\\\/p\\\/255-35r20-kumho-wintercraft-wp72-97w-xl-2\\\/#primaryimage\"},\"thumbnailUrl\":\"https:\\\/\\\/mmkriepas.lv\\\/wp-content\\\/uploads\\\/2024\\\/09\\\/KUMHO-WINTERCRAFT-WP72.jpg\",\"datePublished\":\"2023-12-22T12:43:58+00:00\",\"dateModified\":\"2026-03-30T13:20:27+00:00\",\"breadcrumb\":{\"@id\":\"https:\\\/\\\/mmkriepas.lv\\\/en\\\/p\\\/255-35r20-kumho-wintercraft-wp72-97w-xl-2\\\/#breadcrumb\"},\"inLanguage\":\"en-US\",\"potentialAction\":[{\"@type\":\"ReadAction\",\"target\":[\"https:\\\/\\\/mmkriepas.lv\\\/en\\\/p\\\/255-35r20-kumho-wintercraft-wp72-97w-xl-2\\\/\"]}]},{\"@type\":\"ImageObject\",\"inLanguage\":\"en-US\",\"@id\":\"https:\\\/\\\/mmkriepas.lv\\\/en\\\/p\\\/255-35r20-kumho-wintercraft-wp72-97w-xl-2\\\/#primaryimage\",\"url\":\"https:\\\/\\\/mmkriepas.lv\\\/wp-content\\\/uploads\\\/2024\\\/09\\\/KUMHO-WINTERCRAFT-WP72.jpg\",\"contentUrl\":\"https:\\\/\\\/mmkriepas.lv\\\/wp-content\\\/uploads\\\/2024\\\/09\\\/KUMHO-WINTERCRAFT-WP72.jpg\",\"width\":900,\"height\":720,\"caption\":\"MAIN\"},{\"@type\":\"BreadcrumbList\",\"@id\":\"https:\\\/\\\/mmkriepas.lv\\\/en\\\/p\\\/255-35r20-kumho-wintercraft-wp72-97w-xl-2\\\/#breadcrumb\",\"itemListElement\":[{\"@type\":\"ListItem\",\"position\":1,\"name\":\"S\u0101kums\",\"item\":\"https:\\\/\\\/mmkriepas.lv\\\/en\\\/\"},{\"@type\":\"ListItem\",\"position\":2,\"name\":\"255\\\/35R20 Kumho WinterCraft WP72 97W XL\"}]},{\"@type\":\"WebSite\",\"@id\":\"https:\\\/\\\/mmkriepas.lv\\\/en\\\/#website\",\"url\":\"https:\\\/\\\/mmkriepas.lv\\\/en\\\/\",\"name\":\"MMK Riepas\",\"description\":\"MMK Riepas\",\"alternateName\":\"MMK Riepu Serviss\",\"potentialAction\":[{\"@type\":\"SearchAction\",\"target\":{\"@type\":\"EntryPoint\",\"urlTemplate\":\"https:\\\/\\\/mmkriepas.lv\\\/en\\\/?s={search_term_string}\"},\"query-input\":{\"@type\":\"PropertyValueSpecification\",\"valueRequired\":true,\"valueName\":\"search_term_string\"}}],\"inLanguage\":\"en-US\"},{\"@type\":\"ImageObject\",\"inLanguage\":\"en-US\",\"@id\":\"https:\\\/\\\/mmkriepas.lv\\\/en\\\/p\\\/255-35r20-kumho-wintercraft-wp72-97w-xl-2\\\/#local-main-organization-logo\",\"url\":\"\",\"contentUrl\":\"\",\"caption\":\"MMK Riepas\"}]}<\/script>\n<meta property=\"product:brand\" content=\"Kumho WinterCraft WP72\" \/>\n<meta property=\"product:price:amount\" content=\"213.00\" \/>\n<meta property=\"product:price:currency\" content=\"EUR\" \/>\n<meta property=\"og:availability\" content=\"instock\" \/>\n<meta property=\"product:availability\" content=\"instock\" \/>\n<meta property=\"product:retailer_item_id\" content=\"TW2553520Kumho-E32015\" \/>\n<meta property=\"product:condition\" content=\"new\" \/>\n<!-- \/ Yoast SEO Premium plugin. -->","yoast_head_json":{"title":"255\/35R20 Kumho WinterCraft WP72 97W XL &#8226; MMK Riepas","robots":{"index":"index","follow":"follow","max-snippet":"max-snippet:-1","max-image-preview":"max-image-preview:large","max-video-preview":"max-video-preview:-1"},"canonical":"https:\/\/mmkriepas.lv\/en\/p\/255-35r20-kumho-wintercraft-wp72-97w-xl-2\/","og_locale":"en_US","og_type":"article","og_title":"255\/35R20 Kumho WinterCraft WP72 97W XL","og_description":"Kumho WinterCraft WP72 ir \u012bpa\u0161i klusa ziemas riepa, kas izce\u013cas ar t\u0101s, ziemai nerakstur\u012bgo, asimetrisko protektora dizainu. \u0160is modelis paredz\u0113ts sportiskiem auto un dinamiskai brauk\u0161anai.","og_url":"https:\/\/mmkriepas.lv\/en\/p\/255-35r20-kumho-wintercraft-wp72-97w-xl-2\/","og_site_name":"MMK Riepas","article_publisher":"https:\/\/www.facebook.com\/mmkserviss\/","article_modified_time":"2026-03-30T13:20:27+00:00","og_image":[{"width":900,"height":720,"url":"https:\/\/mmkriepas.lv\/wp-content\/uploads\/2024\/09\/KUMHO-WINTERCRAFT-WP72.jpg","type":"image\/jpeg"}],"twitter_card":"summary_large_image","twitter_misc":{"Price":"&euro;213.00","Availability":"In stock"},"schema":{"@context":"https:\/\/schema.org","@graph":[{"@type":"WebPage","@id":"https:\/\/mmkriepas.lv\/en\/p\/255-35r20-kumho-wintercraft-wp72-97w-xl-2\/","url":"https:\/\/mmkriepas.lv\/en\/p\/255-35r20-kumho-wintercraft-wp72-97w-xl-2\/","name":"255\/35R20 Kumho WinterCraft WP72 97W XL &#8226; MMK Riepas","isPartOf":{"@id":"https:\/\/mmkriepas.lv\/en\/#website"},"primaryImageOfPage":{"@id":"https:\/\/mmkriepas.lv\/en\/p\/255-35r20-kumho-wintercraft-wp72-97w-xl-2\/#primaryimage"},"image":{"@id":"https:\/\/mmkriepas.lv\/en\/p\/255-35r20-kumho-wintercraft-wp72-97w-xl-2\/#primaryimage"},"thumbnailUrl":"https:\/\/mmkriepas.lv\/wp-content\/uploads\/2024\/09\/KUMHO-WINTERCRAFT-WP72.jpg","datePublished":"2023-12-22T12:43:58+00:00","dateModified":"2026-03-30T13:20:27+00:00","breadcrumb":{"@id":"https:\/\/mmkriepas.lv\/en\/p\/255-35r20-kumho-wintercraft-wp72-97w-xl-2\/#breadcrumb"},"inLanguage":"en-US","potentialAction":[{"@type":"ReadAction","target":["https:\/\/mmkriepas.lv\/en\/p\/255-35r20-kumho-wintercraft-wp72-97w-xl-2\/"]}]},{"@type":"ImageObject","inLanguage":"en-US","@id":"https:\/\/mmkriepas.lv\/en\/p\/255-35r20-kumho-wintercraft-wp72-97w-xl-2\/#primaryimage","url":"https:\/\/mmkriepas.lv\/wp-content\/uploads\/2024\/09\/KUMHO-WINTERCRAFT-WP72.jpg","contentUrl":"https:\/\/mmkriepas.lv\/wp-content\/uploads\/2024\/09\/KUMHO-WINTERCRAFT-WP72.jpg","width":900,"height":720,"caption":"MAIN"},{"@type":"BreadcrumbList","@id":"https:\/\/mmkriepas.lv\/en\/p\/255-35r20-kumho-wintercraft-wp72-97w-xl-2\/#breadcrumb","itemListElement":[{"@type":"ListItem","position":1,"name":"S\u0101kums","item":"https:\/\/mmkriepas.lv\/en\/"},{"@type":"ListItem","position":2,"name":"255\/35R20 Kumho WinterCraft WP72 97W XL"}]},{"@type":"WebSite","@id":"https:\/\/mmkriepas.lv\/en\/#website","url":"https:\/\/mmkriepas.lv\/en\/","name":"MMK Riepas","description":"MMK Riepas","alternateName":"MMK Riepu Serviss","potentialAction":[{"@type":"SearchAction","target":{"@type":"EntryPoint","urlTemplate":"https:\/\/mmkriepas.lv\/en\/?s={search_term_string}"},"query-input":{"@type":"PropertyValueSpecification","valueRequired":true,"valueName":"search_term_string"}}],"inLanguage":"en-US"},{"@type":"ImageObject","inLanguage":"en-US","@id":"https:\/\/mmkriepas.lv\/en\/p\/255-35r20-kumho-wintercraft-wp72-97w-xl-2\/#local-main-organization-logo","url":"","contentUrl":"","caption":"MMK Riepas"}]},"product_brand":"Kumho WinterCraft WP72","product_price_amount":"213.00","product_price_currency":"EUR","og_availability":"instock","product_availability":"instock","product_retailer_item_id":"TW2553520Kumho-E32015","product_condition":"new"},"_links":{"self":[{"href":"https:\/\/mmkriepas.lv\/en\/wp-json\/wp\/v2\/product\/837551","targetHints":{"allow":["GET"]}}],"collection":[{"href":"https:\/\/mmkriepas.lv\/en\/wp-json\/wp\/v2\/product"}],"about":[{"href":"https:\/\/mmkriepas.lv\/en\/wp-json\/wp\/v2\/types\/product"}],"wp:featuredmedia":[{"embeddable":true,"href":"https:\/\/mmkriepas.lv\/en\/wp-json\/wp\/v2\/media\/1082319"}],"wp:attachment":[{"href":"https:\/\/mmkriepas.lv\/en\/wp-json\/wp\/v2\/media?parent=837551"}],"wp:term":[{"taxonomy":"product_brand","embeddable":true,"href":"https:\/\/mmkriepas.lv\/en\/wp-json\/wp\/v2\/product_brand?post=837551"},{"taxonomy":"product_cat","embeddable":true,"href":"https:\/\/mmkriepas.lv\/en\/wp-json\/wp\/v2\/product_cat?post=837551"},{"taxonomy":"product_tag","embeddable":true,"href":"https:\/\/mmkriepas.lv\/en\/wp-json\/wp\/v2\/product_tag?post=837551"}],"curies":[{"name":"wp","href":"https:\/\/api.w.org\/{rel}","templated":true}]}}