{"id":834979,"date":"2023-12-15T15:19:14","date_gmt":"2023-12-15T13:19:14","guid":{"rendered":"https:\/\/mmkserviss.lv\/?post_type=product&#038;p=834979"},"modified":"2026-02-14T00:45:24","modified_gmt":"2026-02-13T22:45:24","slug":"245-45r20-yokohama-iceguard-ig53-103t-xl","status":"publish","type":"product","link":"https:\/\/mmkriepas.lv\/en\/p\/245-45r20-yokohama-iceguard-ig53-103t-xl\/","title":{"rendered":"245\/45R20 Yokohama ice GUARD iG53 103T XL RPB"},"content":{"rendered":"<p><strong>Yokohama iceGUARD iG53<\/strong> ir Skandin\u0101vijas tipa jeb m\u012bkst\u0101 sast\u0101va riepu modelis, kas paredz\u0113ts brauk\u0161anai skarbos ziemas apst\u0101k\u013cos. \u0160\u012bs riepas izc\u012bn\u012bju\u0161as milz\u012bgu popularit\u0101ti pasaules autobrauc\u0113ju vid\u016b, pateicoties neskait\u0101miem tehnolo\u0123iskiem risin\u0101jumiem, k\u0101 ar\u012b teicamai cenas un veiktsp\u0113jas attiec\u012bbai.<\/p>\n<h3><strong>Yokohama iceGUARD iG53 galven\u0101s iez\u012bmes:<\/strong><\/h3>\n<p>+ Teicama veiktsp\u0113ja skarbos brauk\u0161anas apst\u0101k\u013cos<br \/>+ Uzlabota sa\u0137ere gan snieg\u0101, gan uz ledus<br \/>+ Paaugstin\u0101ta degvielas ekonomija<br \/>+ Jaun\u0101k\u0101s paaudzes Orange Oil S tehnolo\u0123ija riepas gumijas sast\u0101v\u0101<br \/>+ Palielin\u0101ta nodilumiztur\u012bba<br \/>+ Izcila cenas un veiktsp\u0113jas attiec\u012bba<\/p>\n<h3><strong>iceGUARD iG53 apr\u012bkojums<\/strong><\/h3>\n<p><strong>Yokohama iceGUARD iG53<\/strong> ziemas riepu modelis sev\u012b apvieno inovat\u012bvu protektora dizainu un veselu virkni jaun\u0101ko tehnolo\u0123iju, kas pal\u012bdz\u0113s c\u012b\u0146\u0101 pat ar skarb\u0101kajiem brauk\u0161anas apst\u0101k\u013ciem.<\/p>\n<p>Virzienveida protektora blokos iestr\u0101d\u0101ti vair\u0101ki t\u016bksto\u0161i 3D lame\u013cu, kas uzlabo sa\u0137eri snieg\u0101 un uz ledus, k\u0101 ar\u012b nov\u0113r\u0161 nevienm\u0113r\u012bgu protektora bloku sa\u0161\u0137ieb\u0161anos manevr\u0113jot.<\/p>\n<p>Riepas gumijas mais\u012bjumam pievienota virkne elastrom\u0113ru, kas t\u0101s padara sp\u0113j\u012bgas, nezaud\u0113jot elast\u012bbu, adapt\u0113ties pla\u0161am temperat\u016bru diapazonam. Zem protektora izveidots termodinamisks sl\u0101nis, kas ne\u013cauj riepai sakarst, pazeminot degvielas pat\u0113ri\u0146u.<\/p>\n<p><strong>iceGUARD iG53<\/strong> gumija ne tikai saglab\u0101 elast\u012bbu kaulus stindzino\u0161\u0101 sal\u0101, t\u0101 absob\u0113 ar\u012b \u016bdeni, b\u016btiski uzlabojot riepu sa\u0137eri ar ledu<\/p>\n","protected":false},"excerpt":{"rendered":"<p><strong><span style=\"font-family: 'Arial',sans-serif;\">Yokohama iceGUARD iG53<\/span><\/strong><span style=\"font-family: 'Arial',sans-serif;\"> ir Skandin\u0101vijas tipa jeb m\u012bkst\u0101 sast\u0101va riepu modelis, kas paredz\u0113ts brauk\u0161anai skarbos ziemas apst\u0101k\u013cos. \u0160\u012bs riepas izc\u012bn\u012bju\u0161as milz\u012bgu popularit\u0101ti pasaules autobrauc\u0113ju vid\u016b, pateicoties neskait\u0101miem tehnolo\u0123iskiem risin\u0101jumiem, k\u0101 ar\u012b teicamai cenas un veiktsp\u0113jas attiec\u012bbai.<\/span><\/p>\n","protected":false},"featured_media":905766,"template":"","meta":{"_acf_changed":false,"ngg_post_thumbnail":0},"product_brand":[],"product_cat":[47,45],"product_tag":[],"class_list":{"0":"post-834979","1":"product","2":"type-product","3":"status-publish","4":"has-post-thumbnail","6":"product_cat-vissezonas-riepas","7":"product_cat-ziemas-riepas","9":"first","10":"outofstock","11":"sale","12":"taxable","13":"shipping-taxable","14":"product-type-simple"},"acf":[],"yoast_head":"<!-- This site is optimized with the Yoast SEO Premium plugin v22.6 (Yoast SEO v27.3) - https:\/\/yoast.com\/product\/yoast-seo-premium-wordpress\/ -->\n<title>245\/45R20 Yokohama ice GUARD iG53 103T XL RPB &#8226; MMK Riepas<\/title>\n<meta name=\"robots\" content=\"index, follow, max-snippet:-1, max-image-preview:large, max-video-preview:-1\" \/>\n<link rel=\"canonical\" href=\"https:\/\/mmkriepas.lv\/en\/p\/245-45r20-yokohama-iceguard-ig53-103t-xl\/\" \/>\n<meta property=\"og:locale\" content=\"en_US\" \/>\n<meta property=\"og:type\" content=\"article\" \/>\n<meta property=\"og:title\" content=\"245\/45R20 Yokohama ice GUARD iG53 103T XL RPB\" \/>\n<meta property=\"og:description\" content=\"Yokohama iceGUARD iG53 ir Skandin\u0101vijas tipa jeb m\u012bkst\u0101 sast\u0101va riepu modelis, kas paredz\u0113ts brauk\u0161anai skarbos ziemas apst\u0101k\u013cos. \u0160\u012bs riepas izc\u012bn\u012bju\u0161as milz\u012bgu popularit\u0101ti pasaules autobrauc\u0113ju vid\u016b, pateicoties neskait\u0101miem tehnolo\u0123iskiem risin\u0101jumiem, k\u0101 ar\u012b teicamai cenas un veiktsp\u0113jas attiec\u012bbai.\" \/>\n<meta property=\"og:url\" content=\"https:\/\/mmkriepas.lv\/en\/p\/245-45r20-yokohama-iceguard-ig53-103t-xl\/\" \/>\n<meta property=\"og:site_name\" content=\"MMK Riepas\" \/>\n<meta property=\"article:publisher\" content=\"https:\/\/www.facebook.com\/mmkserviss\/\" \/>\n<meta property=\"article:modified_time\" content=\"2026-02-13T22:45:24+00:00\" \/>\n<meta property=\"og:image\" content=\"https:\/\/mmkriepas.lv\/wp-content\/uploads\/2024\/05\/yokohama-iceguard-ig53.jpg\" \/>\n\t<meta property=\"og:image:width\" content=\"900\" \/>\n\t<meta property=\"og:image:height\" content=\"720\" \/>\n\t<meta property=\"og:image:type\" content=\"image\/jpeg\" \/>\n<meta name=\"twitter:card\" content=\"summary_large_image\" \/>\n<meta name=\"twitter:label1\" content=\"Price\" \/>\n\t<meta name=\"twitter:data1\" content=\"&euro;186.00\" \/>\n\t<meta name=\"twitter:label2\" content=\"Availability\" \/>\n\t<meta name=\"twitter:data2\" content=\"Out of stock\" \/>\n<script type=\"application\/ld+json\" class=\"yoast-schema-graph\">{\"@context\":\"https:\\\/\\\/schema.org\",\"@graph\":[{\"@type\":\"WebPage\",\"@id\":\"https:\\\/\\\/mmkriepas.lv\\\/en\\\/p\\\/245-45r20-yokohama-iceguard-ig53-103t-xl\\\/\",\"url\":\"https:\\\/\\\/mmkriepas.lv\\\/en\\\/p\\\/245-45r20-yokohama-iceguard-ig53-103t-xl\\\/\",\"name\":\"245\\\/45R20 Yokohama ice GUARD iG53 103T XL RPB &#8226; MMK Riepas\",\"isPartOf\":{\"@id\":\"https:\\\/\\\/mmkriepas.lv\\\/en\\\/#website\"},\"primaryImageOfPage\":{\"@id\":\"https:\\\/\\\/mmkriepas.lv\\\/en\\\/p\\\/245-45r20-yokohama-iceguard-ig53-103t-xl\\\/#primaryimage\"},\"image\":{\"@id\":\"https:\\\/\\\/mmkriepas.lv\\\/en\\\/p\\\/245-45r20-yokohama-iceguard-ig53-103t-xl\\\/#primaryimage\"},\"thumbnailUrl\":\"https:\\\/\\\/mmkriepas.lv\\\/wp-content\\\/uploads\\\/2024\\\/05\\\/yokohama-iceguard-ig53.jpg\",\"datePublished\":\"2023-12-15T13:19:14+00:00\",\"dateModified\":\"2026-02-13T22:45:24+00:00\",\"breadcrumb\":{\"@id\":\"https:\\\/\\\/mmkriepas.lv\\\/en\\\/p\\\/245-45r20-yokohama-iceguard-ig53-103t-xl\\\/#breadcrumb\"},\"inLanguage\":\"en-US\",\"potentialAction\":[{\"@type\":\"ReadAction\",\"target\":[\"https:\\\/\\\/mmkriepas.lv\\\/en\\\/p\\\/245-45r20-yokohama-iceguard-ig53-103t-xl\\\/\"]}]},{\"@type\":\"ImageObject\",\"inLanguage\":\"en-US\",\"@id\":\"https:\\\/\\\/mmkriepas.lv\\\/en\\\/p\\\/245-45r20-yokohama-iceguard-ig53-103t-xl\\\/#primaryimage\",\"url\":\"https:\\\/\\\/mmkriepas.lv\\\/wp-content\\\/uploads\\\/2024\\\/05\\\/yokohama-iceguard-ig53.jpg\",\"contentUrl\":\"https:\\\/\\\/mmkriepas.lv\\\/wp-content\\\/uploads\\\/2024\\\/05\\\/yokohama-iceguard-ig53.jpg\",\"width\":900,\"height\":720,\"caption\":\"MAIN\"},{\"@type\":\"BreadcrumbList\",\"@id\":\"https:\\\/\\\/mmkriepas.lv\\\/en\\\/p\\\/245-45r20-yokohama-iceguard-ig53-103t-xl\\\/#breadcrumb\",\"itemListElement\":[{\"@type\":\"ListItem\",\"position\":1,\"name\":\"S\u0101kums\",\"item\":\"https:\\\/\\\/mmkriepas.lv\\\/en\\\/\"},{\"@type\":\"ListItem\",\"position\":2,\"name\":\"245\\\/45R20 Yokohama ice GUARD iG53 103T XL RPB\"}]},{\"@type\":\"WebSite\",\"@id\":\"https:\\\/\\\/mmkriepas.lv\\\/en\\\/#website\",\"url\":\"https:\\\/\\\/mmkriepas.lv\\\/en\\\/\",\"name\":\"MMK Riepas\",\"description\":\"MMK Riepas\",\"alternateName\":\"MMK Riepu Serviss\",\"potentialAction\":[{\"@type\":\"SearchAction\",\"target\":{\"@type\":\"EntryPoint\",\"urlTemplate\":\"https:\\\/\\\/mmkriepas.lv\\\/en\\\/?s={search_term_string}\"},\"query-input\":{\"@type\":\"PropertyValueSpecification\",\"valueRequired\":true,\"valueName\":\"search_term_string\"}}],\"inLanguage\":\"en-US\"},{\"@type\":\"ImageObject\",\"inLanguage\":\"en-US\",\"@id\":\"https:\\\/\\\/mmkriepas.lv\\\/en\\\/p\\\/245-45r20-yokohama-iceguard-ig53-103t-xl\\\/#local-main-organization-logo\",\"url\":\"\",\"contentUrl\":\"\",\"caption\":\"MMK Riepas\"}]}<\/script>\n<meta property=\"product:brand\" content=\"Yokohama iceGUARD iG53\" \/>\n<meta property=\"product:price:amount\" content=\"186.00\" \/>\n<meta property=\"product:price:currency\" content=\"EUR\" \/>\n<meta property=\"og:availability\" content=\"out of stock\" \/>\n<meta property=\"product:availability\" content=\"out of stock\" \/>\n<meta property=\"product:retailer_item_id\" content=\"TW2454520YOKOH-31919\" \/>\n<meta property=\"product:condition\" content=\"new\" \/>\n<!-- \/ Yoast SEO Premium plugin. -->","yoast_head_json":{"title":"245\/45R20 Yokohama ice GUARD iG53 103T XL RPB &#8226; MMK Riepas","robots":{"index":"index","follow":"follow","max-snippet":"max-snippet:-1","max-image-preview":"max-image-preview:large","max-video-preview":"max-video-preview:-1"},"canonical":"https:\/\/mmkriepas.lv\/en\/p\/245-45r20-yokohama-iceguard-ig53-103t-xl\/","og_locale":"en_US","og_type":"article","og_title":"245\/45R20 Yokohama ice GUARD iG53 103T XL RPB","og_description":"Yokohama iceGUARD iG53 ir Skandin\u0101vijas tipa jeb m\u012bkst\u0101 sast\u0101va riepu modelis, kas paredz\u0113ts brauk\u0161anai skarbos ziemas apst\u0101k\u013cos. \u0160\u012bs riepas izc\u012bn\u012bju\u0161as milz\u012bgu popularit\u0101ti pasaules autobrauc\u0113ju vid\u016b, pateicoties neskait\u0101miem tehnolo\u0123iskiem risin\u0101jumiem, k\u0101 ar\u012b teicamai cenas un veiktsp\u0113jas attiec\u012bbai.","og_url":"https:\/\/mmkriepas.lv\/en\/p\/245-45r20-yokohama-iceguard-ig53-103t-xl\/","og_site_name":"MMK Riepas","article_publisher":"https:\/\/www.facebook.com\/mmkserviss\/","article_modified_time":"2026-02-13T22:45:24+00:00","og_image":[{"width":900,"height":720,"url":"https:\/\/mmkriepas.lv\/wp-content\/uploads\/2024\/05\/yokohama-iceguard-ig53.jpg","type":"image\/jpeg"}],"twitter_card":"summary_large_image","twitter_misc":{"Price":"&euro;186.00","Availability":"Out of stock"},"schema":{"@context":"https:\/\/schema.org","@graph":[{"@type":"WebPage","@id":"https:\/\/mmkriepas.lv\/en\/p\/245-45r20-yokohama-iceguard-ig53-103t-xl\/","url":"https:\/\/mmkriepas.lv\/en\/p\/245-45r20-yokohama-iceguard-ig53-103t-xl\/","name":"245\/45R20 Yokohama ice GUARD iG53 103T XL RPB &#8226; MMK Riepas","isPartOf":{"@id":"https:\/\/mmkriepas.lv\/en\/#website"},"primaryImageOfPage":{"@id":"https:\/\/mmkriepas.lv\/en\/p\/245-45r20-yokohama-iceguard-ig53-103t-xl\/#primaryimage"},"image":{"@id":"https:\/\/mmkriepas.lv\/en\/p\/245-45r20-yokohama-iceguard-ig53-103t-xl\/#primaryimage"},"thumbnailUrl":"https:\/\/mmkriepas.lv\/wp-content\/uploads\/2024\/05\/yokohama-iceguard-ig53.jpg","datePublished":"2023-12-15T13:19:14+00:00","dateModified":"2026-02-13T22:45:24+00:00","breadcrumb":{"@id":"https:\/\/mmkriepas.lv\/en\/p\/245-45r20-yokohama-iceguard-ig53-103t-xl\/#breadcrumb"},"inLanguage":"en-US","potentialAction":[{"@type":"ReadAction","target":["https:\/\/mmkriepas.lv\/en\/p\/245-45r20-yokohama-iceguard-ig53-103t-xl\/"]}]},{"@type":"ImageObject","inLanguage":"en-US","@id":"https:\/\/mmkriepas.lv\/en\/p\/245-45r20-yokohama-iceguard-ig53-103t-xl\/#primaryimage","url":"https:\/\/mmkriepas.lv\/wp-content\/uploads\/2024\/05\/yokohama-iceguard-ig53.jpg","contentUrl":"https:\/\/mmkriepas.lv\/wp-content\/uploads\/2024\/05\/yokohama-iceguard-ig53.jpg","width":900,"height":720,"caption":"MAIN"},{"@type":"BreadcrumbList","@id":"https:\/\/mmkriepas.lv\/en\/p\/245-45r20-yokohama-iceguard-ig53-103t-xl\/#breadcrumb","itemListElement":[{"@type":"ListItem","position":1,"name":"S\u0101kums","item":"https:\/\/mmkriepas.lv\/en\/"},{"@type":"ListItem","position":2,"name":"245\/45R20 Yokohama ice GUARD iG53 103T XL RPB"}]},{"@type":"WebSite","@id":"https:\/\/mmkriepas.lv\/en\/#website","url":"https:\/\/mmkriepas.lv\/en\/","name":"MMK Riepas","description":"MMK Riepas","alternateName":"MMK Riepu Serviss","potentialAction":[{"@type":"SearchAction","target":{"@type":"EntryPoint","urlTemplate":"https:\/\/mmkriepas.lv\/en\/?s={search_term_string}"},"query-input":{"@type":"PropertyValueSpecification","valueRequired":true,"valueName":"search_term_string"}}],"inLanguage":"en-US"},{"@type":"ImageObject","inLanguage":"en-US","@id":"https:\/\/mmkriepas.lv\/en\/p\/245-45r20-yokohama-iceguard-ig53-103t-xl\/#local-main-organization-logo","url":"","contentUrl":"","caption":"MMK Riepas"}]},"product_brand":"Yokohama iceGUARD iG53","product_price_amount":"186.00","product_price_currency":"EUR","og_availability":"out of stock","product_availability":"out of stock","product_retailer_item_id":"TW2454520YOKOH-31919","product_condition":"new"},"_links":{"self":[{"href":"https:\/\/mmkriepas.lv\/en\/wp-json\/wp\/v2\/product\/834979","targetHints":{"allow":["GET"]}}],"collection":[{"href":"https:\/\/mmkriepas.lv\/en\/wp-json\/wp\/v2\/product"}],"about":[{"href":"https:\/\/mmkriepas.lv\/en\/wp-json\/wp\/v2\/types\/product"}],"wp:featuredmedia":[{"embeddable":true,"href":"https:\/\/mmkriepas.lv\/en\/wp-json\/wp\/v2\/media\/905766"}],"wp:attachment":[{"href":"https:\/\/mmkriepas.lv\/en\/wp-json\/wp\/v2\/media?parent=834979"}],"wp:term":[{"taxonomy":"product_brand","embeddable":true,"href":"https:\/\/mmkriepas.lv\/en\/wp-json\/wp\/v2\/product_brand?post=834979"},{"taxonomy":"product_cat","embeddable":true,"href":"https:\/\/mmkriepas.lv\/en\/wp-json\/wp\/v2\/product_cat?post=834979"},{"taxonomy":"product_tag","embeddable":true,"href":"https:\/\/mmkriepas.lv\/en\/wp-json\/wp\/v2\/product_tag?post=834979"}],"curies":[{"name":"wp","href":"https:\/\/api.w.org\/{rel}","templated":true}]}}