{"id":833357,"date":"2023-12-10T17:22:03","date_gmt":"2023-12-10T15:22:03","guid":{"rendered":"https:\/\/mmkserviss.lv\/?post_type=product&#038;p=833357"},"modified":"2026-03-27T13:44:59","modified_gmt":"2026-03-27T11:44:59","slug":"185-65r15-lassa-iceways-2-88t-bridgestone","status":"publish","type":"product","link":"https:\/\/mmkriepas.lv\/en\/p\/185-65r15-lassa-iceways-2-88t-bridgestone\/","title":{"rendered":"185\/65R15 Lassa Iceways 2 88T (Bridgestone)"},"content":{"rendered":"<p><strong>Lassa Iceways 2<\/strong> ir rad\u017eojama ziemas riepa, kas paredz\u0113ta kompaktiem vieglajiem auto un piem\u0113rota brauk\u0161anai visai skarbos ziemas apst\u0101k\u013cos. Paties\u012bb\u0101, t\u0101 ir <strong>Bridgestone Ice Cruiser 7000 kopija- <\/strong>Jap\u0101\u0146u riepu gigants Bridgestone ir viens no Lassa \u012bpa\u0161niekiem.\u00a0 \u0160is modelis izce\u013cas ar lab\u0101m veiktsp\u0113jas \u012bpa\u0161\u012bb\u0101m jebk\u0101dos brauk\u0161anas apst\u0101k\u013cos, pastiprin\u0101tu rad\u017eu fiks\u0101ciju un uzticam\u012bbu pat visnelabv\u0113l\u012bg\u0101kajos brauk\u0161anas apst\u0101k\u013cos, pateicoties izgatavo\u0161an\u0101 izmantotaj\u0101m Bridgestone tehnolo\u0123ij\u0101m.<\/p>\n<h3><strong>Lassa Iceways 2 galven\u0101s iez\u012bmes<\/strong><\/h3>\n<p>+Pastiprin\u0101ta riepas centr\u0101l\u0101 riba, kas uzlabo stabilit\u0101ti un manevr\u0113tsp\u0113ju.<\/p>\n<p>+\u012apa\u0161s dren\u0101\u017eas rievu izvietojums uzlabo sa\u0137eres \u012bpa\u0161\u012bbas.<\/p>\n<p>+P\u0101rliecino\u0161a sa\u0137ere uz ledus, pateicoties vair\u0101kiem t\u016bksto\u0161iem lame\u013cu un vair\u0101k k\u0101 simts radz\u0113m.<\/p>\n<p>+Protektors veidots divos sl\u0101\u0146os lab\u0101kai rad\u017eu fiks\u0101cijai.<\/p>\n<h3><strong>Protektora \u012bpa\u0161\u012bbas<\/strong><\/h3>\n<p>\u0160\u012b mode\u013ca protektora blokos iestr\u0101d\u0101ti vair\u0101ki <strong>t\u016bksto\u0161i lame\u013cu un vair\u0101k k\u0101 100 radze<\/strong>s, lai palielin\u0101tu manevr\u0113tsp\u0113ju un vilktni, un sa\u012bsin\u0101tu bremz\u0113\u0161anas ce\u013cu uz apledoju\u0161a ce\u013ca, turkl\u0101t protektora bloki izvietoti t\u0101, ka starp tiem veidojas pla\u0161i dren\u0101\u017eas kan\u0101li. \u0160ie kan\u0101li izvietoti neliel\u0101 le\u0146\u0137\u012b, t\u0101d\u0113j\u0101di tie veido papildus sa\u0137eri ar sniegu un pal\u012bdz izvair\u012bties no s\u0101nsl\u012bd\u0113m. Riepas centr\u0101l\u0101 protektora bloku virkne jeb riba ir ciet\u0101ka par p\u0101r\u0113jiem elementiem, lai riepu padar\u012btu stabil\u0101ku, manevr\u0113tsp\u0113j\u012bg\u0101ku un kalpotsp\u0113j\u012bg\u0101ku.\u00a0 <strong>\u0160is modelis ir pieejams gan ar radz\u0113m, gan ar\u012b bez t\u0101m!<\/strong><\/p>\n<p><strong>Lassa Iceways 2 <\/strong>mode\u013ca lieto\u0161anas dro\u0161\u012bbu ziemas laika apst\u0101k\u013cos un t\u0101 atbilst\u012bbu valst\u012bm ar oblig\u0101tu sezon\u0101lo riepu mai\u0146u apstiprina mar\u0137\u0113jums sniegp\u0101rslas form\u0101 uz kalna fona ar trim virsotn\u0113m (3PMSF).<\/p>\n","protected":false},"excerpt":{"rendered":"<p><strong>Lassa Iceways 2<\/strong> ir rad\u017eojama ziemas riepa, kas paredz\u0113ta kompaktiem vieglajiem auto un piem\u0113rota brauk\u0161anai visai skarbos ziemas apst\u0101k\u013cos. Paties\u012bb\u0101, t\u0101 ir <strong>Bridgestone Ice Cruiser 7000 kopija- <\/strong>Jap\u0101\u0146u riepu gigants Bridgestone ir viens no Lassa \u012bpa\u0161niekiem.\u00a0 \u0160is modelis izce\u013cas ar lab\u0101m veiktsp\u0113jas \u012bpa\u0161\u012bb\u0101m jebk\u0101dos brauk\u0161anas apst\u0101k\u013cos, pastiprin\u0101tu rad\u017eu fiks\u0101ciju un uzticam\u012bbu pat visnelabv\u0113l\u012bg\u0101kajos brauk\u0161anas apst\u0101k\u013cos, pateicoties izgatavo\u0161an\u0101 izmantotaj\u0101m Bridgestone tehnolo\u0123ij\u0101m.<\/p>\n","protected":false},"featured_media":314252,"template":"","meta":{"_acf_changed":false,"ngg_post_thumbnail":0},"product_brand":[],"product_cat":[47,45],"product_tag":[],"class_list":{"0":"post-833357","1":"product","2":"type-product","3":"status-publish","4":"has-post-thumbnail","6":"product_cat-vissezonas-riepas","7":"product_cat-ziemas-riepas","9":"first","10":"instock","11":"sale","12":"taxable","13":"shipping-taxable","14":"purchasable","15":"product-type-simple"},"acf":[],"yoast_head":"<!-- This site is optimized with the Yoast SEO Premium plugin v22.6 (Yoast SEO v27.3) - https:\/\/yoast.com\/product\/yoast-seo-premium-wordpress\/ -->\n<title>185\/65R15 Lassa Iceways 2 88T (Bridgestone) &#8226; MMK Riepas<\/title>\n<meta name=\"robots\" content=\"index, follow, max-snippet:-1, max-image-preview:large, max-video-preview:-1\" \/>\n<link rel=\"canonical\" href=\"https:\/\/mmkriepas.lv\/en\/p\/185-65r15-lassa-iceways-2-88t-bridgestone\/\" \/>\n<meta property=\"og:locale\" content=\"en_US\" \/>\n<meta property=\"og:type\" content=\"article\" \/>\n<meta property=\"og:title\" content=\"185\/65R15 Lassa Iceways 2 88T (Bridgestone)\" \/>\n<meta property=\"og:description\" content=\"Lassa Iceways 2 ir rad\u017eojama ziemas riepa, kas paredz\u0113ta kompaktiem vieglajiem auto un piem\u0113rota brauk\u0161anai visai skarbos ziemas apst\u0101k\u013cos. Paties\u012bb\u0101, t\u0101 ir Bridgestone Ice Cruiser 7000 kopija- Jap\u0101\u0146u riepu gigants Bridgestone ir viens no Lassa \u012bpa\u0161niekiem.\u00a0 \u0160is modelis izce\u013cas ar lab\u0101m veiktsp\u0113jas \u012bpa\u0161\u012bb\u0101m jebk\u0101dos brauk\u0161anas apst\u0101k\u013cos, pastiprin\u0101tu rad\u017eu fiks\u0101ciju un uzticam\u012bbu pat visnelabv\u0113l\u012bg\u0101kajos brauk\u0161anas apst\u0101k\u013cos, pateicoties izgatavo\u0161an\u0101 izmantotaj\u0101m Bridgestone tehnolo\u0123ij\u0101m.\" \/>\n<meta property=\"og:url\" content=\"https:\/\/mmkriepas.lv\/en\/p\/185-65r15-lassa-iceways-2-88t-bridgestone\/\" \/>\n<meta property=\"og:site_name\" content=\"MMK Riepas\" \/>\n<meta property=\"article:publisher\" content=\"https:\/\/www.facebook.com\/mmkserviss\/\" \/>\n<meta property=\"article:modified_time\" content=\"2026-03-27T11:44:59+00:00\" \/>\n<meta property=\"og:image\" content=\"https:\/\/mmkriepas.lv\/wp-content\/uploads\/2022\/09\/17565r14-lassa-iceways-2-82t-ziemas-riepas-2.jpg\" \/>\n\t<meta property=\"og:image:width\" content=\"1920\" \/>\n\t<meta property=\"og:image:height\" content=\"1440\" \/>\n\t<meta property=\"og:image:type\" content=\"image\/jpeg\" \/>\n<meta name=\"twitter:card\" content=\"summary_large_image\" \/>\n<meta name=\"twitter:label1\" content=\"Price\" \/>\n\t<meta name=\"twitter:data1\" content=\"&euro;65.00\" \/>\n\t<meta name=\"twitter:label2\" content=\"Availability\" \/>\n\t<meta name=\"twitter:data2\" content=\"In stock\" \/>\n<script type=\"application\/ld+json\" class=\"yoast-schema-graph\">{\"@context\":\"https:\\\/\\\/schema.org\",\"@graph\":[{\"@type\":\"WebPage\",\"@id\":\"https:\\\/\\\/mmkriepas.lv\\\/en\\\/p\\\/185-65r15-lassa-iceways-2-88t-bridgestone\\\/\",\"url\":\"https:\\\/\\\/mmkriepas.lv\\\/en\\\/p\\\/185-65r15-lassa-iceways-2-88t-bridgestone\\\/\",\"name\":\"185\\\/65R15 Lassa Iceways 2 88T (Bridgestone) &#8226; MMK Riepas\",\"isPartOf\":{\"@id\":\"https:\\\/\\\/mmkriepas.lv\\\/en\\\/#website\"},\"primaryImageOfPage\":{\"@id\":\"https:\\\/\\\/mmkriepas.lv\\\/en\\\/p\\\/185-65r15-lassa-iceways-2-88t-bridgestone\\\/#primaryimage\"},\"image\":{\"@id\":\"https:\\\/\\\/mmkriepas.lv\\\/en\\\/p\\\/185-65r15-lassa-iceways-2-88t-bridgestone\\\/#primaryimage\"},\"thumbnailUrl\":\"https:\\\/\\\/mmkriepas.lv\\\/wp-content\\\/uploads\\\/2022\\\/09\\\/17565r14-lassa-iceways-2-82t-ziemas-riepas-2.jpg\",\"datePublished\":\"2023-12-10T15:22:03+00:00\",\"dateModified\":\"2026-03-27T11:44:59+00:00\",\"breadcrumb\":{\"@id\":\"https:\\\/\\\/mmkriepas.lv\\\/en\\\/p\\\/185-65r15-lassa-iceways-2-88t-bridgestone\\\/#breadcrumb\"},\"inLanguage\":\"en-US\",\"potentialAction\":[{\"@type\":\"ReadAction\",\"target\":[\"https:\\\/\\\/mmkriepas.lv\\\/en\\\/p\\\/185-65r15-lassa-iceways-2-88t-bridgestone\\\/\"]}]},{\"@type\":\"ImageObject\",\"inLanguage\":\"en-US\",\"@id\":\"https:\\\/\\\/mmkriepas.lv\\\/en\\\/p\\\/185-65r15-lassa-iceways-2-88t-bridgestone\\\/#primaryimage\",\"url\":\"https:\\\/\\\/mmkriepas.lv\\\/wp-content\\\/uploads\\\/2022\\\/09\\\/17565r14-lassa-iceways-2-82t-ziemas-riepas-2.jpg\",\"contentUrl\":\"https:\\\/\\\/mmkriepas.lv\\\/wp-content\\\/uploads\\\/2022\\\/09\\\/17565r14-lassa-iceways-2-82t-ziemas-riepas-2.jpg\",\"width\":1920,\"height\":1440,\"caption\":\"175\\\/65R14 Lassa Iceways 2 82T - Vissezonas riepas \\\/ Ziemas riepas\"},{\"@type\":\"BreadcrumbList\",\"@id\":\"https:\\\/\\\/mmkriepas.lv\\\/en\\\/p\\\/185-65r15-lassa-iceways-2-88t-bridgestone\\\/#breadcrumb\",\"itemListElement\":[{\"@type\":\"ListItem\",\"position\":1,\"name\":\"S\u0101kums\",\"item\":\"https:\\\/\\\/mmkriepas.lv\\\/en\\\/\"},{\"@type\":\"ListItem\",\"position\":2,\"name\":\"185\\\/65R15 Lassa Iceways 2 88T (Bridgestone)\"}]},{\"@type\":\"WebSite\",\"@id\":\"https:\\\/\\\/mmkriepas.lv\\\/en\\\/#website\",\"url\":\"https:\\\/\\\/mmkriepas.lv\\\/en\\\/\",\"name\":\"MMK Riepas\",\"description\":\"MMK Riepas\",\"alternateName\":\"MMK Riepu Serviss\",\"potentialAction\":[{\"@type\":\"SearchAction\",\"target\":{\"@type\":\"EntryPoint\",\"urlTemplate\":\"https:\\\/\\\/mmkriepas.lv\\\/en\\\/?s={search_term_string}\"},\"query-input\":{\"@type\":\"PropertyValueSpecification\",\"valueRequired\":true,\"valueName\":\"search_term_string\"}}],\"inLanguage\":\"en-US\"},{\"@type\":\"ImageObject\",\"inLanguage\":\"en-US\",\"@id\":\"https:\\\/\\\/mmkriepas.lv\\\/en\\\/p\\\/185-65r15-lassa-iceways-2-88t-bridgestone\\\/#local-main-organization-logo\",\"url\":\"\",\"contentUrl\":\"\",\"caption\":\"MMK Riepas\"}]}<\/script>\n<meta property=\"product:brand\" content=\"Lassa Iceways 2\" \/>\n<meta property=\"product:price:amount\" content=\"65.00\" \/>\n<meta property=\"product:price:currency\" content=\"EUR\" \/>\n<meta property=\"og:availability\" content=\"instock\" \/>\n<meta property=\"product:availability\" content=\"instock\" \/>\n<meta property=\"product:retailer_item_id\" content=\"TW1856515LASSA-L31819\" \/>\n<meta property=\"product:condition\" content=\"new\" \/>\n<!-- \/ Yoast SEO Premium plugin. -->","yoast_head_json":{"title":"185\/65R15 Lassa Iceways 2 88T (Bridgestone) &#8226; MMK Riepas","robots":{"index":"index","follow":"follow","max-snippet":"max-snippet:-1","max-image-preview":"max-image-preview:large","max-video-preview":"max-video-preview:-1"},"canonical":"https:\/\/mmkriepas.lv\/en\/p\/185-65r15-lassa-iceways-2-88t-bridgestone\/","og_locale":"en_US","og_type":"article","og_title":"185\/65R15 Lassa Iceways 2 88T (Bridgestone)","og_description":"Lassa Iceways 2 ir rad\u017eojama ziemas riepa, kas paredz\u0113ta kompaktiem vieglajiem auto un piem\u0113rota brauk\u0161anai visai skarbos ziemas apst\u0101k\u013cos. Paties\u012bb\u0101, t\u0101 ir Bridgestone Ice Cruiser 7000 kopija- Jap\u0101\u0146u riepu gigants Bridgestone ir viens no Lassa \u012bpa\u0161niekiem.\u00a0 \u0160is modelis izce\u013cas ar lab\u0101m veiktsp\u0113jas \u012bpa\u0161\u012bb\u0101m jebk\u0101dos brauk\u0161anas apst\u0101k\u013cos, pastiprin\u0101tu rad\u017eu fiks\u0101ciju un uzticam\u012bbu pat visnelabv\u0113l\u012bg\u0101kajos brauk\u0161anas apst\u0101k\u013cos, pateicoties izgatavo\u0161an\u0101 izmantotaj\u0101m Bridgestone tehnolo\u0123ij\u0101m.","og_url":"https:\/\/mmkriepas.lv\/en\/p\/185-65r15-lassa-iceways-2-88t-bridgestone\/","og_site_name":"MMK Riepas","article_publisher":"https:\/\/www.facebook.com\/mmkserviss\/","article_modified_time":"2026-03-27T11:44:59+00:00","og_image":[{"width":1920,"height":1440,"url":"https:\/\/mmkriepas.lv\/wp-content\/uploads\/2022\/09\/17565r14-lassa-iceways-2-82t-ziemas-riepas-2.jpg","type":"image\/jpeg"}],"twitter_card":"summary_large_image","twitter_misc":{"Price":"&euro;65.00","Availability":"In stock"},"schema":{"@context":"https:\/\/schema.org","@graph":[{"@type":"WebPage","@id":"https:\/\/mmkriepas.lv\/en\/p\/185-65r15-lassa-iceways-2-88t-bridgestone\/","url":"https:\/\/mmkriepas.lv\/en\/p\/185-65r15-lassa-iceways-2-88t-bridgestone\/","name":"185\/65R15 Lassa Iceways 2 88T (Bridgestone) &#8226; MMK Riepas","isPartOf":{"@id":"https:\/\/mmkriepas.lv\/en\/#website"},"primaryImageOfPage":{"@id":"https:\/\/mmkriepas.lv\/en\/p\/185-65r15-lassa-iceways-2-88t-bridgestone\/#primaryimage"},"image":{"@id":"https:\/\/mmkriepas.lv\/en\/p\/185-65r15-lassa-iceways-2-88t-bridgestone\/#primaryimage"},"thumbnailUrl":"https:\/\/mmkriepas.lv\/wp-content\/uploads\/2022\/09\/17565r14-lassa-iceways-2-82t-ziemas-riepas-2.jpg","datePublished":"2023-12-10T15:22:03+00:00","dateModified":"2026-03-27T11:44:59+00:00","breadcrumb":{"@id":"https:\/\/mmkriepas.lv\/en\/p\/185-65r15-lassa-iceways-2-88t-bridgestone\/#breadcrumb"},"inLanguage":"en-US","potentialAction":[{"@type":"ReadAction","target":["https:\/\/mmkriepas.lv\/en\/p\/185-65r15-lassa-iceways-2-88t-bridgestone\/"]}]},{"@type":"ImageObject","inLanguage":"en-US","@id":"https:\/\/mmkriepas.lv\/en\/p\/185-65r15-lassa-iceways-2-88t-bridgestone\/#primaryimage","url":"https:\/\/mmkriepas.lv\/wp-content\/uploads\/2022\/09\/17565r14-lassa-iceways-2-82t-ziemas-riepas-2.jpg","contentUrl":"https:\/\/mmkriepas.lv\/wp-content\/uploads\/2022\/09\/17565r14-lassa-iceways-2-82t-ziemas-riepas-2.jpg","width":1920,"height":1440,"caption":"175\/65R14 Lassa Iceways 2 82T - Vissezonas riepas \/ Ziemas riepas"},{"@type":"BreadcrumbList","@id":"https:\/\/mmkriepas.lv\/en\/p\/185-65r15-lassa-iceways-2-88t-bridgestone\/#breadcrumb","itemListElement":[{"@type":"ListItem","position":1,"name":"S\u0101kums","item":"https:\/\/mmkriepas.lv\/en\/"},{"@type":"ListItem","position":2,"name":"185\/65R15 Lassa Iceways 2 88T (Bridgestone)"}]},{"@type":"WebSite","@id":"https:\/\/mmkriepas.lv\/en\/#website","url":"https:\/\/mmkriepas.lv\/en\/","name":"MMK Riepas","description":"MMK Riepas","alternateName":"MMK Riepu Serviss","potentialAction":[{"@type":"SearchAction","target":{"@type":"EntryPoint","urlTemplate":"https:\/\/mmkriepas.lv\/en\/?s={search_term_string}"},"query-input":{"@type":"PropertyValueSpecification","valueRequired":true,"valueName":"search_term_string"}}],"inLanguage":"en-US"},{"@type":"ImageObject","inLanguage":"en-US","@id":"https:\/\/mmkriepas.lv\/en\/p\/185-65r15-lassa-iceways-2-88t-bridgestone\/#local-main-organization-logo","url":"","contentUrl":"","caption":"MMK Riepas"}]},"product_brand":"Lassa Iceways 2","product_price_amount":"65.00","product_price_currency":"EUR","og_availability":"instock","product_availability":"instock","product_retailer_item_id":"TW1856515LASSA-L31819","product_condition":"new"},"_links":{"self":[{"href":"https:\/\/mmkriepas.lv\/en\/wp-json\/wp\/v2\/product\/833357","targetHints":{"allow":["GET"]}}],"collection":[{"href":"https:\/\/mmkriepas.lv\/en\/wp-json\/wp\/v2\/product"}],"about":[{"href":"https:\/\/mmkriepas.lv\/en\/wp-json\/wp\/v2\/types\/product"}],"wp:featuredmedia":[{"embeddable":true,"href":"https:\/\/mmkriepas.lv\/en\/wp-json\/wp\/v2\/media\/314252"}],"wp:attachment":[{"href":"https:\/\/mmkriepas.lv\/en\/wp-json\/wp\/v2\/media?parent=833357"}],"wp:term":[{"taxonomy":"product_brand","embeddable":true,"href":"https:\/\/mmkriepas.lv\/en\/wp-json\/wp\/v2\/product_brand?post=833357"},{"taxonomy":"product_cat","embeddable":true,"href":"https:\/\/mmkriepas.lv\/en\/wp-json\/wp\/v2\/product_cat?post=833357"},{"taxonomy":"product_tag","embeddable":true,"href":"https:\/\/mmkriepas.lv\/en\/wp-json\/wp\/v2\/product_tag?post=833357"}],"curies":[{"name":"wp","href":"https:\/\/api.w.org\/{rel}","templated":true}]}}