{"id":831519,"date":"2023-12-04T20:48:04","date_gmt":"2023-12-04T18:48:04","guid":{"rendered":"https:\/\/mmkserviss.lv\/?post_type=product&#038;p=831519"},"modified":"2026-03-30T14:36:58","modified_gmt":"2026-03-30T11:36:58","slug":"245-65r17-goodride-sw628-107t","status":"publish","type":"product","link":"https:\/\/mmkriepas.lv\/en\/p\/245-65r17-goodride-sw628-107t\/","title":{"rendered":"245\/65R17 Goodride SW628 107T"},"content":{"rendered":"<p class=\"western\" align=\"left\"><span style=\"font-family: Arial, sans-serif;\"><span style=\"font-size: small;\"><b><span>Goodride SW628<\/span><\/b><span> ir Skandin\u0101vijas tipa ziemas riepu modelis ar asimetrisku protektora rakstu. Tas izce\u013cas ar paaugstin\u0101tu veiktsp\u0113ju skarbos brauk\u0161anas apst\u0101k\u013cos, k\u0101 ar\u012b pazemin\u0101tu degvielas pat\u0113ri\u0146u un trok\u0161\u0146a l\u012bmeni.<\/span><\/span><\/span><\/p>\n<h3 class=\"western\" align=\"left\"><span style=\"font-family: Arial, sans-serif;\"><span>Goodride SW628 galven\u0101s iez\u012bmes:<\/span><\/span><\/h3>\n<p class=\"western\" align=\"left\"><span style=\"font-family: Arial, sans-serif;\"><span>+ Zems trok\u0161\u0146a l\u012bmenis,<\/span><\/span><\/p>\n<p class=\"western\" align=\"left\"><span style=\"font-family: Arial, sans-serif;\"><span>+ Palielin\u0101ta nodilumiztur\u012bba,<\/span><\/span><\/p>\n<p class=\"western\" align=\"left\"><span style=\"font-family: Arial, sans-serif;\"><span>+ Pazemin\u0101ta rites pretest\u012bba, kas rezult\u0113jas zem\u0101k\u0101 degvielas pat\u0113ri\u0146\u0101,<\/span><\/span><\/p>\n<p class=\"western\" align=\"left\"><span style=\"font-family: Arial, sans-serif;\"><span>+ Lieliska sa\u0137ere un manevr\u0113tsp\u0113ja gan snieg\u0101, gan uz ledus,<\/span><\/span><\/p>\n<p class=\"western\" align=\"left\"><span style=\"font-family: Arial, sans-serif;\"><span>+ Uzlabots riepu gumijas sast\u0101vs.<\/span><\/span><\/p>\n<h3 class=\"western\" align=\"left\"><span style=\"font-family: Arial, sans-serif;\"><span>SW628 apr\u012bkojums<\/span><\/span><\/h3>\n<p class=\"western\" align=\"left\"><span style=\"font-family: Arial, sans-serif;\"><span>Goodride SW628 riepas apr\u012bkotas ar asimetrisku protektora rakstu, kas vienlaikus lieliski izvada sniegu un \u016bdeni no kontakta virsmas, samazinot akvaplan\u0113\u0161anas risku, un samazina trok\u0161\u0146a l\u012bmeni.<\/span><\/span><\/p>\n<p class=\"western\" align=\"left\"><span style=\"font-family: Arial, sans-serif;\"><span>SW628 izgatavotas no \u012bpa\u0161i augstv\u0113rt\u012bga kompoz\u012btmateri\u0101la, kas nezaud\u0113 elast\u012bbu zem\u0101 gaisa temperat\u016br\u0101, nodro\u0161inot sa\u0137eri pat skarbos ziemas brauk\u0161anas apst\u0101k\u013cos.<\/span><\/span><\/p>\n<p class=\"western\" align=\"left\"><span style=\"font-family: Arial, sans-serif;\"><span>Riepas protektora blokos iestr\u0101d\u0101tas lameles, kas sausina riepas kontakta virsmu ar ce\u013cu, b\u016btiski uzlabojot sa\u0137eri ar ledu, k\u0101 ar\u012b ar kant\u0113m ie\u0137eras ledus virsm\u0101.<\/span><\/span><\/p>\n<p class=\"western\" align=\"left\"><span style=\"color: #c9211e;\"><span style=\"font-family: Arial, serif;\">M<\/span><\/span><span style=\"color: #c9211e;\"><span style=\"font-family: Arial, serif;\"><span>ode\u013ca lieto\u0161anas dro\u0161\u012bbu ziemas laika apst\u0101k\u013cos un t\u0101 atbilst\u012bbu valst\u012bm ar oblig\u0101tu sezon\u0101lo riepu mai\u0146u apstiprina mar\u0137\u0113jums sniegp\u0101rslas form\u0101 uz kalna fona ar trim virsotn\u0113m (3PMSF). <\/span><\/span><\/span><\/p>\n","protected":false},"excerpt":{"rendered":"<p><span style=\"font-family: Arial, sans-serif;\"><span style=\"font-size: small;\"><b><span>Goodride SW628<\/span><\/b><span> ir Skandin\u0101vijas tipa ziemas riepu modelis ar asimetrisku protektora rakstu. Tas izce\u013cas ar paaugstin\u0101tu veiktsp\u0113ju skarbos brauk\u0161anas apst\u0101k\u013cos, k\u0101 ar\u012b pazemin\u0101tu degvielas pat\u0113ri\u0146u un trok\u0161\u0146a l\u012bmeni.<\/span><\/span><\/span><\/p>\n","protected":false},"featured_media":822358,"template":"","meta":{"_acf_changed":false,"ngg_post_thumbnail":0},"product_brand":[],"product_cat":[47,45],"product_tag":[],"class_list":{"0":"post-831519","1":"product","2":"type-product","3":"status-publish","4":"has-post-thumbnail","6":"product_cat-vissezonas-riepas","7":"product_cat-ziemas-riepas","9":"first","10":"instock","11":"sale","12":"taxable","13":"shipping-taxable","14":"purchasable","15":"product-type-simple"},"acf":[],"yoast_head":"<!-- This site is optimized with the Yoast SEO Premium plugin v22.6 (Yoast SEO v27.3) - https:\/\/yoast.com\/product\/yoast-seo-premium-wordpress\/ -->\n<title>245\/65R17 Goodride SW628 107T &#8226; MMK Riepas<\/title>\n<meta name=\"robots\" content=\"index, follow, max-snippet:-1, max-image-preview:large, max-video-preview:-1\" \/>\n<link rel=\"canonical\" href=\"https:\/\/mmkriepas.lv\/en\/p\/245-65r17-goodride-sw628-107t\/\" \/>\n<meta property=\"og:locale\" content=\"en_US\" \/>\n<meta property=\"og:type\" content=\"article\" \/>\n<meta property=\"og:title\" content=\"245\/65R17 Goodride SW628 107T\" \/>\n<meta property=\"og:description\" content=\"Goodride SW628 ir Skandin\u0101vijas tipa ziemas riepu modelis ar asimetrisku protektora rakstu. Tas izce\u013cas ar paaugstin\u0101tu veiktsp\u0113ju skarbos brauk\u0161anas apst\u0101k\u013cos, k\u0101 ar\u012b pazemin\u0101tu degvielas pat\u0113ri\u0146u un trok\u0161\u0146a l\u012bmeni.\" \/>\n<meta property=\"og:url\" content=\"https:\/\/mmkriepas.lv\/en\/p\/245-65r17-goodride-sw628-107t\/\" \/>\n<meta property=\"og:site_name\" content=\"MMK Riepas\" \/>\n<meta property=\"article:publisher\" content=\"https:\/\/www.facebook.com\/mmkserviss\/\" \/>\n<meta property=\"article:modified_time\" content=\"2026-03-30T11:36:58+00:00\" \/>\n<meta property=\"og:image\" content=\"https:\/\/mmkriepas.lv\/wp-content\/uploads\/2023\/11\/21550r18-goodride-sw628-92h-ziemas-riepas-2.jpg\" \/>\n\t<meta property=\"og:image:width\" content=\"1920\" \/>\n\t<meta property=\"og:image:height\" content=\"1920\" \/>\n\t<meta property=\"og:image:type\" content=\"image\/jpeg\" \/>\n<meta name=\"twitter:card\" content=\"summary_large_image\" \/>\n<meta name=\"twitter:label1\" content=\"Price\" \/>\n\t<meta name=\"twitter:data1\" content=\"&euro;104.00\" \/>\n\t<meta name=\"twitter:label2\" content=\"Availability\" \/>\n\t<meta name=\"twitter:data2\" content=\"In stock\" \/>\n<script type=\"application\/ld+json\" class=\"yoast-schema-graph\">{\"@context\":\"https:\\\/\\\/schema.org\",\"@graph\":[{\"@type\":\"WebPage\",\"@id\":\"https:\\\/\\\/mmkriepas.lv\\\/en\\\/p\\\/245-65r17-goodride-sw628-107t\\\/\",\"url\":\"https:\\\/\\\/mmkriepas.lv\\\/en\\\/p\\\/245-65r17-goodride-sw628-107t\\\/\",\"name\":\"245\\\/65R17 Goodride SW628 107T &#8226; MMK Riepas\",\"isPartOf\":{\"@id\":\"https:\\\/\\\/mmkriepas.lv\\\/en\\\/#website\"},\"primaryImageOfPage\":{\"@id\":\"https:\\\/\\\/mmkriepas.lv\\\/en\\\/p\\\/245-65r17-goodride-sw628-107t\\\/#primaryimage\"},\"image\":{\"@id\":\"https:\\\/\\\/mmkriepas.lv\\\/en\\\/p\\\/245-65r17-goodride-sw628-107t\\\/#primaryimage\"},\"thumbnailUrl\":\"https:\\\/\\\/mmkriepas.lv\\\/wp-content\\\/uploads\\\/2023\\\/11\\\/21550r18-goodride-sw628-92h-ziemas-riepas-2.jpg\",\"datePublished\":\"2023-12-04T18:48:04+00:00\",\"dateModified\":\"2026-03-30T11:36:58+00:00\",\"breadcrumb\":{\"@id\":\"https:\\\/\\\/mmkriepas.lv\\\/en\\\/p\\\/245-65r17-goodride-sw628-107t\\\/#breadcrumb\"},\"inLanguage\":\"en-US\",\"potentialAction\":[{\"@type\":\"ReadAction\",\"target\":[\"https:\\\/\\\/mmkriepas.lv\\\/en\\\/p\\\/245-65r17-goodride-sw628-107t\\\/\"]}]},{\"@type\":\"ImageObject\",\"inLanguage\":\"en-US\",\"@id\":\"https:\\\/\\\/mmkriepas.lv\\\/en\\\/p\\\/245-65r17-goodride-sw628-107t\\\/#primaryimage\",\"url\":\"https:\\\/\\\/mmkriepas.lv\\\/wp-content\\\/uploads\\\/2023\\\/11\\\/21550r18-goodride-sw628-92h-ziemas-riepas-2.jpg\",\"contentUrl\":\"https:\\\/\\\/mmkriepas.lv\\\/wp-content\\\/uploads\\\/2023\\\/11\\\/21550r18-goodride-sw628-92h-ziemas-riepas-2.jpg\",\"width\":1920,\"height\":1920,\"caption\":\"MAIN\"},{\"@type\":\"BreadcrumbList\",\"@id\":\"https:\\\/\\\/mmkriepas.lv\\\/en\\\/p\\\/245-65r17-goodride-sw628-107t\\\/#breadcrumb\",\"itemListElement\":[{\"@type\":\"ListItem\",\"position\":1,\"name\":\"S\u0101kums\",\"item\":\"https:\\\/\\\/mmkriepas.lv\\\/en\\\/\"},{\"@type\":\"ListItem\",\"position\":2,\"name\":\"245\\\/65R17 Goodride SW628 107T\"}]},{\"@type\":\"WebSite\",\"@id\":\"https:\\\/\\\/mmkriepas.lv\\\/en\\\/#website\",\"url\":\"https:\\\/\\\/mmkriepas.lv\\\/en\\\/\",\"name\":\"MMK Riepas\",\"description\":\"MMK Riepas\",\"alternateName\":\"MMK Riepu Serviss\",\"potentialAction\":[{\"@type\":\"SearchAction\",\"target\":{\"@type\":\"EntryPoint\",\"urlTemplate\":\"https:\\\/\\\/mmkriepas.lv\\\/en\\\/?s={search_term_string}\"},\"query-input\":{\"@type\":\"PropertyValueSpecification\",\"valueRequired\":true,\"valueName\":\"search_term_string\"}}],\"inLanguage\":\"en-US\"},{\"@type\":\"ImageObject\",\"inLanguage\":\"en-US\",\"@id\":\"https:\\\/\\\/mmkriepas.lv\\\/en\\\/p\\\/245-65r17-goodride-sw628-107t\\\/#local-main-organization-logo\",\"url\":\"\",\"contentUrl\":\"\",\"caption\":\"MMK Riepas\"}]}<\/script>\n<meta property=\"product:brand\" content=\"Goodride SW628\" \/>\n<meta property=\"product:price:amount\" content=\"104.00\" \/>\n<meta property=\"product:price:currency\" content=\"EUR\" \/>\n<meta property=\"og:availability\" content=\"instock\" \/>\n<meta property=\"product:availability\" content=\"instock\" \/>\n<meta property=\"product:retailer_item_id\" content=\"TW2456517GOODR-L31731\" \/>\n<meta property=\"product:condition\" content=\"new\" \/>\n<!-- \/ Yoast SEO Premium plugin. -->","yoast_head_json":{"title":"245\/65R17 Goodride SW628 107T &#8226; MMK Riepas","robots":{"index":"index","follow":"follow","max-snippet":"max-snippet:-1","max-image-preview":"max-image-preview:large","max-video-preview":"max-video-preview:-1"},"canonical":"https:\/\/mmkriepas.lv\/en\/p\/245-65r17-goodride-sw628-107t\/","og_locale":"en_US","og_type":"article","og_title":"245\/65R17 Goodride SW628 107T","og_description":"Goodride SW628 ir Skandin\u0101vijas tipa ziemas riepu modelis ar asimetrisku protektora rakstu. Tas izce\u013cas ar paaugstin\u0101tu veiktsp\u0113ju skarbos brauk\u0161anas apst\u0101k\u013cos, k\u0101 ar\u012b pazemin\u0101tu degvielas pat\u0113ri\u0146u un trok\u0161\u0146a l\u012bmeni.","og_url":"https:\/\/mmkriepas.lv\/en\/p\/245-65r17-goodride-sw628-107t\/","og_site_name":"MMK Riepas","article_publisher":"https:\/\/www.facebook.com\/mmkserviss\/","article_modified_time":"2026-03-30T11:36:58+00:00","og_image":[{"width":1920,"height":1920,"url":"https:\/\/mmkriepas.lv\/wp-content\/uploads\/2023\/11\/21550r18-goodride-sw628-92h-ziemas-riepas-2.jpg","type":"image\/jpeg"}],"twitter_card":"summary_large_image","twitter_misc":{"Price":"&euro;104.00","Availability":"In stock"},"schema":{"@context":"https:\/\/schema.org","@graph":[{"@type":"WebPage","@id":"https:\/\/mmkriepas.lv\/en\/p\/245-65r17-goodride-sw628-107t\/","url":"https:\/\/mmkriepas.lv\/en\/p\/245-65r17-goodride-sw628-107t\/","name":"245\/65R17 Goodride SW628 107T &#8226; MMK Riepas","isPartOf":{"@id":"https:\/\/mmkriepas.lv\/en\/#website"},"primaryImageOfPage":{"@id":"https:\/\/mmkriepas.lv\/en\/p\/245-65r17-goodride-sw628-107t\/#primaryimage"},"image":{"@id":"https:\/\/mmkriepas.lv\/en\/p\/245-65r17-goodride-sw628-107t\/#primaryimage"},"thumbnailUrl":"https:\/\/mmkriepas.lv\/wp-content\/uploads\/2023\/11\/21550r18-goodride-sw628-92h-ziemas-riepas-2.jpg","datePublished":"2023-12-04T18:48:04+00:00","dateModified":"2026-03-30T11:36:58+00:00","breadcrumb":{"@id":"https:\/\/mmkriepas.lv\/en\/p\/245-65r17-goodride-sw628-107t\/#breadcrumb"},"inLanguage":"en-US","potentialAction":[{"@type":"ReadAction","target":["https:\/\/mmkriepas.lv\/en\/p\/245-65r17-goodride-sw628-107t\/"]}]},{"@type":"ImageObject","inLanguage":"en-US","@id":"https:\/\/mmkriepas.lv\/en\/p\/245-65r17-goodride-sw628-107t\/#primaryimage","url":"https:\/\/mmkriepas.lv\/wp-content\/uploads\/2023\/11\/21550r18-goodride-sw628-92h-ziemas-riepas-2.jpg","contentUrl":"https:\/\/mmkriepas.lv\/wp-content\/uploads\/2023\/11\/21550r18-goodride-sw628-92h-ziemas-riepas-2.jpg","width":1920,"height":1920,"caption":"MAIN"},{"@type":"BreadcrumbList","@id":"https:\/\/mmkriepas.lv\/en\/p\/245-65r17-goodride-sw628-107t\/#breadcrumb","itemListElement":[{"@type":"ListItem","position":1,"name":"S\u0101kums","item":"https:\/\/mmkriepas.lv\/en\/"},{"@type":"ListItem","position":2,"name":"245\/65R17 Goodride SW628 107T"}]},{"@type":"WebSite","@id":"https:\/\/mmkriepas.lv\/en\/#website","url":"https:\/\/mmkriepas.lv\/en\/","name":"MMK Riepas","description":"MMK Riepas","alternateName":"MMK Riepu Serviss","potentialAction":[{"@type":"SearchAction","target":{"@type":"EntryPoint","urlTemplate":"https:\/\/mmkriepas.lv\/en\/?s={search_term_string}"},"query-input":{"@type":"PropertyValueSpecification","valueRequired":true,"valueName":"search_term_string"}}],"inLanguage":"en-US"},{"@type":"ImageObject","inLanguage":"en-US","@id":"https:\/\/mmkriepas.lv\/en\/p\/245-65r17-goodride-sw628-107t\/#local-main-organization-logo","url":"","contentUrl":"","caption":"MMK Riepas"}]},"product_brand":"Goodride SW628","product_price_amount":"104.00","product_price_currency":"EUR","og_availability":"instock","product_availability":"instock","product_retailer_item_id":"TW2456517GOODR-L31731","product_condition":"new"},"_links":{"self":[{"href":"https:\/\/mmkriepas.lv\/en\/wp-json\/wp\/v2\/product\/831519","targetHints":{"allow":["GET"]}}],"collection":[{"href":"https:\/\/mmkriepas.lv\/en\/wp-json\/wp\/v2\/product"}],"about":[{"href":"https:\/\/mmkriepas.lv\/en\/wp-json\/wp\/v2\/types\/product"}],"wp:featuredmedia":[{"embeddable":true,"href":"https:\/\/mmkriepas.lv\/en\/wp-json\/wp\/v2\/media\/822358"}],"wp:attachment":[{"href":"https:\/\/mmkriepas.lv\/en\/wp-json\/wp\/v2\/media?parent=831519"}],"wp:term":[{"taxonomy":"product_brand","embeddable":true,"href":"https:\/\/mmkriepas.lv\/en\/wp-json\/wp\/v2\/product_brand?post=831519"},{"taxonomy":"product_cat","embeddable":true,"href":"https:\/\/mmkriepas.lv\/en\/wp-json\/wp\/v2\/product_cat?post=831519"},{"taxonomy":"product_tag","embeddable":true,"href":"https:\/\/mmkriepas.lv\/en\/wp-json\/wp\/v2\/product_tag?post=831519"}],"curies":[{"name":"wp","href":"https:\/\/api.w.org\/{rel}","templated":true}]}}