{"id":829477,"date":"2023-11-28T12:47:17","date_gmt":"2023-11-28T10:47:17","guid":{"rendered":"https:\/\/mmkserviss.lv\/?post_type=product&#038;p=829477"},"modified":"2026-03-27T13:45:50","modified_gmt":"2026-03-27T11:45:50","slug":"225-55r18-goodyear-vector-4seasons-gen-3-102h-xl","status":"publish","type":"product","link":"https:\/\/mmkriepas.lv\/en\/p\/225-55r18-goodyear-vector-4seasons-gen-3-102h-xl\/","title":{"rendered":"225\/55R18 Goodyear Vector 4Seasons Gen-3 102H XL"},"content":{"rendered":"<p class=\"western\"><strong><span style=\"font-family: Arial, sans-serif;\">Goodyear Vector 4Seasons Gen-3 <\/span><\/strong><span style=\"font-family: Arial, sans-serif;\">ir augst\u0101k\u0101s kvalit\u0101tes jeb Premium klases vissezonas\/ziemas riepu modelis. Tas izce\u013cas ar izciliem sa\u0137eres un manevr\u0113tsp\u0113jas r\u0101d\u012bt\u0101jiem <\/span><strong><span style=\"font-family: Arial, sans-serif;\">gan uz sausa un slapja asfalta, gan snieg\u0101, k\u0101 ar\u012b ar izteiktu komforta l\u012bmeni cauru gadu. <\/span><\/strong><span style=\"font-family: Arial, sans-serif;\">Modelis izstr\u0101d\u0101ts luksus klases vieglaj\u0101m automa\u0161\u012bn\u0101m un pieejams izm\u0113ru kl\u0101st\u0101 no R14, l\u012bdz pat R<\/span><span style=\"font-family: Arial, sans-serif;\">20<\/span><span style=\"font-family: Arial, sans-serif;\">.<\/span><\/p>\n<h3 class=\"western\"><strong><span style=\"font-family: Arial, sans-serif;\">Goodyear Vector 4Seasons Gen-3 galven\u0101s iez\u012bmes<\/span><\/strong><\/h3>\n<p class=\"western\"><span style=\"font-family: Arial, sans-serif;\">+ Izili sa\u0137eres un manevr\u0113tsp\u0113jas r\u0101d\u012bt\u0101ji gan uz sausa un slapja asfalta, gan ar\u012b snieg\u0101.<br \/>+ Zems akvaplan\u0113\u0161anas risks.<br \/>+ Jaun\u0101k\u0101s Goodyear tehnolo\u0123ijas.<br \/>+ Zems degvielas pat\u0113ri\u0146\u0161.<br \/>+ Izteikts akustiskais un brauk\u0161anas gaitas komforts.<br \/>+ Augsta nodilum iztur\u012bba.<\/span><\/p>\n<h3 class=\"western\"><strong><span style=\"font-family: Arial, sans-serif;\">Vector 4Seasons Gen-3 <\/span><\/strong><span style=\"font-family: Arial, sans-serif;\">apr\u012bkojums<\/span><\/h3>\n<p class=\"western\"><strong><span style=\"font-family: Arial, sans-serif;\">Goodyear Vector 4Seasons Gen-3 <\/span><\/strong><span style=\"font-family: Arial, sans-serif;\">vissezonas riepu modelis apr\u012bkots ar klasisku simetrisko protektora rakstu. \u0160\u0101ds dizains izv\u0113l\u0113ts, jo tas sev\u012b apvieno labas veiktsp\u0113jas \u012bpa\u0161\u012bbas ziem\u0101, k\u0101 ar\u012b zemu akvaplan\u0113\u0161anas risku vasar\u0101.<\/span><\/p>\n<p class=\"western\"><span style=\"font-family: Arial, sans-serif;\">V-veid\u0101 izvietotie protektora bloki bru\u0146oti ar Goodyear tehnolo\u0123ijas lamel\u0113m. T\u0101s, darbojoties l\u012bdz\u012bgi radz\u0113m, ar as\u0101m kant\u0113m iec\u0113rtas led\u016b un sabliet\u0113t\u0101 snieg\u0101, uzlabojot sa\u0137eri uz \u0161\u012bm slidenaj\u0101m virsm\u0101m.<\/span><\/p>\n<p class=\"western\"><span style=\"font-family: Arial, sans-serif;\">Protektors un t\u0101 pamatne izgatavoti no uzlabota gumijas sakaus\u0113juma. Gumijai pievienotie elastrom\u0113ri \u013cauj riepai saglab\u0101t elast\u012bbu ar\u012b zem\u0101s gaisa temperat\u016br\u0101s. K\u0101 zin\u0101ms, elast\u012bga riepa daudz lab\u0101k veido sa\u0137eri ar ce\u013cu, k\u0101 ar\u012b dilst vienm\u0113r\u012bg\u0101k.<\/span><\/p>\n","protected":false},"excerpt":{"rendered":"<p class=\"western\"><strong><span style=\"font-family: Arial, sans-serif;\">Goodyear Vector 4Seasons Gen-3 <\/span><\/strong><span style=\"font-family: Arial, sans-serif;\">ir augst\u0101k\u0101s kvalit\u0101tes jeb Premium klases vissezonas\/ziemas riepu modelis. Tas izce\u013cas ar izciliem sa\u0137eres un manevr\u0113tsp\u0113jas r\u0101d\u012bt\u0101jiem <\/span><strong><span style=\"font-family: Arial, sans-serif;\">gan uz sausa un slapja asfalta, gan snieg\u0101, k\u0101 ar\u012b ar izteiktu komforta l\u012bmeni cauru gadu. <\/span><\/strong><span style=\"font-family: Arial, sans-serif;\">Modelis izstr\u0101d\u0101ts luksus klases vieglaj\u0101m automa\u0161\u012bn\u0101m un pieejams izm\u0113ru kl\u0101st\u0101 no R14, l\u012bdz pat R<\/span><span style=\"font-family: Arial, sans-serif;\">20<\/span><span style=\"font-family: Arial, sans-serif;\">.<\/span><\/p>\n","protected":false},"featured_media":863637,"template":"","meta":{"_acf_changed":false,"ngg_post_thumbnail":0},"product_brand":[],"product_cat":[47,45],"product_tag":[],"class_list":{"0":"post-829477","1":"product","2":"type-product","3":"status-publish","4":"has-post-thumbnail","6":"product_cat-vissezonas-riepas","7":"product_cat-ziemas-riepas","9":"first","10":"instock","11":"sale","12":"taxable","13":"shipping-taxable","14":"purchasable","15":"product-type-simple"},"acf":[],"yoast_head":"<!-- This site is optimized with the Yoast SEO Premium plugin v22.6 (Yoast SEO v27.3) - https:\/\/yoast.com\/product\/yoast-seo-premium-wordpress\/ -->\n<title>225\/55R18 Goodyear Vector 4Seasons Gen-3 102H XL &#8226; MMK Riepas<\/title>\n<meta name=\"robots\" content=\"index, follow, max-snippet:-1, max-image-preview:large, max-video-preview:-1\" \/>\n<link rel=\"canonical\" href=\"https:\/\/mmkriepas.lv\/en\/p\/225-55r18-goodyear-vector-4seasons-gen-3-102h-xl\/\" \/>\n<meta property=\"og:locale\" content=\"en_US\" \/>\n<meta property=\"og:type\" content=\"article\" \/>\n<meta property=\"og:title\" content=\"225\/55R18 Goodyear Vector 4Seasons Gen-3 102H XL\" \/>\n<meta property=\"og:description\" content=\"Goodyear Vector 4Seasons Gen-3 ir augst\u0101k\u0101s kvalit\u0101tes jeb Premium klases vissezonas\/ziemas riepu modelis. Tas izce\u013cas ar izciliem sa\u0137eres un manevr\u0113tsp\u0113jas r\u0101d\u012bt\u0101jiem gan uz sausa un slapja asfalta, gan snieg\u0101, k\u0101 ar\u012b ar izteiktu komforta l\u012bmeni cauru gadu. Modelis izstr\u0101d\u0101ts luksus klases vieglaj\u0101m automa\u0161\u012bn\u0101m un pieejams izm\u0113ru kl\u0101st\u0101 no R14, l\u012bdz pat R20.\" \/>\n<meta property=\"og:url\" content=\"https:\/\/mmkriepas.lv\/en\/p\/225-55r18-goodyear-vector-4seasons-gen-3-102h-xl\/\" \/>\n<meta property=\"og:site_name\" content=\"MMK Riepas\" \/>\n<meta property=\"article:publisher\" content=\"https:\/\/www.facebook.com\/mmkserviss\/\" \/>\n<meta property=\"article:modified_time\" content=\"2026-03-27T11:45:50+00:00\" \/>\n<meta property=\"og:image\" content=\"https:\/\/mmkriepas.lv\/wp-content\/uploads\/2024\/02\/26550r19-goodyear-vector-4seasons-gen-3-suv-110w-xl-ziemas-riepas-2.jpg\" \/>\n\t<meta property=\"og:image:width\" content=\"1920\" \/>\n\t<meta property=\"og:image:height\" content=\"1446\" \/>\n\t<meta property=\"og:image:type\" content=\"image\/jpeg\" \/>\n<meta name=\"twitter:card\" content=\"summary_large_image\" \/>\n<meta name=\"twitter:label1\" content=\"Price\" \/>\n\t<meta name=\"twitter:data1\" content=\"&euro;160.00\" \/>\n\t<meta name=\"twitter:label2\" content=\"Availability\" \/>\n\t<meta name=\"twitter:data2\" content=\"In stock\" \/>\n<script type=\"application\/ld+json\" class=\"yoast-schema-graph\">{\"@context\":\"https:\\\/\\\/schema.org\",\"@graph\":[{\"@type\":\"WebPage\",\"@id\":\"https:\\\/\\\/mmkriepas.lv\\\/en\\\/p\\\/225-55r18-goodyear-vector-4seasons-gen-3-102h-xl\\\/\",\"url\":\"https:\\\/\\\/mmkriepas.lv\\\/en\\\/p\\\/225-55r18-goodyear-vector-4seasons-gen-3-102h-xl\\\/\",\"name\":\"225\\\/55R18 Goodyear Vector 4Seasons Gen-3 102H XL &#8226; MMK Riepas\",\"isPartOf\":{\"@id\":\"https:\\\/\\\/mmkriepas.lv\\\/en\\\/#website\"},\"primaryImageOfPage\":{\"@id\":\"https:\\\/\\\/mmkriepas.lv\\\/en\\\/p\\\/225-55r18-goodyear-vector-4seasons-gen-3-102h-xl\\\/#primaryimage\"},\"image\":{\"@id\":\"https:\\\/\\\/mmkriepas.lv\\\/en\\\/p\\\/225-55r18-goodyear-vector-4seasons-gen-3-102h-xl\\\/#primaryimage\"},\"thumbnailUrl\":\"https:\\\/\\\/mmkriepas.lv\\\/wp-content\\\/uploads\\\/2024\\\/02\\\/26550r19-goodyear-vector-4seasons-gen-3-suv-110w-xl-ziemas-riepas-2.jpg\",\"datePublished\":\"2023-11-28T10:47:17+00:00\",\"dateModified\":\"2026-03-27T11:45:50+00:00\",\"breadcrumb\":{\"@id\":\"https:\\\/\\\/mmkriepas.lv\\\/en\\\/p\\\/225-55r18-goodyear-vector-4seasons-gen-3-102h-xl\\\/#breadcrumb\"},\"inLanguage\":\"en-US\",\"potentialAction\":[{\"@type\":\"ReadAction\",\"target\":[\"https:\\\/\\\/mmkriepas.lv\\\/en\\\/p\\\/225-55r18-goodyear-vector-4seasons-gen-3-102h-xl\\\/\"]}]},{\"@type\":\"ImageObject\",\"inLanguage\":\"en-US\",\"@id\":\"https:\\\/\\\/mmkriepas.lv\\\/en\\\/p\\\/225-55r18-goodyear-vector-4seasons-gen-3-102h-xl\\\/#primaryimage\",\"url\":\"https:\\\/\\\/mmkriepas.lv\\\/wp-content\\\/uploads\\\/2024\\\/02\\\/26550r19-goodyear-vector-4seasons-gen-3-suv-110w-xl-ziemas-riepas-2.jpg\",\"contentUrl\":\"https:\\\/\\\/mmkriepas.lv\\\/wp-content\\\/uploads\\\/2024\\\/02\\\/26550r19-goodyear-vector-4seasons-gen-3-suv-110w-xl-ziemas-riepas-2.jpg\",\"width\":1920,\"height\":1446,\"caption\":\"265\\\/50R19 Goodyear Vector 4Seasons Gen-3 SUV 110W XL - Vissezonas riepas \\\/ Ziemas riepas\"},{\"@type\":\"BreadcrumbList\",\"@id\":\"https:\\\/\\\/mmkriepas.lv\\\/en\\\/p\\\/225-55r18-goodyear-vector-4seasons-gen-3-102h-xl\\\/#breadcrumb\",\"itemListElement\":[{\"@type\":\"ListItem\",\"position\":1,\"name\":\"S\u0101kums\",\"item\":\"https:\\\/\\\/mmkriepas.lv\\\/en\\\/\"},{\"@type\":\"ListItem\",\"position\":2,\"name\":\"225\\\/55R18 Goodyear Vector 4Seasons Gen-3 102H XL\"}]},{\"@type\":\"WebSite\",\"@id\":\"https:\\\/\\\/mmkriepas.lv\\\/en\\\/#website\",\"url\":\"https:\\\/\\\/mmkriepas.lv\\\/en\\\/\",\"name\":\"MMK Riepas\",\"description\":\"MMK Riepas\",\"alternateName\":\"MMK Riepu Serviss\",\"potentialAction\":[{\"@type\":\"SearchAction\",\"target\":{\"@type\":\"EntryPoint\",\"urlTemplate\":\"https:\\\/\\\/mmkriepas.lv\\\/en\\\/?s={search_term_string}\"},\"query-input\":{\"@type\":\"PropertyValueSpecification\",\"valueRequired\":true,\"valueName\":\"search_term_string\"}}],\"inLanguage\":\"en-US\"},{\"@type\":\"ImageObject\",\"inLanguage\":\"en-US\",\"@id\":\"https:\\\/\\\/mmkriepas.lv\\\/en\\\/p\\\/225-55r18-goodyear-vector-4seasons-gen-3-102h-xl\\\/#local-main-organization-logo\",\"url\":\"\",\"contentUrl\":\"\",\"caption\":\"MMK Riepas\"}]}<\/script>\n<meta property=\"product:brand\" content=\"Goodyear Vector 4Seasons Gen-3\" \/>\n<meta property=\"product:price:amount\" content=\"160.00\" \/>\n<meta property=\"product:price:currency\" content=\"EUR\" \/>\n<meta property=\"og:availability\" content=\"instock\" \/>\n<meta property=\"product:availability\" content=\"instock\" \/>\n<meta property=\"product:retailer_item_id\" content=\"TW2255518GOODY-L31570\" \/>\n<meta property=\"product:condition\" content=\"new\" \/>\n<!-- \/ Yoast SEO Premium plugin. -->","yoast_head_json":{"title":"225\/55R18 Goodyear Vector 4Seasons Gen-3 102H XL &#8226; MMK Riepas","robots":{"index":"index","follow":"follow","max-snippet":"max-snippet:-1","max-image-preview":"max-image-preview:large","max-video-preview":"max-video-preview:-1"},"canonical":"https:\/\/mmkriepas.lv\/en\/p\/225-55r18-goodyear-vector-4seasons-gen-3-102h-xl\/","og_locale":"en_US","og_type":"article","og_title":"225\/55R18 Goodyear Vector 4Seasons Gen-3 102H XL","og_description":"Goodyear Vector 4Seasons Gen-3 ir augst\u0101k\u0101s kvalit\u0101tes jeb Premium klases vissezonas\/ziemas riepu modelis. Tas izce\u013cas ar izciliem sa\u0137eres un manevr\u0113tsp\u0113jas r\u0101d\u012bt\u0101jiem gan uz sausa un slapja asfalta, gan snieg\u0101, k\u0101 ar\u012b ar izteiktu komforta l\u012bmeni cauru gadu. Modelis izstr\u0101d\u0101ts luksus klases vieglaj\u0101m automa\u0161\u012bn\u0101m un pieejams izm\u0113ru kl\u0101st\u0101 no R14, l\u012bdz pat R20.","og_url":"https:\/\/mmkriepas.lv\/en\/p\/225-55r18-goodyear-vector-4seasons-gen-3-102h-xl\/","og_site_name":"MMK Riepas","article_publisher":"https:\/\/www.facebook.com\/mmkserviss\/","article_modified_time":"2026-03-27T11:45:50+00:00","og_image":[{"width":1920,"height":1446,"url":"https:\/\/mmkriepas.lv\/wp-content\/uploads\/2024\/02\/26550r19-goodyear-vector-4seasons-gen-3-suv-110w-xl-ziemas-riepas-2.jpg","type":"image\/jpeg"}],"twitter_card":"summary_large_image","twitter_misc":{"Price":"&euro;160.00","Availability":"In stock"},"schema":{"@context":"https:\/\/schema.org","@graph":[{"@type":"WebPage","@id":"https:\/\/mmkriepas.lv\/en\/p\/225-55r18-goodyear-vector-4seasons-gen-3-102h-xl\/","url":"https:\/\/mmkriepas.lv\/en\/p\/225-55r18-goodyear-vector-4seasons-gen-3-102h-xl\/","name":"225\/55R18 Goodyear Vector 4Seasons Gen-3 102H XL &#8226; MMK Riepas","isPartOf":{"@id":"https:\/\/mmkriepas.lv\/en\/#website"},"primaryImageOfPage":{"@id":"https:\/\/mmkriepas.lv\/en\/p\/225-55r18-goodyear-vector-4seasons-gen-3-102h-xl\/#primaryimage"},"image":{"@id":"https:\/\/mmkriepas.lv\/en\/p\/225-55r18-goodyear-vector-4seasons-gen-3-102h-xl\/#primaryimage"},"thumbnailUrl":"https:\/\/mmkriepas.lv\/wp-content\/uploads\/2024\/02\/26550r19-goodyear-vector-4seasons-gen-3-suv-110w-xl-ziemas-riepas-2.jpg","datePublished":"2023-11-28T10:47:17+00:00","dateModified":"2026-03-27T11:45:50+00:00","breadcrumb":{"@id":"https:\/\/mmkriepas.lv\/en\/p\/225-55r18-goodyear-vector-4seasons-gen-3-102h-xl\/#breadcrumb"},"inLanguage":"en-US","potentialAction":[{"@type":"ReadAction","target":["https:\/\/mmkriepas.lv\/en\/p\/225-55r18-goodyear-vector-4seasons-gen-3-102h-xl\/"]}]},{"@type":"ImageObject","inLanguage":"en-US","@id":"https:\/\/mmkriepas.lv\/en\/p\/225-55r18-goodyear-vector-4seasons-gen-3-102h-xl\/#primaryimage","url":"https:\/\/mmkriepas.lv\/wp-content\/uploads\/2024\/02\/26550r19-goodyear-vector-4seasons-gen-3-suv-110w-xl-ziemas-riepas-2.jpg","contentUrl":"https:\/\/mmkriepas.lv\/wp-content\/uploads\/2024\/02\/26550r19-goodyear-vector-4seasons-gen-3-suv-110w-xl-ziemas-riepas-2.jpg","width":1920,"height":1446,"caption":"265\/50R19 Goodyear Vector 4Seasons Gen-3 SUV 110W XL - Vissezonas riepas \/ Ziemas riepas"},{"@type":"BreadcrumbList","@id":"https:\/\/mmkriepas.lv\/en\/p\/225-55r18-goodyear-vector-4seasons-gen-3-102h-xl\/#breadcrumb","itemListElement":[{"@type":"ListItem","position":1,"name":"S\u0101kums","item":"https:\/\/mmkriepas.lv\/en\/"},{"@type":"ListItem","position":2,"name":"225\/55R18 Goodyear Vector 4Seasons Gen-3 102H XL"}]},{"@type":"WebSite","@id":"https:\/\/mmkriepas.lv\/en\/#website","url":"https:\/\/mmkriepas.lv\/en\/","name":"MMK Riepas","description":"MMK Riepas","alternateName":"MMK Riepu Serviss","potentialAction":[{"@type":"SearchAction","target":{"@type":"EntryPoint","urlTemplate":"https:\/\/mmkriepas.lv\/en\/?s={search_term_string}"},"query-input":{"@type":"PropertyValueSpecification","valueRequired":true,"valueName":"search_term_string"}}],"inLanguage":"en-US"},{"@type":"ImageObject","inLanguage":"en-US","@id":"https:\/\/mmkriepas.lv\/en\/p\/225-55r18-goodyear-vector-4seasons-gen-3-102h-xl\/#local-main-organization-logo","url":"","contentUrl":"","caption":"MMK Riepas"}]},"product_brand":"Goodyear Vector 4Seasons Gen-3","product_price_amount":"160.00","product_price_currency":"EUR","og_availability":"instock","product_availability":"instock","product_retailer_item_id":"TW2255518GOODY-L31570","product_condition":"new"},"_links":{"self":[{"href":"https:\/\/mmkriepas.lv\/en\/wp-json\/wp\/v2\/product\/829477","targetHints":{"allow":["GET"]}}],"collection":[{"href":"https:\/\/mmkriepas.lv\/en\/wp-json\/wp\/v2\/product"}],"about":[{"href":"https:\/\/mmkriepas.lv\/en\/wp-json\/wp\/v2\/types\/product"}],"wp:featuredmedia":[{"embeddable":true,"href":"https:\/\/mmkriepas.lv\/en\/wp-json\/wp\/v2\/media\/863637"}],"wp:attachment":[{"href":"https:\/\/mmkriepas.lv\/en\/wp-json\/wp\/v2\/media?parent=829477"}],"wp:term":[{"taxonomy":"product_brand","embeddable":true,"href":"https:\/\/mmkriepas.lv\/en\/wp-json\/wp\/v2\/product_brand?post=829477"},{"taxonomy":"product_cat","embeddable":true,"href":"https:\/\/mmkriepas.lv\/en\/wp-json\/wp\/v2\/product_cat?post=829477"},{"taxonomy":"product_tag","embeddable":true,"href":"https:\/\/mmkriepas.lv\/en\/wp-json\/wp\/v2\/product_tag?post=829477"}],"curies":[{"name":"wp","href":"https:\/\/api.w.org\/{rel}","templated":true}]}}