{"id":822990,"date":"2023-11-09T15:38:24","date_gmt":"2023-11-09T13:38:24","guid":{"rendered":"https:\/\/mmkserviss.lv\/?post_type=product&#038;p=822990"},"modified":"2026-03-27T13:45:27","modified_gmt":"2026-03-27T11:45:27","slug":"185-65r15-goodyear-ultragrip-600-88t-ar-radzem","status":"publish","type":"product","link":"https:\/\/mmkriepas.lv\/en\/p\/185-65r15-goodyear-ultragrip-600-88t-ar-radzem\/","title":{"rendered":"185\/65R15 Goodyear UltraGrip 600 88T ar radz\u0113m"},"content":{"rendered":"<p class=\"western\"><span style=\"font-family: Arial, sans-serif;\"><b><span>Goodyear UltraGrip 600<\/span><\/b><span> ir augst\u0101k\u0101s kvalit\u0101tes, premium klases ziemas riepu modelis ar radz\u0113m. Tas ir papildin\u0101ts ar milz\u012bgu skaitu riepu giganta Goodyear tehnolo\u0123ij\u0101m un izce\u013cas ar izciliem sa\u0137eres un manevr\u0113tsp\u0113jas r\u0101d\u012bt\u0101jiem pat skarb\u0101kajos ziemas brauk\u0161anas apst\u0101k\u013cos. \u0160is riepu modelis pieejams izm\u0113r kl\u0101st\u0101 no R14 l\u012bdz R16 un paredz\u0113ts kompaktklases un vid\u0113ja izm\u0113ra vieglaj\u0101m automa\u0161\u012bn\u0101m.<\/span><\/span><\/p>\n<h3 class=\"western\"><span style=\"font-family: Arial, sans-serif;\"><span>Goodyear UltraGrip 600 galven\u0101s \u012bpa\u0161\u012bbas<\/span><\/span><\/h3>\n<p class=\"western\"><span style=\"font-family: Arial, sans-serif;\"><span>+ Vado\u0161\u0101s riepu giganta Goodyear tehnolo\u0123ijas!<br \/>+ Izcila sa\u0137ere pat skarbos ziemas brauk\u0161anas apst\u0101k\u013cos &#8211; snieg\u0101 un uz apledoju\u0161\u0101m ce\u013ca virsm\u0101m.<br \/>+ Viens no zem\u0101kajiem trok\u0161\u0146a l\u012bme\u0146iem sav\u0101 klas\u0113.<br \/>+ Izcila nodilumiztur\u012bba, pateicoties uzlabotam riepu gumijas sast\u0101vam un radz\u0113m.<br \/>+ Zems akvaplan\u0113\u0161anas risks, pateicoties virzienveida protektora rakstam un uzlabotai dren\u0101\u017eas jeb \u016bdens novadkan\u0101lu sist\u0113mai.<br \/>+ \u012apa\u0161a rad\u017eu forma, lab\u0101kai veiktsp\u0113jai uz apledojumiem.<\/span><\/span><\/p>\n<h3 class=\"western\"><span style=\"font-family: Arial, sans-serif;\"><span>UltraGrip 600 apr\u012bkojums<\/span><\/span><\/h3>\n<p class=\"western\"><span style=\"font-family: Arial, sans-serif;\"><span>Goodyear UltraGrip 600 ziemas riepas ar radz\u0113m apr\u012bkotas ar dzi\u013cu un rupju virzienveida protektora rakstu. \u0160\u0101ds dizains izstr\u0101d\u0101ts, lai paaugstin\u0101tu riepu veiktsp\u0113ju skarbos ziemas apst\u0101k\u013cos &#8211; dzi\u013c\u0101 snieg\u0101 un uz apledoju\u0161iem ce\u013ca posmiem.<\/span><\/span><\/p>\n<p class=\"western\"><span style=\"font-family: Arial, sans-serif;\"><span>Mas\u012bvajos protektora blokos iestr\u0101d\u0101tas gan lameles, gan ar\u012b \u012bpa\u0161as se\u0161st\u016bra formas radzes. \u0160ie sa\u0137eres elementi b\u016btiski uzlabo riepu veiktsp\u0113ju uz sabliet\u0113ta sniega un ledus. Turkl\u0101t, radzes paildzina ar\u012b riepu kalpo\u0161anas m\u016b\u017eu par vid\u0113ji 40%.<\/span><\/span><\/p>\n<p class=\"western\"><span style=\"font-family: Arial, sans-serif;\"><span>Starp mas\u012bvajiem protektora blokiem atrodama \u012bpa\u0161i izstr\u0101d\u0101ta dren\u0101\u017eas jeb \u016bdens novadkan\u0101lu sist\u0113ma. T\u0101 atbr\u012bvo riepu sa\u0137eres lauku ar ce\u013cu no \u016bdens, samazinot akvaplan\u0113\u0161anas risku un uzlabojot riepu veiktsp\u0113ju slapjdra\u0146\u0137\u012b.<\/span><\/span><\/p>\n","protected":false},"excerpt":{"rendered":"<p><span style=\"font-family: Arial, sans-serif;\"><b><span>Goodyear UltraGrip 600<\/span><\/b><span> ir augst\u0101k\u0101s kvalit\u0101tes, premium klases ziemas riepu modelis ar radz\u0113m. Tas ir papildin\u0101ts ar milz\u012bgu skaitu riepu giganta Goodyear tehnolo\u0123ij\u0101m un izce\u013cas ar izciliem sa\u0137eres un manevr\u0113tsp\u0113jas r\u0101d\u012bt\u0101jiem pat skarb\u0101kajos ziemas brauk\u0161anas apst\u0101k\u013cos. \u0160is riepu modelis pieejams izm\u0113r kl\u0101st\u0101 no R14 l\u012bdz R16 un paredz\u0113ts kompaktklases un vid\u0113ja izm\u0113ra vieglaj\u0101m automa\u0161\u012bn\u0101m.<\/span><\/span><\/p>\n","protected":false},"featured_media":847060,"template":"","meta":{"_acf_changed":false,"ngg_post_thumbnail":0},"product_brand":[],"product_cat":[45,48],"product_tag":[],"class_list":{"0":"post-822990","1":"product","2":"type-product","3":"status-publish","4":"has-post-thumbnail","6":"product_cat-ziemas-riepas","7":"product_cat-ziemas-ar-radzem","9":"first","10":"instock","11":"sale","12":"taxable","13":"shipping-taxable","14":"purchasable","15":"product-type-simple"},"acf":[],"yoast_head":"<!-- This site is optimized with the Yoast SEO Premium plugin v22.6 (Yoast SEO v27.3) - https:\/\/yoast.com\/product\/yoast-seo-premium-wordpress\/ -->\n<title>185\/65R15 Goodyear UltraGrip 600 88T ar radz\u0113m &#8226; MMK Riepas<\/title>\n<meta name=\"robots\" content=\"index, follow, max-snippet:-1, max-image-preview:large, max-video-preview:-1\" \/>\n<link rel=\"canonical\" href=\"https:\/\/mmkriepas.lv\/en\/p\/185-65r15-goodyear-ultragrip-600-88t-ar-radzem\/\" \/>\n<meta property=\"og:locale\" content=\"en_US\" \/>\n<meta property=\"og:type\" content=\"article\" \/>\n<meta property=\"og:title\" content=\"185\/65R15 Goodyear UltraGrip 600 88T ar radz\u0113m\" \/>\n<meta property=\"og:description\" content=\"Goodyear UltraGrip 600 ir augst\u0101k\u0101s kvalit\u0101tes, premium klases ziemas riepu modelis ar radz\u0113m. Tas ir papildin\u0101ts ar milz\u012bgu skaitu riepu giganta Goodyear tehnolo\u0123ij\u0101m un izce\u013cas ar izciliem sa\u0137eres un manevr\u0113tsp\u0113jas r\u0101d\u012bt\u0101jiem pat skarb\u0101kajos ziemas brauk\u0161anas apst\u0101k\u013cos. \u0160is riepu modelis pieejams izm\u0113r kl\u0101st\u0101 no R14 l\u012bdz R16 un paredz\u0113ts kompaktklases un vid\u0113ja izm\u0113ra vieglaj\u0101m automa\u0161\u012bn\u0101m.\" \/>\n<meta property=\"og:url\" content=\"https:\/\/mmkriepas.lv\/en\/p\/185-65r15-goodyear-ultragrip-600-88t-ar-radzem\/\" \/>\n<meta property=\"og:site_name\" content=\"MMK Riepas\" \/>\n<meta property=\"article:publisher\" content=\"https:\/\/www.facebook.com\/mmkserviss\/\" \/>\n<meta property=\"article:modified_time\" content=\"2026-03-27T11:45:27+00:00\" \/>\n<meta property=\"og:image\" content=\"https:\/\/mmkriepas.lv\/wp-content\/uploads\/2024\/01\/20555r16-goodyear-ultragrip-600-94t-xl-fp-ar-radzem-ziemas-riepas-ziemas-ar-radzem-riepas.jpg\" \/>\n\t<meta property=\"og:image:width\" content=\"1920\" \/>\n\t<meta property=\"og:image:height\" content=\"1920\" \/>\n\t<meta property=\"og:image:type\" content=\"image\/jpeg\" \/>\n<meta name=\"twitter:card\" content=\"summary_large_image\" \/>\n<meta name=\"twitter:label1\" content=\"Price\" \/>\n\t<meta name=\"twitter:data1\" content=\"&euro;74.00\" \/>\n\t<meta name=\"twitter:label2\" content=\"Availability\" \/>\n\t<meta name=\"twitter:data2\" content=\"In stock\" \/>\n<script type=\"application\/ld+json\" class=\"yoast-schema-graph\">{\"@context\":\"https:\\\/\\\/schema.org\",\"@graph\":[{\"@type\":\"WebPage\",\"@id\":\"https:\\\/\\\/mmkriepas.lv\\\/en\\\/p\\\/185-65r15-goodyear-ultragrip-600-88t-ar-radzem\\\/\",\"url\":\"https:\\\/\\\/mmkriepas.lv\\\/en\\\/p\\\/185-65r15-goodyear-ultragrip-600-88t-ar-radzem\\\/\",\"name\":\"185\\\/65R15 Goodyear UltraGrip 600 88T ar radz\u0113m &#8226; MMK Riepas\",\"isPartOf\":{\"@id\":\"https:\\\/\\\/mmkriepas.lv\\\/en\\\/#website\"},\"primaryImageOfPage\":{\"@id\":\"https:\\\/\\\/mmkriepas.lv\\\/en\\\/p\\\/185-65r15-goodyear-ultragrip-600-88t-ar-radzem\\\/#primaryimage\"},\"image\":{\"@id\":\"https:\\\/\\\/mmkriepas.lv\\\/en\\\/p\\\/185-65r15-goodyear-ultragrip-600-88t-ar-radzem\\\/#primaryimage\"},\"thumbnailUrl\":\"https:\\\/\\\/mmkriepas.lv\\\/wp-content\\\/uploads\\\/2024\\\/01\\\/20555r16-goodyear-ultragrip-600-94t-xl-fp-ar-radzem-ziemas-riepas-ziemas-ar-radzem-riepas.jpg\",\"datePublished\":\"2023-11-09T13:38:24+00:00\",\"dateModified\":\"2026-03-27T11:45:27+00:00\",\"breadcrumb\":{\"@id\":\"https:\\\/\\\/mmkriepas.lv\\\/en\\\/p\\\/185-65r15-goodyear-ultragrip-600-88t-ar-radzem\\\/#breadcrumb\"},\"inLanguage\":\"en-US\",\"potentialAction\":[{\"@type\":\"ReadAction\",\"target\":[\"https:\\\/\\\/mmkriepas.lv\\\/en\\\/p\\\/185-65r15-goodyear-ultragrip-600-88t-ar-radzem\\\/\"]}]},{\"@type\":\"ImageObject\",\"inLanguage\":\"en-US\",\"@id\":\"https:\\\/\\\/mmkriepas.lv\\\/en\\\/p\\\/185-65r15-goodyear-ultragrip-600-88t-ar-radzem\\\/#primaryimage\",\"url\":\"https:\\\/\\\/mmkriepas.lv\\\/wp-content\\\/uploads\\\/2024\\\/01\\\/20555r16-goodyear-ultragrip-600-94t-xl-fp-ar-radzem-ziemas-riepas-ziemas-ar-radzem-riepas.jpg\",\"contentUrl\":\"https:\\\/\\\/mmkriepas.lv\\\/wp-content\\\/uploads\\\/2024\\\/01\\\/20555r16-goodyear-ultragrip-600-94t-xl-fp-ar-radzem-ziemas-riepas-ziemas-ar-radzem-riepas.jpg\",\"width\":1920,\"height\":1920,\"caption\":\"MAIN\"},{\"@type\":\"BreadcrumbList\",\"@id\":\"https:\\\/\\\/mmkriepas.lv\\\/en\\\/p\\\/185-65r15-goodyear-ultragrip-600-88t-ar-radzem\\\/#breadcrumb\",\"itemListElement\":[{\"@type\":\"ListItem\",\"position\":1,\"name\":\"S\u0101kums\",\"item\":\"https:\\\/\\\/mmkriepas.lv\\\/en\\\/\"},{\"@type\":\"ListItem\",\"position\":2,\"name\":\"185\\\/65R15 Goodyear UltraGrip 600 88T ar radz\u0113m\"}]},{\"@type\":\"WebSite\",\"@id\":\"https:\\\/\\\/mmkriepas.lv\\\/en\\\/#website\",\"url\":\"https:\\\/\\\/mmkriepas.lv\\\/en\\\/\",\"name\":\"MMK Riepas\",\"description\":\"MMK Riepas\",\"alternateName\":\"MMK Riepu Serviss\",\"potentialAction\":[{\"@type\":\"SearchAction\",\"target\":{\"@type\":\"EntryPoint\",\"urlTemplate\":\"https:\\\/\\\/mmkriepas.lv\\\/en\\\/?s={search_term_string}\"},\"query-input\":{\"@type\":\"PropertyValueSpecification\",\"valueRequired\":true,\"valueName\":\"search_term_string\"}}],\"inLanguage\":\"en-US\"},{\"@type\":\"ImageObject\",\"inLanguage\":\"en-US\",\"@id\":\"https:\\\/\\\/mmkriepas.lv\\\/en\\\/p\\\/185-65r15-goodyear-ultragrip-600-88t-ar-radzem\\\/#local-main-organization-logo\",\"url\":\"\",\"contentUrl\":\"\",\"caption\":\"MMK Riepas\"}]}<\/script>\n<meta property=\"product:brand\" content=\"Goodyear UltraGrip 600\" \/>\n<meta property=\"product:price:amount\" content=\"74.00\" \/>\n<meta property=\"product:price:currency\" content=\"EUR\" \/>\n<meta property=\"og:availability\" content=\"instock\" \/>\n<meta property=\"product:availability\" content=\"instock\" \/>\n<meta property=\"product:retailer_item_id\" content=\"TR1856515GOODY-L31208\" \/>\n<meta property=\"product:condition\" content=\"new\" \/>\n<!-- \/ Yoast SEO Premium plugin. -->","yoast_head_json":{"title":"185\/65R15 Goodyear UltraGrip 600 88T ar radz\u0113m &#8226; MMK Riepas","robots":{"index":"index","follow":"follow","max-snippet":"max-snippet:-1","max-image-preview":"max-image-preview:large","max-video-preview":"max-video-preview:-1"},"canonical":"https:\/\/mmkriepas.lv\/en\/p\/185-65r15-goodyear-ultragrip-600-88t-ar-radzem\/","og_locale":"en_US","og_type":"article","og_title":"185\/65R15 Goodyear UltraGrip 600 88T ar radz\u0113m","og_description":"Goodyear UltraGrip 600 ir augst\u0101k\u0101s kvalit\u0101tes, premium klases ziemas riepu modelis ar radz\u0113m. Tas ir papildin\u0101ts ar milz\u012bgu skaitu riepu giganta Goodyear tehnolo\u0123ij\u0101m un izce\u013cas ar izciliem sa\u0137eres un manevr\u0113tsp\u0113jas r\u0101d\u012bt\u0101jiem pat skarb\u0101kajos ziemas brauk\u0161anas apst\u0101k\u013cos. \u0160is riepu modelis pieejams izm\u0113r kl\u0101st\u0101 no R14 l\u012bdz R16 un paredz\u0113ts kompaktklases un vid\u0113ja izm\u0113ra vieglaj\u0101m automa\u0161\u012bn\u0101m.","og_url":"https:\/\/mmkriepas.lv\/en\/p\/185-65r15-goodyear-ultragrip-600-88t-ar-radzem\/","og_site_name":"MMK Riepas","article_publisher":"https:\/\/www.facebook.com\/mmkserviss\/","article_modified_time":"2026-03-27T11:45:27+00:00","og_image":[{"width":1920,"height":1920,"url":"https:\/\/mmkriepas.lv\/wp-content\/uploads\/2024\/01\/20555r16-goodyear-ultragrip-600-94t-xl-fp-ar-radzem-ziemas-riepas-ziemas-ar-radzem-riepas.jpg","type":"image\/jpeg"}],"twitter_card":"summary_large_image","twitter_misc":{"Price":"&euro;74.00","Availability":"In stock"},"schema":{"@context":"https:\/\/schema.org","@graph":[{"@type":"WebPage","@id":"https:\/\/mmkriepas.lv\/en\/p\/185-65r15-goodyear-ultragrip-600-88t-ar-radzem\/","url":"https:\/\/mmkriepas.lv\/en\/p\/185-65r15-goodyear-ultragrip-600-88t-ar-radzem\/","name":"185\/65R15 Goodyear UltraGrip 600 88T ar radz\u0113m &#8226; MMK Riepas","isPartOf":{"@id":"https:\/\/mmkriepas.lv\/en\/#website"},"primaryImageOfPage":{"@id":"https:\/\/mmkriepas.lv\/en\/p\/185-65r15-goodyear-ultragrip-600-88t-ar-radzem\/#primaryimage"},"image":{"@id":"https:\/\/mmkriepas.lv\/en\/p\/185-65r15-goodyear-ultragrip-600-88t-ar-radzem\/#primaryimage"},"thumbnailUrl":"https:\/\/mmkriepas.lv\/wp-content\/uploads\/2024\/01\/20555r16-goodyear-ultragrip-600-94t-xl-fp-ar-radzem-ziemas-riepas-ziemas-ar-radzem-riepas.jpg","datePublished":"2023-11-09T13:38:24+00:00","dateModified":"2026-03-27T11:45:27+00:00","breadcrumb":{"@id":"https:\/\/mmkriepas.lv\/en\/p\/185-65r15-goodyear-ultragrip-600-88t-ar-radzem\/#breadcrumb"},"inLanguage":"en-US","potentialAction":[{"@type":"ReadAction","target":["https:\/\/mmkriepas.lv\/en\/p\/185-65r15-goodyear-ultragrip-600-88t-ar-radzem\/"]}]},{"@type":"ImageObject","inLanguage":"en-US","@id":"https:\/\/mmkriepas.lv\/en\/p\/185-65r15-goodyear-ultragrip-600-88t-ar-radzem\/#primaryimage","url":"https:\/\/mmkriepas.lv\/wp-content\/uploads\/2024\/01\/20555r16-goodyear-ultragrip-600-94t-xl-fp-ar-radzem-ziemas-riepas-ziemas-ar-radzem-riepas.jpg","contentUrl":"https:\/\/mmkriepas.lv\/wp-content\/uploads\/2024\/01\/20555r16-goodyear-ultragrip-600-94t-xl-fp-ar-radzem-ziemas-riepas-ziemas-ar-radzem-riepas.jpg","width":1920,"height":1920,"caption":"MAIN"},{"@type":"BreadcrumbList","@id":"https:\/\/mmkriepas.lv\/en\/p\/185-65r15-goodyear-ultragrip-600-88t-ar-radzem\/#breadcrumb","itemListElement":[{"@type":"ListItem","position":1,"name":"S\u0101kums","item":"https:\/\/mmkriepas.lv\/en\/"},{"@type":"ListItem","position":2,"name":"185\/65R15 Goodyear UltraGrip 600 88T ar radz\u0113m"}]},{"@type":"WebSite","@id":"https:\/\/mmkriepas.lv\/en\/#website","url":"https:\/\/mmkriepas.lv\/en\/","name":"MMK Riepas","description":"MMK Riepas","alternateName":"MMK Riepu Serviss","potentialAction":[{"@type":"SearchAction","target":{"@type":"EntryPoint","urlTemplate":"https:\/\/mmkriepas.lv\/en\/?s={search_term_string}"},"query-input":{"@type":"PropertyValueSpecification","valueRequired":true,"valueName":"search_term_string"}}],"inLanguage":"en-US"},{"@type":"ImageObject","inLanguage":"en-US","@id":"https:\/\/mmkriepas.lv\/en\/p\/185-65r15-goodyear-ultragrip-600-88t-ar-radzem\/#local-main-organization-logo","url":"","contentUrl":"","caption":"MMK Riepas"}]},"product_brand":"Goodyear UltraGrip 600","product_price_amount":"74.00","product_price_currency":"EUR","og_availability":"instock","product_availability":"instock","product_retailer_item_id":"TR1856515GOODY-L31208","product_condition":"new"},"_links":{"self":[{"href":"https:\/\/mmkriepas.lv\/en\/wp-json\/wp\/v2\/product\/822990","targetHints":{"allow":["GET"]}}],"collection":[{"href":"https:\/\/mmkriepas.lv\/en\/wp-json\/wp\/v2\/product"}],"about":[{"href":"https:\/\/mmkriepas.lv\/en\/wp-json\/wp\/v2\/types\/product"}],"wp:featuredmedia":[{"embeddable":true,"href":"https:\/\/mmkriepas.lv\/en\/wp-json\/wp\/v2\/media\/847060"}],"wp:attachment":[{"href":"https:\/\/mmkriepas.lv\/en\/wp-json\/wp\/v2\/media?parent=822990"}],"wp:term":[{"taxonomy":"product_brand","embeddable":true,"href":"https:\/\/mmkriepas.lv\/en\/wp-json\/wp\/v2\/product_brand?post=822990"},{"taxonomy":"product_cat","embeddable":true,"href":"https:\/\/mmkriepas.lv\/en\/wp-json\/wp\/v2\/product_cat?post=822990"},{"taxonomy":"product_tag","embeddable":true,"href":"https:\/\/mmkriepas.lv\/en\/wp-json\/wp\/v2\/product_tag?post=822990"}],"curies":[{"name":"wp","href":"https:\/\/api.w.org\/{rel}","templated":true}]}}