{"id":820764,"date":"2023-11-05T17:28:15","date_gmt":"2023-11-05T15:28:15","guid":{"rendered":"https:\/\/mmkserviss.lv\/?post_type=product&#038;p=820764"},"modified":"2026-03-30T15:58:10","modified_gmt":"2026-03-30T12:58:10","slug":"225-55r17-imperial-snowdragon-uhp-101v-xl","status":"publish","type":"product","link":"https:\/\/mmkriepas.lv\/en\/p\/225-55r17-imperial-snowdragon-uhp-101v-xl\/","title":{"rendered":"225\/55R17 Imperial Snowdragon UHP 101V XL"},"content":{"rendered":"<p><strong>Imperial Snowdragon UHP<\/strong> ir ziemas riepa, kas piem\u0113rota liel\u0101kajai da\u013cai popul\u0101r\u0101ko m\u016bsdienu auto mode\u013cu. Tas izce\u013cas ar lielisk\u0101m veiktsp\u0113jas \u012bpa\u0161\u012bb\u0101m gan uz sausa asfalta, gan ar\u012b apsnigu\u0161iem lauku ce\u013ciem.<\/p>\n<p><strong>Snowdragon UHP galven\u0101s iez\u012bmes<\/strong><\/p>\n<ul>\n<li>Virz\u012btais protektora dizains, kas uzr\u0101da lieliskus veiktsp\u0113jas r\u0101d\u012bt\u0101jus visda\u017e\u0101d\u0101kajos brauk\u0161anas apst\u0101k\u013cos!<\/li>\n<li>Vi\u013c\u0146veida lameles, kuras pal\u012bdz\u0113s c\u012b\u0146\u0101 ar apsnigu\u0161iem un apldeoju\u0161iem ce\u013ciem!<\/li>\n<li>Samazin\u0101ts akvaplan\u0113\u0161anas un s\u0101nsl\u012b\u017eu risks!<\/li>\n<li>Unik\u0101la centr\u0101l\u0101 protektora bloku virkne!<\/li>\n<\/ul>\n<h3><strong>Snowdragon UHP apr\u012bkojums<\/strong><\/h3>\n<p>Virz\u012bt\u0101 stil\u0101 izvietotajos protektora blokos bl\u012bvi iestr\u0101d\u0101ti vair\u0101ki t\u016bksto\u0161i vi\u013c\u0146veida lame\u013cu, kuras v\u0113rstas da\u017e\u0101dos virzienos. \u0160\u0101ds lame\u013cu izvietojuma veids pal\u012bdz veidot sa\u0137eri ar vissliden\u0101kaj\u0101m ce\u013ca virsm\u0101m, samazin\u0101t akvaplan\u0113\u0161anas un s\u0101nsl\u012b\u017eu risku.<\/p>\n<p>Centr\u0101l\u0101 protektora bloku virkne izveidota &#8220;pinum\u0101&#8221;, kas \u013c\u0101vis riepu padar\u012bt ne tikai stabil\u0101ku, bet ar\u012b veiktsp\u0113j\u012bg\u0101ku dzi\u013c\u0101 snieg\u0101.\u00a0<\/p>\n<p>Viss protektora raksts darin\u0101ts no augstas kvalit\u0101tes gumijas, kuras sast\u0101vam pievienota vesela virkne elastrom\u0113ru, liekot riepai saglab\u0101t elast\u012bbu pla\u0161\u0101 temperat\u016bru diapazon\u0101. Elast\u012bga riepa daudz lab\u0101k veido sa\u0137eri ar ce\u013cu.\u00a0<\/p>\n","protected":false},"excerpt":{"rendered":"<p><strong>Imperial Snowdragon UHP<\/strong> ir ziemas riepa, kas piem\u0113rota liel\u0101kajai da\u013cai popul\u0101r\u0101ko m\u016bsdienu auto mode\u013cu. Tas izce\u013cas ar lielisk\u0101m veiktsp\u0113jas \u012bpa\u0161\u012bb\u0101m gan uz sausa asfalta, gan ar\u012b apsnigu\u0161iem lauku ce\u013ciem.<\/p>\n","protected":false},"featured_media":837651,"template":"","meta":{"_acf_changed":false,"ngg_post_thumbnail":0},"product_brand":[],"product_cat":[47,45],"product_tag":[],"class_list":{"0":"post-820764","1":"product","2":"type-product","3":"status-publish","4":"has-post-thumbnail","6":"product_cat-vissezonas-riepas","7":"product_cat-ziemas-riepas","9":"first","10":"instock","11":"sale","12":"taxable","13":"shipping-taxable","14":"purchasable","15":"product-type-simple"},"acf":[],"yoast_head":"<!-- This site is optimized with the Yoast SEO Premium plugin v22.6 (Yoast SEO v27.3) - https:\/\/yoast.com\/product\/yoast-seo-premium-wordpress\/ -->\n<title>225\/55R17 Imperial Snowdragon UHP 101V XL &#8226; MMK Riepas<\/title>\n<meta name=\"robots\" content=\"index, follow, max-snippet:-1, max-image-preview:large, max-video-preview:-1\" \/>\n<link rel=\"canonical\" href=\"https:\/\/mmkriepas.lv\/en\/p\/225-55r17-imperial-snowdragon-uhp-101v-xl\/\" \/>\n<meta property=\"og:locale\" content=\"en_US\" \/>\n<meta property=\"og:type\" content=\"article\" \/>\n<meta property=\"og:title\" content=\"225\/55R17 Imperial Snowdragon UHP 101V XL\" \/>\n<meta property=\"og:description\" content=\"Imperial Snowdragon UHP ir ziemas riepa, kas piem\u0113rota liel\u0101kajai da\u013cai popul\u0101r\u0101ko m\u016bsdienu auto mode\u013cu. Tas izce\u013cas ar lielisk\u0101m veiktsp\u0113jas \u012bpa\u0161\u012bb\u0101m gan uz sausa asfalta, gan ar\u012b apsnigu\u0161iem lauku ce\u013ciem.\" \/>\n<meta property=\"og:url\" content=\"https:\/\/mmkriepas.lv\/en\/p\/225-55r17-imperial-snowdragon-uhp-101v-xl\/\" \/>\n<meta property=\"og:site_name\" content=\"MMK Riepas\" \/>\n<meta property=\"article:publisher\" content=\"https:\/\/www.facebook.com\/mmkserviss\/\" \/>\n<meta property=\"article:modified_time\" content=\"2026-03-30T12:58:10+00:00\" \/>\n<meta property=\"og:image\" content=\"https:\/\/mmkriepas.lv\/wp-content\/uploads\/2023\/12\/20550r17-imperial-snowdragon-uhp-93v-xl-ziemas-riepas.jpg\" \/>\n\t<meta property=\"og:image:width\" content=\"1920\" \/>\n\t<meta property=\"og:image:height\" content=\"1920\" \/>\n\t<meta property=\"og:image:type\" content=\"image\/jpeg\" \/>\n<meta name=\"twitter:card\" content=\"summary_large_image\" \/>\n<meta name=\"twitter:label1\" content=\"Price\" \/>\n\t<meta name=\"twitter:data1\" content=\"&euro;66.00\" \/>\n\t<meta name=\"twitter:label2\" content=\"Availability\" \/>\n\t<meta name=\"twitter:data2\" content=\"In stock\" \/>\n<script type=\"application\/ld+json\" class=\"yoast-schema-graph\">{\"@context\":\"https:\\\/\\\/schema.org\",\"@graph\":[{\"@type\":\"WebPage\",\"@id\":\"https:\\\/\\\/mmkriepas.lv\\\/en\\\/p\\\/225-55r17-imperial-snowdragon-uhp-101v-xl\\\/\",\"url\":\"https:\\\/\\\/mmkriepas.lv\\\/en\\\/p\\\/225-55r17-imperial-snowdragon-uhp-101v-xl\\\/\",\"name\":\"225\\\/55R17 Imperial Snowdragon UHP 101V XL &#8226; MMK Riepas\",\"isPartOf\":{\"@id\":\"https:\\\/\\\/mmkriepas.lv\\\/en\\\/#website\"},\"primaryImageOfPage\":{\"@id\":\"https:\\\/\\\/mmkriepas.lv\\\/en\\\/p\\\/225-55r17-imperial-snowdragon-uhp-101v-xl\\\/#primaryimage\"},\"image\":{\"@id\":\"https:\\\/\\\/mmkriepas.lv\\\/en\\\/p\\\/225-55r17-imperial-snowdragon-uhp-101v-xl\\\/#primaryimage\"},\"thumbnailUrl\":\"https:\\\/\\\/mmkriepas.lv\\\/wp-content\\\/uploads\\\/2023\\\/12\\\/20550r17-imperial-snowdragon-uhp-93v-xl-ziemas-riepas.jpg\",\"datePublished\":\"2023-11-05T15:28:15+00:00\",\"dateModified\":\"2026-03-30T12:58:10+00:00\",\"breadcrumb\":{\"@id\":\"https:\\\/\\\/mmkriepas.lv\\\/en\\\/p\\\/225-55r17-imperial-snowdragon-uhp-101v-xl\\\/#breadcrumb\"},\"inLanguage\":\"en-US\",\"potentialAction\":[{\"@type\":\"ReadAction\",\"target\":[\"https:\\\/\\\/mmkriepas.lv\\\/en\\\/p\\\/225-55r17-imperial-snowdragon-uhp-101v-xl\\\/\"]}]},{\"@type\":\"ImageObject\",\"inLanguage\":\"en-US\",\"@id\":\"https:\\\/\\\/mmkriepas.lv\\\/en\\\/p\\\/225-55r17-imperial-snowdragon-uhp-101v-xl\\\/#primaryimage\",\"url\":\"https:\\\/\\\/mmkriepas.lv\\\/wp-content\\\/uploads\\\/2023\\\/12\\\/20550r17-imperial-snowdragon-uhp-93v-xl-ziemas-riepas.jpg\",\"contentUrl\":\"https:\\\/\\\/mmkriepas.lv\\\/wp-content\\\/uploads\\\/2023\\\/12\\\/20550r17-imperial-snowdragon-uhp-93v-xl-ziemas-riepas.jpg\",\"width\":1920,\"height\":1920,\"caption\":\"MAIN\"},{\"@type\":\"BreadcrumbList\",\"@id\":\"https:\\\/\\\/mmkriepas.lv\\\/en\\\/p\\\/225-55r17-imperial-snowdragon-uhp-101v-xl\\\/#breadcrumb\",\"itemListElement\":[{\"@type\":\"ListItem\",\"position\":1,\"name\":\"S\u0101kums\",\"item\":\"https:\\\/\\\/mmkriepas.lv\\\/en\\\/\"},{\"@type\":\"ListItem\",\"position\":2,\"name\":\"225\\\/55R17 Imperial Snowdragon UHP 101V XL\"}]},{\"@type\":\"WebSite\",\"@id\":\"https:\\\/\\\/mmkriepas.lv\\\/en\\\/#website\",\"url\":\"https:\\\/\\\/mmkriepas.lv\\\/en\\\/\",\"name\":\"MMK Riepas\",\"description\":\"MMK Riepas\",\"alternateName\":\"MMK Riepu Serviss\",\"potentialAction\":[{\"@type\":\"SearchAction\",\"target\":{\"@type\":\"EntryPoint\",\"urlTemplate\":\"https:\\\/\\\/mmkriepas.lv\\\/en\\\/?s={search_term_string}\"},\"query-input\":{\"@type\":\"PropertyValueSpecification\",\"valueRequired\":true,\"valueName\":\"search_term_string\"}}],\"inLanguage\":\"en-US\"},{\"@type\":\"ImageObject\",\"inLanguage\":\"en-US\",\"@id\":\"https:\\\/\\\/mmkriepas.lv\\\/en\\\/p\\\/225-55r17-imperial-snowdragon-uhp-101v-xl\\\/#local-main-organization-logo\",\"url\":\"\",\"contentUrl\":\"\",\"caption\":\"MMK Riepas\"}]}<\/script>\n<meta property=\"product:brand\" content=\"Imperial Snowdragon UHP\" \/>\n<meta property=\"product:price:amount\" content=\"66.00\" \/>\n<meta property=\"product:price:currency\" content=\"EUR\" \/>\n<meta property=\"og:availability\" content=\"instock\" \/>\n<meta property=\"product:availability\" content=\"instock\" \/>\n<meta property=\"product:retailer_item_id\" content=\"TW2255517Imper-E31058\" \/>\n<meta property=\"product:condition\" content=\"new\" \/>\n<!-- \/ Yoast SEO Premium plugin. -->","yoast_head_json":{"title":"225\/55R17 Imperial Snowdragon UHP 101V XL &#8226; MMK Riepas","robots":{"index":"index","follow":"follow","max-snippet":"max-snippet:-1","max-image-preview":"max-image-preview:large","max-video-preview":"max-video-preview:-1"},"canonical":"https:\/\/mmkriepas.lv\/en\/p\/225-55r17-imperial-snowdragon-uhp-101v-xl\/","og_locale":"en_US","og_type":"article","og_title":"225\/55R17 Imperial Snowdragon UHP 101V XL","og_description":"Imperial Snowdragon UHP ir ziemas riepa, kas piem\u0113rota liel\u0101kajai da\u013cai popul\u0101r\u0101ko m\u016bsdienu auto mode\u013cu. Tas izce\u013cas ar lielisk\u0101m veiktsp\u0113jas \u012bpa\u0161\u012bb\u0101m gan uz sausa asfalta, gan ar\u012b apsnigu\u0161iem lauku ce\u013ciem.","og_url":"https:\/\/mmkriepas.lv\/en\/p\/225-55r17-imperial-snowdragon-uhp-101v-xl\/","og_site_name":"MMK Riepas","article_publisher":"https:\/\/www.facebook.com\/mmkserviss\/","article_modified_time":"2026-03-30T12:58:10+00:00","og_image":[{"width":1920,"height":1920,"url":"https:\/\/mmkriepas.lv\/wp-content\/uploads\/2023\/12\/20550r17-imperial-snowdragon-uhp-93v-xl-ziemas-riepas.jpg","type":"image\/jpeg"}],"twitter_card":"summary_large_image","twitter_misc":{"Price":"&euro;66.00","Availability":"In stock"},"schema":{"@context":"https:\/\/schema.org","@graph":[{"@type":"WebPage","@id":"https:\/\/mmkriepas.lv\/en\/p\/225-55r17-imperial-snowdragon-uhp-101v-xl\/","url":"https:\/\/mmkriepas.lv\/en\/p\/225-55r17-imperial-snowdragon-uhp-101v-xl\/","name":"225\/55R17 Imperial Snowdragon UHP 101V XL &#8226; MMK Riepas","isPartOf":{"@id":"https:\/\/mmkriepas.lv\/en\/#website"},"primaryImageOfPage":{"@id":"https:\/\/mmkriepas.lv\/en\/p\/225-55r17-imperial-snowdragon-uhp-101v-xl\/#primaryimage"},"image":{"@id":"https:\/\/mmkriepas.lv\/en\/p\/225-55r17-imperial-snowdragon-uhp-101v-xl\/#primaryimage"},"thumbnailUrl":"https:\/\/mmkriepas.lv\/wp-content\/uploads\/2023\/12\/20550r17-imperial-snowdragon-uhp-93v-xl-ziemas-riepas.jpg","datePublished":"2023-11-05T15:28:15+00:00","dateModified":"2026-03-30T12:58:10+00:00","breadcrumb":{"@id":"https:\/\/mmkriepas.lv\/en\/p\/225-55r17-imperial-snowdragon-uhp-101v-xl\/#breadcrumb"},"inLanguage":"en-US","potentialAction":[{"@type":"ReadAction","target":["https:\/\/mmkriepas.lv\/en\/p\/225-55r17-imperial-snowdragon-uhp-101v-xl\/"]}]},{"@type":"ImageObject","inLanguage":"en-US","@id":"https:\/\/mmkriepas.lv\/en\/p\/225-55r17-imperial-snowdragon-uhp-101v-xl\/#primaryimage","url":"https:\/\/mmkriepas.lv\/wp-content\/uploads\/2023\/12\/20550r17-imperial-snowdragon-uhp-93v-xl-ziemas-riepas.jpg","contentUrl":"https:\/\/mmkriepas.lv\/wp-content\/uploads\/2023\/12\/20550r17-imperial-snowdragon-uhp-93v-xl-ziemas-riepas.jpg","width":1920,"height":1920,"caption":"MAIN"},{"@type":"BreadcrumbList","@id":"https:\/\/mmkriepas.lv\/en\/p\/225-55r17-imperial-snowdragon-uhp-101v-xl\/#breadcrumb","itemListElement":[{"@type":"ListItem","position":1,"name":"S\u0101kums","item":"https:\/\/mmkriepas.lv\/en\/"},{"@type":"ListItem","position":2,"name":"225\/55R17 Imperial Snowdragon UHP 101V XL"}]},{"@type":"WebSite","@id":"https:\/\/mmkriepas.lv\/en\/#website","url":"https:\/\/mmkriepas.lv\/en\/","name":"MMK Riepas","description":"MMK Riepas","alternateName":"MMK Riepu Serviss","potentialAction":[{"@type":"SearchAction","target":{"@type":"EntryPoint","urlTemplate":"https:\/\/mmkriepas.lv\/en\/?s={search_term_string}"},"query-input":{"@type":"PropertyValueSpecification","valueRequired":true,"valueName":"search_term_string"}}],"inLanguage":"en-US"},{"@type":"ImageObject","inLanguage":"en-US","@id":"https:\/\/mmkriepas.lv\/en\/p\/225-55r17-imperial-snowdragon-uhp-101v-xl\/#local-main-organization-logo","url":"","contentUrl":"","caption":"MMK Riepas"}]},"product_brand":"Imperial Snowdragon UHP","product_price_amount":"66.00","product_price_currency":"EUR","og_availability":"instock","product_availability":"instock","product_retailer_item_id":"TW2255517Imper-E31058","product_condition":"new"},"_links":{"self":[{"href":"https:\/\/mmkriepas.lv\/en\/wp-json\/wp\/v2\/product\/820764","targetHints":{"allow":["GET"]}}],"collection":[{"href":"https:\/\/mmkriepas.lv\/en\/wp-json\/wp\/v2\/product"}],"about":[{"href":"https:\/\/mmkriepas.lv\/en\/wp-json\/wp\/v2\/types\/product"}],"wp:featuredmedia":[{"embeddable":true,"href":"https:\/\/mmkriepas.lv\/en\/wp-json\/wp\/v2\/media\/837651"}],"wp:attachment":[{"href":"https:\/\/mmkriepas.lv\/en\/wp-json\/wp\/v2\/media?parent=820764"}],"wp:term":[{"taxonomy":"product_brand","embeddable":true,"href":"https:\/\/mmkriepas.lv\/en\/wp-json\/wp\/v2\/product_brand?post=820764"},{"taxonomy":"product_cat","embeddable":true,"href":"https:\/\/mmkriepas.lv\/en\/wp-json\/wp\/v2\/product_cat?post=820764"},{"taxonomy":"product_tag","embeddable":true,"href":"https:\/\/mmkriepas.lv\/en\/wp-json\/wp\/v2\/product_tag?post=820764"}],"curies":[{"name":"wp","href":"https:\/\/api.w.org\/{rel}","templated":true}]}}