{"id":819918,"date":"2023-11-03T18:52:53","date_gmt":"2023-11-03T16:52:53","guid":{"rendered":"https:\/\/mmkserviss.lv\/?post_type=product&#038;p=819918"},"modified":"2026-03-27T13:11:26","modified_gmt":"2026-03-27T11:11:26","slug":"205-65r15c-lassa-wintus-2-102-100r-2","status":"publish","type":"product","link":"https:\/\/mmkriepas.lv\/en\/p\/205-65r15c-lassa-wintus-2-102-100r-2\/","title":{"rendered":"205\/65R15C Lassa Wintus 2 102\/100R (Bridgestone)"},"content":{"rendered":"<p><b>Lassa Wintus 2<\/b> ir ziemas riepu modelis, kas paredz\u0113ts komerctransportam. Tas izce\u013cas ar labiem sa\u0137eres r\u0101d\u012bt\u0101jiem uz jebk\u0101da ce\u013ca seguma, gludu, pat\u012bkamu gaitu, degvielas ekonomiskumu un triecieniztur\u012bbu.\u00a0 <o:p><\/o:p><\/p>\n<p><b>Modelis apr\u012bkots ar <\/b>klasisko, simetrisko protektora dizainu, vair\u0101kiem t\u016bksto\u0161iem lame\u013cu, pastiprin\u0101tiem bortiem un papildus brekera jeb kordu sl\u0101ni.\u00a0<o:p><\/o:p><\/p>\n<h3>Lassa Wintus 2 galven\u0101s iez\u012bmes<o:p><\/o:p><\/h3>\n<p>+ Labi r\u0101d\u012bt\u0101ji jebk\u0101dos brauk\u0161anas apst\u0101k\u013cos, pateicoties ori\u0123in\u0101lajam protektora dizainam! <o:p><\/o:p><\/p>\n<p>+ Palielin\u0101ts lame\u013cu sabl\u012bv\u0113jums pal\u012bdz\u0113s c\u012b\u0146\u0101 ar apledopju\u0161iem ce\u013ciem! <o:p><\/o:p><\/p>\n<p>+ Palielin\u0101ta triecieniztur\u012bba un kalpotsp\u0113ja! <o:p><\/o:p><\/p>\n<p>+ Degvielas ekonomija! <o:p><\/o:p><\/p>\n<p>+ Gluda un pat\u012bkama gaita!<o:p><\/o:p><\/p>\n<h3>Wintus 2 protektors<o:p><\/o:p><\/h3>\n<p>\u0160\u012b mode\u013ca protektora raksts veidots klasiskaj\u0101 stil\u0101, lai uzlabotu veiktsp\u0113ju bargos ziemas apst\u0101k\u013cos. Riepas centr\u0101laj\u0101 protektora da\u013c\u0101 ir rievas, kas izcili veido sa\u0137eri ar sniegu, palielina stabilit\u0101ti un manevr\u0113tsp\u0113ju pat lielos brauk\u0161anas \u0101trumos. Protektora bloki izvietoti t\u0101, lai starp tiem rastos platas dren\u0101\u017eas rievas, kas paredz\u0113tas \u016bdens un sniega novadei no kontakta virsmas. Blokos bl\u012bvi iestr\u0101d\u0101ti vair\u0101ki t\u016bksto\u0161i lame\u013cu, kas ar as\u0101m kant\u0113m iec\u0113rtas led\u016b, veidojot sa\u0137eri.\u00a0 Riepas karkass pastiprin\u0101ts ar papildus brekera jeb kordu sl\u0101ni, lai pailzdin\u0101tu t\u0101 kalpotsp\u0113ju un padar\u012btu to triecieniztur\u012bg\u0101ku. Turkl\u0101t, riepa ir ar pazemin\u0101tu degvielas pat\u0113ri\u0146a koeficentu. \u0160\u0101da \u012bpa\u0161\u012bbu kombin\u0101cija padara riepu par lielisku izv\u0113li tiem, kas riepas v\u0113las ieg\u0101d\u0101ties p\u0113c iesp\u0113jas ret\u0101k, taj\u0101 pa\u0161\u0101 laik\u0101 ar\u012b ietaupot degvielu. <o:p><\/o:p><\/p>\n<p><b>Lassa Wintus 2 <\/b>mode\u013ca lieto\u0161anas dro\u0161\u012bbu ziemas laika apst\u0101k\u013cos un t\u0101 atbilst\u012bbu valst\u012bm ar oblig\u0101tu sezon\u0101lo riepu mai\u0146u apstiprina mar\u0137\u0113jums sniegp\u0101rslas form\u0101 uz kalna fona ar trim virsotn\u0113m (3PMSF).<\/p>\n","protected":false},"excerpt":{"rendered":"<p><b><span style=\"font-family: 'Arial',sans-serif;\">Lassa Wintus 2<\/span><\/b><span style=\"font-family: 'Arial',sans-serif;\"> ir ziemas riepu modelis, kas paredz\u0113ts komerctransportam. Tas izce\u013cas ar labiem sa\u0137eres r\u0101d\u012bt\u0101jiem uz jebk\u0101da ce\u013ca seguma, gludu, pat\u012bkamu gaitu, degvielas ekonomiskumu un triecieniztur\u012bbu.\u00a0Modelis apr\u012bkots ar<b> <\/b>klasisko, simetrisko protektora dizainu, vair\u0101kiem t\u016bksto\u0161iem lame\u013cu, pastiprin\u0101tiem bortiem un papildus brekera jeb kordu sl\u0101ni.\u00a0<\/span><\/p>\n","protected":false},"featured_media":279513,"template":"","meta":{"_acf_changed":false,"ngg_post_thumbnail":0},"product_brand":[],"product_cat":[23644,23643],"product_tag":[],"class_list":{"0":"post-819918","1":"product","2":"type-product","3":"status-publish","4":"has-post-thumbnail","6":"product_cat-all-season-tyres","7":"product_cat-winter-tyres","9":"first","10":"instock","11":"sale","12":"taxable","13":"shipping-taxable","14":"purchasable","15":"product-type-simple"},"acf":[],"yoast_head":"<!-- This site is optimized with the Yoast SEO Premium plugin v22.6 (Yoast SEO v27.3) - https:\/\/yoast.com\/product\/yoast-seo-premium-wordpress\/ -->\n<title>205\/65R15C Lassa Wintus 2 102\/100R (Bridgestone) &#8226; MMK Riepas<\/title>\n<meta name=\"robots\" content=\"index, follow, max-snippet:-1, max-image-preview:large, max-video-preview:-1\" \/>\n<link rel=\"canonical\" href=\"https:\/\/mmkriepas.lv\/en\/p\/205-65r15c-lassa-wintus-2-102-100r-2\/\" \/>\n<meta property=\"og:locale\" content=\"en_US\" \/>\n<meta property=\"og:type\" content=\"article\" \/>\n<meta property=\"og:title\" content=\"205\/65R15C Lassa Wintus 2 102\/100R (Bridgestone)\" \/>\n<meta property=\"og:description\" content=\"Lassa Wintus 2 ir ziemas riepu modelis, kas paredz\u0113ts komerctransportam. Tas izce\u013cas ar labiem sa\u0137eres r\u0101d\u012bt\u0101jiem uz jebk\u0101da ce\u013ca seguma, gludu, pat\u012bkamu gaitu, degvielas ekonomiskumu un triecieniztur\u012bbu.\u00a0Modelis apr\u012bkots ar klasisko, simetrisko protektora dizainu, vair\u0101kiem t\u016bksto\u0161iem lame\u013cu, pastiprin\u0101tiem bortiem un papildus brekera jeb kordu sl\u0101ni.\u00a0\" \/>\n<meta property=\"og:url\" content=\"https:\/\/mmkriepas.lv\/en\/p\/205-65r15c-lassa-wintus-2-102-100r-2\/\" \/>\n<meta property=\"og:site_name\" content=\"MMK Riepas\" \/>\n<meta property=\"article:publisher\" content=\"https:\/\/www.facebook.com\/mmkserviss\/\" \/>\n<meta property=\"article:modified_time\" content=\"2026-03-27T11:11:26+00:00\" \/>\n<meta property=\"og:image\" content=\"https:\/\/mmkriepas.lv\/wp-content\/uploads\/2022\/08\/22575r16c-lassa-wintus-2-121120r-ziemas-riepas.jpg\" \/>\n\t<meta property=\"og:image:width\" content=\"1920\" \/>\n\t<meta property=\"og:image:height\" content=\"1277\" \/>\n\t<meta property=\"og:image:type\" content=\"image\/jpeg\" \/>\n<meta name=\"twitter:card\" content=\"summary_large_image\" \/>\n<meta name=\"twitter:label1\" content=\"Price\" \/>\n\t<meta name=\"twitter:data1\" content=\"&euro;94.00\" \/>\n\t<meta name=\"twitter:label2\" content=\"Availability\" \/>\n\t<meta name=\"twitter:data2\" content=\"In stock\" \/>\n<script type=\"application\/ld+json\" class=\"yoast-schema-graph\">{\"@context\":\"https:\\\/\\\/schema.org\",\"@graph\":[{\"@type\":\"WebPage\",\"@id\":\"https:\\\/\\\/mmkriepas.lv\\\/en\\\/p\\\/205-65r15c-lassa-wintus-2-102-100r-2\\\/\",\"url\":\"https:\\\/\\\/mmkriepas.lv\\\/en\\\/p\\\/205-65r15c-lassa-wintus-2-102-100r-2\\\/\",\"name\":\"205\\\/65R15C Lassa Wintus 2 102\\\/100R (Bridgestone) &#8226; MMK Riepas\",\"isPartOf\":{\"@id\":\"https:\\\/\\\/mmkriepas.lv\\\/en\\\/#website\"},\"primaryImageOfPage\":{\"@id\":\"https:\\\/\\\/mmkriepas.lv\\\/en\\\/p\\\/205-65r15c-lassa-wintus-2-102-100r-2\\\/#primaryimage\"},\"image\":{\"@id\":\"https:\\\/\\\/mmkriepas.lv\\\/en\\\/p\\\/205-65r15c-lassa-wintus-2-102-100r-2\\\/#primaryimage\"},\"thumbnailUrl\":\"https:\\\/\\\/mmkriepas.lv\\\/wp-content\\\/uploads\\\/2022\\\/08\\\/22575r16c-lassa-wintus-2-121120r-ziemas-riepas.jpg\",\"datePublished\":\"2023-11-03T16:52:53+00:00\",\"dateModified\":\"2026-03-27T11:11:26+00:00\",\"breadcrumb\":{\"@id\":\"https:\\\/\\\/mmkriepas.lv\\\/en\\\/p\\\/205-65r15c-lassa-wintus-2-102-100r-2\\\/#breadcrumb\"},\"inLanguage\":\"en-US\",\"potentialAction\":[{\"@type\":\"ReadAction\",\"target\":[\"https:\\\/\\\/mmkriepas.lv\\\/en\\\/p\\\/205-65r15c-lassa-wintus-2-102-100r-2\\\/\"]}]},{\"@type\":\"ImageObject\",\"inLanguage\":\"en-US\",\"@id\":\"https:\\\/\\\/mmkriepas.lv\\\/en\\\/p\\\/205-65r15c-lassa-wintus-2-102-100r-2\\\/#primaryimage\",\"url\":\"https:\\\/\\\/mmkriepas.lv\\\/wp-content\\\/uploads\\\/2022\\\/08\\\/22575r16c-lassa-wintus-2-121120r-ziemas-riepas.jpg\",\"contentUrl\":\"https:\\\/\\\/mmkriepas.lv\\\/wp-content\\\/uploads\\\/2022\\\/08\\\/22575r16c-lassa-wintus-2-121120r-ziemas-riepas.jpg\",\"width\":1920,\"height\":1277,\"caption\":\"MAIN\"},{\"@type\":\"BreadcrumbList\",\"@id\":\"https:\\\/\\\/mmkriepas.lv\\\/en\\\/p\\\/205-65r15c-lassa-wintus-2-102-100r-2\\\/#breadcrumb\",\"itemListElement\":[{\"@type\":\"ListItem\",\"position\":1,\"name\":\"S\u0101kums\",\"item\":\"https:\\\/\\\/mmkriepas.lv\\\/en\\\/\"},{\"@type\":\"ListItem\",\"position\":2,\"name\":\"205\\\/65R15C Lassa Wintus 2 102\\\/100R (Bridgestone)\"}]},{\"@type\":\"WebSite\",\"@id\":\"https:\\\/\\\/mmkriepas.lv\\\/en\\\/#website\",\"url\":\"https:\\\/\\\/mmkriepas.lv\\\/en\\\/\",\"name\":\"MMK Riepas\",\"description\":\"MMK Riepas\",\"alternateName\":\"MMK Riepu Serviss\",\"potentialAction\":[{\"@type\":\"SearchAction\",\"target\":{\"@type\":\"EntryPoint\",\"urlTemplate\":\"https:\\\/\\\/mmkriepas.lv\\\/en\\\/?s={search_term_string}\"},\"query-input\":{\"@type\":\"PropertyValueSpecification\",\"valueRequired\":true,\"valueName\":\"search_term_string\"}}],\"inLanguage\":\"en-US\"},{\"@type\":\"ImageObject\",\"inLanguage\":\"en-US\",\"@id\":\"https:\\\/\\\/mmkriepas.lv\\\/en\\\/p\\\/205-65r15c-lassa-wintus-2-102-100r-2\\\/#local-main-organization-logo\",\"url\":\"\",\"contentUrl\":\"\",\"caption\":\"MMK Riepas\"}]}<\/script>\n<meta property=\"product:brand\" content=\"Lassa Wintus 2\" \/>\n<meta property=\"product:price:amount\" content=\"94.00\" \/>\n<meta property=\"product:price:currency\" content=\"EUR\" \/>\n<meta property=\"og:availability\" content=\"instock\" \/>\n<meta property=\"product:availability\" content=\"instock\" \/>\n<meta property=\"product:retailer_item_id\" content=\"TW2056515LASSA-L30971\" \/>\n<meta property=\"product:condition\" content=\"new\" \/>\n<!-- \/ Yoast SEO Premium plugin. -->","yoast_head_json":{"title":"205\/65R15C Lassa Wintus 2 102\/100R (Bridgestone) &#8226; MMK Riepas","robots":{"index":"index","follow":"follow","max-snippet":"max-snippet:-1","max-image-preview":"max-image-preview:large","max-video-preview":"max-video-preview:-1"},"canonical":"https:\/\/mmkriepas.lv\/en\/p\/205-65r15c-lassa-wintus-2-102-100r-2\/","og_locale":"en_US","og_type":"article","og_title":"205\/65R15C Lassa Wintus 2 102\/100R (Bridgestone)","og_description":"Lassa Wintus 2 ir ziemas riepu modelis, kas paredz\u0113ts komerctransportam. Tas izce\u013cas ar labiem sa\u0137eres r\u0101d\u012bt\u0101jiem uz jebk\u0101da ce\u013ca seguma, gludu, pat\u012bkamu gaitu, degvielas ekonomiskumu un triecieniztur\u012bbu.\u00a0Modelis apr\u012bkots ar klasisko, simetrisko protektora dizainu, vair\u0101kiem t\u016bksto\u0161iem lame\u013cu, pastiprin\u0101tiem bortiem un papildus brekera jeb kordu sl\u0101ni.\u00a0","og_url":"https:\/\/mmkriepas.lv\/en\/p\/205-65r15c-lassa-wintus-2-102-100r-2\/","og_site_name":"MMK Riepas","article_publisher":"https:\/\/www.facebook.com\/mmkserviss\/","article_modified_time":"2026-03-27T11:11:26+00:00","og_image":[{"width":1920,"height":1277,"url":"https:\/\/mmkriepas.lv\/wp-content\/uploads\/2022\/08\/22575r16c-lassa-wintus-2-121120r-ziemas-riepas.jpg","type":"image\/jpeg"}],"twitter_card":"summary_large_image","twitter_misc":{"Price":"&euro;94.00","Availability":"In stock"},"schema":{"@context":"https:\/\/schema.org","@graph":[{"@type":"WebPage","@id":"https:\/\/mmkriepas.lv\/en\/p\/205-65r15c-lassa-wintus-2-102-100r-2\/","url":"https:\/\/mmkriepas.lv\/en\/p\/205-65r15c-lassa-wintus-2-102-100r-2\/","name":"205\/65R15C Lassa Wintus 2 102\/100R (Bridgestone) &#8226; MMK Riepas","isPartOf":{"@id":"https:\/\/mmkriepas.lv\/en\/#website"},"primaryImageOfPage":{"@id":"https:\/\/mmkriepas.lv\/en\/p\/205-65r15c-lassa-wintus-2-102-100r-2\/#primaryimage"},"image":{"@id":"https:\/\/mmkriepas.lv\/en\/p\/205-65r15c-lassa-wintus-2-102-100r-2\/#primaryimage"},"thumbnailUrl":"https:\/\/mmkriepas.lv\/wp-content\/uploads\/2022\/08\/22575r16c-lassa-wintus-2-121120r-ziemas-riepas.jpg","datePublished":"2023-11-03T16:52:53+00:00","dateModified":"2026-03-27T11:11:26+00:00","breadcrumb":{"@id":"https:\/\/mmkriepas.lv\/en\/p\/205-65r15c-lassa-wintus-2-102-100r-2\/#breadcrumb"},"inLanguage":"en-US","potentialAction":[{"@type":"ReadAction","target":["https:\/\/mmkriepas.lv\/en\/p\/205-65r15c-lassa-wintus-2-102-100r-2\/"]}]},{"@type":"ImageObject","inLanguage":"en-US","@id":"https:\/\/mmkriepas.lv\/en\/p\/205-65r15c-lassa-wintus-2-102-100r-2\/#primaryimage","url":"https:\/\/mmkriepas.lv\/wp-content\/uploads\/2022\/08\/22575r16c-lassa-wintus-2-121120r-ziemas-riepas.jpg","contentUrl":"https:\/\/mmkriepas.lv\/wp-content\/uploads\/2022\/08\/22575r16c-lassa-wintus-2-121120r-ziemas-riepas.jpg","width":1920,"height":1277,"caption":"MAIN"},{"@type":"BreadcrumbList","@id":"https:\/\/mmkriepas.lv\/en\/p\/205-65r15c-lassa-wintus-2-102-100r-2\/#breadcrumb","itemListElement":[{"@type":"ListItem","position":1,"name":"S\u0101kums","item":"https:\/\/mmkriepas.lv\/en\/"},{"@type":"ListItem","position":2,"name":"205\/65R15C Lassa Wintus 2 102\/100R (Bridgestone)"}]},{"@type":"WebSite","@id":"https:\/\/mmkriepas.lv\/en\/#website","url":"https:\/\/mmkriepas.lv\/en\/","name":"MMK Riepas","description":"MMK Riepas","alternateName":"MMK Riepu Serviss","potentialAction":[{"@type":"SearchAction","target":{"@type":"EntryPoint","urlTemplate":"https:\/\/mmkriepas.lv\/en\/?s={search_term_string}"},"query-input":{"@type":"PropertyValueSpecification","valueRequired":true,"valueName":"search_term_string"}}],"inLanguage":"en-US"},{"@type":"ImageObject","inLanguage":"en-US","@id":"https:\/\/mmkriepas.lv\/en\/p\/205-65r15c-lassa-wintus-2-102-100r-2\/#local-main-organization-logo","url":"","contentUrl":"","caption":"MMK Riepas"}]},"product_brand":"Lassa Wintus 2","product_price_amount":"94.00","product_price_currency":"EUR","og_availability":"instock","product_availability":"instock","product_retailer_item_id":"TW2056515LASSA-L30971","product_condition":"new"},"_links":{"self":[{"href":"https:\/\/mmkriepas.lv\/en\/wp-json\/wp\/v2\/product\/819918","targetHints":{"allow":["GET"]}}],"collection":[{"href":"https:\/\/mmkriepas.lv\/en\/wp-json\/wp\/v2\/product"}],"about":[{"href":"https:\/\/mmkriepas.lv\/en\/wp-json\/wp\/v2\/types\/product"}],"wp:featuredmedia":[{"embeddable":true,"href":"https:\/\/mmkriepas.lv\/en\/wp-json\/wp\/v2\/media\/279513"}],"wp:attachment":[{"href":"https:\/\/mmkriepas.lv\/en\/wp-json\/wp\/v2\/media?parent=819918"}],"wp:term":[{"taxonomy":"product_brand","embeddable":true,"href":"https:\/\/mmkriepas.lv\/en\/wp-json\/wp\/v2\/product_brand?post=819918"},{"taxonomy":"product_cat","embeddable":true,"href":"https:\/\/mmkriepas.lv\/en\/wp-json\/wp\/v2\/product_cat?post=819918"},{"taxonomy":"product_tag","embeddable":true,"href":"https:\/\/mmkriepas.lv\/en\/wp-json\/wp\/v2\/product_tag?post=819918"}],"curies":[{"name":"wp","href":"https:\/\/api.w.org\/{rel}","templated":true}]}}