{"id":8181,"date":"2017-04-01T11:20:10","date_gmt":"2017-04-01T08:20:10","guid":{"rendered":"https:\/\/mmkserviss.lv\/katalogs\/vasaras-riepas\/vasaras-riepas-19565r15-firestone-roadhawk-91h\/"},"modified":"2025-05-08T17:47:13","modified_gmt":"2025-05-08T14:47:13","slug":"vasaras-riepas-19565r15-firestone-roadhawk-91h","status":"publish","type":"product","link":"https:\/\/mmkriepas.lv\/en\/p\/vasaras-riepas-19565r15-firestone-roadhawk-91h\/","title":{"rendered":"195\/65R15 Firestone Roadhawk 91H"},"content":{"rendered":"<h2>Vasaras riepas&nbsp;Firestone Roadhawk<\/h2>\n<p>&nbsp;<\/p>\n<p>Riepu ra\u017eot\u0101js un modelis:<strong>&nbsp;Firestone Roadhawk&nbsp;<\/strong><\/p>\n<p>Modelis piem\u0113rots brauk\u0161anai da\u017e\u0101dos apst\u0101k\u013cos un lieliem nobraukumiem.<\/p>\n<p>MMK Serviss pied\u0101v\u0101 kvalitat\u012bvas premium klases vasaras riepas <b>Firestone<\/b>, kas pieder pasaules riepu ra\u017eot\u0101jam Nr. 1 -&gt; <strong>Bridgestone<\/strong>. Firestone n\u0101k no Kan\u0101das un uz\u0146\u0113mumam &nbsp;ir &nbsp;vair\u0101k k\u0101 100 gadu ra\u017eo\u0161anas pieredze. Kautgan uz\u0146\u0113mums kvalific\u0113jas pr\u0113mium klas\u0113, riepas ra\u017eo priek\u0161 vid\u0113j\u0101 cenu sagmenta. Riepas \u0161is uz\u0146\u0113mums ra\u017eo ar visaugst\u0101k att\u012bst\u012bt\u0101kaj\u0101m tehnolo\u0123ij\u0101m riepu in\u017eenierij\u0101. Pateicoties sav\u0101m augst\u0101s kvalit\u0101tes riep\u0101m ierindojas starp lab\u0101kajiem presti\u017eos riepu testos vis\u0101 pasaul\u0113.<\/p>\n<p><strong>Firestone Roadhawk&nbsp;\u012bpa\u0161\u012bbas:<\/strong><strong>&nbsp;<\/strong><\/p>\n<p>+ \u013coti augsta <strong>nodilumiztur\u012bba, <\/strong>kas noz\u012bm\u0113 lielu nobraukumu<br \/>\n+ zema rites pretest\u012bba<br \/>\n+ dinamiska un dro\u0161a vad\u0101m\u012bb\u0101 gan uz sausa, gan mitra seguma<br \/>\n+ augst\u0101kie r\u0101d\u012bt\u0101ji bremz\u0113\u0161ana uz sausa seguma (A)<br \/>\n+ prec\u012bza reakcija uz st\u016bres kust\u012bb\u0101m<br \/>\n+ A r\u0101d\u012bt\u0101ji sa\u0137erei uz mitra seguma (izcili)<br \/>\n+ stabilit\u0101te pagriezienos<br \/>\n+ klusas riepas<br \/>\n+ garantija<ins class=\"copy_element\"><br \/>\n<\/ins><\/p>\n","protected":false},"excerpt":{"rendered":"<p>Vasaras riepas&nbsp;Firestone Roadhawk &nbsp; Riepu ra\u017eot\u0101js un modelis:&nbsp;Firestone Roadhawk&nbsp; Modelis piem\u0113rots brauk\u0161anai da\u017e\u0101dos apst\u0101k\u013cos un lieliem nobraukumiem. MMK Serviss pied\u0101v\u0101 kvalitat\u012bvas premium klases vasaras riepas Firestone, kas pieder pasaules riepu<\/p>\n","protected":false},"featured_media":8158,"template":"","meta":{"_acf_changed":false,"ngg_post_thumbnail":0},"product_brand":[],"product_cat":[46],"product_tag":[],"class_list":{"0":"post-8181","1":"product","2":"type-product","3":"status-publish","4":"has-post-thumbnail","6":"product_cat-vasaras-riepas","8":"first","9":"instock","10":"sale","11":"taxable","12":"shipping-taxable","13":"product-type-simple"},"acf":[],"yoast_head":"<!-- This site is optimized with the Yoast SEO Premium plugin v22.6 (Yoast SEO v27.3) - https:\/\/yoast.com\/product\/yoast-seo-premium-wordpress\/ -->\n<title>195\/65R15 Firestone Roadhawk 91H &#8226; MMK Riepas<\/title>\n<meta name=\"robots\" content=\"index, follow, max-snippet:-1, max-image-preview:large, max-video-preview:-1\" \/>\n<link rel=\"canonical\" href=\"https:\/\/mmkriepas.lv\/en\/p\/vasaras-riepas-19565r15-firestone-roadhawk-91h\/\" \/>\n<meta property=\"og:locale\" content=\"en_US\" \/>\n<meta property=\"og:type\" content=\"article\" \/>\n<meta property=\"og:title\" content=\"195\/65R15 Firestone Roadhawk 91H\" \/>\n<meta property=\"og:description\" content=\"Vasaras riepas&nbsp;Firestone Roadhawk &nbsp; Riepu ra\u017eot\u0101js un modelis:&nbsp;Firestone Roadhawk&nbsp; Modelis piem\u0113rots brauk\u0161anai da\u017e\u0101dos apst\u0101k\u013cos un lieliem nobraukumiem. MMK Serviss pied\u0101v\u0101 kvalitat\u012bvas premium klases vasaras riepas Firestone, kas pieder pasaules riepu\" \/>\n<meta property=\"og:url\" content=\"https:\/\/mmkriepas.lv\/en\/p\/vasaras-riepas-19565r15-firestone-roadhawk-91h\/\" \/>\n<meta property=\"og:site_name\" content=\"MMK Riepas\" \/>\n<meta property=\"article:publisher\" content=\"https:\/\/www.facebook.com\/mmkserviss\/\" \/>\n<meta property=\"article:modified_time\" content=\"2025-05-08T14:47:13+00:00\" \/>\n<meta property=\"og:image\" content=\"https:\/\/mmkriepas.lv\/wp-content\/uploads\/2017\/03\/19565r15-firestone-roadhawk-91h-vasaras-riepas-2.jpg\" \/>\n\t<meta property=\"og:image:width\" content=\"1920\" \/>\n\t<meta property=\"og:image:height\" content=\"1273\" \/>\n\t<meta property=\"og:image:type\" content=\"image\/jpeg\" \/>\n<meta name=\"twitter:card\" content=\"summary_large_image\" \/>\n<meta name=\"twitter:label1\" content=\"Price\" \/>\n\t<meta name=\"twitter:data1\" content=\"&euro;51.00\" \/>\n\t<meta name=\"twitter:label2\" content=\"Availability\" \/>\n\t<meta name=\"twitter:data2\" content=\"In stock\" \/>\n<script type=\"application\/ld+json\" class=\"yoast-schema-graph\">{\"@context\":\"https:\\\/\\\/schema.org\",\"@graph\":[{\"@type\":\"WebPage\",\"@id\":\"https:\\\/\\\/mmkriepas.lv\\\/en\\\/p\\\/vasaras-riepas-19565r15-firestone-roadhawk-91h\\\/\",\"url\":\"https:\\\/\\\/mmkriepas.lv\\\/en\\\/p\\\/vasaras-riepas-19565r15-firestone-roadhawk-91h\\\/\",\"name\":\"195\\\/65R15 Firestone Roadhawk 91H &#8226; MMK Riepas\",\"isPartOf\":{\"@id\":\"https:\\\/\\\/mmkriepas.lv\\\/en\\\/#website\"},\"primaryImageOfPage\":{\"@id\":\"https:\\\/\\\/mmkriepas.lv\\\/en\\\/p\\\/vasaras-riepas-19565r15-firestone-roadhawk-91h\\\/#primaryimage\"},\"image\":{\"@id\":\"https:\\\/\\\/mmkriepas.lv\\\/en\\\/p\\\/vasaras-riepas-19565r15-firestone-roadhawk-91h\\\/#primaryimage\"},\"thumbnailUrl\":\"https:\\\/\\\/mmkriepas.lv\\\/wp-content\\\/uploads\\\/2017\\\/03\\\/19565r15-firestone-roadhawk-91h-vasaras-riepas-2.jpg\",\"datePublished\":\"2017-04-01T08:20:10+00:00\",\"dateModified\":\"2025-05-08T14:47:13+00:00\",\"breadcrumb\":{\"@id\":\"https:\\\/\\\/mmkriepas.lv\\\/en\\\/p\\\/vasaras-riepas-19565r15-firestone-roadhawk-91h\\\/#breadcrumb\"},\"inLanguage\":\"en-US\",\"potentialAction\":[{\"@type\":\"ReadAction\",\"target\":[\"https:\\\/\\\/mmkriepas.lv\\\/en\\\/p\\\/vasaras-riepas-19565r15-firestone-roadhawk-91h\\\/\"]}]},{\"@type\":\"ImageObject\",\"inLanguage\":\"en-US\",\"@id\":\"https:\\\/\\\/mmkriepas.lv\\\/en\\\/p\\\/vasaras-riepas-19565r15-firestone-roadhawk-91h\\\/#primaryimage\",\"url\":\"https:\\\/\\\/mmkriepas.lv\\\/wp-content\\\/uploads\\\/2017\\\/03\\\/19565r15-firestone-roadhawk-91h-vasaras-riepas-2.jpg\",\"contentUrl\":\"https:\\\/\\\/mmkriepas.lv\\\/wp-content\\\/uploads\\\/2017\\\/03\\\/19565r15-firestone-roadhawk-91h-vasaras-riepas-2.jpg\",\"width\":1920,\"height\":1273,\"caption\":\"195\\\/65R15 Firestone Roadhawk 91H - Vasaras riepas\"},{\"@type\":\"BreadcrumbList\",\"@id\":\"https:\\\/\\\/mmkriepas.lv\\\/en\\\/p\\\/vasaras-riepas-19565r15-firestone-roadhawk-91h\\\/#breadcrumb\",\"itemListElement\":[{\"@type\":\"ListItem\",\"position\":1,\"name\":\"S\u0101kums\",\"item\":\"https:\\\/\\\/mmkriepas.lv\\\/en\\\/\"},{\"@type\":\"ListItem\",\"position\":2,\"name\":\"195\\\/65R15 Firestone Roadhawk 91H\"}]},{\"@type\":\"WebSite\",\"@id\":\"https:\\\/\\\/mmkriepas.lv\\\/en\\\/#website\",\"url\":\"https:\\\/\\\/mmkriepas.lv\\\/en\\\/\",\"name\":\"MMK Riepas\",\"description\":\"MMK Riepas\",\"alternateName\":\"MMK Riepu Serviss\",\"potentialAction\":[{\"@type\":\"SearchAction\",\"target\":{\"@type\":\"EntryPoint\",\"urlTemplate\":\"https:\\\/\\\/mmkriepas.lv\\\/en\\\/?s={search_term_string}\"},\"query-input\":{\"@type\":\"PropertyValueSpecification\",\"valueRequired\":true,\"valueName\":\"search_term_string\"}}],\"inLanguage\":\"en-US\"},{\"@type\":\"ImageObject\",\"inLanguage\":\"en-US\",\"@id\":\"https:\\\/\\\/mmkriepas.lv\\\/en\\\/p\\\/vasaras-riepas-19565r15-firestone-roadhawk-91h\\\/#local-main-organization-logo\",\"url\":\"\",\"contentUrl\":\"\",\"caption\":\"MMK Riepas\"}]}<\/script>\n<meta property=\"product:brand\" content=\"Firestone Roadhawk\" \/>\n<meta property=\"product:price:amount\" content=\"51.00\" \/>\n<meta property=\"product:price:currency\" content=\"EUR\" \/>\n<meta property=\"og:availability\" content=\"instock\" \/>\n<meta property=\"product:availability\" content=\"instock\" \/>\n<meta property=\"product:condition\" content=\"new\" \/>\n<!-- \/ Yoast SEO Premium plugin. -->","yoast_head_json":{"title":"195\/65R15 Firestone Roadhawk 91H &#8226; MMK Riepas","robots":{"index":"index","follow":"follow","max-snippet":"max-snippet:-1","max-image-preview":"max-image-preview:large","max-video-preview":"max-video-preview:-1"},"canonical":"https:\/\/mmkriepas.lv\/en\/p\/vasaras-riepas-19565r15-firestone-roadhawk-91h\/","og_locale":"en_US","og_type":"article","og_title":"195\/65R15 Firestone Roadhawk 91H","og_description":"Vasaras riepas&nbsp;Firestone Roadhawk &nbsp; Riepu ra\u017eot\u0101js un modelis:&nbsp;Firestone Roadhawk&nbsp; Modelis piem\u0113rots brauk\u0161anai da\u017e\u0101dos apst\u0101k\u013cos un lieliem nobraukumiem. MMK Serviss pied\u0101v\u0101 kvalitat\u012bvas premium klases vasaras riepas Firestone, kas pieder pasaules riepu","og_url":"https:\/\/mmkriepas.lv\/en\/p\/vasaras-riepas-19565r15-firestone-roadhawk-91h\/","og_site_name":"MMK Riepas","article_publisher":"https:\/\/www.facebook.com\/mmkserviss\/","article_modified_time":"2025-05-08T14:47:13+00:00","og_image":[{"width":1920,"height":1273,"url":"https:\/\/mmkriepas.lv\/wp-content\/uploads\/2017\/03\/19565r15-firestone-roadhawk-91h-vasaras-riepas-2.jpg","type":"image\/jpeg"}],"twitter_card":"summary_large_image","twitter_misc":{"Price":"&euro;51.00","Availability":"In stock"},"schema":{"@context":"https:\/\/schema.org","@graph":[{"@type":"WebPage","@id":"https:\/\/mmkriepas.lv\/en\/p\/vasaras-riepas-19565r15-firestone-roadhawk-91h\/","url":"https:\/\/mmkriepas.lv\/en\/p\/vasaras-riepas-19565r15-firestone-roadhawk-91h\/","name":"195\/65R15 Firestone Roadhawk 91H &#8226; MMK Riepas","isPartOf":{"@id":"https:\/\/mmkriepas.lv\/en\/#website"},"primaryImageOfPage":{"@id":"https:\/\/mmkriepas.lv\/en\/p\/vasaras-riepas-19565r15-firestone-roadhawk-91h\/#primaryimage"},"image":{"@id":"https:\/\/mmkriepas.lv\/en\/p\/vasaras-riepas-19565r15-firestone-roadhawk-91h\/#primaryimage"},"thumbnailUrl":"https:\/\/mmkriepas.lv\/wp-content\/uploads\/2017\/03\/19565r15-firestone-roadhawk-91h-vasaras-riepas-2.jpg","datePublished":"2017-04-01T08:20:10+00:00","dateModified":"2025-05-08T14:47:13+00:00","breadcrumb":{"@id":"https:\/\/mmkriepas.lv\/en\/p\/vasaras-riepas-19565r15-firestone-roadhawk-91h\/#breadcrumb"},"inLanguage":"en-US","potentialAction":[{"@type":"ReadAction","target":["https:\/\/mmkriepas.lv\/en\/p\/vasaras-riepas-19565r15-firestone-roadhawk-91h\/"]}]},{"@type":"ImageObject","inLanguage":"en-US","@id":"https:\/\/mmkriepas.lv\/en\/p\/vasaras-riepas-19565r15-firestone-roadhawk-91h\/#primaryimage","url":"https:\/\/mmkriepas.lv\/wp-content\/uploads\/2017\/03\/19565r15-firestone-roadhawk-91h-vasaras-riepas-2.jpg","contentUrl":"https:\/\/mmkriepas.lv\/wp-content\/uploads\/2017\/03\/19565r15-firestone-roadhawk-91h-vasaras-riepas-2.jpg","width":1920,"height":1273,"caption":"195\/65R15 Firestone Roadhawk 91H - Vasaras riepas"},{"@type":"BreadcrumbList","@id":"https:\/\/mmkriepas.lv\/en\/p\/vasaras-riepas-19565r15-firestone-roadhawk-91h\/#breadcrumb","itemListElement":[{"@type":"ListItem","position":1,"name":"S\u0101kums","item":"https:\/\/mmkriepas.lv\/en\/"},{"@type":"ListItem","position":2,"name":"195\/65R15 Firestone Roadhawk 91H"}]},{"@type":"WebSite","@id":"https:\/\/mmkriepas.lv\/en\/#website","url":"https:\/\/mmkriepas.lv\/en\/","name":"MMK Riepas","description":"MMK Riepas","alternateName":"MMK Riepu Serviss","potentialAction":[{"@type":"SearchAction","target":{"@type":"EntryPoint","urlTemplate":"https:\/\/mmkriepas.lv\/en\/?s={search_term_string}"},"query-input":{"@type":"PropertyValueSpecification","valueRequired":true,"valueName":"search_term_string"}}],"inLanguage":"en-US"},{"@type":"ImageObject","inLanguage":"en-US","@id":"https:\/\/mmkriepas.lv\/en\/p\/vasaras-riepas-19565r15-firestone-roadhawk-91h\/#local-main-organization-logo","url":"","contentUrl":"","caption":"MMK Riepas"}]},"product_brand":"Firestone Roadhawk","product_price_amount":"51.00","product_price_currency":"EUR","og_availability":"instock","product_availability":"instock","product_condition":"new"},"_links":{"self":[{"href":"https:\/\/mmkriepas.lv\/en\/wp-json\/wp\/v2\/product\/8181","targetHints":{"allow":["GET"]}}],"collection":[{"href":"https:\/\/mmkriepas.lv\/en\/wp-json\/wp\/v2\/product"}],"about":[{"href":"https:\/\/mmkriepas.lv\/en\/wp-json\/wp\/v2\/types\/product"}],"wp:featuredmedia":[{"embeddable":true,"href":"https:\/\/mmkriepas.lv\/en\/wp-json\/wp\/v2\/media\/8158"}],"wp:attachment":[{"href":"https:\/\/mmkriepas.lv\/en\/wp-json\/wp\/v2\/media?parent=8181"}],"wp:term":[{"taxonomy":"product_brand","embeddable":true,"href":"https:\/\/mmkriepas.lv\/en\/wp-json\/wp\/v2\/product_brand?post=8181"},{"taxonomy":"product_cat","embeddable":true,"href":"https:\/\/mmkriepas.lv\/en\/wp-json\/wp\/v2\/product_cat?post=8181"},{"taxonomy":"product_tag","embeddable":true,"href":"https:\/\/mmkriepas.lv\/en\/wp-json\/wp\/v2\/product_tag?post=8181"}],"curies":[{"name":"wp","href":"https:\/\/api.w.org\/{rel}","templated":true}]}}