{"id":812293,"date":"2023-10-23T18:21:59","date_gmt":"2023-10-23T15:21:59","guid":{"rendered":"https:\/\/mmkserviss.lv\/?post_type=product&#038;p=812293"},"modified":"2026-03-30T15:14:55","modified_gmt":"2026-03-30T12:14:55","slug":"215-60r17c-sailun-commercio-ice-109-107t-ar-radzem","status":"publish","type":"product","link":"https:\/\/mmkriepas.lv\/en\/p\/215-60r17c-sailun-commercio-ice-109-107t-ar-radzem\/","title":{"rendered":"215\/60R17C Sailun Commercio ICE 109\/107T ar radz\u0113m"},"content":{"rendered":"<p><strong><span style=\"font-family: 'Arial',sans-serif;\">Sailun Commercio ICE\u00a0<\/span><\/strong><span style=\"font-family: 'Arial',sans-serif;\">ir labas kvalit\u0101tes, bud\u017eeta klases ziemas komerctransporta riepu modelis. T\u0101s apr\u012bkotas ar agres\u012bvu virzienveida protektoru lab\u0101kai sa\u0137erei ar sniegu. Mas\u012bvajos protektora blokos iesp\u0113jams iestr\u0101d\u0101t radzes, b\u016btiski uzlabojot riepu sa\u0137eri skarbos ziemas brauk\u0161anas apst\u0101k\u013cos.<o:p><\/o:p><\/span><\/p>\n<h3><strong><span style=\"font-family: 'Arial',sans-serif;\">Sailun Commercio ICE galven\u0101s \u012bpa\u0161\u012bbas:<\/span><\/strong><span style=\"font-family: 'Arial',sans-serif;\"><o:p><\/o:p><\/span><\/h3>\n<p><span style=\"font-family: 'Arial',sans-serif;\">+ Palielin\u0101ti slodzes jeb kravnes\u012bbas indeksi at\u013caus p\u0101rvad\u0101t smagas kravas pat intens\u012bvas ekspluat\u0101cijas apst\u0101k\u013cos.<o:p><\/o:p><\/span><\/p>\n<p><span style=\"font-family: 'Arial',sans-serif;\">+ \u012apa\u0161i agres\u012bvs protektora dizains b\u016btiski uzlabo riepu veiktsp\u0113ju dzi\u013c\u0101 snieg\u0101 un uz apledoju\u0161\u0101m ce\u013ca virsm\u0101m.<o:p><\/o:p><\/span><\/p>\n<p><span style=\"font-family: 'Arial',sans-serif;\">+ Protektora blokos iesp\u0113jams iestr\u0101d\u0101t radzes, paaugstinot sa\u0137eres \u012bpa\u0161\u012bbas uz ledus.<o:p><\/o:p><\/span><\/p>\n<p><span style=\"font-family: 'Arial',sans-serif;\">+ Palielin\u0101ta nodilumiztur\u012bba.<o:p><\/o:p><\/span><\/p>\n<h3><strong><span style=\"font-family: 'Arial',sans-serif;\">Commercio ICE apr\u012bkojums<\/span><\/strong><span style=\"font-family: 'Arial',sans-serif;\"><o:p><\/o:p><\/span><\/h3>\n<p><strong><span style=\"font-family: 'Arial',sans-serif;\">Sailun Commercio ICE\u00a0<\/span><\/strong><span style=\"font-family: 'Arial',sans-serif;\">komerctransporta ziemas riepas apr\u012bkotas ar agres\u012bvu virzienveida protektora rakstu. \u0160\u0101ds dizains izv\u0113l\u0113ts c\u012b\u0146ai ar \u012bpa\u0161i skarbiem ziemas brauk\u0161anas apst\u0101k\u013ciem &#8211;\u00a0 net\u012br\u012btiem zemes ce\u013ciem un sniega putru jeb slapjdra\u0146\u0137i. Protektora blokos iesp\u0113jams iestr\u0101d\u0101t ar\u012b radzes, b\u016btiski uzlabojot sa\u0137eri ar ledu.<o:p><\/o:p><\/span><\/p>\n<p><span style=\"font-family: 'Arial',sans-serif;\">Mas\u012bvajos, V-veid\u0101 izvietotajos protektora blokos bl\u012bvi iestr\u0101d\u0101ti nelieli iegriezumi jeb lameles. \u0160ie iegriezumi pal\u012bdz veidot sa\u0137eri ar sabliet\u0113tu sniegu un ledu, ar slidenaj\u0101m virsm\u0101m izveidojot cie\u0161u sa\u0137eri.<o:p><\/o:p><\/span><\/p>\n<p><span style=\"font-family: 'Arial',sans-serif;\">Protektora pamatn\u0113 atrodams ar vair\u0101kiem kordu jeb brekera sl\u0101\u0146iem pastiprin\u0101ts karkass. Tas at\u013cauj p\u0101rvad\u0101t smagas kravas pat intens\u012bvas ekspluat\u0101cijas apst\u0101k\u013cos.<o:p><\/o:p><\/span><\/p>\n<p><span style=\"font-family: 'Arial',sans-serif;\">Starp mas\u012bvajiem protektora blokiem izveidota efekt\u012bva dren\u0101\u017eas jeb \u016bdens novadkan\u0101lu sist\u0113ma. T\u0101 \u0101tri atbr\u012bvo riepu protektoru no sniega un \u016bdens, samazinot akvaplan\u0113\u0161anas risku.<o:p><\/o:p><\/span><\/p>\n<p><span style=\"font-family: 'Arial',sans-serif; color: red;\">Mode\u013ca lieto\u0161anas dro\u0161\u012bbu ziemas laika apst\u0101k\u013cos un t\u0101 atbilst\u012bbu valst\u012bm ar oblig\u0101tu sezon\u0101lo riepu mai\u0146u apstiprina mar\u0137\u0113jums sniegp\u0101rslas form\u0101 uz kalna fona ar trim virsotn\u0113m (3PMSF).<\/span><\/p>\n","protected":false},"excerpt":{"rendered":"<p><strong><span style=\"font-family: 'Arial',sans-serif;\">Sailun Commercio ICE\u00a0<\/span><\/strong><span style=\"font-family: 'Arial',sans-serif;\">ir labas kvalit\u0101tes, bud\u017eeta klases ziemas komerctransporta riepu modelis. T\u0101s apr\u012bkotas ar agres\u012bvu virzienveida protektoru lab\u0101kai sa\u0137erei ar sniegu. Mas\u012bvajos protektora blokos iesp\u0113jams iestr\u0101d\u0101t radzes, b\u016btiski uzlabojot riepu sa\u0137eri skarbos ziemas brauk\u0161anas apst\u0101k\u013cos.<\/span><\/p>\n","protected":false},"featured_media":861319,"template":"","meta":{"_acf_changed":false,"ngg_post_thumbnail":0},"product_brand":[],"product_cat":[45,48],"product_tag":[],"class_list":{"0":"post-812293","1":"product","2":"type-product","3":"status-publish","4":"has-post-thumbnail","6":"product_cat-ziemas-riepas","7":"product_cat-ziemas-ar-radzem","9":"first","10":"instock","11":"sale","12":"taxable","13":"shipping-taxable","14":"purchasable","15":"product-type-simple"},"acf":[],"yoast_head":"<!-- This site is optimized with the Yoast SEO Premium plugin v22.6 (Yoast SEO v27.3) - https:\/\/yoast.com\/product\/yoast-seo-premium-wordpress\/ -->\n<title>215\/60R17C Sailun Commercio ICE 109\/107T ar radz\u0113m &#8226; MMK Riepas<\/title>\n<meta name=\"robots\" content=\"index, follow, max-snippet:-1, max-image-preview:large, max-video-preview:-1\" \/>\n<link rel=\"canonical\" href=\"https:\/\/mmkriepas.lv\/en\/p\/215-60r17c-sailun-commercio-ice-109-107t-ar-radzem\/\" \/>\n<meta property=\"og:locale\" content=\"en_US\" \/>\n<meta property=\"og:type\" content=\"article\" \/>\n<meta property=\"og:title\" content=\"215\/60R17C Sailun Commercio ICE 109\/107T ar radz\u0113m\" \/>\n<meta property=\"og:description\" content=\"Sailun Commercio ICE\u00a0ir labas kvalit\u0101tes, bud\u017eeta klases ziemas komerctransporta riepu modelis. T\u0101s apr\u012bkotas ar agres\u012bvu virzienveida protektoru lab\u0101kai sa\u0137erei ar sniegu. Mas\u012bvajos protektora blokos iesp\u0113jams iestr\u0101d\u0101t radzes, b\u016btiski uzlabojot riepu sa\u0137eri skarbos ziemas brauk\u0161anas apst\u0101k\u013cos.\" \/>\n<meta property=\"og:url\" content=\"https:\/\/mmkriepas.lv\/en\/p\/215-60r17c-sailun-commercio-ice-109-107t-ar-radzem\/\" \/>\n<meta property=\"og:site_name\" content=\"MMK Riepas\" \/>\n<meta property=\"article:publisher\" content=\"https:\/\/www.facebook.com\/mmkserviss\/\" \/>\n<meta property=\"article:modified_time\" content=\"2026-03-30T12:14:55+00:00\" \/>\n<meta property=\"og:image\" content=\"https:\/\/mmkriepas.lv\/wp-content\/uploads\/2024\/02\/20565r16c-sailun-commercio-ice-fs-107105r-ar-radzem-ziemas-riepas-ziemas-ar-radzem-riepas.jpg\" \/>\n\t<meta property=\"og:image:width\" content=\"1920\" \/>\n\t<meta property=\"og:image:height\" content=\"1440\" \/>\n\t<meta property=\"og:image:type\" content=\"image\/jpeg\" \/>\n<meta name=\"twitter:card\" content=\"summary_large_image\" \/>\n<meta name=\"twitter:label1\" content=\"Price\" \/>\n\t<meta name=\"twitter:data1\" content=\"&euro;120.00\" \/>\n\t<meta name=\"twitter:label2\" content=\"Availability\" \/>\n\t<meta name=\"twitter:data2\" content=\"In stock\" \/>\n<script type=\"application\/ld+json\" class=\"yoast-schema-graph\">{\"@context\":\"https:\\\/\\\/schema.org\",\"@graph\":[{\"@type\":\"WebPage\",\"@id\":\"https:\\\/\\\/mmkriepas.lv\\\/en\\\/p\\\/215-60r17c-sailun-commercio-ice-109-107t-ar-radzem\\\/\",\"url\":\"https:\\\/\\\/mmkriepas.lv\\\/en\\\/p\\\/215-60r17c-sailun-commercio-ice-109-107t-ar-radzem\\\/\",\"name\":\"215\\\/60R17C Sailun Commercio ICE 109\\\/107T ar radz\u0113m &#8226; MMK Riepas\",\"isPartOf\":{\"@id\":\"https:\\\/\\\/mmkriepas.lv\\\/en\\\/#website\"},\"primaryImageOfPage\":{\"@id\":\"https:\\\/\\\/mmkriepas.lv\\\/en\\\/p\\\/215-60r17c-sailun-commercio-ice-109-107t-ar-radzem\\\/#primaryimage\"},\"image\":{\"@id\":\"https:\\\/\\\/mmkriepas.lv\\\/en\\\/p\\\/215-60r17c-sailun-commercio-ice-109-107t-ar-radzem\\\/#primaryimage\"},\"thumbnailUrl\":\"https:\\\/\\\/mmkriepas.lv\\\/wp-content\\\/uploads\\\/2024\\\/02\\\/20565r16c-sailun-commercio-ice-fs-107105r-ar-radzem-ziemas-riepas-ziemas-ar-radzem-riepas.jpg\",\"datePublished\":\"2023-10-23T15:21:59+00:00\",\"dateModified\":\"2026-03-30T12:14:55+00:00\",\"breadcrumb\":{\"@id\":\"https:\\\/\\\/mmkriepas.lv\\\/en\\\/p\\\/215-60r17c-sailun-commercio-ice-109-107t-ar-radzem\\\/#breadcrumb\"},\"inLanguage\":\"en-US\",\"potentialAction\":[{\"@type\":\"ReadAction\",\"target\":[\"https:\\\/\\\/mmkriepas.lv\\\/en\\\/p\\\/215-60r17c-sailun-commercio-ice-109-107t-ar-radzem\\\/\"]}]},{\"@type\":\"ImageObject\",\"inLanguage\":\"en-US\",\"@id\":\"https:\\\/\\\/mmkriepas.lv\\\/en\\\/p\\\/215-60r17c-sailun-commercio-ice-109-107t-ar-radzem\\\/#primaryimage\",\"url\":\"https:\\\/\\\/mmkriepas.lv\\\/wp-content\\\/uploads\\\/2024\\\/02\\\/20565r16c-sailun-commercio-ice-fs-107105r-ar-radzem-ziemas-riepas-ziemas-ar-radzem-riepas.jpg\",\"contentUrl\":\"https:\\\/\\\/mmkriepas.lv\\\/wp-content\\\/uploads\\\/2024\\\/02\\\/20565r16c-sailun-commercio-ice-fs-107105r-ar-radzem-ziemas-riepas-ziemas-ar-radzem-riepas.jpg\",\"width\":1920,\"height\":1440,\"caption\":\"MMK Sailun Commercio ICE ar radz\u0113m MAIN\"},{\"@type\":\"BreadcrumbList\",\"@id\":\"https:\\\/\\\/mmkriepas.lv\\\/en\\\/p\\\/215-60r17c-sailun-commercio-ice-109-107t-ar-radzem\\\/#breadcrumb\",\"itemListElement\":[{\"@type\":\"ListItem\",\"position\":1,\"name\":\"S\u0101kums\",\"item\":\"https:\\\/\\\/mmkriepas.lv\\\/en\\\/\"},{\"@type\":\"ListItem\",\"position\":2,\"name\":\"215\\\/60R17C Sailun Commercio ICE 109\\\/107T ar radz\u0113m\"}]},{\"@type\":\"WebSite\",\"@id\":\"https:\\\/\\\/mmkriepas.lv\\\/en\\\/#website\",\"url\":\"https:\\\/\\\/mmkriepas.lv\\\/en\\\/\",\"name\":\"MMK Riepas\",\"description\":\"MMK Riepas\",\"alternateName\":\"MMK Riepu Serviss\",\"potentialAction\":[{\"@type\":\"SearchAction\",\"target\":{\"@type\":\"EntryPoint\",\"urlTemplate\":\"https:\\\/\\\/mmkriepas.lv\\\/en\\\/?s={search_term_string}\"},\"query-input\":{\"@type\":\"PropertyValueSpecification\",\"valueRequired\":true,\"valueName\":\"search_term_string\"}}],\"inLanguage\":\"en-US\"},{\"@type\":\"ImageObject\",\"inLanguage\":\"en-US\",\"@id\":\"https:\\\/\\\/mmkriepas.lv\\\/en\\\/p\\\/215-60r17c-sailun-commercio-ice-109-107t-ar-radzem\\\/#local-main-organization-logo\",\"url\":\"\",\"contentUrl\":\"\",\"caption\":\"MMK Riepas\"}]}<\/script>\n<meta property=\"product:brand\" content=\"Sailun Commercio ICE\" \/>\n<meta property=\"product:price:amount\" content=\"120.00\" \/>\n<meta property=\"product:price:currency\" content=\"EUR\" \/>\n<meta property=\"og:availability\" content=\"instock\" \/>\n<meta property=\"product:availability\" content=\"instock\" \/>\n<meta property=\"product:retailer_item_id\" content=\"TR2156017CSailu-E30613\" \/>\n<meta property=\"product:condition\" content=\"new\" \/>\n<!-- \/ Yoast SEO Premium plugin. -->","yoast_head_json":{"title":"215\/60R17C Sailun Commercio ICE 109\/107T ar radz\u0113m &#8226; MMK Riepas","robots":{"index":"index","follow":"follow","max-snippet":"max-snippet:-1","max-image-preview":"max-image-preview:large","max-video-preview":"max-video-preview:-1"},"canonical":"https:\/\/mmkriepas.lv\/en\/p\/215-60r17c-sailun-commercio-ice-109-107t-ar-radzem\/","og_locale":"en_US","og_type":"article","og_title":"215\/60R17C Sailun Commercio ICE 109\/107T ar radz\u0113m","og_description":"Sailun Commercio ICE\u00a0ir labas kvalit\u0101tes, bud\u017eeta klases ziemas komerctransporta riepu modelis. T\u0101s apr\u012bkotas ar agres\u012bvu virzienveida protektoru lab\u0101kai sa\u0137erei ar sniegu. Mas\u012bvajos protektora blokos iesp\u0113jams iestr\u0101d\u0101t radzes, b\u016btiski uzlabojot riepu sa\u0137eri skarbos ziemas brauk\u0161anas apst\u0101k\u013cos.","og_url":"https:\/\/mmkriepas.lv\/en\/p\/215-60r17c-sailun-commercio-ice-109-107t-ar-radzem\/","og_site_name":"MMK Riepas","article_publisher":"https:\/\/www.facebook.com\/mmkserviss\/","article_modified_time":"2026-03-30T12:14:55+00:00","og_image":[{"width":1920,"height":1440,"url":"https:\/\/mmkriepas.lv\/wp-content\/uploads\/2024\/02\/20565r16c-sailun-commercio-ice-fs-107105r-ar-radzem-ziemas-riepas-ziemas-ar-radzem-riepas.jpg","type":"image\/jpeg"}],"twitter_card":"summary_large_image","twitter_misc":{"Price":"&euro;120.00","Availability":"In stock"},"schema":{"@context":"https:\/\/schema.org","@graph":[{"@type":"WebPage","@id":"https:\/\/mmkriepas.lv\/en\/p\/215-60r17c-sailun-commercio-ice-109-107t-ar-radzem\/","url":"https:\/\/mmkriepas.lv\/en\/p\/215-60r17c-sailun-commercio-ice-109-107t-ar-radzem\/","name":"215\/60R17C Sailun Commercio ICE 109\/107T ar radz\u0113m &#8226; MMK Riepas","isPartOf":{"@id":"https:\/\/mmkriepas.lv\/en\/#website"},"primaryImageOfPage":{"@id":"https:\/\/mmkriepas.lv\/en\/p\/215-60r17c-sailun-commercio-ice-109-107t-ar-radzem\/#primaryimage"},"image":{"@id":"https:\/\/mmkriepas.lv\/en\/p\/215-60r17c-sailun-commercio-ice-109-107t-ar-radzem\/#primaryimage"},"thumbnailUrl":"https:\/\/mmkriepas.lv\/wp-content\/uploads\/2024\/02\/20565r16c-sailun-commercio-ice-fs-107105r-ar-radzem-ziemas-riepas-ziemas-ar-radzem-riepas.jpg","datePublished":"2023-10-23T15:21:59+00:00","dateModified":"2026-03-30T12:14:55+00:00","breadcrumb":{"@id":"https:\/\/mmkriepas.lv\/en\/p\/215-60r17c-sailun-commercio-ice-109-107t-ar-radzem\/#breadcrumb"},"inLanguage":"en-US","potentialAction":[{"@type":"ReadAction","target":["https:\/\/mmkriepas.lv\/en\/p\/215-60r17c-sailun-commercio-ice-109-107t-ar-radzem\/"]}]},{"@type":"ImageObject","inLanguage":"en-US","@id":"https:\/\/mmkriepas.lv\/en\/p\/215-60r17c-sailun-commercio-ice-109-107t-ar-radzem\/#primaryimage","url":"https:\/\/mmkriepas.lv\/wp-content\/uploads\/2024\/02\/20565r16c-sailun-commercio-ice-fs-107105r-ar-radzem-ziemas-riepas-ziemas-ar-radzem-riepas.jpg","contentUrl":"https:\/\/mmkriepas.lv\/wp-content\/uploads\/2024\/02\/20565r16c-sailun-commercio-ice-fs-107105r-ar-radzem-ziemas-riepas-ziemas-ar-radzem-riepas.jpg","width":1920,"height":1440,"caption":"MMK Sailun Commercio ICE ar radz\u0113m MAIN"},{"@type":"BreadcrumbList","@id":"https:\/\/mmkriepas.lv\/en\/p\/215-60r17c-sailun-commercio-ice-109-107t-ar-radzem\/#breadcrumb","itemListElement":[{"@type":"ListItem","position":1,"name":"S\u0101kums","item":"https:\/\/mmkriepas.lv\/en\/"},{"@type":"ListItem","position":2,"name":"215\/60R17C Sailun Commercio ICE 109\/107T ar radz\u0113m"}]},{"@type":"WebSite","@id":"https:\/\/mmkriepas.lv\/en\/#website","url":"https:\/\/mmkriepas.lv\/en\/","name":"MMK Riepas","description":"MMK Riepas","alternateName":"MMK Riepu Serviss","potentialAction":[{"@type":"SearchAction","target":{"@type":"EntryPoint","urlTemplate":"https:\/\/mmkriepas.lv\/en\/?s={search_term_string}"},"query-input":{"@type":"PropertyValueSpecification","valueRequired":true,"valueName":"search_term_string"}}],"inLanguage":"en-US"},{"@type":"ImageObject","inLanguage":"en-US","@id":"https:\/\/mmkriepas.lv\/en\/p\/215-60r17c-sailun-commercio-ice-109-107t-ar-radzem\/#local-main-organization-logo","url":"","contentUrl":"","caption":"MMK Riepas"}]},"product_brand":"Sailun Commercio ICE","product_price_amount":"120.00","product_price_currency":"EUR","og_availability":"instock","product_availability":"instock","product_retailer_item_id":"TR2156017CSailu-E30613","product_condition":"new"},"_links":{"self":[{"href":"https:\/\/mmkriepas.lv\/en\/wp-json\/wp\/v2\/product\/812293","targetHints":{"allow":["GET"]}}],"collection":[{"href":"https:\/\/mmkriepas.lv\/en\/wp-json\/wp\/v2\/product"}],"about":[{"href":"https:\/\/mmkriepas.lv\/en\/wp-json\/wp\/v2\/types\/product"}],"wp:featuredmedia":[{"embeddable":true,"href":"https:\/\/mmkriepas.lv\/en\/wp-json\/wp\/v2\/media\/861319"}],"wp:attachment":[{"href":"https:\/\/mmkriepas.lv\/en\/wp-json\/wp\/v2\/media?parent=812293"}],"wp:term":[{"taxonomy":"product_brand","embeddable":true,"href":"https:\/\/mmkriepas.lv\/en\/wp-json\/wp\/v2\/product_brand?post=812293"},{"taxonomy":"product_cat","embeddable":true,"href":"https:\/\/mmkriepas.lv\/en\/wp-json\/wp\/v2\/product_cat?post=812293"},{"taxonomy":"product_tag","embeddable":true,"href":"https:\/\/mmkriepas.lv\/en\/wp-json\/wp\/v2\/product_tag?post=812293"}],"curies":[{"name":"wp","href":"https:\/\/api.w.org\/{rel}","templated":true}]}}