{"id":811090,"date":"2023-10-22T11:28:35","date_gmt":"2023-10-22T08:28:35","guid":{"rendered":"https:\/\/mmkserviss.lv\/?post_type=product&#038;p=811090"},"modified":"2026-03-18T22:05:07","modified_gmt":"2026-03-18T20:05:07","slug":"215-45r20-gripmax-suregrip-pro-winter-95w-xl","status":"publish","type":"product","link":"https:\/\/mmkriepas.lv\/en\/p\/215-45r20-gripmax-suregrip-pro-winter-95w-xl\/","title":{"rendered":"215\/45R20 Gripmax SureGrip Pro Winter 95W XL"},"content":{"rendered":"<p><span style=\"font-family: Times New Roman, serif;\"><span style=\"font-size: medium;\"><span style=\"font-family: Arial, serif;\"><b>Gripmax SureGrip Pro Winter<\/b><\/span><span style=\"font-family: Arial, serif;\"> ir ziemas riepa, kas paredz\u0113ta krosoveriem un apvidus auto jeb SUV. \u0160is modelis ir lielisks piem\u0113rs tam, ka par sal\u012bdzino\u0161i zemu cenu tiek pied\u0101v\u0101ts tik tie\u0161\u0101m kvalitat\u012bvs produkts ar augstiem veiktsp\u0113jas r\u0101d\u012bt\u0101jiem. \u0160is modelis izce\u013cas ar labiem veiktsp\u0113jas r\u0101d\u012bt\u0101jiem visos aspektos.<\/span><\/span><\/span><\/p>\n<p><span style=\"color: #c9211e;\"><span style=\"font-family: Times New Roman, serif;\"><span style=\"font-size: medium;\"><span style=\"font-family: Arial, serif;\">M<\/span><span style=\"font-family: Arial, serif;\">ode\u013ca lieto\u0161anas dro\u0161\u012bbu ziemas laika apst\u0101k\u013cos un t\u0101 atbilst\u012bbu valst\u012bm ar oblig\u0101tu sezon\u0101lo riepu mai\u0146u apstiprina mar\u0137\u0113jums sniegp\u0101rslas form\u0101 uz kalna fona ar trim virsotn\u0113m (3PMSF).<\/span><\/span><\/span><\/span><\/p>\n<h3 class=\"western\"><span style=\"font-family: Arial, serif;\">SureGrip Pro Winter galven\u0101s iez\u012bmes<\/span><\/h3>\n<p><span style=\"font-family: Times New Roman, serif;\"><span style=\"font-size: medium;\"><span style=\"font-family: Arial, serif;\">+Riepas centr\u0101l\u0101s da\u013cas bloki nodro\u0161ina stabilas sa\u0137eres \u012bpa\u0161\u012bbas snieg\u0101.\u00a0 <\/span><\/span><\/span><\/p>\n<p><span style=\"font-family: Times New Roman, serif;\"><span style=\"font-size: medium;\"><span style=\"font-family: Arial, serif;\">+Riepas protektor\u0101 iestr\u0101d\u0101ti &#8220;pies\u016bcek\u0146i&#8221;, kas sausina kontakta virsmu, palielinot sa\u0137eri ar vissliden\u0101kaj\u0101m virsm\u0101m. <\/span><\/span><\/span><\/p>\n<p><span style=\"font-family: Times New Roman, serif;\"><span style=\"font-size: medium;\"><span style=\"font-family: Arial, serif;\">+Lielais lame\u013cu skaits uzlabo veiktsp\u0113jas \u012bpa\u0161\u012bbas uz ledus. <\/span><\/span><\/span><\/p>\n<p><span style=\"font-family: Times New Roman, serif;\"><span style=\"font-size: medium;\"><span style=\"font-family: Arial, serif;\">+Platie dren\u0101\u017eas kan\u0101li nodro\u0161ina labu \u016bdens un sniega novadi, taj\u0101 pa\u0161\u0101 laik\u0101 uzlabojot ar\u012b sa\u0137eri snieg\u0101.\u00a0<\/span><\/span><\/span><\/p>\n<h3 class=\"western\"><span style=\"font-family: Arial, serif;\">Riepas centr\u0101lie protektora bloki<\/span><\/h3>\n<p><span style=\"font-family: Times New Roman, serif;\"><span style=\"font-size: medium;\"><span style=\"font-family: Arial, serif;\">\u0160\u012b mode\u013ca centr\u0101l\u0101 protektora virkne jeb riba ir izveidota popul\u0101raj\u0101 modu\u013ca dizain\u0101. \u0160i protektora riba sast\u0101v no bultveida blokiem. Bultveida forma, tandem\u0101 ar mas\u012bvo izm\u0113ru, palielina kontakta virsmu, riepu padarot stabil\u0101ku un kalpotsp\u0113j\u012bg\u0101ku.<\/span><\/span><\/span><\/p>\n<h3 class=\"western\"><span style=\"font-family: Arial, serif;\">SureGrip Pro Winter pies\u016bcek\u0146u sist\u0113ma<\/span><\/h3>\n<p><span style=\"font-family: Times New Roman, serif;\"><span style=\"font-size: medium;\"><span style=\"font-family: Arial, serif;\">Pa visu protektora virsmu izvietots liels daudzums pies\u016bcek\u0146u, kas str\u0101d\u0101 kop\u0101 ar lamel\u0113m un dren\u0101\u017eas kan\u0101liem, sausinot kontakta virsmu. Sausa kontakta virsma daudz lab\u0101k veido sa\u0137eri ar visa veida kontakta virsm\u0101m. J\u0101\u0146em v\u0113r\u0101, ka liel\u0101ko b\u012bstam\u012bbu, braucot pa apledoju\u0161u ce\u013cu, veido pl\u0101na \u016bdens k\u0101rti\u0146a virs t\u0101!<\/span><\/span><\/span><\/p>\n","protected":false},"excerpt":{"rendered":"<p><span style=\"font-family: Times New Roman, serif;\"><span style=\"font-size: medium;\"><span style=\"font-family: Arial, serif;\"><b>Gripmax SureGrip Pro Winter<\/b><\/span><span style=\"font-family: Arial, serif;\"> ir ziemas riepa, kas paredz\u0113ta krosoveriem un apvidus auto jeb SUV. \u0160is modelis ir lielisks piem\u0113rs tam, ka par sal\u012bdzino\u0161i zemu cenu tiek pied\u0101v\u0101ts tik tie\u0161\u0101m kvalitat\u012bvs produkts ar augstiem veiktsp\u0113jas r\u0101d\u012bt\u0101jiem. \u0160is modelis izce\u013cas ar labiem veiktsp\u0113jas r\u0101d\u012bt\u0101jiem visos aspektos.<\/span><\/span><\/span><\/p>\n","protected":false},"featured_media":824132,"template":"","meta":{"_acf_changed":false,"ngg_post_thumbnail":0},"product_brand":[],"product_cat":[47,45],"product_tag":[],"class_list":{"0":"post-811090","1":"product","2":"type-product","3":"status-publish","4":"has-post-thumbnail","6":"product_cat-vissezonas-riepas","7":"product_cat-ziemas-riepas","9":"first","10":"instock","11":"taxable","12":"shipping-taxable","13":"product-type-simple"},"acf":[],"yoast_head":"<!-- This site is optimized with the Yoast SEO Premium plugin v22.6 (Yoast SEO v27.3) - https:\/\/yoast.com\/product\/yoast-seo-premium-wordpress\/ -->\n<title>215\/45R20 Gripmax SureGrip Pro Winter 95W XL &#8226; MMK Riepas<\/title>\n<meta name=\"robots\" content=\"index, follow, max-snippet:-1, max-image-preview:large, max-video-preview:-1\" \/>\n<link rel=\"canonical\" href=\"https:\/\/mmkriepas.lv\/en\/p\/215-45r20-gripmax-suregrip-pro-winter-95w-xl\/\" \/>\n<meta property=\"og:locale\" content=\"en_US\" \/>\n<meta property=\"og:type\" content=\"article\" \/>\n<meta property=\"og:title\" content=\"215\/45R20 Gripmax SureGrip Pro Winter 95W XL\" \/>\n<meta property=\"og:description\" content=\"Gripmax SureGrip Pro Winter ir ziemas riepa, kas paredz\u0113ta krosoveriem un apvidus auto jeb SUV. \u0160is modelis ir lielisks piem\u0113rs tam, ka par sal\u012bdzino\u0161i zemu cenu tiek pied\u0101v\u0101ts tik tie\u0161\u0101m kvalitat\u012bvs produkts ar augstiem veiktsp\u0113jas r\u0101d\u012bt\u0101jiem. \u0160is modelis izce\u013cas ar labiem veiktsp\u0113jas r\u0101d\u012bt\u0101jiem visos aspektos.\" \/>\n<meta property=\"og:url\" content=\"https:\/\/mmkriepas.lv\/en\/p\/215-45r20-gripmax-suregrip-pro-winter-95w-xl\/\" \/>\n<meta property=\"og:site_name\" content=\"MMK Riepas\" \/>\n<meta property=\"article:publisher\" content=\"https:\/\/www.facebook.com\/mmkserviss\/\" \/>\n<meta property=\"article:modified_time\" content=\"2026-03-18T20:05:07+00:00\" \/>\n<meta property=\"og:image\" content=\"https:\/\/mmkriepas.lv\/wp-content\/uploads\/2023\/11\/24535r19-gripmax-suregrip-pro-winter-93v-xl-ziemas-riepas.jpg\" \/>\n\t<meta property=\"og:image:width\" content=\"1920\" \/>\n\t<meta property=\"og:image:height\" content=\"1920\" \/>\n\t<meta property=\"og:image:type\" content=\"image\/jpeg\" \/>\n<meta name=\"twitter:card\" content=\"summary_large_image\" \/>\n<meta name=\"twitter:label1\" content=\"Price\" \/>\n\t<meta name=\"twitter:data1\" content=\"&euro;163.00\" \/>\n\t<meta name=\"twitter:label2\" content=\"Availability\" \/>\n\t<meta name=\"twitter:data2\" content=\"In stock\" \/>\n<script type=\"application\/ld+json\" class=\"yoast-schema-graph\">{\"@context\":\"https:\\\/\\\/schema.org\",\"@graph\":[{\"@type\":\"WebPage\",\"@id\":\"https:\\\/\\\/mmkriepas.lv\\\/en\\\/p\\\/215-45r20-gripmax-suregrip-pro-winter-95w-xl\\\/\",\"url\":\"https:\\\/\\\/mmkriepas.lv\\\/en\\\/p\\\/215-45r20-gripmax-suregrip-pro-winter-95w-xl\\\/\",\"name\":\"215\\\/45R20 Gripmax SureGrip Pro Winter 95W XL &#8226; MMK Riepas\",\"isPartOf\":{\"@id\":\"https:\\\/\\\/mmkriepas.lv\\\/en\\\/#website\"},\"primaryImageOfPage\":{\"@id\":\"https:\\\/\\\/mmkriepas.lv\\\/en\\\/p\\\/215-45r20-gripmax-suregrip-pro-winter-95w-xl\\\/#primaryimage\"},\"image\":{\"@id\":\"https:\\\/\\\/mmkriepas.lv\\\/en\\\/p\\\/215-45r20-gripmax-suregrip-pro-winter-95w-xl\\\/#primaryimage\"},\"thumbnailUrl\":\"https:\\\/\\\/mmkriepas.lv\\\/wp-content\\\/uploads\\\/2023\\\/11\\\/24535r19-gripmax-suregrip-pro-winter-93v-xl-ziemas-riepas.jpg\",\"datePublished\":\"2023-10-22T08:28:35+00:00\",\"dateModified\":\"2026-03-18T20:05:07+00:00\",\"breadcrumb\":{\"@id\":\"https:\\\/\\\/mmkriepas.lv\\\/en\\\/p\\\/215-45r20-gripmax-suregrip-pro-winter-95w-xl\\\/#breadcrumb\"},\"inLanguage\":\"en-US\",\"potentialAction\":[{\"@type\":\"ReadAction\",\"target\":[\"https:\\\/\\\/mmkriepas.lv\\\/en\\\/p\\\/215-45r20-gripmax-suregrip-pro-winter-95w-xl\\\/\"]}]},{\"@type\":\"ImageObject\",\"inLanguage\":\"en-US\",\"@id\":\"https:\\\/\\\/mmkriepas.lv\\\/en\\\/p\\\/215-45r20-gripmax-suregrip-pro-winter-95w-xl\\\/#primaryimage\",\"url\":\"https:\\\/\\\/mmkriepas.lv\\\/wp-content\\\/uploads\\\/2023\\\/11\\\/24535r19-gripmax-suregrip-pro-winter-93v-xl-ziemas-riepas.jpg\",\"contentUrl\":\"https:\\\/\\\/mmkriepas.lv\\\/wp-content\\\/uploads\\\/2023\\\/11\\\/24535r19-gripmax-suregrip-pro-winter-93v-xl-ziemas-riepas.jpg\",\"width\":1920,\"height\":1920,\"caption\":\"245\\\/35R19 Gripmax SureGrip Pro Winter 93V XL - Vissezonas riepas \\\/ Ziemas riepas\"},{\"@type\":\"BreadcrumbList\",\"@id\":\"https:\\\/\\\/mmkriepas.lv\\\/en\\\/p\\\/215-45r20-gripmax-suregrip-pro-winter-95w-xl\\\/#breadcrumb\",\"itemListElement\":[{\"@type\":\"ListItem\",\"position\":1,\"name\":\"S\u0101kums\",\"item\":\"https:\\\/\\\/mmkriepas.lv\\\/en\\\/\"},{\"@type\":\"ListItem\",\"position\":2,\"name\":\"215\\\/45R20 Gripmax SureGrip Pro Winter 95W XL\"}]},{\"@type\":\"WebSite\",\"@id\":\"https:\\\/\\\/mmkriepas.lv\\\/en\\\/#website\",\"url\":\"https:\\\/\\\/mmkriepas.lv\\\/en\\\/\",\"name\":\"MMK Riepas\",\"description\":\"MMK Riepas\",\"alternateName\":\"MMK Riepu Serviss\",\"potentialAction\":[{\"@type\":\"SearchAction\",\"target\":{\"@type\":\"EntryPoint\",\"urlTemplate\":\"https:\\\/\\\/mmkriepas.lv\\\/en\\\/?s={search_term_string}\"},\"query-input\":{\"@type\":\"PropertyValueSpecification\",\"valueRequired\":true,\"valueName\":\"search_term_string\"}}],\"inLanguage\":\"en-US\"},{\"@type\":\"ImageObject\",\"inLanguage\":\"en-US\",\"@id\":\"https:\\\/\\\/mmkriepas.lv\\\/en\\\/p\\\/215-45r20-gripmax-suregrip-pro-winter-95w-xl\\\/#local-main-organization-logo\",\"url\":\"\",\"contentUrl\":\"\",\"caption\":\"MMK Riepas\"}]}<\/script>\n<meta property=\"product:brand\" content=\"Gripmax SureGrip Pro Winter\" \/>\n<meta property=\"product:price:amount\" content=\"163.00\" \/>\n<meta property=\"product:price:currency\" content=\"EUR\" \/>\n<meta property=\"og:availability\" content=\"instock\" \/>\n<meta property=\"product:availability\" content=\"instock\" \/>\n<meta property=\"product:retailer_item_id\" content=\"TW2154520GRIPM-L30429\" \/>\n<meta property=\"product:condition\" content=\"new\" \/>\n<!-- \/ Yoast SEO Premium plugin. -->","yoast_head_json":{"title":"215\/45R20 Gripmax SureGrip Pro Winter 95W XL &#8226; MMK Riepas","robots":{"index":"index","follow":"follow","max-snippet":"max-snippet:-1","max-image-preview":"max-image-preview:large","max-video-preview":"max-video-preview:-1"},"canonical":"https:\/\/mmkriepas.lv\/en\/p\/215-45r20-gripmax-suregrip-pro-winter-95w-xl\/","og_locale":"en_US","og_type":"article","og_title":"215\/45R20 Gripmax SureGrip Pro Winter 95W XL","og_description":"Gripmax SureGrip Pro Winter ir ziemas riepa, kas paredz\u0113ta krosoveriem un apvidus auto jeb SUV. \u0160is modelis ir lielisks piem\u0113rs tam, ka par sal\u012bdzino\u0161i zemu cenu tiek pied\u0101v\u0101ts tik tie\u0161\u0101m kvalitat\u012bvs produkts ar augstiem veiktsp\u0113jas r\u0101d\u012bt\u0101jiem. \u0160is modelis izce\u013cas ar labiem veiktsp\u0113jas r\u0101d\u012bt\u0101jiem visos aspektos.","og_url":"https:\/\/mmkriepas.lv\/en\/p\/215-45r20-gripmax-suregrip-pro-winter-95w-xl\/","og_site_name":"MMK Riepas","article_publisher":"https:\/\/www.facebook.com\/mmkserviss\/","article_modified_time":"2026-03-18T20:05:07+00:00","og_image":[{"width":1920,"height":1920,"url":"https:\/\/mmkriepas.lv\/wp-content\/uploads\/2023\/11\/24535r19-gripmax-suregrip-pro-winter-93v-xl-ziemas-riepas.jpg","type":"image\/jpeg"}],"twitter_card":"summary_large_image","twitter_misc":{"Price":"&euro;163.00","Availability":"In stock"},"schema":{"@context":"https:\/\/schema.org","@graph":[{"@type":"WebPage","@id":"https:\/\/mmkriepas.lv\/en\/p\/215-45r20-gripmax-suregrip-pro-winter-95w-xl\/","url":"https:\/\/mmkriepas.lv\/en\/p\/215-45r20-gripmax-suregrip-pro-winter-95w-xl\/","name":"215\/45R20 Gripmax SureGrip Pro Winter 95W XL &#8226; MMK Riepas","isPartOf":{"@id":"https:\/\/mmkriepas.lv\/en\/#website"},"primaryImageOfPage":{"@id":"https:\/\/mmkriepas.lv\/en\/p\/215-45r20-gripmax-suregrip-pro-winter-95w-xl\/#primaryimage"},"image":{"@id":"https:\/\/mmkriepas.lv\/en\/p\/215-45r20-gripmax-suregrip-pro-winter-95w-xl\/#primaryimage"},"thumbnailUrl":"https:\/\/mmkriepas.lv\/wp-content\/uploads\/2023\/11\/24535r19-gripmax-suregrip-pro-winter-93v-xl-ziemas-riepas.jpg","datePublished":"2023-10-22T08:28:35+00:00","dateModified":"2026-03-18T20:05:07+00:00","breadcrumb":{"@id":"https:\/\/mmkriepas.lv\/en\/p\/215-45r20-gripmax-suregrip-pro-winter-95w-xl\/#breadcrumb"},"inLanguage":"en-US","potentialAction":[{"@type":"ReadAction","target":["https:\/\/mmkriepas.lv\/en\/p\/215-45r20-gripmax-suregrip-pro-winter-95w-xl\/"]}]},{"@type":"ImageObject","inLanguage":"en-US","@id":"https:\/\/mmkriepas.lv\/en\/p\/215-45r20-gripmax-suregrip-pro-winter-95w-xl\/#primaryimage","url":"https:\/\/mmkriepas.lv\/wp-content\/uploads\/2023\/11\/24535r19-gripmax-suregrip-pro-winter-93v-xl-ziemas-riepas.jpg","contentUrl":"https:\/\/mmkriepas.lv\/wp-content\/uploads\/2023\/11\/24535r19-gripmax-suregrip-pro-winter-93v-xl-ziemas-riepas.jpg","width":1920,"height":1920,"caption":"245\/35R19 Gripmax SureGrip Pro Winter 93V XL - Vissezonas riepas \/ Ziemas riepas"},{"@type":"BreadcrumbList","@id":"https:\/\/mmkriepas.lv\/en\/p\/215-45r20-gripmax-suregrip-pro-winter-95w-xl\/#breadcrumb","itemListElement":[{"@type":"ListItem","position":1,"name":"S\u0101kums","item":"https:\/\/mmkriepas.lv\/en\/"},{"@type":"ListItem","position":2,"name":"215\/45R20 Gripmax SureGrip Pro Winter 95W XL"}]},{"@type":"WebSite","@id":"https:\/\/mmkriepas.lv\/en\/#website","url":"https:\/\/mmkriepas.lv\/en\/","name":"MMK Riepas","description":"MMK Riepas","alternateName":"MMK Riepu Serviss","potentialAction":[{"@type":"SearchAction","target":{"@type":"EntryPoint","urlTemplate":"https:\/\/mmkriepas.lv\/en\/?s={search_term_string}"},"query-input":{"@type":"PropertyValueSpecification","valueRequired":true,"valueName":"search_term_string"}}],"inLanguage":"en-US"},{"@type":"ImageObject","inLanguage":"en-US","@id":"https:\/\/mmkriepas.lv\/en\/p\/215-45r20-gripmax-suregrip-pro-winter-95w-xl\/#local-main-organization-logo","url":"","contentUrl":"","caption":"MMK Riepas"}]},"product_brand":"Gripmax SureGrip Pro Winter","product_price_amount":"163.00","product_price_currency":"EUR","og_availability":"instock","product_availability":"instock","product_retailer_item_id":"TW2154520GRIPM-L30429","product_condition":"new"},"_links":{"self":[{"href":"https:\/\/mmkriepas.lv\/en\/wp-json\/wp\/v2\/product\/811090","targetHints":{"allow":["GET"]}}],"collection":[{"href":"https:\/\/mmkriepas.lv\/en\/wp-json\/wp\/v2\/product"}],"about":[{"href":"https:\/\/mmkriepas.lv\/en\/wp-json\/wp\/v2\/types\/product"}],"wp:featuredmedia":[{"embeddable":true,"href":"https:\/\/mmkriepas.lv\/en\/wp-json\/wp\/v2\/media\/824132"}],"wp:attachment":[{"href":"https:\/\/mmkriepas.lv\/en\/wp-json\/wp\/v2\/media?parent=811090"}],"wp:term":[{"taxonomy":"product_brand","embeddable":true,"href":"https:\/\/mmkriepas.lv\/en\/wp-json\/wp\/v2\/product_brand?post=811090"},{"taxonomy":"product_cat","embeddable":true,"href":"https:\/\/mmkriepas.lv\/en\/wp-json\/wp\/v2\/product_cat?post=811090"},{"taxonomy":"product_tag","embeddable":true,"href":"https:\/\/mmkriepas.lv\/en\/wp-json\/wp\/v2\/product_tag?post=811090"}],"curies":[{"name":"wp","href":"https:\/\/api.w.org\/{rel}","templated":true}]}}