{"id":810504,"date":"2023-10-21T08:46:42","date_gmt":"2023-10-21T05:46:42","guid":{"rendered":"https:\/\/mmkserviss.lv\/?post_type=product&#038;p=810504"},"modified":"2026-03-28T00:16:37","modified_gmt":"2026-03-27T22:16:37","slug":"245-50r18-linglong-green-max-winter-ice-i-15-100t","status":"publish","type":"product","link":"https:\/\/mmkriepas.lv\/en\/p\/245-50r18-linglong-green-max-winter-ice-i-15-100t\/","title":{"rendered":"245\/50R18 Linglong GREEN-Max Winter Ice I-15 100T"},"content":{"rendered":"<p><b><span style=\"font-family: 'Arial',sans-serif;\">Linglong GREEN-Max Winter Ice I-15<\/span><\/b><span style=\"font-family: 'Arial',sans-serif;\"> ir ziemas riepu modelis, kas izce\u013cas ar augst\u0101m veiktsp\u0113jas \u012bpa\u0161\u012bb\u0101m visda\u017e\u0101d\u0101kajos brauk\u0161anas apst\u0101k\u013cos, k\u0101 ar\u012b ar draudz\u012bgu cenu.<o:p><\/o:p><\/span><\/p>\n<h3><span style=\"font-family: 'Arial',sans-serif;\">GREEN-Max Winter Ice I-15 galven\u0101s iez\u012bmes<o:p><\/o:p><\/span><\/h3>\n<p><span style=\"font-family: 'Arial',sans-serif;\">+ Lieliska manevr\u0113tsp\u0113ja un stabilit\u0101te!<o:p><\/o:p><\/span><\/p>\n<p><span style=\"font-family: 'Arial',sans-serif;\">+ Sa\u012bsin\u0101ts bremz\u0113\u0161anas ce\u013c\u0161 un samazin\u0101ta iesp\u0113ja sasl\u012bd\u0113t!<o:p><\/o:p><\/span><\/p>\n<p><span style=\"font-family: 'Arial',sans-serif;\">+ Liels lame\u013cu skaits uzlabo veiktsp\u0113ju uz ledus!<o:p><\/o:p><\/span><\/p>\n<p><span style=\"font-family: 'Arial',sans-serif;\">+ Laba veiktsp\u0113jas\/cenas attiec\u012bba!<o:p><\/o:p><\/span><\/p>\n<h3><span style=\"font-family: 'Arial',sans-serif;\">Winter Ice I-15\u00a0apr\u012bkojums<o:p><\/o:p><\/span><\/h3>\n<p><b><span style=\"font-family: 'Arial',sans-serif;\">Linglong GREEN-Max Winter Ice I-15 <\/span><\/b><span style=\"font-family: 'Arial',sans-serif;\">\u00a0riepu modelis apr\u012bkots ar virz\u012bta stila protektora rakstu, kura centr\u0101l\u0101 protektora virkne sast\u0101v no V-veida blokiem, bet s\u0101nu zonas- no masiviem protektora blokiem. Pati riepa izgatavota no augstas kvalit\u0101tes gumijas mais\u012bjuma, kas bag\u0101tin\u0101ts ar veselu virkni elastrom\u0113ru. Tas dar\u012bts ar m\u0113r\u0137i likt riepai saglab\u0101t elast\u012bbu zem\u0101s gaisa temperat\u016br\u0101s. Elast\u012bga riepa daudz lab\u0101k veido sa\u0137eri ar ce\u013ca virsmu. Virz\u012bt\u0101 stil\u0101 izvietotajos protektora blokos bl\u012bvi iestr\u0101d\u0101ti vair\u0101ki t\u016bksto\u0161i lame\u013cu, kuras, aizst\u0101jot radzes, ar as\u0101m kant\u0113m iec\u0113rtas led\u016b, ar slideno virsmu veidojot cie\u0161u sa\u0137eri. <o:p><\/o:p><\/span><\/p>\n","protected":false},"excerpt":{"rendered":"<p><b><span style=\"font-family: 'Arial',sans-serif;\">Linglong GREEN-Max Winter Ice I-15<\/span><\/b><span style=\"font-family: 'Arial',sans-serif;\"> ir ziemas riepu modelis, kas izce\u013cas ar augst\u0101m veiktsp\u0113jas \u012bpa\u0161\u012bb\u0101m visda\u017e\u0101d\u0101kajos brauk\u0161anas apst\u0101k\u013cos, k\u0101 ar\u012b ar draudz\u012bgu cenu.<\/span><\/p>\n","protected":false},"featured_media":822775,"template":"","meta":{"_acf_changed":false,"ngg_post_thumbnail":0},"product_brand":[],"product_cat":[47,45],"product_tag":[],"class_list":{"0":"post-810504","1":"product","2":"type-product","3":"status-publish","4":"has-post-thumbnail","6":"product_cat-vissezonas-riepas","7":"product_cat-ziemas-riepas","9":"first","10":"instock","11":"sale","12":"taxable","13":"shipping-taxable","14":"purchasable","15":"product-type-simple"},"acf":[],"yoast_head":"<!-- This site is optimized with the Yoast SEO Premium plugin v22.6 (Yoast SEO v27.3) - https:\/\/yoast.com\/product\/yoast-seo-premium-wordpress\/ -->\n<title>245\/50R18 Linglong GREEN-Max Winter Ice I-15 100T &#8226; MMK Riepas<\/title>\n<meta name=\"robots\" content=\"index, follow, max-snippet:-1, max-image-preview:large, max-video-preview:-1\" \/>\n<link rel=\"canonical\" href=\"https:\/\/mmkriepas.lv\/en\/p\/245-50r18-linglong-green-max-winter-ice-i-15-100t\/\" \/>\n<meta property=\"og:locale\" content=\"en_US\" \/>\n<meta property=\"og:type\" content=\"article\" \/>\n<meta property=\"og:title\" content=\"245\/50R18 Linglong GREEN-Max Winter Ice I-15 100T\" \/>\n<meta property=\"og:description\" content=\"Linglong GREEN-Max Winter Ice I-15 ir ziemas riepu modelis, kas izce\u013cas ar augst\u0101m veiktsp\u0113jas \u012bpa\u0161\u012bb\u0101m visda\u017e\u0101d\u0101kajos brauk\u0161anas apst\u0101k\u013cos, k\u0101 ar\u012b ar draudz\u012bgu cenu.\" \/>\n<meta property=\"og:url\" content=\"https:\/\/mmkriepas.lv\/en\/p\/245-50r18-linglong-green-max-winter-ice-i-15-100t\/\" \/>\n<meta property=\"og:site_name\" content=\"MMK Riepas\" \/>\n<meta property=\"article:publisher\" content=\"https:\/\/www.facebook.com\/mmkserviss\/\" \/>\n<meta property=\"article:modified_time\" content=\"2026-03-27T22:16:37+00:00\" \/>\n<meta property=\"og:image\" content=\"https:\/\/mmkriepas.lv\/wp-content\/uploads\/2023\/11\/19555r16-linglong-green-max-winter-ice-i-15-91t-ziemas-riepas-8.jpg\" \/>\n\t<meta property=\"og:image:width\" content=\"1920\" \/>\n\t<meta property=\"og:image:height\" content=\"1278\" \/>\n\t<meta property=\"og:image:type\" content=\"image\/jpeg\" \/>\n<meta name=\"twitter:card\" content=\"summary_large_image\" \/>\n<meta name=\"twitter:label1\" content=\"Price\" \/>\n\t<meta name=\"twitter:data1\" content=\"&euro;79.00\" \/>\n\t<meta name=\"twitter:label2\" content=\"Availability\" \/>\n\t<meta name=\"twitter:data2\" content=\"In stock\" \/>\n<script type=\"application\/ld+json\" class=\"yoast-schema-graph\">{\"@context\":\"https:\\\/\\\/schema.org\",\"@graph\":[{\"@type\":\"WebPage\",\"@id\":\"https:\\\/\\\/mmkriepas.lv\\\/en\\\/p\\\/245-50r18-linglong-green-max-winter-ice-i-15-100t\\\/\",\"url\":\"https:\\\/\\\/mmkriepas.lv\\\/en\\\/p\\\/245-50r18-linglong-green-max-winter-ice-i-15-100t\\\/\",\"name\":\"245\\\/50R18 Linglong GREEN-Max Winter Ice I-15 100T &#8226; MMK Riepas\",\"isPartOf\":{\"@id\":\"https:\\\/\\\/mmkriepas.lv\\\/en\\\/#website\"},\"primaryImageOfPage\":{\"@id\":\"https:\\\/\\\/mmkriepas.lv\\\/en\\\/p\\\/245-50r18-linglong-green-max-winter-ice-i-15-100t\\\/#primaryimage\"},\"image\":{\"@id\":\"https:\\\/\\\/mmkriepas.lv\\\/en\\\/p\\\/245-50r18-linglong-green-max-winter-ice-i-15-100t\\\/#primaryimage\"},\"thumbnailUrl\":\"https:\\\/\\\/mmkriepas.lv\\\/wp-content\\\/uploads\\\/2023\\\/11\\\/19555r16-linglong-green-max-winter-ice-i-15-91t-ziemas-riepas-8.jpg\",\"datePublished\":\"2023-10-21T05:46:42+00:00\",\"dateModified\":\"2026-03-27T22:16:37+00:00\",\"breadcrumb\":{\"@id\":\"https:\\\/\\\/mmkriepas.lv\\\/en\\\/p\\\/245-50r18-linglong-green-max-winter-ice-i-15-100t\\\/#breadcrumb\"},\"inLanguage\":\"en-US\",\"potentialAction\":[{\"@type\":\"ReadAction\",\"target\":[\"https:\\\/\\\/mmkriepas.lv\\\/en\\\/p\\\/245-50r18-linglong-green-max-winter-ice-i-15-100t\\\/\"]}]},{\"@type\":\"ImageObject\",\"inLanguage\":\"en-US\",\"@id\":\"https:\\\/\\\/mmkriepas.lv\\\/en\\\/p\\\/245-50r18-linglong-green-max-winter-ice-i-15-100t\\\/#primaryimage\",\"url\":\"https:\\\/\\\/mmkriepas.lv\\\/wp-content\\\/uploads\\\/2023\\\/11\\\/19555r16-linglong-green-max-winter-ice-i-15-91t-ziemas-riepas-8.jpg\",\"contentUrl\":\"https:\\\/\\\/mmkriepas.lv\\\/wp-content\\\/uploads\\\/2023\\\/11\\\/19555r16-linglong-green-max-winter-ice-i-15-91t-ziemas-riepas-8.jpg\",\"width\":1920,\"height\":1278,\"caption\":\"MAIN\"},{\"@type\":\"BreadcrumbList\",\"@id\":\"https:\\\/\\\/mmkriepas.lv\\\/en\\\/p\\\/245-50r18-linglong-green-max-winter-ice-i-15-100t\\\/#breadcrumb\",\"itemListElement\":[{\"@type\":\"ListItem\",\"position\":1,\"name\":\"S\u0101kums\",\"item\":\"https:\\\/\\\/mmkriepas.lv\\\/en\\\/\"},{\"@type\":\"ListItem\",\"position\":2,\"name\":\"245\\\/50R18 Linglong GREEN-Max Winter Ice I-15 100T\"}]},{\"@type\":\"WebSite\",\"@id\":\"https:\\\/\\\/mmkriepas.lv\\\/en\\\/#website\",\"url\":\"https:\\\/\\\/mmkriepas.lv\\\/en\\\/\",\"name\":\"MMK Riepas\",\"description\":\"MMK Riepas\",\"alternateName\":\"MMK Riepu Serviss\",\"potentialAction\":[{\"@type\":\"SearchAction\",\"target\":{\"@type\":\"EntryPoint\",\"urlTemplate\":\"https:\\\/\\\/mmkriepas.lv\\\/en\\\/?s={search_term_string}\"},\"query-input\":{\"@type\":\"PropertyValueSpecification\",\"valueRequired\":true,\"valueName\":\"search_term_string\"}}],\"inLanguage\":\"en-US\"},{\"@type\":\"ImageObject\",\"inLanguage\":\"en-US\",\"@id\":\"https:\\\/\\\/mmkriepas.lv\\\/en\\\/p\\\/245-50r18-linglong-green-max-winter-ice-i-15-100t\\\/#local-main-organization-logo\",\"url\":\"\",\"contentUrl\":\"\",\"caption\":\"MMK Riepas\"}]}<\/script>\n<meta property=\"product:brand\" content=\"Linglong GREEN-Max Winter Ice I-15\" \/>\n<meta property=\"product:price:amount\" content=\"79.00\" \/>\n<meta property=\"product:price:currency\" content=\"EUR\" \/>\n<meta property=\"og:availability\" content=\"instock\" \/>\n<meta property=\"product:availability\" content=\"instock\" \/>\n<meta property=\"product:retailer_item_id\" content=\"TW2455018LINGL-30413\" \/>\n<meta property=\"product:condition\" content=\"new\" \/>\n<!-- \/ Yoast SEO Premium plugin. -->","yoast_head_json":{"title":"245\/50R18 Linglong GREEN-Max Winter Ice I-15 100T &#8226; MMK Riepas","robots":{"index":"index","follow":"follow","max-snippet":"max-snippet:-1","max-image-preview":"max-image-preview:large","max-video-preview":"max-video-preview:-1"},"canonical":"https:\/\/mmkriepas.lv\/en\/p\/245-50r18-linglong-green-max-winter-ice-i-15-100t\/","og_locale":"en_US","og_type":"article","og_title":"245\/50R18 Linglong GREEN-Max Winter Ice I-15 100T","og_description":"Linglong GREEN-Max Winter Ice I-15 ir ziemas riepu modelis, kas izce\u013cas ar augst\u0101m veiktsp\u0113jas \u012bpa\u0161\u012bb\u0101m visda\u017e\u0101d\u0101kajos brauk\u0161anas apst\u0101k\u013cos, k\u0101 ar\u012b ar draudz\u012bgu cenu.","og_url":"https:\/\/mmkriepas.lv\/en\/p\/245-50r18-linglong-green-max-winter-ice-i-15-100t\/","og_site_name":"MMK Riepas","article_publisher":"https:\/\/www.facebook.com\/mmkserviss\/","article_modified_time":"2026-03-27T22:16:37+00:00","og_image":[{"width":1920,"height":1278,"url":"https:\/\/mmkriepas.lv\/wp-content\/uploads\/2023\/11\/19555r16-linglong-green-max-winter-ice-i-15-91t-ziemas-riepas-8.jpg","type":"image\/jpeg"}],"twitter_card":"summary_large_image","twitter_misc":{"Price":"&euro;79.00","Availability":"In stock"},"schema":{"@context":"https:\/\/schema.org","@graph":[{"@type":"WebPage","@id":"https:\/\/mmkriepas.lv\/en\/p\/245-50r18-linglong-green-max-winter-ice-i-15-100t\/","url":"https:\/\/mmkriepas.lv\/en\/p\/245-50r18-linglong-green-max-winter-ice-i-15-100t\/","name":"245\/50R18 Linglong GREEN-Max Winter Ice I-15 100T &#8226; MMK Riepas","isPartOf":{"@id":"https:\/\/mmkriepas.lv\/en\/#website"},"primaryImageOfPage":{"@id":"https:\/\/mmkriepas.lv\/en\/p\/245-50r18-linglong-green-max-winter-ice-i-15-100t\/#primaryimage"},"image":{"@id":"https:\/\/mmkriepas.lv\/en\/p\/245-50r18-linglong-green-max-winter-ice-i-15-100t\/#primaryimage"},"thumbnailUrl":"https:\/\/mmkriepas.lv\/wp-content\/uploads\/2023\/11\/19555r16-linglong-green-max-winter-ice-i-15-91t-ziemas-riepas-8.jpg","datePublished":"2023-10-21T05:46:42+00:00","dateModified":"2026-03-27T22:16:37+00:00","breadcrumb":{"@id":"https:\/\/mmkriepas.lv\/en\/p\/245-50r18-linglong-green-max-winter-ice-i-15-100t\/#breadcrumb"},"inLanguage":"en-US","potentialAction":[{"@type":"ReadAction","target":["https:\/\/mmkriepas.lv\/en\/p\/245-50r18-linglong-green-max-winter-ice-i-15-100t\/"]}]},{"@type":"ImageObject","inLanguage":"en-US","@id":"https:\/\/mmkriepas.lv\/en\/p\/245-50r18-linglong-green-max-winter-ice-i-15-100t\/#primaryimage","url":"https:\/\/mmkriepas.lv\/wp-content\/uploads\/2023\/11\/19555r16-linglong-green-max-winter-ice-i-15-91t-ziemas-riepas-8.jpg","contentUrl":"https:\/\/mmkriepas.lv\/wp-content\/uploads\/2023\/11\/19555r16-linglong-green-max-winter-ice-i-15-91t-ziemas-riepas-8.jpg","width":1920,"height":1278,"caption":"MAIN"},{"@type":"BreadcrumbList","@id":"https:\/\/mmkriepas.lv\/en\/p\/245-50r18-linglong-green-max-winter-ice-i-15-100t\/#breadcrumb","itemListElement":[{"@type":"ListItem","position":1,"name":"S\u0101kums","item":"https:\/\/mmkriepas.lv\/en\/"},{"@type":"ListItem","position":2,"name":"245\/50R18 Linglong GREEN-Max Winter Ice I-15 100T"}]},{"@type":"WebSite","@id":"https:\/\/mmkriepas.lv\/en\/#website","url":"https:\/\/mmkriepas.lv\/en\/","name":"MMK Riepas","description":"MMK Riepas","alternateName":"MMK Riepu Serviss","potentialAction":[{"@type":"SearchAction","target":{"@type":"EntryPoint","urlTemplate":"https:\/\/mmkriepas.lv\/en\/?s={search_term_string}"},"query-input":{"@type":"PropertyValueSpecification","valueRequired":true,"valueName":"search_term_string"}}],"inLanguage":"en-US"},{"@type":"ImageObject","inLanguage":"en-US","@id":"https:\/\/mmkriepas.lv\/en\/p\/245-50r18-linglong-green-max-winter-ice-i-15-100t\/#local-main-organization-logo","url":"","contentUrl":"","caption":"MMK Riepas"}]},"product_brand":"Linglong GREEN-Max Winter Ice I-15","product_price_amount":"79.00","product_price_currency":"EUR","og_availability":"instock","product_availability":"instock","product_retailer_item_id":"TW2455018LINGL-30413","product_condition":"new"},"_links":{"self":[{"href":"https:\/\/mmkriepas.lv\/en\/wp-json\/wp\/v2\/product\/810504","targetHints":{"allow":["GET"]}}],"collection":[{"href":"https:\/\/mmkriepas.lv\/en\/wp-json\/wp\/v2\/product"}],"about":[{"href":"https:\/\/mmkriepas.lv\/en\/wp-json\/wp\/v2\/types\/product"}],"wp:featuredmedia":[{"embeddable":true,"href":"https:\/\/mmkriepas.lv\/en\/wp-json\/wp\/v2\/media\/822775"}],"wp:attachment":[{"href":"https:\/\/mmkriepas.lv\/en\/wp-json\/wp\/v2\/media?parent=810504"}],"wp:term":[{"taxonomy":"product_brand","embeddable":true,"href":"https:\/\/mmkriepas.lv\/en\/wp-json\/wp\/v2\/product_brand?post=810504"},{"taxonomy":"product_cat","embeddable":true,"href":"https:\/\/mmkriepas.lv\/en\/wp-json\/wp\/v2\/product_cat?post=810504"},{"taxonomy":"product_tag","embeddable":true,"href":"https:\/\/mmkriepas.lv\/en\/wp-json\/wp\/v2\/product_tag?post=810504"}],"curies":[{"name":"wp","href":"https:\/\/api.w.org\/{rel}","templated":true}]}}