{"id":805823,"date":"2023-10-12T17:34:33","date_gmt":"2023-10-12T14:34:33","guid":{"rendered":"https:\/\/mmkserviss.lv\/?post_type=product&#038;p=805823"},"modified":"2025-10-18T17:52:29","modified_gmt":"2025-10-18T14:52:29","slug":"255-55r18-zeta-antarctica-6-109v-xl","status":"publish","type":"product","link":"https:\/\/mmkriepas.lv\/en\/p\/255-55r18-zeta-antarctica-6-109v-xl\/","title":{"rendered":"255\/55R18 ZETA Antarctica 6 109V XL"},"content":{"rendered":"<p><span style=\"font-family: Times New Roman, serif;\"><span style=\"font-size: medium;\"><span style=\"color: #000000;\"><span style=\"font-family: Arial, serif;\"><span style=\"font-size: small;\"><b>Zeta Antarctica 6<\/b><\/span><\/span><\/span><span style=\"color: #000000;\"><span style=\"font-family: Arial, serif;\"><span style=\"font-size: small;\"> ir labas kvalit\u0101tes, bud\u017eeta klases, Skandin\u0101vijas tipa ziemas riepu modelis. <\/span><\/span><\/span><span style=\"color: #000000;\"><span style=\"font-family: Arial, serif;\"><span style=\"font-size: small;\"><b>Zeta riepu r\u016bpn\u012bc\u0101 tiek ra\u017eotas Nokian riepas. Riepu gigants Nokian izv\u0113l\u0113jies tie\u0161i Zeta riepu r\u016bpn\u012bcu augsto kvalit\u0101tes standartu d\u0113\u013c.<\/b><\/span><\/span><\/span><span style=\"color: #000000;\"><span style=\"font-family: Arial, serif;\"><span style=\"font-size: small;\"> Tas izce\u013cas ar labiem komforta un sa\u0137eres r\u0101d\u012bt\u0101jiem pat skarbos ziemas brauk\u0161anas apst\u0101k\u013cos. \u0160is ziemas riepu modelis pieejams izm\u0113ru kl\u0101st\u0101 no R16 l\u012bdz R19 un paredz\u0113ts SUV jeb apvidus automa\u0161\u012bn\u0101m.<\/span><\/span><\/span><\/span><\/span><\/p>\n<h3 class=\"western\"><span style=\"color: #000000;\"><span style=\"font-family: Arial, serif;\"><span style=\"font-size: medium;\">Zeta Antarctica 6 galven\u0101s iez\u012bmes<\/span><\/span><\/span><\/h3>\n<p><span style=\"font-family: Times New Roman, serif;\"><span style=\"font-size: medium;\"><span style=\"color: #000000;\"><span style=\"font-family: Arial, serif;\"><span style=\"font-size: small;\">+ Laba sa\u0137ere gan uz asfalta, gan snieg\u0101, slapjdra\u0146\u0137\u012b un pat uz apledoju\u0161\u0101m ce\u013ca virsm\u0101m,<br \/>+ Dzi\u013c\u0161, agres\u012bvs virzienveida protektora raksts,<br \/>+ Izteikts brauk\u0161anas gaitas komforts,<br \/>+ Zems akvaplan\u0113\u0161anas risks.\u00a0<\/span><\/span><\/span><\/span><\/span><\/p>\n<h3 class=\"western\"><span style=\"color: #000000;\"><span style=\"font-family: Arial, serif;\"><span style=\"font-size: medium;\">Antarctica 6 apr\u012bkojums<\/span><\/span><\/span><\/h3>\n<p><span style=\"font-family: Times New Roman, serif;\"><span style=\"font-size: medium;\"><span style=\"color: #000000;\"><span style=\"font-family: Arial, serif;\"><span style=\"font-size: small;\"><b>Zeta Antarctica 6<\/b><\/span><\/span><\/span><span style=\"color: #000000;\"><span style=\"font-family: Arial, serif;\"><span style=\"font-size: small;\"> ziemas riepu modelis apr\u012bkots ar virz\u012bta tipa protektora rakstu. \u0160\u0101da dizaina izv\u0113le veikta ar m\u0113r\u0137i uzlabot veiktsp\u0113ju snieg\u0101. Protektora blokos bl\u012bvi iestr\u0101d\u0101ti vair\u0101ki t\u016bksto\u0161i lame\u013cu, kuras uzlabo sa\u0137eri ar ledu un sabliet\u0113tu sniegu, uzlabojot sa\u0137eri ar \u0161\u012bm slidenaj\u0101m virsm\u0101m.\u00a0<\/span><\/span><\/span><\/span><\/span><\/p>\n<p><span style=\"font-family: Times New Roman, serif;\"><span style=\"font-size: medium;\"><span style=\"color: #000000;\"><span style=\"font-family: Arial, serif;\"><span style=\"font-size: small;\">Dzi\u013cais, agres\u012bvais protektora dizains darin\u0101ts no elastrom\u0113riem bag\u0101ta gumijas sakaus\u0113juma. Tam pievienotie elastrom\u0113ri \u013cauj riepai saglab\u0101t elast\u012bbu pat \u013coti zem\u0101s temperat\u016br\u0101s. K\u0101 zin\u0101ms, elast\u012bga riepa daudz lab\u0101k veido sa\u0137eri ar ce\u013cu, k\u0101 ar\u012b dilst vienm\u0113r\u012bg\u0101k.<\/span><\/span><\/span><\/span><\/span><\/p>\n<p><span style=\"font-family: Times New Roman, serif;\"><span style=\"font-size: medium;\"><span style=\"color: #000000;\"><span style=\"font-family: Arial, serif;\"><span style=\"font-size: small;\">Starp mas\u012bvajiem protektora blokiem atrodama augsti att\u012bst\u012bta dren\u0101\u017eas kan\u0101lu sist\u0113ma, kas izcili tiek gal\u0101 ar \u016bdens un sniega novadi no sa\u0137eres virsmas ar ce\u013cu, samazinot ar\u012b akvaplan\u0113\u0161anas risku.<\/span><\/span><\/span><\/span><\/span><\/p>\n<p><span style=\"color: #ff0000;\"><span style=\"font-family: Arial, serif;\"><span style=\"font-size: medium;\">Mode\u013ca lieto\u0161anas dro\u0161\u012bbu ziemas laika apst\u0101k\u013cos un t\u0101 atbilst\u012bbu valst\u012bm ar oblig\u0101tu sezon\u0101lo riepu mai\u0146u apstiprina mar\u0137\u0113jums sniegp\u0101rslas form\u0101 uz kalna fona ar trim virsotn\u0113m (3PMSF).<\/span><\/span><\/span><\/p>\n","protected":false},"excerpt":{"rendered":"<p><span style=\"font-family: Times New Roman, serif;\"><span style=\"font-size: medium;\"><span style=\"color: #000000;\"><span style=\"font-family: Arial, serif;\"><span style=\"font-size: small;\"><b>Zeta Antarctica 6<\/b><\/span><\/span><\/span><span style=\"color: #000000;\"><span style=\"font-family: Arial, serif;\"><span style=\"font-size: small;\"> ir labas kvalit\u0101tes, bud\u017eeta klases, Skandin\u0101vijas tipa ziemas riepu modelis. <\/span><\/span><\/span><span style=\"color: #000000;\"><span style=\"font-family: Arial, serif;\"><span style=\"font-size: small;\"><b>Zeta riepu r\u016bpn\u012bc\u0101 tiek ra\u017eotas Nokian riepas. Riepu gigants Nokian izv\u0113l\u0113jies tie\u0161i Zeta riepu r\u016bpn\u012bcu augsto kvalit\u0101tes standartu d\u0113\u013c.<\/b><\/span><\/span><\/span><span style=\"color: #000000;\"><span style=\"font-family: Arial, serif;\"><span style=\"font-size: small;\"> Tas izce\u013cas ar labiem komforta un sa\u0137eres r\u0101d\u012bt\u0101jiem pat skarbos ziemas brauk\u0161anas apst\u0101k\u013cos. \u0160is ziemas riepu modelis pieejams izm\u0113ru kl\u0101st\u0101 no R16 l\u012bdz R19 un paredz\u0113ts SUV jeb apvidus automa\u0161\u012bn\u0101m.<\/span><\/span><\/span><\/span><\/span><\/p>\n","protected":false},"featured_media":867011,"template":"","meta":{"_acf_changed":false,"ngg_post_thumbnail":0},"product_brand":[],"product_cat":[47,45],"product_tag":[],"class_list":{"0":"post-805823","1":"product","2":"type-product","3":"status-publish","4":"has-post-thumbnail","6":"product_cat-vissezonas-riepas","7":"product_cat-ziemas-riepas","9":"first","10":"outofstock","11":"sale","12":"taxable","13":"shipping-taxable","14":"product-type-simple"},"acf":[],"yoast_head":"<!-- This site is optimized with the Yoast SEO Premium plugin v22.6 (Yoast SEO v27.3) - https:\/\/yoast.com\/product\/yoast-seo-premium-wordpress\/ -->\n<title>255\/55R18 ZETA Antarctica 6 109V XL &#8226; MMK Riepas<\/title>\n<meta name=\"robots\" content=\"index, follow, max-snippet:-1, max-image-preview:large, max-video-preview:-1\" \/>\n<link rel=\"canonical\" href=\"https:\/\/mmkriepas.lv\/en\/p\/255-55r18-zeta-antarctica-6-109v-xl\/\" \/>\n<meta property=\"og:locale\" content=\"en_US\" \/>\n<meta property=\"og:type\" content=\"article\" \/>\n<meta property=\"og:title\" content=\"255\/55R18 ZETA Antarctica 6 109V XL\" \/>\n<meta property=\"og:description\" content=\"Zeta Antarctica 6 ir labas kvalit\u0101tes, bud\u017eeta klases, Skandin\u0101vijas tipa ziemas riepu modelis. Zeta riepu r\u016bpn\u012bc\u0101 tiek ra\u017eotas Nokian riepas. Riepu gigants Nokian izv\u0113l\u0113jies tie\u0161i Zeta riepu r\u016bpn\u012bcu augsto kvalit\u0101tes standartu d\u0113\u013c. Tas izce\u013cas ar labiem komforta un sa\u0137eres r\u0101d\u012bt\u0101jiem pat skarbos ziemas brauk\u0161anas apst\u0101k\u013cos. \u0160is ziemas riepu modelis pieejams izm\u0113ru kl\u0101st\u0101 no R16 l\u012bdz R19 un paredz\u0113ts SUV jeb apvidus automa\u0161\u012bn\u0101m.\" \/>\n<meta property=\"og:url\" content=\"https:\/\/mmkriepas.lv\/en\/p\/255-55r18-zeta-antarctica-6-109v-xl\/\" \/>\n<meta property=\"og:site_name\" content=\"MMK Riepas\" \/>\n<meta property=\"article:publisher\" content=\"https:\/\/www.facebook.com\/mmkserviss\/\" \/>\n<meta property=\"article:modified_time\" content=\"2025-10-18T14:52:29+00:00\" \/>\n<meta property=\"og:image\" content=\"https:\/\/mmkriepas.lv\/wp-content\/uploads\/2024\/02\/23555r17-zeta-antarctica-6-103v-xl-ziemas-riepas.jpg\" \/>\n\t<meta property=\"og:image:width\" content=\"1040\" \/>\n\t<meta property=\"og:image:height\" content=\"780\" \/>\n\t<meta property=\"og:image:type\" content=\"image\/jpeg\" \/>\n<meta name=\"twitter:card\" content=\"summary_large_image\" \/>\n<meta name=\"twitter:label1\" content=\"Price\" \/>\n\t<meta name=\"twitter:data1\" content=\"&euro;75.00\" \/>\n\t<meta name=\"twitter:label2\" content=\"Availability\" \/>\n\t<meta name=\"twitter:data2\" content=\"Out of stock\" \/>\n<script type=\"application\/ld+json\" class=\"yoast-schema-graph\">{\"@context\":\"https:\\\/\\\/schema.org\",\"@graph\":[{\"@type\":\"WebPage\",\"@id\":\"https:\\\/\\\/mmkriepas.lv\\\/en\\\/p\\\/255-55r18-zeta-antarctica-6-109v-xl\\\/\",\"url\":\"https:\\\/\\\/mmkriepas.lv\\\/en\\\/p\\\/255-55r18-zeta-antarctica-6-109v-xl\\\/\",\"name\":\"255\\\/55R18 ZETA Antarctica 6 109V XL &#8226; MMK Riepas\",\"isPartOf\":{\"@id\":\"https:\\\/\\\/mmkriepas.lv\\\/en\\\/#website\"},\"primaryImageOfPage\":{\"@id\":\"https:\\\/\\\/mmkriepas.lv\\\/en\\\/p\\\/255-55r18-zeta-antarctica-6-109v-xl\\\/#primaryimage\"},\"image\":{\"@id\":\"https:\\\/\\\/mmkriepas.lv\\\/en\\\/p\\\/255-55r18-zeta-antarctica-6-109v-xl\\\/#primaryimage\"},\"thumbnailUrl\":\"https:\\\/\\\/mmkriepas.lv\\\/wp-content\\\/uploads\\\/2024\\\/02\\\/23555r17-zeta-antarctica-6-103v-xl-ziemas-riepas.jpg\",\"datePublished\":\"2023-10-12T14:34:33+00:00\",\"dateModified\":\"2025-10-18T14:52:29+00:00\",\"breadcrumb\":{\"@id\":\"https:\\\/\\\/mmkriepas.lv\\\/en\\\/p\\\/255-55r18-zeta-antarctica-6-109v-xl\\\/#breadcrumb\"},\"inLanguage\":\"en-US\",\"potentialAction\":[{\"@type\":\"ReadAction\",\"target\":[\"https:\\\/\\\/mmkriepas.lv\\\/en\\\/p\\\/255-55r18-zeta-antarctica-6-109v-xl\\\/\"]}]},{\"@type\":\"ImageObject\",\"inLanguage\":\"en-US\",\"@id\":\"https:\\\/\\\/mmkriepas.lv\\\/en\\\/p\\\/255-55r18-zeta-antarctica-6-109v-xl\\\/#primaryimage\",\"url\":\"https:\\\/\\\/mmkriepas.lv\\\/wp-content\\\/uploads\\\/2024\\\/02\\\/23555r17-zeta-antarctica-6-103v-xl-ziemas-riepas.jpg\",\"contentUrl\":\"https:\\\/\\\/mmkriepas.lv\\\/wp-content\\\/uploads\\\/2024\\\/02\\\/23555r17-zeta-antarctica-6-103v-xl-ziemas-riepas.jpg\",\"width\":1040,\"height\":780,\"caption\":\"MMK Zeta Antarctica 6 MAIN\"},{\"@type\":\"BreadcrumbList\",\"@id\":\"https:\\\/\\\/mmkriepas.lv\\\/en\\\/p\\\/255-55r18-zeta-antarctica-6-109v-xl\\\/#breadcrumb\",\"itemListElement\":[{\"@type\":\"ListItem\",\"position\":1,\"name\":\"S\u0101kums\",\"item\":\"https:\\\/\\\/mmkriepas.lv\\\/en\\\/\"},{\"@type\":\"ListItem\",\"position\":2,\"name\":\"255\\\/55R18 ZETA Antarctica 6 109V XL\"}]},{\"@type\":\"WebSite\",\"@id\":\"https:\\\/\\\/mmkriepas.lv\\\/en\\\/#website\",\"url\":\"https:\\\/\\\/mmkriepas.lv\\\/en\\\/\",\"name\":\"MMK Riepas\",\"description\":\"MMK Riepas\",\"alternateName\":\"MMK Riepu Serviss\",\"potentialAction\":[{\"@type\":\"SearchAction\",\"target\":{\"@type\":\"EntryPoint\",\"urlTemplate\":\"https:\\\/\\\/mmkriepas.lv\\\/en\\\/?s={search_term_string}\"},\"query-input\":{\"@type\":\"PropertyValueSpecification\",\"valueRequired\":true,\"valueName\":\"search_term_string\"}}],\"inLanguage\":\"en-US\"},{\"@type\":\"ImageObject\",\"inLanguage\":\"en-US\",\"@id\":\"https:\\\/\\\/mmkriepas.lv\\\/en\\\/p\\\/255-55r18-zeta-antarctica-6-109v-xl\\\/#local-main-organization-logo\",\"url\":\"\",\"contentUrl\":\"\",\"caption\":\"MMK Riepas\"}]}<\/script>\n<meta property=\"product:brand\" content=\"Zeta Antarctica 6\" \/>\n<meta property=\"product:price:amount\" content=\"75.00\" \/>\n<meta property=\"product:price:currency\" content=\"EUR\" \/>\n<meta property=\"og:availability\" content=\"out of stock\" \/>\n<meta property=\"product:availability\" content=\"out of stock\" \/>\n<meta property=\"product:retailer_item_id\" content=\"TW2555518ZETA-30203\" \/>\n<meta property=\"product:condition\" content=\"new\" \/>\n<!-- \/ Yoast SEO Premium plugin. -->","yoast_head_json":{"title":"255\/55R18 ZETA Antarctica 6 109V XL &#8226; MMK Riepas","robots":{"index":"index","follow":"follow","max-snippet":"max-snippet:-1","max-image-preview":"max-image-preview:large","max-video-preview":"max-video-preview:-1"},"canonical":"https:\/\/mmkriepas.lv\/en\/p\/255-55r18-zeta-antarctica-6-109v-xl\/","og_locale":"en_US","og_type":"article","og_title":"255\/55R18 ZETA Antarctica 6 109V XL","og_description":"Zeta Antarctica 6 ir labas kvalit\u0101tes, bud\u017eeta klases, Skandin\u0101vijas tipa ziemas riepu modelis. Zeta riepu r\u016bpn\u012bc\u0101 tiek ra\u017eotas Nokian riepas. Riepu gigants Nokian izv\u0113l\u0113jies tie\u0161i Zeta riepu r\u016bpn\u012bcu augsto kvalit\u0101tes standartu d\u0113\u013c. Tas izce\u013cas ar labiem komforta un sa\u0137eres r\u0101d\u012bt\u0101jiem pat skarbos ziemas brauk\u0161anas apst\u0101k\u013cos. \u0160is ziemas riepu modelis pieejams izm\u0113ru kl\u0101st\u0101 no R16 l\u012bdz R19 un paredz\u0113ts SUV jeb apvidus automa\u0161\u012bn\u0101m.","og_url":"https:\/\/mmkriepas.lv\/en\/p\/255-55r18-zeta-antarctica-6-109v-xl\/","og_site_name":"MMK Riepas","article_publisher":"https:\/\/www.facebook.com\/mmkserviss\/","article_modified_time":"2025-10-18T14:52:29+00:00","og_image":[{"width":1040,"height":780,"url":"https:\/\/mmkriepas.lv\/wp-content\/uploads\/2024\/02\/23555r17-zeta-antarctica-6-103v-xl-ziemas-riepas.jpg","type":"image\/jpeg"}],"twitter_card":"summary_large_image","twitter_misc":{"Price":"&euro;75.00","Availability":"Out of stock"},"schema":{"@context":"https:\/\/schema.org","@graph":[{"@type":"WebPage","@id":"https:\/\/mmkriepas.lv\/en\/p\/255-55r18-zeta-antarctica-6-109v-xl\/","url":"https:\/\/mmkriepas.lv\/en\/p\/255-55r18-zeta-antarctica-6-109v-xl\/","name":"255\/55R18 ZETA Antarctica 6 109V XL &#8226; MMK Riepas","isPartOf":{"@id":"https:\/\/mmkriepas.lv\/en\/#website"},"primaryImageOfPage":{"@id":"https:\/\/mmkriepas.lv\/en\/p\/255-55r18-zeta-antarctica-6-109v-xl\/#primaryimage"},"image":{"@id":"https:\/\/mmkriepas.lv\/en\/p\/255-55r18-zeta-antarctica-6-109v-xl\/#primaryimage"},"thumbnailUrl":"https:\/\/mmkriepas.lv\/wp-content\/uploads\/2024\/02\/23555r17-zeta-antarctica-6-103v-xl-ziemas-riepas.jpg","datePublished":"2023-10-12T14:34:33+00:00","dateModified":"2025-10-18T14:52:29+00:00","breadcrumb":{"@id":"https:\/\/mmkriepas.lv\/en\/p\/255-55r18-zeta-antarctica-6-109v-xl\/#breadcrumb"},"inLanguage":"en-US","potentialAction":[{"@type":"ReadAction","target":["https:\/\/mmkriepas.lv\/en\/p\/255-55r18-zeta-antarctica-6-109v-xl\/"]}]},{"@type":"ImageObject","inLanguage":"en-US","@id":"https:\/\/mmkriepas.lv\/en\/p\/255-55r18-zeta-antarctica-6-109v-xl\/#primaryimage","url":"https:\/\/mmkriepas.lv\/wp-content\/uploads\/2024\/02\/23555r17-zeta-antarctica-6-103v-xl-ziemas-riepas.jpg","contentUrl":"https:\/\/mmkriepas.lv\/wp-content\/uploads\/2024\/02\/23555r17-zeta-antarctica-6-103v-xl-ziemas-riepas.jpg","width":1040,"height":780,"caption":"MMK Zeta Antarctica 6 MAIN"},{"@type":"BreadcrumbList","@id":"https:\/\/mmkriepas.lv\/en\/p\/255-55r18-zeta-antarctica-6-109v-xl\/#breadcrumb","itemListElement":[{"@type":"ListItem","position":1,"name":"S\u0101kums","item":"https:\/\/mmkriepas.lv\/en\/"},{"@type":"ListItem","position":2,"name":"255\/55R18 ZETA Antarctica 6 109V XL"}]},{"@type":"WebSite","@id":"https:\/\/mmkriepas.lv\/en\/#website","url":"https:\/\/mmkriepas.lv\/en\/","name":"MMK Riepas","description":"MMK Riepas","alternateName":"MMK Riepu Serviss","potentialAction":[{"@type":"SearchAction","target":{"@type":"EntryPoint","urlTemplate":"https:\/\/mmkriepas.lv\/en\/?s={search_term_string}"},"query-input":{"@type":"PropertyValueSpecification","valueRequired":true,"valueName":"search_term_string"}}],"inLanguage":"en-US"},{"@type":"ImageObject","inLanguage":"en-US","@id":"https:\/\/mmkriepas.lv\/en\/p\/255-55r18-zeta-antarctica-6-109v-xl\/#local-main-organization-logo","url":"","contentUrl":"","caption":"MMK Riepas"}]},"product_brand":"Zeta Antarctica 6","product_price_amount":"75.00","product_price_currency":"EUR","og_availability":"out of stock","product_availability":"out of stock","product_retailer_item_id":"TW2555518ZETA-30203","product_condition":"new"},"_links":{"self":[{"href":"https:\/\/mmkriepas.lv\/en\/wp-json\/wp\/v2\/product\/805823","targetHints":{"allow":["GET"]}}],"collection":[{"href":"https:\/\/mmkriepas.lv\/en\/wp-json\/wp\/v2\/product"}],"about":[{"href":"https:\/\/mmkriepas.lv\/en\/wp-json\/wp\/v2\/types\/product"}],"wp:featuredmedia":[{"embeddable":true,"href":"https:\/\/mmkriepas.lv\/en\/wp-json\/wp\/v2\/media\/867011"}],"wp:attachment":[{"href":"https:\/\/mmkriepas.lv\/en\/wp-json\/wp\/v2\/media?parent=805823"}],"wp:term":[{"taxonomy":"product_brand","embeddable":true,"href":"https:\/\/mmkriepas.lv\/en\/wp-json\/wp\/v2\/product_brand?post=805823"},{"taxonomy":"product_cat","embeddable":true,"href":"https:\/\/mmkriepas.lv\/en\/wp-json\/wp\/v2\/product_cat?post=805823"},{"taxonomy":"product_tag","embeddable":true,"href":"https:\/\/mmkriepas.lv\/en\/wp-json\/wp\/v2\/product_tag?post=805823"}],"curies":[{"name":"wp","href":"https:\/\/api.w.org\/{rel}","templated":true}]}}