{"id":8055,"date":"2017-03-27T15:07:36","date_gmt":"2017-03-27T12:07:36","guid":{"rendered":"https:\/\/mmkserviss.lv\/katalogs\/vasaras-riepas\/vasaras-riepas-22570r15c-rotalla-rf09-112110\/"},"modified":"2023-02-20T09:57:03","modified_gmt":"2023-02-20T07:57:03","slug":"vasaras-riepas-22570r15c-rotalla-rf09-112110r","status":"publish","type":"product","link":"https:\/\/mmkriepas.lv\/en\/p\/vasaras-riepas-22570r15c-rotalla-rf09-112110r\/","title":{"rendered":"225\/70R15C Rotalla RF09 112\/110R"},"content":{"rendered":"<p><b>Rotalla RF09<\/b> ir vasaras komerctransporta jeb c indeksa riepu modelis. Tas paredz\u0113ts tiem komercauto \u0161oferiem, kas ne tikai v\u0113las justies dro\u0161i un veikt lielus att\u0101lumus, bet ar\u012b saglab\u0101t komfortu un ietaup\u012bt.<o:p><\/o:p><\/p>\n<h3>RF09 galven\u0101s iez\u012bmes<o:p><\/o:p><\/h3>\n<p>+ Augsta uzticam\u012bba, pateicoties nodilumiztur\u012bgam gumijas mais\u012bjumam un pastiprin\u0101tam riepas karkasam,<o:p><\/o:p><\/p>\n<p>+ Veiktsp\u0113ju uz zemas kvalit\u0101tes ce\u013ca seguma nodro\u0161ina \u012bpa\u0161i izveidots protektora raksts un dren\u0101\u017eas kan\u0101lu sist\u0113ma,<o:p><\/o:p><\/p>\n<p>+ Palielin\u0101ts protektora kontakta laukums un dren\u0101\u017eas kan\u0101lu izm\u0113rs uzlabo sa\u0137eri ar saus\u0101m un mitr\u0101m virsm\u0101m.<o:p><\/o:p><\/p>\n<h3>Rotalla RF09 apr\u012bkojums<o:p><\/o:p><\/h3>\n<p>\u0160is komerctransporta riepu modelis apr\u012bkots ar mas\u012bv\u0101m, nep\u0101rtraukt\u0101m protektora bloku virkn\u0113m. \u0160\u0101ds dizains garant\u0113 optim\u0101lu kravas sadal\u012bjumu vis\u0101 kontakta virsm\u0101 ar ce\u013cu, palielinot \u0161\u012b mode\u013ca riepu nodilumiztur\u012bbu.Riepas karkass darin\u0101ts no liela daudzuma \u012bpa\u0161i iztur\u012bgu kordu sl\u0101\u0146u un t\u0101 iet\u0113rpta augstas kvalit\u0101tes, elastrom\u0113riem bag\u0101t\u0101 gumijas mais\u012bjum\u0101.<o:p><\/o:p><\/p>\n","protected":false},"excerpt":{"rendered":"<p><b>Rotalla RF09<\/b> ir vasaras komerctransporta jeb c indeksa riepu modelis. Tas paredz\u0113ts tiem komercauto \u0161oferiem, kas ne tikai v\u0113las justies dro\u0161i un veikt lielus att\u0101lumus, bet ar\u012b saglab\u0101t komfortu un ietaup\u012bt.<o:p><\/o:p><\/p>\n","protected":false},"featured_media":1439976,"template":"","meta":{"_acf_changed":false,"ngg_post_thumbnail":0},"product_brand":[],"product_cat":[23641],"product_tag":[],"class_list":{"0":"post-8055","1":"product","2":"type-product","3":"status-publish","4":"has-post-thumbnail","6":"product_cat-summer-tyres","8":"first","9":"instock","10":"sale","11":"taxable","12":"shipping-taxable","13":"product-type-simple"},"acf":[],"yoast_head":"<!-- This site is optimized with the Yoast SEO Premium plugin v22.6 (Yoast SEO v27.3) - https:\/\/yoast.com\/product\/yoast-seo-premium-wordpress\/ -->\n<title>225\/70R15C Rotalla RF09 112\/110R &#8226; MMK Riepas<\/title>\n<meta name=\"robots\" content=\"index, follow, max-snippet:-1, max-image-preview:large, max-video-preview:-1\" \/>\n<link rel=\"canonical\" href=\"https:\/\/mmkriepas.lv\/en\/p\/vasaras-riepas-22570r15c-rotalla-rf09-112110r\/\" \/>\n<meta property=\"og:locale\" content=\"en_US\" \/>\n<meta property=\"og:type\" content=\"article\" \/>\n<meta property=\"og:title\" content=\"225\/70R15C Rotalla RF09 112\/110R\" \/>\n<meta property=\"og:description\" content=\"Rotalla RF09 ir vasaras komerctransporta jeb c indeksa riepu modelis. Tas paredz\u0113ts tiem komercauto \u0161oferiem, kas ne tikai v\u0113las justies dro\u0161i un veikt lielus att\u0101lumus, bet ar\u012b saglab\u0101t komfortu un ietaup\u012bt.\" \/>\n<meta property=\"og:url\" content=\"https:\/\/mmkriepas.lv\/en\/p\/vasaras-riepas-22570r15c-rotalla-rf09-112110r\/\" \/>\n<meta property=\"og:site_name\" content=\"MMK Riepas\" \/>\n<meta property=\"article:publisher\" content=\"https:\/\/www.facebook.com\/mmkserviss\/\" \/>\n<meta property=\"article:modified_time\" content=\"2023-02-20T07:57:03+00:00\" \/>\n<meta property=\"og:image\" content=\"https:\/\/mmkriepas.lv\/wp-content\/uploads\/2026\/02\/21575r16c-rotalla-rf09-113111r-dot-vasaras-riepas.jpg\" \/>\n\t<meta property=\"og:image:width\" content=\"900\" \/>\n\t<meta property=\"og:image:height\" content=\"720\" \/>\n\t<meta property=\"og:image:type\" content=\"image\/jpeg\" \/>\n<meta name=\"twitter:card\" content=\"summary_large_image\" \/>\n<meta name=\"twitter:label1\" content=\"Price\" \/>\n\t<meta name=\"twitter:data1\" content=\"&euro;62.00\" \/>\n\t<meta name=\"twitter:label2\" content=\"Availability\" \/>\n\t<meta name=\"twitter:data2\" content=\"In stock\" \/>\n<script type=\"application\/ld+json\" class=\"yoast-schema-graph\">{\"@context\":\"https:\\\/\\\/schema.org\",\"@graph\":[{\"@type\":\"WebPage\",\"@id\":\"https:\\\/\\\/mmkriepas.lv\\\/en\\\/p\\\/vasaras-riepas-22570r15c-rotalla-rf09-112110r\\\/\",\"url\":\"https:\\\/\\\/mmkriepas.lv\\\/en\\\/p\\\/vasaras-riepas-22570r15c-rotalla-rf09-112110r\\\/\",\"name\":\"225\\\/70R15C Rotalla RF09 112\\\/110R &#8226; MMK Riepas\",\"isPartOf\":{\"@id\":\"https:\\\/\\\/mmkriepas.lv\\\/en\\\/#website\"},\"primaryImageOfPage\":{\"@id\":\"https:\\\/\\\/mmkriepas.lv\\\/en\\\/p\\\/vasaras-riepas-22570r15c-rotalla-rf09-112110r\\\/#primaryimage\"},\"image\":{\"@id\":\"https:\\\/\\\/mmkriepas.lv\\\/en\\\/p\\\/vasaras-riepas-22570r15c-rotalla-rf09-112110r\\\/#primaryimage\"},\"thumbnailUrl\":\"https:\\\/\\\/mmkriepas.lv\\\/wp-content\\\/uploads\\\/2026\\\/02\\\/21575r16c-rotalla-rf09-113111r-dot-vasaras-riepas.jpg\",\"datePublished\":\"2017-03-27T12:07:36+00:00\",\"dateModified\":\"2023-02-20T07:57:03+00:00\",\"breadcrumb\":{\"@id\":\"https:\\\/\\\/mmkriepas.lv\\\/en\\\/p\\\/vasaras-riepas-22570r15c-rotalla-rf09-112110r\\\/#breadcrumb\"},\"inLanguage\":\"en-US\",\"potentialAction\":[{\"@type\":\"ReadAction\",\"target\":[\"https:\\\/\\\/mmkriepas.lv\\\/en\\\/p\\\/vasaras-riepas-22570r15c-rotalla-rf09-112110r\\\/\"]}]},{\"@type\":\"ImageObject\",\"inLanguage\":\"en-US\",\"@id\":\"https:\\\/\\\/mmkriepas.lv\\\/en\\\/p\\\/vasaras-riepas-22570r15c-rotalla-rf09-112110r\\\/#primaryimage\",\"url\":\"https:\\\/\\\/mmkriepas.lv\\\/wp-content\\\/uploads\\\/2026\\\/02\\\/21575r16c-rotalla-rf09-113111r-dot-vasaras-riepas.jpg\",\"contentUrl\":\"https:\\\/\\\/mmkriepas.lv\\\/wp-content\\\/uploads\\\/2026\\\/02\\\/21575r16c-rotalla-rf09-113111r-dot-vasaras-riepas.jpg\",\"width\":900,\"height\":720,\"caption\":\"MAIN\"},{\"@type\":\"BreadcrumbList\",\"@id\":\"https:\\\/\\\/mmkriepas.lv\\\/en\\\/p\\\/vasaras-riepas-22570r15c-rotalla-rf09-112110r\\\/#breadcrumb\",\"itemListElement\":[{\"@type\":\"ListItem\",\"position\":1,\"name\":\"S\u0101kums\",\"item\":\"https:\\\/\\\/mmkriepas.lv\\\/en\\\/\"},{\"@type\":\"ListItem\",\"position\":2,\"name\":\"225\\\/70R15C Rotalla RF09 112\\\/110R\"}]},{\"@type\":\"WebSite\",\"@id\":\"https:\\\/\\\/mmkriepas.lv\\\/en\\\/#website\",\"url\":\"https:\\\/\\\/mmkriepas.lv\\\/en\\\/\",\"name\":\"MMK Riepas\",\"description\":\"MMK Riepas\",\"alternateName\":\"MMK Riepu Serviss\",\"potentialAction\":[{\"@type\":\"SearchAction\",\"target\":{\"@type\":\"EntryPoint\",\"urlTemplate\":\"https:\\\/\\\/mmkriepas.lv\\\/en\\\/?s={search_term_string}\"},\"query-input\":{\"@type\":\"PropertyValueSpecification\",\"valueRequired\":true,\"valueName\":\"search_term_string\"}}],\"inLanguage\":\"en-US\"},{\"@type\":\"ImageObject\",\"inLanguage\":\"en-US\",\"@id\":\"https:\\\/\\\/mmkriepas.lv\\\/en\\\/p\\\/vasaras-riepas-22570r15c-rotalla-rf09-112110r\\\/#local-main-organization-logo\",\"url\":\"\",\"contentUrl\":\"\",\"caption\":\"MMK Riepas\"}]}<\/script>\n<meta property=\"product:brand\" content=\"Rotalla Transporter RF09\" \/>\n<meta property=\"product:price:amount\" content=\"62.00\" \/>\n<meta property=\"product:price:currency\" content=\"EUR\" \/>\n<meta property=\"og:availability\" content=\"instock\" \/>\n<meta property=\"product:availability\" content=\"instock\" \/>\n<meta property=\"product:condition\" content=\"new\" \/>\n<!-- \/ Yoast SEO Premium plugin. -->","yoast_head_json":{"title":"225\/70R15C Rotalla RF09 112\/110R &#8226; MMK Riepas","robots":{"index":"index","follow":"follow","max-snippet":"max-snippet:-1","max-image-preview":"max-image-preview:large","max-video-preview":"max-video-preview:-1"},"canonical":"https:\/\/mmkriepas.lv\/en\/p\/vasaras-riepas-22570r15c-rotalla-rf09-112110r\/","og_locale":"en_US","og_type":"article","og_title":"225\/70R15C Rotalla RF09 112\/110R","og_description":"Rotalla RF09 ir vasaras komerctransporta jeb c indeksa riepu modelis. Tas paredz\u0113ts tiem komercauto \u0161oferiem, kas ne tikai v\u0113las justies dro\u0161i un veikt lielus att\u0101lumus, bet ar\u012b saglab\u0101t komfortu un ietaup\u012bt.","og_url":"https:\/\/mmkriepas.lv\/en\/p\/vasaras-riepas-22570r15c-rotalla-rf09-112110r\/","og_site_name":"MMK Riepas","article_publisher":"https:\/\/www.facebook.com\/mmkserviss\/","article_modified_time":"2023-02-20T07:57:03+00:00","og_image":[{"width":900,"height":720,"url":"https:\/\/mmkriepas.lv\/wp-content\/uploads\/2026\/02\/21575r16c-rotalla-rf09-113111r-dot-vasaras-riepas.jpg","type":"image\/jpeg"}],"twitter_card":"summary_large_image","twitter_misc":{"Price":"&euro;62.00","Availability":"In stock"},"schema":{"@context":"https:\/\/schema.org","@graph":[{"@type":"WebPage","@id":"https:\/\/mmkriepas.lv\/en\/p\/vasaras-riepas-22570r15c-rotalla-rf09-112110r\/","url":"https:\/\/mmkriepas.lv\/en\/p\/vasaras-riepas-22570r15c-rotalla-rf09-112110r\/","name":"225\/70R15C Rotalla RF09 112\/110R &#8226; MMK Riepas","isPartOf":{"@id":"https:\/\/mmkriepas.lv\/en\/#website"},"primaryImageOfPage":{"@id":"https:\/\/mmkriepas.lv\/en\/p\/vasaras-riepas-22570r15c-rotalla-rf09-112110r\/#primaryimage"},"image":{"@id":"https:\/\/mmkriepas.lv\/en\/p\/vasaras-riepas-22570r15c-rotalla-rf09-112110r\/#primaryimage"},"thumbnailUrl":"https:\/\/mmkriepas.lv\/wp-content\/uploads\/2026\/02\/21575r16c-rotalla-rf09-113111r-dot-vasaras-riepas.jpg","datePublished":"2017-03-27T12:07:36+00:00","dateModified":"2023-02-20T07:57:03+00:00","breadcrumb":{"@id":"https:\/\/mmkriepas.lv\/en\/p\/vasaras-riepas-22570r15c-rotalla-rf09-112110r\/#breadcrumb"},"inLanguage":"en-US","potentialAction":[{"@type":"ReadAction","target":["https:\/\/mmkriepas.lv\/en\/p\/vasaras-riepas-22570r15c-rotalla-rf09-112110r\/"]}]},{"@type":"ImageObject","inLanguage":"en-US","@id":"https:\/\/mmkriepas.lv\/en\/p\/vasaras-riepas-22570r15c-rotalla-rf09-112110r\/#primaryimage","url":"https:\/\/mmkriepas.lv\/wp-content\/uploads\/2026\/02\/21575r16c-rotalla-rf09-113111r-dot-vasaras-riepas.jpg","contentUrl":"https:\/\/mmkriepas.lv\/wp-content\/uploads\/2026\/02\/21575r16c-rotalla-rf09-113111r-dot-vasaras-riepas.jpg","width":900,"height":720,"caption":"MAIN"},{"@type":"BreadcrumbList","@id":"https:\/\/mmkriepas.lv\/en\/p\/vasaras-riepas-22570r15c-rotalla-rf09-112110r\/#breadcrumb","itemListElement":[{"@type":"ListItem","position":1,"name":"S\u0101kums","item":"https:\/\/mmkriepas.lv\/en\/"},{"@type":"ListItem","position":2,"name":"225\/70R15C Rotalla RF09 112\/110R"}]},{"@type":"WebSite","@id":"https:\/\/mmkriepas.lv\/en\/#website","url":"https:\/\/mmkriepas.lv\/en\/","name":"MMK Riepas","description":"MMK Riepas","alternateName":"MMK Riepu Serviss","potentialAction":[{"@type":"SearchAction","target":{"@type":"EntryPoint","urlTemplate":"https:\/\/mmkriepas.lv\/en\/?s={search_term_string}"},"query-input":{"@type":"PropertyValueSpecification","valueRequired":true,"valueName":"search_term_string"}}],"inLanguage":"en-US"},{"@type":"ImageObject","inLanguage":"en-US","@id":"https:\/\/mmkriepas.lv\/en\/p\/vasaras-riepas-22570r15c-rotalla-rf09-112110r\/#local-main-organization-logo","url":"","contentUrl":"","caption":"MMK Riepas"}]},"product_brand":"Rotalla Transporter RF09","product_price_amount":"62.00","product_price_currency":"EUR","og_availability":"instock","product_availability":"instock","product_condition":"new"},"_links":{"self":[{"href":"https:\/\/mmkriepas.lv\/en\/wp-json\/wp\/v2\/product\/8055","targetHints":{"allow":["GET"]}}],"collection":[{"href":"https:\/\/mmkriepas.lv\/en\/wp-json\/wp\/v2\/product"}],"about":[{"href":"https:\/\/mmkriepas.lv\/en\/wp-json\/wp\/v2\/types\/product"}],"wp:featuredmedia":[{"embeddable":true,"href":"https:\/\/mmkriepas.lv\/en\/wp-json\/wp\/v2\/media\/1439976"}],"wp:attachment":[{"href":"https:\/\/mmkriepas.lv\/en\/wp-json\/wp\/v2\/media?parent=8055"}],"wp:term":[{"taxonomy":"product_brand","embeddable":true,"href":"https:\/\/mmkriepas.lv\/en\/wp-json\/wp\/v2\/product_brand?post=8055"},{"taxonomy":"product_cat","embeddable":true,"href":"https:\/\/mmkriepas.lv\/en\/wp-json\/wp\/v2\/product_cat?post=8055"},{"taxonomy":"product_tag","embeddable":true,"href":"https:\/\/mmkriepas.lv\/en\/wp-json\/wp\/v2\/product_tag?post=8055"}],"curies":[{"name":"wp","href":"https:\/\/api.w.org\/{rel}","templated":true}]}}