{"id":800389,"date":"2023-10-06T19:30:07","date_gmt":"2023-10-06T16:30:07","guid":{"rendered":"https:\/\/mmkserviss.lv\/?post_type=product&#038;p=800389"},"modified":"2026-04-03T00:16:56","modified_gmt":"2026-04-02T21:16:56","slug":"235-50r18-lassa-competus-winter-2-101h-xl-bridgestone","status":"publish","type":"product","link":"https:\/\/mmkriepas.lv\/en\/p\/235-50r18-lassa-competus-winter-2-101h-xl-bridgestone\/","title":{"rendered":"235\/50R18 Lassa Competus Winter 2+ 101H XL (Bridgestone)"},"content":{"rendered":"<p><strong>Lassa Competus Winter 2\/2+<\/strong> ir ziemas riepu modelis, kas paredz\u0113ts apvidus auto jeb SUV. \u0160is modelis izce\u013cas ar labu caurejam\u012bbu snieg\u0101 un konkur\u0113tsp\u0113j\u012bgu veiktsp\u0113ju pat uz apledoju\u0161iem ce\u013ciem. \u0160\u012b ziemas riepa apr\u012bkota ar agres\u012bvu protektora rakstu, kur iestr\u0101d\u0101ti vair\u0101ki t\u016bksto\u0161i z\u0101\u0123veida lame\u013cu, kuras burtiski iec\u0113rtas nelielos nel\u012bdzenumos uz ledus, b\u016btiski palielinot sa\u0137eri.\u00a0<\/p>\n<h3>Competus Winter 2\/2+ galven\u0101s iez\u012bmes<\/h3>\n<p>+ \u012ass bremz\u0113\u0161anas ce\u013c\u0161, pateicoties augstas kvalit\u0101tes gumijai, no kuras riepa izgatavota!<\/p>\n<p>+ Labi sa\u0137eres r\u0101d\u012bt\u0101ji snieg\u0101 un uz slapja ce\u013ca!<\/p>\n<p>+ Labs komforta l\u012bmenis, kluss un pat\u012bkams brauciens!<\/p>\n<p>+ Riepa, kas piem\u0113rota tie\u0161i apvidus auto!<\/p>\n<h3>Competus Winter 2\/2+ protektors.<\/h3>\n<p>Lassa Competus Winter 2\/2+ protektora raksts veidots virz\u012bt\u0101, simetrisk\u0101 stil\u0101, t\u0101 bloki izvietoti t\u0101, lai starp tiem veidotos pla\u0161as dren\u0101\u017eas rievas, kuras uzlabo sa\u0137eri ar sniegu un, tand\u0113m\u0101 ar lamel\u0113m, sausina kontakta virsmu. Protektora raksts atg\u0101dina pinumu- t\u0101ds tas ir izveidots ar m\u0113r\u0137i braucienu padar\u012bt klus\u0101ku un pat\u012bkam\u0101ku. Riepa darin\u0101ta no augstas kvalit\u0101tes gumijas mais\u012bjuma, kas papildin\u0101ts ar virkni elastrom\u0113ru, lai riepa saglab\u0101tu elast\u012bbu pla\u0161\u0101 temperat\u016bru diapazon\u0101.<\/p>\n<p><strong>Lassa Competus Winter 2\/2+ <\/strong>mode\u013ca lieto\u0161anas dro\u0161\u012bbu ziemas laika apst\u0101k\u013cos un t\u0101 atbilst\u012bbu valst\u012bm ar oblig\u0101tu sezon\u0101lo riepu mai\u0146u apstiprina mar\u0137\u0113jums sniegp\u0101rslas form\u0101 uz kalna fona ar trim virsotn\u0113m (3PMSF).<\/p>\n","protected":false},"excerpt":{"rendered":"<p><b><span style=\"font-family: 'Arial',sans-serif;\">Lassa Competus Winter 2\/2+<\/span><\/b><span style=\"font-family: 'Arial',sans-serif;\"> ir ziemas riepu modelis, kas paredz\u0113ts apvidus auto jeb SUV. \u0160is modelis izce\u013cas ar labu caurejam\u012bbu snieg\u0101 un konkur\u0113tsp\u0113j\u012bgu veiktsp\u0113ju pat uz apledoju\u0161iem ce\u013ciem. \u0160\u012b ziemas riepa apr\u012bkota ar agres\u012bvu protektora rakstu, kur iestr\u0101d\u0101ti vair\u0101ki t\u016bksto\u0161i z\u0101\u0123veida lame\u013cu, kuras burtiski iec\u0113rtas nelielos nel\u012bdzenumos uz ledus, b\u016btiski palielinot sa\u0137eri.\u00a0<\/span><\/p>\n","protected":false},"featured_media":803289,"template":"","meta":{"_acf_changed":false,"ngg_post_thumbnail":0},"product_brand":[],"product_cat":[47,45],"product_tag":[],"class_list":{"0":"post-800389","1":"product","2":"type-product","3":"status-publish","4":"has-post-thumbnail","6":"product_cat-vissezonas-riepas","7":"product_cat-ziemas-riepas","9":"first","10":"instock","11":"taxable","12":"shipping-taxable","13":"purchasable","14":"product-type-simple"},"acf":[],"yoast_head":"<!-- This site is optimized with the Yoast SEO Premium plugin v22.6 (Yoast SEO v27.3) - https:\/\/yoast.com\/product\/yoast-seo-premium-wordpress\/ -->\n<title>235\/50R18 Lassa Competus Winter 2+ 101H XL (Bridgestone) &#8226; MMK Riepas<\/title>\n<meta name=\"robots\" content=\"index, follow, max-snippet:-1, max-image-preview:large, max-video-preview:-1\" \/>\n<link rel=\"canonical\" href=\"https:\/\/mmkriepas.lv\/en\/p\/235-50r18-lassa-competus-winter-2-101h-xl-bridgestone\/\" \/>\n<meta property=\"og:locale\" content=\"en_US\" \/>\n<meta property=\"og:type\" content=\"article\" \/>\n<meta property=\"og:title\" content=\"235\/50R18 Lassa Competus Winter 2+ 101H XL (Bridgestone)\" \/>\n<meta property=\"og:description\" content=\"Lassa Competus Winter 2\/2+ ir ziemas riepu modelis, kas paredz\u0113ts apvidus auto jeb SUV. \u0160is modelis izce\u013cas ar labu caurejam\u012bbu snieg\u0101 un konkur\u0113tsp\u0113j\u012bgu veiktsp\u0113ju pat uz apledoju\u0161iem ce\u013ciem. \u0160\u012b ziemas riepa apr\u012bkota ar agres\u012bvu protektora rakstu, kur iestr\u0101d\u0101ti vair\u0101ki t\u016bksto\u0161i z\u0101\u0123veida lame\u013cu, kuras burtiski iec\u0113rtas nelielos nel\u012bdzenumos uz ledus, b\u016btiski palielinot sa\u0137eri.\u00a0\" \/>\n<meta property=\"og:url\" content=\"https:\/\/mmkriepas.lv\/en\/p\/235-50r18-lassa-competus-winter-2-101h-xl-bridgestone\/\" \/>\n<meta property=\"og:site_name\" content=\"MMK Riepas\" \/>\n<meta property=\"article:publisher\" content=\"https:\/\/www.facebook.com\/mmkserviss\/\" \/>\n<meta property=\"article:modified_time\" content=\"2026-04-02T21:16:56+00:00\" \/>\n<meta property=\"og:image\" content=\"https:\/\/mmkriepas.lv\/wp-content\/uploads\/2023\/10\/22555r18-lassa-competus-winter-2-98v-bridgestone-ziemas-riepas.jpg\" \/>\n\t<meta property=\"og:image:width\" content=\"1782\" \/>\n\t<meta property=\"og:image:height\" content=\"1798\" \/>\n\t<meta property=\"og:image:type\" content=\"image\/jpeg\" \/>\n<meta name=\"twitter:card\" content=\"summary_large_image\" \/>\n<meta name=\"twitter:label1\" content=\"Price\" \/>\n\t<meta name=\"twitter:data1\" content=\"&euro;107.00\" \/>\n\t<meta name=\"twitter:label2\" content=\"Availability\" \/>\n\t<meta name=\"twitter:data2\" content=\"In stock\" \/>\n<script type=\"application\/ld+json\" class=\"yoast-schema-graph\">{\"@context\":\"https:\\\/\\\/schema.org\",\"@graph\":[{\"@type\":\"WebPage\",\"@id\":\"https:\\\/\\\/mmkriepas.lv\\\/en\\\/p\\\/235-50r18-lassa-competus-winter-2-101h-xl-bridgestone\\\/\",\"url\":\"https:\\\/\\\/mmkriepas.lv\\\/en\\\/p\\\/235-50r18-lassa-competus-winter-2-101h-xl-bridgestone\\\/\",\"name\":\"235\\\/50R18 Lassa Competus Winter 2+ 101H XL (Bridgestone) &#8226; MMK Riepas\",\"isPartOf\":{\"@id\":\"https:\\\/\\\/mmkriepas.lv\\\/en\\\/#website\"},\"primaryImageOfPage\":{\"@id\":\"https:\\\/\\\/mmkriepas.lv\\\/en\\\/p\\\/235-50r18-lassa-competus-winter-2-101h-xl-bridgestone\\\/#primaryimage\"},\"image\":{\"@id\":\"https:\\\/\\\/mmkriepas.lv\\\/en\\\/p\\\/235-50r18-lassa-competus-winter-2-101h-xl-bridgestone\\\/#primaryimage\"},\"thumbnailUrl\":\"https:\\\/\\\/mmkriepas.lv\\\/wp-content\\\/uploads\\\/2023\\\/10\\\/22555r18-lassa-competus-winter-2-98v-bridgestone-ziemas-riepas.jpg\",\"datePublished\":\"2023-10-06T16:30:07+00:00\",\"dateModified\":\"2026-04-02T21:16:56+00:00\",\"breadcrumb\":{\"@id\":\"https:\\\/\\\/mmkriepas.lv\\\/en\\\/p\\\/235-50r18-lassa-competus-winter-2-101h-xl-bridgestone\\\/#breadcrumb\"},\"inLanguage\":\"en-US\",\"potentialAction\":[{\"@type\":\"ReadAction\",\"target\":[\"https:\\\/\\\/mmkriepas.lv\\\/en\\\/p\\\/235-50r18-lassa-competus-winter-2-101h-xl-bridgestone\\\/\"]}]},{\"@type\":\"ImageObject\",\"inLanguage\":\"en-US\",\"@id\":\"https:\\\/\\\/mmkriepas.lv\\\/en\\\/p\\\/235-50r18-lassa-competus-winter-2-101h-xl-bridgestone\\\/#primaryimage\",\"url\":\"https:\\\/\\\/mmkriepas.lv\\\/wp-content\\\/uploads\\\/2023\\\/10\\\/22555r18-lassa-competus-winter-2-98v-bridgestone-ziemas-riepas.jpg\",\"contentUrl\":\"https:\\\/\\\/mmkriepas.lv\\\/wp-content\\\/uploads\\\/2023\\\/10\\\/22555r18-lassa-competus-winter-2-98v-bridgestone-ziemas-riepas.jpg\",\"width\":1782,\"height\":1798,\"caption\":\"?????????????????????????\"},{\"@type\":\"BreadcrumbList\",\"@id\":\"https:\\\/\\\/mmkriepas.lv\\\/en\\\/p\\\/235-50r18-lassa-competus-winter-2-101h-xl-bridgestone\\\/#breadcrumb\",\"itemListElement\":[{\"@type\":\"ListItem\",\"position\":1,\"name\":\"S\u0101kums\",\"item\":\"https:\\\/\\\/mmkriepas.lv\\\/en\\\/\"},{\"@type\":\"ListItem\",\"position\":2,\"name\":\"235\\\/50R18 Lassa Competus Winter 2+ 101H XL (Bridgestone)\"}]},{\"@type\":\"WebSite\",\"@id\":\"https:\\\/\\\/mmkriepas.lv\\\/en\\\/#website\",\"url\":\"https:\\\/\\\/mmkriepas.lv\\\/en\\\/\",\"name\":\"MMK Riepas\",\"description\":\"MMK Riepas\",\"alternateName\":\"MMK Riepu Serviss\",\"potentialAction\":[{\"@type\":\"SearchAction\",\"target\":{\"@type\":\"EntryPoint\",\"urlTemplate\":\"https:\\\/\\\/mmkriepas.lv\\\/en\\\/?s={search_term_string}\"},\"query-input\":{\"@type\":\"PropertyValueSpecification\",\"valueRequired\":true,\"valueName\":\"search_term_string\"}}],\"inLanguage\":\"en-US\"},{\"@type\":\"ImageObject\",\"inLanguage\":\"en-US\",\"@id\":\"https:\\\/\\\/mmkriepas.lv\\\/en\\\/p\\\/235-50r18-lassa-competus-winter-2-101h-xl-bridgestone\\\/#local-main-organization-logo\",\"url\":\"\",\"contentUrl\":\"\",\"caption\":\"MMK Riepas\"}]}<\/script>\n<meta property=\"product:brand\" content=\"Lassa Competus Winter 2\" \/>\n<meta property=\"product:price:amount\" content=\"107.00\" \/>\n<meta property=\"product:price:currency\" content=\"EUR\" \/>\n<meta property=\"og:availability\" content=\"instock\" \/>\n<meta property=\"product:availability\" content=\"instock\" \/>\n<meta property=\"product:retailer_item_id\" content=\"TW2355018LASSA-L29970\" \/>\n<meta property=\"product:condition\" content=\"new\" \/>\n<!-- \/ Yoast SEO Premium plugin. -->","yoast_head_json":{"title":"235\/50R18 Lassa Competus Winter 2+ 101H XL (Bridgestone) &#8226; MMK Riepas","robots":{"index":"index","follow":"follow","max-snippet":"max-snippet:-1","max-image-preview":"max-image-preview:large","max-video-preview":"max-video-preview:-1"},"canonical":"https:\/\/mmkriepas.lv\/en\/p\/235-50r18-lassa-competus-winter-2-101h-xl-bridgestone\/","og_locale":"en_US","og_type":"article","og_title":"235\/50R18 Lassa Competus Winter 2+ 101H XL (Bridgestone)","og_description":"Lassa Competus Winter 2\/2+ ir ziemas riepu modelis, kas paredz\u0113ts apvidus auto jeb SUV. \u0160is modelis izce\u013cas ar labu caurejam\u012bbu snieg\u0101 un konkur\u0113tsp\u0113j\u012bgu veiktsp\u0113ju pat uz apledoju\u0161iem ce\u013ciem. \u0160\u012b ziemas riepa apr\u012bkota ar agres\u012bvu protektora rakstu, kur iestr\u0101d\u0101ti vair\u0101ki t\u016bksto\u0161i z\u0101\u0123veida lame\u013cu, kuras burtiski iec\u0113rtas nelielos nel\u012bdzenumos uz ledus, b\u016btiski palielinot sa\u0137eri.\u00a0","og_url":"https:\/\/mmkriepas.lv\/en\/p\/235-50r18-lassa-competus-winter-2-101h-xl-bridgestone\/","og_site_name":"MMK Riepas","article_publisher":"https:\/\/www.facebook.com\/mmkserviss\/","article_modified_time":"2026-04-02T21:16:56+00:00","og_image":[{"width":1782,"height":1798,"url":"https:\/\/mmkriepas.lv\/wp-content\/uploads\/2023\/10\/22555r18-lassa-competus-winter-2-98v-bridgestone-ziemas-riepas.jpg","type":"image\/jpeg"}],"twitter_card":"summary_large_image","twitter_misc":{"Price":"&euro;107.00","Availability":"In stock"},"schema":{"@context":"https:\/\/schema.org","@graph":[{"@type":"WebPage","@id":"https:\/\/mmkriepas.lv\/en\/p\/235-50r18-lassa-competus-winter-2-101h-xl-bridgestone\/","url":"https:\/\/mmkriepas.lv\/en\/p\/235-50r18-lassa-competus-winter-2-101h-xl-bridgestone\/","name":"235\/50R18 Lassa Competus Winter 2+ 101H XL (Bridgestone) &#8226; MMK Riepas","isPartOf":{"@id":"https:\/\/mmkriepas.lv\/en\/#website"},"primaryImageOfPage":{"@id":"https:\/\/mmkriepas.lv\/en\/p\/235-50r18-lassa-competus-winter-2-101h-xl-bridgestone\/#primaryimage"},"image":{"@id":"https:\/\/mmkriepas.lv\/en\/p\/235-50r18-lassa-competus-winter-2-101h-xl-bridgestone\/#primaryimage"},"thumbnailUrl":"https:\/\/mmkriepas.lv\/wp-content\/uploads\/2023\/10\/22555r18-lassa-competus-winter-2-98v-bridgestone-ziemas-riepas.jpg","datePublished":"2023-10-06T16:30:07+00:00","dateModified":"2026-04-02T21:16:56+00:00","breadcrumb":{"@id":"https:\/\/mmkriepas.lv\/en\/p\/235-50r18-lassa-competus-winter-2-101h-xl-bridgestone\/#breadcrumb"},"inLanguage":"en-US","potentialAction":[{"@type":"ReadAction","target":["https:\/\/mmkriepas.lv\/en\/p\/235-50r18-lassa-competus-winter-2-101h-xl-bridgestone\/"]}]},{"@type":"ImageObject","inLanguage":"en-US","@id":"https:\/\/mmkriepas.lv\/en\/p\/235-50r18-lassa-competus-winter-2-101h-xl-bridgestone\/#primaryimage","url":"https:\/\/mmkriepas.lv\/wp-content\/uploads\/2023\/10\/22555r18-lassa-competus-winter-2-98v-bridgestone-ziemas-riepas.jpg","contentUrl":"https:\/\/mmkriepas.lv\/wp-content\/uploads\/2023\/10\/22555r18-lassa-competus-winter-2-98v-bridgestone-ziemas-riepas.jpg","width":1782,"height":1798,"caption":"?????????????????????????"},{"@type":"BreadcrumbList","@id":"https:\/\/mmkriepas.lv\/en\/p\/235-50r18-lassa-competus-winter-2-101h-xl-bridgestone\/#breadcrumb","itemListElement":[{"@type":"ListItem","position":1,"name":"S\u0101kums","item":"https:\/\/mmkriepas.lv\/en\/"},{"@type":"ListItem","position":2,"name":"235\/50R18 Lassa Competus Winter 2+ 101H XL (Bridgestone)"}]},{"@type":"WebSite","@id":"https:\/\/mmkriepas.lv\/en\/#website","url":"https:\/\/mmkriepas.lv\/en\/","name":"MMK Riepas","description":"MMK Riepas","alternateName":"MMK Riepu Serviss","potentialAction":[{"@type":"SearchAction","target":{"@type":"EntryPoint","urlTemplate":"https:\/\/mmkriepas.lv\/en\/?s={search_term_string}"},"query-input":{"@type":"PropertyValueSpecification","valueRequired":true,"valueName":"search_term_string"}}],"inLanguage":"en-US"},{"@type":"ImageObject","inLanguage":"en-US","@id":"https:\/\/mmkriepas.lv\/en\/p\/235-50r18-lassa-competus-winter-2-101h-xl-bridgestone\/#local-main-organization-logo","url":"","contentUrl":"","caption":"MMK Riepas"}]},"product_brand":"Lassa Competus Winter 2","product_price_amount":"107.00","product_price_currency":"EUR","og_availability":"instock","product_availability":"instock","product_retailer_item_id":"TW2355018LASSA-L29970","product_condition":"new"},"_links":{"self":[{"href":"https:\/\/mmkriepas.lv\/en\/wp-json\/wp\/v2\/product\/800389","targetHints":{"allow":["GET"]}}],"collection":[{"href":"https:\/\/mmkriepas.lv\/en\/wp-json\/wp\/v2\/product"}],"about":[{"href":"https:\/\/mmkriepas.lv\/en\/wp-json\/wp\/v2\/types\/product"}],"wp:featuredmedia":[{"embeddable":true,"href":"https:\/\/mmkriepas.lv\/en\/wp-json\/wp\/v2\/media\/803289"}],"wp:attachment":[{"href":"https:\/\/mmkriepas.lv\/en\/wp-json\/wp\/v2\/media?parent=800389"}],"wp:term":[{"taxonomy":"product_brand","embeddable":true,"href":"https:\/\/mmkriepas.lv\/en\/wp-json\/wp\/v2\/product_brand?post=800389"},{"taxonomy":"product_cat","embeddable":true,"href":"https:\/\/mmkriepas.lv\/en\/wp-json\/wp\/v2\/product_cat?post=800389"},{"taxonomy":"product_tag","embeddable":true,"href":"https:\/\/mmkriepas.lv\/en\/wp-json\/wp\/v2\/product_tag?post=800389"}],"curies":[{"name":"wp","href":"https:\/\/api.w.org\/{rel}","templated":true}]}}