{"id":799085,"date":"2023-10-04T11:45:28","date_gmt":"2023-10-04T08:45:28","guid":{"rendered":"https:\/\/mmkserviss.lv\/?post_type=product&#038;p=799085"},"modified":"2025-08-18T23:09:01","modified_gmt":"2025-08-18T20:09:01","slug":"255-40r19-lanvigator-wintergrip-uhp-100v-xl","status":"publish","type":"product","link":"https:\/\/mmkriepas.lv\/en\/p\/255-40r19-lanvigator-wintergrip-uhp-100v-xl\/","title":{"rendered":"255\/40R19 Lanvigator Wintergrip UHP 100V XL"},"content":{"rendered":"<p><span style=\"font-family: Times New Roman, serif;\"><span style=\"font-size: medium;\"><strong>Lanvigator Wintergrip UHP<\/strong> ir izcils vissezonas\/ziemas riepu modelis, kas izce\u013cas ar augstu veiktsp\u0113ju pla\u0161\u0101 brauk\u0161anas apst\u0101k\u013cu diapazon\u0101, k\u0101 ar\u012b teicamu cenas un veiktsp\u0113jas attiec\u012bbu. Asimetriskais protektora raksts samazina akvaplan\u0113\u0161anas risku un nodro\u0161ina uzlabotu akustisko komfortu, bet protektora blokos bl\u012bvi iestr\u0101d\u0101t\u0101s lameles &#8211; izcilu veiktsp\u0113ju ziemas apst\u0101k\u013cos. Pieejams pla\u0161\u0101 izm\u0113ru kl\u0101st\u0101 un piem\u0113rots gan vieglajiem auto, gan krosoveriem un pat luksus klases SUV jeb apvidus automa\u0161\u012bn\u0101m.<\/span><\/span><\/p>\n<h3 class=\"western\"><strong><b>Lanvigator Wintergrip UHP galven\u0101s iez\u012bmes<\/b><\/strong><\/h3>\n<p><span style=\"font-family: Times New Roman, serif;\"><span style=\"font-size: medium;\">+ Riepu modelis, kuru nereti izv\u0113las pat luksus klases auto \u012bpa\u0161nieki.<br \/>+ Izcila sa\u0137ere un brauk\u0161anas komforts gan ziem\u0101, gan vasar\u0101,<br \/>+ Zems degvielas pat\u0113ri\u0146\u0161!<br \/>+ Klusa un komfortabla gaita,<br \/>+ Pazemin\u0101ts akvaplan\u0113\u0161anas risks,<br \/>+ Paaugstin\u0101ta nodilumiztur\u012bba,<br \/>+ Augst\u0101kais cenas un veiktsp\u0113jas koeficents sav\u0101 klas\u0113.<\/span><\/span><\/p>\n<h3 class=\"western\"><strong><b>Lanvigator Wintergrip UHP apr\u012bkojums<\/b><\/strong><\/h3>\n<p><span style=\"font-family: Times New Roman, serif;\"><span style=\"font-size: medium;\"><strong>Wintergrip UHP <\/strong>m+s\/ziemas riepas apr\u012bkotas ar unik\u0101la dizaina asimetrisko protektora rakstu. Atsevi\u0161\u0137as protektora zonas izstr\u0101d\u0101tas t\u0101, lai nodro\u0161in\u0101tu sa\u0137eri visda\u017e\u0101d\u0101kajos brauk\u0161anas apst\u0101k\u013cos.<\/span><\/span><\/p>\n<p><span style=\"font-family: Times New Roman, serif;\"><span style=\"font-size: medium;\">Garenisk\u0101s protektora joslas un \u016bdens novadkan\u0101li starp t\u0101m b\u016btiski uzlabo veiktsp\u0113ju siltos laikapst\u0101k\u013cos. \u0160ie elementi samazina rites pretest\u012bbu, nodro\u0161inot zem\u0101ku degvielas pat\u0113ri\u0146u, k\u0101 ar\u012b samazina akvaplan\u0113\u0161anas risku.<\/span><\/span><\/p>\n<p><span style=\"font-family: Times New Roman, serif;\"><span style=\"font-size: medium;\">Mas\u012bvajos, asimetriski izvietotajos protektora blokos riepas vidusda\u013c\u0101 bl\u012bvi iestr\u0101d\u0101tas lameles. T\u0101s ar t\u016bksto\u0161iem asu kant\u012b\u0161u iec\u0113rtas ledus un nobliet\u0113ta sniega virsm\u0101, veidojot izcilu sa\u0137eri pat skarbos ziemas apst\u0101k\u013cos.<\/span><\/span><\/p>\n<p><span style=\"font-family: Times New Roman, serif;\"><span style=\"font-size: medium;\"><strong>Lanvigator Wintergrip UHP<\/strong> pamat\u0101 izmantots \u012bpa\u0161i iztur\u012bgs karkass, kas iet\u0113rpts nodilumiztur\u012bg\u0101 un elast\u012bg\u0101 gumijas sakaus\u0113jum\u0101. Tas b\u016btiski uzlabo riepas ilgtsp\u0113j\u012bbu un nodro\u0161ina lab\u0101kas sa\u0137eres \u012bpa\u0161\u012bbas ar sliden\u0101m ce\u013ca virsm\u0101m.<\/span><\/span><\/p>\n<p><span style=\"font-family: Times New Roman, serif;\"><span style=\"font-size: medium;\">\u0160is vissezonas\/ziemas riepu modelis piem\u0113rots tiem autobrauc\u0113jiem, kas v\u0113las saglab\u0101t izcilu dro\u0161\u012bbas un komforta l\u012bmeni jebk\u0101dos brauk\u0161anas apst\u0101k\u013cos.<\/span><\/span><\/p>\n","protected":false},"excerpt":{"rendered":"<p><span style=\"font-family: Times New Roman, serif;\"><span style=\"font-size: medium;\"><strong><span style=\"font-family: Arial, sans-serif;\">Lanvigator Wintergrip UHP<\/span><\/strong><span style=\"font-family: Arial, sans-serif;\"> ir izcils vissezonas\/ziemas riepu modelis, kas izce\u013cas ar augstu veiktsp\u0113ju pla\u0161\u0101 brauk\u0161anas apst\u0101k\u013cu diapazon\u0101, k\u0101 ar\u012b teicamu cenas un veiktsp\u0113jas attiec\u012bbu. Asimetriskais protektora raksts samazina akvaplan\u0113\u0161anas risku un nodro\u0161ina uzlabotu akustisko komfortu, bet protektora blokos bl\u012bvi iestr\u0101d\u0101t\u0101s lameles &#8211; izcilu veiktsp\u0113ju ziemas apst\u0101k\u013cos. Pieejams pla\u0161\u0101 izm\u0113ru kl\u0101st\u0101 un piem\u0113rots gan vieglajiem auto, gan krosoveriem un pat luksus klases SUV jeb apvidus automa\u0161\u012bn\u0101m.<\/span><\/span><\/span><\/p>\n","protected":false},"featured_media":1275266,"template":"","meta":{"_acf_changed":false,"ngg_post_thumbnail":0},"product_brand":[],"product_cat":[47,45],"product_tag":[],"class_list":{"0":"post-799085","1":"product","2":"type-product","3":"status-publish","4":"has-post-thumbnail","6":"product_cat-vissezonas-riepas","7":"product_cat-ziemas-riepas","9":"first","10":"outofstock","11":"sale","12":"taxable","13":"shipping-taxable","14":"product-type-simple"},"acf":[],"yoast_head":"<!-- This site is optimized with the Yoast SEO Premium plugin v22.6 (Yoast SEO v27.3) - https:\/\/yoast.com\/product\/yoast-seo-premium-wordpress\/ -->\n<title>255\/40R19 Lanvigator Wintergrip UHP 100V XL &#8226; MMK Riepas<\/title>\n<meta name=\"robots\" content=\"index, follow, max-snippet:-1, max-image-preview:large, max-video-preview:-1\" \/>\n<link rel=\"canonical\" href=\"https:\/\/mmkriepas.lv\/en\/p\/255-40r19-lanvigator-wintergrip-uhp-100v-xl\/\" \/>\n<meta property=\"og:locale\" content=\"en_US\" \/>\n<meta property=\"og:type\" content=\"article\" \/>\n<meta property=\"og:title\" content=\"255\/40R19 Lanvigator Wintergrip UHP 100V XL\" \/>\n<meta property=\"og:description\" content=\"Lanvigator Wintergrip UHP ir izcils vissezonas\/ziemas riepu modelis, kas izce\u013cas ar augstu veiktsp\u0113ju pla\u0161\u0101 brauk\u0161anas apst\u0101k\u013cu diapazon\u0101, k\u0101 ar\u012b teicamu cenas un veiktsp\u0113jas attiec\u012bbu. Asimetriskais protektora raksts samazina akvaplan\u0113\u0161anas risku un nodro\u0161ina uzlabotu akustisko komfortu, bet protektora blokos bl\u012bvi iestr\u0101d\u0101t\u0101s lameles - izcilu veiktsp\u0113ju ziemas apst\u0101k\u013cos. Pieejams pla\u0161\u0101 izm\u0113ru kl\u0101st\u0101 un piem\u0113rots gan vieglajiem auto, gan krosoveriem un pat luksus klases SUV jeb apvidus automa\u0161\u012bn\u0101m.\" \/>\n<meta property=\"og:url\" content=\"https:\/\/mmkriepas.lv\/en\/p\/255-40r19-lanvigator-wintergrip-uhp-100v-xl\/\" \/>\n<meta property=\"og:site_name\" content=\"MMK Riepas\" \/>\n<meta property=\"article:publisher\" content=\"https:\/\/www.facebook.com\/mmkserviss\/\" \/>\n<meta property=\"article:modified_time\" content=\"2025-08-18T20:09:01+00:00\" \/>\n<meta property=\"og:image\" content=\"https:\/\/mmkriepas.lv\/wp-content\/uploads\/2025\/08\/25540r18-lanvigator-wintergrip-uhp-99v-xl-ziemas-riepas.jpg\" \/>\n\t<meta property=\"og:image:width\" content=\"900\" \/>\n\t<meta property=\"og:image:height\" content=\"720\" \/>\n\t<meta property=\"og:image:type\" content=\"image\/jpeg\" \/>\n<meta name=\"twitter:card\" content=\"summary_large_image\" \/>\n<meta name=\"twitter:label1\" content=\"Price\" \/>\n\t<meta name=\"twitter:data1\" content=\"&euro;67.00\" \/>\n\t<meta name=\"twitter:label2\" content=\"Availability\" \/>\n\t<meta name=\"twitter:data2\" content=\"Out of stock\" \/>\n<script type=\"application\/ld+json\" class=\"yoast-schema-graph\">{\"@context\":\"https:\\\/\\\/schema.org\",\"@graph\":[{\"@type\":\"WebPage\",\"@id\":\"https:\\\/\\\/mmkriepas.lv\\\/en\\\/p\\\/255-40r19-lanvigator-wintergrip-uhp-100v-xl\\\/\",\"url\":\"https:\\\/\\\/mmkriepas.lv\\\/en\\\/p\\\/255-40r19-lanvigator-wintergrip-uhp-100v-xl\\\/\",\"name\":\"255\\\/40R19 Lanvigator Wintergrip UHP 100V XL &#8226; MMK Riepas\",\"isPartOf\":{\"@id\":\"https:\\\/\\\/mmkriepas.lv\\\/en\\\/#website\"},\"primaryImageOfPage\":{\"@id\":\"https:\\\/\\\/mmkriepas.lv\\\/en\\\/p\\\/255-40r19-lanvigator-wintergrip-uhp-100v-xl\\\/#primaryimage\"},\"image\":{\"@id\":\"https:\\\/\\\/mmkriepas.lv\\\/en\\\/p\\\/255-40r19-lanvigator-wintergrip-uhp-100v-xl\\\/#primaryimage\"},\"thumbnailUrl\":\"https:\\\/\\\/mmkriepas.lv\\\/wp-content\\\/uploads\\\/2025\\\/08\\\/25540r18-lanvigator-wintergrip-uhp-99v-xl-ziemas-riepas.jpg\",\"datePublished\":\"2023-10-04T08:45:28+00:00\",\"dateModified\":\"2025-08-18T20:09:01+00:00\",\"breadcrumb\":{\"@id\":\"https:\\\/\\\/mmkriepas.lv\\\/en\\\/p\\\/255-40r19-lanvigator-wintergrip-uhp-100v-xl\\\/#breadcrumb\"},\"inLanguage\":\"en-US\",\"potentialAction\":[{\"@type\":\"ReadAction\",\"target\":[\"https:\\\/\\\/mmkriepas.lv\\\/en\\\/p\\\/255-40r19-lanvigator-wintergrip-uhp-100v-xl\\\/\"]}]},{\"@type\":\"ImageObject\",\"inLanguage\":\"en-US\",\"@id\":\"https:\\\/\\\/mmkriepas.lv\\\/en\\\/p\\\/255-40r19-lanvigator-wintergrip-uhp-100v-xl\\\/#primaryimage\",\"url\":\"https:\\\/\\\/mmkriepas.lv\\\/wp-content\\\/uploads\\\/2025\\\/08\\\/25540r18-lanvigator-wintergrip-uhp-99v-xl-ziemas-riepas.jpg\",\"contentUrl\":\"https:\\\/\\\/mmkriepas.lv\\\/wp-content\\\/uploads\\\/2025\\\/08\\\/25540r18-lanvigator-wintergrip-uhp-99v-xl-ziemas-riepas.jpg\",\"width\":900,\"height\":720,\"caption\":\"MAIN NEW\"},{\"@type\":\"BreadcrumbList\",\"@id\":\"https:\\\/\\\/mmkriepas.lv\\\/en\\\/p\\\/255-40r19-lanvigator-wintergrip-uhp-100v-xl\\\/#breadcrumb\",\"itemListElement\":[{\"@type\":\"ListItem\",\"position\":1,\"name\":\"S\u0101kums\",\"item\":\"https:\\\/\\\/mmkriepas.lv\\\/en\\\/\"},{\"@type\":\"ListItem\",\"position\":2,\"name\":\"255\\\/40R19 Lanvigator Wintergrip UHP 100V XL\"}]},{\"@type\":\"WebSite\",\"@id\":\"https:\\\/\\\/mmkriepas.lv\\\/en\\\/#website\",\"url\":\"https:\\\/\\\/mmkriepas.lv\\\/en\\\/\",\"name\":\"MMK Riepas\",\"description\":\"MMK Riepas\",\"alternateName\":\"MMK Riepu Serviss\",\"potentialAction\":[{\"@type\":\"SearchAction\",\"target\":{\"@type\":\"EntryPoint\",\"urlTemplate\":\"https:\\\/\\\/mmkriepas.lv\\\/en\\\/?s={search_term_string}\"},\"query-input\":{\"@type\":\"PropertyValueSpecification\",\"valueRequired\":true,\"valueName\":\"search_term_string\"}}],\"inLanguage\":\"en-US\"},{\"@type\":\"ImageObject\",\"inLanguage\":\"en-US\",\"@id\":\"https:\\\/\\\/mmkriepas.lv\\\/en\\\/p\\\/255-40r19-lanvigator-wintergrip-uhp-100v-xl\\\/#local-main-organization-logo\",\"url\":\"\",\"contentUrl\":\"\",\"caption\":\"MMK Riepas\"}]}<\/script>\n<meta property=\"product:brand\" content=\"Lanvigator Wintergrip UHP\" \/>\n<meta property=\"product:price:amount\" content=\"67.00\" \/>\n<meta property=\"product:price:currency\" content=\"EUR\" \/>\n<meta property=\"og:availability\" content=\"out of stock\" \/>\n<meta property=\"product:availability\" content=\"out of stock\" \/>\n<meta property=\"product:retailer_item_id\" content=\"TW2554019LANVI-29916\" \/>\n<meta property=\"product:condition\" content=\"new\" \/>\n<!-- \/ Yoast SEO Premium plugin. -->","yoast_head_json":{"title":"255\/40R19 Lanvigator Wintergrip UHP 100V XL &#8226; MMK Riepas","robots":{"index":"index","follow":"follow","max-snippet":"max-snippet:-1","max-image-preview":"max-image-preview:large","max-video-preview":"max-video-preview:-1"},"canonical":"https:\/\/mmkriepas.lv\/en\/p\/255-40r19-lanvigator-wintergrip-uhp-100v-xl\/","og_locale":"en_US","og_type":"article","og_title":"255\/40R19 Lanvigator Wintergrip UHP 100V XL","og_description":"Lanvigator Wintergrip UHP ir izcils vissezonas\/ziemas riepu modelis, kas izce\u013cas ar augstu veiktsp\u0113ju pla\u0161\u0101 brauk\u0161anas apst\u0101k\u013cu diapazon\u0101, k\u0101 ar\u012b teicamu cenas un veiktsp\u0113jas attiec\u012bbu. Asimetriskais protektora raksts samazina akvaplan\u0113\u0161anas risku un nodro\u0161ina uzlabotu akustisko komfortu, bet protektora blokos bl\u012bvi iestr\u0101d\u0101t\u0101s lameles - izcilu veiktsp\u0113ju ziemas apst\u0101k\u013cos. Pieejams pla\u0161\u0101 izm\u0113ru kl\u0101st\u0101 un piem\u0113rots gan vieglajiem auto, gan krosoveriem un pat luksus klases SUV jeb apvidus automa\u0161\u012bn\u0101m.","og_url":"https:\/\/mmkriepas.lv\/en\/p\/255-40r19-lanvigator-wintergrip-uhp-100v-xl\/","og_site_name":"MMK Riepas","article_publisher":"https:\/\/www.facebook.com\/mmkserviss\/","article_modified_time":"2025-08-18T20:09:01+00:00","og_image":[{"width":900,"height":720,"url":"https:\/\/mmkriepas.lv\/wp-content\/uploads\/2025\/08\/25540r18-lanvigator-wintergrip-uhp-99v-xl-ziemas-riepas.jpg","type":"image\/jpeg"}],"twitter_card":"summary_large_image","twitter_misc":{"Price":"&euro;67.00","Availability":"Out of stock"},"schema":{"@context":"https:\/\/schema.org","@graph":[{"@type":"WebPage","@id":"https:\/\/mmkriepas.lv\/en\/p\/255-40r19-lanvigator-wintergrip-uhp-100v-xl\/","url":"https:\/\/mmkriepas.lv\/en\/p\/255-40r19-lanvigator-wintergrip-uhp-100v-xl\/","name":"255\/40R19 Lanvigator Wintergrip UHP 100V XL &#8226; MMK Riepas","isPartOf":{"@id":"https:\/\/mmkriepas.lv\/en\/#website"},"primaryImageOfPage":{"@id":"https:\/\/mmkriepas.lv\/en\/p\/255-40r19-lanvigator-wintergrip-uhp-100v-xl\/#primaryimage"},"image":{"@id":"https:\/\/mmkriepas.lv\/en\/p\/255-40r19-lanvigator-wintergrip-uhp-100v-xl\/#primaryimage"},"thumbnailUrl":"https:\/\/mmkriepas.lv\/wp-content\/uploads\/2025\/08\/25540r18-lanvigator-wintergrip-uhp-99v-xl-ziemas-riepas.jpg","datePublished":"2023-10-04T08:45:28+00:00","dateModified":"2025-08-18T20:09:01+00:00","breadcrumb":{"@id":"https:\/\/mmkriepas.lv\/en\/p\/255-40r19-lanvigator-wintergrip-uhp-100v-xl\/#breadcrumb"},"inLanguage":"en-US","potentialAction":[{"@type":"ReadAction","target":["https:\/\/mmkriepas.lv\/en\/p\/255-40r19-lanvigator-wintergrip-uhp-100v-xl\/"]}]},{"@type":"ImageObject","inLanguage":"en-US","@id":"https:\/\/mmkriepas.lv\/en\/p\/255-40r19-lanvigator-wintergrip-uhp-100v-xl\/#primaryimage","url":"https:\/\/mmkriepas.lv\/wp-content\/uploads\/2025\/08\/25540r18-lanvigator-wintergrip-uhp-99v-xl-ziemas-riepas.jpg","contentUrl":"https:\/\/mmkriepas.lv\/wp-content\/uploads\/2025\/08\/25540r18-lanvigator-wintergrip-uhp-99v-xl-ziemas-riepas.jpg","width":900,"height":720,"caption":"MAIN NEW"},{"@type":"BreadcrumbList","@id":"https:\/\/mmkriepas.lv\/en\/p\/255-40r19-lanvigator-wintergrip-uhp-100v-xl\/#breadcrumb","itemListElement":[{"@type":"ListItem","position":1,"name":"S\u0101kums","item":"https:\/\/mmkriepas.lv\/en\/"},{"@type":"ListItem","position":2,"name":"255\/40R19 Lanvigator Wintergrip UHP 100V XL"}]},{"@type":"WebSite","@id":"https:\/\/mmkriepas.lv\/en\/#website","url":"https:\/\/mmkriepas.lv\/en\/","name":"MMK Riepas","description":"MMK Riepas","alternateName":"MMK Riepu Serviss","potentialAction":[{"@type":"SearchAction","target":{"@type":"EntryPoint","urlTemplate":"https:\/\/mmkriepas.lv\/en\/?s={search_term_string}"},"query-input":{"@type":"PropertyValueSpecification","valueRequired":true,"valueName":"search_term_string"}}],"inLanguage":"en-US"},{"@type":"ImageObject","inLanguage":"en-US","@id":"https:\/\/mmkriepas.lv\/en\/p\/255-40r19-lanvigator-wintergrip-uhp-100v-xl\/#local-main-organization-logo","url":"","contentUrl":"","caption":"MMK Riepas"}]},"product_brand":"Lanvigator Wintergrip UHP","product_price_amount":"67.00","product_price_currency":"EUR","og_availability":"out of stock","product_availability":"out of stock","product_retailer_item_id":"TW2554019LANVI-29916","product_condition":"new"},"_links":{"self":[{"href":"https:\/\/mmkriepas.lv\/en\/wp-json\/wp\/v2\/product\/799085","targetHints":{"allow":["GET"]}}],"collection":[{"href":"https:\/\/mmkriepas.lv\/en\/wp-json\/wp\/v2\/product"}],"about":[{"href":"https:\/\/mmkriepas.lv\/en\/wp-json\/wp\/v2\/types\/product"}],"wp:featuredmedia":[{"embeddable":true,"href":"https:\/\/mmkriepas.lv\/en\/wp-json\/wp\/v2\/media\/1275266"}],"wp:attachment":[{"href":"https:\/\/mmkriepas.lv\/en\/wp-json\/wp\/v2\/media?parent=799085"}],"wp:term":[{"taxonomy":"product_brand","embeddable":true,"href":"https:\/\/mmkriepas.lv\/en\/wp-json\/wp\/v2\/product_brand?post=799085"},{"taxonomy":"product_cat","embeddable":true,"href":"https:\/\/mmkriepas.lv\/en\/wp-json\/wp\/v2\/product_cat?post=799085"},{"taxonomy":"product_tag","embeddable":true,"href":"https:\/\/mmkriepas.lv\/en\/wp-json\/wp\/v2\/product_tag?post=799085"}],"curies":[{"name":"wp","href":"https:\/\/api.w.org\/{rel}","templated":true}]}}