{"id":799047,"date":"2023-10-04T11:44:03","date_gmt":"2023-10-04T08:44:03","guid":{"rendered":"https:\/\/mmkserviss.lv\/?post_type=product&#038;p=799047"},"modified":"2026-03-07T00:58:55","modified_gmt":"2026-03-06T22:58:55","slug":"205-70r15-lanvigator-icelandmax-96s","status":"publish","type":"product","link":"https:\/\/mmkriepas.lv\/en\/p\/205-70r15-lanvigator-icelandmax-96s\/","title":{"rendered":"205\/70R15 Lanvigator Icelandmax 96S"},"content":{"rendered":"<p><strong>Lanvigator Icelandmax &#8211; \u013coti labs<\/strong> m\u012bkst\u0101 sast\u0101va jeb Skandin\u0101vijas tipa ziemas riepu modelis, kas izce\u013cas ar augstiem sa\u0137eres r\u0101d\u012bt\u0101jiem pat skarbos ziemas brauk\u0161anas apst\u0101k\u013cos. Pieejams pla\u0161\u0101 izm\u0113ru kl\u0101st\u0101 no kompaktklases auto l\u012bdz pat nelieliem SUV jeb krosoveriem. Nereti tiek uzst\u0101d\u012bts pat luksus klases automa\u0161\u012bn\u0101m, izcilo sa\u0137eres \u012bpa\u0161\u012bbu un augst\u0101 dro\u0161\u012bbas l\u012bme\u0146a d\u0113\u013c.<\/p>\n<p><strong>Lanvigator Icelandmax galven\u0101s \u012bpa\u0161\u012bbas<\/strong><\/p>\n<p>+ \u0160o modeli nereti izv\u0113las pat luksus klases auto \u012bpa\u0161nieki, augst\u0101 dro\u0161\u012bbas l\u012bme\u0146a d\u0113\u013c.<\/p>\n<p>+ Izcilas sa\u0137eres \u012bpa\u0161\u012bbas snieg\u0101, uz ledus un uz slapja asfalta.<\/p>\n<p>+ Akustiskais komforts.<\/p>\n<p>+ Paaugstin\u0101ta nodilumiztur\u012bba.<\/p>\n<p>+ Dzi\u013c\u0161 protektors.<\/p>\n<p><strong>Icelandmax apr\u012bkojums<\/strong> <strong>Lanvigator Icelandmax <\/strong>ziemas riepas apr\u012bkotas ar simetrisku protektora rakstu, starp kura mas\u012bvajiem protektora blokiem izvietoti gareniski novadkan\u0101li. Tie pal\u012bdz efekt\u012bv\u0101k izvad\u012bt \u016bdeni no riepu kontakta virsmas ar ce\u013cu, samazinot akvaplan\u0113\u0161anas risku. Protektors veidots \u012bpa\u0161i dzi\u013c\u0161, uzlabojot veiktsp\u0113ju snieg\u0101. Mas\u012bvajos, simetriski izvietotajos protektora blokos bl\u012bvi izvietoti vair\u0101ki t\u016bksto\u0161i s\u012bku iegriezumu jeb lame\u013cu. T\u0101s, l\u012bdz\u012bgi k\u0101 radzes, ar as\u0101m kant\u0113m iec\u0113rtas led\u016b un sabliet\u0113t\u0101 snieg\u0101, veidojot dzel\u017eainu sa\u0137eri. Riepas izgatavotas no augstv\u0113rt\u012bga kompoz\u012btmateri\u0101la, kas lieliski saglab\u0101 elast\u012bbu, un l\u012bdz ar to ar\u012b sa\u0137eri, pla\u0161\u0101 temperat\u016bru diapazon\u0101. <strong><\/strong><\/p>\n<p><strong>Lanvigator Icelandmax <\/strong>riepas ir izcili piem\u0113rotas Latvijas brauk\u0161anas apst\u0101k\u013ciem. Pat sastopoties ar skarbiem brauk\u0161anas apst\u0101k\u013ciem &#8211; dzi\u013cu sniegu, apledojumu vai atkusni, \u0161\u012bs riepas nodro\u0161in\u0101s lielisku sa\u0137eri un manevr\u0113tsp\u0113ju. Turkl\u0101t, t\u0101s piem\u0113rotas ar\u012b brauk\u0161anai pils\u0113tas apst\u0101k\u013cos, jo t\u0101s ir klusas un nodilumiztur\u012bgas.<\/p>\n","protected":false},"excerpt":{"rendered":"<p><strong>Lanvigator Icelandmax &#8211; \u013coti labs<\/strong> m\u012bkst\u0101 sast\u0101va jeb Skandin\u0101vijas tipa ziemas riepu modelis, kas izce\u013cas ar augstiem sa\u0137eres r\u0101d\u012bt\u0101jiem pat skarbos ziemas brauk\u0161anas apst\u0101k\u013cos. Pieejams pla\u0161\u0101 izm\u0113ru kl\u0101st\u0101 no kompaktklases auto l\u012bdz pat nelieliem SUV jeb krosoveriem. Nereti tiek uzst\u0101d\u012bts pat luksus klases automa\u0161\u012bn\u0101m, izcilo sa\u0137eres \u012bpa\u0161\u012bbu un augst\u0101 dro\u0161\u012bbas l\u012bme\u0146a d\u0113\u013c.<\/p>\n","protected":false},"featured_media":824293,"template":"","meta":{"_acf_changed":false,"ngg_post_thumbnail":0},"product_brand":[],"product_cat":[47,45],"product_tag":[],"class_list":{"0":"post-799047","1":"product","2":"type-product","3":"status-publish","4":"has-post-thumbnail","6":"product_cat-vissezonas-riepas","7":"product_cat-ziemas-riepas","9":"first","10":"outofstock","11":"sale","12":"taxable","13":"shipping-taxable","14":"product-type-simple"},"acf":[],"yoast_head":"<!-- This site is optimized with the Yoast SEO Premium plugin v22.6 (Yoast SEO v27.3) - https:\/\/yoast.com\/product\/yoast-seo-premium-wordpress\/ -->\n<title>205\/70R15 Lanvigator Icelandmax 96S &#8226; MMK Riepas<\/title>\n<meta name=\"robots\" content=\"index, follow, max-snippet:-1, max-image-preview:large, max-video-preview:-1\" \/>\n<link rel=\"canonical\" href=\"https:\/\/mmkriepas.lv\/en\/p\/205-70r15-lanvigator-icelandmax-96s\/\" \/>\n<meta property=\"og:locale\" content=\"en_US\" \/>\n<meta property=\"og:type\" content=\"article\" \/>\n<meta property=\"og:title\" content=\"205\/70R15 Lanvigator Icelandmax 96S\" \/>\n<meta property=\"og:description\" content=\"Lanvigator Icelandmax - \u013coti labs m\u012bkst\u0101 sast\u0101va jeb Skandin\u0101vijas tipa ziemas riepu modelis, kas izce\u013cas ar augstiem sa\u0137eres r\u0101d\u012bt\u0101jiem pat skarbos ziemas brauk\u0161anas apst\u0101k\u013cos. Pieejams pla\u0161\u0101 izm\u0113ru kl\u0101st\u0101 no kompaktklases auto l\u012bdz pat nelieliem SUV jeb krosoveriem. Nereti tiek uzst\u0101d\u012bts pat luksus klases automa\u0161\u012bn\u0101m, izcilo sa\u0137eres \u012bpa\u0161\u012bbu un augst\u0101 dro\u0161\u012bbas l\u012bme\u0146a d\u0113\u013c.\" \/>\n<meta property=\"og:url\" content=\"https:\/\/mmkriepas.lv\/en\/p\/205-70r15-lanvigator-icelandmax-96s\/\" \/>\n<meta property=\"og:site_name\" content=\"MMK Riepas\" \/>\n<meta property=\"article:publisher\" content=\"https:\/\/www.facebook.com\/mmkserviss\/\" \/>\n<meta property=\"article:modified_time\" content=\"2026-03-06T22:58:55+00:00\" \/>\n<meta property=\"og:image\" content=\"https:\/\/mmkriepas.lv\/wp-content\/uploads\/2023\/11\/18555r16-lanvigator-icelandmax-83s-ziemas-riepas.jpg\" \/>\n\t<meta property=\"og:image:width\" content=\"1920\" \/>\n\t<meta property=\"og:image:height\" content=\"1920\" \/>\n\t<meta property=\"og:image:type\" content=\"image\/jpeg\" \/>\n<meta name=\"twitter:card\" content=\"summary_large_image\" \/>\n<meta name=\"twitter:label1\" content=\"Price\" \/>\n\t<meta name=\"twitter:data1\" content=\"&euro;42.00\" \/>\n\t<meta name=\"twitter:label2\" content=\"Availability\" \/>\n\t<meta name=\"twitter:data2\" content=\"Out of stock\" \/>\n<script type=\"application\/ld+json\" class=\"yoast-schema-graph\">{\"@context\":\"https:\\\/\\\/schema.org\",\"@graph\":[{\"@type\":\"WebPage\",\"@id\":\"https:\\\/\\\/mmkriepas.lv\\\/en\\\/p\\\/205-70r15-lanvigator-icelandmax-96s\\\/\",\"url\":\"https:\\\/\\\/mmkriepas.lv\\\/en\\\/p\\\/205-70r15-lanvigator-icelandmax-96s\\\/\",\"name\":\"205\\\/70R15 Lanvigator Icelandmax 96S &#8226; MMK Riepas\",\"isPartOf\":{\"@id\":\"https:\\\/\\\/mmkriepas.lv\\\/en\\\/#website\"},\"primaryImageOfPage\":{\"@id\":\"https:\\\/\\\/mmkriepas.lv\\\/en\\\/p\\\/205-70r15-lanvigator-icelandmax-96s\\\/#primaryimage\"},\"image\":{\"@id\":\"https:\\\/\\\/mmkriepas.lv\\\/en\\\/p\\\/205-70r15-lanvigator-icelandmax-96s\\\/#primaryimage\"},\"thumbnailUrl\":\"https:\\\/\\\/mmkriepas.lv\\\/wp-content\\\/uploads\\\/2023\\\/11\\\/18555r16-lanvigator-icelandmax-83s-ziemas-riepas.jpg\",\"datePublished\":\"2023-10-04T08:44:03+00:00\",\"dateModified\":\"2026-03-06T22:58:55+00:00\",\"breadcrumb\":{\"@id\":\"https:\\\/\\\/mmkriepas.lv\\\/en\\\/p\\\/205-70r15-lanvigator-icelandmax-96s\\\/#breadcrumb\"},\"inLanguage\":\"en-US\",\"potentialAction\":[{\"@type\":\"ReadAction\",\"target\":[\"https:\\\/\\\/mmkriepas.lv\\\/en\\\/p\\\/205-70r15-lanvigator-icelandmax-96s\\\/\"]}]},{\"@type\":\"ImageObject\",\"inLanguage\":\"en-US\",\"@id\":\"https:\\\/\\\/mmkriepas.lv\\\/en\\\/p\\\/205-70r15-lanvigator-icelandmax-96s\\\/#primaryimage\",\"url\":\"https:\\\/\\\/mmkriepas.lv\\\/wp-content\\\/uploads\\\/2023\\\/11\\\/18555r16-lanvigator-icelandmax-83s-ziemas-riepas.jpg\",\"contentUrl\":\"https:\\\/\\\/mmkriepas.lv\\\/wp-content\\\/uploads\\\/2023\\\/11\\\/18555r16-lanvigator-icelandmax-83s-ziemas-riepas.jpg\",\"width\":1920,\"height\":1920,\"caption\":\"185\\\/55R16 Lanvigator Icelandmax 83S - Vissezonas riepas \\\/ Ziemas riepas\"},{\"@type\":\"BreadcrumbList\",\"@id\":\"https:\\\/\\\/mmkriepas.lv\\\/en\\\/p\\\/205-70r15-lanvigator-icelandmax-96s\\\/#breadcrumb\",\"itemListElement\":[{\"@type\":\"ListItem\",\"position\":1,\"name\":\"S\u0101kums\",\"item\":\"https:\\\/\\\/mmkriepas.lv\\\/en\\\/\"},{\"@type\":\"ListItem\",\"position\":2,\"name\":\"205\\\/70R15 Lanvigator Icelandmax 96S\"}]},{\"@type\":\"WebSite\",\"@id\":\"https:\\\/\\\/mmkriepas.lv\\\/en\\\/#website\",\"url\":\"https:\\\/\\\/mmkriepas.lv\\\/en\\\/\",\"name\":\"MMK Riepas\",\"description\":\"MMK Riepas\",\"alternateName\":\"MMK Riepu Serviss\",\"potentialAction\":[{\"@type\":\"SearchAction\",\"target\":{\"@type\":\"EntryPoint\",\"urlTemplate\":\"https:\\\/\\\/mmkriepas.lv\\\/en\\\/?s={search_term_string}\"},\"query-input\":{\"@type\":\"PropertyValueSpecification\",\"valueRequired\":true,\"valueName\":\"search_term_string\"}}],\"inLanguage\":\"en-US\"},{\"@type\":\"ImageObject\",\"inLanguage\":\"en-US\",\"@id\":\"https:\\\/\\\/mmkriepas.lv\\\/en\\\/p\\\/205-70r15-lanvigator-icelandmax-96s\\\/#local-main-organization-logo\",\"url\":\"\",\"contentUrl\":\"\",\"caption\":\"MMK Riepas\"}]}<\/script>\n<meta property=\"product:brand\" content=\"Lanvigator Icelandmax\" \/>\n<meta property=\"product:price:amount\" content=\"42.00\" \/>\n<meta property=\"product:price:currency\" content=\"EUR\" \/>\n<meta property=\"og:availability\" content=\"out of stock\" \/>\n<meta property=\"product:availability\" content=\"out of stock\" \/>\n<meta property=\"product:retailer_item_id\" content=\"TW2057015LANVI-29896\" \/>\n<meta property=\"product:condition\" content=\"new\" \/>\n<!-- \/ Yoast SEO Premium plugin. -->","yoast_head_json":{"title":"205\/70R15 Lanvigator Icelandmax 96S &#8226; MMK Riepas","robots":{"index":"index","follow":"follow","max-snippet":"max-snippet:-1","max-image-preview":"max-image-preview:large","max-video-preview":"max-video-preview:-1"},"canonical":"https:\/\/mmkriepas.lv\/en\/p\/205-70r15-lanvigator-icelandmax-96s\/","og_locale":"en_US","og_type":"article","og_title":"205\/70R15 Lanvigator Icelandmax 96S","og_description":"Lanvigator Icelandmax - \u013coti labs m\u012bkst\u0101 sast\u0101va jeb Skandin\u0101vijas tipa ziemas riepu modelis, kas izce\u013cas ar augstiem sa\u0137eres r\u0101d\u012bt\u0101jiem pat skarbos ziemas brauk\u0161anas apst\u0101k\u013cos. Pieejams pla\u0161\u0101 izm\u0113ru kl\u0101st\u0101 no kompaktklases auto l\u012bdz pat nelieliem SUV jeb krosoveriem. Nereti tiek uzst\u0101d\u012bts pat luksus klases automa\u0161\u012bn\u0101m, izcilo sa\u0137eres \u012bpa\u0161\u012bbu un augst\u0101 dro\u0161\u012bbas l\u012bme\u0146a d\u0113\u013c.","og_url":"https:\/\/mmkriepas.lv\/en\/p\/205-70r15-lanvigator-icelandmax-96s\/","og_site_name":"MMK Riepas","article_publisher":"https:\/\/www.facebook.com\/mmkserviss\/","article_modified_time":"2026-03-06T22:58:55+00:00","og_image":[{"width":1920,"height":1920,"url":"https:\/\/mmkriepas.lv\/wp-content\/uploads\/2023\/11\/18555r16-lanvigator-icelandmax-83s-ziemas-riepas.jpg","type":"image\/jpeg"}],"twitter_card":"summary_large_image","twitter_misc":{"Price":"&euro;42.00","Availability":"Out of stock"},"schema":{"@context":"https:\/\/schema.org","@graph":[{"@type":"WebPage","@id":"https:\/\/mmkriepas.lv\/en\/p\/205-70r15-lanvigator-icelandmax-96s\/","url":"https:\/\/mmkriepas.lv\/en\/p\/205-70r15-lanvigator-icelandmax-96s\/","name":"205\/70R15 Lanvigator Icelandmax 96S &#8226; MMK Riepas","isPartOf":{"@id":"https:\/\/mmkriepas.lv\/en\/#website"},"primaryImageOfPage":{"@id":"https:\/\/mmkriepas.lv\/en\/p\/205-70r15-lanvigator-icelandmax-96s\/#primaryimage"},"image":{"@id":"https:\/\/mmkriepas.lv\/en\/p\/205-70r15-lanvigator-icelandmax-96s\/#primaryimage"},"thumbnailUrl":"https:\/\/mmkriepas.lv\/wp-content\/uploads\/2023\/11\/18555r16-lanvigator-icelandmax-83s-ziemas-riepas.jpg","datePublished":"2023-10-04T08:44:03+00:00","dateModified":"2026-03-06T22:58:55+00:00","breadcrumb":{"@id":"https:\/\/mmkriepas.lv\/en\/p\/205-70r15-lanvigator-icelandmax-96s\/#breadcrumb"},"inLanguage":"en-US","potentialAction":[{"@type":"ReadAction","target":["https:\/\/mmkriepas.lv\/en\/p\/205-70r15-lanvigator-icelandmax-96s\/"]}]},{"@type":"ImageObject","inLanguage":"en-US","@id":"https:\/\/mmkriepas.lv\/en\/p\/205-70r15-lanvigator-icelandmax-96s\/#primaryimage","url":"https:\/\/mmkriepas.lv\/wp-content\/uploads\/2023\/11\/18555r16-lanvigator-icelandmax-83s-ziemas-riepas.jpg","contentUrl":"https:\/\/mmkriepas.lv\/wp-content\/uploads\/2023\/11\/18555r16-lanvigator-icelandmax-83s-ziemas-riepas.jpg","width":1920,"height":1920,"caption":"185\/55R16 Lanvigator Icelandmax 83S - Vissezonas riepas \/ Ziemas riepas"},{"@type":"BreadcrumbList","@id":"https:\/\/mmkriepas.lv\/en\/p\/205-70r15-lanvigator-icelandmax-96s\/#breadcrumb","itemListElement":[{"@type":"ListItem","position":1,"name":"S\u0101kums","item":"https:\/\/mmkriepas.lv\/en\/"},{"@type":"ListItem","position":2,"name":"205\/70R15 Lanvigator Icelandmax 96S"}]},{"@type":"WebSite","@id":"https:\/\/mmkriepas.lv\/en\/#website","url":"https:\/\/mmkriepas.lv\/en\/","name":"MMK Riepas","description":"MMK Riepas","alternateName":"MMK Riepu Serviss","potentialAction":[{"@type":"SearchAction","target":{"@type":"EntryPoint","urlTemplate":"https:\/\/mmkriepas.lv\/en\/?s={search_term_string}"},"query-input":{"@type":"PropertyValueSpecification","valueRequired":true,"valueName":"search_term_string"}}],"inLanguage":"en-US"},{"@type":"ImageObject","inLanguage":"en-US","@id":"https:\/\/mmkriepas.lv\/en\/p\/205-70r15-lanvigator-icelandmax-96s\/#local-main-organization-logo","url":"","contentUrl":"","caption":"MMK Riepas"}]},"product_brand":"Lanvigator Icelandmax","product_price_amount":"42.00","product_price_currency":"EUR","og_availability":"out of stock","product_availability":"out of stock","product_retailer_item_id":"TW2057015LANVI-29896","product_condition":"new"},"_links":{"self":[{"href":"https:\/\/mmkriepas.lv\/en\/wp-json\/wp\/v2\/product\/799047","targetHints":{"allow":["GET"]}}],"collection":[{"href":"https:\/\/mmkriepas.lv\/en\/wp-json\/wp\/v2\/product"}],"about":[{"href":"https:\/\/mmkriepas.lv\/en\/wp-json\/wp\/v2\/types\/product"}],"wp:featuredmedia":[{"embeddable":true,"href":"https:\/\/mmkriepas.lv\/en\/wp-json\/wp\/v2\/media\/824293"}],"wp:attachment":[{"href":"https:\/\/mmkriepas.lv\/en\/wp-json\/wp\/v2\/media?parent=799047"}],"wp:term":[{"taxonomy":"product_brand","embeddable":true,"href":"https:\/\/mmkriepas.lv\/en\/wp-json\/wp\/v2\/product_brand?post=799047"},{"taxonomy":"product_cat","embeddable":true,"href":"https:\/\/mmkriepas.lv\/en\/wp-json\/wp\/v2\/product_cat?post=799047"},{"taxonomy":"product_tag","embeddable":true,"href":"https:\/\/mmkriepas.lv\/en\/wp-json\/wp\/v2\/product_tag?post=799047"}],"curies":[{"name":"wp","href":"https:\/\/api.w.org\/{rel}","templated":true}]}}