{"id":796620,"date":"2023-09-27T18:44:17","date_gmt":"2023-09-27T15:44:17","guid":{"rendered":"https:\/\/mmkserviss.lv\/?post_type=product&#038;p=796620"},"modified":"2026-03-30T15:11:46","modified_gmt":"2026-03-30T12:11:46","slug":"155-60r15-kumho-wintercraft-wp51-74t","status":"publish","type":"product","link":"https:\/\/mmkriepas.lv\/en\/p\/155-60r15-kumho-wintercraft-wp51-74t\/","title":{"rendered":"155\/60R15 Kumho WinterCraft WP51 74T"},"content":{"rendered":"<p><b>Kumho Wintercraft WP51<\/b><span style=\"font-weight: 400;\"> ir ziemas riepa, kas speci\u0101li izstr\u0101d\u0101ta Centr\u0101leiropas un Rietumeiropas ziemas apst\u0101k\u013ciem, kur ziemas ir lietainas un temperat\u016bra bie\u017ei sv\u0101rst\u0101s ap 0<\/span><i><span style=\"font-weight: 400;\">\u00b0<\/span><\/i><span style=\"font-weight: 400;\">C . \u0160is modelis izce\u013cas ar lielisk\u0101m veiktsp\u0113jas \u012bpa\u0161\u012bb\u0101m uz slapja asfalta un augsti att\u012bst\u012btu dren\u0101\u017eas kan\u0101lu sist\u0113mu.<\/span><\/p>\n<h3><b>Kumho Wintercraft WP51 galven\u0101s iez\u012bmes<\/b><\/h3>\n<ul>\n<li style=\"font-weight: 400;\"><span style=\"font-weight: 400;\">Virz\u012bta tipa protektora raksts ar nep\u0101rtrauktu centr\u0101lo protektora bloku virkni uzlabo stabilit\u0101ti un veiktsp\u0113ju snieg\u0101!<\/span><\/li>\n<li style=\"font-weight: 400;\"><span style=\"font-weight: 400;\">Mas\u012bvi riepas plecu zonu protektora bloki uzlabo manevr\u0113tsp\u0113ju un padara slodzes sadal\u012bjumu vienm\u0113r\u012bg\u0101ku, paildzinot riepas kalpotsp\u0113ju!<\/span><\/li>\n<li style=\"font-weight: 400;\"><span style=\"font-weight: 400;\">Tr\u012bspak\u0101pju lamel\u0113\u0161anas sist\u0113ma pal\u012bdz\u0113s c\u012b\u0146\u0101 ar neparedz\u0113tiem, apledoju\u0161iem ce\u013ca posmiem!<\/span><\/li>\n<li style=\"font-weight: 400;\"><span style=\"font-weight: 400;\">Inovat\u012bvs gumijas mais\u012bjuma sast\u0101vs!<\/span><\/li>\n<li style=\"font-weight: 400;\"><b>Degvielas ekonomija!<\/b><\/li>\n<li style=\"font-weight: 400;\"><span style=\"font-weight: 400;\">Samazin\u0101ts akvaplan\u0113\u0161anas risks!<\/span><\/li>\n<\/ul>\n<h3><b>Wintercraft WP51 protektora apr\u012bkojums<\/b><\/h3>\n<p><span style=\"font-weight: 400;\">\u0145emot v\u0113r\u0101 to, ka riepa paredz\u0113ta tur\u012bgaj\u0101m Rietumeiropas valst\u012bm, Dienvidkorejas brends \u0161o riepu k\u0101rt\u012bgi &#8220;apbru\u0146ojis&#8221; ar jaun\u0101kaj\u0101m inov\u0101cij\u0101m un atjaut\u012bgiem risin\u0101jumiem.\u00a0<\/span> <span style=\"font-weight: 400;\">Pirmk\u0101rt, riepa un t\u0101s protektora raksts darin\u0101ti no elastrom\u0113riem bag\u0101ta gumijas mais\u012bjuma, kas nezaud\u0113 elast\u012bbu zem\u0101s gaisa temperat\u016br\u0101s. Elast\u012bga riepa daudz lab\u0101k veido sa\u0137eri ar ce\u013cu. Mais\u012bjumam pievienota virkne citu elementu, kas riepu padara klus\u0101ku, ekonomisk\u0101ku un ilgtsp\u0113j\u012bg\u0101ku!<\/span> <span style=\"font-weight: 400;\">Virz\u012bt\u0101 stil\u0101 izvietotajos protektora blokos bl\u012bvi iestr\u0101d\u0101ti vair\u0101ki t\u016bksto\u0161i tr\u012bspak\u0101pju lame\u013cu, kuras pal\u012bdz\u0113s c\u012b\u0146\u0101 ar akvaplan\u0113\u0161anu un negaid\u012btiem, apledoju\u0161iem ce\u013ca posmiem.<\/span> <span style=\"font-weight: 400;\">Augsti att\u012bst\u012bta dren\u0101\u017eas kan\u0101lu sist\u0113ma pal\u012bdz izvair\u012bties no akvaplan\u0113\u0161anas, k\u0101 ar\u012b lietain\u0101 laik\u0101 att\u012bra riepas sa\u0137eres virsmu no nokri\u0161\u0146iem, to sausinot. Sausa kontakta virsma noz\u012bm\u0113 lab\u0101ku sa\u0137eri ar ce\u013cu..<\/span> <b>Kumho Wintercraft WP51<\/b><span style=\"font-weight: 400;\"> mode\u013ca lieto\u0161anas dro\u0161\u012bbu ziemas laika apst\u0101k\u013cos un t\u0101 atbilst\u012bbu valst\u012bm ar oblig\u0101tu sezon\u0101lo riepu mai\u0146u apstiprina mar\u0137\u0113jums sniegp\u0101rslas form\u0101 uz kalna fona ar trim virsotn\u0113m (3PMSF).<\/span> &gt; <b>Kumho Wintercraft WP51<\/b><span style=\"font-weight: 400;\">-vid\u0113j\u0101s klases ziemas riepa ar premium klases veiktsp\u0113jas \u012bpa\u0161\u012bb\u0101m! MMK riepu centros, visos izm\u0113ros, par vislab\u0101ko cenu!<\/span><\/p>\n","protected":false},"excerpt":{"rendered":"<p><b>Kumho Wintercraft WP51<\/b><span style=\"font-weight: 400;\"> ir ziemas riepa, kas speci\u0101li izstr\u0101d\u0101ta Centr\u0101leiropas un Rietumeiropas ziemas apst\u0101k\u013ciem, kur ziemas ir lietainas un temperat\u016bra bie\u017ei sv\u0101rst\u0101s ap 0<\/span><i><span style=\"font-weight: 400;\">\u00b0<\/span><\/i><span style=\"font-weight: 400;\">C . \u0160is modelis izce\u013cas ar lielisk\u0101m veiktsp\u0113jas \u012bpa\u0161\u012bb\u0101m uz slapja asfalta un augsti att\u012bst\u012btu dren\u0101\u017eas kan\u0101lu sist\u0113mu.<\/span><\/p>\n","protected":false},"featured_media":1278223,"template":"","meta":{"_acf_changed":false,"ngg_post_thumbnail":0},"product_brand":[],"product_cat":[47,45],"product_tag":[],"class_list":{"0":"post-796620","1":"product","2":"type-product","3":"status-publish","4":"has-post-thumbnail","6":"product_cat-vissezonas-riepas","7":"product_cat-ziemas-riepas","9":"first","10":"instock","11":"sale","12":"taxable","13":"shipping-taxable","14":"purchasable","15":"product-type-simple"},"acf":[],"yoast_head":"<!-- This site is optimized with the Yoast SEO Premium plugin v22.6 (Yoast SEO v27.3) - https:\/\/yoast.com\/product\/yoast-seo-premium-wordpress\/ -->\n<title>155\/60R15 Kumho WinterCraft WP51 74T &#8226; MMK Riepas<\/title>\n<meta name=\"robots\" content=\"index, follow, max-snippet:-1, max-image-preview:large, max-video-preview:-1\" \/>\n<link rel=\"canonical\" href=\"https:\/\/mmkriepas.lv\/en\/p\/155-60r15-kumho-wintercraft-wp51-74t\/\" \/>\n<meta property=\"og:locale\" content=\"en_US\" \/>\n<meta property=\"og:type\" content=\"article\" \/>\n<meta property=\"og:title\" content=\"155\/60R15 Kumho WinterCraft WP51 74T\" \/>\n<meta property=\"og:description\" content=\"Kumho Wintercraft WP51 ir ziemas riepa, kas speci\u0101li izstr\u0101d\u0101ta Centr\u0101leiropas un Rietumeiropas ziemas apst\u0101k\u013ciem, kur ziemas ir lietainas un temperat\u016bra bie\u017ei sv\u0101rst\u0101s ap 0\u00b0C . \u0160is modelis izce\u013cas ar lielisk\u0101m veiktsp\u0113jas \u012bpa\u0161\u012bb\u0101m uz slapja asfalta un augsti att\u012bst\u012btu dren\u0101\u017eas kan\u0101lu sist\u0113mu.\" \/>\n<meta property=\"og:url\" content=\"https:\/\/mmkriepas.lv\/en\/p\/155-60r15-kumho-wintercraft-wp51-74t\/\" \/>\n<meta property=\"og:site_name\" content=\"MMK Riepas\" \/>\n<meta property=\"article:publisher\" content=\"https:\/\/www.facebook.com\/mmkserviss\/\" \/>\n<meta property=\"article:modified_time\" content=\"2026-03-30T12:11:46+00:00\" \/>\n<meta property=\"og:image\" content=\"https:\/\/mmkriepas.lv\/wp-content\/uploads\/2025\/08\/20560r15-kumho-wp51-91h-xl-ziemas-riepas.jpg\" \/>\n\t<meta property=\"og:image:width\" content=\"800\" \/>\n\t<meta property=\"og:image:height\" content=\"800\" \/>\n\t<meta property=\"og:image:type\" content=\"image\/jpeg\" \/>\n<meta name=\"twitter:card\" content=\"summary_large_image\" \/>\n<meta name=\"twitter:label1\" content=\"Price\" \/>\n\t<meta name=\"twitter:data1\" content=\"&euro;68.00\" \/>\n\t<meta name=\"twitter:label2\" content=\"Availability\" \/>\n\t<meta name=\"twitter:data2\" content=\"In stock\" \/>\n<script type=\"application\/ld+json\" class=\"yoast-schema-graph\">{\"@context\":\"https:\\\/\\\/schema.org\",\"@graph\":[{\"@type\":\"WebPage\",\"@id\":\"https:\\\/\\\/mmkriepas.lv\\\/en\\\/p\\\/155-60r15-kumho-wintercraft-wp51-74t\\\/\",\"url\":\"https:\\\/\\\/mmkriepas.lv\\\/en\\\/p\\\/155-60r15-kumho-wintercraft-wp51-74t\\\/\",\"name\":\"155\\\/60R15 Kumho WinterCraft WP51 74T &#8226; MMK Riepas\",\"isPartOf\":{\"@id\":\"https:\\\/\\\/mmkriepas.lv\\\/en\\\/#website\"},\"primaryImageOfPage\":{\"@id\":\"https:\\\/\\\/mmkriepas.lv\\\/en\\\/p\\\/155-60r15-kumho-wintercraft-wp51-74t\\\/#primaryimage\"},\"image\":{\"@id\":\"https:\\\/\\\/mmkriepas.lv\\\/en\\\/p\\\/155-60r15-kumho-wintercraft-wp51-74t\\\/#primaryimage\"},\"thumbnailUrl\":\"https:\\\/\\\/mmkriepas.lv\\\/wp-content\\\/uploads\\\/2025\\\/08\\\/20560r15-kumho-wp51-91h-xl-ziemas-riepas.jpg\",\"datePublished\":\"2023-09-27T15:44:17+00:00\",\"dateModified\":\"2026-03-30T12:11:46+00:00\",\"breadcrumb\":{\"@id\":\"https:\\\/\\\/mmkriepas.lv\\\/en\\\/p\\\/155-60r15-kumho-wintercraft-wp51-74t\\\/#breadcrumb\"},\"inLanguage\":\"en-US\",\"potentialAction\":[{\"@type\":\"ReadAction\",\"target\":[\"https:\\\/\\\/mmkriepas.lv\\\/en\\\/p\\\/155-60r15-kumho-wintercraft-wp51-74t\\\/\"]}]},{\"@type\":\"ImageObject\",\"inLanguage\":\"en-US\",\"@id\":\"https:\\\/\\\/mmkriepas.lv\\\/en\\\/p\\\/155-60r15-kumho-wintercraft-wp51-74t\\\/#primaryimage\",\"url\":\"https:\\\/\\\/mmkriepas.lv\\\/wp-content\\\/uploads\\\/2025\\\/08\\\/20560r15-kumho-wp51-91h-xl-ziemas-riepas.jpg\",\"contentUrl\":\"https:\\\/\\\/mmkriepas.lv\\\/wp-content\\\/uploads\\\/2025\\\/08\\\/20560r15-kumho-wp51-91h-xl-ziemas-riepas.jpg\",\"width\":800,\"height\":800,\"caption\":\"205\\\/60R15 KUMHO WP51 91H XL - Ziemas riepas\"},{\"@type\":\"BreadcrumbList\",\"@id\":\"https:\\\/\\\/mmkriepas.lv\\\/en\\\/p\\\/155-60r15-kumho-wintercraft-wp51-74t\\\/#breadcrumb\",\"itemListElement\":[{\"@type\":\"ListItem\",\"position\":1,\"name\":\"S\u0101kums\",\"item\":\"https:\\\/\\\/mmkriepas.lv\\\/en\\\/\"},{\"@type\":\"ListItem\",\"position\":2,\"name\":\"155\\\/60R15 Kumho WinterCraft WP51 74T\"}]},{\"@type\":\"WebSite\",\"@id\":\"https:\\\/\\\/mmkriepas.lv\\\/en\\\/#website\",\"url\":\"https:\\\/\\\/mmkriepas.lv\\\/en\\\/\",\"name\":\"MMK Riepas\",\"description\":\"MMK Riepas\",\"alternateName\":\"MMK Riepu Serviss\",\"potentialAction\":[{\"@type\":\"SearchAction\",\"target\":{\"@type\":\"EntryPoint\",\"urlTemplate\":\"https:\\\/\\\/mmkriepas.lv\\\/en\\\/?s={search_term_string}\"},\"query-input\":{\"@type\":\"PropertyValueSpecification\",\"valueRequired\":true,\"valueName\":\"search_term_string\"}}],\"inLanguage\":\"en-US\"},{\"@type\":\"ImageObject\",\"inLanguage\":\"en-US\",\"@id\":\"https:\\\/\\\/mmkriepas.lv\\\/en\\\/p\\\/155-60r15-kumho-wintercraft-wp51-74t\\\/#local-main-organization-logo\",\"url\":\"\",\"contentUrl\":\"\",\"caption\":\"MMK Riepas\"}]}<\/script>\n<meta property=\"product:brand\" content=\"Kumho WinterCraft WP51\" \/>\n<meta property=\"product:price:amount\" content=\"68.00\" \/>\n<meta property=\"product:price:currency\" content=\"EUR\" \/>\n<meta property=\"og:availability\" content=\"instock\" \/>\n<meta property=\"product:availability\" content=\"instock\" \/>\n<meta property=\"product:retailer_item_id\" content=\"TW1556015Kumho-E29735\" \/>\n<meta property=\"product:condition\" content=\"new\" \/>\n<!-- \/ Yoast SEO Premium plugin. -->","yoast_head_json":{"title":"155\/60R15 Kumho WinterCraft WP51 74T &#8226; MMK Riepas","robots":{"index":"index","follow":"follow","max-snippet":"max-snippet:-1","max-image-preview":"max-image-preview:large","max-video-preview":"max-video-preview:-1"},"canonical":"https:\/\/mmkriepas.lv\/en\/p\/155-60r15-kumho-wintercraft-wp51-74t\/","og_locale":"en_US","og_type":"article","og_title":"155\/60R15 Kumho WinterCraft WP51 74T","og_description":"Kumho Wintercraft WP51 ir ziemas riepa, kas speci\u0101li izstr\u0101d\u0101ta Centr\u0101leiropas un Rietumeiropas ziemas apst\u0101k\u013ciem, kur ziemas ir lietainas un temperat\u016bra bie\u017ei sv\u0101rst\u0101s ap 0\u00b0C . \u0160is modelis izce\u013cas ar lielisk\u0101m veiktsp\u0113jas \u012bpa\u0161\u012bb\u0101m uz slapja asfalta un augsti att\u012bst\u012btu dren\u0101\u017eas kan\u0101lu sist\u0113mu.","og_url":"https:\/\/mmkriepas.lv\/en\/p\/155-60r15-kumho-wintercraft-wp51-74t\/","og_site_name":"MMK Riepas","article_publisher":"https:\/\/www.facebook.com\/mmkserviss\/","article_modified_time":"2026-03-30T12:11:46+00:00","og_image":[{"width":800,"height":800,"url":"https:\/\/mmkriepas.lv\/wp-content\/uploads\/2025\/08\/20560r15-kumho-wp51-91h-xl-ziemas-riepas.jpg","type":"image\/jpeg"}],"twitter_card":"summary_large_image","twitter_misc":{"Price":"&euro;68.00","Availability":"In stock"},"schema":{"@context":"https:\/\/schema.org","@graph":[{"@type":"WebPage","@id":"https:\/\/mmkriepas.lv\/en\/p\/155-60r15-kumho-wintercraft-wp51-74t\/","url":"https:\/\/mmkriepas.lv\/en\/p\/155-60r15-kumho-wintercraft-wp51-74t\/","name":"155\/60R15 Kumho WinterCraft WP51 74T &#8226; MMK Riepas","isPartOf":{"@id":"https:\/\/mmkriepas.lv\/en\/#website"},"primaryImageOfPage":{"@id":"https:\/\/mmkriepas.lv\/en\/p\/155-60r15-kumho-wintercraft-wp51-74t\/#primaryimage"},"image":{"@id":"https:\/\/mmkriepas.lv\/en\/p\/155-60r15-kumho-wintercraft-wp51-74t\/#primaryimage"},"thumbnailUrl":"https:\/\/mmkriepas.lv\/wp-content\/uploads\/2025\/08\/20560r15-kumho-wp51-91h-xl-ziemas-riepas.jpg","datePublished":"2023-09-27T15:44:17+00:00","dateModified":"2026-03-30T12:11:46+00:00","breadcrumb":{"@id":"https:\/\/mmkriepas.lv\/en\/p\/155-60r15-kumho-wintercraft-wp51-74t\/#breadcrumb"},"inLanguage":"en-US","potentialAction":[{"@type":"ReadAction","target":["https:\/\/mmkriepas.lv\/en\/p\/155-60r15-kumho-wintercraft-wp51-74t\/"]}]},{"@type":"ImageObject","inLanguage":"en-US","@id":"https:\/\/mmkriepas.lv\/en\/p\/155-60r15-kumho-wintercraft-wp51-74t\/#primaryimage","url":"https:\/\/mmkriepas.lv\/wp-content\/uploads\/2025\/08\/20560r15-kumho-wp51-91h-xl-ziemas-riepas.jpg","contentUrl":"https:\/\/mmkriepas.lv\/wp-content\/uploads\/2025\/08\/20560r15-kumho-wp51-91h-xl-ziemas-riepas.jpg","width":800,"height":800,"caption":"205\/60R15 KUMHO WP51 91H XL - Ziemas riepas"},{"@type":"BreadcrumbList","@id":"https:\/\/mmkriepas.lv\/en\/p\/155-60r15-kumho-wintercraft-wp51-74t\/#breadcrumb","itemListElement":[{"@type":"ListItem","position":1,"name":"S\u0101kums","item":"https:\/\/mmkriepas.lv\/en\/"},{"@type":"ListItem","position":2,"name":"155\/60R15 Kumho WinterCraft WP51 74T"}]},{"@type":"WebSite","@id":"https:\/\/mmkriepas.lv\/en\/#website","url":"https:\/\/mmkriepas.lv\/en\/","name":"MMK Riepas","description":"MMK Riepas","alternateName":"MMK Riepu Serviss","potentialAction":[{"@type":"SearchAction","target":{"@type":"EntryPoint","urlTemplate":"https:\/\/mmkriepas.lv\/en\/?s={search_term_string}"},"query-input":{"@type":"PropertyValueSpecification","valueRequired":true,"valueName":"search_term_string"}}],"inLanguage":"en-US"},{"@type":"ImageObject","inLanguage":"en-US","@id":"https:\/\/mmkriepas.lv\/en\/p\/155-60r15-kumho-wintercraft-wp51-74t\/#local-main-organization-logo","url":"","contentUrl":"","caption":"MMK Riepas"}]},"product_brand":"Kumho WinterCraft WP51","product_price_amount":"68.00","product_price_currency":"EUR","og_availability":"instock","product_availability":"instock","product_retailer_item_id":"TW1556015Kumho-E29735","product_condition":"new"},"_links":{"self":[{"href":"https:\/\/mmkriepas.lv\/en\/wp-json\/wp\/v2\/product\/796620","targetHints":{"allow":["GET"]}}],"collection":[{"href":"https:\/\/mmkriepas.lv\/en\/wp-json\/wp\/v2\/product"}],"about":[{"href":"https:\/\/mmkriepas.lv\/en\/wp-json\/wp\/v2\/types\/product"}],"wp:featuredmedia":[{"embeddable":true,"href":"https:\/\/mmkriepas.lv\/en\/wp-json\/wp\/v2\/media\/1278223"}],"wp:attachment":[{"href":"https:\/\/mmkriepas.lv\/en\/wp-json\/wp\/v2\/media?parent=796620"}],"wp:term":[{"taxonomy":"product_brand","embeddable":true,"href":"https:\/\/mmkriepas.lv\/en\/wp-json\/wp\/v2\/product_brand?post=796620"},{"taxonomy":"product_cat","embeddable":true,"href":"https:\/\/mmkriepas.lv\/en\/wp-json\/wp\/v2\/product_cat?post=796620"},{"taxonomy":"product_tag","embeddable":true,"href":"https:\/\/mmkriepas.lv\/en\/wp-json\/wp\/v2\/product_tag?post=796620"}],"curies":[{"name":"wp","href":"https:\/\/api.w.org\/{rel}","templated":true}]}}