{"id":796593,"date":"2023-09-27T18:43:19","date_gmt":"2023-09-27T15:43:19","guid":{"rendered":"https:\/\/mmkserviss.lv\/?post_type=product&#038;p=796593"},"modified":"2026-03-30T16:10:21","modified_gmt":"2026-03-30T13:10:21","slug":"235-45r17-kumho-wintercraft-ice-wi51-97t-xl-2","status":"publish","type":"product","link":"https:\/\/mmkriepas.lv\/en\/p\/235-45r17-kumho-wintercraft-ice-wi51-97t-xl-2\/","title":{"rendered":"235\/45R17 Kumho WinterCraft ice Wi51 97T XL"},"content":{"rendered":"<p align=\"left\"><span style=\"color: #000000;\"><span style=\"font-family: Arial, serif;\"><span style=\"font-size: large;\"><strong><span style=\"font-family: Arial, sans-serif;\"><span style=\"font-size: small;\">Kumho WinterCraft Ice WI51\u00a0<\/span><\/span><\/strong><span style=\"font-family: Arial, sans-serif;\"><span style=\"font-size: small;\">ir teicamas kvalit\u0101tes, vid\u0113j\u0101 cenu segmenta, Skandin\u0101vijas tipa jeb m\u012bkst\u0101 sast\u0101va ziemas riepu modelis. Tas izce\u013cas ar izcil\u0101m nodilumiztur\u012bbas, sa\u0137eres un manevr\u0113tsp\u0113jas \u012bpa\u0161\u012bb\u0101m pat skarbos ziemas brauk\u0161anas apst\u0101k\u013cos. \u0160is modelis pieejams pla\u0161\u0101 izm\u0113ru kl\u0101st\u0101 no R14 l\u012bdz R19 un piem\u0113rots tik pat pla\u0161a spektra izm\u0113ru automa\u0161\u012bn\u0101m &#8211; no kompaktklases l\u012bdz pat apvidus automa\u0161\u012bn\u0101m jeb SUV.<\/span><\/span><\/span><\/span><\/span><\/p>\n<h3 class=\"western\" align=\"left\"><strong><span style=\"font-family: Arial, sans-serif;\">Kumho WinterCraft Ice WI51 galven\u0101s \u012bpa\u0161\u012bbas<\/span><\/strong><\/h3>\n<p align=\"left\"><span style=\"font-family: Arial, sans-serif;\">+ Teicama sa\u0137ere un \u012bss bremz\u0113\u0161anas ce\u013c\u0161 gan uz asfalta, gan ar\u012b snieg\u0101 un pat uz viegli apledoju\u0161\u0101m ce\u013ca virsm\u0101m.<br \/>+ \u013boti augsta nodilumiztur\u012bba &#8211; \u0161\u012bs riepas kalpos ilgi, t\u0101s izmantojot t\u0101m paredz\u0113tajos brauk\u0161anas apst\u0101k\u013cos.<br \/>+ Asas s\u0101nu kantes nodro\u0161ina uzlabotu manevr\u0113tsp\u0113ju pat lielos brauk\u0161anas \u0101trumos.<br \/>+ Zems akvaplan\u0113\u0161anas risks, pateicoties virzienveida protektora rakstam.<br \/>+ Labs akustiskais un brauk\u0161anas gaitas komforts.<br \/>+ Korej\u0101 izstr\u0101d\u0101ts riepu dizains.<br \/>+ Vado\u0161\u0101s riepu giganta Kumho (Marshal) tehnolo\u0123ijas.<\/span><\/p>\n<h3 class=\"western\" align=\"left\"><span style=\"color: #000000;\"><span style=\"font-family: Arial, serif;\"><span style=\"font-size: large;\"><strong><span style=\"font-family: Arial, sans-serif;\">WinterCraft Ice WI51 apr\u012bkojums<\/span><\/strong><\/span><\/span><\/span><\/h3>\n<p align=\"left\"><strong><span style=\"font-family: Arial, sans-serif;\">Kumho WinterCraft Ice WI51\u00a0<\/span><\/strong><span style=\"font-family: Arial, sans-serif;\">m\u012bkst\u0101 sast\u0101va ziemas riepas apr\u012bkotas ar agres\u012bvu un dzi\u013cu protektoru. \u0160\u0101ds dizains b\u016btiski uzlabo riepu sa\u0137eri un manevr\u0113tsp\u0113ju skarbos ziemas apst\u0101k\u013cos &#8211;\u00a0 dzi\u013c\u0101 snieg\u0101 un slapjdra\u0146\u0137\u012b.<\/span><\/p>\n<p align=\"left\"><span style=\"font-family: Arial, sans-serif;\">Mas\u012bvie V-veid\u0101 izvietotie protektora bloki bru\u0146oti ar vair\u0101kiem t\u016bksto\u0161iem s\u012bku iegriezumu jeb lame\u013cu. Lameles darbojas l\u012bdz\u012bgi radz\u0113m, ar simtiem asu kan\u0161u iec\u0113rtoties sabliet\u0113t\u0101 snieg\u0101 un led\u016b, sa\u012bsinot bremz\u0113\u0161anas ce\u013cu un atvieglojot uzs\u0101k\u0161anu. Turkl\u0101t, riepu gumijas sast\u0101vs papildin\u0101ts ar Aram\u012bda \u0161\u0137iedru, uzlabojot sa\u0137eri, manevr\u0113tsp\u0113ju un sa\u012bsinot bremz\u0113\u0161anas ce\u013cu v\u0113l vair\u0101k.<\/span><\/p>\n<p align=\"left\"><span style=\"font-family: Arial, sans-serif;\">Ar aram\u012bda \u0161\u0137iedru papildin\u0101tajam gumijas sast\u0101vam pievienota virkne elastrom\u0113ru. Tie padara riepu m\u012bkstu un elast\u012bgu. K\u0101 zin\u0101ms, elast\u012bga riepa daudz lab\u0101k veido sa\u0137eri ar ce\u013cu, k\u0101 ar\u012b dilst vienm\u0113r\u012bg\u0101k.<\/span><\/p>\n","protected":false},"excerpt":{"rendered":"<p><span style=\"color: #000000;\"><span style=\"font-family: Arial, serif;\"><span style=\"font-size: large;\"><strong><span style=\"font-family: Arial, sans-serif;\"><span style=\"font-size: small;\">Kumho WinterCraft ice Wi51 <\/span><\/span><\/strong><span style=\"font-family: Arial, sans-serif;\"><span style=\"font-size: small;\">ir teicamas kvalit\u0101tes, vid\u0113j\u0101 cenu segmenta, Skandin\u0101vijas tipa jeb m\u012bkst\u0101 sast\u0101va ziemas riepu modelis. Tas izce\u013cas ar izcil\u0101m nodilumiztur\u012bbas, sa\u0137eres un manevr\u0113tsp\u0113jas \u012bpa\u0161\u012bb\u0101m pat skarbos ziemas brauk\u0161anas apst\u0101k\u013cos. \u0160is modelis pieejams pla\u0161\u0101 izm\u0113ru kl\u0101st\u0101 no R14 l\u012bdz R19 un piem\u0113rots tik pat pla\u0161a spektra izm\u0113ru automa\u0161\u012bn\u0101m &#8211; no kompaktklases l\u012bdz pat apvidus automa\u0161\u012bn\u0101m jeb SUV.<\/span><\/span><\/span><\/span><\/span><\/p>\n","protected":false},"featured_media":780213,"template":"","meta":{"_acf_changed":false,"ngg_post_thumbnail":0},"product_brand":[],"product_cat":[47,45],"product_tag":[],"class_list":{"0":"post-796593","1":"product","2":"type-product","3":"status-publish","4":"has-post-thumbnail","6":"product_cat-vissezonas-riepas","7":"product_cat-ziemas-riepas","9":"first","10":"instock","11":"sale","12":"taxable","13":"shipping-taxable","14":"purchasable","15":"product-type-simple"},"acf":[],"yoast_head":"<!-- This site is optimized with the Yoast SEO Premium plugin v22.6 (Yoast SEO v27.3) - https:\/\/yoast.com\/product\/yoast-seo-premium-wordpress\/ -->\n<title>235\/45R17 Kumho WinterCraft ice Wi51 97T XL &#8226; MMK Riepas<\/title>\n<meta name=\"robots\" content=\"index, follow, max-snippet:-1, max-image-preview:large, max-video-preview:-1\" \/>\n<link rel=\"canonical\" href=\"https:\/\/mmkriepas.lv\/en\/p\/235-45r17-kumho-wintercraft-ice-wi51-97t-xl-2\/\" \/>\n<meta property=\"og:locale\" content=\"en_US\" \/>\n<meta property=\"og:type\" content=\"article\" \/>\n<meta property=\"og:title\" content=\"235\/45R17 Kumho WinterCraft ice Wi51 97T XL\" \/>\n<meta property=\"og:description\" content=\"Kumho WinterCraft ice Wi51 ir teicamas kvalit\u0101tes, vid\u0113j\u0101 cenu segmenta, Skandin\u0101vijas tipa jeb m\u012bkst\u0101 sast\u0101va ziemas riepu modelis. Tas izce\u013cas ar izcil\u0101m nodilumiztur\u012bbas, sa\u0137eres un manevr\u0113tsp\u0113jas \u012bpa\u0161\u012bb\u0101m pat skarbos ziemas brauk\u0161anas apst\u0101k\u013cos. \u0160is modelis pieejams pla\u0161\u0101 izm\u0113ru kl\u0101st\u0101 no R14 l\u012bdz R19 un piem\u0113rots tik pat pla\u0161a spektra izm\u0113ru automa\u0161\u012bn\u0101m - no kompaktklases l\u012bdz pat apvidus automa\u0161\u012bn\u0101m jeb SUV.\" \/>\n<meta property=\"og:url\" content=\"https:\/\/mmkriepas.lv\/en\/p\/235-45r17-kumho-wintercraft-ice-wi51-97t-xl-2\/\" \/>\n<meta property=\"og:site_name\" content=\"MMK Riepas\" \/>\n<meta property=\"article:publisher\" content=\"https:\/\/www.facebook.com\/mmkserviss\/\" \/>\n<meta property=\"article:modified_time\" content=\"2026-03-30T13:10:21+00:00\" \/>\n<meta property=\"og:image\" content=\"https:\/\/mmkriepas.lv\/wp-content\/uploads\/2023\/08\/22555r17-kumho-wintercraft-ice-wi51-101t-xl-ziemas-riepas.jpg\" \/>\n\t<meta property=\"og:image:width\" content=\"1920\" \/>\n\t<meta property=\"og:image:height\" content=\"1920\" \/>\n\t<meta property=\"og:image:type\" content=\"image\/jpeg\" \/>\n<meta name=\"twitter:card\" content=\"summary_large_image\" \/>\n<meta name=\"twitter:label1\" content=\"Price\" \/>\n\t<meta name=\"twitter:data1\" content=\"&euro;116.00\" \/>\n\t<meta name=\"twitter:label2\" content=\"Availability\" \/>\n\t<meta name=\"twitter:data2\" content=\"In stock\" \/>\n<script type=\"application\/ld+json\" class=\"yoast-schema-graph\">{\"@context\":\"https:\\\/\\\/schema.org\",\"@graph\":[{\"@type\":\"WebPage\",\"@id\":\"https:\\\/\\\/mmkriepas.lv\\\/en\\\/p\\\/235-45r17-kumho-wintercraft-ice-wi51-97t-xl-2\\\/\",\"url\":\"https:\\\/\\\/mmkriepas.lv\\\/en\\\/p\\\/235-45r17-kumho-wintercraft-ice-wi51-97t-xl-2\\\/\",\"name\":\"235\\\/45R17 Kumho WinterCraft ice Wi51 97T XL &#8226; MMK Riepas\",\"isPartOf\":{\"@id\":\"https:\\\/\\\/mmkriepas.lv\\\/en\\\/#website\"},\"primaryImageOfPage\":{\"@id\":\"https:\\\/\\\/mmkriepas.lv\\\/en\\\/p\\\/235-45r17-kumho-wintercraft-ice-wi51-97t-xl-2\\\/#primaryimage\"},\"image\":{\"@id\":\"https:\\\/\\\/mmkriepas.lv\\\/en\\\/p\\\/235-45r17-kumho-wintercraft-ice-wi51-97t-xl-2\\\/#primaryimage\"},\"thumbnailUrl\":\"https:\\\/\\\/mmkriepas.lv\\\/wp-content\\\/uploads\\\/2023\\\/08\\\/22555r17-kumho-wintercraft-ice-wi51-101t-xl-ziemas-riepas.jpg\",\"datePublished\":\"2023-09-27T15:43:19+00:00\",\"dateModified\":\"2026-03-30T13:10:21+00:00\",\"breadcrumb\":{\"@id\":\"https:\\\/\\\/mmkriepas.lv\\\/en\\\/p\\\/235-45r17-kumho-wintercraft-ice-wi51-97t-xl-2\\\/#breadcrumb\"},\"inLanguage\":\"en-US\",\"potentialAction\":[{\"@type\":\"ReadAction\",\"target\":[\"https:\\\/\\\/mmkriepas.lv\\\/en\\\/p\\\/235-45r17-kumho-wintercraft-ice-wi51-97t-xl-2\\\/\"]}]},{\"@type\":\"ImageObject\",\"inLanguage\":\"en-US\",\"@id\":\"https:\\\/\\\/mmkriepas.lv\\\/en\\\/p\\\/235-45r17-kumho-wintercraft-ice-wi51-97t-xl-2\\\/#primaryimage\",\"url\":\"https:\\\/\\\/mmkriepas.lv\\\/wp-content\\\/uploads\\\/2023\\\/08\\\/22555r17-kumho-wintercraft-ice-wi51-101t-xl-ziemas-riepas.jpg\",\"contentUrl\":\"https:\\\/\\\/mmkriepas.lv\\\/wp-content\\\/uploads\\\/2023\\\/08\\\/22555r17-kumho-wintercraft-ice-wi51-101t-xl-ziemas-riepas.jpg\",\"width\":1920,\"height\":1920,\"caption\":\"225\\\/55R17 Kumho WinterCraft Ice WI51 101T XL - Vissezonas riepas \\\/ Ziemas riepas\"},{\"@type\":\"BreadcrumbList\",\"@id\":\"https:\\\/\\\/mmkriepas.lv\\\/en\\\/p\\\/235-45r17-kumho-wintercraft-ice-wi51-97t-xl-2\\\/#breadcrumb\",\"itemListElement\":[{\"@type\":\"ListItem\",\"position\":1,\"name\":\"S\u0101kums\",\"item\":\"https:\\\/\\\/mmkriepas.lv\\\/en\\\/\"},{\"@type\":\"ListItem\",\"position\":2,\"name\":\"235\\\/45R17 Kumho WinterCraft ice Wi51 97T XL\"}]},{\"@type\":\"WebSite\",\"@id\":\"https:\\\/\\\/mmkriepas.lv\\\/en\\\/#website\",\"url\":\"https:\\\/\\\/mmkriepas.lv\\\/en\\\/\",\"name\":\"MMK Riepas\",\"description\":\"MMK Riepas\",\"alternateName\":\"MMK Riepu Serviss\",\"potentialAction\":[{\"@type\":\"SearchAction\",\"target\":{\"@type\":\"EntryPoint\",\"urlTemplate\":\"https:\\\/\\\/mmkriepas.lv\\\/en\\\/?s={search_term_string}\"},\"query-input\":{\"@type\":\"PropertyValueSpecification\",\"valueRequired\":true,\"valueName\":\"search_term_string\"}}],\"inLanguage\":\"en-US\"},{\"@type\":\"ImageObject\",\"inLanguage\":\"en-US\",\"@id\":\"https:\\\/\\\/mmkriepas.lv\\\/en\\\/p\\\/235-45r17-kumho-wintercraft-ice-wi51-97t-xl-2\\\/#local-main-organization-logo\",\"url\":\"\",\"contentUrl\":\"\",\"caption\":\"MMK Riepas\"}]}<\/script>\n<meta property=\"product:brand\" content=\"Kumho WinterCraft ice Wi51\" \/>\n<meta property=\"product:price:amount\" content=\"116.00\" \/>\n<meta property=\"product:price:currency\" content=\"EUR\" \/>\n<meta property=\"og:availability\" content=\"instock\" \/>\n<meta property=\"product:availability\" content=\"instock\" \/>\n<meta property=\"product:retailer_item_id\" content=\"TW2354517Kumho-E29726\" \/>\n<meta property=\"product:condition\" content=\"new\" \/>\n<!-- \/ Yoast SEO Premium plugin. -->","yoast_head_json":{"title":"235\/45R17 Kumho WinterCraft ice Wi51 97T XL &#8226; MMK Riepas","robots":{"index":"index","follow":"follow","max-snippet":"max-snippet:-1","max-image-preview":"max-image-preview:large","max-video-preview":"max-video-preview:-1"},"canonical":"https:\/\/mmkriepas.lv\/en\/p\/235-45r17-kumho-wintercraft-ice-wi51-97t-xl-2\/","og_locale":"en_US","og_type":"article","og_title":"235\/45R17 Kumho WinterCraft ice Wi51 97T XL","og_description":"Kumho WinterCraft ice Wi51 ir teicamas kvalit\u0101tes, vid\u0113j\u0101 cenu segmenta, Skandin\u0101vijas tipa jeb m\u012bkst\u0101 sast\u0101va ziemas riepu modelis. Tas izce\u013cas ar izcil\u0101m nodilumiztur\u012bbas, sa\u0137eres un manevr\u0113tsp\u0113jas \u012bpa\u0161\u012bb\u0101m pat skarbos ziemas brauk\u0161anas apst\u0101k\u013cos. \u0160is modelis pieejams pla\u0161\u0101 izm\u0113ru kl\u0101st\u0101 no R14 l\u012bdz R19 un piem\u0113rots tik pat pla\u0161a spektra izm\u0113ru automa\u0161\u012bn\u0101m - no kompaktklases l\u012bdz pat apvidus automa\u0161\u012bn\u0101m jeb SUV.","og_url":"https:\/\/mmkriepas.lv\/en\/p\/235-45r17-kumho-wintercraft-ice-wi51-97t-xl-2\/","og_site_name":"MMK Riepas","article_publisher":"https:\/\/www.facebook.com\/mmkserviss\/","article_modified_time":"2026-03-30T13:10:21+00:00","og_image":[{"width":1920,"height":1920,"url":"https:\/\/mmkriepas.lv\/wp-content\/uploads\/2023\/08\/22555r17-kumho-wintercraft-ice-wi51-101t-xl-ziemas-riepas.jpg","type":"image\/jpeg"}],"twitter_card":"summary_large_image","twitter_misc":{"Price":"&euro;116.00","Availability":"In stock"},"schema":{"@context":"https:\/\/schema.org","@graph":[{"@type":"WebPage","@id":"https:\/\/mmkriepas.lv\/en\/p\/235-45r17-kumho-wintercraft-ice-wi51-97t-xl-2\/","url":"https:\/\/mmkriepas.lv\/en\/p\/235-45r17-kumho-wintercraft-ice-wi51-97t-xl-2\/","name":"235\/45R17 Kumho WinterCraft ice Wi51 97T XL &#8226; MMK Riepas","isPartOf":{"@id":"https:\/\/mmkriepas.lv\/en\/#website"},"primaryImageOfPage":{"@id":"https:\/\/mmkriepas.lv\/en\/p\/235-45r17-kumho-wintercraft-ice-wi51-97t-xl-2\/#primaryimage"},"image":{"@id":"https:\/\/mmkriepas.lv\/en\/p\/235-45r17-kumho-wintercraft-ice-wi51-97t-xl-2\/#primaryimage"},"thumbnailUrl":"https:\/\/mmkriepas.lv\/wp-content\/uploads\/2023\/08\/22555r17-kumho-wintercraft-ice-wi51-101t-xl-ziemas-riepas.jpg","datePublished":"2023-09-27T15:43:19+00:00","dateModified":"2026-03-30T13:10:21+00:00","breadcrumb":{"@id":"https:\/\/mmkriepas.lv\/en\/p\/235-45r17-kumho-wintercraft-ice-wi51-97t-xl-2\/#breadcrumb"},"inLanguage":"en-US","potentialAction":[{"@type":"ReadAction","target":["https:\/\/mmkriepas.lv\/en\/p\/235-45r17-kumho-wintercraft-ice-wi51-97t-xl-2\/"]}]},{"@type":"ImageObject","inLanguage":"en-US","@id":"https:\/\/mmkriepas.lv\/en\/p\/235-45r17-kumho-wintercraft-ice-wi51-97t-xl-2\/#primaryimage","url":"https:\/\/mmkriepas.lv\/wp-content\/uploads\/2023\/08\/22555r17-kumho-wintercraft-ice-wi51-101t-xl-ziemas-riepas.jpg","contentUrl":"https:\/\/mmkriepas.lv\/wp-content\/uploads\/2023\/08\/22555r17-kumho-wintercraft-ice-wi51-101t-xl-ziemas-riepas.jpg","width":1920,"height":1920,"caption":"225\/55R17 Kumho WinterCraft Ice WI51 101T XL - Vissezonas riepas \/ Ziemas riepas"},{"@type":"BreadcrumbList","@id":"https:\/\/mmkriepas.lv\/en\/p\/235-45r17-kumho-wintercraft-ice-wi51-97t-xl-2\/#breadcrumb","itemListElement":[{"@type":"ListItem","position":1,"name":"S\u0101kums","item":"https:\/\/mmkriepas.lv\/en\/"},{"@type":"ListItem","position":2,"name":"235\/45R17 Kumho WinterCraft ice Wi51 97T XL"}]},{"@type":"WebSite","@id":"https:\/\/mmkriepas.lv\/en\/#website","url":"https:\/\/mmkriepas.lv\/en\/","name":"MMK Riepas","description":"MMK Riepas","alternateName":"MMK Riepu Serviss","potentialAction":[{"@type":"SearchAction","target":{"@type":"EntryPoint","urlTemplate":"https:\/\/mmkriepas.lv\/en\/?s={search_term_string}"},"query-input":{"@type":"PropertyValueSpecification","valueRequired":true,"valueName":"search_term_string"}}],"inLanguage":"en-US"},{"@type":"ImageObject","inLanguage":"en-US","@id":"https:\/\/mmkriepas.lv\/en\/p\/235-45r17-kumho-wintercraft-ice-wi51-97t-xl-2\/#local-main-organization-logo","url":"","contentUrl":"","caption":"MMK Riepas"}]},"product_brand":"Kumho WinterCraft ice Wi51","product_price_amount":"116.00","product_price_currency":"EUR","og_availability":"instock","product_availability":"instock","product_retailer_item_id":"TW2354517Kumho-E29726","product_condition":"new"},"_links":{"self":[{"href":"https:\/\/mmkriepas.lv\/en\/wp-json\/wp\/v2\/product\/796593","targetHints":{"allow":["GET"]}}],"collection":[{"href":"https:\/\/mmkriepas.lv\/en\/wp-json\/wp\/v2\/product"}],"about":[{"href":"https:\/\/mmkriepas.lv\/en\/wp-json\/wp\/v2\/types\/product"}],"wp:featuredmedia":[{"embeddable":true,"href":"https:\/\/mmkriepas.lv\/en\/wp-json\/wp\/v2\/media\/780213"}],"wp:attachment":[{"href":"https:\/\/mmkriepas.lv\/en\/wp-json\/wp\/v2\/media?parent=796593"}],"wp:term":[{"taxonomy":"product_brand","embeddable":true,"href":"https:\/\/mmkriepas.lv\/en\/wp-json\/wp\/v2\/product_brand?post=796593"},{"taxonomy":"product_cat","embeddable":true,"href":"https:\/\/mmkriepas.lv\/en\/wp-json\/wp\/v2\/product_cat?post=796593"},{"taxonomy":"product_tag","embeddable":true,"href":"https:\/\/mmkriepas.lv\/en\/wp-json\/wp\/v2\/product_tag?post=796593"}],"curies":[{"name":"wp","href":"https:\/\/api.w.org\/{rel}","templated":true}]}}