{"id":796527,"date":"2023-09-27T18:40:54","date_gmt":"2023-09-27T15:40:54","guid":{"rendered":"https:\/\/mmkserviss.lv\/?post_type=product&#038;p=796527"},"modified":"2026-03-30T01:55:09","modified_gmt":"2026-03-29T22:55:09","slug":"285-60r18-maxtrek-su-800-a-t-116t","status":"publish","type":"product","link":"https:\/\/mmkriepas.lv\/en\/p\/285-60r18-maxtrek-su-800-a-t-116t\/","title":{"rendered":"285\/60R18 Maxtrek SU-800 A\/T 116T"},"content":{"rendered":"<p><strong>Maxtrek SU-800<\/strong><strong> A\/T<\/strong> ir vasaras All-Terrain riepu modelis. Ide\u0101li piem\u0113rotas izmanto\u0161anai mikroautobusiem, pikapiem un apvidus auto, nodro\u0161inot sa\u0137eri uz cieta seguma ce\u013ciem un apvidus apst\u0101k\u013cos.<\/p>\n<p><strong>SU-800<\/strong><strong> A\/T \u012bpa\u0161\u012bbas:<\/strong><\/p>\n<p>+ Agres\u012bvais atv\u0113rtais plecu bloku dizains pal\u012bdz izspiest \u016bdeni, sniegu un dub\u013cus \u0101rpus protektora.<\/p>\n<p>+ Riepas piem\u0113rotas brauk\u0161anai pa laukiem, me\u017eiem, grants ce\u013ciem.<\/p>\n<p>+ Palielin\u0101ta sa\u0137ere uz jebkura reljefa un jebkuros laika apst\u0101k\u013cos.\u00a0<\/p>\n<p>+ Stingra centra riba nodro\u0161ina lielisku vad\u0101m\u012bbu un brauk\u0161anas komfortu.<\/p>\n<p>+ Stabilit\u0101te braucot pa nel\u012bdzenu ce\u013ca segumu.<\/p>\n<p>+ Paaugstin\u0101ta triecieniztur\u012bba pasarg\u0101s riepu no p\u0101rsi\u0161anas bedr\u0113s\u00a0<\/p>\n<p><strong>SU-800 A\/T preotektora apraksts:<\/strong><\/p>\n<p><strong>Maxtrek SU-800<\/strong><strong> A\/T <\/strong>agres\u012bvais atv\u0113rtais plecu bloku dizains pal\u012bdz izspiest <em>\u016bdeni<\/em>, <em>sniegu<\/em> un <em>dub\u013cus<\/em> \u0101rpus protektora, t\u0101d\u0113j\u0101di palielinot sa\u0137eri uz jebkura reljefa un jebkuros laika apst\u0101k\u013cos. Stingra centra riba\u00a0 nodro\u0161ina lielisku vad\u0101m\u012bbu un brauk\u0161anas komfortu. Daudzvirzienu lame\u013cu sist\u0113ma uzlabo komfortu, neapdraudot caurejam\u012bbu.<\/p>\n<h5>*Uzman\u012bbu: Vasaras riepas, kas ir ra\u017eotas \u0136\u012bn\u0101, var b\u016bt apz\u012bm\u0113tas ar apz\u012bm\u0113jumu M+S. J\u0101\u0146em ver\u0101, ka \u0136\u012bnas teritorija sniedzas da\u017e\u0101d\u0101s klimatiskaj\u0101s zon\u0101s, kur da\u017eviet metereolo\u0123isk\u0101 ziema t\u0101 ar\u012b neiest\u0101jas. L\u012bdz ar to, tur \u0161\u012bs riepas var izmantot visu gadu, kam\u0113r Latvij\u0101 tas nestr\u0101d\u0101!<\/h5>\n","protected":false},"excerpt":{"rendered":"<p><strong>Maxtrek SU-800<\/strong><strong> A\/T<\/strong> ir vasaras All-Terrain riepu modelis. Ide\u0101li piem\u0113rotas izmanto\u0161anai mikroautobusiem, pikapiem un apvidus auto, nodro\u0161inot sa\u0137eri uz cieta seguma ce\u013ciem un apvidus apst\u0101k\u013cos.<\/p>\n","protected":false},"featured_media":850477,"template":"","meta":{"_acf_changed":false,"ngg_post_thumbnail":0},"product_brand":[],"product_cat":[46],"product_tag":[],"class_list":{"0":"post-796527","1":"product","2":"type-product","3":"status-publish","4":"has-post-thumbnail","6":"product_cat-vasaras-riepas","8":"first","9":"instock","10":"sale","11":"taxable","12":"shipping-taxable","13":"product-type-simple"},"acf":[],"yoast_head":"<!-- This site is optimized with the Yoast SEO Premium plugin v22.6 (Yoast SEO v27.3) - https:\/\/yoast.com\/product\/yoast-seo-premium-wordpress\/ -->\n<title>285\/60R18 Maxtrek SU-800 A\/T 116T &#8226; MMK Riepas<\/title>\n<meta name=\"robots\" content=\"index, follow, max-snippet:-1, max-image-preview:large, max-video-preview:-1\" \/>\n<link rel=\"canonical\" href=\"https:\/\/mmkriepas.lv\/en\/p\/285-60r18-maxtrek-su-800-a-t-116t\/\" \/>\n<meta property=\"og:locale\" content=\"en_US\" \/>\n<meta property=\"og:type\" content=\"article\" \/>\n<meta property=\"og:title\" content=\"285\/60R18 Maxtrek SU-800 A\/T 116T\" \/>\n<meta property=\"og:description\" content=\"Maxtrek SU-800 A\/T ir vasaras All-Terrain riepu modelis. Ide\u0101li piem\u0113rotas izmanto\u0161anai mikroautobusiem, pikapiem un apvidus auto, nodro\u0161inot sa\u0137eri uz cieta seguma ce\u013ciem un apvidus apst\u0101k\u013cos.\" \/>\n<meta property=\"og:url\" content=\"https:\/\/mmkriepas.lv\/en\/p\/285-60r18-maxtrek-su-800-a-t-116t\/\" \/>\n<meta property=\"og:site_name\" content=\"MMK Riepas\" \/>\n<meta property=\"article:publisher\" content=\"https:\/\/www.facebook.com\/mmkserviss\/\" \/>\n<meta property=\"article:modified_time\" content=\"2026-03-29T22:55:09+00:00\" \/>\n<meta property=\"og:image\" content=\"https:\/\/mmkriepas.lv\/wp-content\/uploads\/2024\/01\/23565r17-maxtrek-su-800-at-104s-all-terrain-riepas-vasaras-riepas.jpg\" \/>\n\t<meta property=\"og:image:width\" content=\"1920\" \/>\n\t<meta property=\"og:image:height\" content=\"1920\" \/>\n\t<meta property=\"og:image:type\" content=\"image\/jpeg\" \/>\n<meta name=\"twitter:card\" content=\"summary_large_image\" \/>\n<meta name=\"twitter:label1\" content=\"Price\" \/>\n\t<meta name=\"twitter:data1\" content=\"&euro;103.00\" \/>\n\t<meta name=\"twitter:label2\" content=\"Availability\" \/>\n\t<meta name=\"twitter:data2\" content=\"In stock\" \/>\n<script type=\"application\/ld+json\" class=\"yoast-schema-graph\">{\"@context\":\"https:\\\/\\\/schema.org\",\"@graph\":[{\"@type\":\"WebPage\",\"@id\":\"https:\\\/\\\/mmkriepas.lv\\\/en\\\/p\\\/285-60r18-maxtrek-su-800-a-t-116t\\\/\",\"url\":\"https:\\\/\\\/mmkriepas.lv\\\/en\\\/p\\\/285-60r18-maxtrek-su-800-a-t-116t\\\/\",\"name\":\"285\\\/60R18 Maxtrek SU-800 A\\\/T 116T &#8226; MMK Riepas\",\"isPartOf\":{\"@id\":\"https:\\\/\\\/mmkriepas.lv\\\/en\\\/#website\"},\"primaryImageOfPage\":{\"@id\":\"https:\\\/\\\/mmkriepas.lv\\\/en\\\/p\\\/285-60r18-maxtrek-su-800-a-t-116t\\\/#primaryimage\"},\"image\":{\"@id\":\"https:\\\/\\\/mmkriepas.lv\\\/en\\\/p\\\/285-60r18-maxtrek-su-800-a-t-116t\\\/#primaryimage\"},\"thumbnailUrl\":\"https:\\\/\\\/mmkriepas.lv\\\/wp-content\\\/uploads\\\/2024\\\/01\\\/23565r17-maxtrek-su-800-at-104s-all-terrain-riepas-vasaras-riepas.jpg\",\"datePublished\":\"2023-09-27T15:40:54+00:00\",\"dateModified\":\"2026-03-29T22:55:09+00:00\",\"breadcrumb\":{\"@id\":\"https:\\\/\\\/mmkriepas.lv\\\/en\\\/p\\\/285-60r18-maxtrek-su-800-a-t-116t\\\/#breadcrumb\"},\"inLanguage\":\"en-US\",\"potentialAction\":[{\"@type\":\"ReadAction\",\"target\":[\"https:\\\/\\\/mmkriepas.lv\\\/en\\\/p\\\/285-60r18-maxtrek-su-800-a-t-116t\\\/\"]}]},{\"@type\":\"ImageObject\",\"inLanguage\":\"en-US\",\"@id\":\"https:\\\/\\\/mmkriepas.lv\\\/en\\\/p\\\/285-60r18-maxtrek-su-800-a-t-116t\\\/#primaryimage\",\"url\":\"https:\\\/\\\/mmkriepas.lv\\\/wp-content\\\/uploads\\\/2024\\\/01\\\/23565r17-maxtrek-su-800-at-104s-all-terrain-riepas-vasaras-riepas.jpg\",\"contentUrl\":\"https:\\\/\\\/mmkriepas.lv\\\/wp-content\\\/uploads\\\/2024\\\/01\\\/23565r17-maxtrek-su-800-at-104s-all-terrain-riepas-vasaras-riepas.jpg\",\"width\":1920,\"height\":1920,\"caption\":\"235\\\/65R17 Maxtrek SU-800 A\\\/T 104S - All Terrain riepas \\\/ Vasaras riepas\"},{\"@type\":\"BreadcrumbList\",\"@id\":\"https:\\\/\\\/mmkriepas.lv\\\/en\\\/p\\\/285-60r18-maxtrek-su-800-a-t-116t\\\/#breadcrumb\",\"itemListElement\":[{\"@type\":\"ListItem\",\"position\":1,\"name\":\"S\u0101kums\",\"item\":\"https:\\\/\\\/mmkriepas.lv\\\/en\\\/\"},{\"@type\":\"ListItem\",\"position\":2,\"name\":\"285\\\/60R18 Maxtrek SU-800 A\\\/T 116T\"}]},{\"@type\":\"WebSite\",\"@id\":\"https:\\\/\\\/mmkriepas.lv\\\/en\\\/#website\",\"url\":\"https:\\\/\\\/mmkriepas.lv\\\/en\\\/\",\"name\":\"MMK Riepas\",\"description\":\"MMK Riepas\",\"alternateName\":\"MMK Riepu Serviss\",\"potentialAction\":[{\"@type\":\"SearchAction\",\"target\":{\"@type\":\"EntryPoint\",\"urlTemplate\":\"https:\\\/\\\/mmkriepas.lv\\\/en\\\/?s={search_term_string}\"},\"query-input\":{\"@type\":\"PropertyValueSpecification\",\"valueRequired\":true,\"valueName\":\"search_term_string\"}}],\"inLanguage\":\"en-US\"},{\"@type\":\"ImageObject\",\"inLanguage\":\"en-US\",\"@id\":\"https:\\\/\\\/mmkriepas.lv\\\/en\\\/p\\\/285-60r18-maxtrek-su-800-a-t-116t\\\/#local-main-organization-logo\",\"url\":\"\",\"contentUrl\":\"\",\"caption\":\"MMK Riepas\"}]}<\/script>\n<meta property=\"product:brand\" content=\"Maxtrek SU-800 A\/T\" \/>\n<meta property=\"product:price:amount\" content=\"103.00\" \/>\n<meta property=\"product:price:currency\" content=\"EUR\" \/>\n<meta property=\"og:availability\" content=\"instock\" \/>\n<meta property=\"product:availability\" content=\"instock\" \/>\n<meta property=\"product:retailer_item_id\" content=\"TW2856018Maxtr-E29761\" \/>\n<meta property=\"product:condition\" content=\"new\" \/>\n<!-- \/ Yoast SEO Premium plugin. -->","yoast_head_json":{"title":"285\/60R18 Maxtrek SU-800 A\/T 116T &#8226; MMK Riepas","robots":{"index":"index","follow":"follow","max-snippet":"max-snippet:-1","max-image-preview":"max-image-preview:large","max-video-preview":"max-video-preview:-1"},"canonical":"https:\/\/mmkriepas.lv\/en\/p\/285-60r18-maxtrek-su-800-a-t-116t\/","og_locale":"en_US","og_type":"article","og_title":"285\/60R18 Maxtrek SU-800 A\/T 116T","og_description":"Maxtrek SU-800 A\/T ir vasaras All-Terrain riepu modelis. Ide\u0101li piem\u0113rotas izmanto\u0161anai mikroautobusiem, pikapiem un apvidus auto, nodro\u0161inot sa\u0137eri uz cieta seguma ce\u013ciem un apvidus apst\u0101k\u013cos.","og_url":"https:\/\/mmkriepas.lv\/en\/p\/285-60r18-maxtrek-su-800-a-t-116t\/","og_site_name":"MMK Riepas","article_publisher":"https:\/\/www.facebook.com\/mmkserviss\/","article_modified_time":"2026-03-29T22:55:09+00:00","og_image":[{"width":1920,"height":1920,"url":"https:\/\/mmkriepas.lv\/wp-content\/uploads\/2024\/01\/23565r17-maxtrek-su-800-at-104s-all-terrain-riepas-vasaras-riepas.jpg","type":"image\/jpeg"}],"twitter_card":"summary_large_image","twitter_misc":{"Price":"&euro;103.00","Availability":"In stock"},"schema":{"@context":"https:\/\/schema.org","@graph":[{"@type":"WebPage","@id":"https:\/\/mmkriepas.lv\/en\/p\/285-60r18-maxtrek-su-800-a-t-116t\/","url":"https:\/\/mmkriepas.lv\/en\/p\/285-60r18-maxtrek-su-800-a-t-116t\/","name":"285\/60R18 Maxtrek SU-800 A\/T 116T &#8226; MMK Riepas","isPartOf":{"@id":"https:\/\/mmkriepas.lv\/en\/#website"},"primaryImageOfPage":{"@id":"https:\/\/mmkriepas.lv\/en\/p\/285-60r18-maxtrek-su-800-a-t-116t\/#primaryimage"},"image":{"@id":"https:\/\/mmkriepas.lv\/en\/p\/285-60r18-maxtrek-su-800-a-t-116t\/#primaryimage"},"thumbnailUrl":"https:\/\/mmkriepas.lv\/wp-content\/uploads\/2024\/01\/23565r17-maxtrek-su-800-at-104s-all-terrain-riepas-vasaras-riepas.jpg","datePublished":"2023-09-27T15:40:54+00:00","dateModified":"2026-03-29T22:55:09+00:00","breadcrumb":{"@id":"https:\/\/mmkriepas.lv\/en\/p\/285-60r18-maxtrek-su-800-a-t-116t\/#breadcrumb"},"inLanguage":"en-US","potentialAction":[{"@type":"ReadAction","target":["https:\/\/mmkriepas.lv\/en\/p\/285-60r18-maxtrek-su-800-a-t-116t\/"]}]},{"@type":"ImageObject","inLanguage":"en-US","@id":"https:\/\/mmkriepas.lv\/en\/p\/285-60r18-maxtrek-su-800-a-t-116t\/#primaryimage","url":"https:\/\/mmkriepas.lv\/wp-content\/uploads\/2024\/01\/23565r17-maxtrek-su-800-at-104s-all-terrain-riepas-vasaras-riepas.jpg","contentUrl":"https:\/\/mmkriepas.lv\/wp-content\/uploads\/2024\/01\/23565r17-maxtrek-su-800-at-104s-all-terrain-riepas-vasaras-riepas.jpg","width":1920,"height":1920,"caption":"235\/65R17 Maxtrek SU-800 A\/T 104S - All Terrain riepas \/ Vasaras riepas"},{"@type":"BreadcrumbList","@id":"https:\/\/mmkriepas.lv\/en\/p\/285-60r18-maxtrek-su-800-a-t-116t\/#breadcrumb","itemListElement":[{"@type":"ListItem","position":1,"name":"S\u0101kums","item":"https:\/\/mmkriepas.lv\/en\/"},{"@type":"ListItem","position":2,"name":"285\/60R18 Maxtrek SU-800 A\/T 116T"}]},{"@type":"WebSite","@id":"https:\/\/mmkriepas.lv\/en\/#website","url":"https:\/\/mmkriepas.lv\/en\/","name":"MMK Riepas","description":"MMK Riepas","alternateName":"MMK Riepu Serviss","potentialAction":[{"@type":"SearchAction","target":{"@type":"EntryPoint","urlTemplate":"https:\/\/mmkriepas.lv\/en\/?s={search_term_string}"},"query-input":{"@type":"PropertyValueSpecification","valueRequired":true,"valueName":"search_term_string"}}],"inLanguage":"en-US"},{"@type":"ImageObject","inLanguage":"en-US","@id":"https:\/\/mmkriepas.lv\/en\/p\/285-60r18-maxtrek-su-800-a-t-116t\/#local-main-organization-logo","url":"","contentUrl":"","caption":"MMK Riepas"}]},"product_brand":"Maxtrek SU-800 A\/T","product_price_amount":"103.00","product_price_currency":"EUR","og_availability":"instock","product_availability":"instock","product_retailer_item_id":"TW2856018Maxtr-E29761","product_condition":"new"},"_links":{"self":[{"href":"https:\/\/mmkriepas.lv\/en\/wp-json\/wp\/v2\/product\/796527","targetHints":{"allow":["GET"]}}],"collection":[{"href":"https:\/\/mmkriepas.lv\/en\/wp-json\/wp\/v2\/product"}],"about":[{"href":"https:\/\/mmkriepas.lv\/en\/wp-json\/wp\/v2\/types\/product"}],"wp:featuredmedia":[{"embeddable":true,"href":"https:\/\/mmkriepas.lv\/en\/wp-json\/wp\/v2\/media\/850477"}],"wp:attachment":[{"href":"https:\/\/mmkriepas.lv\/en\/wp-json\/wp\/v2\/media?parent=796527"}],"wp:term":[{"taxonomy":"product_brand","embeddable":true,"href":"https:\/\/mmkriepas.lv\/en\/wp-json\/wp\/v2\/product_brand?post=796527"},{"taxonomy":"product_cat","embeddable":true,"href":"https:\/\/mmkriepas.lv\/en\/wp-json\/wp\/v2\/product_cat?post=796527"},{"taxonomy":"product_tag","embeddable":true,"href":"https:\/\/mmkriepas.lv\/en\/wp-json\/wp\/v2\/product_tag?post=796527"}],"curies":[{"name":"wp","href":"https:\/\/api.w.org\/{rel}","templated":true}]}}