{"id":796317,"date":"2023-09-27T18:33:24","date_gmt":"2023-09-27T15:33:24","guid":{"rendered":"https:\/\/mmkserviss.lv\/?post_type=product&#038;p=796317"},"modified":"2026-03-30T14:18:09","modified_gmt":"2026-03-30T11:18:09","slug":"225-50r18-bridgestone-blizzak-lm001-95h-runflat","status":"publish","type":"product","link":"https:\/\/mmkriepas.lv\/en\/p\/225-50r18-bridgestone-blizzak-lm001-95h-runflat\/","title":{"rendered":"225\/50R18 Bridgestone Blizzak LM001 95H RunFlat"},"content":{"rendered":"<p align=\"left\"><span style=\"font-family: Arial, sans-serif;\"><b>Bridgestone Blizzak LM001<\/b> ir ziemas riepu modelis, kas rad\u012bts Centr\u0101leiropas tirgum, kur ziem\u0101 temperat\u016bra bie\u017ei sv\u0101rst\u0101s ap 0\u00baC. Dotais modelis izce\u013cas ar augst\u0101m veiktsp\u0113jas \u012bpa\u0161\u012bb\u0101m uz slapja un sniegota ce\u013ca, demonstr\u0113jot labu sa\u0137eri, manevr\u0113tsp\u0113ju un atsauc\u012bbu. K\u0101 jau Jap\u0101n\u0101 ra\u017eotai riepai piekl\u0101jas, ar\u012b \u0161\u012b ir triecieniztur\u012bga un kalpotsp\u0113j\u012bga.<\/span><\/p>\n<h3 class=\"western\"><span style=\"font-family: Arial, sans-serif;\"><b>Blizzak LM001 galven\u0101s iez\u012bmes<\/b><\/span><\/h3>\n<p><span style=\"font-family: Arial, sans-serif;\">+ Uzlabots gumijas sast\u0101vs, kas papildin\u0101ts ar virkni elastrom\u0113ru. <\/span><\/p>\n<p><span style=\"font-family: Arial, sans-serif;\">+ Virz\u012bts protektora raksts, kas nodro\u0161ina stabilu sa\u0137eri ar slapjiem un sniegotiem ce\u013ciem.<\/span><\/p>\n<p><span style=\"font-family: Arial, sans-serif;\">+ Bl\u012bvi izvietotas lameles, kuras uzlabo vilktni un sa\u012bsina bremz\u0113\u0161anas ce\u013cu.<\/span><\/p>\n<h3 class=\"western\"><span style=\"font-family: Arial, sans-serif;\"><b>Blizzak LM001 protektora raksts<\/b><\/span><\/h3>\n<p><span style=\"font-family: Arial, sans-serif;\">\u0160\u012b mode\u013ca protektora raksts izveidots t\u0101, lai tas apvienotu sev\u012b visoptim\u0101l\u0101kos veiktsp\u0113jas elementus. Protektora raksts ir virz\u012bts un protektora bloki izvietoti t\u0101, lai starp tiem veidotos pla\u0161as dren\u0101\u017eas rievas, kas novad\u012btu sniegu un \u016bdeni no kontakta virsmas.<\/span><\/p>\n<h3 class=\"western\"><span style=\"font-family: Arial, sans-serif;\"><b>Bl\u012bvi izvietot\u0101s lameles<\/b><\/span><\/h3>\n<p><span style=\"font-family: Arial, sans-serif;\">Protektora blokos izveidoti vair\u0101ki t\u016bksto\u0161i iegriezumu &#8211; lame\u013cu, kuru uzdevums ir r\u016bp\u0113ties par brauc\u0113ja dro\u0161\u012bbu uz ledus. Lameles izvietotas tik bl\u012bvi, ka starp t\u0101m ir vien nieka milimetri. Katra no t\u0101m, braucot pa ledu, burtiski iec\u0113rtas ledus virsm\u0101, ar to veidojot sa\u0137eri. <\/span><\/p>\n<p><span style=\"color: #c9211e;\"><span style=\"font-family: Arial, sans-serif;\"><b>Bridgestone Blizzak LM001 <\/b>mode\u013ca lieto\u0161anas dro\u0161\u012bbu ziemas laika apst\u0101k\u013cos un t\u0101 atbilst\u012bbu valst\u012bm ar oblig\u0101tu sezon\u0101lo riepu mai\u0146u apstiprina mar\u0137\u0113jums sniegp\u0101rslas form\u0101 uz kalna fona ar trim virsotn\u0113m (3PMSF). <\/span><\/span><\/p>\n","protected":false},"excerpt":{"rendered":"<p align=\"left\"><span style=\"font-family: Arial, sans-serif;\"><b>Bridgestone Blizzak LM001<\/b> ir ziemas riepu modelis, kas rad\u012bts Centr\u0101leiropas tirgum, kur ziem\u0101 temperat\u016bra bie\u017ei sv\u0101rst\u0101s ap 0\u00baC. Dotais modelis izce\u013cas ar augst\u0101m veiktsp\u0113jas \u012bpa\u0161\u012bb\u0101m uz slapja un sniegota ce\u013ca, demonstr\u0113jot labu sa\u0137eri, manevr\u0113tsp\u0113ju un atsauc\u012bbu. K\u0101 jau Jap\u0101n\u0101 ra\u017eotai riepai piekl\u0101jas, ar\u012b \u0161\u012b ir triecieniztur\u012bga un kalpotsp\u0113j\u012bga.<\/span><\/p>\n","protected":false},"featured_media":1413111,"template":"","meta":{"_acf_changed":false,"ngg_post_thumbnail":0},"product_brand":[],"product_cat":[47,45],"product_tag":[],"class_list":{"0":"post-796317","1":"product","2":"type-product","3":"status-publish","4":"has-post-thumbnail","6":"product_cat-vissezonas-riepas","7":"product_cat-ziemas-riepas","9":"first","10":"instock","11":"sale","12":"taxable","13":"shipping-taxable","14":"purchasable","15":"product-type-simple"},"acf":[],"yoast_head":"<!-- This site is optimized with the Yoast SEO Premium plugin v22.6 (Yoast SEO v27.3) - https:\/\/yoast.com\/product\/yoast-seo-premium-wordpress\/ -->\n<title>225\/50R18 Bridgestone Blizzak LM001 95H RunFlat &#8226; MMK Riepas<\/title>\n<meta name=\"description\" content=\"Bridgestone Blizzak LM001- premium vissezonas riepa brauk\u0161anai 365 dienas gad\u0101! Abos MMK riepu centros, visos izm\u0113ros, par lab\u0101ko cenu!\" \/>\n<meta name=\"robots\" content=\"index, follow, max-snippet:-1, max-image-preview:large, max-video-preview:-1\" \/>\n<link rel=\"canonical\" href=\"https:\/\/mmkriepas.lv\/en\/p\/225-50r18-bridgestone-blizzak-lm001-95h-runflat\/\" \/>\n<meta property=\"og:locale\" content=\"en_US\" \/>\n<meta property=\"og:type\" content=\"article\" \/>\n<meta property=\"og:title\" content=\"225\/50R18 Bridgestone Blizzak LM001 95H RunFlat\" \/>\n<meta property=\"og:description\" content=\"Bridgestone Blizzak LM001- premium vissezonas riepa brauk\u0161anai 365 dienas gad\u0101! Abos MMK riepu centros, visos izm\u0113ros, par lab\u0101ko cenu!\" \/>\n<meta property=\"og:url\" content=\"https:\/\/mmkriepas.lv\/en\/p\/225-50r18-bridgestone-blizzak-lm001-95h-runflat\/\" \/>\n<meta property=\"og:site_name\" content=\"MMK Riepas\" \/>\n<meta property=\"article:publisher\" content=\"https:\/\/www.facebook.com\/mmkserviss\/\" \/>\n<meta property=\"article:modified_time\" content=\"2026-03-30T11:18:09+00:00\" \/>\n<meta property=\"og:image\" content=\"https:\/\/mmkriepas.lv\/wp-content\/uploads\/2025\/12\/28545r21-bridgestone-blizzak-lm001-113v-xl-runflat-rg-ziemas-riepas.jpg\" \/>\n\t<meta property=\"og:image:width\" content=\"900\" \/>\n\t<meta property=\"og:image:height\" content=\"720\" \/>\n\t<meta property=\"og:image:type\" content=\"image\/jpeg\" \/>\n<meta name=\"twitter:card\" content=\"summary_large_image\" \/>\n<meta name=\"twitter:label1\" content=\"Price\" \/>\n\t<meta name=\"twitter:data1\" content=\"&euro;207.00\" \/>\n\t<meta name=\"twitter:label2\" content=\"Availability\" \/>\n\t<meta name=\"twitter:data2\" content=\"In stock\" \/>\n<script type=\"application\/ld+json\" class=\"yoast-schema-graph\">{\"@context\":\"https:\\\/\\\/schema.org\",\"@graph\":[{\"@type\":\"WebPage\",\"@id\":\"https:\\\/\\\/mmkriepas.lv\\\/en\\\/p\\\/225-50r18-bridgestone-blizzak-lm001-95h-runflat\\\/\",\"url\":\"https:\\\/\\\/mmkriepas.lv\\\/en\\\/p\\\/225-50r18-bridgestone-blizzak-lm001-95h-runflat\\\/\",\"name\":\"225\\\/50R18 Bridgestone Blizzak LM001 95H RunFlat &#8226; MMK Riepas\",\"isPartOf\":{\"@id\":\"https:\\\/\\\/mmkriepas.lv\\\/en\\\/#website\"},\"primaryImageOfPage\":{\"@id\":\"https:\\\/\\\/mmkriepas.lv\\\/en\\\/p\\\/225-50r18-bridgestone-blizzak-lm001-95h-runflat\\\/#primaryimage\"},\"image\":{\"@id\":\"https:\\\/\\\/mmkriepas.lv\\\/en\\\/p\\\/225-50r18-bridgestone-blizzak-lm001-95h-runflat\\\/#primaryimage\"},\"thumbnailUrl\":\"https:\\\/\\\/mmkriepas.lv\\\/wp-content\\\/uploads\\\/2025\\\/12\\\/28545r21-bridgestone-blizzak-lm001-113v-xl-runflat-rg-ziemas-riepas.jpg\",\"datePublished\":\"2023-09-27T15:33:24+00:00\",\"dateModified\":\"2026-03-30T11:18:09+00:00\",\"description\":\"Bridgestone Blizzak LM001- premium vissezonas riepa brauk\u0161anai 365 dienas gad\u0101! Abos MMK riepu centros, visos izm\u0113ros, par lab\u0101ko cenu!\",\"breadcrumb\":{\"@id\":\"https:\\\/\\\/mmkriepas.lv\\\/en\\\/p\\\/225-50r18-bridgestone-blizzak-lm001-95h-runflat\\\/#breadcrumb\"},\"inLanguage\":\"en-US\",\"potentialAction\":[{\"@type\":\"ReadAction\",\"target\":[\"https:\\\/\\\/mmkriepas.lv\\\/en\\\/p\\\/225-50r18-bridgestone-blizzak-lm001-95h-runflat\\\/\"]}]},{\"@type\":\"ImageObject\",\"inLanguage\":\"en-US\",\"@id\":\"https:\\\/\\\/mmkriepas.lv\\\/en\\\/p\\\/225-50r18-bridgestone-blizzak-lm001-95h-runflat\\\/#primaryimage\",\"url\":\"https:\\\/\\\/mmkriepas.lv\\\/wp-content\\\/uploads\\\/2025\\\/12\\\/28545r21-bridgestone-blizzak-lm001-113v-xl-runflat-rg-ziemas-riepas.jpg\",\"contentUrl\":\"https:\\\/\\\/mmkriepas.lv\\\/wp-content\\\/uploads\\\/2025\\\/12\\\/28545r21-bridgestone-blizzak-lm001-113v-xl-runflat-rg-ziemas-riepas.jpg\",\"width\":900,\"height\":720,\"caption\":\"MAIN\"},{\"@type\":\"BreadcrumbList\",\"@id\":\"https:\\\/\\\/mmkriepas.lv\\\/en\\\/p\\\/225-50r18-bridgestone-blizzak-lm001-95h-runflat\\\/#breadcrumb\",\"itemListElement\":[{\"@type\":\"ListItem\",\"position\":1,\"name\":\"S\u0101kums\",\"item\":\"https:\\\/\\\/mmkriepas.lv\\\/en\\\/\"},{\"@type\":\"ListItem\",\"position\":2,\"name\":\"225\\\/50R18 Bridgestone Blizzak LM001 95H RunFlat\"}]},{\"@type\":\"WebSite\",\"@id\":\"https:\\\/\\\/mmkriepas.lv\\\/en\\\/#website\",\"url\":\"https:\\\/\\\/mmkriepas.lv\\\/en\\\/\",\"name\":\"MMK Riepas\",\"description\":\"MMK Riepas\",\"alternateName\":\"MMK Riepu Serviss\",\"potentialAction\":[{\"@type\":\"SearchAction\",\"target\":{\"@type\":\"EntryPoint\",\"urlTemplate\":\"https:\\\/\\\/mmkriepas.lv\\\/en\\\/?s={search_term_string}\"},\"query-input\":{\"@type\":\"PropertyValueSpecification\",\"valueRequired\":true,\"valueName\":\"search_term_string\"}}],\"inLanguage\":\"en-US\"},{\"@type\":\"ImageObject\",\"inLanguage\":\"en-US\",\"@id\":\"https:\\\/\\\/mmkriepas.lv\\\/en\\\/p\\\/225-50r18-bridgestone-blizzak-lm001-95h-runflat\\\/#local-main-organization-logo\",\"url\":\"\",\"contentUrl\":\"\",\"caption\":\"MMK Riepas\"}]}<\/script>\n<meta property=\"product:brand\" content=\"Bridgestone Blizzak LM001\" \/>\n<meta property=\"product:price:amount\" content=\"207.00\" \/>\n<meta property=\"product:price:currency\" content=\"EUR\" \/>\n<meta property=\"og:availability\" content=\"instock\" \/>\n<meta property=\"product:availability\" content=\"instock\" \/>\n<meta property=\"product:retailer_item_id\" content=\"TW2255018Bridg-E29649\" \/>\n<meta property=\"product:condition\" content=\"new\" \/>\n<!-- \/ Yoast SEO Premium plugin. -->","yoast_head_json":{"title":"225\/50R18 Bridgestone Blizzak LM001 95H RunFlat &#8226; MMK Riepas","description":"Bridgestone Blizzak LM001- premium vissezonas riepa brauk\u0161anai 365 dienas gad\u0101! Abos MMK riepu centros, visos izm\u0113ros, par lab\u0101ko cenu!","robots":{"index":"index","follow":"follow","max-snippet":"max-snippet:-1","max-image-preview":"max-image-preview:large","max-video-preview":"max-video-preview:-1"},"canonical":"https:\/\/mmkriepas.lv\/en\/p\/225-50r18-bridgestone-blizzak-lm001-95h-runflat\/","og_locale":"en_US","og_type":"article","og_title":"225\/50R18 Bridgestone Blizzak LM001 95H RunFlat","og_description":"Bridgestone Blizzak LM001- premium vissezonas riepa brauk\u0161anai 365 dienas gad\u0101! Abos MMK riepu centros, visos izm\u0113ros, par lab\u0101ko cenu!","og_url":"https:\/\/mmkriepas.lv\/en\/p\/225-50r18-bridgestone-blizzak-lm001-95h-runflat\/","og_site_name":"MMK Riepas","article_publisher":"https:\/\/www.facebook.com\/mmkserviss\/","article_modified_time":"2026-03-30T11:18:09+00:00","og_image":[{"width":900,"height":720,"url":"https:\/\/mmkriepas.lv\/wp-content\/uploads\/2025\/12\/28545r21-bridgestone-blizzak-lm001-113v-xl-runflat-rg-ziemas-riepas.jpg","type":"image\/jpeg"}],"twitter_card":"summary_large_image","twitter_misc":{"Price":"&euro;207.00","Availability":"In stock"},"schema":{"@context":"https:\/\/schema.org","@graph":[{"@type":"WebPage","@id":"https:\/\/mmkriepas.lv\/en\/p\/225-50r18-bridgestone-blizzak-lm001-95h-runflat\/","url":"https:\/\/mmkriepas.lv\/en\/p\/225-50r18-bridgestone-blizzak-lm001-95h-runflat\/","name":"225\/50R18 Bridgestone Blizzak LM001 95H RunFlat &#8226; MMK Riepas","isPartOf":{"@id":"https:\/\/mmkriepas.lv\/en\/#website"},"primaryImageOfPage":{"@id":"https:\/\/mmkriepas.lv\/en\/p\/225-50r18-bridgestone-blizzak-lm001-95h-runflat\/#primaryimage"},"image":{"@id":"https:\/\/mmkriepas.lv\/en\/p\/225-50r18-bridgestone-blizzak-lm001-95h-runflat\/#primaryimage"},"thumbnailUrl":"https:\/\/mmkriepas.lv\/wp-content\/uploads\/2025\/12\/28545r21-bridgestone-blizzak-lm001-113v-xl-runflat-rg-ziemas-riepas.jpg","datePublished":"2023-09-27T15:33:24+00:00","dateModified":"2026-03-30T11:18:09+00:00","description":"Bridgestone Blizzak LM001- premium vissezonas riepa brauk\u0161anai 365 dienas gad\u0101! Abos MMK riepu centros, visos izm\u0113ros, par lab\u0101ko cenu!","breadcrumb":{"@id":"https:\/\/mmkriepas.lv\/en\/p\/225-50r18-bridgestone-blizzak-lm001-95h-runflat\/#breadcrumb"},"inLanguage":"en-US","potentialAction":[{"@type":"ReadAction","target":["https:\/\/mmkriepas.lv\/en\/p\/225-50r18-bridgestone-blizzak-lm001-95h-runflat\/"]}]},{"@type":"ImageObject","inLanguage":"en-US","@id":"https:\/\/mmkriepas.lv\/en\/p\/225-50r18-bridgestone-blizzak-lm001-95h-runflat\/#primaryimage","url":"https:\/\/mmkriepas.lv\/wp-content\/uploads\/2025\/12\/28545r21-bridgestone-blizzak-lm001-113v-xl-runflat-rg-ziemas-riepas.jpg","contentUrl":"https:\/\/mmkriepas.lv\/wp-content\/uploads\/2025\/12\/28545r21-bridgestone-blizzak-lm001-113v-xl-runflat-rg-ziemas-riepas.jpg","width":900,"height":720,"caption":"MAIN"},{"@type":"BreadcrumbList","@id":"https:\/\/mmkriepas.lv\/en\/p\/225-50r18-bridgestone-blizzak-lm001-95h-runflat\/#breadcrumb","itemListElement":[{"@type":"ListItem","position":1,"name":"S\u0101kums","item":"https:\/\/mmkriepas.lv\/en\/"},{"@type":"ListItem","position":2,"name":"225\/50R18 Bridgestone Blizzak LM001 95H RunFlat"}]},{"@type":"WebSite","@id":"https:\/\/mmkriepas.lv\/en\/#website","url":"https:\/\/mmkriepas.lv\/en\/","name":"MMK Riepas","description":"MMK Riepas","alternateName":"MMK Riepu Serviss","potentialAction":[{"@type":"SearchAction","target":{"@type":"EntryPoint","urlTemplate":"https:\/\/mmkriepas.lv\/en\/?s={search_term_string}"},"query-input":{"@type":"PropertyValueSpecification","valueRequired":true,"valueName":"search_term_string"}}],"inLanguage":"en-US"},{"@type":"ImageObject","inLanguage":"en-US","@id":"https:\/\/mmkriepas.lv\/en\/p\/225-50r18-bridgestone-blizzak-lm001-95h-runflat\/#local-main-organization-logo","url":"","contentUrl":"","caption":"MMK Riepas"}]},"product_brand":"Bridgestone Blizzak LM001","product_price_amount":"207.00","product_price_currency":"EUR","og_availability":"instock","product_availability":"instock","product_retailer_item_id":"TW2255018Bridg-E29649","product_condition":"new"},"_links":{"self":[{"href":"https:\/\/mmkriepas.lv\/en\/wp-json\/wp\/v2\/product\/796317","targetHints":{"allow":["GET"]}}],"collection":[{"href":"https:\/\/mmkriepas.lv\/en\/wp-json\/wp\/v2\/product"}],"about":[{"href":"https:\/\/mmkriepas.lv\/en\/wp-json\/wp\/v2\/types\/product"}],"wp:featuredmedia":[{"embeddable":true,"href":"https:\/\/mmkriepas.lv\/en\/wp-json\/wp\/v2\/media\/1413111"}],"wp:attachment":[{"href":"https:\/\/mmkriepas.lv\/en\/wp-json\/wp\/v2\/media?parent=796317"}],"wp:term":[{"taxonomy":"product_brand","embeddable":true,"href":"https:\/\/mmkriepas.lv\/en\/wp-json\/wp\/v2\/product_brand?post=796317"},{"taxonomy":"product_cat","embeddable":true,"href":"https:\/\/mmkriepas.lv\/en\/wp-json\/wp\/v2\/product_cat?post=796317"},{"taxonomy":"product_tag","embeddable":true,"href":"https:\/\/mmkriepas.lv\/en\/wp-json\/wp\/v2\/product_tag?post=796317"}],"curies":[{"name":"wp","href":"https:\/\/api.w.org\/{rel}","templated":true}]}}