{"id":791562,"date":"2023-09-21T10:41:28","date_gmt":"2023-09-21T07:41:28","guid":{"rendered":"https:\/\/mmkserviss.lv\/?post_type=product&#038;p=791562"},"modified":"2025-10-31T18:09:20","modified_gmt":"2025-10-31T16:09:20","slug":"185-80r14c-trazano-sw612-102-100r","status":"publish","type":"product","link":"https:\/\/mmkriepas.lv\/en\/p\/185-80r14c-trazano-sw612-102-100r\/","title":{"rendered":"185\/80R14C Trazano SW612 102\/100R"},"content":{"rendered":"<p><a name=\"_Hlk112333146\"><\/a> <span style=\"color: #000000;\"><span style=\"font-family: Arial, serif;\"><b>Trazano<\/b><\/span><\/span><span style=\"color: #000000;\"><span style=\"font-family: Arial, serif;\"><b> SW612 <\/b><\/span><\/span><span style=\"color: #000000;\"><span style=\"font-family: Arial, serif;\">ir labs vissezonas komerctransporta riepu modelis. Izce\u013cas ar palielin\u0101tu kravnes\u012bbu, nodilumiztur\u012bbu un sa\u0137eres \u012bpa\u0161\u012bb\u0101m gan vasaras, gan ziemas brauk\u0161anas apst\u0101k\u013cos.<\/span><\/span><\/p>\n<p><span style=\"color: #000000;\"><span style=\"font-family: Arial, serif;\"><span style=\"font-size: medium;\"><b>SW612 galven\u0101s iez\u012bmes<\/b><\/span><\/span><\/span><\/p>\n<p><span style=\"color: #000000;\"><span style=\"font-family: Arial, serif;\">+ Palielin\u0101ta kravnes\u012bba at\u013cauj p\u0101rvad\u0101t smagas kravas.<\/span><\/span><\/p>\n<p><span style=\"color: #000000;\"><span style=\"font-family: Arial, serif;\">+ Laba nodilumiztur\u012bba pat intens\u012bvas ekspluat\u0101cijas apst\u0101k\u013cos.<\/span><\/span><\/p>\n<p><span style=\"color: #000000;\"><span style=\"font-family: Arial, serif;\">+ Degvielas ekonomija.<\/span><\/span><\/p>\n<p><span style=\"color: #000000;\"><span style=\"font-family: Arial, serif;\">+ Kvalit\u0101te atbilst cenai.<\/span><\/span><\/p>\n<p><span style=\"color: #000000;\"><span style=\"font-family: Arial, serif;\"><span style=\"font-size: medium;\"><b>SW612 apr\u012bkojums<\/b><\/span><\/span><\/span><\/p>\n<p><span style=\"color: #000000;\"><span style=\"font-family: Arial, serif;\"><b>Trazano<\/b><\/span><\/span><span style=\"color: #000000;\"><span style=\"font-family: Arial, serif;\"><b> SW612 <\/b><\/span><\/span><span style=\"color: #000000;\"><span style=\"font-family: Arial, serif;\">vissezonas komerctransporta jeb busu riepas apr\u012bkotas ar simetrisku protektora dizainu. T\u0101 mas\u012bvie, simetriski izvietotie protektora bloki palielina riepu kontakta virsmu ar ce\u013cu, nodro\u0161inot vienm\u0113r\u012bg\u0101ku nodilumu un palielinot kravnes\u012bbu.<\/span><\/span><\/p>\n<p><span style=\"color: #000000;\"><span style=\"font-family: Arial, serif;\">Riepu karkass pastiprin\u0101ts ar vair\u0101kiem papildus kordu jeb brekera sl\u0101\u0146iem. Tas \u013cauj paildzin\u0101t riepu m\u016b\u017eu un uzlabot kravnes\u012bbu. Savuk\u0101rt riepu gumijas sast\u0101vam pievienota virkne elastrom\u0113ru, kas \u013cauj riep\u0101m saglab\u0101t elast\u012bbu zem\u0101s gaisa temperat\u016br\u0101s. Elast\u012bga riepa daudz lab\u0101k veido sa\u0137eri ar ce\u013ca virsmu.\u00a0<\/span><\/span><\/p>\n<p><span style=\"color: #000000;\"><span style=\"font-family: Arial, serif;\">Rupjais protektors \u013cauj efekt\u012bvi veidot sa\u0137eri ar\u012b ar irden\u0101m ce\u013ca virsm\u0101m &#8211; sniegu, granti vai smilt\u012bm.\u00a0<\/span><\/span><\/p>\n<p><span style=\"font-family: Times New Roman, serif;\"><span style=\"font-size: medium;\"><strong><span style=\"color: #c9211e;\"><span style=\"font-family: Arial, serif;\">Trazano<\/span><\/span><\/strong><strong><span style=\"color: #c9211e;\"><span style=\"font-family: Arial, serif;\"> SW61<\/span><\/span><\/strong><strong><span style=\"color: #c9211e;\"><span style=\"font-family: Arial, serif;\">2<\/span><\/span><\/strong><span style=\"color: #c9211e;\"><span style=\"font-family: Arial, serif;\"> mode\u013ca lieto\u0161anas dro\u0161\u012bbu ziemas laika apst\u0101k\u013cos un t\u0101 atbilst\u012bbu valst\u012bm ar oblig\u0101tu sezon\u0101lo riepu mai\u0146u apstiprina mar\u0137\u0113jums sniegp\u0101rslas form\u0101 uz kalna fona ar trim virsotn\u0113m (3PMSF). <\/span><\/span><\/span><\/span><\/p>\n","protected":false},"excerpt":{"rendered":"<p><span style=\"color: #000000;\"><span style=\"font-family: Arial, serif;\"><b>Trazano<\/b><\/span><\/span><span style=\"color: #000000;\"><span style=\"font-family: Arial, serif;\"><b> SW612 <\/b><\/span><\/span><span style=\"color: #000000;\"><span style=\"font-family: Arial, serif;\">ir labs vissezonas komerctransporta riepu modelis. Izce\u013cas ar palielin\u0101tu kravnes\u012bbu, nodilumiztur\u012bbu un sa\u0137eres \u012bpa\u0161\u012bb\u0101m gan vasaras, gan ziemas brauk\u0161anas apst\u0101k\u013cos.<\/span><\/span><\/p>\n","protected":false},"featured_media":793440,"template":"","meta":{"_acf_changed":false,"ngg_post_thumbnail":0},"product_brand":[],"product_cat":[47,45],"product_tag":[],"class_list":{"0":"post-791562","1":"product","2":"type-product","3":"status-publish","4":"has-post-thumbnail","6":"product_cat-vissezonas-riepas","7":"product_cat-ziemas-riepas","9":"first","10":"outofstock","11":"sale","12":"taxable","13":"shipping-taxable","14":"product-type-simple"},"acf":[],"yoast_head":"<!-- This site is optimized with the Yoast SEO Premium plugin v22.6 (Yoast SEO v27.3) - https:\/\/yoast.com\/product\/yoast-seo-premium-wordpress\/ -->\n<title>185\/80R14C Trazano SW612 102\/100R &#8226; MMK Riepas<\/title>\n<meta name=\"robots\" content=\"index, follow, max-snippet:-1, max-image-preview:large, max-video-preview:-1\" \/>\n<link rel=\"canonical\" href=\"https:\/\/mmkriepas.lv\/en\/p\/185-80r14c-trazano-sw612-102-100r\/\" \/>\n<meta property=\"og:locale\" content=\"en_US\" \/>\n<meta property=\"og:type\" content=\"article\" \/>\n<meta property=\"og:title\" content=\"185\/80R14C Trazano SW612 102\/100R\" \/>\n<meta property=\"og:description\" content=\"Trazano SW612 ir labs vissezonas komerctransporta riepu modelis. Izce\u013cas ar palielin\u0101tu kravnes\u012bbu, nodilumiztur\u012bbu un sa\u0137eres \u012bpa\u0161\u012bb\u0101m gan vasaras, gan ziemas brauk\u0161anas apst\u0101k\u013cos.\" \/>\n<meta property=\"og:url\" content=\"https:\/\/mmkriepas.lv\/en\/p\/185-80r14c-trazano-sw612-102-100r\/\" \/>\n<meta property=\"og:site_name\" content=\"MMK Riepas\" \/>\n<meta property=\"article:publisher\" content=\"https:\/\/www.facebook.com\/mmkserviss\/\" \/>\n<meta property=\"article:modified_time\" content=\"2025-10-31T16:09:20+00:00\" \/>\n<meta property=\"og:image\" content=\"https:\/\/mmkriepas.lv\/wp-content\/uploads\/2023\/09\/18580r14c-trazano-sw612-102100r-ziemas-riepas.jpg\" \/>\n\t<meta property=\"og:image:width\" content=\"1920\" \/>\n\t<meta property=\"og:image:height\" content=\"1920\" \/>\n\t<meta property=\"og:image:type\" content=\"image\/jpeg\" \/>\n<meta name=\"twitter:card\" content=\"summary_large_image\" \/>\n<meta name=\"twitter:label1\" content=\"Price\" \/>\n\t<meta name=\"twitter:data1\" content=\"&euro;49.00\" \/>\n\t<meta name=\"twitter:label2\" content=\"Availability\" \/>\n\t<meta name=\"twitter:data2\" content=\"Out of stock\" \/>\n<script type=\"application\/ld+json\" class=\"yoast-schema-graph\">{\"@context\":\"https:\\\/\\\/schema.org\",\"@graph\":[{\"@type\":\"WebPage\",\"@id\":\"https:\\\/\\\/mmkriepas.lv\\\/en\\\/p\\\/185-80r14c-trazano-sw612-102-100r\\\/\",\"url\":\"https:\\\/\\\/mmkriepas.lv\\\/en\\\/p\\\/185-80r14c-trazano-sw612-102-100r\\\/\",\"name\":\"185\\\/80R14C Trazano SW612 102\\\/100R &#8226; MMK Riepas\",\"isPartOf\":{\"@id\":\"https:\\\/\\\/mmkriepas.lv\\\/en\\\/#website\"},\"primaryImageOfPage\":{\"@id\":\"https:\\\/\\\/mmkriepas.lv\\\/en\\\/p\\\/185-80r14c-trazano-sw612-102-100r\\\/#primaryimage\"},\"image\":{\"@id\":\"https:\\\/\\\/mmkriepas.lv\\\/en\\\/p\\\/185-80r14c-trazano-sw612-102-100r\\\/#primaryimage\"},\"thumbnailUrl\":\"https:\\\/\\\/mmkriepas.lv\\\/wp-content\\\/uploads\\\/2023\\\/09\\\/18580r14c-trazano-sw612-102100r-ziemas-riepas.jpg\",\"datePublished\":\"2023-09-21T07:41:28+00:00\",\"dateModified\":\"2025-10-31T16:09:20+00:00\",\"breadcrumb\":{\"@id\":\"https:\\\/\\\/mmkriepas.lv\\\/en\\\/p\\\/185-80r14c-trazano-sw612-102-100r\\\/#breadcrumb\"},\"inLanguage\":\"en-US\",\"potentialAction\":[{\"@type\":\"ReadAction\",\"target\":[\"https:\\\/\\\/mmkriepas.lv\\\/en\\\/p\\\/185-80r14c-trazano-sw612-102-100r\\\/\"]}]},{\"@type\":\"ImageObject\",\"inLanguage\":\"en-US\",\"@id\":\"https:\\\/\\\/mmkriepas.lv\\\/en\\\/p\\\/185-80r14c-trazano-sw612-102-100r\\\/#primaryimage\",\"url\":\"https:\\\/\\\/mmkriepas.lv\\\/wp-content\\\/uploads\\\/2023\\\/09\\\/18580r14c-trazano-sw612-102100r-ziemas-riepas.jpg\",\"contentUrl\":\"https:\\\/\\\/mmkriepas.lv\\\/wp-content\\\/uploads\\\/2023\\\/09\\\/18580r14c-trazano-sw612-102100r-ziemas-riepas.jpg\",\"width\":1920,\"height\":1920,\"caption\":\"185\\\/80R14C Trazano SW612 102\\\/100R - Vissezonas riepas \\\/ Ziemas riepas\"},{\"@type\":\"BreadcrumbList\",\"@id\":\"https:\\\/\\\/mmkriepas.lv\\\/en\\\/p\\\/185-80r14c-trazano-sw612-102-100r\\\/#breadcrumb\",\"itemListElement\":[{\"@type\":\"ListItem\",\"position\":1,\"name\":\"S\u0101kums\",\"item\":\"https:\\\/\\\/mmkriepas.lv\\\/en\\\/\"},{\"@type\":\"ListItem\",\"position\":2,\"name\":\"185\\\/80R14C Trazano SW612 102\\\/100R\"}]},{\"@type\":\"WebSite\",\"@id\":\"https:\\\/\\\/mmkriepas.lv\\\/en\\\/#website\",\"url\":\"https:\\\/\\\/mmkriepas.lv\\\/en\\\/\",\"name\":\"MMK Riepas\",\"description\":\"MMK Riepas\",\"alternateName\":\"MMK Riepu Serviss\",\"potentialAction\":[{\"@type\":\"SearchAction\",\"target\":{\"@type\":\"EntryPoint\",\"urlTemplate\":\"https:\\\/\\\/mmkriepas.lv\\\/en\\\/?s={search_term_string}\"},\"query-input\":{\"@type\":\"PropertyValueSpecification\",\"valueRequired\":true,\"valueName\":\"search_term_string\"}}],\"inLanguage\":\"en-US\"},{\"@type\":\"ImageObject\",\"inLanguage\":\"en-US\",\"@id\":\"https:\\\/\\\/mmkriepas.lv\\\/en\\\/p\\\/185-80r14c-trazano-sw612-102-100r\\\/#local-main-organization-logo\",\"url\":\"\",\"contentUrl\":\"\",\"caption\":\"MMK Riepas\"}]}<\/script>\n<meta property=\"product:brand\" content=\"Trazano SW612\" \/>\n<meta property=\"product:price:amount\" content=\"49.00\" \/>\n<meta property=\"product:price:currency\" content=\"EUR\" \/>\n<meta property=\"og:availability\" content=\"out of stock\" \/>\n<meta property=\"product:availability\" content=\"out of stock\" \/>\n<meta property=\"product:retailer_item_id\" content=\"TW1858014CTRAZA-29499\" \/>\n<meta property=\"product:condition\" content=\"new\" \/>\n<!-- \/ Yoast SEO Premium plugin. -->","yoast_head_json":{"title":"185\/80R14C Trazano SW612 102\/100R &#8226; MMK Riepas","robots":{"index":"index","follow":"follow","max-snippet":"max-snippet:-1","max-image-preview":"max-image-preview:large","max-video-preview":"max-video-preview:-1"},"canonical":"https:\/\/mmkriepas.lv\/en\/p\/185-80r14c-trazano-sw612-102-100r\/","og_locale":"en_US","og_type":"article","og_title":"185\/80R14C Trazano SW612 102\/100R","og_description":"Trazano SW612 ir labs vissezonas komerctransporta riepu modelis. Izce\u013cas ar palielin\u0101tu kravnes\u012bbu, nodilumiztur\u012bbu un sa\u0137eres \u012bpa\u0161\u012bb\u0101m gan vasaras, gan ziemas brauk\u0161anas apst\u0101k\u013cos.","og_url":"https:\/\/mmkriepas.lv\/en\/p\/185-80r14c-trazano-sw612-102-100r\/","og_site_name":"MMK Riepas","article_publisher":"https:\/\/www.facebook.com\/mmkserviss\/","article_modified_time":"2025-10-31T16:09:20+00:00","og_image":[{"width":1920,"height":1920,"url":"https:\/\/mmkriepas.lv\/wp-content\/uploads\/2023\/09\/18580r14c-trazano-sw612-102100r-ziemas-riepas.jpg","type":"image\/jpeg"}],"twitter_card":"summary_large_image","twitter_misc":{"Price":"&euro;49.00","Availability":"Out of stock"},"schema":{"@context":"https:\/\/schema.org","@graph":[{"@type":"WebPage","@id":"https:\/\/mmkriepas.lv\/en\/p\/185-80r14c-trazano-sw612-102-100r\/","url":"https:\/\/mmkriepas.lv\/en\/p\/185-80r14c-trazano-sw612-102-100r\/","name":"185\/80R14C Trazano SW612 102\/100R &#8226; MMK Riepas","isPartOf":{"@id":"https:\/\/mmkriepas.lv\/en\/#website"},"primaryImageOfPage":{"@id":"https:\/\/mmkriepas.lv\/en\/p\/185-80r14c-trazano-sw612-102-100r\/#primaryimage"},"image":{"@id":"https:\/\/mmkriepas.lv\/en\/p\/185-80r14c-trazano-sw612-102-100r\/#primaryimage"},"thumbnailUrl":"https:\/\/mmkriepas.lv\/wp-content\/uploads\/2023\/09\/18580r14c-trazano-sw612-102100r-ziemas-riepas.jpg","datePublished":"2023-09-21T07:41:28+00:00","dateModified":"2025-10-31T16:09:20+00:00","breadcrumb":{"@id":"https:\/\/mmkriepas.lv\/en\/p\/185-80r14c-trazano-sw612-102-100r\/#breadcrumb"},"inLanguage":"en-US","potentialAction":[{"@type":"ReadAction","target":["https:\/\/mmkriepas.lv\/en\/p\/185-80r14c-trazano-sw612-102-100r\/"]}]},{"@type":"ImageObject","inLanguage":"en-US","@id":"https:\/\/mmkriepas.lv\/en\/p\/185-80r14c-trazano-sw612-102-100r\/#primaryimage","url":"https:\/\/mmkriepas.lv\/wp-content\/uploads\/2023\/09\/18580r14c-trazano-sw612-102100r-ziemas-riepas.jpg","contentUrl":"https:\/\/mmkriepas.lv\/wp-content\/uploads\/2023\/09\/18580r14c-trazano-sw612-102100r-ziemas-riepas.jpg","width":1920,"height":1920,"caption":"185\/80R14C Trazano SW612 102\/100R - Vissezonas riepas \/ Ziemas riepas"},{"@type":"BreadcrumbList","@id":"https:\/\/mmkriepas.lv\/en\/p\/185-80r14c-trazano-sw612-102-100r\/#breadcrumb","itemListElement":[{"@type":"ListItem","position":1,"name":"S\u0101kums","item":"https:\/\/mmkriepas.lv\/en\/"},{"@type":"ListItem","position":2,"name":"185\/80R14C Trazano SW612 102\/100R"}]},{"@type":"WebSite","@id":"https:\/\/mmkriepas.lv\/en\/#website","url":"https:\/\/mmkriepas.lv\/en\/","name":"MMK Riepas","description":"MMK Riepas","alternateName":"MMK Riepu Serviss","potentialAction":[{"@type":"SearchAction","target":{"@type":"EntryPoint","urlTemplate":"https:\/\/mmkriepas.lv\/en\/?s={search_term_string}"},"query-input":{"@type":"PropertyValueSpecification","valueRequired":true,"valueName":"search_term_string"}}],"inLanguage":"en-US"},{"@type":"ImageObject","inLanguage":"en-US","@id":"https:\/\/mmkriepas.lv\/en\/p\/185-80r14c-trazano-sw612-102-100r\/#local-main-organization-logo","url":"","contentUrl":"","caption":"MMK Riepas"}]},"product_brand":"Trazano SW612","product_price_amount":"49.00","product_price_currency":"EUR","og_availability":"out of stock","product_availability":"out of stock","product_retailer_item_id":"TW1858014CTRAZA-29499","product_condition":"new"},"_links":{"self":[{"href":"https:\/\/mmkriepas.lv\/en\/wp-json\/wp\/v2\/product\/791562","targetHints":{"allow":["GET"]}}],"collection":[{"href":"https:\/\/mmkriepas.lv\/en\/wp-json\/wp\/v2\/product"}],"about":[{"href":"https:\/\/mmkriepas.lv\/en\/wp-json\/wp\/v2\/types\/product"}],"wp:featuredmedia":[{"embeddable":true,"href":"https:\/\/mmkriepas.lv\/en\/wp-json\/wp\/v2\/media\/793440"}],"wp:attachment":[{"href":"https:\/\/mmkriepas.lv\/en\/wp-json\/wp\/v2\/media?parent=791562"}],"wp:term":[{"taxonomy":"product_brand","embeddable":true,"href":"https:\/\/mmkriepas.lv\/en\/wp-json\/wp\/v2\/product_brand?post=791562"},{"taxonomy":"product_cat","embeddable":true,"href":"https:\/\/mmkriepas.lv\/en\/wp-json\/wp\/v2\/product_cat?post=791562"},{"taxonomy":"product_tag","embeddable":true,"href":"https:\/\/mmkriepas.lv\/en\/wp-json\/wp\/v2\/product_tag?post=791562"}],"curies":[{"name":"wp","href":"https:\/\/api.w.org\/{rel}","templated":true}]}}