{"id":789258,"date":"2023-09-18T10:27:46","date_gmt":"2023-09-18T07:27:46","guid":{"rendered":"https:\/\/mmkserviss.lv\/?post_type=product&#038;p=789258"},"modified":"2026-03-30T14:40:36","modified_gmt":"2026-03-30T11:40:36","slug":"255-55r20-maxxis-allseason-ap3-suv-110w-xl","status":"publish","type":"product","link":"https:\/\/mmkriepas.lv\/en\/p\/255-55r20-maxxis-allseason-ap3-suv-110w-xl\/","title":{"rendered":"255\/55R20 Maxxis Premitra All Season AP3 SUV 110W XL"},"content":{"rendered":"<p class=\"western\" align=\"left\"><span style=\"color: #ff0000;\"><span style=\"font-family: Arial, serif;\"><span style=\"font-size: large;\"><strong><span style=\"color: #000000;\"><span style=\"font-family: Arial, sans-serif;\"><span style=\"font-size: small;\">Maxxis Premitra All Season AP3<\/span><\/span><\/span><\/strong><span style=\"color: #000000;\"><span style=\"font-family: Arial, sans-serif;\"><span style=\"font-size: small;\"> ir teicamas kvalit\u0101tes, vid\u0113j\u0101s klases vissezonas riepu modelis. Tas izce\u013cas ar teicamiem sa\u0137eres, manevr\u0113tsp\u0113jas, nodilumiztur\u012bbas un brauk\u0161anas komforta r\u0101d\u012bt\u0101jiem gan uz sausa un slapja asfalta, gan m\u0113renas ziemas apst\u0101k\u013cos. \u0160is riepu modelis pieejams izm\u0113ru kl\u0101st\u0101 no R13 l\u012bdz R19 un paredz\u0113ts gan kompaktklases un vid\u0113ja izm\u0113ra automa\u0161\u012bn\u0101m, gan ar\u012b krosoveriem.<\/span><\/span><\/span><\/span><\/span><\/span><\/p>\n<h3 class=\"western\" align=\"left\"><strong><span style=\"color: #000000;\"><span style=\"font-family: Arial, sans-serif;\"><span style=\"font-size: small;\">Maxxis <\/span><\/span><\/span><\/strong><strong><span style=\"color: #000000;\"><span style=\"font-family: Arial, sans-serif;\"><span style=\"font-size: small;\">Premitra <\/span><\/span><\/span><\/strong><strong><span style=\"color: #000000;\"><span style=\"font-family: Arial, sans-serif;\"><span style=\"font-size: small;\">All <\/span><\/span><\/span><\/strong><strong><span style=\"color: #000000;\"><span style=\"font-family: Arial, sans-serif;\"><span style=\"font-size: small;\">S<\/span><\/span><\/span><\/strong><strong><span style=\"color: #000000;\"><span style=\"font-family: Arial, sans-serif;\"><span style=\"font-size: small;\">eason AP3 galven\u0101s \u012bpa\u0161\u012bbas<\/span><\/span><\/span><\/strong><\/h3>\n<p class=\"western\" align=\"left\"><span style=\"font-family: Arial, sans-serif;\"><span style=\"font-size: small;\">+ Laba sa\u0137ere un manevr\u0113tsp\u0113ja gan uz sausa un slapja asfalta, gan m\u0113renas ziemas brauk\u0161anas apst\u0101k\u013cos.<br \/>+ Zems akvaplan\u0113\u0161anas risks pat liel\u0101 brauk\u0161anas \u0101trum\u0101, pateicoties virzienveida protektora rakstam.<br \/>+ Augsta nodilumiztur\u012bba.<br \/>+ Degvielas ekonomija.<br \/>+ Augsts brauk\u0161anas komforts, zems trok\u0161\u0146a l\u012bmenis.<\/span><\/span><\/p>\n<h3 class=\"western\" align=\"left\"><span style=\"color: #ff0000;\"><span style=\"font-family: Arial, serif;\"><span style=\"font-size: large;\"><strong><span style=\"color: #000000;\"><span style=\"font-family: Arial, sans-serif;\"><span style=\"font-size: small;\">Premitra All Season AP3 apr\u012bkojums<\/span><\/span><\/span><\/strong><\/span><\/span><\/span><\/h3>\n<p class=\"western\" align=\"left\"><strong><span style=\"color: #000000;\"><span style=\"font-family: Arial, sans-serif;\"><span style=\"font-size: small;\">Maxxis <\/span><\/span><\/span><\/strong><strong><span style=\"color: #000000;\"><span style=\"font-family: Arial, sans-serif;\"><span style=\"font-size: small;\">Premitra <\/span><\/span><\/span><\/strong><strong><span style=\"color: #000000;\"><span style=\"font-family: Arial, sans-serif;\"><span style=\"font-size: small;\">All <\/span><\/span><\/span><\/strong><strong><span style=\"color: #000000;\"><span style=\"font-family: Arial, sans-serif;\"><span style=\"font-size: small;\">S<\/span><\/span><\/span><\/strong><strong><span style=\"color: #000000;\"><span style=\"font-family: Arial, sans-serif;\"><span style=\"font-size: small;\">eason AP3\u00a0<\/span><\/span><\/span><\/strong><span style=\"color: #000000;\"><span style=\"font-family: Arial, sans-serif;\"><span style=\"font-size: small;\">vissezonas riepas apr\u012bkotas ar uzlabotu virzienveida protektora rakstu. \u0160\u0101ds dizains sev\u012b apvieno labus dro\u0161\u012bbas r\u0101d\u012bt\u0101jus pla\u0161\u0101 brauk\u0161anas apst\u0101k\u013cu spektr\u0101. Tas lieliski izvada \u016bdeni no protektora sa\u0137eres virsmas ar ce\u013cu, samazinot akvaplan\u0113\u0161anas risku, un veicina brauk\u0161anas uzs\u0101k\u0161anu snieg\u0101 un slapjdra\u0146\u0137\u012b.<\/span><\/span><\/span><\/p>\n<p class=\"western\" align=\"left\"><span style=\"font-family: Arial, sans-serif;\"><span style=\"font-size: small;\">V-veid\u0101 izvietotajos protektora blokos iestr\u0101d\u0101tas lameles. T\u0101s veicina sa\u0137eri un sa\u012bsina bremz\u0113\u0161anas ce\u013cu gan uz sabliet\u0113ta sniega, gan ar\u012b apledoju\u0161\u0101m ce\u013ca virsm\u0101m. Tas padara \u0161o riepu modeli piem\u0113rotu tiem autobrauc\u0113jiem, kas ziem\u0101 p\u0101rvietojas pa pils\u0113tu un \u0161oseju.<\/span><\/span><\/p>\n","protected":false},"excerpt":{"rendered":"<p><span style=\"color: #ff0000;\"><span style=\"font-family: Arial, serif;\"><span style=\"font-size: large;\"><strong><span style=\"color: #000000;\"><span style=\"font-family: Arial, sans-serif;\"><span style=\"font-size: small;\">Maxxis Premitra All Season AP3<\/span><\/span><\/span><\/strong><span style=\"color: #000000;\"><span style=\"font-family: Arial, sans-serif;\"><span style=\"font-size: small;\"> ir teicamas kvalit\u0101tes, vid\u0113j\u0101s klases vissezonas riepu modelis. Tas izce\u013cas ar teicamiem sa\u0137eres, manevr\u0113tsp\u0113jas, nodilumiztur\u012bbas un brauk\u0161anas komforta r\u0101d\u012bt\u0101jiem gan uz sausa un slapja asfalta, gan m\u0113renas ziemas apst\u0101k\u013cos. \u0160is riepu modelis pieejams izm\u0113ru kl\u0101st\u0101 no R13 l\u012bdz R19 un paredz\u0113ts gan kompaktklases un vid\u0113ja izm\u0113ra automa\u0161\u012bn\u0101m, gan ar\u012b krosoveriem.<\/span><\/span><\/span><\/span><\/span><\/span><\/p>\n","protected":false},"featured_media":905529,"template":"","meta":{"_acf_changed":false,"ngg_post_thumbnail":0},"product_brand":[],"product_cat":[47,45],"product_tag":[],"class_list":{"0":"post-789258","1":"product","2":"type-product","3":"status-publish","4":"has-post-thumbnail","6":"product_cat-vissezonas-riepas","7":"product_cat-ziemas-riepas","9":"first","10":"instock","11":"sale","12":"taxable","13":"shipping-taxable","14":"purchasable","15":"product-type-simple"},"acf":[],"yoast_head":"<!-- This site is optimized with the Yoast SEO Premium plugin v22.6 (Yoast SEO v27.3) - https:\/\/yoast.com\/product\/yoast-seo-premium-wordpress\/ -->\n<title>255\/55R20 Maxxis Premitra All Season AP3 SUV 110W XL &#8226; MMK Riepas<\/title>\n<meta name=\"robots\" content=\"index, follow, max-snippet:-1, max-image-preview:large, max-video-preview:-1\" \/>\n<link rel=\"canonical\" href=\"https:\/\/mmkriepas.lv\/en\/p\/255-55r20-maxxis-allseason-ap3-suv-110w-xl\/\" \/>\n<meta property=\"og:locale\" content=\"en_US\" \/>\n<meta property=\"og:type\" content=\"article\" \/>\n<meta property=\"og:title\" content=\"255\/55R20 Maxxis Premitra All Season AP3 SUV 110W XL\" \/>\n<meta property=\"og:description\" content=\"Maxxis Premitra All Season AP3 ir teicamas kvalit\u0101tes, vid\u0113j\u0101s klases vissezonas riepu modelis. Tas izce\u013cas ar teicamiem sa\u0137eres, manevr\u0113tsp\u0113jas, nodilumiztur\u012bbas un brauk\u0161anas komforta r\u0101d\u012bt\u0101jiem gan uz sausa un slapja asfalta, gan m\u0113renas ziemas apst\u0101k\u013cos. \u0160is riepu modelis pieejams izm\u0113ru kl\u0101st\u0101 no R13 l\u012bdz R19 un paredz\u0113ts gan kompaktklases un vid\u0113ja izm\u0113ra automa\u0161\u012bn\u0101m, gan ar\u012b krosoveriem.\" \/>\n<meta property=\"og:url\" content=\"https:\/\/mmkriepas.lv\/en\/p\/255-55r20-maxxis-allseason-ap3-suv-110w-xl\/\" \/>\n<meta property=\"og:site_name\" content=\"MMK Riepas\" \/>\n<meta property=\"article:publisher\" content=\"https:\/\/www.facebook.com\/mmkserviss\/\" \/>\n<meta property=\"article:modified_time\" content=\"2026-03-30T11:40:36+00:00\" \/>\n<meta property=\"og:image\" content=\"https:\/\/mmkriepas.lv\/wp-content\/uploads\/2024\/05\/maxxis-premitra-all-season-ap3.jpg\" \/>\n\t<meta property=\"og:image:width\" content=\"900\" \/>\n\t<meta property=\"og:image:height\" content=\"720\" \/>\n\t<meta property=\"og:image:type\" content=\"image\/jpeg\" \/>\n<meta name=\"twitter:card\" content=\"summary_large_image\" \/>\n<meta name=\"twitter:label1\" content=\"Price\" \/>\n\t<meta name=\"twitter:data1\" content=\"&euro;153.00\" \/>\n\t<meta name=\"twitter:label2\" content=\"Availability\" \/>\n\t<meta name=\"twitter:data2\" content=\"In stock\" \/>\n<script type=\"application\/ld+json\" class=\"yoast-schema-graph\">{\"@context\":\"https:\\\/\\\/schema.org\",\"@graph\":[{\"@type\":\"WebPage\",\"@id\":\"https:\\\/\\\/mmkriepas.lv\\\/en\\\/p\\\/255-55r20-maxxis-allseason-ap3-suv-110w-xl\\\/\",\"url\":\"https:\\\/\\\/mmkriepas.lv\\\/en\\\/p\\\/255-55r20-maxxis-allseason-ap3-suv-110w-xl\\\/\",\"name\":\"255\\\/55R20 Maxxis Premitra All Season AP3 SUV 110W XL &#8226; MMK Riepas\",\"isPartOf\":{\"@id\":\"https:\\\/\\\/mmkriepas.lv\\\/en\\\/#website\"},\"primaryImageOfPage\":{\"@id\":\"https:\\\/\\\/mmkriepas.lv\\\/en\\\/p\\\/255-55r20-maxxis-allseason-ap3-suv-110w-xl\\\/#primaryimage\"},\"image\":{\"@id\":\"https:\\\/\\\/mmkriepas.lv\\\/en\\\/p\\\/255-55r20-maxxis-allseason-ap3-suv-110w-xl\\\/#primaryimage\"},\"thumbnailUrl\":\"https:\\\/\\\/mmkriepas.lv\\\/wp-content\\\/uploads\\\/2024\\\/05\\\/maxxis-premitra-all-season-ap3.jpg\",\"datePublished\":\"2023-09-18T07:27:46+00:00\",\"dateModified\":\"2026-03-30T11:40:36+00:00\",\"breadcrumb\":{\"@id\":\"https:\\\/\\\/mmkriepas.lv\\\/en\\\/p\\\/255-55r20-maxxis-allseason-ap3-suv-110w-xl\\\/#breadcrumb\"},\"inLanguage\":\"en-US\",\"potentialAction\":[{\"@type\":\"ReadAction\",\"target\":[\"https:\\\/\\\/mmkriepas.lv\\\/en\\\/p\\\/255-55r20-maxxis-allseason-ap3-suv-110w-xl\\\/\"]}]},{\"@type\":\"ImageObject\",\"inLanguage\":\"en-US\",\"@id\":\"https:\\\/\\\/mmkriepas.lv\\\/en\\\/p\\\/255-55r20-maxxis-allseason-ap3-suv-110w-xl\\\/#primaryimage\",\"url\":\"https:\\\/\\\/mmkriepas.lv\\\/wp-content\\\/uploads\\\/2024\\\/05\\\/maxxis-premitra-all-season-ap3.jpg\",\"contentUrl\":\"https:\\\/\\\/mmkriepas.lv\\\/wp-content\\\/uploads\\\/2024\\\/05\\\/maxxis-premitra-all-season-ap3.jpg\",\"width\":900,\"height\":720,\"caption\":\"MAIN\"},{\"@type\":\"BreadcrumbList\",\"@id\":\"https:\\\/\\\/mmkriepas.lv\\\/en\\\/p\\\/255-55r20-maxxis-allseason-ap3-suv-110w-xl\\\/#breadcrumb\",\"itemListElement\":[{\"@type\":\"ListItem\",\"position\":1,\"name\":\"S\u0101kums\",\"item\":\"https:\\\/\\\/mmkriepas.lv\\\/en\\\/\"},{\"@type\":\"ListItem\",\"position\":2,\"name\":\"255\\\/55R20 Maxxis Premitra All Season AP3 SUV 110W XL\"}]},{\"@type\":\"WebSite\",\"@id\":\"https:\\\/\\\/mmkriepas.lv\\\/en\\\/#website\",\"url\":\"https:\\\/\\\/mmkriepas.lv\\\/en\\\/\",\"name\":\"MMK Riepas\",\"description\":\"MMK Riepas\",\"alternateName\":\"MMK Riepu Serviss\",\"potentialAction\":[{\"@type\":\"SearchAction\",\"target\":{\"@type\":\"EntryPoint\",\"urlTemplate\":\"https:\\\/\\\/mmkriepas.lv\\\/en\\\/?s={search_term_string}\"},\"query-input\":{\"@type\":\"PropertyValueSpecification\",\"valueRequired\":true,\"valueName\":\"search_term_string\"}}],\"inLanguage\":\"en-US\"},{\"@type\":\"ImageObject\",\"inLanguage\":\"en-US\",\"@id\":\"https:\\\/\\\/mmkriepas.lv\\\/en\\\/p\\\/255-55r20-maxxis-allseason-ap3-suv-110w-xl\\\/#local-main-organization-logo\",\"url\":\"\",\"contentUrl\":\"\",\"caption\":\"MMK Riepas\"}]}<\/script>\n<meta property=\"product:brand\" content=\"Maxxis Premitra All Season AP3\" \/>\n<meta property=\"product:price:amount\" content=\"153.00\" \/>\n<meta property=\"product:price:currency\" content=\"EUR\" \/>\n<meta property=\"og:availability\" content=\"instock\" \/>\n<meta property=\"product:availability\" content=\"instock\" \/>\n<meta property=\"product:retailer_item_id\" content=\"TW2555520MAXXI-L29394\" \/>\n<meta property=\"product:condition\" content=\"new\" \/>\n<!-- \/ Yoast SEO Premium plugin. -->","yoast_head_json":{"title":"255\/55R20 Maxxis Premitra All Season AP3 SUV 110W XL &#8226; MMK Riepas","robots":{"index":"index","follow":"follow","max-snippet":"max-snippet:-1","max-image-preview":"max-image-preview:large","max-video-preview":"max-video-preview:-1"},"canonical":"https:\/\/mmkriepas.lv\/en\/p\/255-55r20-maxxis-allseason-ap3-suv-110w-xl\/","og_locale":"en_US","og_type":"article","og_title":"255\/55R20 Maxxis Premitra All Season AP3 SUV 110W XL","og_description":"Maxxis Premitra All Season AP3 ir teicamas kvalit\u0101tes, vid\u0113j\u0101s klases vissezonas riepu modelis. Tas izce\u013cas ar teicamiem sa\u0137eres, manevr\u0113tsp\u0113jas, nodilumiztur\u012bbas un brauk\u0161anas komforta r\u0101d\u012bt\u0101jiem gan uz sausa un slapja asfalta, gan m\u0113renas ziemas apst\u0101k\u013cos. \u0160is riepu modelis pieejams izm\u0113ru kl\u0101st\u0101 no R13 l\u012bdz R19 un paredz\u0113ts gan kompaktklases un vid\u0113ja izm\u0113ra automa\u0161\u012bn\u0101m, gan ar\u012b krosoveriem.","og_url":"https:\/\/mmkriepas.lv\/en\/p\/255-55r20-maxxis-allseason-ap3-suv-110w-xl\/","og_site_name":"MMK Riepas","article_publisher":"https:\/\/www.facebook.com\/mmkserviss\/","article_modified_time":"2026-03-30T11:40:36+00:00","og_image":[{"width":900,"height":720,"url":"https:\/\/mmkriepas.lv\/wp-content\/uploads\/2024\/05\/maxxis-premitra-all-season-ap3.jpg","type":"image\/jpeg"}],"twitter_card":"summary_large_image","twitter_misc":{"Price":"&euro;153.00","Availability":"In stock"},"schema":{"@context":"https:\/\/schema.org","@graph":[{"@type":"WebPage","@id":"https:\/\/mmkriepas.lv\/en\/p\/255-55r20-maxxis-allseason-ap3-suv-110w-xl\/","url":"https:\/\/mmkriepas.lv\/en\/p\/255-55r20-maxxis-allseason-ap3-suv-110w-xl\/","name":"255\/55R20 Maxxis Premitra All Season AP3 SUV 110W XL &#8226; MMK Riepas","isPartOf":{"@id":"https:\/\/mmkriepas.lv\/en\/#website"},"primaryImageOfPage":{"@id":"https:\/\/mmkriepas.lv\/en\/p\/255-55r20-maxxis-allseason-ap3-suv-110w-xl\/#primaryimage"},"image":{"@id":"https:\/\/mmkriepas.lv\/en\/p\/255-55r20-maxxis-allseason-ap3-suv-110w-xl\/#primaryimage"},"thumbnailUrl":"https:\/\/mmkriepas.lv\/wp-content\/uploads\/2024\/05\/maxxis-premitra-all-season-ap3.jpg","datePublished":"2023-09-18T07:27:46+00:00","dateModified":"2026-03-30T11:40:36+00:00","breadcrumb":{"@id":"https:\/\/mmkriepas.lv\/en\/p\/255-55r20-maxxis-allseason-ap3-suv-110w-xl\/#breadcrumb"},"inLanguage":"en-US","potentialAction":[{"@type":"ReadAction","target":["https:\/\/mmkriepas.lv\/en\/p\/255-55r20-maxxis-allseason-ap3-suv-110w-xl\/"]}]},{"@type":"ImageObject","inLanguage":"en-US","@id":"https:\/\/mmkriepas.lv\/en\/p\/255-55r20-maxxis-allseason-ap3-suv-110w-xl\/#primaryimage","url":"https:\/\/mmkriepas.lv\/wp-content\/uploads\/2024\/05\/maxxis-premitra-all-season-ap3.jpg","contentUrl":"https:\/\/mmkriepas.lv\/wp-content\/uploads\/2024\/05\/maxxis-premitra-all-season-ap3.jpg","width":900,"height":720,"caption":"MAIN"},{"@type":"BreadcrumbList","@id":"https:\/\/mmkriepas.lv\/en\/p\/255-55r20-maxxis-allseason-ap3-suv-110w-xl\/#breadcrumb","itemListElement":[{"@type":"ListItem","position":1,"name":"S\u0101kums","item":"https:\/\/mmkriepas.lv\/en\/"},{"@type":"ListItem","position":2,"name":"255\/55R20 Maxxis Premitra All Season AP3 SUV 110W XL"}]},{"@type":"WebSite","@id":"https:\/\/mmkriepas.lv\/en\/#website","url":"https:\/\/mmkriepas.lv\/en\/","name":"MMK Riepas","description":"MMK Riepas","alternateName":"MMK Riepu Serviss","potentialAction":[{"@type":"SearchAction","target":{"@type":"EntryPoint","urlTemplate":"https:\/\/mmkriepas.lv\/en\/?s={search_term_string}"},"query-input":{"@type":"PropertyValueSpecification","valueRequired":true,"valueName":"search_term_string"}}],"inLanguage":"en-US"},{"@type":"ImageObject","inLanguage":"en-US","@id":"https:\/\/mmkriepas.lv\/en\/p\/255-55r20-maxxis-allseason-ap3-suv-110w-xl\/#local-main-organization-logo","url":"","contentUrl":"","caption":"MMK Riepas"}]},"product_brand":"Maxxis Premitra All Season AP3","product_price_amount":"153.00","product_price_currency":"EUR","og_availability":"instock","product_availability":"instock","product_retailer_item_id":"TW2555520MAXXI-L29394","product_condition":"new"},"_links":{"self":[{"href":"https:\/\/mmkriepas.lv\/en\/wp-json\/wp\/v2\/product\/789258","targetHints":{"allow":["GET"]}}],"collection":[{"href":"https:\/\/mmkriepas.lv\/en\/wp-json\/wp\/v2\/product"}],"about":[{"href":"https:\/\/mmkriepas.lv\/en\/wp-json\/wp\/v2\/types\/product"}],"wp:featuredmedia":[{"embeddable":true,"href":"https:\/\/mmkriepas.lv\/en\/wp-json\/wp\/v2\/media\/905529"}],"wp:attachment":[{"href":"https:\/\/mmkriepas.lv\/en\/wp-json\/wp\/v2\/media?parent=789258"}],"wp:term":[{"taxonomy":"product_brand","embeddable":true,"href":"https:\/\/mmkriepas.lv\/en\/wp-json\/wp\/v2\/product_brand?post=789258"},{"taxonomy":"product_cat","embeddable":true,"href":"https:\/\/mmkriepas.lv\/en\/wp-json\/wp\/v2\/product_cat?post=789258"},{"taxonomy":"product_tag","embeddable":true,"href":"https:\/\/mmkriepas.lv\/en\/wp-json\/wp\/v2\/product_tag?post=789258"}],"curies":[{"name":"wp","href":"https:\/\/api.w.org\/{rel}","templated":true}]}}