{"id":789246,"date":"2023-09-18T10:27:19","date_gmt":"2023-09-18T07:27:19","guid":{"rendered":"https:\/\/mmkserviss.lv\/?post_type=product&#038;p=789246"},"modified":"2026-03-30T14:10:23","modified_gmt":"2026-03-30T11:10:23","slug":"215-50r18-westlake-sw628-92h-2","status":"publish","type":"product","link":"https:\/\/mmkriepas.lv\/en\/p\/215-50r18-westlake-sw628-92h-2\/","title":{"rendered":"215\/50R18 Westlake SW628 92H"},"content":{"rendered":"<p class=\"western\" align=\"left\"><span style=\"font-family: Arial, sans-serif;\"><span style=\"font-size: small;\"><b><span>Westlake SW628<\/span><\/b><span> ir Skandin\u0101vijas tipa ziemas riepu modelis ar asimetrisku protektora rakstu. Tas izce\u013cas ar paaugstin\u0101tu veiktsp\u0113ju skarbos brauk\u0161anas apst\u0101k\u013cos, k\u0101 ar\u012b pazemin\u0101tu degvielas pat\u0113ri\u0146u un trok\u0161\u0146a l\u012bmeni.<\/span><\/span><\/span><\/p>\n<h3 class=\"western\" align=\"left\"><span style=\"font-family: Arial, sans-serif;\"><b><span>Westlake SW628 galven\u0101s iez\u012bmes:<\/span><\/b><\/span><\/h3>\n<p class=\"western\" align=\"left\"><span style=\"font-family: Arial, sans-serif;\"><span>+ Zems trok\u0161\u0146a l\u012bmenis,<br \/>+ Palielin\u0101ta nodilumiztur\u012bba,<br \/>+ Pazemin\u0101ta rites pretest\u012bba, kas rezult\u0113jas zem\u0101k\u0101 degvielas pat\u0113ri\u0146\u0101,<br \/>+ Lieliska sa\u0137ere un manevr\u0113tsp\u0113ja gan snieg\u0101, gan uz ledus,<br \/>+ Uzlabots riepu gumijas sast\u0101vs.<\/span><\/span><\/p>\n<h3 class=\"western\" align=\"left\"><span style=\"font-family: Arial, sans-serif;\"><b><span>SW628 apr\u012bkojums<\/span><\/b><\/span><\/h3>\n<p class=\"western\" align=\"left\"><span style=\"font-family: Arial, sans-serif;\"><b><span>Westlake<\/span><\/b><b><span> SW628<\/span><\/b><span> riepas apr\u012bkotas ar asimetrisku protektora rakstu, kas vienlaikus lieliski izvada sniegu un \u016bdeni no kontakta virsmas, samazinot akvaplan\u0113\u0161anas risku, un samazina trok\u0161\u0146a l\u012bmeni.<\/span><\/span><\/p>\n<p class=\"western\" align=\"left\"><span style=\"font-family: Arial, sans-serif;\"><span>SW628 izgatavotas no \u012bpa\u0161i augstv\u0113rt\u012bga kompoz\u012btmateri\u0101la, kas nezaud\u0113 elast\u012bbu zem\u0101 gaisa temperat\u016br\u0101, nodro\u0161inot sa\u0137eri pat skarbos ziemas brauk\u0161anas apst\u0101k\u013cos.<\/span><\/span><\/p>\n<p class=\"western\" align=\"left\"><span style=\"font-family: Arial, sans-serif;\"><span>Riepas protektora blokos iestr\u0101d\u0101tas lameles, kas sausina riepas kontakta virsmu ar ce\u013cu, b\u016btiski uzlabojot sa\u0137eri ar ledu, k\u0101 ar\u012b ar kant\u0113m ie\u0137eras ledus virsm\u0101.<\/span><\/span><\/p>\n<p class=\"western\"><strong><span style=\"color: #ff0000;\"><span style=\"font-family: Arial, serif;\">Westlake SW6<\/span><\/span><\/strong><strong><span style=\"color: #ff0000;\"><span style=\"font-family: Arial, serif;\">28<\/span><\/span><\/strong><span style=\"color: #ff0000;\"><span style=\"font-family: Arial, serif;\"> mode\u013ca lieto\u0161anas dro\u0161\u012bbu ziemas laika apst\u0101k\u013cos un t\u0101 atbilst\u012bbu valst\u012bm ar oblig\u0101tu sezon\u0101lo riepu mai\u0146u apstiprina mar\u0137\u0113jums sniegp\u0101rslas form\u0101 uz kalna fona ar trim virsotn\u0113m (3PMSF). <\/span><\/span><\/p>\n","protected":false},"excerpt":{"rendered":"<p><span style=\"font-family: Arial, sans-serif;\"><span style=\"font-size: small;\"><b><span>Westlake SW628<\/span><\/b><span> ir Skandin\u0101vijas tipa ziemas riepu modelis ar asimetrisku protektora rakstu. Tas izce\u013cas ar paaugstin\u0101tu veiktsp\u0113ju skarbos brauk\u0161anas apst\u0101k\u013cos, k\u0101 ar\u012b pazemin\u0101tu degvielas pat\u0113ri\u0146u un trok\u0161\u0146a l\u012bmeni.<\/span><\/span><\/span><\/p>\n","protected":false},"featured_media":822462,"template":"","meta":{"_acf_changed":false,"ngg_post_thumbnail":0},"product_brand":[],"product_cat":[23644,23643],"product_tag":[],"class_list":{"0":"post-789246","1":"product","2":"type-product","3":"status-publish","4":"has-post-thumbnail","6":"product_cat-all-season-tyres","7":"product_cat-winter-tyres","9":"first","10":"instock","11":"sale","12":"taxable","13":"shipping-taxable","14":"purchasable","15":"product-type-simple"},"acf":[],"yoast_head":"<!-- This site is optimized with the Yoast SEO Premium plugin v22.6 (Yoast SEO v27.3) - https:\/\/yoast.com\/product\/yoast-seo-premium-wordpress\/ -->\n<title>215\/50R18 Westlake SW628 92H &#8226; MMK Riepas<\/title>\n<meta name=\"robots\" content=\"index, follow, max-snippet:-1, max-image-preview:large, max-video-preview:-1\" \/>\n<link rel=\"canonical\" href=\"https:\/\/mmkriepas.lv\/en\/p\/215-50r18-westlake-sw628-92h-2\/\" \/>\n<meta property=\"og:locale\" content=\"en_US\" \/>\n<meta property=\"og:type\" content=\"article\" \/>\n<meta property=\"og:title\" content=\"215\/50R18 Westlake SW628 92H\" \/>\n<meta property=\"og:description\" content=\"Westlake SW628 ir Skandin\u0101vijas tipa ziemas riepu modelis ar asimetrisku protektora rakstu. Tas izce\u013cas ar paaugstin\u0101tu veiktsp\u0113ju skarbos brauk\u0161anas apst\u0101k\u013cos, k\u0101 ar\u012b pazemin\u0101tu degvielas pat\u0113ri\u0146u un trok\u0161\u0146a l\u012bmeni.\" \/>\n<meta property=\"og:url\" content=\"https:\/\/mmkriepas.lv\/en\/p\/215-50r18-westlake-sw628-92h-2\/\" \/>\n<meta property=\"og:site_name\" content=\"MMK Riepas\" \/>\n<meta property=\"article:publisher\" content=\"https:\/\/www.facebook.com\/mmkserviss\/\" \/>\n<meta property=\"article:modified_time\" content=\"2026-03-30T11:10:23+00:00\" \/>\n<meta property=\"og:image\" content=\"https:\/\/mmkriepas.lv\/wp-content\/uploads\/2023\/11\/20560r16-westlake-sw628-92t-ziemas-riepas.jpg\" \/>\n\t<meta property=\"og:image:width\" content=\"1920\" \/>\n\t<meta property=\"og:image:height\" content=\"1920\" \/>\n\t<meta property=\"og:image:type\" content=\"image\/jpeg\" \/>\n<meta name=\"twitter:card\" content=\"summary_large_image\" \/>\n<meta name=\"twitter:label1\" content=\"Price\" \/>\n\t<meta name=\"twitter:data1\" content=\"&euro;79.00\" \/>\n\t<meta name=\"twitter:label2\" content=\"Availability\" \/>\n\t<meta name=\"twitter:data2\" content=\"In stock\" \/>\n<script type=\"application\/ld+json\" class=\"yoast-schema-graph\">{\"@context\":\"https:\\\/\\\/schema.org\",\"@graph\":[{\"@type\":\"WebPage\",\"@id\":\"https:\\\/\\\/mmkriepas.lv\\\/en\\\/p\\\/215-50r18-westlake-sw628-92h-2\\\/\",\"url\":\"https:\\\/\\\/mmkriepas.lv\\\/en\\\/p\\\/215-50r18-westlake-sw628-92h-2\\\/\",\"name\":\"215\\\/50R18 Westlake SW628 92H &#8226; MMK Riepas\",\"isPartOf\":{\"@id\":\"https:\\\/\\\/mmkriepas.lv\\\/en\\\/#website\"},\"primaryImageOfPage\":{\"@id\":\"https:\\\/\\\/mmkriepas.lv\\\/en\\\/p\\\/215-50r18-westlake-sw628-92h-2\\\/#primaryimage\"},\"image\":{\"@id\":\"https:\\\/\\\/mmkriepas.lv\\\/en\\\/p\\\/215-50r18-westlake-sw628-92h-2\\\/#primaryimage\"},\"thumbnailUrl\":\"https:\\\/\\\/mmkriepas.lv\\\/wp-content\\\/uploads\\\/2023\\\/11\\\/20560r16-westlake-sw628-92t-ziemas-riepas.jpg\",\"datePublished\":\"2023-09-18T07:27:19+00:00\",\"dateModified\":\"2026-03-30T11:10:23+00:00\",\"breadcrumb\":{\"@id\":\"https:\\\/\\\/mmkriepas.lv\\\/en\\\/p\\\/215-50r18-westlake-sw628-92h-2\\\/#breadcrumb\"},\"inLanguage\":\"en-US\",\"potentialAction\":[{\"@type\":\"ReadAction\",\"target\":[\"https:\\\/\\\/mmkriepas.lv\\\/en\\\/p\\\/215-50r18-westlake-sw628-92h-2\\\/\"]}]},{\"@type\":\"ImageObject\",\"inLanguage\":\"en-US\",\"@id\":\"https:\\\/\\\/mmkriepas.lv\\\/en\\\/p\\\/215-50r18-westlake-sw628-92h-2\\\/#primaryimage\",\"url\":\"https:\\\/\\\/mmkriepas.lv\\\/wp-content\\\/uploads\\\/2023\\\/11\\\/20560r16-westlake-sw628-92t-ziemas-riepas.jpg\",\"contentUrl\":\"https:\\\/\\\/mmkriepas.lv\\\/wp-content\\\/uploads\\\/2023\\\/11\\\/20560r16-westlake-sw628-92t-ziemas-riepas.jpg\",\"width\":1920,\"height\":1920,\"caption\":\"205\\\/60R16 Westlake SW628 92T - Vissezonas riepas \\\/ Ziemas riepas\"},{\"@type\":\"BreadcrumbList\",\"@id\":\"https:\\\/\\\/mmkriepas.lv\\\/en\\\/p\\\/215-50r18-westlake-sw628-92h-2\\\/#breadcrumb\",\"itemListElement\":[{\"@type\":\"ListItem\",\"position\":1,\"name\":\"S\u0101kums\",\"item\":\"https:\\\/\\\/mmkriepas.lv\\\/en\\\/\"},{\"@type\":\"ListItem\",\"position\":2,\"name\":\"215\\\/50R18 Westlake SW628 92H\"}]},{\"@type\":\"WebSite\",\"@id\":\"https:\\\/\\\/mmkriepas.lv\\\/en\\\/#website\",\"url\":\"https:\\\/\\\/mmkriepas.lv\\\/en\\\/\",\"name\":\"MMK Riepas\",\"description\":\"MMK Riepas\",\"alternateName\":\"MMK Riepu Serviss\",\"potentialAction\":[{\"@type\":\"SearchAction\",\"target\":{\"@type\":\"EntryPoint\",\"urlTemplate\":\"https:\\\/\\\/mmkriepas.lv\\\/en\\\/?s={search_term_string}\"},\"query-input\":{\"@type\":\"PropertyValueSpecification\",\"valueRequired\":true,\"valueName\":\"search_term_string\"}}],\"inLanguage\":\"en-US\"},{\"@type\":\"ImageObject\",\"inLanguage\":\"en-US\",\"@id\":\"https:\\\/\\\/mmkriepas.lv\\\/en\\\/p\\\/215-50r18-westlake-sw628-92h-2\\\/#local-main-organization-logo\",\"url\":\"\",\"contentUrl\":\"\",\"caption\":\"MMK Riepas\"}]}<\/script>\n<meta property=\"product:brand\" content=\"Westlake SW628\" \/>\n<meta property=\"product:price:amount\" content=\"79.00\" \/>\n<meta property=\"product:price:currency\" content=\"EUR\" \/>\n<meta property=\"og:availability\" content=\"instock\" \/>\n<meta property=\"product:availability\" content=\"instock\" \/>\n<meta property=\"product:retailer_item_id\" content=\"TW2155018WESTL-L29387\" \/>\n<meta property=\"product:condition\" content=\"new\" \/>\n<!-- \/ Yoast SEO Premium plugin. -->","yoast_head_json":{"title":"215\/50R18 Westlake SW628 92H &#8226; MMK Riepas","robots":{"index":"index","follow":"follow","max-snippet":"max-snippet:-1","max-image-preview":"max-image-preview:large","max-video-preview":"max-video-preview:-1"},"canonical":"https:\/\/mmkriepas.lv\/en\/p\/215-50r18-westlake-sw628-92h-2\/","og_locale":"en_US","og_type":"article","og_title":"215\/50R18 Westlake SW628 92H","og_description":"Westlake SW628 ir Skandin\u0101vijas tipa ziemas riepu modelis ar asimetrisku protektora rakstu. Tas izce\u013cas ar paaugstin\u0101tu veiktsp\u0113ju skarbos brauk\u0161anas apst\u0101k\u013cos, k\u0101 ar\u012b pazemin\u0101tu degvielas pat\u0113ri\u0146u un trok\u0161\u0146a l\u012bmeni.","og_url":"https:\/\/mmkriepas.lv\/en\/p\/215-50r18-westlake-sw628-92h-2\/","og_site_name":"MMK Riepas","article_publisher":"https:\/\/www.facebook.com\/mmkserviss\/","article_modified_time":"2026-03-30T11:10:23+00:00","og_image":[{"width":1920,"height":1920,"url":"https:\/\/mmkriepas.lv\/wp-content\/uploads\/2023\/11\/20560r16-westlake-sw628-92t-ziemas-riepas.jpg","type":"image\/jpeg"}],"twitter_card":"summary_large_image","twitter_misc":{"Price":"&euro;79.00","Availability":"In stock"},"schema":{"@context":"https:\/\/schema.org","@graph":[{"@type":"WebPage","@id":"https:\/\/mmkriepas.lv\/en\/p\/215-50r18-westlake-sw628-92h-2\/","url":"https:\/\/mmkriepas.lv\/en\/p\/215-50r18-westlake-sw628-92h-2\/","name":"215\/50R18 Westlake SW628 92H &#8226; MMK Riepas","isPartOf":{"@id":"https:\/\/mmkriepas.lv\/en\/#website"},"primaryImageOfPage":{"@id":"https:\/\/mmkriepas.lv\/en\/p\/215-50r18-westlake-sw628-92h-2\/#primaryimage"},"image":{"@id":"https:\/\/mmkriepas.lv\/en\/p\/215-50r18-westlake-sw628-92h-2\/#primaryimage"},"thumbnailUrl":"https:\/\/mmkriepas.lv\/wp-content\/uploads\/2023\/11\/20560r16-westlake-sw628-92t-ziemas-riepas.jpg","datePublished":"2023-09-18T07:27:19+00:00","dateModified":"2026-03-30T11:10:23+00:00","breadcrumb":{"@id":"https:\/\/mmkriepas.lv\/en\/p\/215-50r18-westlake-sw628-92h-2\/#breadcrumb"},"inLanguage":"en-US","potentialAction":[{"@type":"ReadAction","target":["https:\/\/mmkriepas.lv\/en\/p\/215-50r18-westlake-sw628-92h-2\/"]}]},{"@type":"ImageObject","inLanguage":"en-US","@id":"https:\/\/mmkriepas.lv\/en\/p\/215-50r18-westlake-sw628-92h-2\/#primaryimage","url":"https:\/\/mmkriepas.lv\/wp-content\/uploads\/2023\/11\/20560r16-westlake-sw628-92t-ziemas-riepas.jpg","contentUrl":"https:\/\/mmkriepas.lv\/wp-content\/uploads\/2023\/11\/20560r16-westlake-sw628-92t-ziemas-riepas.jpg","width":1920,"height":1920,"caption":"205\/60R16 Westlake SW628 92T - Vissezonas riepas \/ Ziemas riepas"},{"@type":"BreadcrumbList","@id":"https:\/\/mmkriepas.lv\/en\/p\/215-50r18-westlake-sw628-92h-2\/#breadcrumb","itemListElement":[{"@type":"ListItem","position":1,"name":"S\u0101kums","item":"https:\/\/mmkriepas.lv\/en\/"},{"@type":"ListItem","position":2,"name":"215\/50R18 Westlake SW628 92H"}]},{"@type":"WebSite","@id":"https:\/\/mmkriepas.lv\/en\/#website","url":"https:\/\/mmkriepas.lv\/en\/","name":"MMK Riepas","description":"MMK Riepas","alternateName":"MMK Riepu Serviss","potentialAction":[{"@type":"SearchAction","target":{"@type":"EntryPoint","urlTemplate":"https:\/\/mmkriepas.lv\/en\/?s={search_term_string}"},"query-input":{"@type":"PropertyValueSpecification","valueRequired":true,"valueName":"search_term_string"}}],"inLanguage":"en-US"},{"@type":"ImageObject","inLanguage":"en-US","@id":"https:\/\/mmkriepas.lv\/en\/p\/215-50r18-westlake-sw628-92h-2\/#local-main-organization-logo","url":"","contentUrl":"","caption":"MMK Riepas"}]},"product_brand":"Westlake SW628","product_price_amount":"79.00","product_price_currency":"EUR","og_availability":"instock","product_availability":"instock","product_retailer_item_id":"TW2155018WESTL-L29387","product_condition":"new"},"_links":{"self":[{"href":"https:\/\/mmkriepas.lv\/en\/wp-json\/wp\/v2\/product\/789246","targetHints":{"allow":["GET"]}}],"collection":[{"href":"https:\/\/mmkriepas.lv\/en\/wp-json\/wp\/v2\/product"}],"about":[{"href":"https:\/\/mmkriepas.lv\/en\/wp-json\/wp\/v2\/types\/product"}],"wp:featuredmedia":[{"embeddable":true,"href":"https:\/\/mmkriepas.lv\/en\/wp-json\/wp\/v2\/media\/822462"}],"wp:attachment":[{"href":"https:\/\/mmkriepas.lv\/en\/wp-json\/wp\/v2\/media?parent=789246"}],"wp:term":[{"taxonomy":"product_brand","embeddable":true,"href":"https:\/\/mmkriepas.lv\/en\/wp-json\/wp\/v2\/product_brand?post=789246"},{"taxonomy":"product_cat","embeddable":true,"href":"https:\/\/mmkriepas.lv\/en\/wp-json\/wp\/v2\/product_cat?post=789246"},{"taxonomy":"product_tag","embeddable":true,"href":"https:\/\/mmkriepas.lv\/en\/wp-json\/wp\/v2\/product_tag?post=789246"}],"curies":[{"name":"wp","href":"https:\/\/api.w.org\/{rel}","templated":true}]}}