{"id":789130,"date":"2023-09-18T10:22:23","date_gmt":"2023-09-18T07:22:23","guid":{"rendered":"https:\/\/mmkserviss.lv\/?post_type=product&#038;p=789130"},"modified":"2026-03-30T14:41:05","modified_gmt":"2026-03-30T11:41:05","slug":"265-35r18-tourador-winter-pro-tsu1-97v-xl","status":"publish","type":"product","link":"https:\/\/mmkriepas.lv\/en\/p\/265-35r18-tourador-winter-pro-tsu1-97v-xl\/","title":{"rendered":"265\/35R18 Tourador Winter Pro TSU1 97V XL"},"content":{"rendered":"<p><strong>Tourador Winter Pro TSU01 <\/strong>ir labs Skandin\u0101vijas tipa jeb m\u012bkst\u0101 sast\u0101va ziemas riepu modelis. Izce\u013cas ar labu brauk\u0161anas komforta un dro\u0161\u012bbas l\u012bmeni pat skarbos ziemas brauk\u0161anas apst\u0101k\u013cos. Modelis pieejams pla\u0161\u0101 izm\u0113ru kl\u0101st\u0101 no R15 l\u012bdz pat R20.<\/p>\n<p><strong>Tourador Winter Pro TSU01 galven\u0101s iez\u012bmes<\/strong><\/p>\n<p>+ Palielin\u0101ts protektora bloku skaits, kas nodro\u0161ina labu sa\u0137eri snieg\u0101.<\/p>\n<p>+ Uzlabota riepas dren\u0101\u017eas kan\u0101lu sist\u0113ma, samazinot akvaplan\u0113\u0161anas risku.<\/p>\n<p>+ Vid\u0113j\u0101 riepas protektora bloku josla uzlabo manevr\u0113tsp\u0113ju un sabilit\u0101ti liel\u0101 brauk\u0161anas \u0101trum\u0101.<\/p>\n<p>+ Liels lame\u013cu skaits un m\u012bksts gumijas sast\u0101vs uzlabo sa\u0137eri ar apledoju\u0161u ce\u013ca virsmu.<\/p>\n<p>+ Labs akustiskais un brauk\u0161anas komforts.<\/p>\n<p>+ Kvalit\u0101te atbilst cenai.<\/p>\n<p><strong>Winter Pro TSU01 apr\u012bkojums<\/strong><\/p>\n<p><strong>Tourador Winter Pro TSU01 <\/strong>apr\u012bkots ar smalku asimetrisko protektora rakstu. Liels skaits maza izm\u0113ra protektora bloku nodro\u0161ina vair\u0101k sa\u0137eres kan\u0161u un uzlabo veiktsp\u0113ju snieg\u0101.<\/p>\n<p>Asimetriski izvietotajos protektora blokos bl\u012bvi izvietotas lameles. T\u0101s uzlabo sa\u0137eri ar ledu, slidenaj\u0101 virsm\u0101 iec\u0113rtoties ar as\u0101m kant\u0113m.\u00a0<\/p>\n<p>Protektors izstr\u0101d\u0101ts no \u012bpa\u0161i m\u012bkstas gumijas. Tai pievienotie elastrom\u0113ri ne\u013cauj riepai zaud\u0113t elast\u012bbu pat \u013coti zem\u0101s temperat\u016br\u0101s, uzlabojot sa\u0137eri skarbos ziemas apst\u0101k\u013cos.\u00a0<\/p>\n","protected":false},"excerpt":{"rendered":"<p><strong>Tourador Winter Pro TSU01 <\/strong>ir labs Skandin\u0101vijas tipa jeb m\u012bkst\u0101 sast\u0101va ziemas riepu modelis. Izce\u013cas ar labu brauk\u0161anas komforta un dro\u0161\u012bbas l\u012bmeni pat skarbos ziemas brauk\u0161anas apst\u0101k\u013cos. Modelis pieejams pla\u0161\u0101 izm\u0113ru kl\u0101st\u0101 no R15 l\u012bdz pat R20.<\/p>\n","protected":false},"featured_media":314369,"template":"","meta":{"_acf_changed":false,"ngg_post_thumbnail":0},"product_brand":[],"product_cat":[47,45],"product_tag":[],"class_list":{"0":"post-789130","1":"product","2":"type-product","3":"status-publish","4":"has-post-thumbnail","6":"product_cat-vissezonas-riepas","7":"product_cat-ziemas-riepas","9":"first","10":"instock","11":"sale","12":"taxable","13":"shipping-taxable","14":"purchasable","15":"product-type-simple"},"acf":[],"yoast_head":"<!-- This site is optimized with the Yoast SEO Premium plugin v22.6 (Yoast SEO v27.3) - https:\/\/yoast.com\/product\/yoast-seo-premium-wordpress\/ -->\n<title>265\/35R18 Tourador Winter Pro TSU1 97V XL &#8226; MMK Riepas<\/title>\n<meta name=\"robots\" content=\"index, follow, max-snippet:-1, max-image-preview:large, max-video-preview:-1\" \/>\n<link rel=\"canonical\" href=\"https:\/\/mmkriepas.lv\/en\/p\/265-35r18-tourador-winter-pro-tsu1-97v-xl\/\" \/>\n<meta property=\"og:locale\" content=\"en_US\" \/>\n<meta property=\"og:type\" content=\"article\" \/>\n<meta property=\"og:title\" content=\"265\/35R18 Tourador Winter Pro TSU1 97V XL\" \/>\n<meta property=\"og:description\" content=\"Tourador Winter Pro TSU01 ir labs Skandin\u0101vijas tipa jeb m\u012bkst\u0101 sast\u0101va ziemas riepu modelis. Izce\u013cas ar labu brauk\u0161anas komforta un dro\u0161\u012bbas l\u012bmeni pat skarbos ziemas brauk\u0161anas apst\u0101k\u013cos. Modelis pieejams pla\u0161\u0101 izm\u0113ru kl\u0101st\u0101 no R15 l\u012bdz pat R20.\" \/>\n<meta property=\"og:url\" content=\"https:\/\/mmkriepas.lv\/en\/p\/265-35r18-tourador-winter-pro-tsu1-97v-xl\/\" \/>\n<meta property=\"og:site_name\" content=\"MMK Riepas\" \/>\n<meta property=\"article:publisher\" content=\"https:\/\/www.facebook.com\/mmkserviss\/\" \/>\n<meta property=\"article:modified_time\" content=\"2026-03-30T11:41:05+00:00\" \/>\n<meta property=\"og:image\" content=\"https:\/\/mmkriepas.lv\/wp-content\/uploads\/2022\/09\/27545r21-tourador-winter-pro-tsu1-110v-xl-ziemas-riepas.jpg\" \/>\n\t<meta property=\"og:image:width\" content=\"1920\" \/>\n\t<meta property=\"og:image:height\" content=\"1278\" \/>\n\t<meta property=\"og:image:type\" content=\"image\/jpeg\" \/>\n<meta name=\"twitter:card\" content=\"summary_large_image\" \/>\n<meta name=\"twitter:label1\" content=\"Price\" \/>\n\t<meta name=\"twitter:data1\" content=\"&euro;100.00\" \/>\n\t<meta name=\"twitter:label2\" content=\"Availability\" \/>\n\t<meta name=\"twitter:data2\" content=\"In stock\" \/>\n<script type=\"application\/ld+json\" class=\"yoast-schema-graph\">{\"@context\":\"https:\\\/\\\/schema.org\",\"@graph\":[{\"@type\":\"WebPage\",\"@id\":\"https:\\\/\\\/mmkriepas.lv\\\/en\\\/p\\\/265-35r18-tourador-winter-pro-tsu1-97v-xl\\\/\",\"url\":\"https:\\\/\\\/mmkriepas.lv\\\/en\\\/p\\\/265-35r18-tourador-winter-pro-tsu1-97v-xl\\\/\",\"name\":\"265\\\/35R18 Tourador Winter Pro TSU1 97V XL &#8226; MMK Riepas\",\"isPartOf\":{\"@id\":\"https:\\\/\\\/mmkriepas.lv\\\/en\\\/#website\"},\"primaryImageOfPage\":{\"@id\":\"https:\\\/\\\/mmkriepas.lv\\\/en\\\/p\\\/265-35r18-tourador-winter-pro-tsu1-97v-xl\\\/#primaryimage\"},\"image\":{\"@id\":\"https:\\\/\\\/mmkriepas.lv\\\/en\\\/p\\\/265-35r18-tourador-winter-pro-tsu1-97v-xl\\\/#primaryimage\"},\"thumbnailUrl\":\"https:\\\/\\\/mmkriepas.lv\\\/wp-content\\\/uploads\\\/2022\\\/09\\\/27545r21-tourador-winter-pro-tsu1-110v-xl-ziemas-riepas.jpg\",\"datePublished\":\"2023-09-18T07:22:23+00:00\",\"dateModified\":\"2026-03-30T11:41:05+00:00\",\"breadcrumb\":{\"@id\":\"https:\\\/\\\/mmkriepas.lv\\\/en\\\/p\\\/265-35r18-tourador-winter-pro-tsu1-97v-xl\\\/#breadcrumb\"},\"inLanguage\":\"en-US\",\"potentialAction\":[{\"@type\":\"ReadAction\",\"target\":[\"https:\\\/\\\/mmkriepas.lv\\\/en\\\/p\\\/265-35r18-tourador-winter-pro-tsu1-97v-xl\\\/\"]}]},{\"@type\":\"ImageObject\",\"inLanguage\":\"en-US\",\"@id\":\"https:\\\/\\\/mmkriepas.lv\\\/en\\\/p\\\/265-35r18-tourador-winter-pro-tsu1-97v-xl\\\/#primaryimage\",\"url\":\"https:\\\/\\\/mmkriepas.lv\\\/wp-content\\\/uploads\\\/2022\\\/09\\\/27545r21-tourador-winter-pro-tsu1-110v-xl-ziemas-riepas.jpg\",\"contentUrl\":\"https:\\\/\\\/mmkriepas.lv\\\/wp-content\\\/uploads\\\/2022\\\/09\\\/27545r21-tourador-winter-pro-tsu1-110v-xl-ziemas-riepas.jpg\",\"width\":1920,\"height\":1278,\"caption\":\"275\\\/45R21 Tourador Winter Pro TSU1 110V XL - Vissezonas riepas \\\/ Ziemas riepas\"},{\"@type\":\"BreadcrumbList\",\"@id\":\"https:\\\/\\\/mmkriepas.lv\\\/en\\\/p\\\/265-35r18-tourador-winter-pro-tsu1-97v-xl\\\/#breadcrumb\",\"itemListElement\":[{\"@type\":\"ListItem\",\"position\":1,\"name\":\"S\u0101kums\",\"item\":\"https:\\\/\\\/mmkriepas.lv\\\/en\\\/\"},{\"@type\":\"ListItem\",\"position\":2,\"name\":\"265\\\/35R18 Tourador Winter Pro TSU1 97V XL\"}]},{\"@type\":\"WebSite\",\"@id\":\"https:\\\/\\\/mmkriepas.lv\\\/en\\\/#website\",\"url\":\"https:\\\/\\\/mmkriepas.lv\\\/en\\\/\",\"name\":\"MMK Riepas\",\"description\":\"MMK Riepas\",\"alternateName\":\"MMK Riepu Serviss\",\"potentialAction\":[{\"@type\":\"SearchAction\",\"target\":{\"@type\":\"EntryPoint\",\"urlTemplate\":\"https:\\\/\\\/mmkriepas.lv\\\/en\\\/?s={search_term_string}\"},\"query-input\":{\"@type\":\"PropertyValueSpecification\",\"valueRequired\":true,\"valueName\":\"search_term_string\"}}],\"inLanguage\":\"en-US\"},{\"@type\":\"ImageObject\",\"inLanguage\":\"en-US\",\"@id\":\"https:\\\/\\\/mmkriepas.lv\\\/en\\\/p\\\/265-35r18-tourador-winter-pro-tsu1-97v-xl\\\/#local-main-organization-logo\",\"url\":\"\",\"contentUrl\":\"\",\"caption\":\"MMK Riepas\"}]}<\/script>\n<meta property=\"product:brand\" content=\"Tourador Winter Pro TSU1\" \/>\n<meta property=\"product:price:amount\" content=\"100.00\" \/>\n<meta property=\"product:price:currency\" content=\"EUR\" \/>\n<meta property=\"og:availability\" content=\"instock\" \/>\n<meta property=\"product:availability\" content=\"instock\" \/>\n<meta property=\"product:retailer_item_id\" content=\"TW2653518TOURA-L29351\" \/>\n<meta property=\"product:condition\" content=\"new\" \/>\n<!-- \/ Yoast SEO Premium plugin. -->","yoast_head_json":{"title":"265\/35R18 Tourador Winter Pro TSU1 97V XL &#8226; MMK Riepas","robots":{"index":"index","follow":"follow","max-snippet":"max-snippet:-1","max-image-preview":"max-image-preview:large","max-video-preview":"max-video-preview:-1"},"canonical":"https:\/\/mmkriepas.lv\/en\/p\/265-35r18-tourador-winter-pro-tsu1-97v-xl\/","og_locale":"en_US","og_type":"article","og_title":"265\/35R18 Tourador Winter Pro TSU1 97V XL","og_description":"Tourador Winter Pro TSU01 ir labs Skandin\u0101vijas tipa jeb m\u012bkst\u0101 sast\u0101va ziemas riepu modelis. Izce\u013cas ar labu brauk\u0161anas komforta un dro\u0161\u012bbas l\u012bmeni pat skarbos ziemas brauk\u0161anas apst\u0101k\u013cos. Modelis pieejams pla\u0161\u0101 izm\u0113ru kl\u0101st\u0101 no R15 l\u012bdz pat R20.","og_url":"https:\/\/mmkriepas.lv\/en\/p\/265-35r18-tourador-winter-pro-tsu1-97v-xl\/","og_site_name":"MMK Riepas","article_publisher":"https:\/\/www.facebook.com\/mmkserviss\/","article_modified_time":"2026-03-30T11:41:05+00:00","og_image":[{"width":1920,"height":1278,"url":"https:\/\/mmkriepas.lv\/wp-content\/uploads\/2022\/09\/27545r21-tourador-winter-pro-tsu1-110v-xl-ziemas-riepas.jpg","type":"image\/jpeg"}],"twitter_card":"summary_large_image","twitter_misc":{"Price":"&euro;100.00","Availability":"In stock"},"schema":{"@context":"https:\/\/schema.org","@graph":[{"@type":"WebPage","@id":"https:\/\/mmkriepas.lv\/en\/p\/265-35r18-tourador-winter-pro-tsu1-97v-xl\/","url":"https:\/\/mmkriepas.lv\/en\/p\/265-35r18-tourador-winter-pro-tsu1-97v-xl\/","name":"265\/35R18 Tourador Winter Pro TSU1 97V XL &#8226; MMK Riepas","isPartOf":{"@id":"https:\/\/mmkriepas.lv\/en\/#website"},"primaryImageOfPage":{"@id":"https:\/\/mmkriepas.lv\/en\/p\/265-35r18-tourador-winter-pro-tsu1-97v-xl\/#primaryimage"},"image":{"@id":"https:\/\/mmkriepas.lv\/en\/p\/265-35r18-tourador-winter-pro-tsu1-97v-xl\/#primaryimage"},"thumbnailUrl":"https:\/\/mmkriepas.lv\/wp-content\/uploads\/2022\/09\/27545r21-tourador-winter-pro-tsu1-110v-xl-ziemas-riepas.jpg","datePublished":"2023-09-18T07:22:23+00:00","dateModified":"2026-03-30T11:41:05+00:00","breadcrumb":{"@id":"https:\/\/mmkriepas.lv\/en\/p\/265-35r18-tourador-winter-pro-tsu1-97v-xl\/#breadcrumb"},"inLanguage":"en-US","potentialAction":[{"@type":"ReadAction","target":["https:\/\/mmkriepas.lv\/en\/p\/265-35r18-tourador-winter-pro-tsu1-97v-xl\/"]}]},{"@type":"ImageObject","inLanguage":"en-US","@id":"https:\/\/mmkriepas.lv\/en\/p\/265-35r18-tourador-winter-pro-tsu1-97v-xl\/#primaryimage","url":"https:\/\/mmkriepas.lv\/wp-content\/uploads\/2022\/09\/27545r21-tourador-winter-pro-tsu1-110v-xl-ziemas-riepas.jpg","contentUrl":"https:\/\/mmkriepas.lv\/wp-content\/uploads\/2022\/09\/27545r21-tourador-winter-pro-tsu1-110v-xl-ziemas-riepas.jpg","width":1920,"height":1278,"caption":"275\/45R21 Tourador Winter Pro TSU1 110V XL - Vissezonas riepas \/ Ziemas riepas"},{"@type":"BreadcrumbList","@id":"https:\/\/mmkriepas.lv\/en\/p\/265-35r18-tourador-winter-pro-tsu1-97v-xl\/#breadcrumb","itemListElement":[{"@type":"ListItem","position":1,"name":"S\u0101kums","item":"https:\/\/mmkriepas.lv\/en\/"},{"@type":"ListItem","position":2,"name":"265\/35R18 Tourador Winter Pro TSU1 97V XL"}]},{"@type":"WebSite","@id":"https:\/\/mmkriepas.lv\/en\/#website","url":"https:\/\/mmkriepas.lv\/en\/","name":"MMK Riepas","description":"MMK Riepas","alternateName":"MMK Riepu Serviss","potentialAction":[{"@type":"SearchAction","target":{"@type":"EntryPoint","urlTemplate":"https:\/\/mmkriepas.lv\/en\/?s={search_term_string}"},"query-input":{"@type":"PropertyValueSpecification","valueRequired":true,"valueName":"search_term_string"}}],"inLanguage":"en-US"},{"@type":"ImageObject","inLanguage":"en-US","@id":"https:\/\/mmkriepas.lv\/en\/p\/265-35r18-tourador-winter-pro-tsu1-97v-xl\/#local-main-organization-logo","url":"","contentUrl":"","caption":"MMK Riepas"}]},"product_brand":"Tourador Winter Pro TSU1","product_price_amount":"100.00","product_price_currency":"EUR","og_availability":"instock","product_availability":"instock","product_retailer_item_id":"TW2653518TOURA-L29351","product_condition":"new"},"_links":{"self":[{"href":"https:\/\/mmkriepas.lv\/en\/wp-json\/wp\/v2\/product\/789130","targetHints":{"allow":["GET"]}}],"collection":[{"href":"https:\/\/mmkriepas.lv\/en\/wp-json\/wp\/v2\/product"}],"about":[{"href":"https:\/\/mmkriepas.lv\/en\/wp-json\/wp\/v2\/types\/product"}],"wp:featuredmedia":[{"embeddable":true,"href":"https:\/\/mmkriepas.lv\/en\/wp-json\/wp\/v2\/media\/314369"}],"wp:attachment":[{"href":"https:\/\/mmkriepas.lv\/en\/wp-json\/wp\/v2\/media?parent=789130"}],"wp:term":[{"taxonomy":"product_brand","embeddable":true,"href":"https:\/\/mmkriepas.lv\/en\/wp-json\/wp\/v2\/product_brand?post=789130"},{"taxonomy":"product_cat","embeddable":true,"href":"https:\/\/mmkriepas.lv\/en\/wp-json\/wp\/v2\/product_cat?post=789130"},{"taxonomy":"product_tag","embeddable":true,"href":"https:\/\/mmkriepas.lv\/en\/wp-json\/wp\/v2\/product_tag?post=789130"}],"curies":[{"name":"wp","href":"https:\/\/api.w.org\/{rel}","templated":true}]}}