{"id":785347,"date":"2023-09-07T16:35:11","date_gmt":"2023-09-07T13:35:11","guid":{"rendered":"https:\/\/mmkserviss.lv\/?post_type=product&#038;p=785347"},"modified":"2026-03-30T14:00:15","modified_gmt":"2026-03-30T11:00:15","slug":"175-65r14-zeta-antarctica-ice-82t","status":"publish","type":"product","link":"https:\/\/mmkriepas.lv\/en\/p\/175-65r14-zeta-antarctica-ice-82t\/","title":{"rendered":"175\/65R14 ZETA Antarctica Ice 82T"},"content":{"rendered":"<p><span style=\"font-family: Times New Roman, serif;\"><span style=\"font-size: medium;\"><span style=\"color: #000000;\"><span style=\"font-family: Arial, serif;\"><span style=\"font-size: small;\"><b>Zeta Antarctica Ice <\/b><\/span><\/span><\/span><span style=\"color: #000000;\"><span style=\"font-family: Arial, serif;\"><span style=\"font-size: small;\">ir labas kvalit\u0101tes, bud\u017eeta klases rad\u017eojamais ziemas riepu modelis. <\/span><\/span><\/span><span style=\"color: #000000;\"><span style=\"font-family: Arial, serif;\"><span style=\"font-size: small;\"><b>Zeta riepu r\u016bpn\u012bc\u0101 tiek ra\u017eotas Nokian riepas. Riepu gigants Nokian izv\u0113l\u0113jies tie\u0161i Zeta riepu r\u016bpn\u012bcu augsto kvalit\u0101tes standartu d\u0113\u013c. <\/b><\/span><\/span><\/span><span style=\"color: #000000;\"><span style=\"font-family: Arial, serif;\"><span style=\"font-size: small;\">Tas izce\u013cas ar \u013coti labiem komforta un veiktsp\u0113jas r\u0101d\u012bt\u0101jiem pat skabrbos ziemas brauk\u0161anas apst\u0101k\u013cos. Protektor\u0101 iesp\u0113jams iestr\u0101d\u0101t radzes, b\u016btiski uzlabojot riepu veiktsp\u0113ju uz apledoju\u0161\u0101m ce\u013ca virsm\u0101m. \u0160is modelis pieejams pla\u0161\u0101 izm\u0113ru kl\u0101st\u0101 no R14 l\u012bdz R18 un paredz\u0113ts maza un vid\u0113ja izm\u0113ra vieglaj\u0101m automa\u0161\u012bn\u0101m.<\/span><\/span><\/span><\/span><\/span><\/p>\n<h3 class=\"western\"><span style=\"color: #000000;\"><span style=\"font-family: Arial, serif;\"><span style=\"font-size: medium;\">Zeta Antarctica Ice galven\u0101s iez\u012bmes<\/span><\/span><\/span><\/h3>\n<p><span style=\"font-family: Times New Roman, serif;\"><span style=\"font-size: medium;\"><span style=\"color: #000000;\"><span style=\"font-family: Arial, serif;\"><span style=\"font-size: small;\">+ Labi sa\u0137eres r\u0101d\u012bt\u0101ji gan uz slapja asfalta, gan snieg\u0101 un pat uz ledus.<br \/>+ Iesp\u0113ja protektoru apr\u012bkot ar radz\u0113m, kas b\u016btiski uzlabo riepu veiktsp\u0113ju uz ledus, k\u0101 ar\u012b paildzinot to kalpo\u0161anas m\u016b\u017eu par l\u012bdz pat 40%.<br \/>+ Zems akvaplan\u0113\u0161anas risks, pateicoties virzienveida protektora rakstam.<br \/>+ Izteikts brauk\u0161anas komforts.<br \/>+ Augsta modilumiztur\u012bba.<\/span><\/span><\/span><\/span><\/span><\/p>\n<h3 class=\"western\"><span style=\"color: #000000;\"><span style=\"font-family: Arial, serif;\"><span style=\"font-size: medium;\">Antarctica Ice apr\u012bkojums<\/span><\/span><\/span><\/h3>\n<p><span style=\"font-family: Times New Roman, serif;\"><span style=\"font-size: medium;\"><span style=\"color: #000000;\"><span style=\"font-family: Arial, serif;\"><span style=\"font-size: small;\"><b>Zeta Antarctica Ice <\/b><\/span><\/span><\/span><span style=\"color: #000000;\"><span style=\"font-family: Arial, serif;\"><span style=\"font-size: small;\">ziemas riepas apr\u012bkotas ar agres\u012bvu virzienveida protektoru jeb &#8220;skuji\u0146u&#8221;. \u0160\u0101ds protektora dizains izv\u0113l\u0113ts, jo tas ir efekt\u012bvs gan uz slapja asfalta, gan ar\u012b snieg\u0101. Protektor\u0101 iesp\u0113jams iestr\u0101d\u0101t radzes, uzlabojot riepu veiktsp\u0113ju uz ledus, k\u0101 ar\u012b paildzinot to kalpo\u0161anas m\u016b\u017eu par l\u012bdz pat 40%.<\/span><\/span><\/span><\/span><\/span><\/p>\n<p><span style=\"font-family: Times New Roman, serif;\"><span style=\"font-size: medium;\"><span style=\"color: #000000;\"><span style=\"font-family: Arial, serif;\"><span style=\"font-size: small;\">V-veid\u0101 izvietotajos protektora blokos bl\u012bvi iestr\u0101d\u0101tas lameles, kuras darbojas l\u012bdz\u012bgi radz\u0113m. T\u0101s ar as\u0101m kant\u0113m iec\u0113rtas led\u016b un sabliet\u0113t\u0101 snieg\u0101, uzlabojot sa\u0137eri uz \u0161\u012bm slidenaj\u0101m virsm\u0101m.<\/span><\/span><\/span><\/span><\/span><\/p>\n<p><span style=\"font-family: Times New Roman, serif;\"><span style=\"font-size: medium;\"><span style=\"color: #000000;\"><span style=\"font-family: Arial, serif;\"><span style=\"font-size: small;\">Riepu gumijas sast\u0101vam pievienota virkne \u0137\u012bmisko elementu un elastrom\u0113ru. Tie pal\u012bdz riepai saglab\u0101t elast\u012bbu \u0101rk\u0101rt\u012bgi zem\u0101s gaisa temperat\u016br\u0101s, k\u0101 ar\u012b absorb\u0113 \u016bdeni. K\u0101 zin\u0101ms, elast\u012bga riepa daudz lab\u0101k veido sa\u0137eri ar ce\u013cu, k\u0101 ar\u012b dilst vienm\u0113r\u012bg\u0101k.<\/span><\/span><\/span><\/span><\/span><\/p>\n<p><span style=\"color: #ff0000;\"><span style=\"font-family: Arial, serif;\"><span style=\"font-size: medium;\">Mode\u013ca lieto\u0161anas dro\u0161\u012bbu ziemas laika apst\u0101k\u013cos un t\u0101 atbilst\u012bbu valst\u012bm ar oblig\u0101tu sezon\u0101lo riepu mai\u0146u apstiprina mar\u0137\u0113jums sniegp\u0101rslas form\u0101 uz kalna fona ar trim virsotn\u0113m (3PMSF).<\/span><\/span><\/span><\/p>\n","protected":false},"excerpt":{"rendered":"<p><span style=\"font-family: Times New Roman, serif;\"><span style=\"font-size: medium;\"><span style=\"color: #000000;\"><span style=\"font-family: Arial, serif;\"><span style=\"font-size: small;\"><b>Zeta Antarctica Ice <\/b><\/span><\/span><\/span><span style=\"color: #000000;\"><span style=\"font-family: Arial, serif;\"><span style=\"font-size: small;\">ir labas kvalit\u0101tes, bud\u017eeta klases rad\u017eojamais ziemas riepu modelis. <\/span><\/span><\/span><span style=\"color: #000000;\"><span style=\"font-family: Arial, serif;\"><span style=\"font-size: small;\"><b>Zeta riepu r\u016bpn\u012bc\u0101 tiek ra\u017eotas Nokian riepas. Riepu gigants Nokian izv\u0113l\u0113jies tie\u0161i Zeta riepu r\u016bpn\u012bcu augsto kvalit\u0101tes standartu d\u0113\u013c. <\/b><\/span><\/span><\/span><span style=\"color: #000000;\"><span style=\"font-family: Arial, serif;\"><span style=\"font-size: small;\">Tas izce\u013cas ar \u013coti labiem komforta un veiktsp\u0113jas r\u0101d\u012bt\u0101jiem pat skabrbos ziemas brauk\u0161anas apst\u0101k\u013cos. Protektor\u0101 iesp\u0113jams iestr\u0101d\u0101t radzes, b\u016btiski uzlabojot riepu veiktsp\u0113ju uz apledoju\u0161\u0101m ce\u013ca virsm\u0101m. \u0160is modelis pieejams pla\u0161\u0101 izm\u0113ru kl\u0101st\u0101 no R14 l\u012bdz R18 un paredz\u0113ts maza un vid\u0113ja izm\u0113ra vieglaj\u0101m automa\u0161\u012bn\u0101m.<\/span><\/span><\/span><\/span><\/span><\/p>\n","protected":false},"featured_media":867014,"template":"","meta":{"_acf_changed":false,"ngg_post_thumbnail":0},"product_brand":[],"product_cat":[23644,23643],"product_tag":[],"class_list":{"0":"post-785347","1":"product","2":"type-product","3":"status-publish","4":"has-post-thumbnail","6":"product_cat-all-season-tyres","7":"product_cat-winter-tyres","9":"first","10":"instock","11":"sale","12":"taxable","13":"shipping-taxable","14":"purchasable","15":"product-type-simple"},"acf":[],"yoast_head":"<!-- This site is optimized with the Yoast SEO Premium plugin v22.6 (Yoast SEO v27.3) - https:\/\/yoast.com\/product\/yoast-seo-premium-wordpress\/ -->\n<title>175\/65R14 ZETA Antarctica Ice 82T &#8226; MMK Riepas<\/title>\n<meta name=\"robots\" content=\"index, follow, max-snippet:-1, max-image-preview:large, max-video-preview:-1\" \/>\n<link rel=\"canonical\" href=\"https:\/\/mmkriepas.lv\/en\/p\/175-65r14-zeta-antarctica-ice-82t\/\" \/>\n<meta property=\"og:locale\" content=\"en_US\" \/>\n<meta property=\"og:type\" content=\"article\" \/>\n<meta property=\"og:title\" content=\"175\/65R14 ZETA Antarctica Ice 82T\" \/>\n<meta property=\"og:description\" content=\"Zeta Antarctica Ice ir labas kvalit\u0101tes, bud\u017eeta klases rad\u017eojamais ziemas riepu modelis. Zeta riepu r\u016bpn\u012bc\u0101 tiek ra\u017eotas Nokian riepas. Riepu gigants Nokian izv\u0113l\u0113jies tie\u0161i Zeta riepu r\u016bpn\u012bcu augsto kvalit\u0101tes standartu d\u0113\u013c. Tas izce\u013cas ar \u013coti labiem komforta un veiktsp\u0113jas r\u0101d\u012bt\u0101jiem pat skabrbos ziemas brauk\u0161anas apst\u0101k\u013cos. Protektor\u0101 iesp\u0113jams iestr\u0101d\u0101t radzes, b\u016btiski uzlabojot riepu veiktsp\u0113ju uz apledoju\u0161\u0101m ce\u013ca virsm\u0101m. \u0160is modelis pieejams pla\u0161\u0101 izm\u0113ru kl\u0101st\u0101 no R14 l\u012bdz R18 un paredz\u0113ts maza un vid\u0113ja izm\u0113ra vieglaj\u0101m automa\u0161\u012bn\u0101m.\" \/>\n<meta property=\"og:url\" content=\"https:\/\/mmkriepas.lv\/en\/p\/175-65r14-zeta-antarctica-ice-82t\/\" \/>\n<meta property=\"og:site_name\" content=\"MMK Riepas\" \/>\n<meta property=\"article:publisher\" content=\"https:\/\/www.facebook.com\/mmkserviss\/\" \/>\n<meta property=\"article:modified_time\" content=\"2026-03-30T11:00:15+00:00\" \/>\n<meta property=\"og:image\" content=\"https:\/\/mmkriepas.lv\/wp-content\/uploads\/2024\/02\/24570r16-zeta-antarctica-ice-111t-xl-ziemas-riepas.jpg\" \/>\n\t<meta property=\"og:image:width\" content=\"1040\" \/>\n\t<meta property=\"og:image:height\" content=\"780\" \/>\n\t<meta property=\"og:image:type\" content=\"image\/jpeg\" \/>\n<meta name=\"twitter:card\" content=\"summary_large_image\" \/>\n<meta name=\"twitter:label1\" content=\"Price\" \/>\n\t<meta name=\"twitter:data1\" content=\"&euro;39.00\" \/>\n\t<meta name=\"twitter:label2\" content=\"Availability\" \/>\n\t<meta name=\"twitter:data2\" content=\"In stock\" \/>\n<script type=\"application\/ld+json\" class=\"yoast-schema-graph\">{\"@context\":\"https:\\\/\\\/schema.org\",\"@graph\":[{\"@type\":\"WebPage\",\"@id\":\"https:\\\/\\\/mmkriepas.lv\\\/en\\\/p\\\/175-65r14-zeta-antarctica-ice-82t\\\/\",\"url\":\"https:\\\/\\\/mmkriepas.lv\\\/en\\\/p\\\/175-65r14-zeta-antarctica-ice-82t\\\/\",\"name\":\"175\\\/65R14 ZETA Antarctica Ice 82T &#8226; MMK Riepas\",\"isPartOf\":{\"@id\":\"https:\\\/\\\/mmkriepas.lv\\\/en\\\/#website\"},\"primaryImageOfPage\":{\"@id\":\"https:\\\/\\\/mmkriepas.lv\\\/en\\\/p\\\/175-65r14-zeta-antarctica-ice-82t\\\/#primaryimage\"},\"image\":{\"@id\":\"https:\\\/\\\/mmkriepas.lv\\\/en\\\/p\\\/175-65r14-zeta-antarctica-ice-82t\\\/#primaryimage\"},\"thumbnailUrl\":\"https:\\\/\\\/mmkriepas.lv\\\/wp-content\\\/uploads\\\/2024\\\/02\\\/24570r16-zeta-antarctica-ice-111t-xl-ziemas-riepas.jpg\",\"datePublished\":\"2023-09-07T13:35:11+00:00\",\"dateModified\":\"2026-03-30T11:00:15+00:00\",\"breadcrumb\":{\"@id\":\"https:\\\/\\\/mmkriepas.lv\\\/en\\\/p\\\/175-65r14-zeta-antarctica-ice-82t\\\/#breadcrumb\"},\"inLanguage\":\"en-US\",\"potentialAction\":[{\"@type\":\"ReadAction\",\"target\":[\"https:\\\/\\\/mmkriepas.lv\\\/en\\\/p\\\/175-65r14-zeta-antarctica-ice-82t\\\/\"]}]},{\"@type\":\"ImageObject\",\"inLanguage\":\"en-US\",\"@id\":\"https:\\\/\\\/mmkriepas.lv\\\/en\\\/p\\\/175-65r14-zeta-antarctica-ice-82t\\\/#primaryimage\",\"url\":\"https:\\\/\\\/mmkriepas.lv\\\/wp-content\\\/uploads\\\/2024\\\/02\\\/24570r16-zeta-antarctica-ice-111t-xl-ziemas-riepas.jpg\",\"contentUrl\":\"https:\\\/\\\/mmkriepas.lv\\\/wp-content\\\/uploads\\\/2024\\\/02\\\/24570r16-zeta-antarctica-ice-111t-xl-ziemas-riepas.jpg\",\"width\":1040,\"height\":780,\"caption\":\"MMK Zeta Antarctica Ice MAIN\"},{\"@type\":\"BreadcrumbList\",\"@id\":\"https:\\\/\\\/mmkriepas.lv\\\/en\\\/p\\\/175-65r14-zeta-antarctica-ice-82t\\\/#breadcrumb\",\"itemListElement\":[{\"@type\":\"ListItem\",\"position\":1,\"name\":\"S\u0101kums\",\"item\":\"https:\\\/\\\/mmkriepas.lv\\\/en\\\/\"},{\"@type\":\"ListItem\",\"position\":2,\"name\":\"175\\\/65R14 ZETA Antarctica Ice 82T\"}]},{\"@type\":\"WebSite\",\"@id\":\"https:\\\/\\\/mmkriepas.lv\\\/en\\\/#website\",\"url\":\"https:\\\/\\\/mmkriepas.lv\\\/en\\\/\",\"name\":\"MMK Riepas\",\"description\":\"MMK Riepas\",\"alternateName\":\"MMK Riepu Serviss\",\"potentialAction\":[{\"@type\":\"SearchAction\",\"target\":{\"@type\":\"EntryPoint\",\"urlTemplate\":\"https:\\\/\\\/mmkriepas.lv\\\/en\\\/?s={search_term_string}\"},\"query-input\":{\"@type\":\"PropertyValueSpecification\",\"valueRequired\":true,\"valueName\":\"search_term_string\"}}],\"inLanguage\":\"en-US\"},{\"@type\":\"ImageObject\",\"inLanguage\":\"en-US\",\"@id\":\"https:\\\/\\\/mmkriepas.lv\\\/en\\\/p\\\/175-65r14-zeta-antarctica-ice-82t\\\/#local-main-organization-logo\",\"url\":\"\",\"contentUrl\":\"\",\"caption\":\"MMK Riepas\"}]}<\/script>\n<meta property=\"product:brand\" content=\"Zeta Antarctica Ice\" \/>\n<meta property=\"product:price:amount\" content=\"39.00\" \/>\n<meta property=\"product:price:currency\" content=\"EUR\" \/>\n<meta property=\"og:availability\" content=\"instock\" \/>\n<meta property=\"product:availability\" content=\"instock\" \/>\n<meta property=\"product:retailer_item_id\" content=\"TW1756514ZETA-29205\" \/>\n<meta property=\"product:condition\" content=\"new\" \/>\n<!-- \/ Yoast SEO Premium plugin. -->","yoast_head_json":{"title":"175\/65R14 ZETA Antarctica Ice 82T &#8226; MMK Riepas","robots":{"index":"index","follow":"follow","max-snippet":"max-snippet:-1","max-image-preview":"max-image-preview:large","max-video-preview":"max-video-preview:-1"},"canonical":"https:\/\/mmkriepas.lv\/en\/p\/175-65r14-zeta-antarctica-ice-82t\/","og_locale":"en_US","og_type":"article","og_title":"175\/65R14 ZETA Antarctica Ice 82T","og_description":"Zeta Antarctica Ice ir labas kvalit\u0101tes, bud\u017eeta klases rad\u017eojamais ziemas riepu modelis. Zeta riepu r\u016bpn\u012bc\u0101 tiek ra\u017eotas Nokian riepas. Riepu gigants Nokian izv\u0113l\u0113jies tie\u0161i Zeta riepu r\u016bpn\u012bcu augsto kvalit\u0101tes standartu d\u0113\u013c. Tas izce\u013cas ar \u013coti labiem komforta un veiktsp\u0113jas r\u0101d\u012bt\u0101jiem pat skabrbos ziemas brauk\u0161anas apst\u0101k\u013cos. Protektor\u0101 iesp\u0113jams iestr\u0101d\u0101t radzes, b\u016btiski uzlabojot riepu veiktsp\u0113ju uz apledoju\u0161\u0101m ce\u013ca virsm\u0101m. \u0160is modelis pieejams pla\u0161\u0101 izm\u0113ru kl\u0101st\u0101 no R14 l\u012bdz R18 un paredz\u0113ts maza un vid\u0113ja izm\u0113ra vieglaj\u0101m automa\u0161\u012bn\u0101m.","og_url":"https:\/\/mmkriepas.lv\/en\/p\/175-65r14-zeta-antarctica-ice-82t\/","og_site_name":"MMK Riepas","article_publisher":"https:\/\/www.facebook.com\/mmkserviss\/","article_modified_time":"2026-03-30T11:00:15+00:00","og_image":[{"width":1040,"height":780,"url":"https:\/\/mmkriepas.lv\/wp-content\/uploads\/2024\/02\/24570r16-zeta-antarctica-ice-111t-xl-ziemas-riepas.jpg","type":"image\/jpeg"}],"twitter_card":"summary_large_image","twitter_misc":{"Price":"&euro;39.00","Availability":"In stock"},"schema":{"@context":"https:\/\/schema.org","@graph":[{"@type":"WebPage","@id":"https:\/\/mmkriepas.lv\/en\/p\/175-65r14-zeta-antarctica-ice-82t\/","url":"https:\/\/mmkriepas.lv\/en\/p\/175-65r14-zeta-antarctica-ice-82t\/","name":"175\/65R14 ZETA Antarctica Ice 82T &#8226; MMK Riepas","isPartOf":{"@id":"https:\/\/mmkriepas.lv\/en\/#website"},"primaryImageOfPage":{"@id":"https:\/\/mmkriepas.lv\/en\/p\/175-65r14-zeta-antarctica-ice-82t\/#primaryimage"},"image":{"@id":"https:\/\/mmkriepas.lv\/en\/p\/175-65r14-zeta-antarctica-ice-82t\/#primaryimage"},"thumbnailUrl":"https:\/\/mmkriepas.lv\/wp-content\/uploads\/2024\/02\/24570r16-zeta-antarctica-ice-111t-xl-ziemas-riepas.jpg","datePublished":"2023-09-07T13:35:11+00:00","dateModified":"2026-03-30T11:00:15+00:00","breadcrumb":{"@id":"https:\/\/mmkriepas.lv\/en\/p\/175-65r14-zeta-antarctica-ice-82t\/#breadcrumb"},"inLanguage":"en-US","potentialAction":[{"@type":"ReadAction","target":["https:\/\/mmkriepas.lv\/en\/p\/175-65r14-zeta-antarctica-ice-82t\/"]}]},{"@type":"ImageObject","inLanguage":"en-US","@id":"https:\/\/mmkriepas.lv\/en\/p\/175-65r14-zeta-antarctica-ice-82t\/#primaryimage","url":"https:\/\/mmkriepas.lv\/wp-content\/uploads\/2024\/02\/24570r16-zeta-antarctica-ice-111t-xl-ziemas-riepas.jpg","contentUrl":"https:\/\/mmkriepas.lv\/wp-content\/uploads\/2024\/02\/24570r16-zeta-antarctica-ice-111t-xl-ziemas-riepas.jpg","width":1040,"height":780,"caption":"MMK Zeta Antarctica Ice MAIN"},{"@type":"BreadcrumbList","@id":"https:\/\/mmkriepas.lv\/en\/p\/175-65r14-zeta-antarctica-ice-82t\/#breadcrumb","itemListElement":[{"@type":"ListItem","position":1,"name":"S\u0101kums","item":"https:\/\/mmkriepas.lv\/en\/"},{"@type":"ListItem","position":2,"name":"175\/65R14 ZETA Antarctica Ice 82T"}]},{"@type":"WebSite","@id":"https:\/\/mmkriepas.lv\/en\/#website","url":"https:\/\/mmkriepas.lv\/en\/","name":"MMK Riepas","description":"MMK Riepas","alternateName":"MMK Riepu Serviss","potentialAction":[{"@type":"SearchAction","target":{"@type":"EntryPoint","urlTemplate":"https:\/\/mmkriepas.lv\/en\/?s={search_term_string}"},"query-input":{"@type":"PropertyValueSpecification","valueRequired":true,"valueName":"search_term_string"}}],"inLanguage":"en-US"},{"@type":"ImageObject","inLanguage":"en-US","@id":"https:\/\/mmkriepas.lv\/en\/p\/175-65r14-zeta-antarctica-ice-82t\/#local-main-organization-logo","url":"","contentUrl":"","caption":"MMK Riepas"}]},"product_brand":"Zeta Antarctica Ice","product_price_amount":"39.00","product_price_currency":"EUR","og_availability":"instock","product_availability":"instock","product_retailer_item_id":"TW1756514ZETA-29205","product_condition":"new"},"_links":{"self":[{"href":"https:\/\/mmkriepas.lv\/en\/wp-json\/wp\/v2\/product\/785347","targetHints":{"allow":["GET"]}}],"collection":[{"href":"https:\/\/mmkriepas.lv\/en\/wp-json\/wp\/v2\/product"}],"about":[{"href":"https:\/\/mmkriepas.lv\/en\/wp-json\/wp\/v2\/types\/product"}],"wp:featuredmedia":[{"embeddable":true,"href":"https:\/\/mmkriepas.lv\/en\/wp-json\/wp\/v2\/media\/867014"}],"wp:attachment":[{"href":"https:\/\/mmkriepas.lv\/en\/wp-json\/wp\/v2\/media?parent=785347"}],"wp:term":[{"taxonomy":"product_brand","embeddable":true,"href":"https:\/\/mmkriepas.lv\/en\/wp-json\/wp\/v2\/product_brand?post=785347"},{"taxonomy":"product_cat","embeddable":true,"href":"https:\/\/mmkriepas.lv\/en\/wp-json\/wp\/v2\/product_cat?post=785347"},{"taxonomy":"product_tag","embeddable":true,"href":"https:\/\/mmkriepas.lv\/en\/wp-json\/wp\/v2\/product_tag?post=785347"}],"curies":[{"name":"wp","href":"https:\/\/api.w.org\/{rel}","templated":true}]}}