{"id":781969,"date":"2023-09-01T09:35:06","date_gmt":"2023-09-01T06:35:06","guid":{"rendered":"https:\/\/mmkserviss.lv\/?post_type=product&#038;p=781969"},"modified":"2026-03-27T13:39:58","modified_gmt":"2026-03-27T11:39:58","slug":"265-70r15-maxxis-presa-suv-ice-ss-01-112q","status":"publish","type":"product","link":"https:\/\/mmkriepas.lv\/en\/p\/265-70r15-maxxis-presa-suv-ice-ss-01-112q\/","title":{"rendered":"265\/70R15 Maxxis Presa SUV Ice SS-01 112Q"},"content":{"rendered":"<p><span style=\"font-family: Arial, serif;\"><span style=\"font-size: medium;\"><b>Maxxis Presa SUV Ice <\/b><\/span><\/span><span style=\"font-family: Arial, serif;\"><span style=\"font-size: medium;\"><b>SS-01<\/b><\/span><\/span><span style=\"font-family: Arial, serif;\"><span style=\"font-size: medium;\"> riepa ir ziemas modelis, kas paredz\u0113ts apvidus auto. Riepu izstr\u0101des proces\u0101 uz\u0146\u0113muma speci\u0101listi cent\u0101s \u0146emt v\u0113r\u0101 iesp\u0113jamos ekspluat\u0101cijas apst\u0101k\u013cus un izveidoja riepu ar lab\u0101kaj\u0101m veiktsp\u0113jas \u012bpa\u0161\u012bb\u0101m. \u0160im modelim ir jauns tr\u012bsdimensiju lameles dizains Y form\u0101. Tas izv\u0113l\u0113ts, lai pat pie paaugstin\u0101t\u0101m slodz\u0113m nodro\u0161in\u0101tu protektora bloka stingr\u012bbu gan bremz\u0113\u0161anas, gan kust\u012bbas laik\u0101.\u00a0<\/span><\/span><\/p>\n<p><span style=\"font-family: Arial, serif;\"><span style=\"font-size: large;\"><b>Presa SUV Ice <\/b><\/span><\/span><span style=\"font-family: Arial, serif;\"><span style=\"font-size: large;\"><b>SS-01<\/b><\/span><\/span><span style=\"font-family: Arial, serif;\"><span style=\"font-size: large;\"><b> galven\u0101s iez\u012bmes <\/b><\/span><\/span><\/p>\n<p><span style=\"font-family: Arial, serif;\"><span style=\"font-size: medium;\">&#8211; <\/span><\/span><span style=\"font-family: Arial, serif;\"><span style=\"font-size: medium;\">S<\/span><\/span><span style=\"font-family: Arial, serif;\"><span style=\"font-size: medium;\">peci\u0101li izstr\u0101d\u0101tais protektora raksts \u013cauj sasniegt maksim\u0101lu veiktsp\u0113ju; <\/span><\/span><\/p>\n<p><span style=\"font-family: Arial, serif;\"><span style=\"font-size: medium;\">&#8211; <\/span><\/span><span style=\"font-family: Arial, serif;\"><span style=\"font-size: medium;\">U<\/span><\/span><span style=\"font-family: Arial, serif;\"><span style=\"font-size: medium;\">nik\u0101ls gumijas mais\u012bjums saglab\u0101 gumijas elast\u012bbu pie zem\u0101kaj\u0101m temperat\u016br\u0101m un kop\u0101 ar lielo skaitu lame\u013cu samazina rad\u012bto troksni; <\/span><\/span><\/p>\n<p><span style=\"font-family: Arial, serif;\"><span style=\"font-size: medium;\">&#8211; <\/span><\/span><span style=\"font-family: Arial, serif;\"><span style=\"font-size: medium;\">P<\/span><\/span><span style=\"font-family: Arial, serif;\"><span style=\"font-size: medium;\">rotektora bloku izvietojums uzlabo riepas pa\u0161att\u012br\u012b\u0161anos un veiktsp\u0113ju.<\/span><\/span><\/p>\n<p><span style=\"font-family: Arial, serif;\"><span style=\"font-size: large;\"><b>Izcila caurg\u0101jam\u012bba pat dzi\u013c\u0101kajos sniegos!<\/b><\/span><\/span><\/p>\n<p><span style=\"font-family: Arial, serif;\"><span style=\"font-size: medium;\">Riepu ra\u017eo\u0161anas proces\u0101 tika izmantots \u012bpa\u0161s gumijas mais\u012bjums, kas tika izstr\u0101d\u0101ts skarb\u0101kajiem ziemas apst\u0101k\u013ciem. Maxxis Presa SUV Ice <\/span><\/span><span style=\"font-family: Arial, serif;\"><span style=\"font-size: medium;\">SS-01 <\/span><\/span><span style=\"font-family: Arial, serif;\"><span style=\"font-size: medium;\">riepa nodro\u0161ina izcilu vad\u0101m\u012bbu uz jebkura ce\u013ca seguma (apledoju\u0161a vai sniegota). Liels skaits garenisko un \u0161\u0137\u0113rsvirziena kan\u0101lu nodro\u0161ina \u0101tru \u016bdens un sniega novadi no saskares zonas ar ce\u013ca segumu. Lai palielin\u0101tu caurg\u0101jam\u012bbu ir izveidotas mas\u012bvas s\u0101nu gropes un lieli protektora bloki! Pla\u0161a centr\u0101l\u0101 bloku rinda uz protektora ir \u013c\u0101vusi sasniegt izcilu stabilit\u0101ti manevr\u0113jot. Ja j\u016bs izv\u0113l\u0113sieties \u0161o Maxxis riepu, j\u016bs varat piln\u012bb\u0101 kontrol\u0113t situ\u0101ciju uz ce\u013ca neatkar\u012bgi no laika apst\u0101k\u013ciem!<\/span><\/span><\/p>\n<p><span style=\"color: #c9211e;\"><span style=\"font-family: Arial, serif;\"><span style=\"font-size: medium;\"><b>Maxxis Presa SUV Ice <\/b><\/span><\/span><span style=\"font-family: Arial, serif;\"><span style=\"font-size: medium;\"><b>SS-01<\/b><\/span><\/span><span style=\"font-family: Arial, serif;\"><span style=\"font-size: medium;\"> mode\u013ca lieto\u0161anas dro\u0161\u012bbu ziemas laika apst\u0101k\u013cos un t\u0101 atbilst\u012bbu valst\u012bm ar oblig\u0101tu sezon\u0101lo riepu mai\u0146u apstiprina mar\u0137\u0113jums sniegp\u0101rslas form\u0101 uz kalna fona ar trim virsotn\u0113m (3PMSF).\u00a0<\/span><\/span><\/span><\/p>\n","protected":false},"excerpt":{"rendered":"<p><span style=\"font-family: Arial, serif;\"><span style=\"font-size: medium;\"><b>Maxxis Presa SUV Ice <\/b><\/span><\/span><span style=\"font-family: Arial, serif;\"><span style=\"font-size: medium;\"><b>SS-01<\/b><\/span><\/span><span style=\"font-family: Arial, serif;\"><span style=\"font-size: medium;\"> riepa ir ziemas modelis, kas paredz\u0113ts apvidus auto. Riepu izstr\u0101des proces\u0101 uz\u0146\u0113muma speci\u0101listi cent\u0101s \u0146emt v\u0113r\u0101 iesp\u0113jamos ekspluat\u0101cijas apst\u0101k\u013cus un izveidoja riepu ar lab\u0101kaj\u0101m veiktsp\u0113jas \u012bpa\u0161\u012bb\u0101m. \u0160im modelim ir jauns tr\u012bsdimensiju lameles dizains Y form\u0101. Tas izv\u0113l\u0113ts, lai pat pie paaugstin\u0101t\u0101m slodz\u0113m nodro\u0161in\u0101tu protektora bloka stingr\u012bbu gan bremz\u0113\u0161anas, gan kust\u012bbas laik\u0101.\u00a0<\/span><\/span><\/p>\n","protected":false},"featured_media":793457,"template":"","meta":{"_acf_changed":false,"ngg_post_thumbnail":0},"product_brand":[],"product_cat":[47,45],"product_tag":[],"class_list":{"0":"post-781969","1":"product","2":"type-product","3":"status-publish","4":"has-post-thumbnail","6":"product_cat-vissezonas-riepas","7":"product_cat-ziemas-riepas","9":"first","10":"instock","11":"sale","12":"taxable","13":"shipping-taxable","14":"purchasable","15":"product-type-simple"},"acf":[],"yoast_head":"<!-- This site is optimized with the Yoast SEO Premium plugin v22.6 (Yoast SEO v27.3) - https:\/\/yoast.com\/product\/yoast-seo-premium-wordpress\/ -->\n<title>265\/70R15 Maxxis Presa SUV Ice SS-01 112Q &#8226; MMK Riepas<\/title>\n<meta name=\"robots\" content=\"index, follow, max-snippet:-1, max-image-preview:large, max-video-preview:-1\" \/>\n<link rel=\"canonical\" href=\"https:\/\/mmkriepas.lv\/en\/p\/265-70r15-maxxis-presa-suv-ice-ss-01-112q\/\" \/>\n<meta property=\"og:locale\" content=\"en_US\" \/>\n<meta property=\"og:type\" content=\"article\" \/>\n<meta property=\"og:title\" content=\"265\/70R15 Maxxis Presa SUV Ice SS-01 112Q\" \/>\n<meta property=\"og:description\" content=\"Maxxis Presa SUV Ice SS-01 riepa ir ziemas modelis, kas paredz\u0113ts apvidus auto. Riepu izstr\u0101des proces\u0101 uz\u0146\u0113muma speci\u0101listi cent\u0101s \u0146emt v\u0113r\u0101 iesp\u0113jamos ekspluat\u0101cijas apst\u0101k\u013cus un izveidoja riepu ar lab\u0101kaj\u0101m veiktsp\u0113jas \u012bpa\u0161\u012bb\u0101m. \u0160im modelim ir jauns tr\u012bsdimensiju lameles dizains Y form\u0101. Tas izv\u0113l\u0113ts, lai pat pie paaugstin\u0101t\u0101m slodz\u0113m nodro\u0161in\u0101tu protektora bloka stingr\u012bbu gan bremz\u0113\u0161anas, gan kust\u012bbas laik\u0101.\u00a0\" \/>\n<meta property=\"og:url\" content=\"https:\/\/mmkriepas.lv\/en\/p\/265-70r15-maxxis-presa-suv-ice-ss-01-112q\/\" \/>\n<meta property=\"og:site_name\" content=\"MMK Riepas\" \/>\n<meta property=\"article:publisher\" content=\"https:\/\/www.facebook.com\/mmkserviss\/\" \/>\n<meta property=\"article:modified_time\" content=\"2026-03-27T11:39:58+00:00\" \/>\n<meta property=\"og:image\" content=\"https:\/\/mmkriepas.lv\/wp-content\/uploads\/2023\/09\/21565r16-maxxis-presa-suv-ice-ss-01-98q-ziemas-riepas.jpg\" \/>\n\t<meta property=\"og:image:width\" content=\"1920\" \/>\n\t<meta property=\"og:image:height\" content=\"1920\" \/>\n\t<meta property=\"og:image:type\" content=\"image\/jpeg\" \/>\n<meta name=\"twitter:card\" content=\"summary_large_image\" \/>\n<meta name=\"twitter:label1\" content=\"Price\" \/>\n\t<meta name=\"twitter:data1\" content=\"&euro;152.00\" \/>\n\t<meta name=\"twitter:label2\" content=\"Availability\" \/>\n\t<meta name=\"twitter:data2\" content=\"In stock\" \/>\n<script type=\"application\/ld+json\" class=\"yoast-schema-graph\">{\"@context\":\"https:\\\/\\\/schema.org\",\"@graph\":[{\"@type\":\"WebPage\",\"@id\":\"https:\\\/\\\/mmkriepas.lv\\\/en\\\/p\\\/265-70r15-maxxis-presa-suv-ice-ss-01-112q\\\/\",\"url\":\"https:\\\/\\\/mmkriepas.lv\\\/en\\\/p\\\/265-70r15-maxxis-presa-suv-ice-ss-01-112q\\\/\",\"name\":\"265\\\/70R15 Maxxis Presa SUV Ice SS-01 112Q &#8226; MMK Riepas\",\"isPartOf\":{\"@id\":\"https:\\\/\\\/mmkriepas.lv\\\/en\\\/#website\"},\"primaryImageOfPage\":{\"@id\":\"https:\\\/\\\/mmkriepas.lv\\\/en\\\/p\\\/265-70r15-maxxis-presa-suv-ice-ss-01-112q\\\/#primaryimage\"},\"image\":{\"@id\":\"https:\\\/\\\/mmkriepas.lv\\\/en\\\/p\\\/265-70r15-maxxis-presa-suv-ice-ss-01-112q\\\/#primaryimage\"},\"thumbnailUrl\":\"https:\\\/\\\/mmkriepas.lv\\\/wp-content\\\/uploads\\\/2023\\\/09\\\/21565r16-maxxis-presa-suv-ice-ss-01-98q-ziemas-riepas.jpg\",\"datePublished\":\"2023-09-01T06:35:06+00:00\",\"dateModified\":\"2026-03-27T11:39:58+00:00\",\"breadcrumb\":{\"@id\":\"https:\\\/\\\/mmkriepas.lv\\\/en\\\/p\\\/265-70r15-maxxis-presa-suv-ice-ss-01-112q\\\/#breadcrumb\"},\"inLanguage\":\"en-US\",\"potentialAction\":[{\"@type\":\"ReadAction\",\"target\":[\"https:\\\/\\\/mmkriepas.lv\\\/en\\\/p\\\/265-70r15-maxxis-presa-suv-ice-ss-01-112q\\\/\"]}]},{\"@type\":\"ImageObject\",\"inLanguage\":\"en-US\",\"@id\":\"https:\\\/\\\/mmkriepas.lv\\\/en\\\/p\\\/265-70r15-maxxis-presa-suv-ice-ss-01-112q\\\/#primaryimage\",\"url\":\"https:\\\/\\\/mmkriepas.lv\\\/wp-content\\\/uploads\\\/2023\\\/09\\\/21565r16-maxxis-presa-suv-ice-ss-01-98q-ziemas-riepas.jpg\",\"contentUrl\":\"https:\\\/\\\/mmkriepas.lv\\\/wp-content\\\/uploads\\\/2023\\\/09\\\/21565r16-maxxis-presa-suv-ice-ss-01-98q-ziemas-riepas.jpg\",\"width\":1920,\"height\":1920,\"caption\":\"MAIN\"},{\"@type\":\"BreadcrumbList\",\"@id\":\"https:\\\/\\\/mmkriepas.lv\\\/en\\\/p\\\/265-70r15-maxxis-presa-suv-ice-ss-01-112q\\\/#breadcrumb\",\"itemListElement\":[{\"@type\":\"ListItem\",\"position\":1,\"name\":\"S\u0101kums\",\"item\":\"https:\\\/\\\/mmkriepas.lv\\\/en\\\/\"},{\"@type\":\"ListItem\",\"position\":2,\"name\":\"265\\\/70R15 Maxxis Presa SUV Ice SS-01 112Q\"}]},{\"@type\":\"WebSite\",\"@id\":\"https:\\\/\\\/mmkriepas.lv\\\/en\\\/#website\",\"url\":\"https:\\\/\\\/mmkriepas.lv\\\/en\\\/\",\"name\":\"MMK Riepas\",\"description\":\"MMK Riepas\",\"alternateName\":\"MMK Riepu Serviss\",\"potentialAction\":[{\"@type\":\"SearchAction\",\"target\":{\"@type\":\"EntryPoint\",\"urlTemplate\":\"https:\\\/\\\/mmkriepas.lv\\\/en\\\/?s={search_term_string}\"},\"query-input\":{\"@type\":\"PropertyValueSpecification\",\"valueRequired\":true,\"valueName\":\"search_term_string\"}}],\"inLanguage\":\"en-US\"},{\"@type\":\"ImageObject\",\"inLanguage\":\"en-US\",\"@id\":\"https:\\\/\\\/mmkriepas.lv\\\/en\\\/p\\\/265-70r15-maxxis-presa-suv-ice-ss-01-112q\\\/#local-main-organization-logo\",\"url\":\"\",\"contentUrl\":\"\",\"caption\":\"MMK Riepas\"}]}<\/script>\n<meta property=\"product:brand\" content=\"Maxxis Presa SUV Ice SS-01\" \/>\n<meta property=\"product:price:amount\" content=\"152.00\" \/>\n<meta property=\"product:price:currency\" content=\"EUR\" \/>\n<meta property=\"og:availability\" content=\"instock\" \/>\n<meta property=\"product:availability\" content=\"instock\" \/>\n<meta property=\"product:retailer_item_id\" content=\"TW2657015MAXXI-L28964\" \/>\n<meta property=\"product:condition\" content=\"new\" \/>\n<!-- \/ Yoast SEO Premium plugin. -->","yoast_head_json":{"title":"265\/70R15 Maxxis Presa SUV Ice SS-01 112Q &#8226; MMK Riepas","robots":{"index":"index","follow":"follow","max-snippet":"max-snippet:-1","max-image-preview":"max-image-preview:large","max-video-preview":"max-video-preview:-1"},"canonical":"https:\/\/mmkriepas.lv\/en\/p\/265-70r15-maxxis-presa-suv-ice-ss-01-112q\/","og_locale":"en_US","og_type":"article","og_title":"265\/70R15 Maxxis Presa SUV Ice SS-01 112Q","og_description":"Maxxis Presa SUV Ice SS-01 riepa ir ziemas modelis, kas paredz\u0113ts apvidus auto. Riepu izstr\u0101des proces\u0101 uz\u0146\u0113muma speci\u0101listi cent\u0101s \u0146emt v\u0113r\u0101 iesp\u0113jamos ekspluat\u0101cijas apst\u0101k\u013cus un izveidoja riepu ar lab\u0101kaj\u0101m veiktsp\u0113jas \u012bpa\u0161\u012bb\u0101m. \u0160im modelim ir jauns tr\u012bsdimensiju lameles dizains Y form\u0101. Tas izv\u0113l\u0113ts, lai pat pie paaugstin\u0101t\u0101m slodz\u0113m nodro\u0161in\u0101tu protektora bloka stingr\u012bbu gan bremz\u0113\u0161anas, gan kust\u012bbas laik\u0101.\u00a0","og_url":"https:\/\/mmkriepas.lv\/en\/p\/265-70r15-maxxis-presa-suv-ice-ss-01-112q\/","og_site_name":"MMK Riepas","article_publisher":"https:\/\/www.facebook.com\/mmkserviss\/","article_modified_time":"2026-03-27T11:39:58+00:00","og_image":[{"width":1920,"height":1920,"url":"https:\/\/mmkriepas.lv\/wp-content\/uploads\/2023\/09\/21565r16-maxxis-presa-suv-ice-ss-01-98q-ziemas-riepas.jpg","type":"image\/jpeg"}],"twitter_card":"summary_large_image","twitter_misc":{"Price":"&euro;152.00","Availability":"In stock"},"schema":{"@context":"https:\/\/schema.org","@graph":[{"@type":"WebPage","@id":"https:\/\/mmkriepas.lv\/en\/p\/265-70r15-maxxis-presa-suv-ice-ss-01-112q\/","url":"https:\/\/mmkriepas.lv\/en\/p\/265-70r15-maxxis-presa-suv-ice-ss-01-112q\/","name":"265\/70R15 Maxxis Presa SUV Ice SS-01 112Q &#8226; MMK Riepas","isPartOf":{"@id":"https:\/\/mmkriepas.lv\/en\/#website"},"primaryImageOfPage":{"@id":"https:\/\/mmkriepas.lv\/en\/p\/265-70r15-maxxis-presa-suv-ice-ss-01-112q\/#primaryimage"},"image":{"@id":"https:\/\/mmkriepas.lv\/en\/p\/265-70r15-maxxis-presa-suv-ice-ss-01-112q\/#primaryimage"},"thumbnailUrl":"https:\/\/mmkriepas.lv\/wp-content\/uploads\/2023\/09\/21565r16-maxxis-presa-suv-ice-ss-01-98q-ziemas-riepas.jpg","datePublished":"2023-09-01T06:35:06+00:00","dateModified":"2026-03-27T11:39:58+00:00","breadcrumb":{"@id":"https:\/\/mmkriepas.lv\/en\/p\/265-70r15-maxxis-presa-suv-ice-ss-01-112q\/#breadcrumb"},"inLanguage":"en-US","potentialAction":[{"@type":"ReadAction","target":["https:\/\/mmkriepas.lv\/en\/p\/265-70r15-maxxis-presa-suv-ice-ss-01-112q\/"]}]},{"@type":"ImageObject","inLanguage":"en-US","@id":"https:\/\/mmkriepas.lv\/en\/p\/265-70r15-maxxis-presa-suv-ice-ss-01-112q\/#primaryimage","url":"https:\/\/mmkriepas.lv\/wp-content\/uploads\/2023\/09\/21565r16-maxxis-presa-suv-ice-ss-01-98q-ziemas-riepas.jpg","contentUrl":"https:\/\/mmkriepas.lv\/wp-content\/uploads\/2023\/09\/21565r16-maxxis-presa-suv-ice-ss-01-98q-ziemas-riepas.jpg","width":1920,"height":1920,"caption":"MAIN"},{"@type":"BreadcrumbList","@id":"https:\/\/mmkriepas.lv\/en\/p\/265-70r15-maxxis-presa-suv-ice-ss-01-112q\/#breadcrumb","itemListElement":[{"@type":"ListItem","position":1,"name":"S\u0101kums","item":"https:\/\/mmkriepas.lv\/en\/"},{"@type":"ListItem","position":2,"name":"265\/70R15 Maxxis Presa SUV Ice SS-01 112Q"}]},{"@type":"WebSite","@id":"https:\/\/mmkriepas.lv\/en\/#website","url":"https:\/\/mmkriepas.lv\/en\/","name":"MMK Riepas","description":"MMK Riepas","alternateName":"MMK Riepu Serviss","potentialAction":[{"@type":"SearchAction","target":{"@type":"EntryPoint","urlTemplate":"https:\/\/mmkriepas.lv\/en\/?s={search_term_string}"},"query-input":{"@type":"PropertyValueSpecification","valueRequired":true,"valueName":"search_term_string"}}],"inLanguage":"en-US"},{"@type":"ImageObject","inLanguage":"en-US","@id":"https:\/\/mmkriepas.lv\/en\/p\/265-70r15-maxxis-presa-suv-ice-ss-01-112q\/#local-main-organization-logo","url":"","contentUrl":"","caption":"MMK Riepas"}]},"product_brand":"Maxxis Presa SUV Ice SS-01","product_price_amount":"152.00","product_price_currency":"EUR","og_availability":"instock","product_availability":"instock","product_retailer_item_id":"TW2657015MAXXI-L28964","product_condition":"new"},"_links":{"self":[{"href":"https:\/\/mmkriepas.lv\/en\/wp-json\/wp\/v2\/product\/781969","targetHints":{"allow":["GET"]}}],"collection":[{"href":"https:\/\/mmkriepas.lv\/en\/wp-json\/wp\/v2\/product"}],"about":[{"href":"https:\/\/mmkriepas.lv\/en\/wp-json\/wp\/v2\/types\/product"}],"wp:featuredmedia":[{"embeddable":true,"href":"https:\/\/mmkriepas.lv\/en\/wp-json\/wp\/v2\/media\/793457"}],"wp:attachment":[{"href":"https:\/\/mmkriepas.lv\/en\/wp-json\/wp\/v2\/media?parent=781969"}],"wp:term":[{"taxonomy":"product_brand","embeddable":true,"href":"https:\/\/mmkriepas.lv\/en\/wp-json\/wp\/v2\/product_brand?post=781969"},{"taxonomy":"product_cat","embeddable":true,"href":"https:\/\/mmkriepas.lv\/en\/wp-json\/wp\/v2\/product_cat?post=781969"},{"taxonomy":"product_tag","embeddable":true,"href":"https:\/\/mmkriepas.lv\/en\/wp-json\/wp\/v2\/product_tag?post=781969"}],"curies":[{"name":"wp","href":"https:\/\/api.w.org\/{rel}","templated":true}]}}