{"id":781110,"date":"2023-08-31T09:46:46","date_gmt":"2023-08-31T06:46:46","guid":{"rendered":"https:\/\/mmkserviss.lv\/?post_type=product&#038;p=781110"},"modified":"2025-10-02T00:01:44","modified_gmt":"2025-10-01T21:01:44","slug":"235-65r17-michelin-x-ice-north-4-suv-108t-xl-ar-radzem-3","status":"publish","type":"product","link":"https:\/\/mmkriepas.lv\/en\/p\/235-65r17-michelin-x-ice-north-4-suv-108t-xl-ar-radzem-3\/","title":{"rendered":"235\/65R17 Michelin X-Ice North 4 SUV 108T XL RP ar radz\u0113m"},"content":{"rendered":"<p><span style=\"font-family: Times New Roman, serif;\"><span style=\"font-size: medium;\"><span style=\"font-family: Arial, serif;\"><b>Michelin X-Ice North 4 SUV<\/b><\/span><span style=\"font-family: Arial, serif;\"> ir viens no lab\u0101kajiem <\/span><span style=\"color: #0000ff;\"><u><a href=\"https:\/\/mmkriepas.lv\/riepas\/ziemas-ar-radzem\/\"><span style=\"font-family: Arial, serif;\">rad\u017eu riepu<\/span><\/a><\/u><\/span><span style=\"font-family: Arial, serif;\"> mode\u013ciem pasaul\u0113. Piem\u0113rots apvidus jeb SUV automa\u0161\u012bn\u0101m. Modelis pieejams pla\u0161\u0101 izm\u0113ru kl\u0101st\u0101 un nodro\u0161ina neticami labu sa\u0137eri ar sniegu un ledu.\u00a0<\/span><\/span><\/span><\/p>\n<p><span style=\"font-family: Times New Roman, serif;\"><span style=\"font-size: medium;\"><span style=\"color: #c9211e;\"><span style=\"font-family: Arial, serif;\"><span>Mode\u013ca lieto\u0161anas dro\u0161\u012bbu ziemas laika apst\u0101k\u013cos un t\u0101 atbilst\u012bbu valst\u012bm ar oblig\u0101tu sezon\u0101lo riepu mai\u0146u apstiprina mar\u0137\u0113jums sniegp\u0101rslas form\u0101 uz kalna fona ar trim virsotn\u0113m (3PMSF).<\/span><\/span><\/span><\/span><\/span><\/p>\n<h3 class=\"western\"><span style=\"font-family: Arial, serif;\">X-Ice North 4 SUV galven\u0101s iez\u012bmes:<\/span><\/h3>\n<p><span style=\"font-family: Times New Roman, serif;\"><span style=\"font-size: medium;\"><span style=\"font-family: Arial, serif;\">+ Riepu modelis piem\u0113rots tie\u0161i apvidus jeb SUV automa\u0161\u012bn\u0101m, <\/span><\/span><\/span><\/p>\n<p><span style=\"font-family: Times New Roman, serif;\"><span style=\"font-size: medium;\"><span style=\"font-family: Arial, serif;\">+ Viens no Top3 lab\u0101kajiem rad\u017eu riepu mode\u013ciem pasaul\u0113, <\/span><\/span><\/span><\/p>\n<p><span style=\"font-family: Times New Roman, serif;\"><span style=\"font-size: medium;\"><span style=\"font-family: Arial, serif;\">+ Augst\u0101kais dro\u0161\u012bbas l\u012bmenis snieg\u0101 vai uz ledus, <\/span><\/span><\/span><\/p>\n<p><span style=\"font-family: Times New Roman, serif;\"><span style=\"font-size: medium;\"><span style=\"font-family: Arial, serif;\">+ Vair\u0101k k\u0101 250 jauna, pilnveidota dizaina rad\u017eu uz riepu, <\/span><\/span><\/span><\/p>\n<p><span style=\"font-family: Times New Roman, serif;\"><span style=\"font-size: medium;\"><span style=\"font-family: Arial, serif;\">+ Palielin\u0101ta nodilumiztur\u012bba, <\/span><\/span><\/span><\/p>\n<p><span style=\"font-family: Times New Roman, serif;\"><span style=\"font-size: medium;\"><span style=\"font-family: Arial, serif;\">+ Jauns, uzlabots protektora dizains \u012bpa\u0161i labai veiktsp\u0113jai pat dzi\u013c\u0101 snieg\u0101, <\/span><\/span><\/span><\/p>\n<p><span style=\"font-family: Times New Roman, serif;\"><span style=\"font-size: medium;\"><span style=\"font-family: Arial, serif;\">+ Jaun\u0101k\u0101s Michelin tehnolo\u0123ijas, <\/span><\/span><\/span><\/p>\n<p><span style=\"font-family: Times New Roman, serif;\"><span style=\"font-size: medium;\"><span style=\"font-family: Arial, serif;\">+ Michelin ir liel\u0101kais riepu ra\u017eot\u0101js pasaul\u0113, <\/span><\/span><\/span><\/p>\n<p><span style=\"font-family: Times New Roman, serif;\"><span style=\"font-size: medium;\"><span style=\"font-family: Arial, serif;\">+ Palielin\u0101ts dren\u0101\u017eas jeb \u016bdens novadkan\u0101lu skaits lab\u0101kai veiktsp\u0113jai slapjdra\u0146\u0137\u012b.<\/span><\/span><\/span><\/p>\n<h3 class=\"western\"><span style=\"font-family: Arial, serif;\">X-Ice North 4 SUV apr\u012bkojums<\/span><\/h3>\n<p><span style=\"font-family: Times New Roman, serif;\"><span style=\"font-size: medium;\"><span style=\"font-family: Arial, serif;\"><b>Michelin X-Ice North 4 SUV <\/b><\/span><span style=\"font-family: Arial, serif;\">ir apr\u012bkots ar pilveidotu virzienveida protektora dizaninu, kur\u0101 iestr\u0101d\u0101tas, atkar\u012bb\u0101 no izm\u0113ra, ne maz\u0101k k\u0101 250 radzes uz riepu. <\/span><span style=\"font-family: Arial, serif;\"><i>Sal\u012bdzin\u0101jumam, standarta ziemas riepai ar radz\u0113m parasti ir aptuveni 100 radzes uz riepu.<\/i><\/span><span style=\"font-family: Arial, serif;\"> Izstr\u0101d\u0101jot \u0161o riepu modeli, Michelin in\u017eenieri piestr\u0101d\u0101ju\u0161i pie katra, pat s\u012bk\u0101k\u0101 elementa, s\u0101kot no rad\u017eu formas un materi\u0101la, l\u012bdz pat to izvietojumam savstarp\u0113jai mijiedarb\u012bbai. Rad\u017eu forma izv\u0113l\u0113ta, iedvesmojoties no ziemas rallija auto rad\u017eu formas, nodro\u0161inot teicamu sa\u0137eri ar apledoju\u0161u ce\u013cu pat lielos brauk\u0161anas \u0101trumos. Uzlabots ar\u012b riepu gumijas sast\u0101vs, kas padar\u012bts v\u0113l elast\u012bg\u0101ks un nodilumiztur\u012bg\u0101ks. Taj\u0101 iestr\u0101d\u0101tas ar\u012b lameles, kuras, tand\u0113m\u0101 ar radz\u0113m, veido sa\u0137eri ar ledu, k\u0101 ar\u012b pal\u012bdz izvad\u012bt \u016bdeni no riepu kontakta virsmas ar ce\u013cu.<\/span><\/span><\/span><\/p>\n","protected":false},"excerpt":{"rendered":"<p><span style=\"font-family: Times New Roman, serif;\"><span style=\"font-size: medium;\"><span style=\"font-family: Arial, serif;\"><b>Michelin X-Ice North 4 SUV<\/b><\/span><span style=\"font-family: Arial, serif;\"> ir viens no lab\u0101kajiem <\/span><span style=\"color: #0000ff;\"><u><a href=\"https:\/\/mmkriepas.lv\/riepas\/ziemas-ar-radzem\/\"><span style=\"font-family: Arial, serif;\">rad\u017eu riepu<\/span><\/a><\/u><\/span><span style=\"font-family: Arial, serif;\"> mode\u013ciem pasaul\u0113. Piem\u0113rots apvidus jeb SUV automa\u0161\u012bn\u0101m. Modelis pieejams pla\u0161\u0101 izm\u0113ru kl\u0101st\u0101 un nodro\u0161ina neticami labu sa\u0137eri ar sniegu un ledu.\u00a0<\/span><\/span><\/span><\/p>\n<p><span style=\"font-family: Times New Roman, serif;\"><span style=\"font-size: medium;\"><span style=\"color: #c9211e;\"><span style=\"font-family: Arial, serif;\"><span>Mode\u013ca lieto\u0161anas dro\u0161\u012bbu ziemas laika apst\u0101k\u013cos un t\u0101 atbilst\u012bbu valst\u012bm ar oblig\u0101tu sezon\u0101lo riepu mai\u0146u apstiprina mar\u0137\u0113jums sniegp\u0101rslas form\u0101 uz kalna fona ar trim virsotn\u0113m (3PMSF).<\/span><\/span><\/span><\/span><\/span><\/p>\n","protected":false},"featured_media":305070,"template":"","meta":{"_acf_changed":false,"ngg_post_thumbnail":0},"product_brand":[],"product_cat":[45,48],"product_tag":[],"class_list":{"0":"post-781110","1":"product","2":"type-product","3":"status-publish","4":"has-post-thumbnail","6":"product_cat-ziemas-riepas","7":"product_cat-ziemas-ar-radzem","9":"first","10":"outofstock","11":"sale","12":"taxable","13":"shipping-taxable","14":"product-type-simple"},"acf":[],"yoast_head":"<!-- This site is optimized with the Yoast SEO Premium plugin v22.6 (Yoast SEO v27.3) - https:\/\/yoast.com\/product\/yoast-seo-premium-wordpress\/ -->\n<title>235\/65R17 Michelin X-Ice North 4 SUV 108T XL RP ar radz\u0113m &#8226; MMK Riepas<\/title>\n<meta name=\"robots\" content=\"index, follow, max-snippet:-1, max-image-preview:large, max-video-preview:-1\" \/>\n<link rel=\"canonical\" href=\"https:\/\/mmkriepas.lv\/en\/p\/235-65r17-michelin-x-ice-north-4-suv-108t-xl-ar-radzem-3\/\" \/>\n<meta property=\"og:locale\" content=\"en_US\" \/>\n<meta property=\"og:type\" content=\"article\" \/>\n<meta property=\"og:title\" content=\"235\/65R17 Michelin X-Ice North 4 SUV 108T XL RP ar radz\u0113m\" \/>\n<meta property=\"og:description\" content=\"Michelin X-Ice North 4 SUV ir viens no lab\u0101kajiem rad\u017eu riepu mode\u013ciem pasaul\u0113. Piem\u0113rots apvidus jeb SUV automa\u0161\u012bn\u0101m. Modelis pieejams pla\u0161\u0101 izm\u0113ru kl\u0101st\u0101 un nodro\u0161ina neticami labu sa\u0137eri ar sniegu un ledu.\u00a0Mode\u013ca lieto\u0161anas dro\u0161\u012bbu ziemas laika apst\u0101k\u013cos un t\u0101 atbilst\u012bbu valst\u012bm ar oblig\u0101tu sezon\u0101lo riepu mai\u0146u apstiprina mar\u0137\u0113jums sniegp\u0101rslas form\u0101 uz kalna fona ar trim virsotn\u0113m (3PMSF).\" \/>\n<meta property=\"og:url\" content=\"https:\/\/mmkriepas.lv\/en\/p\/235-65r17-michelin-x-ice-north-4-suv-108t-xl-ar-radzem-3\/\" \/>\n<meta property=\"og:site_name\" content=\"MMK Riepas\" \/>\n<meta property=\"article:publisher\" content=\"https:\/\/www.facebook.com\/mmkserviss\/\" \/>\n<meta property=\"article:modified_time\" content=\"2025-10-01T21:01:44+00:00\" \/>\n<meta property=\"og:image\" content=\"https:\/\/mmkriepas.lv\/wp-content\/uploads\/2022\/08\/23540r18-michelin-x-ice-north-4-95t-xl-ar-radzem-ziemas-riepas-ziemas-ar-radzem-riepas.jpg\" \/>\n\t<meta property=\"og:image:width\" content=\"1920\" \/>\n\t<meta property=\"og:image:height\" content=\"1278\" \/>\n\t<meta property=\"og:image:type\" content=\"image\/jpeg\" \/>\n<meta name=\"twitter:card\" content=\"summary_large_image\" \/>\n<meta name=\"twitter:label1\" content=\"Price\" \/>\n\t<meta name=\"twitter:data1\" content=\"&euro;206.00\" \/>\n\t<meta name=\"twitter:label2\" content=\"Availability\" \/>\n\t<meta name=\"twitter:data2\" content=\"Out of stock\" \/>\n<script type=\"application\/ld+json\" class=\"yoast-schema-graph\">{\"@context\":\"https:\\\/\\\/schema.org\",\"@graph\":[{\"@type\":\"WebPage\",\"@id\":\"https:\\\/\\\/mmkriepas.lv\\\/en\\\/p\\\/235-65r17-michelin-x-ice-north-4-suv-108t-xl-ar-radzem-3\\\/\",\"url\":\"https:\\\/\\\/mmkriepas.lv\\\/en\\\/p\\\/235-65r17-michelin-x-ice-north-4-suv-108t-xl-ar-radzem-3\\\/\",\"name\":\"235\\\/65R17 Michelin X-Ice North 4 SUV 108T XL RP ar radz\u0113m &#8226; MMK Riepas\",\"isPartOf\":{\"@id\":\"https:\\\/\\\/mmkriepas.lv\\\/en\\\/#website\"},\"primaryImageOfPage\":{\"@id\":\"https:\\\/\\\/mmkriepas.lv\\\/en\\\/p\\\/235-65r17-michelin-x-ice-north-4-suv-108t-xl-ar-radzem-3\\\/#primaryimage\"},\"image\":{\"@id\":\"https:\\\/\\\/mmkriepas.lv\\\/en\\\/p\\\/235-65r17-michelin-x-ice-north-4-suv-108t-xl-ar-radzem-3\\\/#primaryimage\"},\"thumbnailUrl\":\"https:\\\/\\\/mmkriepas.lv\\\/wp-content\\\/uploads\\\/2022\\\/08\\\/23540r18-michelin-x-ice-north-4-95t-xl-ar-radzem-ziemas-riepas-ziemas-ar-radzem-riepas.jpg\",\"datePublished\":\"2023-08-31T06:46:46+00:00\",\"dateModified\":\"2025-10-01T21:01:44+00:00\",\"breadcrumb\":{\"@id\":\"https:\\\/\\\/mmkriepas.lv\\\/en\\\/p\\\/235-65r17-michelin-x-ice-north-4-suv-108t-xl-ar-radzem-3\\\/#breadcrumb\"},\"inLanguage\":\"en-US\",\"potentialAction\":[{\"@type\":\"ReadAction\",\"target\":[\"https:\\\/\\\/mmkriepas.lv\\\/en\\\/p\\\/235-65r17-michelin-x-ice-north-4-suv-108t-xl-ar-radzem-3\\\/\"]}]},{\"@type\":\"ImageObject\",\"inLanguage\":\"en-US\",\"@id\":\"https:\\\/\\\/mmkriepas.lv\\\/en\\\/p\\\/235-65r17-michelin-x-ice-north-4-suv-108t-xl-ar-radzem-3\\\/#primaryimage\",\"url\":\"https:\\\/\\\/mmkriepas.lv\\\/wp-content\\\/uploads\\\/2022\\\/08\\\/23540r18-michelin-x-ice-north-4-95t-xl-ar-radzem-ziemas-riepas-ziemas-ar-radzem-riepas.jpg\",\"contentUrl\":\"https:\\\/\\\/mmkriepas.lv\\\/wp-content\\\/uploads\\\/2022\\\/08\\\/23540r18-michelin-x-ice-north-4-95t-xl-ar-radzem-ziemas-riepas-ziemas-ar-radzem-riepas.jpg\",\"width\":1920,\"height\":1278,\"caption\":\"michelin x-ice north 4\"},{\"@type\":\"BreadcrumbList\",\"@id\":\"https:\\\/\\\/mmkriepas.lv\\\/en\\\/p\\\/235-65r17-michelin-x-ice-north-4-suv-108t-xl-ar-radzem-3\\\/#breadcrumb\",\"itemListElement\":[{\"@type\":\"ListItem\",\"position\":1,\"name\":\"S\u0101kums\",\"item\":\"https:\\\/\\\/mmkriepas.lv\\\/en\\\/\"},{\"@type\":\"ListItem\",\"position\":2,\"name\":\"235\\\/65R17 Michelin X-Ice North 4 SUV 108T XL RP ar radz\u0113m\"}]},{\"@type\":\"WebSite\",\"@id\":\"https:\\\/\\\/mmkriepas.lv\\\/en\\\/#website\",\"url\":\"https:\\\/\\\/mmkriepas.lv\\\/en\\\/\",\"name\":\"MMK Riepas\",\"description\":\"MMK Riepas\",\"alternateName\":\"MMK Riepu Serviss\",\"potentialAction\":[{\"@type\":\"SearchAction\",\"target\":{\"@type\":\"EntryPoint\",\"urlTemplate\":\"https:\\\/\\\/mmkriepas.lv\\\/en\\\/?s={search_term_string}\"},\"query-input\":{\"@type\":\"PropertyValueSpecification\",\"valueRequired\":true,\"valueName\":\"search_term_string\"}}],\"inLanguage\":\"en-US\"},{\"@type\":\"ImageObject\",\"inLanguage\":\"en-US\",\"@id\":\"https:\\\/\\\/mmkriepas.lv\\\/en\\\/p\\\/235-65r17-michelin-x-ice-north-4-suv-108t-xl-ar-radzem-3\\\/#local-main-organization-logo\",\"url\":\"\",\"contentUrl\":\"\",\"caption\":\"MMK Riepas\"}]}<\/script>\n<meta property=\"product:brand\" content=\"Michelin X-Ice North 4 SUV\" \/>\n<meta property=\"product:price:amount\" content=\"206.00\" \/>\n<meta property=\"product:price:currency\" content=\"EUR\" \/>\n<meta property=\"og:availability\" content=\"out of stock\" \/>\n<meta property=\"product:availability\" content=\"out of stock\" \/>\n<meta property=\"product:retailer_item_id\" content=\"TR2356517MICHE-28899\" \/>\n<meta property=\"product:condition\" content=\"new\" \/>\n<!-- \/ Yoast SEO Premium plugin. -->","yoast_head_json":{"title":"235\/65R17 Michelin X-Ice North 4 SUV 108T XL RP ar radz\u0113m &#8226; MMK Riepas","robots":{"index":"index","follow":"follow","max-snippet":"max-snippet:-1","max-image-preview":"max-image-preview:large","max-video-preview":"max-video-preview:-1"},"canonical":"https:\/\/mmkriepas.lv\/en\/p\/235-65r17-michelin-x-ice-north-4-suv-108t-xl-ar-radzem-3\/","og_locale":"en_US","og_type":"article","og_title":"235\/65R17 Michelin X-Ice North 4 SUV 108T XL RP ar radz\u0113m","og_description":"Michelin X-Ice North 4 SUV ir viens no lab\u0101kajiem rad\u017eu riepu mode\u013ciem pasaul\u0113. Piem\u0113rots apvidus jeb SUV automa\u0161\u012bn\u0101m. Modelis pieejams pla\u0161\u0101 izm\u0113ru kl\u0101st\u0101 un nodro\u0161ina neticami labu sa\u0137eri ar sniegu un ledu.\u00a0Mode\u013ca lieto\u0161anas dro\u0161\u012bbu ziemas laika apst\u0101k\u013cos un t\u0101 atbilst\u012bbu valst\u012bm ar oblig\u0101tu sezon\u0101lo riepu mai\u0146u apstiprina mar\u0137\u0113jums sniegp\u0101rslas form\u0101 uz kalna fona ar trim virsotn\u0113m (3PMSF).","og_url":"https:\/\/mmkriepas.lv\/en\/p\/235-65r17-michelin-x-ice-north-4-suv-108t-xl-ar-radzem-3\/","og_site_name":"MMK Riepas","article_publisher":"https:\/\/www.facebook.com\/mmkserviss\/","article_modified_time":"2025-10-01T21:01:44+00:00","og_image":[{"width":1920,"height":1278,"url":"https:\/\/mmkriepas.lv\/wp-content\/uploads\/2022\/08\/23540r18-michelin-x-ice-north-4-95t-xl-ar-radzem-ziemas-riepas-ziemas-ar-radzem-riepas.jpg","type":"image\/jpeg"}],"twitter_card":"summary_large_image","twitter_misc":{"Price":"&euro;206.00","Availability":"Out of stock"},"schema":{"@context":"https:\/\/schema.org","@graph":[{"@type":"WebPage","@id":"https:\/\/mmkriepas.lv\/en\/p\/235-65r17-michelin-x-ice-north-4-suv-108t-xl-ar-radzem-3\/","url":"https:\/\/mmkriepas.lv\/en\/p\/235-65r17-michelin-x-ice-north-4-suv-108t-xl-ar-radzem-3\/","name":"235\/65R17 Michelin X-Ice North 4 SUV 108T XL RP ar radz\u0113m &#8226; MMK Riepas","isPartOf":{"@id":"https:\/\/mmkriepas.lv\/en\/#website"},"primaryImageOfPage":{"@id":"https:\/\/mmkriepas.lv\/en\/p\/235-65r17-michelin-x-ice-north-4-suv-108t-xl-ar-radzem-3\/#primaryimage"},"image":{"@id":"https:\/\/mmkriepas.lv\/en\/p\/235-65r17-michelin-x-ice-north-4-suv-108t-xl-ar-radzem-3\/#primaryimage"},"thumbnailUrl":"https:\/\/mmkriepas.lv\/wp-content\/uploads\/2022\/08\/23540r18-michelin-x-ice-north-4-95t-xl-ar-radzem-ziemas-riepas-ziemas-ar-radzem-riepas.jpg","datePublished":"2023-08-31T06:46:46+00:00","dateModified":"2025-10-01T21:01:44+00:00","breadcrumb":{"@id":"https:\/\/mmkriepas.lv\/en\/p\/235-65r17-michelin-x-ice-north-4-suv-108t-xl-ar-radzem-3\/#breadcrumb"},"inLanguage":"en-US","potentialAction":[{"@type":"ReadAction","target":["https:\/\/mmkriepas.lv\/en\/p\/235-65r17-michelin-x-ice-north-4-suv-108t-xl-ar-radzem-3\/"]}]},{"@type":"ImageObject","inLanguage":"en-US","@id":"https:\/\/mmkriepas.lv\/en\/p\/235-65r17-michelin-x-ice-north-4-suv-108t-xl-ar-radzem-3\/#primaryimage","url":"https:\/\/mmkriepas.lv\/wp-content\/uploads\/2022\/08\/23540r18-michelin-x-ice-north-4-95t-xl-ar-radzem-ziemas-riepas-ziemas-ar-radzem-riepas.jpg","contentUrl":"https:\/\/mmkriepas.lv\/wp-content\/uploads\/2022\/08\/23540r18-michelin-x-ice-north-4-95t-xl-ar-radzem-ziemas-riepas-ziemas-ar-radzem-riepas.jpg","width":1920,"height":1278,"caption":"michelin x-ice north 4"},{"@type":"BreadcrumbList","@id":"https:\/\/mmkriepas.lv\/en\/p\/235-65r17-michelin-x-ice-north-4-suv-108t-xl-ar-radzem-3\/#breadcrumb","itemListElement":[{"@type":"ListItem","position":1,"name":"S\u0101kums","item":"https:\/\/mmkriepas.lv\/en\/"},{"@type":"ListItem","position":2,"name":"235\/65R17 Michelin X-Ice North 4 SUV 108T XL RP ar radz\u0113m"}]},{"@type":"WebSite","@id":"https:\/\/mmkriepas.lv\/en\/#website","url":"https:\/\/mmkriepas.lv\/en\/","name":"MMK Riepas","description":"MMK Riepas","alternateName":"MMK Riepu Serviss","potentialAction":[{"@type":"SearchAction","target":{"@type":"EntryPoint","urlTemplate":"https:\/\/mmkriepas.lv\/en\/?s={search_term_string}"},"query-input":{"@type":"PropertyValueSpecification","valueRequired":true,"valueName":"search_term_string"}}],"inLanguage":"en-US"},{"@type":"ImageObject","inLanguage":"en-US","@id":"https:\/\/mmkriepas.lv\/en\/p\/235-65r17-michelin-x-ice-north-4-suv-108t-xl-ar-radzem-3\/#local-main-organization-logo","url":"","contentUrl":"","caption":"MMK Riepas"}]},"product_brand":"Michelin X-Ice North 4 SUV","product_price_amount":"206.00","product_price_currency":"EUR","og_availability":"out of stock","product_availability":"out of stock","product_retailer_item_id":"TR2356517MICHE-28899","product_condition":"new"},"_links":{"self":[{"href":"https:\/\/mmkriepas.lv\/en\/wp-json\/wp\/v2\/product\/781110","targetHints":{"allow":["GET"]}}],"collection":[{"href":"https:\/\/mmkriepas.lv\/en\/wp-json\/wp\/v2\/product"}],"about":[{"href":"https:\/\/mmkriepas.lv\/en\/wp-json\/wp\/v2\/types\/product"}],"wp:featuredmedia":[{"embeddable":true,"href":"https:\/\/mmkriepas.lv\/en\/wp-json\/wp\/v2\/media\/305070"}],"wp:attachment":[{"href":"https:\/\/mmkriepas.lv\/en\/wp-json\/wp\/v2\/media?parent=781110"}],"wp:term":[{"taxonomy":"product_brand","embeddable":true,"href":"https:\/\/mmkriepas.lv\/en\/wp-json\/wp\/v2\/product_brand?post=781110"},{"taxonomy":"product_cat","embeddable":true,"href":"https:\/\/mmkriepas.lv\/en\/wp-json\/wp\/v2\/product_cat?post=781110"},{"taxonomy":"product_tag","embeddable":true,"href":"https:\/\/mmkriepas.lv\/en\/wp-json\/wp\/v2\/product_tag?post=781110"}],"curies":[{"name":"wp","href":"https:\/\/api.w.org\/{rel}","templated":true}]}}