{"id":775225,"date":"2023-08-17T12:01:21","date_gmt":"2023-08-17T09:01:21","guid":{"rendered":"https:\/\/mmkserviss.lv\/?post_type=product&#038;p=775225"},"modified":"2025-02-13T01:08:03","modified_gmt":"2025-02-12T23:08:03","slug":"215-70r16-mazzini-snowleopard-lx-100q-2","status":"publish","type":"product","link":"https:\/\/mmkriepas.lv\/en\/p\/215-70r16-mazzini-snowleopard-lx-100q-2\/","title":{"rendered":"215\/70R16 Mazzini Snowleopard LX 100Q"},"content":{"rendered":"<p class=\"western\"><span style=\"font-family: Arial, sans-serif;\"><span style=\"font-size: medium;\"><b>Mazzini Snowleopard<\/b><\/span><span style=\"font-size: medium;\"> <\/span><span style=\"font-size: medium;\"><b>LX<\/b><\/span><span style=\"font-size: medium;\"> <\/span><span style=\"font-size: medium;\">ir ziemas riepu modelis, kas paredz\u0113ts krossoveriem un SUV automa\u0161\u012bn\u0101m. Tas izce\u013cas ar augst\u0101m veiktsp\u0113jas \u012bpa\u0161\u012bb\u0101m visda\u017e\u0101d\u0101kajos brauk\u0161anas apst\u0101k\u013cos, k\u0101 ar\u012b ar draudz\u012bgu cenu.<\/span><\/span><\/p>\n<p class=\"western\"><span style=\"font-family: Arial, sans-serif;\"><span style=\"font-size: large;\"><b>Mazzini <\/b><\/span><span style=\"font-size: large;\"><b>Snowleopard <\/b><\/span><span style=\"font-size: large;\"><b>LX<\/b><\/span><span style=\"font-size: large;\"><b> galven\u0101s iez\u012bmes<\/b><\/span><\/span><\/p>\n<p class=\"western\"><span style=\"font-family: Arial, sans-serif;\"><span style=\"font-size: medium;\">+ Lieliska manevr\u0113tsp\u0113ja un stabilit\u0101te! <\/span><\/span><\/p>\n<p class=\"western\"><span style=\"font-family: Arial, sans-serif;\"><span style=\"font-size: medium;\">+ Sa\u012bsin\u0101ts bremz\u0113\u0161anas ce\u013c\u0161 un samazin\u0101ta iesp\u0113ja sasl\u012bd\u0113t! <\/span><\/span><\/p>\n<p class=\"western\"><span style=\"font-family: Arial, sans-serif;\"><span style=\"font-size: medium;\">+ Liels lame\u013cu skaits uzlabo veiktsp\u0113ju uz ledus! <\/span><\/span><\/p>\n<p class=\"western\"><span style=\"font-family: Arial, sans-serif;\"><span style=\"font-size: medium;\">+ Laba veiktsp\u0113jas\/cenas attiec\u012bba!<\/span><\/span><\/p>\n<p class=\"western\"><span style=\"font-family: Arial, sans-serif;\"><span style=\"font-size: large;\"><b>Snowleopard <\/b><\/span><span style=\"font-size: large;\"><b>LX<\/b><\/span><span style=\"font-size: large;\"><b> apr\u012bkojums<\/b><\/span><\/span><\/p>\n<p class=\"western\"><span style=\"font-family: Arial, sans-serif;\"><span style=\"font-size: medium;\">R<\/span><span style=\"font-size: medium;\">iepu modelis apr\u012bkots ar virz\u012bta stila protektora rakstu, kura centr\u0101l\u0101 protektora virkne sast\u0101v no V-veida blokiem, bet s\u0101nu zonas- no masiviem protektora blokiem. Pati riepa izgatavota no augstas kvalit\u0101tes gumijas mais\u012bjuma, kas bag\u0101tin\u0101ts ar veselu virkni elastrom\u0113ru. Tas dar\u012bts ar m\u0113r\u0137i likt riepai saglab\u0101t elast\u012bbu zem\u0101s gaisa temperat\u016br\u0101s. Elast\u012bga riepa daudz lab\u0101k veido sa\u0137eri ar ce\u013ca virsmu. Virz\u012bt\u0101 stil\u0101 izvietotajos protektora blokos bl\u012bvi iestr\u0101d\u0101ti vair\u0101ki t\u016bksto\u0161i lame\u013cu, kuras, aizst\u0101jot radzes, ar as\u0101m kant\u0113m iec\u0113rtas led\u016b, ar slideno virsmu veidojot cie\u0161u sa\u0137eri. <\/span><\/span><\/p>\n","protected":false},"excerpt":{"rendered":"<p class=\"western\"><span style=\"font-family: Arial, sans-serif;\"><span style=\"font-size: medium;\"><b>Mazzini Snowleopard<\/b><\/span><span style=\"font-size: medium;\"> <\/span><span style=\"font-size: medium;\"><b>LX<\/b><\/span><span style=\"font-size: medium;\"> <\/span><span style=\"font-size: medium;\">ir ziemas riepu modelis, kas paredz\u0113ts krossoveriem un SUV automa\u0161\u012bn\u0101m. Tas izce\u013cas ar augst\u0101m veiktsp\u0113jas \u012bpa\u0161\u012bb\u0101m visda\u017e\u0101d\u0101kajos brauk\u0161anas apst\u0101k\u013cos, k\u0101 ar\u012b ar draudz\u012bgu cenu.<\/span><\/span><\/p>\n","protected":false},"featured_media":847025,"template":"","meta":{"_acf_changed":false,"ngg_post_thumbnail":0},"product_brand":[],"product_cat":[47,45],"product_tag":[],"class_list":{"0":"post-775225","1":"product","2":"type-product","3":"status-publish","4":"has-post-thumbnail","6":"product_cat-vissezonas-riepas","7":"product_cat-ziemas-riepas","9":"first","10":"outofstock","11":"sale","12":"taxable","13":"shipping-taxable","14":"product-type-simple"},"acf":[],"yoast_head":"<!-- This site is optimized with the Yoast SEO Premium plugin v22.6 (Yoast SEO v27.3) - https:\/\/yoast.com\/product\/yoast-seo-premium-wordpress\/ -->\n<title>215\/70R16 Mazzini Snowleopard LX 100Q &#8226; MMK Riepas<\/title>\n<meta name=\"robots\" content=\"index, follow, max-snippet:-1, max-image-preview:large, max-video-preview:-1\" \/>\n<link rel=\"canonical\" href=\"https:\/\/mmkriepas.lv\/en\/p\/215-70r16-mazzini-snowleopard-lx-100q-2\/\" \/>\n<meta property=\"og:locale\" content=\"en_US\" \/>\n<meta property=\"og:type\" content=\"article\" \/>\n<meta property=\"og:title\" content=\"215\/70R16 Mazzini Snowleopard LX 100Q\" \/>\n<meta property=\"og:description\" content=\"Mazzini Snowleopard LX ir ziemas riepu modelis, kas paredz\u0113ts krossoveriem un SUV automa\u0161\u012bn\u0101m. Tas izce\u013cas ar augst\u0101m veiktsp\u0113jas \u012bpa\u0161\u012bb\u0101m visda\u017e\u0101d\u0101kajos brauk\u0161anas apst\u0101k\u013cos, k\u0101 ar\u012b ar draudz\u012bgu cenu.\" \/>\n<meta property=\"og:url\" content=\"https:\/\/mmkriepas.lv\/en\/p\/215-70r16-mazzini-snowleopard-lx-100q-2\/\" \/>\n<meta property=\"og:site_name\" content=\"MMK Riepas\" \/>\n<meta property=\"article:publisher\" content=\"https:\/\/www.facebook.com\/mmkserviss\/\" \/>\n<meta property=\"article:modified_time\" content=\"2025-02-12T23:08:03+00:00\" \/>\n<meta property=\"og:image\" content=\"https:\/\/mmkriepas.lv\/wp-content\/uploads\/2024\/01\/27560r20-mazzini-snowleopard-lx-115t-ziemas-riepas.jpg\" \/>\n\t<meta property=\"og:image:width\" content=\"1920\" \/>\n\t<meta property=\"og:image:height\" content=\"1920\" \/>\n\t<meta property=\"og:image:type\" content=\"image\/jpeg\" \/>\n<meta name=\"twitter:card\" content=\"summary_large_image\" \/>\n<meta name=\"twitter:label1\" content=\"Price\" \/>\n\t<meta name=\"twitter:data1\" content=\"&euro;68.00\" \/>\n\t<meta name=\"twitter:label2\" content=\"Availability\" \/>\n\t<meta name=\"twitter:data2\" content=\"Out of stock\" \/>\n<script type=\"application\/ld+json\" class=\"yoast-schema-graph\">{\"@context\":\"https:\\\/\\\/schema.org\",\"@graph\":[{\"@type\":\"WebPage\",\"@id\":\"https:\\\/\\\/mmkriepas.lv\\\/en\\\/p\\\/215-70r16-mazzini-snowleopard-lx-100q-2\\\/\",\"url\":\"https:\\\/\\\/mmkriepas.lv\\\/en\\\/p\\\/215-70r16-mazzini-snowleopard-lx-100q-2\\\/\",\"name\":\"215\\\/70R16 Mazzini Snowleopard LX 100Q &#8226; MMK Riepas\",\"isPartOf\":{\"@id\":\"https:\\\/\\\/mmkriepas.lv\\\/en\\\/#website\"},\"primaryImageOfPage\":{\"@id\":\"https:\\\/\\\/mmkriepas.lv\\\/en\\\/p\\\/215-70r16-mazzini-snowleopard-lx-100q-2\\\/#primaryimage\"},\"image\":{\"@id\":\"https:\\\/\\\/mmkriepas.lv\\\/en\\\/p\\\/215-70r16-mazzini-snowleopard-lx-100q-2\\\/#primaryimage\"},\"thumbnailUrl\":\"https:\\\/\\\/mmkriepas.lv\\\/wp-content\\\/uploads\\\/2024\\\/01\\\/27560r20-mazzini-snowleopard-lx-115t-ziemas-riepas.jpg\",\"datePublished\":\"2023-08-17T09:01:21+00:00\",\"dateModified\":\"2025-02-12T23:08:03+00:00\",\"breadcrumb\":{\"@id\":\"https:\\\/\\\/mmkriepas.lv\\\/en\\\/p\\\/215-70r16-mazzini-snowleopard-lx-100q-2\\\/#breadcrumb\"},\"inLanguage\":\"en-US\",\"potentialAction\":[{\"@type\":\"ReadAction\",\"target\":[\"https:\\\/\\\/mmkriepas.lv\\\/en\\\/p\\\/215-70r16-mazzini-snowleopard-lx-100q-2\\\/\"]}]},{\"@type\":\"ImageObject\",\"inLanguage\":\"en-US\",\"@id\":\"https:\\\/\\\/mmkriepas.lv\\\/en\\\/p\\\/215-70r16-mazzini-snowleopard-lx-100q-2\\\/#primaryimage\",\"url\":\"https:\\\/\\\/mmkriepas.lv\\\/wp-content\\\/uploads\\\/2024\\\/01\\\/27560r20-mazzini-snowleopard-lx-115t-ziemas-riepas.jpg\",\"contentUrl\":\"https:\\\/\\\/mmkriepas.lv\\\/wp-content\\\/uploads\\\/2024\\\/01\\\/27560r20-mazzini-snowleopard-lx-115t-ziemas-riepas.jpg\",\"width\":1920,\"height\":1920,\"caption\":\"MAIN\"},{\"@type\":\"BreadcrumbList\",\"@id\":\"https:\\\/\\\/mmkriepas.lv\\\/en\\\/p\\\/215-70r16-mazzini-snowleopard-lx-100q-2\\\/#breadcrumb\",\"itemListElement\":[{\"@type\":\"ListItem\",\"position\":1,\"name\":\"S\u0101kums\",\"item\":\"https:\\\/\\\/mmkriepas.lv\\\/en\\\/\"},{\"@type\":\"ListItem\",\"position\":2,\"name\":\"215\\\/70R16 Mazzini Snowleopard LX 100Q\"}]},{\"@type\":\"WebSite\",\"@id\":\"https:\\\/\\\/mmkriepas.lv\\\/en\\\/#website\",\"url\":\"https:\\\/\\\/mmkriepas.lv\\\/en\\\/\",\"name\":\"MMK Riepas\",\"description\":\"MMK Riepas\",\"alternateName\":\"MMK Riepu Serviss\",\"potentialAction\":[{\"@type\":\"SearchAction\",\"target\":{\"@type\":\"EntryPoint\",\"urlTemplate\":\"https:\\\/\\\/mmkriepas.lv\\\/en\\\/?s={search_term_string}\"},\"query-input\":{\"@type\":\"PropertyValueSpecification\",\"valueRequired\":true,\"valueName\":\"search_term_string\"}}],\"inLanguage\":\"en-US\"},{\"@type\":\"ImageObject\",\"inLanguage\":\"en-US\",\"@id\":\"https:\\\/\\\/mmkriepas.lv\\\/en\\\/p\\\/215-70r16-mazzini-snowleopard-lx-100q-2\\\/#local-main-organization-logo\",\"url\":\"\",\"contentUrl\":\"\",\"caption\":\"MMK Riepas\"}]}<\/script>\n<meta property=\"product:brand\" content=\"Mazzini Snowleopard LX\" \/>\n<meta property=\"product:price:amount\" content=\"68.00\" \/>\n<meta property=\"product:price:currency\" content=\"EUR\" \/>\n<meta property=\"og:availability\" content=\"out of stock\" \/>\n<meta property=\"product:availability\" content=\"out of stock\" \/>\n<meta property=\"product:retailer_item_id\" content=\"TW2157016MAZZI-28489\" \/>\n<meta property=\"product:condition\" content=\"new\" \/>\n<!-- \/ Yoast SEO Premium plugin. -->","yoast_head_json":{"title":"215\/70R16 Mazzini Snowleopard LX 100Q &#8226; MMK Riepas","robots":{"index":"index","follow":"follow","max-snippet":"max-snippet:-1","max-image-preview":"max-image-preview:large","max-video-preview":"max-video-preview:-1"},"canonical":"https:\/\/mmkriepas.lv\/en\/p\/215-70r16-mazzini-snowleopard-lx-100q-2\/","og_locale":"en_US","og_type":"article","og_title":"215\/70R16 Mazzini Snowleopard LX 100Q","og_description":"Mazzini Snowleopard LX ir ziemas riepu modelis, kas paredz\u0113ts krossoveriem un SUV automa\u0161\u012bn\u0101m. Tas izce\u013cas ar augst\u0101m veiktsp\u0113jas \u012bpa\u0161\u012bb\u0101m visda\u017e\u0101d\u0101kajos brauk\u0161anas apst\u0101k\u013cos, k\u0101 ar\u012b ar draudz\u012bgu cenu.","og_url":"https:\/\/mmkriepas.lv\/en\/p\/215-70r16-mazzini-snowleopard-lx-100q-2\/","og_site_name":"MMK Riepas","article_publisher":"https:\/\/www.facebook.com\/mmkserviss\/","article_modified_time":"2025-02-12T23:08:03+00:00","og_image":[{"width":1920,"height":1920,"url":"https:\/\/mmkriepas.lv\/wp-content\/uploads\/2024\/01\/27560r20-mazzini-snowleopard-lx-115t-ziemas-riepas.jpg","type":"image\/jpeg"}],"twitter_card":"summary_large_image","twitter_misc":{"Price":"&euro;68.00","Availability":"Out of stock"},"schema":{"@context":"https:\/\/schema.org","@graph":[{"@type":"WebPage","@id":"https:\/\/mmkriepas.lv\/en\/p\/215-70r16-mazzini-snowleopard-lx-100q-2\/","url":"https:\/\/mmkriepas.lv\/en\/p\/215-70r16-mazzini-snowleopard-lx-100q-2\/","name":"215\/70R16 Mazzini Snowleopard LX 100Q &#8226; MMK Riepas","isPartOf":{"@id":"https:\/\/mmkriepas.lv\/en\/#website"},"primaryImageOfPage":{"@id":"https:\/\/mmkriepas.lv\/en\/p\/215-70r16-mazzini-snowleopard-lx-100q-2\/#primaryimage"},"image":{"@id":"https:\/\/mmkriepas.lv\/en\/p\/215-70r16-mazzini-snowleopard-lx-100q-2\/#primaryimage"},"thumbnailUrl":"https:\/\/mmkriepas.lv\/wp-content\/uploads\/2024\/01\/27560r20-mazzini-snowleopard-lx-115t-ziemas-riepas.jpg","datePublished":"2023-08-17T09:01:21+00:00","dateModified":"2025-02-12T23:08:03+00:00","breadcrumb":{"@id":"https:\/\/mmkriepas.lv\/en\/p\/215-70r16-mazzini-snowleopard-lx-100q-2\/#breadcrumb"},"inLanguage":"en-US","potentialAction":[{"@type":"ReadAction","target":["https:\/\/mmkriepas.lv\/en\/p\/215-70r16-mazzini-snowleopard-lx-100q-2\/"]}]},{"@type":"ImageObject","inLanguage":"en-US","@id":"https:\/\/mmkriepas.lv\/en\/p\/215-70r16-mazzini-snowleopard-lx-100q-2\/#primaryimage","url":"https:\/\/mmkriepas.lv\/wp-content\/uploads\/2024\/01\/27560r20-mazzini-snowleopard-lx-115t-ziemas-riepas.jpg","contentUrl":"https:\/\/mmkriepas.lv\/wp-content\/uploads\/2024\/01\/27560r20-mazzini-snowleopard-lx-115t-ziemas-riepas.jpg","width":1920,"height":1920,"caption":"MAIN"},{"@type":"BreadcrumbList","@id":"https:\/\/mmkriepas.lv\/en\/p\/215-70r16-mazzini-snowleopard-lx-100q-2\/#breadcrumb","itemListElement":[{"@type":"ListItem","position":1,"name":"S\u0101kums","item":"https:\/\/mmkriepas.lv\/en\/"},{"@type":"ListItem","position":2,"name":"215\/70R16 Mazzini Snowleopard LX 100Q"}]},{"@type":"WebSite","@id":"https:\/\/mmkriepas.lv\/en\/#website","url":"https:\/\/mmkriepas.lv\/en\/","name":"MMK Riepas","description":"MMK Riepas","alternateName":"MMK Riepu Serviss","potentialAction":[{"@type":"SearchAction","target":{"@type":"EntryPoint","urlTemplate":"https:\/\/mmkriepas.lv\/en\/?s={search_term_string}"},"query-input":{"@type":"PropertyValueSpecification","valueRequired":true,"valueName":"search_term_string"}}],"inLanguage":"en-US"},{"@type":"ImageObject","inLanguage":"en-US","@id":"https:\/\/mmkriepas.lv\/en\/p\/215-70r16-mazzini-snowleopard-lx-100q-2\/#local-main-organization-logo","url":"","contentUrl":"","caption":"MMK Riepas"}]},"product_brand":"Mazzini Snowleopard LX","product_price_amount":"68.00","product_price_currency":"EUR","og_availability":"out of stock","product_availability":"out of stock","product_retailer_item_id":"TW2157016MAZZI-28489","product_condition":"new"},"_links":{"self":[{"href":"https:\/\/mmkriepas.lv\/en\/wp-json\/wp\/v2\/product\/775225","targetHints":{"allow":["GET"]}}],"collection":[{"href":"https:\/\/mmkriepas.lv\/en\/wp-json\/wp\/v2\/product"}],"about":[{"href":"https:\/\/mmkriepas.lv\/en\/wp-json\/wp\/v2\/types\/product"}],"wp:featuredmedia":[{"embeddable":true,"href":"https:\/\/mmkriepas.lv\/en\/wp-json\/wp\/v2\/media\/847025"}],"wp:attachment":[{"href":"https:\/\/mmkriepas.lv\/en\/wp-json\/wp\/v2\/media?parent=775225"}],"wp:term":[{"taxonomy":"product_brand","embeddable":true,"href":"https:\/\/mmkriepas.lv\/en\/wp-json\/wp\/v2\/product_brand?post=775225"},{"taxonomy":"product_cat","embeddable":true,"href":"https:\/\/mmkriepas.lv\/en\/wp-json\/wp\/v2\/product_cat?post=775225"},{"taxonomy":"product_tag","embeddable":true,"href":"https:\/\/mmkriepas.lv\/en\/wp-json\/wp\/v2\/product_tag?post=775225"}],"curies":[{"name":"wp","href":"https:\/\/api.w.org\/{rel}","templated":true}]}}