{"id":773212,"date":"2023-08-11T13:32:34","date_gmt":"2023-08-11T10:32:34","guid":{"rendered":"https:\/\/mmkserviss.lv\/?post_type=product&#038;p=773212"},"modified":"2025-05-21T13:40:47","modified_gmt":"2025-05-21T10:40:47","slug":"225-50r17-kumho-ecsta-ps31-98w-xl-2","status":"publish","type":"product","link":"https:\/\/mmkriepas.lv\/en\/p\/225-50r17-kumho-ecsta-ps31-98w-xl-2\/","title":{"rendered":"225\/50R17 Kumho ECSTA PS31 98W XL"},"content":{"rendered":"<p><strong>Kumho ECSTA PS31 <\/strong>ir teicamas kvalit\u0101tes, vid\u0113j\u0101s klases UHP jeb augstas veiktsp\u0113jas vasaras riepu modelis. Tas izce\u013cas ar teicamiem sa\u0137eres, manevr\u0113tsp\u0113jas, brauk\u0161anas komforta un degvielas ekonomijas r\u0101d\u012bt\u0101jiem vasaras apst\u0101k\u013cos. \u0160is riepu modelis pieejams pla\u0161\u0101 izm\u0113ru kl\u0101st\u0101 no R13 l\u012bdz R18 un piem\u0113rots maza un vid\u0113ja izm\u0113ra vieglaj\u0101m automa\u0161\u012bn\u0101m.<\/p>\n<h3>Kumho ECSTA PS31 galven\u0101s \u012bpa\u0161\u012bbas<\/h3>\n<p>+ Teicama sa\u0137ere un manevr\u0113tsp\u0113ja uz sausa un slapja asfalta pat lielos brauk\u0161anas \u0101trumos.<br \/>+ Zems akvaplan\u0113\u0161anas risks, pateicoties virzienveida protektora dizainam.<br \/>+ Degvielas ekonomija.<br \/>+ Labs akustiskais un brauk\u0161anas gaitas komforts.<br \/>+ Vado\u0161\u0101s riepu giganta &#8220;Kumho&#8221; tehnolo\u0123ijas.<\/p>\n<h3>ECSTA PS31 apr\u012bkojums<\/h3>\n<p><strong>Kumho ECSTA PS31 <\/strong>UHP jeb augstas veiktsp\u0113jas vasaras riepas apr\u012bkotas ar virzienveida protektora rakstu. \u0160\u0101ds dizains sev\u012b apvieno teicamu notur\u012bbu pret akvaplan\u0113\u0161anu ar izcil\u0101m sa\u0137eres \u012bpa\u0161\u012bb\u0101m uz sausa un slapja asfalta.<\/p>\n<p>V-veid\u0101 izvietotie protektora bloki darin\u0101ti no augstas kvalit\u0101tes kompoz\u012btateri\u0101la. Gumijas sakaus\u0113jumam pievienotie \u0137\u012bmiskie elementi veicina sa\u0137eri, sa\u012bsina bremz\u0113\u0161anas ce\u013cu un palielina nodilumiztur\u012bbu.<\/p>\n","protected":false},"excerpt":{"rendered":"<p><strong>Kumho ECSTA PS31 <\/strong>ir teicamas kvalit\u0101tes, vid\u0113j\u0101s klases UHP jeb augstas veiktsp\u0113jas vasaras riepu modelis. Tas izce\u013cas ar teicamiem sa\u0137eres, manevr\u0113tsp\u0113jas, brauk\u0161anas komforta un degvielas ekonomijas r\u0101d\u012bt\u0101jiem vasaras apst\u0101k\u013cos. \u0160is riepu modelis pieejams pla\u0161\u0101 izm\u0113ru kl\u0101st\u0101 no R13 l\u012bdz R18 un piem\u0113rots maza un vid\u0113ja izm\u0113ra vieglaj\u0101m automa\u0161\u012bn\u0101m.<\/p>\n","protected":false},"featured_media":1235428,"template":"","meta":{"_acf_changed":false,"ngg_post_thumbnail":0},"product_brand":[],"product_cat":[46],"product_tag":[],"class_list":{"0":"post-773212","1":"product","2":"type-product","3":"status-publish","4":"has-post-thumbnail","6":"product_cat-vasaras-riepas","8":"first","9":"outofstock","10":"sale","11":"taxable","12":"shipping-taxable","13":"product-type-simple"},"acf":[],"yoast_head":"<!-- This site is optimized with the Yoast SEO Premium plugin v22.6 (Yoast SEO v27.3) - https:\/\/yoast.com\/product\/yoast-seo-premium-wordpress\/ -->\n<title>225\/50R17 Kumho ECSTA PS31 98W XL &#8226; MMK Riepas<\/title>\n<meta name=\"robots\" content=\"index, follow, max-snippet:-1, max-image-preview:large, max-video-preview:-1\" \/>\n<link rel=\"canonical\" href=\"https:\/\/mmkriepas.lv\/en\/p\/225-50r17-kumho-ecsta-ps31-98w-xl-2\/\" \/>\n<meta property=\"og:locale\" content=\"en_US\" \/>\n<meta property=\"og:type\" content=\"article\" \/>\n<meta property=\"og:title\" content=\"225\/50R17 Kumho ECSTA PS31 98W XL\" \/>\n<meta property=\"og:description\" content=\"Kumho ECSTA PS31 ir teicamas kvalit\u0101tes, vid\u0113j\u0101s klases UHP jeb augstas veiktsp\u0113jas vasaras riepu modelis. Tas izce\u013cas ar teicamiem sa\u0137eres, manevr\u0113tsp\u0113jas, brauk\u0161anas komforta un degvielas ekonomijas r\u0101d\u012bt\u0101jiem vasaras apst\u0101k\u013cos. \u0160is riepu modelis pieejams pla\u0161\u0101 izm\u0113ru kl\u0101st\u0101 no R13 l\u012bdz R18 un piem\u0113rots maza un vid\u0113ja izm\u0113ra vieglaj\u0101m automa\u0161\u012bn\u0101m.\" \/>\n<meta property=\"og:url\" content=\"https:\/\/mmkriepas.lv\/en\/p\/225-50r17-kumho-ecsta-ps31-98w-xl-2\/\" \/>\n<meta property=\"og:site_name\" content=\"MMK Riepas\" \/>\n<meta property=\"article:publisher\" content=\"https:\/\/www.facebook.com\/mmkserviss\/\" \/>\n<meta property=\"article:modified_time\" content=\"2025-05-21T10:40:47+00:00\" \/>\n<meta property=\"og:image\" content=\"https:\/\/mmkriepas.lv\/wp-content\/uploads\/2025\/05\/22555r17-kumho-ecsta-ps31-101w-xl-vasaras-riepas.jpg\" \/>\n\t<meta property=\"og:image:width\" content=\"900\" \/>\n\t<meta property=\"og:image:height\" content=\"720\" \/>\n\t<meta property=\"og:image:type\" content=\"image\/jpeg\" \/>\n<meta name=\"twitter:card\" content=\"summary_large_image\" \/>\n<meta name=\"twitter:label1\" content=\"Price\" \/>\n\t<meta name=\"twitter:data1\" content=\"&euro;82.00\" \/>\n\t<meta name=\"twitter:label2\" content=\"Availability\" \/>\n\t<meta name=\"twitter:data2\" content=\"Out of stock\" \/>\n<script type=\"application\/ld+json\" class=\"yoast-schema-graph\">{\"@context\":\"https:\\\/\\\/schema.org\",\"@graph\":[{\"@type\":\"WebPage\",\"@id\":\"https:\\\/\\\/mmkriepas.lv\\\/en\\\/p\\\/225-50r17-kumho-ecsta-ps31-98w-xl-2\\\/\",\"url\":\"https:\\\/\\\/mmkriepas.lv\\\/en\\\/p\\\/225-50r17-kumho-ecsta-ps31-98w-xl-2\\\/\",\"name\":\"225\\\/50R17 Kumho ECSTA PS31 98W XL &#8226; MMK Riepas\",\"isPartOf\":{\"@id\":\"https:\\\/\\\/mmkriepas.lv\\\/en\\\/#website\"},\"primaryImageOfPage\":{\"@id\":\"https:\\\/\\\/mmkriepas.lv\\\/en\\\/p\\\/225-50r17-kumho-ecsta-ps31-98w-xl-2\\\/#primaryimage\"},\"image\":{\"@id\":\"https:\\\/\\\/mmkriepas.lv\\\/en\\\/p\\\/225-50r17-kumho-ecsta-ps31-98w-xl-2\\\/#primaryimage\"},\"thumbnailUrl\":\"https:\\\/\\\/mmkriepas.lv\\\/wp-content\\\/uploads\\\/2025\\\/05\\\/22555r17-kumho-ecsta-ps31-101w-xl-vasaras-riepas.jpg\",\"datePublished\":\"2023-08-11T10:32:34+00:00\",\"dateModified\":\"2025-05-21T10:40:47+00:00\",\"breadcrumb\":{\"@id\":\"https:\\\/\\\/mmkriepas.lv\\\/en\\\/p\\\/225-50r17-kumho-ecsta-ps31-98w-xl-2\\\/#breadcrumb\"},\"inLanguage\":\"en-US\",\"potentialAction\":[{\"@type\":\"ReadAction\",\"target\":[\"https:\\\/\\\/mmkriepas.lv\\\/en\\\/p\\\/225-50r17-kumho-ecsta-ps31-98w-xl-2\\\/\"]}]},{\"@type\":\"ImageObject\",\"inLanguage\":\"en-US\",\"@id\":\"https:\\\/\\\/mmkriepas.lv\\\/en\\\/p\\\/225-50r17-kumho-ecsta-ps31-98w-xl-2\\\/#primaryimage\",\"url\":\"https:\\\/\\\/mmkriepas.lv\\\/wp-content\\\/uploads\\\/2025\\\/05\\\/22555r17-kumho-ecsta-ps31-101w-xl-vasaras-riepas.jpg\",\"contentUrl\":\"https:\\\/\\\/mmkriepas.lv\\\/wp-content\\\/uploads\\\/2025\\\/05\\\/22555r17-kumho-ecsta-ps31-101w-xl-vasaras-riepas.jpg\",\"width\":900,\"height\":720,\"caption\":\"SALIDZINI.LV\"},{\"@type\":\"BreadcrumbList\",\"@id\":\"https:\\\/\\\/mmkriepas.lv\\\/en\\\/p\\\/225-50r17-kumho-ecsta-ps31-98w-xl-2\\\/#breadcrumb\",\"itemListElement\":[{\"@type\":\"ListItem\",\"position\":1,\"name\":\"S\u0101kums\",\"item\":\"https:\\\/\\\/mmkriepas.lv\\\/en\\\/\"},{\"@type\":\"ListItem\",\"position\":2,\"name\":\"225\\\/50R17 Kumho ECSTA PS31 98W XL\"}]},{\"@type\":\"WebSite\",\"@id\":\"https:\\\/\\\/mmkriepas.lv\\\/en\\\/#website\",\"url\":\"https:\\\/\\\/mmkriepas.lv\\\/en\\\/\",\"name\":\"MMK Riepas\",\"description\":\"MMK Riepas\",\"alternateName\":\"MMK Riepu Serviss\",\"potentialAction\":[{\"@type\":\"SearchAction\",\"target\":{\"@type\":\"EntryPoint\",\"urlTemplate\":\"https:\\\/\\\/mmkriepas.lv\\\/en\\\/?s={search_term_string}\"},\"query-input\":{\"@type\":\"PropertyValueSpecification\",\"valueRequired\":true,\"valueName\":\"search_term_string\"}}],\"inLanguage\":\"en-US\"},{\"@type\":\"ImageObject\",\"inLanguage\":\"en-US\",\"@id\":\"https:\\\/\\\/mmkriepas.lv\\\/en\\\/p\\\/225-50r17-kumho-ecsta-ps31-98w-xl-2\\\/#local-main-organization-logo\",\"url\":\"\",\"contentUrl\":\"\",\"caption\":\"MMK Riepas\"}]}<\/script>\n<meta property=\"product:brand\" content=\"Kumho ECSTA PS31\" \/>\n<meta property=\"product:price:amount\" content=\"82.00\" \/>\n<meta property=\"product:price:currency\" content=\"EUR\" \/>\n<meta property=\"og:availability\" content=\"out of stock\" \/>\n<meta property=\"product:availability\" content=\"out of stock\" \/>\n<meta property=\"product:retailer_item_id\" content=\"TS2255017KUMHO-28398\" \/>\n<meta property=\"product:condition\" content=\"new\" \/>\n<!-- \/ Yoast SEO Premium plugin. -->","yoast_head_json":{"title":"225\/50R17 Kumho ECSTA PS31 98W XL &#8226; MMK Riepas","robots":{"index":"index","follow":"follow","max-snippet":"max-snippet:-1","max-image-preview":"max-image-preview:large","max-video-preview":"max-video-preview:-1"},"canonical":"https:\/\/mmkriepas.lv\/en\/p\/225-50r17-kumho-ecsta-ps31-98w-xl-2\/","og_locale":"en_US","og_type":"article","og_title":"225\/50R17 Kumho ECSTA PS31 98W XL","og_description":"Kumho ECSTA PS31 ir teicamas kvalit\u0101tes, vid\u0113j\u0101s klases UHP jeb augstas veiktsp\u0113jas vasaras riepu modelis. Tas izce\u013cas ar teicamiem sa\u0137eres, manevr\u0113tsp\u0113jas, brauk\u0161anas komforta un degvielas ekonomijas r\u0101d\u012bt\u0101jiem vasaras apst\u0101k\u013cos. \u0160is riepu modelis pieejams pla\u0161\u0101 izm\u0113ru kl\u0101st\u0101 no R13 l\u012bdz R18 un piem\u0113rots maza un vid\u0113ja izm\u0113ra vieglaj\u0101m automa\u0161\u012bn\u0101m.","og_url":"https:\/\/mmkriepas.lv\/en\/p\/225-50r17-kumho-ecsta-ps31-98w-xl-2\/","og_site_name":"MMK Riepas","article_publisher":"https:\/\/www.facebook.com\/mmkserviss\/","article_modified_time":"2025-05-21T10:40:47+00:00","og_image":[{"width":900,"height":720,"url":"https:\/\/mmkriepas.lv\/wp-content\/uploads\/2025\/05\/22555r17-kumho-ecsta-ps31-101w-xl-vasaras-riepas.jpg","type":"image\/jpeg"}],"twitter_card":"summary_large_image","twitter_misc":{"Price":"&euro;82.00","Availability":"Out of stock"},"schema":{"@context":"https:\/\/schema.org","@graph":[{"@type":"WebPage","@id":"https:\/\/mmkriepas.lv\/en\/p\/225-50r17-kumho-ecsta-ps31-98w-xl-2\/","url":"https:\/\/mmkriepas.lv\/en\/p\/225-50r17-kumho-ecsta-ps31-98w-xl-2\/","name":"225\/50R17 Kumho ECSTA PS31 98W XL &#8226; MMK Riepas","isPartOf":{"@id":"https:\/\/mmkriepas.lv\/en\/#website"},"primaryImageOfPage":{"@id":"https:\/\/mmkriepas.lv\/en\/p\/225-50r17-kumho-ecsta-ps31-98w-xl-2\/#primaryimage"},"image":{"@id":"https:\/\/mmkriepas.lv\/en\/p\/225-50r17-kumho-ecsta-ps31-98w-xl-2\/#primaryimage"},"thumbnailUrl":"https:\/\/mmkriepas.lv\/wp-content\/uploads\/2025\/05\/22555r17-kumho-ecsta-ps31-101w-xl-vasaras-riepas.jpg","datePublished":"2023-08-11T10:32:34+00:00","dateModified":"2025-05-21T10:40:47+00:00","breadcrumb":{"@id":"https:\/\/mmkriepas.lv\/en\/p\/225-50r17-kumho-ecsta-ps31-98w-xl-2\/#breadcrumb"},"inLanguage":"en-US","potentialAction":[{"@type":"ReadAction","target":["https:\/\/mmkriepas.lv\/en\/p\/225-50r17-kumho-ecsta-ps31-98w-xl-2\/"]}]},{"@type":"ImageObject","inLanguage":"en-US","@id":"https:\/\/mmkriepas.lv\/en\/p\/225-50r17-kumho-ecsta-ps31-98w-xl-2\/#primaryimage","url":"https:\/\/mmkriepas.lv\/wp-content\/uploads\/2025\/05\/22555r17-kumho-ecsta-ps31-101w-xl-vasaras-riepas.jpg","contentUrl":"https:\/\/mmkriepas.lv\/wp-content\/uploads\/2025\/05\/22555r17-kumho-ecsta-ps31-101w-xl-vasaras-riepas.jpg","width":900,"height":720,"caption":"SALIDZINI.LV"},{"@type":"BreadcrumbList","@id":"https:\/\/mmkriepas.lv\/en\/p\/225-50r17-kumho-ecsta-ps31-98w-xl-2\/#breadcrumb","itemListElement":[{"@type":"ListItem","position":1,"name":"S\u0101kums","item":"https:\/\/mmkriepas.lv\/en\/"},{"@type":"ListItem","position":2,"name":"225\/50R17 Kumho ECSTA PS31 98W XL"}]},{"@type":"WebSite","@id":"https:\/\/mmkriepas.lv\/en\/#website","url":"https:\/\/mmkriepas.lv\/en\/","name":"MMK Riepas","description":"MMK Riepas","alternateName":"MMK Riepu Serviss","potentialAction":[{"@type":"SearchAction","target":{"@type":"EntryPoint","urlTemplate":"https:\/\/mmkriepas.lv\/en\/?s={search_term_string}"},"query-input":{"@type":"PropertyValueSpecification","valueRequired":true,"valueName":"search_term_string"}}],"inLanguage":"en-US"},{"@type":"ImageObject","inLanguage":"en-US","@id":"https:\/\/mmkriepas.lv\/en\/p\/225-50r17-kumho-ecsta-ps31-98w-xl-2\/#local-main-organization-logo","url":"","contentUrl":"","caption":"MMK Riepas"}]},"product_brand":"Kumho ECSTA PS31","product_price_amount":"82.00","product_price_currency":"EUR","og_availability":"out of stock","product_availability":"out of stock","product_retailer_item_id":"TS2255017KUMHO-28398","product_condition":"new"},"_links":{"self":[{"href":"https:\/\/mmkriepas.lv\/en\/wp-json\/wp\/v2\/product\/773212","targetHints":{"allow":["GET"]}}],"collection":[{"href":"https:\/\/mmkriepas.lv\/en\/wp-json\/wp\/v2\/product"}],"about":[{"href":"https:\/\/mmkriepas.lv\/en\/wp-json\/wp\/v2\/types\/product"}],"wp:featuredmedia":[{"embeddable":true,"href":"https:\/\/mmkriepas.lv\/en\/wp-json\/wp\/v2\/media\/1235428"}],"wp:attachment":[{"href":"https:\/\/mmkriepas.lv\/en\/wp-json\/wp\/v2\/media?parent=773212"}],"wp:term":[{"taxonomy":"product_brand","embeddable":true,"href":"https:\/\/mmkriepas.lv\/en\/wp-json\/wp\/v2\/product_brand?post=773212"},{"taxonomy":"product_cat","embeddable":true,"href":"https:\/\/mmkriepas.lv\/en\/wp-json\/wp\/v2\/product_cat?post=773212"},{"taxonomy":"product_tag","embeddable":true,"href":"https:\/\/mmkriepas.lv\/en\/wp-json\/wp\/v2\/product_tag?post=773212"}],"curies":[{"name":"wp","href":"https:\/\/api.w.org\/{rel}","templated":true}]}}