{"id":773198,"date":"2023-08-11T13:32:09","date_gmt":"2023-08-11T10:32:09","guid":{"rendered":"https:\/\/mmkserviss.lv\/?post_type=product&#038;p=773198"},"modified":"2026-03-03T20:44:33","modified_gmt":"2026-03-03T18:44:33","slug":"235-55r18-antares-grip20-104t-xl-2","status":"publish","type":"product","link":"https:\/\/mmkriepas.lv\/en\/p\/235-55r18-antares-grip20-104t-xl-2\/","title":{"rendered":"235\/55R18 Antares GRIP 20 104T XL"},"content":{"rendered":"<p><b><span style=\"font-family: 'Arial',sans-serif;\">Antares GRIP 20 <\/span><\/b><span style=\"font-family: 'Arial',sans-serif;\">ir Skandin\u0101vijas tipa ziemas riepu modelis, kas izce\u013cas ar teicamu sa\u0137eri pat skarb\u0101kajos ziemas brauk\u0161anas apst\u0101k\u013cos, k\u0101 ar\u012b neticami labu cenas un veiktsp\u0113jas attiec\u012bbu. Pieejamas pla\u0161\u0101 izm\u0113ru kl\u0101st\u0101, \u0161\u012bs riepas piem\u0113rotas no kompaktklases, l\u012bdz pat lielajiem apvidus jeb SUV automobi\u013ciem.<o:p><\/o:p><\/span><\/p>\n<h3><span style=\"font-family: 'Arial',sans-serif;\">GRIP 20 protektora raksts<o:p><\/o:p><\/span><\/h3>\n<p><span style=\"font-family: 'Arial',sans-serif;\">Uz Antares GRIP 20 eso\u0161\u0101s lameles izvietotas \u013coti sabl\u012bv\u0113ti, lai p\u0113c iesp\u0113jas vienm\u0113r\u012bg\u0101k izklied\u0113tu uz\u0146emto siltumu un samazin\u0101tu izdal\u012bto troksni, uzlabojot komfortu brauk\u0161anas laik\u0101 un palielinot riepas m\u016b\u017eu.\u00a0<o:p><\/o:p><\/span><\/p>\n<h3><span style=\"font-family: 'Arial',sans-serif;\">GRIP 20 galven\u0101s iez\u012bmes<o:p><\/o:p><\/span><\/h3>\n<p><span style=\"font-family: 'Arial',sans-serif;\">+Popul\u0101r\u0101kas bud\u017eeta klases ziemas riepas Latvij\u0101. <o:p><\/o:p><\/span><\/p>\n<p><span style=\"font-family: 'Arial',sans-serif;\">+Sabl\u012bv\u0113ts lame\u013cu izvietojums nodro\u0161ina sa\u0137eri ar sliden\u0101m virsm\u0101m. <o:p><\/o:p><\/span><\/p>\n<p><span style=\"font-family: 'Arial',sans-serif;\">+Taisn\u0101s dren\u0101\u017eas rievas pal\u012bdz izcili novad\u012bt sniegu un \u016bdeni. <o:p><\/o:p><\/span><\/p>\n<p><span style=\"font-family: 'Arial',sans-serif;\">+Taisnst\u016brveida s\u0101nu bloki nodro\u0161ina stabilit\u0101ti un izcilu sa\u0137eri ar\u012b uz sausa asfalta.<o:p><\/o:p><\/span><\/p>\n<h3><span style=\"font-family: 'Arial',sans-serif;\">GRIP 20 apr\u012bkojums<o:p><\/o:p><\/span><\/h3>\n<p><span style=\"font-family: 'Arial',sans-serif;\">Antares GRIP 20 taisn\u0101s rievas pal\u012bdz novad\u012bt sniegu, slapjdra\u0146\u0137i un \u016bdeni, uzlabojot sa\u0137eri un samazinot akvaplan\u0113\u0161\u0101nas risku. Taisnst\u016brveida s\u0101nu bloki nodro\u0161ina stabilit\u0101ti un izcilu sa\u0137eri ar\u012b uz sausa asfalta. Protektora raksta centr\u0101 eso\u0161\u0101 riba ir unik\u0101la ar to, ka sast\u0101v no div\u0101m vien\u0101d\u0101m, simetrisk\u0101m da\u013c\u0101m ar platu dren\u0101\u017eas rievu pa vidu. \u0160\u0101ds komponentu salikums uzlabo vienlaikus vair\u0101kus veiktsp\u0113jas aspektus. Tiek vienlaikus uzlabota stabilit\u0101te, sa\u0137ere pat lielos brauk\u0161anas \u0101trumos, sa\u0137ere snieg\u0101 un nokri\u0161\u0146u novade. <o:p><\/o:p><\/span><\/p>\n<p><span style=\"font-family: 'Arial',sans-serif;\">Mode\u013ca lieto\u0161anas dro\u0161\u012bbu ziemas laika apst\u0101k\u013cos un t\u0101 atbilst\u012bbu valst\u012bm ar oblig\u0101tu sezon\u0101lo riepu mai\u0146u apstiprina mar\u0137\u0113jums sniegp\u0101rslas form\u0101 uz kalna fona ar trim virsotn\u0113m (3PMSF).<o:p><\/o:p><\/span><\/p>\n","protected":false},"excerpt":{"rendered":"<p><b><span style=\"font-family: 'Arial',sans-serif;\">Antares GRIP 20 <\/span><\/b><span style=\"font-family: 'Arial',sans-serif;\">ir Skandin\u0101vijas tipa ziemas riepu modelis, kas izce\u013cas ar teicamu sa\u0137eri pat skarb\u0101kajos ziemas brauk\u0161anas apst\u0101k\u013cos, k\u0101 ar\u012b neticami labu cenas un veiktsp\u0113jas attiec\u012bbu. Pieejamas pla\u0161\u0101 izm\u0113ru kl\u0101st\u0101, \u0161\u012bs riepas piem\u0113rotas no kompaktklases, l\u012bdz pat lielajiem apvidus jeb SUV automobi\u013ciem.<o:p><\/o:p><\/span><\/p>\n","protected":false},"featured_media":845740,"template":"","meta":{"_acf_changed":false,"ngg_post_thumbnail":0},"product_brand":[],"product_cat":[47,45],"product_tag":[],"class_list":{"0":"post-773198","1":"product","2":"type-product","3":"status-publish","4":"has-post-thumbnail","6":"product_cat-vissezonas-riepas","7":"product_cat-ziemas-riepas","9":"first","10":"outofstock","11":"sale","12":"taxable","13":"shipping-taxable","14":"product-type-simple"},"acf":[],"yoast_head":"<!-- This site is optimized with the Yoast SEO Premium plugin v22.6 (Yoast SEO v27.3) - https:\/\/yoast.com\/product\/yoast-seo-premium-wordpress\/ -->\n<title>235\/55R18 Antares GRIP 20 104T XL &#8226; MMK Riepas<\/title>\n<meta name=\"robots\" content=\"index, follow, max-snippet:-1, max-image-preview:large, max-video-preview:-1\" \/>\n<link rel=\"canonical\" href=\"https:\/\/mmkriepas.lv\/en\/p\/235-55r18-antares-grip20-104t-xl-2\/\" \/>\n<meta property=\"og:locale\" content=\"en_US\" \/>\n<meta property=\"og:type\" content=\"article\" \/>\n<meta property=\"og:title\" content=\"235\/55R18 Antares GRIP 20 104T XL\" \/>\n<meta property=\"og:description\" content=\"Antares GRIP 20 ir Skandin\u0101vijas tipa ziemas riepu modelis, kas izce\u013cas ar teicamu sa\u0137eri pat skarb\u0101kajos ziemas brauk\u0161anas apst\u0101k\u013cos, k\u0101 ar\u012b neticami labu cenas un veiktsp\u0113jas attiec\u012bbu. Pieejamas pla\u0161\u0101 izm\u0113ru kl\u0101st\u0101, \u0161\u012bs riepas piem\u0113rotas no kompaktklases, l\u012bdz pat lielajiem apvidus jeb SUV automobi\u013ciem.\" \/>\n<meta property=\"og:url\" content=\"https:\/\/mmkriepas.lv\/en\/p\/235-55r18-antares-grip20-104t-xl-2\/\" \/>\n<meta property=\"og:site_name\" content=\"MMK Riepas\" \/>\n<meta property=\"article:publisher\" content=\"https:\/\/www.facebook.com\/mmkserviss\/\" \/>\n<meta property=\"article:modified_time\" content=\"2026-03-03T18:44:33+00:00\" \/>\n<meta property=\"og:image\" content=\"https:\/\/mmkriepas.lv\/wp-content\/uploads\/2024\/01\/22540r18-antares-grip20-92h-xl-ziemas-riepas.jpg\" \/>\n\t<meta property=\"og:image:width\" content=\"1920\" \/>\n\t<meta property=\"og:image:height\" content=\"1920\" \/>\n\t<meta property=\"og:image:type\" content=\"image\/jpeg\" \/>\n<meta name=\"twitter:card\" content=\"summary_large_image\" \/>\n<meta name=\"twitter:label1\" content=\"Price\" \/>\n\t<meta name=\"twitter:data1\" content=\"&euro;75.00\" \/>\n\t<meta name=\"twitter:label2\" content=\"Availability\" \/>\n\t<meta name=\"twitter:data2\" content=\"Out of stock\" \/>\n<script type=\"application\/ld+json\" class=\"yoast-schema-graph\">{\"@context\":\"https:\\\/\\\/schema.org\",\"@graph\":[{\"@type\":\"WebPage\",\"@id\":\"https:\\\/\\\/mmkriepas.lv\\\/en\\\/p\\\/235-55r18-antares-grip20-104t-xl-2\\\/\",\"url\":\"https:\\\/\\\/mmkriepas.lv\\\/en\\\/p\\\/235-55r18-antares-grip20-104t-xl-2\\\/\",\"name\":\"235\\\/55R18 Antares GRIP 20 104T XL &#8226; MMK Riepas\",\"isPartOf\":{\"@id\":\"https:\\\/\\\/mmkriepas.lv\\\/en\\\/#website\"},\"primaryImageOfPage\":{\"@id\":\"https:\\\/\\\/mmkriepas.lv\\\/en\\\/p\\\/235-55r18-antares-grip20-104t-xl-2\\\/#primaryimage\"},\"image\":{\"@id\":\"https:\\\/\\\/mmkriepas.lv\\\/en\\\/p\\\/235-55r18-antares-grip20-104t-xl-2\\\/#primaryimage\"},\"thumbnailUrl\":\"https:\\\/\\\/mmkriepas.lv\\\/wp-content\\\/uploads\\\/2024\\\/01\\\/22540r18-antares-grip20-92h-xl-ziemas-riepas.jpg\",\"datePublished\":\"2023-08-11T10:32:09+00:00\",\"dateModified\":\"2026-03-03T18:44:33+00:00\",\"breadcrumb\":{\"@id\":\"https:\\\/\\\/mmkriepas.lv\\\/en\\\/p\\\/235-55r18-antares-grip20-104t-xl-2\\\/#breadcrumb\"},\"inLanguage\":\"en-US\",\"potentialAction\":[{\"@type\":\"ReadAction\",\"target\":[\"https:\\\/\\\/mmkriepas.lv\\\/en\\\/p\\\/235-55r18-antares-grip20-104t-xl-2\\\/\"]}]},{\"@type\":\"ImageObject\",\"inLanguage\":\"en-US\",\"@id\":\"https:\\\/\\\/mmkriepas.lv\\\/en\\\/p\\\/235-55r18-antares-grip20-104t-xl-2\\\/#primaryimage\",\"url\":\"https:\\\/\\\/mmkriepas.lv\\\/wp-content\\\/uploads\\\/2024\\\/01\\\/22540r18-antares-grip20-92h-xl-ziemas-riepas.jpg\",\"contentUrl\":\"https:\\\/\\\/mmkriepas.lv\\\/wp-content\\\/uploads\\\/2024\\\/01\\\/22540r18-antares-grip20-92h-xl-ziemas-riepas.jpg\",\"width\":1920,\"height\":1920,\"caption\":\"MAIN\"},{\"@type\":\"BreadcrumbList\",\"@id\":\"https:\\\/\\\/mmkriepas.lv\\\/en\\\/p\\\/235-55r18-antares-grip20-104t-xl-2\\\/#breadcrumb\",\"itemListElement\":[{\"@type\":\"ListItem\",\"position\":1,\"name\":\"S\u0101kums\",\"item\":\"https:\\\/\\\/mmkriepas.lv\\\/en\\\/\"},{\"@type\":\"ListItem\",\"position\":2,\"name\":\"235\\\/55R18 Antares GRIP 20 104T XL\"}]},{\"@type\":\"WebSite\",\"@id\":\"https:\\\/\\\/mmkriepas.lv\\\/en\\\/#website\",\"url\":\"https:\\\/\\\/mmkriepas.lv\\\/en\\\/\",\"name\":\"MMK Riepas\",\"description\":\"MMK Riepas\",\"alternateName\":\"MMK Riepu Serviss\",\"potentialAction\":[{\"@type\":\"SearchAction\",\"target\":{\"@type\":\"EntryPoint\",\"urlTemplate\":\"https:\\\/\\\/mmkriepas.lv\\\/en\\\/?s={search_term_string}\"},\"query-input\":{\"@type\":\"PropertyValueSpecification\",\"valueRequired\":true,\"valueName\":\"search_term_string\"}}],\"inLanguage\":\"en-US\"},{\"@type\":\"ImageObject\",\"inLanguage\":\"en-US\",\"@id\":\"https:\\\/\\\/mmkriepas.lv\\\/en\\\/p\\\/235-55r18-antares-grip20-104t-xl-2\\\/#local-main-organization-logo\",\"url\":\"\",\"contentUrl\":\"\",\"caption\":\"MMK Riepas\"}]}<\/script>\n<meta property=\"product:brand\" content=\"Antares GRIP 20\" \/>\n<meta property=\"product:price:amount\" content=\"75.00\" \/>\n<meta property=\"product:price:currency\" content=\"EUR\" \/>\n<meta property=\"og:availability\" content=\"out of stock\" \/>\n<meta property=\"product:availability\" content=\"out of stock\" \/>\n<meta property=\"product:retailer_item_id\" content=\"TW2355518ANTAR-28408\" \/>\n<meta property=\"product:condition\" content=\"new\" \/>\n<!-- \/ Yoast SEO Premium plugin. -->","yoast_head_json":{"title":"235\/55R18 Antares GRIP 20 104T XL &#8226; MMK Riepas","robots":{"index":"index","follow":"follow","max-snippet":"max-snippet:-1","max-image-preview":"max-image-preview:large","max-video-preview":"max-video-preview:-1"},"canonical":"https:\/\/mmkriepas.lv\/en\/p\/235-55r18-antares-grip20-104t-xl-2\/","og_locale":"en_US","og_type":"article","og_title":"235\/55R18 Antares GRIP 20 104T XL","og_description":"Antares GRIP 20 ir Skandin\u0101vijas tipa ziemas riepu modelis, kas izce\u013cas ar teicamu sa\u0137eri pat skarb\u0101kajos ziemas brauk\u0161anas apst\u0101k\u013cos, k\u0101 ar\u012b neticami labu cenas un veiktsp\u0113jas attiec\u012bbu. Pieejamas pla\u0161\u0101 izm\u0113ru kl\u0101st\u0101, \u0161\u012bs riepas piem\u0113rotas no kompaktklases, l\u012bdz pat lielajiem apvidus jeb SUV automobi\u013ciem.","og_url":"https:\/\/mmkriepas.lv\/en\/p\/235-55r18-antares-grip20-104t-xl-2\/","og_site_name":"MMK Riepas","article_publisher":"https:\/\/www.facebook.com\/mmkserviss\/","article_modified_time":"2026-03-03T18:44:33+00:00","og_image":[{"width":1920,"height":1920,"url":"https:\/\/mmkriepas.lv\/wp-content\/uploads\/2024\/01\/22540r18-antares-grip20-92h-xl-ziemas-riepas.jpg","type":"image\/jpeg"}],"twitter_card":"summary_large_image","twitter_misc":{"Price":"&euro;75.00","Availability":"Out of stock"},"schema":{"@context":"https:\/\/schema.org","@graph":[{"@type":"WebPage","@id":"https:\/\/mmkriepas.lv\/en\/p\/235-55r18-antares-grip20-104t-xl-2\/","url":"https:\/\/mmkriepas.lv\/en\/p\/235-55r18-antares-grip20-104t-xl-2\/","name":"235\/55R18 Antares GRIP 20 104T XL &#8226; MMK Riepas","isPartOf":{"@id":"https:\/\/mmkriepas.lv\/en\/#website"},"primaryImageOfPage":{"@id":"https:\/\/mmkriepas.lv\/en\/p\/235-55r18-antares-grip20-104t-xl-2\/#primaryimage"},"image":{"@id":"https:\/\/mmkriepas.lv\/en\/p\/235-55r18-antares-grip20-104t-xl-2\/#primaryimage"},"thumbnailUrl":"https:\/\/mmkriepas.lv\/wp-content\/uploads\/2024\/01\/22540r18-antares-grip20-92h-xl-ziemas-riepas.jpg","datePublished":"2023-08-11T10:32:09+00:00","dateModified":"2026-03-03T18:44:33+00:00","breadcrumb":{"@id":"https:\/\/mmkriepas.lv\/en\/p\/235-55r18-antares-grip20-104t-xl-2\/#breadcrumb"},"inLanguage":"en-US","potentialAction":[{"@type":"ReadAction","target":["https:\/\/mmkriepas.lv\/en\/p\/235-55r18-antares-grip20-104t-xl-2\/"]}]},{"@type":"ImageObject","inLanguage":"en-US","@id":"https:\/\/mmkriepas.lv\/en\/p\/235-55r18-antares-grip20-104t-xl-2\/#primaryimage","url":"https:\/\/mmkriepas.lv\/wp-content\/uploads\/2024\/01\/22540r18-antares-grip20-92h-xl-ziemas-riepas.jpg","contentUrl":"https:\/\/mmkriepas.lv\/wp-content\/uploads\/2024\/01\/22540r18-antares-grip20-92h-xl-ziemas-riepas.jpg","width":1920,"height":1920,"caption":"MAIN"},{"@type":"BreadcrumbList","@id":"https:\/\/mmkriepas.lv\/en\/p\/235-55r18-antares-grip20-104t-xl-2\/#breadcrumb","itemListElement":[{"@type":"ListItem","position":1,"name":"S\u0101kums","item":"https:\/\/mmkriepas.lv\/en\/"},{"@type":"ListItem","position":2,"name":"235\/55R18 Antares GRIP 20 104T XL"}]},{"@type":"WebSite","@id":"https:\/\/mmkriepas.lv\/en\/#website","url":"https:\/\/mmkriepas.lv\/en\/","name":"MMK Riepas","description":"MMK Riepas","alternateName":"MMK Riepu Serviss","potentialAction":[{"@type":"SearchAction","target":{"@type":"EntryPoint","urlTemplate":"https:\/\/mmkriepas.lv\/en\/?s={search_term_string}"},"query-input":{"@type":"PropertyValueSpecification","valueRequired":true,"valueName":"search_term_string"}}],"inLanguage":"en-US"},{"@type":"ImageObject","inLanguage":"en-US","@id":"https:\/\/mmkriepas.lv\/en\/p\/235-55r18-antares-grip20-104t-xl-2\/#local-main-organization-logo","url":"","contentUrl":"","caption":"MMK Riepas"}]},"product_brand":"Antares GRIP 20","product_price_amount":"75.00","product_price_currency":"EUR","og_availability":"out of stock","product_availability":"out of stock","product_retailer_item_id":"TW2355518ANTAR-28408","product_condition":"new"},"_links":{"self":[{"href":"https:\/\/mmkriepas.lv\/en\/wp-json\/wp\/v2\/product\/773198","targetHints":{"allow":["GET"]}}],"collection":[{"href":"https:\/\/mmkriepas.lv\/en\/wp-json\/wp\/v2\/product"}],"about":[{"href":"https:\/\/mmkriepas.lv\/en\/wp-json\/wp\/v2\/types\/product"}],"wp:featuredmedia":[{"embeddable":true,"href":"https:\/\/mmkriepas.lv\/en\/wp-json\/wp\/v2\/media\/845740"}],"wp:attachment":[{"href":"https:\/\/mmkriepas.lv\/en\/wp-json\/wp\/v2\/media?parent=773198"}],"wp:term":[{"taxonomy":"product_brand","embeddable":true,"href":"https:\/\/mmkriepas.lv\/en\/wp-json\/wp\/v2\/product_brand?post=773198"},{"taxonomy":"product_cat","embeddable":true,"href":"https:\/\/mmkriepas.lv\/en\/wp-json\/wp\/v2\/product_cat?post=773198"},{"taxonomy":"product_tag","embeddable":true,"href":"https:\/\/mmkriepas.lv\/en\/wp-json\/wp\/v2\/product_tag?post=773198"}],"curies":[{"name":"wp","href":"https:\/\/api.w.org\/{rel}","templated":true}]}}