{"id":771541,"date":"2023-08-08T11:26:15","date_gmt":"2023-08-08T08:26:15","guid":{"rendered":"https:\/\/mmkserviss.lv\/?post_type=product&#038;p=771541"},"modified":"2026-03-07T21:11:10","modified_gmt":"2026-03-07T19:11:10","slug":"215-65r16c-hifly-win-transit-109-107r-8pr","status":"publish","type":"product","link":"https:\/\/mmkriepas.lv\/en\/p\/215-65r16c-hifly-win-transit-109-107r-8pr\/","title":{"rendered":"215\/65R16C Hifly Win-Transit 109\/107R 8PR"},"content":{"rendered":"<p><b>Hifly Win-Transit<\/b><span style=\"font-weight: 400;\"> ir ziemas riepu modelis, kas paredz\u0113ts komerctransportam- mikroautobusiem un vieglajiem kravas auto. Tas izce\u013cas ar teicamiem veiktsp\u0113jas r\u0101d\u012bt\u0101jiem, gludu, klusu un komfortablu gaidu, un ilgm\u016b\u017e\u012bbu!<\/span><\/p>\n<h3><b>Hifly Win-Transit galven\u0101s iez\u012bmes<\/b><\/h3>\n<p><span style=\"font-weight: 400;\">+ Palielin\u0101ta triecieniztur\u012bba un ilgm\u016b\u017e\u012bba!<\/span><\/p>\n<p><span style=\"font-weight: 400;\">+ Degvielas ekonomija!<\/span><\/p>\n<p><span style=\"font-weight: 400;\">+ Laba veiktsp\u0113ja jebk\u0101dos brauk\u0161anas apst\u0101k\u013cos!<\/span><\/p>\n<p><span style=\"font-weight: 400;\">+ Uzlabots riepas gumijas sast\u0101vs!<\/span><\/p>\n<p><span style=\"font-weight: 400;\">+ Papildus kordu jeb brekera sl\u0101\u0146i!<\/span><\/p>\n<p><span style=\"font-weight: 400;\">+ Palielin\u0101ta kravnes\u012bba!<\/span><\/p>\n<h3><b>Win-Transit apr\u012bkojums<\/b><\/h3>\n<p><span style=\"font-weight: 400;\">HiFly Win-Transit c indeksa ziemas riepas apr\u012bkotas ar klasisko protektora rakstu, padarot t\u0101s kravnes\u012bg\u0101kas. T\u0101s ir krietni iztur\u012bg\u0101kas par citiem mode\u013ciem, pateicoties papildus kordu jeb brekera sl\u0101\u0146iem. Pa\u0161as riepas darin\u0101tas no augstas kvalit\u0101tes gumijas mais\u012bjuma, kas veidots t\u0101, lai nodilums veidotos p\u0113c iesp\u0113jas ilg\u0101k.<\/span><\/p>\n<p><b>Hifly Win-Transit<\/b><span style=\"font-weight: 400;\"> mode\u013ca lieto\u0161anas dro\u0161\u012bbu ziemas laika apst\u0101k\u013cos un t\u0101 atbilst\u012bbu valst\u012bm ar oblig\u0101tu sezon\u0101lo riepu mai\u0146u apstiprina mar\u0137\u0113jums sniegp\u0101rslas form\u0101 uz kalna fona ar trim virsotn\u0113m (3PMSF).<\/span><\/p>\n<p><span style=\"font-weight: 400;\"><\/span><b>Hifly Win-Transit-<\/b><span style=\"font-weight: 400;\"> c indeksa ziemas riepa, gatava st\u0101ties pret\u012b bargiem apst\u0101k\u013ciem. Pieejama abos MMK Riepu Centros par vislab\u0101kaj\u0101m cen\u0101m.<\/span><\/p>\n","protected":false},"excerpt":{"rendered":"<p><b>Hifly Win-Transit<\/b><span style=\"font-weight: 400;\"> ir ziemas riepu modelis, kas paredz\u0113ts komerctransportam- mikroautobusiem un vieglajiem kravas auto. Tas izce\u013cas ar teicamiem veiktsp\u0113jas r\u0101d\u012bt\u0101jiem, gludu, klusu un komfortablu gaidu, un ilgm\u016b\u017e\u012bbu!<\/span><\/p>\n","protected":false},"featured_media":10196,"template":"","meta":{"_acf_changed":false,"ngg_post_thumbnail":0},"product_brand":[],"product_cat":[47,45],"product_tag":[],"class_list":{"0":"post-771541","1":"product","2":"type-product","3":"status-publish","4":"has-post-thumbnail","6":"product_cat-vissezonas-riepas","7":"product_cat-ziemas-riepas","9":"first","10":"outofstock","11":"sale","12":"taxable","13":"shipping-taxable","14":"product-type-simple"},"acf":[],"yoast_head":"<!-- This site is optimized with the Yoast SEO Premium plugin v22.6 (Yoast SEO v27.3) - https:\/\/yoast.com\/product\/yoast-seo-premium-wordpress\/ -->\n<title>215\/65R16C Hifly Win-Transit 109\/107R 8PR &#8226; MMK Riepas<\/title>\n<meta name=\"description\" content=\"Hifly Win-Transit- c indeksa ziemas riepa, gatava st\u0101ties pret\u012b bargiem apst\u0101k\u013ciem. Pieejama abos MMK Riepu Centros par vislab\u0101kaj\u0101m cen\u0101m.\" \/>\n<meta name=\"robots\" content=\"index, follow, max-snippet:-1, max-image-preview:large, max-video-preview:-1\" \/>\n<link rel=\"canonical\" href=\"https:\/\/mmkriepas.lv\/en\/p\/215-65r16c-hifly-win-transit-109-107r-8pr\/\" \/>\n<meta property=\"og:locale\" content=\"en_US\" \/>\n<meta property=\"og:type\" content=\"article\" \/>\n<meta property=\"og:title\" content=\"215\/65R16C Hifly Win-Transit 109\/107R 8PR\" \/>\n<meta property=\"og:description\" content=\"Hifly Win-Transit- c indeksa ziemas riepa, gatava st\u0101ties pret\u012b bargiem apst\u0101k\u013ciem. Pieejama abos MMK Riepu Centros par vislab\u0101kaj\u0101m cen\u0101m.\" \/>\n<meta property=\"og:url\" content=\"https:\/\/mmkriepas.lv\/en\/p\/215-65r16c-hifly-win-transit-109-107r-8pr\/\" \/>\n<meta property=\"og:site_name\" content=\"MMK Riepas\" \/>\n<meta property=\"article:publisher\" content=\"https:\/\/www.facebook.com\/mmkserviss\/\" \/>\n<meta property=\"article:modified_time\" content=\"2026-03-07T19:11:10+00:00\" \/>\n<meta property=\"og:image\" content=\"https:\/\/mmkriepas.lv\/wp-content\/uploads\/2017\/09\/19575r16c-hifly-win-transit-ziemas-riepas.jpg\" \/>\n\t<meta property=\"og:image:width\" content=\"1400\" \/>\n\t<meta property=\"og:image:height\" content=\"887\" \/>\n\t<meta property=\"og:image:type\" content=\"image\/jpeg\" \/>\n<meta name=\"twitter:card\" content=\"summary_large_image\" \/>\n<meta name=\"twitter:label1\" content=\"Price\" \/>\n\t<meta name=\"twitter:data1\" content=\"&euro;65.00\" \/>\n\t<meta name=\"twitter:label2\" content=\"Availability\" \/>\n\t<meta name=\"twitter:data2\" content=\"Out of stock\" \/>\n<script type=\"application\/ld+json\" class=\"yoast-schema-graph\">{\"@context\":\"https:\\\/\\\/schema.org\",\"@graph\":[{\"@type\":\"WebPage\",\"@id\":\"https:\\\/\\\/mmkriepas.lv\\\/en\\\/p\\\/215-65r16c-hifly-win-transit-109-107r-8pr\\\/\",\"url\":\"https:\\\/\\\/mmkriepas.lv\\\/en\\\/p\\\/215-65r16c-hifly-win-transit-109-107r-8pr\\\/\",\"name\":\"215\\\/65R16C Hifly Win-Transit 109\\\/107R 8PR &#8226; MMK Riepas\",\"isPartOf\":{\"@id\":\"https:\\\/\\\/mmkriepas.lv\\\/en\\\/#website\"},\"primaryImageOfPage\":{\"@id\":\"https:\\\/\\\/mmkriepas.lv\\\/en\\\/p\\\/215-65r16c-hifly-win-transit-109-107r-8pr\\\/#primaryimage\"},\"image\":{\"@id\":\"https:\\\/\\\/mmkriepas.lv\\\/en\\\/p\\\/215-65r16c-hifly-win-transit-109-107r-8pr\\\/#primaryimage\"},\"thumbnailUrl\":\"https:\\\/\\\/mmkriepas.lv\\\/wp-content\\\/uploads\\\/2017\\\/09\\\/19575r16c-hifly-win-transit-ziemas-riepas.jpg\",\"datePublished\":\"2023-08-08T08:26:15+00:00\",\"dateModified\":\"2026-03-07T19:11:10+00:00\",\"description\":\"Hifly Win-Transit- c indeksa ziemas riepa, gatava st\u0101ties pret\u012b bargiem apst\u0101k\u013ciem. Pieejama abos MMK Riepu Centros par vislab\u0101kaj\u0101m cen\u0101m.\",\"breadcrumb\":{\"@id\":\"https:\\\/\\\/mmkriepas.lv\\\/en\\\/p\\\/215-65r16c-hifly-win-transit-109-107r-8pr\\\/#breadcrumb\"},\"inLanguage\":\"en-US\",\"potentialAction\":[{\"@type\":\"ReadAction\",\"target\":[\"https:\\\/\\\/mmkriepas.lv\\\/en\\\/p\\\/215-65r16c-hifly-win-transit-109-107r-8pr\\\/\"]}]},{\"@type\":\"ImageObject\",\"inLanguage\":\"en-US\",\"@id\":\"https:\\\/\\\/mmkriepas.lv\\\/en\\\/p\\\/215-65r16c-hifly-win-transit-109-107r-8pr\\\/#primaryimage\",\"url\":\"https:\\\/\\\/mmkriepas.lv\\\/wp-content\\\/uploads\\\/2017\\\/09\\\/19575r16c-hifly-win-transit-ziemas-riepas.jpg\",\"contentUrl\":\"https:\\\/\\\/mmkriepas.lv\\\/wp-content\\\/uploads\\\/2017\\\/09\\\/19575r16c-hifly-win-transit-ziemas-riepas.jpg\",\"width\":1400,\"height\":887,\"caption\":\"195\\\/75R16C Hifly Win-Transit - Vissezonas riepas \\\/ Ziemas riepas\"},{\"@type\":\"BreadcrumbList\",\"@id\":\"https:\\\/\\\/mmkriepas.lv\\\/en\\\/p\\\/215-65r16c-hifly-win-transit-109-107r-8pr\\\/#breadcrumb\",\"itemListElement\":[{\"@type\":\"ListItem\",\"position\":1,\"name\":\"S\u0101kums\",\"item\":\"https:\\\/\\\/mmkriepas.lv\\\/en\\\/\"},{\"@type\":\"ListItem\",\"position\":2,\"name\":\"215\\\/65R16C Hifly Win-Transit 109\\\/107R 8PR\"}]},{\"@type\":\"WebSite\",\"@id\":\"https:\\\/\\\/mmkriepas.lv\\\/en\\\/#website\",\"url\":\"https:\\\/\\\/mmkriepas.lv\\\/en\\\/\",\"name\":\"MMK Riepas\",\"description\":\"MMK Riepas\",\"alternateName\":\"MMK Riepu Serviss\",\"potentialAction\":[{\"@type\":\"SearchAction\",\"target\":{\"@type\":\"EntryPoint\",\"urlTemplate\":\"https:\\\/\\\/mmkriepas.lv\\\/en\\\/?s={search_term_string}\"},\"query-input\":{\"@type\":\"PropertyValueSpecification\",\"valueRequired\":true,\"valueName\":\"search_term_string\"}}],\"inLanguage\":\"en-US\"},{\"@type\":\"ImageObject\",\"inLanguage\":\"en-US\",\"@id\":\"https:\\\/\\\/mmkriepas.lv\\\/en\\\/p\\\/215-65r16c-hifly-win-transit-109-107r-8pr\\\/#local-main-organization-logo\",\"url\":\"\",\"contentUrl\":\"\",\"caption\":\"MMK Riepas\"}]}<\/script>\n<meta property=\"product:brand\" content=\"Hifly Win-Transit\" \/>\n<meta property=\"product:price:amount\" content=\"65.00\" \/>\n<meta property=\"product:price:currency\" content=\"EUR\" \/>\n<meta property=\"og:availability\" content=\"out of stock\" \/>\n<meta property=\"product:availability\" content=\"out of stock\" \/>\n<meta property=\"product:retailer_item_id\" content=\"TW2156516CHIFLY-28327\" \/>\n<meta property=\"product:condition\" content=\"new\" \/>\n<!-- \/ Yoast SEO Premium plugin. -->","yoast_head_json":{"title":"215\/65R16C Hifly Win-Transit 109\/107R 8PR &#8226; MMK Riepas","description":"Hifly Win-Transit- c indeksa ziemas riepa, gatava st\u0101ties pret\u012b bargiem apst\u0101k\u013ciem. Pieejama abos MMK Riepu Centros par vislab\u0101kaj\u0101m cen\u0101m.","robots":{"index":"index","follow":"follow","max-snippet":"max-snippet:-1","max-image-preview":"max-image-preview:large","max-video-preview":"max-video-preview:-1"},"canonical":"https:\/\/mmkriepas.lv\/en\/p\/215-65r16c-hifly-win-transit-109-107r-8pr\/","og_locale":"en_US","og_type":"article","og_title":"215\/65R16C Hifly Win-Transit 109\/107R 8PR","og_description":"Hifly Win-Transit- c indeksa ziemas riepa, gatava st\u0101ties pret\u012b bargiem apst\u0101k\u013ciem. Pieejama abos MMK Riepu Centros par vislab\u0101kaj\u0101m cen\u0101m.","og_url":"https:\/\/mmkriepas.lv\/en\/p\/215-65r16c-hifly-win-transit-109-107r-8pr\/","og_site_name":"MMK Riepas","article_publisher":"https:\/\/www.facebook.com\/mmkserviss\/","article_modified_time":"2026-03-07T19:11:10+00:00","og_image":[{"width":1400,"height":887,"url":"https:\/\/mmkriepas.lv\/wp-content\/uploads\/2017\/09\/19575r16c-hifly-win-transit-ziemas-riepas.jpg","type":"image\/jpeg"}],"twitter_card":"summary_large_image","twitter_misc":{"Price":"&euro;65.00","Availability":"Out of stock"},"schema":{"@context":"https:\/\/schema.org","@graph":[{"@type":"WebPage","@id":"https:\/\/mmkriepas.lv\/en\/p\/215-65r16c-hifly-win-transit-109-107r-8pr\/","url":"https:\/\/mmkriepas.lv\/en\/p\/215-65r16c-hifly-win-transit-109-107r-8pr\/","name":"215\/65R16C Hifly Win-Transit 109\/107R 8PR &#8226; MMK Riepas","isPartOf":{"@id":"https:\/\/mmkriepas.lv\/en\/#website"},"primaryImageOfPage":{"@id":"https:\/\/mmkriepas.lv\/en\/p\/215-65r16c-hifly-win-transit-109-107r-8pr\/#primaryimage"},"image":{"@id":"https:\/\/mmkriepas.lv\/en\/p\/215-65r16c-hifly-win-transit-109-107r-8pr\/#primaryimage"},"thumbnailUrl":"https:\/\/mmkriepas.lv\/wp-content\/uploads\/2017\/09\/19575r16c-hifly-win-transit-ziemas-riepas.jpg","datePublished":"2023-08-08T08:26:15+00:00","dateModified":"2026-03-07T19:11:10+00:00","description":"Hifly Win-Transit- c indeksa ziemas riepa, gatava st\u0101ties pret\u012b bargiem apst\u0101k\u013ciem. Pieejama abos MMK Riepu Centros par vislab\u0101kaj\u0101m cen\u0101m.","breadcrumb":{"@id":"https:\/\/mmkriepas.lv\/en\/p\/215-65r16c-hifly-win-transit-109-107r-8pr\/#breadcrumb"},"inLanguage":"en-US","potentialAction":[{"@type":"ReadAction","target":["https:\/\/mmkriepas.lv\/en\/p\/215-65r16c-hifly-win-transit-109-107r-8pr\/"]}]},{"@type":"ImageObject","inLanguage":"en-US","@id":"https:\/\/mmkriepas.lv\/en\/p\/215-65r16c-hifly-win-transit-109-107r-8pr\/#primaryimage","url":"https:\/\/mmkriepas.lv\/wp-content\/uploads\/2017\/09\/19575r16c-hifly-win-transit-ziemas-riepas.jpg","contentUrl":"https:\/\/mmkriepas.lv\/wp-content\/uploads\/2017\/09\/19575r16c-hifly-win-transit-ziemas-riepas.jpg","width":1400,"height":887,"caption":"195\/75R16C Hifly Win-Transit - Vissezonas riepas \/ Ziemas riepas"},{"@type":"BreadcrumbList","@id":"https:\/\/mmkriepas.lv\/en\/p\/215-65r16c-hifly-win-transit-109-107r-8pr\/#breadcrumb","itemListElement":[{"@type":"ListItem","position":1,"name":"S\u0101kums","item":"https:\/\/mmkriepas.lv\/en\/"},{"@type":"ListItem","position":2,"name":"215\/65R16C Hifly Win-Transit 109\/107R 8PR"}]},{"@type":"WebSite","@id":"https:\/\/mmkriepas.lv\/en\/#website","url":"https:\/\/mmkriepas.lv\/en\/","name":"MMK Riepas","description":"MMK Riepas","alternateName":"MMK Riepu Serviss","potentialAction":[{"@type":"SearchAction","target":{"@type":"EntryPoint","urlTemplate":"https:\/\/mmkriepas.lv\/en\/?s={search_term_string}"},"query-input":{"@type":"PropertyValueSpecification","valueRequired":true,"valueName":"search_term_string"}}],"inLanguage":"en-US"},{"@type":"ImageObject","inLanguage":"en-US","@id":"https:\/\/mmkriepas.lv\/en\/p\/215-65r16c-hifly-win-transit-109-107r-8pr\/#local-main-organization-logo","url":"","contentUrl":"","caption":"MMK Riepas"}]},"product_brand":"Hifly Win-Transit","product_price_amount":"65.00","product_price_currency":"EUR","og_availability":"out of stock","product_availability":"out of stock","product_retailer_item_id":"TW2156516CHIFLY-28327","product_condition":"new"},"_links":{"self":[{"href":"https:\/\/mmkriepas.lv\/en\/wp-json\/wp\/v2\/product\/771541","targetHints":{"allow":["GET"]}}],"collection":[{"href":"https:\/\/mmkriepas.lv\/en\/wp-json\/wp\/v2\/product"}],"about":[{"href":"https:\/\/mmkriepas.lv\/en\/wp-json\/wp\/v2\/types\/product"}],"wp:featuredmedia":[{"embeddable":true,"href":"https:\/\/mmkriepas.lv\/en\/wp-json\/wp\/v2\/media\/10196"}],"wp:attachment":[{"href":"https:\/\/mmkriepas.lv\/en\/wp-json\/wp\/v2\/media?parent=771541"}],"wp:term":[{"taxonomy":"product_brand","embeddable":true,"href":"https:\/\/mmkriepas.lv\/en\/wp-json\/wp\/v2\/product_brand?post=771541"},{"taxonomy":"product_cat","embeddable":true,"href":"https:\/\/mmkriepas.lv\/en\/wp-json\/wp\/v2\/product_cat?post=771541"},{"taxonomy":"product_tag","embeddable":true,"href":"https:\/\/mmkriepas.lv\/en\/wp-json\/wp\/v2\/product_tag?post=771541"}],"curies":[{"name":"wp","href":"https:\/\/api.w.org\/{rel}","templated":true}]}}