{"id":771332,"date":"2023-08-06T10:12:52","date_gmt":"2023-08-06T07:12:52","guid":{"rendered":"https:\/\/mmkserviss.lv\/?post_type=product&#038;p=771332"},"modified":"2026-03-18T22:24:56","modified_gmt":"2026-03-18T20:24:56","slug":"235-60r17-pirelli-winter-ice-zero-asimmetrico-106h-xl","status":"publish","type":"product","link":"https:\/\/mmkriepas.lv\/en\/p\/235-60r17-pirelli-winter-ice-zero-asimmetrico-106h-xl\/","title":{"rendered":"235\/60R17 Pirelli Winter ICE ZERO Asimmetrico 106H XL"},"content":{"rendered":"<p><b>Pirelli Winter Ice Zero Asimmetrico <\/b><span style=\"font-weight: 400;\">ir augst\u0101k\u0101s kvalit\u0101tes jeb Premium klases vissezonas\/ziemas riepu modelis. Tas paredz\u0113ts jaud\u012bg\u0101m luksus klases automa\u0161\u012bn\u0101m. \u0160is riepu modelis izce\u013cas ar izciliem veiktsp\u0113jas r\u0101d\u012bt\u0101jiem pla\u0161\u0101 brauk\u0161anas apst\u0101k\u013cu spektr\u0101, k\u0101 ar\u012b ar izteiktu akustisko un brauk\u0161anas komfortu.<\/span><\/p>\n<h3><b>Pirelli Winter Ice Zero Asimmetrico galven\u0101s iez\u012bmes<\/b><\/h3>\n<p><span style=\"font-weight: 400;\">+ Izcila sa\u0137ere ne tikai vasaras apst\u0101k\u013cos, bet ar\u012b snieg\u0101 un uz apledoju\u0161\u0101m ce\u013ca virsm\u0101m.<\/span><span style=\"font-weight: 400;\"><br \/><\/span><span style=\"font-weight: 400;\">+ Plati dren\u0101\u017eas jeb \u016bdens novadkan\u0101li pal\u012bdz samazin\u0101t akvaplan\u0113\u0161anas risku l\u012bdz minimumam.<\/span><span style=\"font-weight: 400;\"><br \/><\/span><span style=\"font-weight: 400;\">+ Augsta nodilumiztur\u012bba.<\/span><span style=\"font-weight: 400;\"><br \/><\/span><span style=\"font-weight: 400;\">+ Izteikts akustiskais un brauk\u0161anas gaitas komforts.<\/span><span style=\"font-weight: 400;\"><br \/><\/span><span style=\"font-weight: 400;\">+ Degvielas ekonomija.<\/span><\/p>\n<h3><b>Winter Ice Zero Asimmetrico apr\u012bkojums<\/b><\/h3>\n<p><b>Pirelli Winter Ice Zero Asimmetrico <\/b><span style=\"font-weight: 400;\">vissezonas\/ziemas riepas apr\u012bkotas ar uzlabotu asimetrisko protektora dizainu. Asimetriski izvietotajos protektora blokos bl\u012bvi iestr\u0101d\u0101tas 3D lameles, kas b\u016btiski uzlabo sa\u0137eri ar ledu, slidenaj\u0101 virsm\u0101 iec\u0113rtoties ar as\u0101m kant\u0113m.<\/span><\/p>\n<p><span style=\"font-weight: 400;\">Starp protektora blokiem izvietota augsti att\u012bst\u012bta dren\u0101\u017eas kan\u0101lu sist\u0113ma. T\u0101 \u0101tri un efekt\u012bvi atbr\u012bvo riepu kontakta virsmu ar ce\u013cu no \u016bdens, k\u0101 ar\u012b uzlabo veiktsp\u0113ju snieg\u0101.<\/span><\/p>\n<p><span style=\"font-weight: 400;\">Riepas darin\u0101tas no augstv\u0113rt\u012bga un elastrom\u0113riem bag\u0101ta kompoz\u012btmateri\u0101la. \u0136\u012bmiskie elementi, kas pievienoti riepu gumijas sast\u0101vam, pal\u012bdz t\u0101m saglab\u0101t elast\u012bbu pat \u013coti zem\u0101s gaisa temperat\u016br\u0101s. Elast\u012bga riepa daudz lab\u0101k veido sa\u0137eri ar ce\u013cu, k\u0101 ar\u012b dilst vienm\u0113r\u012bg\u0101k.<\/span><\/p>\n","protected":false},"excerpt":{"rendered":"<p><b>Pirelli Winter Ice Zero Asimmetrico <\/b><span style=\"font-weight: 400;\">ir augst\u0101k\u0101s kvalit\u0101tes jeb Premium klases vissezonas\/ziemas riepu modelis. Tas paredz\u0113ts jaud\u012bg\u0101m luksus klases automa\u0161\u012bn\u0101m. \u0160is riepu modelis izce\u013cas ar izciliem veiktsp\u0113jas r\u0101d\u012bt\u0101jiem pla\u0161\u0101 brauk\u0161anas apst\u0101k\u013cu spektr\u0101, k\u0101 ar\u012b ar izteiktu akustisko un brauk\u0161anas komfortu.<\/span><\/p>\n","protected":false},"featured_media":796872,"template":"","meta":{"_acf_changed":false,"ngg_post_thumbnail":0},"product_brand":[],"product_cat":[47,45],"product_tag":[],"class_list":{"0":"post-771332","1":"product","2":"type-product","3":"status-publish","4":"has-post-thumbnail","6":"product_cat-vissezonas-riepas","7":"product_cat-ziemas-riepas","9":"first","10":"instock","11":"sale","12":"taxable","13":"shipping-taxable","14":"product-type-simple"},"acf":[],"yoast_head":"<!-- This site is optimized with the Yoast SEO Premium plugin v22.6 (Yoast SEO v27.3) - https:\/\/yoast.com\/product\/yoast-seo-premium-wordpress\/ -->\n<title>235\/60R17 Pirelli Winter ICE ZERO Asimmetrico 106H XL &#8226; MMK Riepas<\/title>\n<meta name=\"robots\" content=\"index, follow, max-snippet:-1, max-image-preview:large, max-video-preview:-1\" \/>\n<link rel=\"canonical\" href=\"https:\/\/mmkriepas.lv\/en\/p\/235-60r17-pirelli-winter-ice-zero-asimmetrico-106h-xl\/\" \/>\n<meta property=\"og:locale\" content=\"en_US\" \/>\n<meta property=\"og:type\" content=\"article\" \/>\n<meta property=\"og:title\" content=\"235\/60R17 Pirelli Winter ICE ZERO Asimmetrico 106H XL\" \/>\n<meta property=\"og:description\" content=\"Pirelli Winter Ice Zero Asimmetrico ir augst\u0101k\u0101s kvalit\u0101tes jeb Premium klases vissezonas\/ziemas riepu modelis. Tas paredz\u0113ts jaud\u012bg\u0101m luksus klases automa\u0161\u012bn\u0101m. \u0160is riepu modelis izce\u013cas ar izciliem veiktsp\u0113jas r\u0101d\u012bt\u0101jiem pla\u0161\u0101 brauk\u0161anas apst\u0101k\u013cu spektr\u0101, k\u0101 ar\u012b ar izteiktu akustisko un brauk\u0161anas komfortu.\" \/>\n<meta property=\"og:url\" content=\"https:\/\/mmkriepas.lv\/en\/p\/235-60r17-pirelli-winter-ice-zero-asimmetrico-106h-xl\/\" \/>\n<meta property=\"og:site_name\" content=\"MMK Riepas\" \/>\n<meta property=\"article:publisher\" content=\"https:\/\/www.facebook.com\/mmkserviss\/\" \/>\n<meta property=\"article:modified_time\" content=\"2026-03-18T20:24:56+00:00\" \/>\n<meta property=\"og:image\" content=\"https:\/\/mmkriepas.lv\/wp-content\/uploads\/2023\/09\/17565r15-pirelli-winter-ice-zero-asimmetrico-84t-ziemas-riepas.jpg\" \/>\n\t<meta property=\"og:image:width\" content=\"1920\" \/>\n\t<meta property=\"og:image:height\" content=\"1920\" \/>\n\t<meta property=\"og:image:type\" content=\"image\/jpeg\" \/>\n<meta name=\"twitter:card\" content=\"summary_large_image\" \/>\n<meta name=\"twitter:label1\" content=\"Price\" \/>\n\t<meta name=\"twitter:data1\" content=\"&euro;165.00\" \/>\n\t<meta name=\"twitter:label2\" content=\"Availability\" \/>\n\t<meta name=\"twitter:data2\" content=\"In stock\" \/>\n<script type=\"application\/ld+json\" class=\"yoast-schema-graph\">{\"@context\":\"https:\\\/\\\/schema.org\",\"@graph\":[{\"@type\":\"WebPage\",\"@id\":\"https:\\\/\\\/mmkriepas.lv\\\/en\\\/p\\\/235-60r17-pirelli-winter-ice-zero-asimmetrico-106h-xl\\\/\",\"url\":\"https:\\\/\\\/mmkriepas.lv\\\/en\\\/p\\\/235-60r17-pirelli-winter-ice-zero-asimmetrico-106h-xl\\\/\",\"name\":\"235\\\/60R17 Pirelli Winter ICE ZERO Asimmetrico 106H XL &#8226; MMK Riepas\",\"isPartOf\":{\"@id\":\"https:\\\/\\\/mmkriepas.lv\\\/en\\\/#website\"},\"primaryImageOfPage\":{\"@id\":\"https:\\\/\\\/mmkriepas.lv\\\/en\\\/p\\\/235-60r17-pirelli-winter-ice-zero-asimmetrico-106h-xl\\\/#primaryimage\"},\"image\":{\"@id\":\"https:\\\/\\\/mmkriepas.lv\\\/en\\\/p\\\/235-60r17-pirelli-winter-ice-zero-asimmetrico-106h-xl\\\/#primaryimage\"},\"thumbnailUrl\":\"https:\\\/\\\/mmkriepas.lv\\\/wp-content\\\/uploads\\\/2023\\\/09\\\/17565r15-pirelli-winter-ice-zero-asimmetrico-84t-ziemas-riepas.jpg\",\"datePublished\":\"2023-08-06T07:12:52+00:00\",\"dateModified\":\"2026-03-18T20:24:56+00:00\",\"breadcrumb\":{\"@id\":\"https:\\\/\\\/mmkriepas.lv\\\/en\\\/p\\\/235-60r17-pirelli-winter-ice-zero-asimmetrico-106h-xl\\\/#breadcrumb\"},\"inLanguage\":\"en-US\",\"potentialAction\":[{\"@type\":\"ReadAction\",\"target\":[\"https:\\\/\\\/mmkriepas.lv\\\/en\\\/p\\\/235-60r17-pirelli-winter-ice-zero-asimmetrico-106h-xl\\\/\"]}]},{\"@type\":\"ImageObject\",\"inLanguage\":\"en-US\",\"@id\":\"https:\\\/\\\/mmkriepas.lv\\\/en\\\/p\\\/235-60r17-pirelli-winter-ice-zero-asimmetrico-106h-xl\\\/#primaryimage\",\"url\":\"https:\\\/\\\/mmkriepas.lv\\\/wp-content\\\/uploads\\\/2023\\\/09\\\/17565r15-pirelli-winter-ice-zero-asimmetrico-84t-ziemas-riepas.jpg\",\"contentUrl\":\"https:\\\/\\\/mmkriepas.lv\\\/wp-content\\\/uploads\\\/2023\\\/09\\\/17565r15-pirelli-winter-ice-zero-asimmetrico-84t-ziemas-riepas.jpg\",\"width\":1920,\"height\":1920,\"caption\":\"MAIN\"},{\"@type\":\"BreadcrumbList\",\"@id\":\"https:\\\/\\\/mmkriepas.lv\\\/en\\\/p\\\/235-60r17-pirelli-winter-ice-zero-asimmetrico-106h-xl\\\/#breadcrumb\",\"itemListElement\":[{\"@type\":\"ListItem\",\"position\":1,\"name\":\"S\u0101kums\",\"item\":\"https:\\\/\\\/mmkriepas.lv\\\/en\\\/\"},{\"@type\":\"ListItem\",\"position\":2,\"name\":\"235\\\/60R17 Pirelli Winter ICE ZERO Asimmetrico 106H XL\"}]},{\"@type\":\"WebSite\",\"@id\":\"https:\\\/\\\/mmkriepas.lv\\\/en\\\/#website\",\"url\":\"https:\\\/\\\/mmkriepas.lv\\\/en\\\/\",\"name\":\"MMK Riepas\",\"description\":\"MMK Riepas\",\"alternateName\":\"MMK Riepu Serviss\",\"potentialAction\":[{\"@type\":\"SearchAction\",\"target\":{\"@type\":\"EntryPoint\",\"urlTemplate\":\"https:\\\/\\\/mmkriepas.lv\\\/en\\\/?s={search_term_string}\"},\"query-input\":{\"@type\":\"PropertyValueSpecification\",\"valueRequired\":true,\"valueName\":\"search_term_string\"}}],\"inLanguage\":\"en-US\"},{\"@type\":\"ImageObject\",\"inLanguage\":\"en-US\",\"@id\":\"https:\\\/\\\/mmkriepas.lv\\\/en\\\/p\\\/235-60r17-pirelli-winter-ice-zero-asimmetrico-106h-xl\\\/#local-main-organization-logo\",\"url\":\"\",\"contentUrl\":\"\",\"caption\":\"MMK Riepas\"}]}<\/script>\n<meta property=\"product:brand\" content=\"Pirelli Winter ICE ZERO Asimmetrico\" \/>\n<meta property=\"product:price:amount\" content=\"165.00\" \/>\n<meta property=\"product:price:currency\" content=\"EUR\" \/>\n<meta property=\"og:availability\" content=\"instock\" \/>\n<meta property=\"product:availability\" content=\"instock\" \/>\n<meta property=\"product:retailer_item_id\" content=\"TW2356017PIREL-L28261\" \/>\n<meta property=\"product:condition\" content=\"new\" \/>\n<!-- \/ Yoast SEO Premium plugin. -->","yoast_head_json":{"title":"235\/60R17 Pirelli Winter ICE ZERO Asimmetrico 106H XL &#8226; MMK Riepas","robots":{"index":"index","follow":"follow","max-snippet":"max-snippet:-1","max-image-preview":"max-image-preview:large","max-video-preview":"max-video-preview:-1"},"canonical":"https:\/\/mmkriepas.lv\/en\/p\/235-60r17-pirelli-winter-ice-zero-asimmetrico-106h-xl\/","og_locale":"en_US","og_type":"article","og_title":"235\/60R17 Pirelli Winter ICE ZERO Asimmetrico 106H XL","og_description":"Pirelli Winter Ice Zero Asimmetrico ir augst\u0101k\u0101s kvalit\u0101tes jeb Premium klases vissezonas\/ziemas riepu modelis. Tas paredz\u0113ts jaud\u012bg\u0101m luksus klases automa\u0161\u012bn\u0101m. \u0160is riepu modelis izce\u013cas ar izciliem veiktsp\u0113jas r\u0101d\u012bt\u0101jiem pla\u0161\u0101 brauk\u0161anas apst\u0101k\u013cu spektr\u0101, k\u0101 ar\u012b ar izteiktu akustisko un brauk\u0161anas komfortu.","og_url":"https:\/\/mmkriepas.lv\/en\/p\/235-60r17-pirelli-winter-ice-zero-asimmetrico-106h-xl\/","og_site_name":"MMK Riepas","article_publisher":"https:\/\/www.facebook.com\/mmkserviss\/","article_modified_time":"2026-03-18T20:24:56+00:00","og_image":[{"width":1920,"height":1920,"url":"https:\/\/mmkriepas.lv\/wp-content\/uploads\/2023\/09\/17565r15-pirelli-winter-ice-zero-asimmetrico-84t-ziemas-riepas.jpg","type":"image\/jpeg"}],"twitter_card":"summary_large_image","twitter_misc":{"Price":"&euro;165.00","Availability":"In stock"},"schema":{"@context":"https:\/\/schema.org","@graph":[{"@type":"WebPage","@id":"https:\/\/mmkriepas.lv\/en\/p\/235-60r17-pirelli-winter-ice-zero-asimmetrico-106h-xl\/","url":"https:\/\/mmkriepas.lv\/en\/p\/235-60r17-pirelli-winter-ice-zero-asimmetrico-106h-xl\/","name":"235\/60R17 Pirelli Winter ICE ZERO Asimmetrico 106H XL &#8226; MMK Riepas","isPartOf":{"@id":"https:\/\/mmkriepas.lv\/en\/#website"},"primaryImageOfPage":{"@id":"https:\/\/mmkriepas.lv\/en\/p\/235-60r17-pirelli-winter-ice-zero-asimmetrico-106h-xl\/#primaryimage"},"image":{"@id":"https:\/\/mmkriepas.lv\/en\/p\/235-60r17-pirelli-winter-ice-zero-asimmetrico-106h-xl\/#primaryimage"},"thumbnailUrl":"https:\/\/mmkriepas.lv\/wp-content\/uploads\/2023\/09\/17565r15-pirelli-winter-ice-zero-asimmetrico-84t-ziemas-riepas.jpg","datePublished":"2023-08-06T07:12:52+00:00","dateModified":"2026-03-18T20:24:56+00:00","breadcrumb":{"@id":"https:\/\/mmkriepas.lv\/en\/p\/235-60r17-pirelli-winter-ice-zero-asimmetrico-106h-xl\/#breadcrumb"},"inLanguage":"en-US","potentialAction":[{"@type":"ReadAction","target":["https:\/\/mmkriepas.lv\/en\/p\/235-60r17-pirelli-winter-ice-zero-asimmetrico-106h-xl\/"]}]},{"@type":"ImageObject","inLanguage":"en-US","@id":"https:\/\/mmkriepas.lv\/en\/p\/235-60r17-pirelli-winter-ice-zero-asimmetrico-106h-xl\/#primaryimage","url":"https:\/\/mmkriepas.lv\/wp-content\/uploads\/2023\/09\/17565r15-pirelli-winter-ice-zero-asimmetrico-84t-ziemas-riepas.jpg","contentUrl":"https:\/\/mmkriepas.lv\/wp-content\/uploads\/2023\/09\/17565r15-pirelli-winter-ice-zero-asimmetrico-84t-ziemas-riepas.jpg","width":1920,"height":1920,"caption":"MAIN"},{"@type":"BreadcrumbList","@id":"https:\/\/mmkriepas.lv\/en\/p\/235-60r17-pirelli-winter-ice-zero-asimmetrico-106h-xl\/#breadcrumb","itemListElement":[{"@type":"ListItem","position":1,"name":"S\u0101kums","item":"https:\/\/mmkriepas.lv\/en\/"},{"@type":"ListItem","position":2,"name":"235\/60R17 Pirelli Winter ICE ZERO Asimmetrico 106H XL"}]},{"@type":"WebSite","@id":"https:\/\/mmkriepas.lv\/en\/#website","url":"https:\/\/mmkriepas.lv\/en\/","name":"MMK Riepas","description":"MMK Riepas","alternateName":"MMK Riepu Serviss","potentialAction":[{"@type":"SearchAction","target":{"@type":"EntryPoint","urlTemplate":"https:\/\/mmkriepas.lv\/en\/?s={search_term_string}"},"query-input":{"@type":"PropertyValueSpecification","valueRequired":true,"valueName":"search_term_string"}}],"inLanguage":"en-US"},{"@type":"ImageObject","inLanguage":"en-US","@id":"https:\/\/mmkriepas.lv\/en\/p\/235-60r17-pirelli-winter-ice-zero-asimmetrico-106h-xl\/#local-main-organization-logo","url":"","contentUrl":"","caption":"MMK Riepas"}]},"product_brand":"Pirelli Winter ICE ZERO Asimmetrico","product_price_amount":"165.00","product_price_currency":"EUR","og_availability":"instock","product_availability":"instock","product_retailer_item_id":"TW2356017PIREL-L28261","product_condition":"new"},"_links":{"self":[{"href":"https:\/\/mmkriepas.lv\/en\/wp-json\/wp\/v2\/product\/771332","targetHints":{"allow":["GET"]}}],"collection":[{"href":"https:\/\/mmkriepas.lv\/en\/wp-json\/wp\/v2\/product"}],"about":[{"href":"https:\/\/mmkriepas.lv\/en\/wp-json\/wp\/v2\/types\/product"}],"wp:featuredmedia":[{"embeddable":true,"href":"https:\/\/mmkriepas.lv\/en\/wp-json\/wp\/v2\/media\/796872"}],"wp:attachment":[{"href":"https:\/\/mmkriepas.lv\/en\/wp-json\/wp\/v2\/media?parent=771332"}],"wp:term":[{"taxonomy":"product_brand","embeddable":true,"href":"https:\/\/mmkriepas.lv\/en\/wp-json\/wp\/v2\/product_brand?post=771332"},{"taxonomy":"product_cat","embeddable":true,"href":"https:\/\/mmkriepas.lv\/en\/wp-json\/wp\/v2\/product_cat?post=771332"},{"taxonomy":"product_tag","embeddable":true,"href":"https:\/\/mmkriepas.lv\/en\/wp-json\/wp\/v2\/product_tag?post=771332"}],"curies":[{"name":"wp","href":"https:\/\/api.w.org\/{rel}","templated":true}]}}