{"id":771178,"date":"2023-08-06T10:06:38","date_gmt":"2023-08-06T07:06:38","guid":{"rendered":"https:\/\/mmkserviss.lv\/?post_type=product&#038;p=771178"},"modified":"2026-03-27T13:31:05","modified_gmt":"2026-03-27T11:31:05","slug":"235-55r18-gtradial-winterpro-2-sport-suv-104h-xl","status":"publish","type":"product","link":"https:\/\/mmkriepas.lv\/en\/p\/235-55r18-gtradial-winterpro-2-sport-suv-104h-xl\/","title":{"rendered":"235\/55R18 GT Radial WinterPro 2 Sport SUV 104H XL"},"content":{"rendered":"<p class=\"western\"><span style=\"font-family: Arial, serif;\"><strong><span style=\"font-family: Arial, sans-serif;\"><span style=\"font-size: medium;\">GT Radial WinterPro 2 Sport\u00a0<\/span><\/span><\/strong><span style=\"font-family: Arial, sans-serif;\"><span style=\"font-size: medium;\">ir labas kvalit\u0101tes jeb bud\u017eeta klases ziemas riepu modelis. Tas izce\u013cas ar labiem sa\u0137eres, manevr\u0113tsp\u0113jas un komforta r\u0101d\u012bt\u0101jiem pla\u0161\u0101 brauk\u0161anas apst\u0101k\u013cu spektr\u0101. \u0160is riepu modelis piem\u0113rots vid\u0113ja un liela izm\u0113ra vieglaj\u0101m automa\u0161\u012bn\u0101m.<\/span><\/span><\/span><\/p>\n<h3 class=\"western\"><strong><span style=\"font-family: Arial, sans-serif;\"><span style=\"font-size: large;\"><b>GT Radial WinterPro 2 Sport<\/b><\/span><\/span><\/strong><span style=\"font-family: Arial, sans-serif;\"><span style=\"font-size: large;\"><b> galven\u0101s iez\u012bmes<\/b><\/span><\/span><\/h3>\n<p class=\"western\"><span style=\"font-family: Arial, sans-serif;\"><span style=\"font-size: medium;\">+ Laba sa\u0137ere un manevr\u0113tsp\u0113ja gan uz sausa un slapja asfalta, gan snieg\u0101.<\/span><\/span><\/p>\n<p class=\"western\"><span style=\"font-family: Arial, sans-serif;\"><span style=\"font-size: medium;\">+ Palielin\u0101ta nodilumiztur\u012bba.<\/span><\/span><\/p>\n<p class=\"western\"><span style=\"font-family: Arial, sans-serif;\"><span style=\"font-size: medium;\">+ Zems akvaplan\u0113\u0161anas risks.<\/span><\/span><\/p>\n<p class=\"western\"><span style=\"font-family: Arial, sans-serif;\"><span style=\"font-size: medium;\">+ Labs akustiskais un brauk\u0161anas gaitas komforts.<\/span><\/span><\/p>\n<p class=\"western\"><span style=\"font-family: Arial, sans-serif;\"><span style=\"font-size: medium;\">+ Cena atbilst par to samaks\u0101tajai kvalit\u0101tei.<\/span><\/span><\/p>\n<h3 class=\"western\"><span style=\"font-family: Arial, serif;\"><strong><span style=\"font-family: Arial, sans-serif;\"><span style=\"font-size: large;\"><b>WinterPro 2 Sport<\/b><\/span><\/span><\/strong><span style=\"font-family: Arial, sans-serif;\"><span style=\"font-size: large;\"><b> apr\u012bkojums<\/b><\/span><\/span><\/span><\/h3>\n<p class=\"western\"><strong><span style=\"font-family: Arial, sans-serif;\"><span style=\"font-size: medium;\"><b>GT Radial WinterPro 2 Sport<\/b><\/span><\/span><\/strong><span style=\"font-family: Arial, sans-serif;\"><span style=\"font-size: medium;\"><b> <\/b><\/span><\/span><span style=\"font-family: Arial, sans-serif;\"><span style=\"font-size: medium;\">riepu modelis apr\u012bkots ar virzienveida protektora rakstu. \u0160\u0101ds dizains izv\u0113l\u0113ts, lai uzlabotu riepu veiktsp\u0113ju snieg\u0101 un mitros brauk\u0161anas apst\u0101k\u013cos.<\/span><\/span><\/p>\n<p class=\"western\"><span style=\"font-family: Arial, sans-serif;\"><span style=\"font-size: medium;\">V-veid\u0101 izvietotajos protektora blokos bl\u012bvi iestr\u0101d\u0101tas lameles. Darbojoties l\u012bdz\u012bgi radz\u0113m, t\u0101s ar as\u0101m kant\u0113m iec\u0113rtas sabliet\u0113t\u0101 snieg\u0101 un led\u016b, b\u016btiski uzlabojot sa\u0137eres \u012bpa\u0161\u012bbas uz sliednaj\u0101m ce\u013ca virsm\u0101m.<\/span><\/span><\/p>\n<p class=\"western\"><span style=\"font-family: Arial, sans-serif;\"><span style=\"font-size: medium;\">Protektors darin\u0101ts no elastrom\u0113riem bag\u0101ta kompoz\u012btmateri\u0101la. \u0160ie elastrom\u0113ri \u013cauj riepai nezaud\u0113t t\u0101s elast\u012bbu zem\u0101s gaisa temperat\u016br\u0101s. V\u0113rts min\u0113t, ka elast\u012bga riepa daudz lab\u0101k veido sa\u0137eri ar ce\u013cu, k\u0101 ar\u012b dilst vienm\u0113r\u012bg\u0101k.\u00a0<\/span><\/span><\/p>\n","protected":false},"excerpt":{"rendered":"<p class=\"western\"><span style=\"font-family: Arial, serif;\"><strong><span style=\"font-family: Arial, sans-serif;\"><span style=\"font-size: medium;\">GT Radial WinterPro 2 Sport\u00a0<\/span><\/span><\/strong><span style=\"font-family: Arial, sans-serif;\"><span style=\"font-size: medium;\">ir labas kvalit\u0101tes jeb bud\u017eeta klases ziemas riepu modelis. Tas izce\u013cas ar labiem sa\u0137eres, manevr\u0113tsp\u0113jas un komforta r\u0101d\u012bt\u0101jiem pla\u0161\u0101 brauk\u0161anas apst\u0101k\u013cu spektr\u0101. \u0160is riepu modelis piem\u0113rots vid\u0113ja un liela izm\u0113ra vieglaj\u0101m automa\u0161\u012bn\u0101m.<\/span><\/span><\/span><\/p>\n","protected":false},"featured_media":847488,"template":"","meta":{"_acf_changed":false,"ngg_post_thumbnail":0},"product_brand":[],"product_cat":[47,45],"product_tag":[],"class_list":{"0":"post-771178","1":"product","2":"type-product","3":"status-publish","4":"has-post-thumbnail","6":"product_cat-vissezonas-riepas","7":"product_cat-ziemas-riepas","9":"first","10":"instock","11":"sale","12":"taxable","13":"shipping-taxable","14":"purchasable","15":"product-type-simple"},"acf":[],"yoast_head":"<!-- This site is optimized with the Yoast SEO Premium plugin v22.6 (Yoast SEO v27.3) - https:\/\/yoast.com\/product\/yoast-seo-premium-wordpress\/ -->\n<title>235\/55R18 GT Radial WinterPro 2 Sport SUV 104H XL &#8226; MMK Riepas<\/title>\n<meta name=\"robots\" content=\"index, follow, max-snippet:-1, max-image-preview:large, max-video-preview:-1\" \/>\n<link rel=\"canonical\" href=\"https:\/\/mmkriepas.lv\/en\/p\/235-55r18-gtradial-winterpro-2-sport-suv-104h-xl\/\" \/>\n<meta property=\"og:locale\" content=\"en_US\" \/>\n<meta property=\"og:type\" content=\"article\" \/>\n<meta property=\"og:title\" content=\"235\/55R18 GT Radial WinterPro 2 Sport SUV 104H XL\" \/>\n<meta property=\"og:description\" content=\"GT Radial WinterPro 2 Sport\u00a0ir labas kvalit\u0101tes jeb bud\u017eeta klases ziemas riepu modelis. Tas izce\u013cas ar labiem sa\u0137eres, manevr\u0113tsp\u0113jas un komforta r\u0101d\u012bt\u0101jiem pla\u0161\u0101 brauk\u0161anas apst\u0101k\u013cu spektr\u0101. \u0160is riepu modelis piem\u0113rots vid\u0113ja un liela izm\u0113ra vieglaj\u0101m automa\u0161\u012bn\u0101m.\" \/>\n<meta property=\"og:url\" content=\"https:\/\/mmkriepas.lv\/en\/p\/235-55r18-gtradial-winterpro-2-sport-suv-104h-xl\/\" \/>\n<meta property=\"og:site_name\" content=\"MMK Riepas\" \/>\n<meta property=\"article:publisher\" content=\"https:\/\/www.facebook.com\/mmkserviss\/\" \/>\n<meta property=\"article:modified_time\" content=\"2026-03-27T11:31:05+00:00\" \/>\n<meta property=\"og:image\" content=\"https:\/\/mmkriepas.lv\/wp-content\/uploads\/2024\/01\/24565r17-gt-radial-winterpro-2-suv-evo-111h-xl-ziemas-riepas.jpg\" \/>\n\t<meta property=\"og:image:width\" content=\"1920\" \/>\n\t<meta property=\"og:image:height\" content=\"1920\" \/>\n\t<meta property=\"og:image:type\" content=\"image\/jpeg\" \/>\n<meta name=\"twitter:card\" content=\"summary_large_image\" \/>\n<meta name=\"twitter:label1\" content=\"Price\" \/>\n\t<meta name=\"twitter:data1\" content=\"&euro;123.00\" \/>\n\t<meta name=\"twitter:label2\" content=\"Availability\" \/>\n\t<meta name=\"twitter:data2\" content=\"In stock\" \/>\n<script type=\"application\/ld+json\" class=\"yoast-schema-graph\">{\"@context\":\"https:\\\/\\\/schema.org\",\"@graph\":[{\"@type\":\"WebPage\",\"@id\":\"https:\\\/\\\/mmkriepas.lv\\\/en\\\/p\\\/235-55r18-gtradial-winterpro-2-sport-suv-104h-xl\\\/\",\"url\":\"https:\\\/\\\/mmkriepas.lv\\\/en\\\/p\\\/235-55r18-gtradial-winterpro-2-sport-suv-104h-xl\\\/\",\"name\":\"235\\\/55R18 GT Radial WinterPro 2 Sport SUV 104H XL &#8226; MMK Riepas\",\"isPartOf\":{\"@id\":\"https:\\\/\\\/mmkriepas.lv\\\/en\\\/#website\"},\"primaryImageOfPage\":{\"@id\":\"https:\\\/\\\/mmkriepas.lv\\\/en\\\/p\\\/235-55r18-gtradial-winterpro-2-sport-suv-104h-xl\\\/#primaryimage\"},\"image\":{\"@id\":\"https:\\\/\\\/mmkriepas.lv\\\/en\\\/p\\\/235-55r18-gtradial-winterpro-2-sport-suv-104h-xl\\\/#primaryimage\"},\"thumbnailUrl\":\"https:\\\/\\\/mmkriepas.lv\\\/wp-content\\\/uploads\\\/2024\\\/01\\\/24565r17-gt-radial-winterpro-2-suv-evo-111h-xl-ziemas-riepas.jpg\",\"datePublished\":\"2023-08-06T07:06:38+00:00\",\"dateModified\":\"2026-03-27T11:31:05+00:00\",\"breadcrumb\":{\"@id\":\"https:\\\/\\\/mmkriepas.lv\\\/en\\\/p\\\/235-55r18-gtradial-winterpro-2-sport-suv-104h-xl\\\/#breadcrumb\"},\"inLanguage\":\"en-US\",\"potentialAction\":[{\"@type\":\"ReadAction\",\"target\":[\"https:\\\/\\\/mmkriepas.lv\\\/en\\\/p\\\/235-55r18-gtradial-winterpro-2-sport-suv-104h-xl\\\/\"]}]},{\"@type\":\"ImageObject\",\"inLanguage\":\"en-US\",\"@id\":\"https:\\\/\\\/mmkriepas.lv\\\/en\\\/p\\\/235-55r18-gtradial-winterpro-2-sport-suv-104h-xl\\\/#primaryimage\",\"url\":\"https:\\\/\\\/mmkriepas.lv\\\/wp-content\\\/uploads\\\/2024\\\/01\\\/24565r17-gt-radial-winterpro-2-suv-evo-111h-xl-ziemas-riepas.jpg\",\"contentUrl\":\"https:\\\/\\\/mmkriepas.lv\\\/wp-content\\\/uploads\\\/2024\\\/01\\\/24565r17-gt-radial-winterpro-2-suv-evo-111h-xl-ziemas-riepas.jpg\",\"width\":1920,\"height\":1920,\"caption\":\"MAIN\"},{\"@type\":\"BreadcrumbList\",\"@id\":\"https:\\\/\\\/mmkriepas.lv\\\/en\\\/p\\\/235-55r18-gtradial-winterpro-2-sport-suv-104h-xl\\\/#breadcrumb\",\"itemListElement\":[{\"@type\":\"ListItem\",\"position\":1,\"name\":\"S\u0101kums\",\"item\":\"https:\\\/\\\/mmkriepas.lv\\\/en\\\/\"},{\"@type\":\"ListItem\",\"position\":2,\"name\":\"235\\\/55R18 GT Radial WinterPro 2 Sport SUV 104H XL\"}]},{\"@type\":\"WebSite\",\"@id\":\"https:\\\/\\\/mmkriepas.lv\\\/en\\\/#website\",\"url\":\"https:\\\/\\\/mmkriepas.lv\\\/en\\\/\",\"name\":\"MMK Riepas\",\"description\":\"MMK Riepas\",\"alternateName\":\"MMK Riepu Serviss\",\"potentialAction\":[{\"@type\":\"SearchAction\",\"target\":{\"@type\":\"EntryPoint\",\"urlTemplate\":\"https:\\\/\\\/mmkriepas.lv\\\/en\\\/?s={search_term_string}\"},\"query-input\":{\"@type\":\"PropertyValueSpecification\",\"valueRequired\":true,\"valueName\":\"search_term_string\"}}],\"inLanguage\":\"en-US\"},{\"@type\":\"ImageObject\",\"inLanguage\":\"en-US\",\"@id\":\"https:\\\/\\\/mmkriepas.lv\\\/en\\\/p\\\/235-55r18-gtradial-winterpro-2-sport-suv-104h-xl\\\/#local-main-organization-logo\",\"url\":\"\",\"contentUrl\":\"\",\"caption\":\"MMK Riepas\"}]}<\/script>\n<meta property=\"product:brand\" content=\"GT Radial WinterPro 2 Sport\" \/>\n<meta property=\"product:price:amount\" content=\"123.00\" \/>\n<meta property=\"product:price:currency\" content=\"EUR\" \/>\n<meta property=\"og:availability\" content=\"instock\" \/>\n<meta property=\"product:availability\" content=\"instock\" \/>\n<meta property=\"product:retailer_item_id\" content=\"TW2355518GTRAD-L28227\" \/>\n<meta property=\"product:condition\" content=\"new\" \/>\n<!-- \/ Yoast SEO Premium plugin. -->","yoast_head_json":{"title":"235\/55R18 GT Radial WinterPro 2 Sport SUV 104H XL &#8226; MMK Riepas","robots":{"index":"index","follow":"follow","max-snippet":"max-snippet:-1","max-image-preview":"max-image-preview:large","max-video-preview":"max-video-preview:-1"},"canonical":"https:\/\/mmkriepas.lv\/en\/p\/235-55r18-gtradial-winterpro-2-sport-suv-104h-xl\/","og_locale":"en_US","og_type":"article","og_title":"235\/55R18 GT Radial WinterPro 2 Sport SUV 104H XL","og_description":"GT Radial WinterPro 2 Sport\u00a0ir labas kvalit\u0101tes jeb bud\u017eeta klases ziemas riepu modelis. Tas izce\u013cas ar labiem sa\u0137eres, manevr\u0113tsp\u0113jas un komforta r\u0101d\u012bt\u0101jiem pla\u0161\u0101 brauk\u0161anas apst\u0101k\u013cu spektr\u0101. \u0160is riepu modelis piem\u0113rots vid\u0113ja un liela izm\u0113ra vieglaj\u0101m automa\u0161\u012bn\u0101m.","og_url":"https:\/\/mmkriepas.lv\/en\/p\/235-55r18-gtradial-winterpro-2-sport-suv-104h-xl\/","og_site_name":"MMK Riepas","article_publisher":"https:\/\/www.facebook.com\/mmkserviss\/","article_modified_time":"2026-03-27T11:31:05+00:00","og_image":[{"width":1920,"height":1920,"url":"https:\/\/mmkriepas.lv\/wp-content\/uploads\/2024\/01\/24565r17-gt-radial-winterpro-2-suv-evo-111h-xl-ziemas-riepas.jpg","type":"image\/jpeg"}],"twitter_card":"summary_large_image","twitter_misc":{"Price":"&euro;123.00","Availability":"In stock"},"schema":{"@context":"https:\/\/schema.org","@graph":[{"@type":"WebPage","@id":"https:\/\/mmkriepas.lv\/en\/p\/235-55r18-gtradial-winterpro-2-sport-suv-104h-xl\/","url":"https:\/\/mmkriepas.lv\/en\/p\/235-55r18-gtradial-winterpro-2-sport-suv-104h-xl\/","name":"235\/55R18 GT Radial WinterPro 2 Sport SUV 104H XL &#8226; MMK Riepas","isPartOf":{"@id":"https:\/\/mmkriepas.lv\/en\/#website"},"primaryImageOfPage":{"@id":"https:\/\/mmkriepas.lv\/en\/p\/235-55r18-gtradial-winterpro-2-sport-suv-104h-xl\/#primaryimage"},"image":{"@id":"https:\/\/mmkriepas.lv\/en\/p\/235-55r18-gtradial-winterpro-2-sport-suv-104h-xl\/#primaryimage"},"thumbnailUrl":"https:\/\/mmkriepas.lv\/wp-content\/uploads\/2024\/01\/24565r17-gt-radial-winterpro-2-suv-evo-111h-xl-ziemas-riepas.jpg","datePublished":"2023-08-06T07:06:38+00:00","dateModified":"2026-03-27T11:31:05+00:00","breadcrumb":{"@id":"https:\/\/mmkriepas.lv\/en\/p\/235-55r18-gtradial-winterpro-2-sport-suv-104h-xl\/#breadcrumb"},"inLanguage":"en-US","potentialAction":[{"@type":"ReadAction","target":["https:\/\/mmkriepas.lv\/en\/p\/235-55r18-gtradial-winterpro-2-sport-suv-104h-xl\/"]}]},{"@type":"ImageObject","inLanguage":"en-US","@id":"https:\/\/mmkriepas.lv\/en\/p\/235-55r18-gtradial-winterpro-2-sport-suv-104h-xl\/#primaryimage","url":"https:\/\/mmkriepas.lv\/wp-content\/uploads\/2024\/01\/24565r17-gt-radial-winterpro-2-suv-evo-111h-xl-ziemas-riepas.jpg","contentUrl":"https:\/\/mmkriepas.lv\/wp-content\/uploads\/2024\/01\/24565r17-gt-radial-winterpro-2-suv-evo-111h-xl-ziemas-riepas.jpg","width":1920,"height":1920,"caption":"MAIN"},{"@type":"BreadcrumbList","@id":"https:\/\/mmkriepas.lv\/en\/p\/235-55r18-gtradial-winterpro-2-sport-suv-104h-xl\/#breadcrumb","itemListElement":[{"@type":"ListItem","position":1,"name":"S\u0101kums","item":"https:\/\/mmkriepas.lv\/en\/"},{"@type":"ListItem","position":2,"name":"235\/55R18 GT Radial WinterPro 2 Sport SUV 104H XL"}]},{"@type":"WebSite","@id":"https:\/\/mmkriepas.lv\/en\/#website","url":"https:\/\/mmkriepas.lv\/en\/","name":"MMK Riepas","description":"MMK Riepas","alternateName":"MMK Riepu Serviss","potentialAction":[{"@type":"SearchAction","target":{"@type":"EntryPoint","urlTemplate":"https:\/\/mmkriepas.lv\/en\/?s={search_term_string}"},"query-input":{"@type":"PropertyValueSpecification","valueRequired":true,"valueName":"search_term_string"}}],"inLanguage":"en-US"},{"@type":"ImageObject","inLanguage":"en-US","@id":"https:\/\/mmkriepas.lv\/en\/p\/235-55r18-gtradial-winterpro-2-sport-suv-104h-xl\/#local-main-organization-logo","url":"","contentUrl":"","caption":"MMK Riepas"}]},"product_brand":"GT Radial WinterPro 2 Sport","product_price_amount":"123.00","product_price_currency":"EUR","og_availability":"instock","product_availability":"instock","product_retailer_item_id":"TW2355518GTRAD-L28227","product_condition":"new"},"_links":{"self":[{"href":"https:\/\/mmkriepas.lv\/en\/wp-json\/wp\/v2\/product\/771178","targetHints":{"allow":["GET"]}}],"collection":[{"href":"https:\/\/mmkriepas.lv\/en\/wp-json\/wp\/v2\/product"}],"about":[{"href":"https:\/\/mmkriepas.lv\/en\/wp-json\/wp\/v2\/types\/product"}],"wp:featuredmedia":[{"embeddable":true,"href":"https:\/\/mmkriepas.lv\/en\/wp-json\/wp\/v2\/media\/847488"}],"wp:attachment":[{"href":"https:\/\/mmkriepas.lv\/en\/wp-json\/wp\/v2\/media?parent=771178"}],"wp:term":[{"taxonomy":"product_brand","embeddable":true,"href":"https:\/\/mmkriepas.lv\/en\/wp-json\/wp\/v2\/product_brand?post=771178"},{"taxonomy":"product_cat","embeddable":true,"href":"https:\/\/mmkriepas.lv\/en\/wp-json\/wp\/v2\/product_cat?post=771178"},{"taxonomy":"product_tag","embeddable":true,"href":"https:\/\/mmkriepas.lv\/en\/wp-json\/wp\/v2\/product_tag?post=771178"}],"curies":[{"name":"wp","href":"https:\/\/api.w.org\/{rel}","templated":true}]}}