{"id":769663,"date":"2023-08-03T15:53:15","date_gmt":"2023-08-03T12:53:15","guid":{"rendered":"https:\/\/mmkserviss.lv\/?post_type=product&#038;p=769663"},"modified":"2025-02-13T01:01:43","modified_gmt":"2025-02-12T23:01:43","slug":"215-65r16-infinity-ecofour-102v","status":"publish","type":"product","link":"https:\/\/mmkriepas.lv\/en\/p\/215-65r16-infinity-ecofour-102v\/","title":{"rendered":"215\/65R16 Infinity Ecofour 102V XL"},"content":{"rendered":"<p align=\"left\"><span style=\"font-family: Arial, sans-serif;\"><span style=\"font-size: medium;\"><b><span>Infinity Ecofour <\/span><\/b><span>ir labas kvalit\u0101tes, bud\u017eeta klases vissezonas\/ziemas riepu modelis. Tas izce\u013cas ar labiem degvielas ekonomijas, komforta un sa\u0137eres r\u0101d\u012bt\u0101jiem gan uz sausa, gan ar\u012b slapja asfalta. \u0160is riepu modelis pieejams pla\u0161\u0101 izm\u0113ru kl\u0101st\u0101 no R14 l\u012bdz pat R18 un piem\u0113rots gan kompaktklases automa\u0161\u012bn\u0101m, gan ar\u012b nelieliem apvidus auto jeb krosoveriem.\u00a0<\/span><\/span><\/span><\/p>\n<h3 class=\"western\"><span style=\"font-family: Arial, sans-serif;\"><span>Infinity Ecofour galven\u0101s \u012bpa\u0161\u012bbas<\/span><\/span><\/h3>\n<p><span style=\"font-family: Arial, sans-serif;\"><span>+ Laba sa\u0137ere un manevr\u0113tsp\u0113ja gan uz sausa, gan slapja asfalta.<br \/>+ Komfortabla un klusa gaita.<br \/>+ Zems akvaplan\u0113\u0161anas risks.<br \/>+ Degvielas ekonomija.<br \/>+ Augsta nodilumiztur\u012bba.<\/span><\/span><\/p>\n<h3 class=\"western\"><span style=\"font-family: Arial, sans-serif;\"><span>Ecofour apr\u012bkojums<\/span><\/span><\/h3>\n<p><span style=\"font-family: Arial, sans-serif;\"><span>Infinity Ecofour vissezonas\/ziemas jeb M+S riepas apr\u012bkotas ar asimetrisku protektora rakstu. \u0160\u0101ds dizains sev\u012b apvieno labas veiktsp\u0113jas un brauk\u0161anas komforta \u012bpa\u0161\u012bbas, braucot gan pa sausu un slapju asfaltu, gan ar\u012b m\u0113renas ziemas apst\u0101k\u013cos.\u00a0<\/span><\/span><\/p>\n<p><span style=\"font-family: Arial, sans-serif;\"><span>Asimetriski izvietoto protektora bloku pamatn\u0113 izveidota augsti att\u012bst\u012bta dren\u0101\u017eas jeb \u016bdens novadkan\u0101lu sist\u0113ma. T\u0101 efekt\u012bvi atbr\u012bvo riepu kontakta virsmu ar ce\u013cu no slapjdra\u0146\u0137a un \u016bdens, samazinot akvaplan\u0113\u0161anas risku un uzlabojot veiktsp\u0113ju ziem\u0101.<\/span><\/span><\/p>\n<p><span style=\"font-family: Arial, sans-serif;\"><span>Protektors darin\u0101ts no nodilumiztur\u012bga gumijas sakaus\u0113juma. Tam pievienotie \u0137\u012bmiskie elementi jeb elastrom\u0113ri pal\u012bdz riepai saglab\u0101t elast\u012bbu zem\u0101s gaisa temperat\u016br\u0101s. K\u0101 zin\u0101ms, elast\u012bga riepa daudz lab\u0101k veido sa\u0137eri ar ce\u013cu, k\u0101 ar\u012b dilst vienm\u0113r\u012bg\u0101k.<\/span><\/span><\/p>\n<p><span style=\"color: #ff0000;\"><span style=\"font-family: Arial, sans-serif;\"><span style=\"font-size: medium;\"><span>Mode\u013ca lieto\u0161anas dro\u0161\u012bbu ziemas laika apst\u0101k\u013cos un t\u0101 atbilst\u012bbu valst\u012bm ar oblig\u0101tu sezon\u0101lo riepu mai\u0146u apstiprina mar\u0137\u0113jums sniegp\u0101rslas form\u0101 uz kalna fona ar trim virsotn\u0113m (3PMS<\/span><\/span><\/span><\/span><\/p>\n","protected":false},"excerpt":{"rendered":"<p align=\"left\"><span style=\"font-family: Arial, sans-serif;\"><span style=\"font-size: medium;\"><b><span>Infinity Ecofour <\/span><\/b><span>ir labas kvalit\u0101tes, bud\u017eeta klases vissezonas\/ziemas riepu modelis. Tas izce\u013cas ar labiem degvielas ekonomijas, komforta un sa\u0137eres r\u0101d\u012bt\u0101jiem gan uz sausa, gan ar\u012b slapja asfalta. \u0160is riepu modelis pieejams pla\u0161\u0101 izm\u0113ru kl\u0101st\u0101 no R14 l\u012bdz pat R18 un piem\u0113rots gan kompaktklases automa\u0161\u012bn\u0101m, gan ar\u012b nelieliem apvidus auto jeb krosoveriem.\u00a0<\/span><\/span><\/span><\/p>\n","protected":false},"featured_media":793405,"template":"","meta":{"_acf_changed":false,"ngg_post_thumbnail":0},"product_brand":[],"product_cat":[47,45],"product_tag":[],"class_list":{"0":"post-769663","1":"product","2":"type-product","3":"status-publish","4":"has-post-thumbnail","6":"product_cat-vissezonas-riepas","7":"product_cat-ziemas-riepas","9":"first","10":"outofstock","11":"sale","12":"taxable","13":"shipping-taxable","14":"product-type-simple"},"acf":[],"yoast_head":"<!-- This site is optimized with the Yoast SEO Premium plugin v22.6 (Yoast SEO v27.3) - https:\/\/yoast.com\/product\/yoast-seo-premium-wordpress\/ -->\n<title>215\/65R16 Infinity Ecofour 102V XL &#8226; MMK Riepas<\/title>\n<meta name=\"robots\" content=\"index, follow, max-snippet:-1, max-image-preview:large, max-video-preview:-1\" \/>\n<link rel=\"canonical\" href=\"https:\/\/mmkriepas.lv\/en\/p\/215-65r16-infinity-ecofour-102v\/\" \/>\n<meta property=\"og:locale\" content=\"en_US\" \/>\n<meta property=\"og:type\" content=\"article\" \/>\n<meta property=\"og:title\" content=\"215\/65R16 Infinity Ecofour 102V XL\" \/>\n<meta property=\"og:description\" content=\"Infinity Ecofour ir labas kvalit\u0101tes, bud\u017eeta klases vissezonas\/ziemas riepu modelis. Tas izce\u013cas ar labiem degvielas ekonomijas, komforta un sa\u0137eres r\u0101d\u012bt\u0101jiem gan uz sausa, gan ar\u012b slapja asfalta. \u0160is riepu modelis pieejams pla\u0161\u0101 izm\u0113ru kl\u0101st\u0101 no R14 l\u012bdz pat R18 un piem\u0113rots gan kompaktklases automa\u0161\u012bn\u0101m, gan ar\u012b nelieliem apvidus auto jeb krosoveriem.\u00a0\" \/>\n<meta property=\"og:url\" content=\"https:\/\/mmkriepas.lv\/en\/p\/215-65r16-infinity-ecofour-102v\/\" \/>\n<meta property=\"og:site_name\" content=\"MMK Riepas\" \/>\n<meta property=\"article:publisher\" content=\"https:\/\/www.facebook.com\/mmkserviss\/\" \/>\n<meta property=\"article:modified_time\" content=\"2025-02-12T23:01:43+00:00\" \/>\n<meta property=\"og:image\" content=\"https:\/\/mmkriepas.lv\/wp-content\/uploads\/2023\/09\/23555r17-infinity-ecofour-103v-xl-ziemas-riepas.jpg\" \/>\n\t<meta property=\"og:image:width\" content=\"1920\" \/>\n\t<meta property=\"og:image:height\" content=\"1913\" \/>\n\t<meta property=\"og:image:type\" content=\"image\/jpeg\" \/>\n<meta name=\"twitter:card\" content=\"summary_large_image\" \/>\n<meta name=\"twitter:label1\" content=\"Price\" \/>\n\t<meta name=\"twitter:data1\" content=\"&euro;48.00\" \/>\n\t<meta name=\"twitter:label2\" content=\"Availability\" \/>\n\t<meta name=\"twitter:data2\" content=\"Out of stock\" \/>\n<script type=\"application\/ld+json\" class=\"yoast-schema-graph\">{\"@context\":\"https:\\\/\\\/schema.org\",\"@graph\":[{\"@type\":\"WebPage\",\"@id\":\"https:\\\/\\\/mmkriepas.lv\\\/en\\\/p\\\/215-65r16-infinity-ecofour-102v\\\/\",\"url\":\"https:\\\/\\\/mmkriepas.lv\\\/en\\\/p\\\/215-65r16-infinity-ecofour-102v\\\/\",\"name\":\"215\\\/65R16 Infinity Ecofour 102V XL &#8226; MMK Riepas\",\"isPartOf\":{\"@id\":\"https:\\\/\\\/mmkriepas.lv\\\/en\\\/#website\"},\"primaryImageOfPage\":{\"@id\":\"https:\\\/\\\/mmkriepas.lv\\\/en\\\/p\\\/215-65r16-infinity-ecofour-102v\\\/#primaryimage\"},\"image\":{\"@id\":\"https:\\\/\\\/mmkriepas.lv\\\/en\\\/p\\\/215-65r16-infinity-ecofour-102v\\\/#primaryimage\"},\"thumbnailUrl\":\"https:\\\/\\\/mmkriepas.lv\\\/wp-content\\\/uploads\\\/2023\\\/09\\\/23555r17-infinity-ecofour-103v-xl-ziemas-riepas.jpg\",\"datePublished\":\"2023-08-03T12:53:15+00:00\",\"dateModified\":\"2025-02-12T23:01:43+00:00\",\"breadcrumb\":{\"@id\":\"https:\\\/\\\/mmkriepas.lv\\\/en\\\/p\\\/215-65r16-infinity-ecofour-102v\\\/#breadcrumb\"},\"inLanguage\":\"en-US\",\"potentialAction\":[{\"@type\":\"ReadAction\",\"target\":[\"https:\\\/\\\/mmkriepas.lv\\\/en\\\/p\\\/215-65r16-infinity-ecofour-102v\\\/\"]}]},{\"@type\":\"ImageObject\",\"inLanguage\":\"en-US\",\"@id\":\"https:\\\/\\\/mmkriepas.lv\\\/en\\\/p\\\/215-65r16-infinity-ecofour-102v\\\/#primaryimage\",\"url\":\"https:\\\/\\\/mmkriepas.lv\\\/wp-content\\\/uploads\\\/2023\\\/09\\\/23555r17-infinity-ecofour-103v-xl-ziemas-riepas.jpg\",\"contentUrl\":\"https:\\\/\\\/mmkriepas.lv\\\/wp-content\\\/uploads\\\/2023\\\/09\\\/23555r17-infinity-ecofour-103v-xl-ziemas-riepas.jpg\",\"width\":1920,\"height\":1913,\"caption\":\"235\\\/55R17 Infinity Ecofour 103V XL - Vissezonas riepas \\\/ Ziemas riepas\"},{\"@type\":\"BreadcrumbList\",\"@id\":\"https:\\\/\\\/mmkriepas.lv\\\/en\\\/p\\\/215-65r16-infinity-ecofour-102v\\\/#breadcrumb\",\"itemListElement\":[{\"@type\":\"ListItem\",\"position\":1,\"name\":\"S\u0101kums\",\"item\":\"https:\\\/\\\/mmkriepas.lv\\\/en\\\/\"},{\"@type\":\"ListItem\",\"position\":2,\"name\":\"215\\\/65R16 Infinity Ecofour 102V XL\"}]},{\"@type\":\"WebSite\",\"@id\":\"https:\\\/\\\/mmkriepas.lv\\\/en\\\/#website\",\"url\":\"https:\\\/\\\/mmkriepas.lv\\\/en\\\/\",\"name\":\"MMK Riepas\",\"description\":\"MMK Riepas\",\"alternateName\":\"MMK Riepu Serviss\",\"potentialAction\":[{\"@type\":\"SearchAction\",\"target\":{\"@type\":\"EntryPoint\",\"urlTemplate\":\"https:\\\/\\\/mmkriepas.lv\\\/en\\\/?s={search_term_string}\"},\"query-input\":{\"@type\":\"PropertyValueSpecification\",\"valueRequired\":true,\"valueName\":\"search_term_string\"}}],\"inLanguage\":\"en-US\"},{\"@type\":\"ImageObject\",\"inLanguage\":\"en-US\",\"@id\":\"https:\\\/\\\/mmkriepas.lv\\\/en\\\/p\\\/215-65r16-infinity-ecofour-102v\\\/#local-main-organization-logo\",\"url\":\"\",\"contentUrl\":\"\",\"caption\":\"MMK Riepas\"}]}<\/script>\n<meta property=\"product:brand\" content=\"Infinity Ecofour\" \/>\n<meta property=\"product:price:amount\" content=\"48.00\" \/>\n<meta property=\"product:price:currency\" content=\"EUR\" \/>\n<meta property=\"og:availability\" content=\"out of stock\" \/>\n<meta property=\"product:availability\" content=\"out of stock\" \/>\n<meta property=\"product:retailer_item_id\" content=\"TW2156516INFIN-28189\" \/>\n<meta property=\"product:condition\" content=\"new\" \/>\n<!-- \/ Yoast SEO Premium plugin. -->","yoast_head_json":{"title":"215\/65R16 Infinity Ecofour 102V XL &#8226; MMK Riepas","robots":{"index":"index","follow":"follow","max-snippet":"max-snippet:-1","max-image-preview":"max-image-preview:large","max-video-preview":"max-video-preview:-1"},"canonical":"https:\/\/mmkriepas.lv\/en\/p\/215-65r16-infinity-ecofour-102v\/","og_locale":"en_US","og_type":"article","og_title":"215\/65R16 Infinity Ecofour 102V XL","og_description":"Infinity Ecofour ir labas kvalit\u0101tes, bud\u017eeta klases vissezonas\/ziemas riepu modelis. Tas izce\u013cas ar labiem degvielas ekonomijas, komforta un sa\u0137eres r\u0101d\u012bt\u0101jiem gan uz sausa, gan ar\u012b slapja asfalta. \u0160is riepu modelis pieejams pla\u0161\u0101 izm\u0113ru kl\u0101st\u0101 no R14 l\u012bdz pat R18 un piem\u0113rots gan kompaktklases automa\u0161\u012bn\u0101m, gan ar\u012b nelieliem apvidus auto jeb krosoveriem.\u00a0","og_url":"https:\/\/mmkriepas.lv\/en\/p\/215-65r16-infinity-ecofour-102v\/","og_site_name":"MMK Riepas","article_publisher":"https:\/\/www.facebook.com\/mmkserviss\/","article_modified_time":"2025-02-12T23:01:43+00:00","og_image":[{"width":1920,"height":1913,"url":"https:\/\/mmkriepas.lv\/wp-content\/uploads\/2023\/09\/23555r17-infinity-ecofour-103v-xl-ziemas-riepas.jpg","type":"image\/jpeg"}],"twitter_card":"summary_large_image","twitter_misc":{"Price":"&euro;48.00","Availability":"Out of stock"},"schema":{"@context":"https:\/\/schema.org","@graph":[{"@type":"WebPage","@id":"https:\/\/mmkriepas.lv\/en\/p\/215-65r16-infinity-ecofour-102v\/","url":"https:\/\/mmkriepas.lv\/en\/p\/215-65r16-infinity-ecofour-102v\/","name":"215\/65R16 Infinity Ecofour 102V XL &#8226; MMK Riepas","isPartOf":{"@id":"https:\/\/mmkriepas.lv\/en\/#website"},"primaryImageOfPage":{"@id":"https:\/\/mmkriepas.lv\/en\/p\/215-65r16-infinity-ecofour-102v\/#primaryimage"},"image":{"@id":"https:\/\/mmkriepas.lv\/en\/p\/215-65r16-infinity-ecofour-102v\/#primaryimage"},"thumbnailUrl":"https:\/\/mmkriepas.lv\/wp-content\/uploads\/2023\/09\/23555r17-infinity-ecofour-103v-xl-ziemas-riepas.jpg","datePublished":"2023-08-03T12:53:15+00:00","dateModified":"2025-02-12T23:01:43+00:00","breadcrumb":{"@id":"https:\/\/mmkriepas.lv\/en\/p\/215-65r16-infinity-ecofour-102v\/#breadcrumb"},"inLanguage":"en-US","potentialAction":[{"@type":"ReadAction","target":["https:\/\/mmkriepas.lv\/en\/p\/215-65r16-infinity-ecofour-102v\/"]}]},{"@type":"ImageObject","inLanguage":"en-US","@id":"https:\/\/mmkriepas.lv\/en\/p\/215-65r16-infinity-ecofour-102v\/#primaryimage","url":"https:\/\/mmkriepas.lv\/wp-content\/uploads\/2023\/09\/23555r17-infinity-ecofour-103v-xl-ziemas-riepas.jpg","contentUrl":"https:\/\/mmkriepas.lv\/wp-content\/uploads\/2023\/09\/23555r17-infinity-ecofour-103v-xl-ziemas-riepas.jpg","width":1920,"height":1913,"caption":"235\/55R17 Infinity Ecofour 103V XL - Vissezonas riepas \/ Ziemas riepas"},{"@type":"BreadcrumbList","@id":"https:\/\/mmkriepas.lv\/en\/p\/215-65r16-infinity-ecofour-102v\/#breadcrumb","itemListElement":[{"@type":"ListItem","position":1,"name":"S\u0101kums","item":"https:\/\/mmkriepas.lv\/en\/"},{"@type":"ListItem","position":2,"name":"215\/65R16 Infinity Ecofour 102V XL"}]},{"@type":"WebSite","@id":"https:\/\/mmkriepas.lv\/en\/#website","url":"https:\/\/mmkriepas.lv\/en\/","name":"MMK Riepas","description":"MMK Riepas","alternateName":"MMK Riepu Serviss","potentialAction":[{"@type":"SearchAction","target":{"@type":"EntryPoint","urlTemplate":"https:\/\/mmkriepas.lv\/en\/?s={search_term_string}"},"query-input":{"@type":"PropertyValueSpecification","valueRequired":true,"valueName":"search_term_string"}}],"inLanguage":"en-US"},{"@type":"ImageObject","inLanguage":"en-US","@id":"https:\/\/mmkriepas.lv\/en\/p\/215-65r16-infinity-ecofour-102v\/#local-main-organization-logo","url":"","contentUrl":"","caption":"MMK Riepas"}]},"product_brand":"Infinity Ecofour","product_price_amount":"48.00","product_price_currency":"EUR","og_availability":"out of stock","product_availability":"out of stock","product_retailer_item_id":"TW2156516INFIN-28189","product_condition":"new"},"_links":{"self":[{"href":"https:\/\/mmkriepas.lv\/en\/wp-json\/wp\/v2\/product\/769663","targetHints":{"allow":["GET"]}}],"collection":[{"href":"https:\/\/mmkriepas.lv\/en\/wp-json\/wp\/v2\/product"}],"about":[{"href":"https:\/\/mmkriepas.lv\/en\/wp-json\/wp\/v2\/types\/product"}],"wp:featuredmedia":[{"embeddable":true,"href":"https:\/\/mmkriepas.lv\/en\/wp-json\/wp\/v2\/media\/793405"}],"wp:attachment":[{"href":"https:\/\/mmkriepas.lv\/en\/wp-json\/wp\/v2\/media?parent=769663"}],"wp:term":[{"taxonomy":"product_brand","embeddable":true,"href":"https:\/\/mmkriepas.lv\/en\/wp-json\/wp\/v2\/product_brand?post=769663"},{"taxonomy":"product_cat","embeddable":true,"href":"https:\/\/mmkriepas.lv\/en\/wp-json\/wp\/v2\/product_cat?post=769663"},{"taxonomy":"product_tag","embeddable":true,"href":"https:\/\/mmkriepas.lv\/en\/wp-json\/wp\/v2\/product_tag?post=769663"}],"curies":[{"name":"wp","href":"https:\/\/api.w.org\/{rel}","templated":true}]}}