{"id":767456,"date":"2023-07-28T19:12:59","date_gmt":"2023-07-28T16:12:59","guid":{"rendered":"https:\/\/mmkserviss.lv\/?post_type=product&#038;p=767456"},"modified":"2026-03-27T13:37:03","modified_gmt":"2026-03-27T11:37:03","slug":"215-55r17-kumho-wi32-98t-xl-ar-radzem-2","status":"publish","type":"product","link":"https:\/\/mmkriepas.lv\/en\/p\/215-55r17-kumho-wi32-98t-xl-ar-radzem-2\/","title":{"rendered":"215\/55R17 Kumho WinterCraft ice Wi32 98T XL ar radz\u0113m"},"content":{"rendered":"<p class=\"western\"><span style=\"font-family: Arial, serif;\"><b><span>Kumho WinterCraft ice Wi32<\/span><\/b><\/span><span style=\"font-family: Arial, serif;\"><span> ir teicamas kvalit\u0101tes, vid\u0113j\u0101s klases rad\u017eojams ziemas riepu modelis ar \u012bpa\u0161i agres\u012bvu protektora rakstu. Tas izstr\u0101d\u0101ts paaugstin\u0101tai veiktsp\u0113jai \u012bpa\u0161i skarbos ziemas brauk\u0161anas apst\u0101k\u013cos gan uz asfalta, gan lauku vai me\u017ea ce\u013ciem. \u0160is riepu modelis pieejams izm\u0113ru kl\u0101st\u0101 no R13 l\u012bdz R19 un piem\u0113rots gan kompaktklases vieglaj\u0101m, gan apvidus automa\u0161\u012bn\u0101m jeb SUV.<\/span><\/span><\/p>\n<h3 class=\"western\"><span style=\"font-family: Arial, serif;\"><span>Kumho WinterCraft ice Wi32 galven\u0101s iez\u012bmes:<\/span><\/span><\/h3>\n<p class=\"western\"><span style=\"font-family: Arial, serif;\"><span>+ \u012apa\u0161i agres\u012bvs protektora dizains, kas b\u016bs lielisks sabiedrotais c\u012b\u0146\u0101 ar skarbiem brauk\u0161anas apst\u0101k\u013ciem ziem\u0101,<br \/>+ Samazin\u0101ts akvaplan\u0113\u0161anas risks,<br \/>+ Uzlabots riepas gumijas sast\u0101vs,<br \/>+ Teicama veiktsp\u0113ja gan uz asfalta, gan uz lauku vai me\u017ea ce\u013ciem,<br \/>+ Degvielas ekonomija,<br \/>+ Lieliska cenas un veiktsp\u0113jas attiec\u012bba<br \/>+ Iesp\u0113ja protektora blokos iestr\u0101d\u0101t radzes, uzlabojot sa\u0137eri ar ledu un paildzinot riepu kalpo\u0161anas m\u016b\u017eu.<\/span><\/span><\/p>\n<h3 class=\"western\"><span style=\"font-family: Arial, serif;\"><span>WinterCraft ice Wi32 apr\u012bkojums<\/span><\/span><\/h3>\n<p class=\"western\"><span style=\"font-family: Arial, serif;\"><b><span>Kumho WinterCraft ice Wi32<\/span><\/b><\/span><span style=\"font-family: Arial, serif;\"><span> riepas apr\u012bkotas ar agres\u012bvu virzienveida protektora rakstu, kas izcili veido sa\u0137eri ar sniegot\u0101m un apledoju\u0161\u0101m ce\u013ca virsm\u0101m. Starp mas\u012bvajiem protektora blokiem atrodama uzlabota dren\u0101\u017eas kan\u0101lu sist\u0113ma, kas lieliski izvada \u016bdeni, sniegu un dub\u013cus, samazinot ar\u012b akvaplan\u0113\u0161anas risku un uzlabojot veiktsp\u0113ju slapjdra\u0146\u0137\u012b.<\/span><\/span><\/p>\n<p class=\"western\"><span style=\"font-family: Arial, serif;\"><span>\u0160is riepu modelis izgatavots no elastrom\u0113riem bag\u0101ta gumijas sakaus\u0113juma, kas saglab\u0101 elast\u012bbu zem\u0101s gaisa temperat\u016br\u0101s, nodro\u0161inot uzlabotu sa\u0137eri ar asfalu, ledu un sniegu. Kompoz\u012btmateri\u0101lam pievienoti elementi, kas ne tikai apsl\u0101p\u0113 ska\u0146u, bet ar\u012b paildzina riepas kalpo\u0161anas m\u016b\u017eu, uzlabojot \u0161\u012b riepu mode\u013ca cenas un veiktsp\u0113jas attiec\u012bbu.<\/span><\/span><\/p>\n<p class=\"western\"><span style=\"font-family: Arial, serif;\"><span>Protektora blokos iesp\u0113jams iestr\u0101d\u0101t radzes, v\u0113l vair\u0101k uzlabojot riepu veiktsp\u0113ju uz ledus, k\u0101 ar\u012b paildzinot riepu kalpo\u0161anas m\u016b\u017eu.<\/span><\/span><\/p>\n","protected":false},"excerpt":{"rendered":"<p><span style=\"font-family: Arial, serif;\"><b><span>Kumho WinterCraft ice Wi32<\/span><\/b><\/span><span style=\"font-family: Arial, serif;\"><span> ir teicamas kvalit\u0101tes, vid\u0113j\u0101s klases rad\u017eojams ziemas riepu modelis ar \u012bpa\u0161i agres\u012bvu protektora rakstu. Tas izstr\u0101d\u0101ts paaugstin\u0101tai veiktsp\u0113jai \u012bpa\u0161i skarbos ziemas brauk\u0161anas apst\u0101k\u013cos gan uz asfalta, gan lauku vai me\u017ea ce\u013ciem. \u0160is riepu modelis pieejams izm\u0113ru kl\u0101st\u0101 no R13 l\u012bdz R19 un piem\u0113rots gan kompaktklases vieglaj\u0101m, gan apvidus automa\u0161\u012bn\u0101m jeb SUV.<\/span><\/span><\/p>\n","protected":false},"featured_media":910194,"template":"","meta":{"_acf_changed":false,"ngg_post_thumbnail":0},"product_brand":[],"product_cat":[45,48],"product_tag":[],"class_list":{"0":"post-767456","1":"product","2":"type-product","3":"status-publish","4":"has-post-thumbnail","6":"product_cat-ziemas-riepas","7":"product_cat-ziemas-ar-radzem","9":"first","10":"instock","11":"sale","12":"taxable","13":"shipping-taxable","14":"purchasable","15":"product-type-simple"},"acf":[],"yoast_head":"<!-- This site is optimized with the Yoast SEO Premium plugin v22.6 (Yoast SEO v27.3) - https:\/\/yoast.com\/product\/yoast-seo-premium-wordpress\/ -->\n<title>215\/55R17 Kumho WinterCraft ice Wi32 98T XL ar radz\u0113m &#8226; MMK Riepas<\/title>\n<meta name=\"robots\" content=\"index, follow, max-snippet:-1, max-image-preview:large, max-video-preview:-1\" \/>\n<link rel=\"canonical\" href=\"https:\/\/mmkriepas.lv\/en\/p\/215-55r17-kumho-wi32-98t-xl-ar-radzem-2\/\" \/>\n<meta property=\"og:locale\" content=\"en_US\" \/>\n<meta property=\"og:type\" content=\"article\" \/>\n<meta property=\"og:title\" content=\"215\/55R17 Kumho WinterCraft ice Wi32 98T XL ar radz\u0113m\" \/>\n<meta property=\"og:description\" content=\"Kumho WinterCraft ice Wi32 ir teicamas kvalit\u0101tes, vid\u0113j\u0101s klases rad\u017eojams ziemas riepu modelis ar \u012bpa\u0161i agres\u012bvu protektora rakstu. Tas izstr\u0101d\u0101ts paaugstin\u0101tai veiktsp\u0113jai \u012bpa\u0161i skarbos ziemas brauk\u0161anas apst\u0101k\u013cos gan uz asfalta, gan lauku vai me\u017ea ce\u013ciem. \u0160is riepu modelis pieejams izm\u0113ru kl\u0101st\u0101 no R13 l\u012bdz R19 un piem\u0113rots gan kompaktklases vieglaj\u0101m, gan apvidus automa\u0161\u012bn\u0101m jeb SUV.\" \/>\n<meta property=\"og:url\" content=\"https:\/\/mmkriepas.lv\/en\/p\/215-55r17-kumho-wi32-98t-xl-ar-radzem-2\/\" \/>\n<meta property=\"og:site_name\" content=\"MMK Riepas\" \/>\n<meta property=\"article:publisher\" content=\"https:\/\/www.facebook.com\/mmkserviss\/\" \/>\n<meta property=\"article:modified_time\" content=\"2026-03-27T11:37:03+00:00\" \/>\n<meta property=\"og:image\" content=\"https:\/\/mmkriepas.lv\/wp-content\/uploads\/2024\/06\/kumho-wintercraft-ice-wi32-ar-radzem.jpg\" \/>\n\t<meta property=\"og:image:width\" content=\"900\" \/>\n\t<meta property=\"og:image:height\" content=\"720\" \/>\n\t<meta property=\"og:image:type\" content=\"image\/jpeg\" \/>\n<meta name=\"twitter:card\" content=\"summary_large_image\" \/>\n<meta name=\"twitter:label1\" content=\"Price\" \/>\n\t<meta name=\"twitter:data1\" content=\"&euro;117.00\" \/>\n\t<meta name=\"twitter:label2\" content=\"Availability\" \/>\n\t<meta name=\"twitter:data2\" content=\"In stock\" \/>\n<script type=\"application\/ld+json\" class=\"yoast-schema-graph\">{\"@context\":\"https:\\\/\\\/schema.org\",\"@graph\":[{\"@type\":\"WebPage\",\"@id\":\"https:\\\/\\\/mmkriepas.lv\\\/en\\\/p\\\/215-55r17-kumho-wi32-98t-xl-ar-radzem-2\\\/\",\"url\":\"https:\\\/\\\/mmkriepas.lv\\\/en\\\/p\\\/215-55r17-kumho-wi32-98t-xl-ar-radzem-2\\\/\",\"name\":\"215\\\/55R17 Kumho WinterCraft ice Wi32 98T XL ar radz\u0113m &#8226; MMK Riepas\",\"isPartOf\":{\"@id\":\"https:\\\/\\\/mmkriepas.lv\\\/en\\\/#website\"},\"primaryImageOfPage\":{\"@id\":\"https:\\\/\\\/mmkriepas.lv\\\/en\\\/p\\\/215-55r17-kumho-wi32-98t-xl-ar-radzem-2\\\/#primaryimage\"},\"image\":{\"@id\":\"https:\\\/\\\/mmkriepas.lv\\\/en\\\/p\\\/215-55r17-kumho-wi32-98t-xl-ar-radzem-2\\\/#primaryimage\"},\"thumbnailUrl\":\"https:\\\/\\\/mmkriepas.lv\\\/wp-content\\\/uploads\\\/2024\\\/06\\\/kumho-wintercraft-ice-wi32-ar-radzem.jpg\",\"datePublished\":\"2023-07-28T16:12:59+00:00\",\"dateModified\":\"2026-03-27T11:37:03+00:00\",\"breadcrumb\":{\"@id\":\"https:\\\/\\\/mmkriepas.lv\\\/en\\\/p\\\/215-55r17-kumho-wi32-98t-xl-ar-radzem-2\\\/#breadcrumb\"},\"inLanguage\":\"en-US\",\"potentialAction\":[{\"@type\":\"ReadAction\",\"target\":[\"https:\\\/\\\/mmkriepas.lv\\\/en\\\/p\\\/215-55r17-kumho-wi32-98t-xl-ar-radzem-2\\\/\"]}]},{\"@type\":\"ImageObject\",\"inLanguage\":\"en-US\",\"@id\":\"https:\\\/\\\/mmkriepas.lv\\\/en\\\/p\\\/215-55r17-kumho-wi32-98t-xl-ar-radzem-2\\\/#primaryimage\",\"url\":\"https:\\\/\\\/mmkriepas.lv\\\/wp-content\\\/uploads\\\/2024\\\/06\\\/kumho-wintercraft-ice-wi32-ar-radzem.jpg\",\"contentUrl\":\"https:\\\/\\\/mmkriepas.lv\\\/wp-content\\\/uploads\\\/2024\\\/06\\\/kumho-wintercraft-ice-wi32-ar-radzem.jpg\",\"width\":900,\"height\":720,\"caption\":\"MAIN\"},{\"@type\":\"BreadcrumbList\",\"@id\":\"https:\\\/\\\/mmkriepas.lv\\\/en\\\/p\\\/215-55r17-kumho-wi32-98t-xl-ar-radzem-2\\\/#breadcrumb\",\"itemListElement\":[{\"@type\":\"ListItem\",\"position\":1,\"name\":\"S\u0101kums\",\"item\":\"https:\\\/\\\/mmkriepas.lv\\\/en\\\/\"},{\"@type\":\"ListItem\",\"position\":2,\"name\":\"215\\\/55R17 Kumho WinterCraft ice Wi32 98T XL ar radz\u0113m\"}]},{\"@type\":\"WebSite\",\"@id\":\"https:\\\/\\\/mmkriepas.lv\\\/en\\\/#website\",\"url\":\"https:\\\/\\\/mmkriepas.lv\\\/en\\\/\",\"name\":\"MMK Riepas\",\"description\":\"MMK Riepas\",\"alternateName\":\"MMK Riepu Serviss\",\"potentialAction\":[{\"@type\":\"SearchAction\",\"target\":{\"@type\":\"EntryPoint\",\"urlTemplate\":\"https:\\\/\\\/mmkriepas.lv\\\/en\\\/?s={search_term_string}\"},\"query-input\":{\"@type\":\"PropertyValueSpecification\",\"valueRequired\":true,\"valueName\":\"search_term_string\"}}],\"inLanguage\":\"en-US\"},{\"@type\":\"ImageObject\",\"inLanguage\":\"en-US\",\"@id\":\"https:\\\/\\\/mmkriepas.lv\\\/en\\\/p\\\/215-55r17-kumho-wi32-98t-xl-ar-radzem-2\\\/#local-main-organization-logo\",\"url\":\"\",\"contentUrl\":\"\",\"caption\":\"MMK Riepas\"}]}<\/script>\n<meta property=\"product:brand\" content=\"Kumho WinterCraft ice Wi32\" \/>\n<meta property=\"product:price:amount\" content=\"117.00\" \/>\n<meta property=\"product:price:currency\" content=\"EUR\" \/>\n<meta property=\"og:availability\" content=\"instock\" \/>\n<meta property=\"product:availability\" content=\"instock\" \/>\n<meta property=\"product:retailer_item_id\" content=\"TR2155517KUMHO-L28023\" \/>\n<meta property=\"product:condition\" content=\"new\" \/>\n<!-- \/ Yoast SEO Premium plugin. -->","yoast_head_json":{"title":"215\/55R17 Kumho WinterCraft ice Wi32 98T XL ar radz\u0113m &#8226; MMK Riepas","robots":{"index":"index","follow":"follow","max-snippet":"max-snippet:-1","max-image-preview":"max-image-preview:large","max-video-preview":"max-video-preview:-1"},"canonical":"https:\/\/mmkriepas.lv\/en\/p\/215-55r17-kumho-wi32-98t-xl-ar-radzem-2\/","og_locale":"en_US","og_type":"article","og_title":"215\/55R17 Kumho WinterCraft ice Wi32 98T XL ar radz\u0113m","og_description":"Kumho WinterCraft ice Wi32 ir teicamas kvalit\u0101tes, vid\u0113j\u0101s klases rad\u017eojams ziemas riepu modelis ar \u012bpa\u0161i agres\u012bvu protektora rakstu. Tas izstr\u0101d\u0101ts paaugstin\u0101tai veiktsp\u0113jai \u012bpa\u0161i skarbos ziemas brauk\u0161anas apst\u0101k\u013cos gan uz asfalta, gan lauku vai me\u017ea ce\u013ciem. \u0160is riepu modelis pieejams izm\u0113ru kl\u0101st\u0101 no R13 l\u012bdz R19 un piem\u0113rots gan kompaktklases vieglaj\u0101m, gan apvidus automa\u0161\u012bn\u0101m jeb SUV.","og_url":"https:\/\/mmkriepas.lv\/en\/p\/215-55r17-kumho-wi32-98t-xl-ar-radzem-2\/","og_site_name":"MMK Riepas","article_publisher":"https:\/\/www.facebook.com\/mmkserviss\/","article_modified_time":"2026-03-27T11:37:03+00:00","og_image":[{"width":900,"height":720,"url":"https:\/\/mmkriepas.lv\/wp-content\/uploads\/2024\/06\/kumho-wintercraft-ice-wi32-ar-radzem.jpg","type":"image\/jpeg"}],"twitter_card":"summary_large_image","twitter_misc":{"Price":"&euro;117.00","Availability":"In stock"},"schema":{"@context":"https:\/\/schema.org","@graph":[{"@type":"WebPage","@id":"https:\/\/mmkriepas.lv\/en\/p\/215-55r17-kumho-wi32-98t-xl-ar-radzem-2\/","url":"https:\/\/mmkriepas.lv\/en\/p\/215-55r17-kumho-wi32-98t-xl-ar-radzem-2\/","name":"215\/55R17 Kumho WinterCraft ice Wi32 98T XL ar radz\u0113m &#8226; MMK Riepas","isPartOf":{"@id":"https:\/\/mmkriepas.lv\/en\/#website"},"primaryImageOfPage":{"@id":"https:\/\/mmkriepas.lv\/en\/p\/215-55r17-kumho-wi32-98t-xl-ar-radzem-2\/#primaryimage"},"image":{"@id":"https:\/\/mmkriepas.lv\/en\/p\/215-55r17-kumho-wi32-98t-xl-ar-radzem-2\/#primaryimage"},"thumbnailUrl":"https:\/\/mmkriepas.lv\/wp-content\/uploads\/2024\/06\/kumho-wintercraft-ice-wi32-ar-radzem.jpg","datePublished":"2023-07-28T16:12:59+00:00","dateModified":"2026-03-27T11:37:03+00:00","breadcrumb":{"@id":"https:\/\/mmkriepas.lv\/en\/p\/215-55r17-kumho-wi32-98t-xl-ar-radzem-2\/#breadcrumb"},"inLanguage":"en-US","potentialAction":[{"@type":"ReadAction","target":["https:\/\/mmkriepas.lv\/en\/p\/215-55r17-kumho-wi32-98t-xl-ar-radzem-2\/"]}]},{"@type":"ImageObject","inLanguage":"en-US","@id":"https:\/\/mmkriepas.lv\/en\/p\/215-55r17-kumho-wi32-98t-xl-ar-radzem-2\/#primaryimage","url":"https:\/\/mmkriepas.lv\/wp-content\/uploads\/2024\/06\/kumho-wintercraft-ice-wi32-ar-radzem.jpg","contentUrl":"https:\/\/mmkriepas.lv\/wp-content\/uploads\/2024\/06\/kumho-wintercraft-ice-wi32-ar-radzem.jpg","width":900,"height":720,"caption":"MAIN"},{"@type":"BreadcrumbList","@id":"https:\/\/mmkriepas.lv\/en\/p\/215-55r17-kumho-wi32-98t-xl-ar-radzem-2\/#breadcrumb","itemListElement":[{"@type":"ListItem","position":1,"name":"S\u0101kums","item":"https:\/\/mmkriepas.lv\/en\/"},{"@type":"ListItem","position":2,"name":"215\/55R17 Kumho WinterCraft ice Wi32 98T XL ar radz\u0113m"}]},{"@type":"WebSite","@id":"https:\/\/mmkriepas.lv\/en\/#website","url":"https:\/\/mmkriepas.lv\/en\/","name":"MMK Riepas","description":"MMK Riepas","alternateName":"MMK Riepu Serviss","potentialAction":[{"@type":"SearchAction","target":{"@type":"EntryPoint","urlTemplate":"https:\/\/mmkriepas.lv\/en\/?s={search_term_string}"},"query-input":{"@type":"PropertyValueSpecification","valueRequired":true,"valueName":"search_term_string"}}],"inLanguage":"en-US"},{"@type":"ImageObject","inLanguage":"en-US","@id":"https:\/\/mmkriepas.lv\/en\/p\/215-55r17-kumho-wi32-98t-xl-ar-radzem-2\/#local-main-organization-logo","url":"","contentUrl":"","caption":"MMK Riepas"}]},"product_brand":"Kumho WinterCraft ice Wi32","product_price_amount":"117.00","product_price_currency":"EUR","og_availability":"instock","product_availability":"instock","product_retailer_item_id":"TR2155517KUMHO-L28023","product_condition":"new"},"_links":{"self":[{"href":"https:\/\/mmkriepas.lv\/en\/wp-json\/wp\/v2\/product\/767456","targetHints":{"allow":["GET"]}}],"collection":[{"href":"https:\/\/mmkriepas.lv\/en\/wp-json\/wp\/v2\/product"}],"about":[{"href":"https:\/\/mmkriepas.lv\/en\/wp-json\/wp\/v2\/types\/product"}],"wp:featuredmedia":[{"embeddable":true,"href":"https:\/\/mmkriepas.lv\/en\/wp-json\/wp\/v2\/media\/910194"}],"wp:attachment":[{"href":"https:\/\/mmkriepas.lv\/en\/wp-json\/wp\/v2\/media?parent=767456"}],"wp:term":[{"taxonomy":"product_brand","embeddable":true,"href":"https:\/\/mmkriepas.lv\/en\/wp-json\/wp\/v2\/product_brand?post=767456"},{"taxonomy":"product_cat","embeddable":true,"href":"https:\/\/mmkriepas.lv\/en\/wp-json\/wp\/v2\/product_cat?post=767456"},{"taxonomy":"product_tag","embeddable":true,"href":"https:\/\/mmkriepas.lv\/en\/wp-json\/wp\/v2\/product_tag?post=767456"}],"curies":[{"name":"wp","href":"https:\/\/api.w.org\/{rel}","templated":true}]}}