{"id":767453,"date":"2023-07-28T19:12:54","date_gmt":"2023-07-28T16:12:54","guid":{"rendered":"https:\/\/mmkserviss.lv\/?post_type=product&#038;p=767453"},"modified":"2026-03-30T12:46:53","modified_gmt":"2026-03-30T09:46:53","slug":"205-60r16-sunwide-rs-one-92v","status":"publish","type":"product","link":"https:\/\/mmkriepas.lv\/en\/p\/205-60r16-sunwide-rs-one-92v\/","title":{"rendered":"205\/60R16 Sunwide RS-one 92V"},"content":{"rendered":"<p style=\"margin: 12.0pt 0cm 12.0pt 0cm;\"><b><span style=\"font-size: 11.0pt; font-family: 'Arial',sans-serif; color: black;\">Sunwide RS-one<\/span><\/b><span style=\"font-size: 11.0pt; font-family: 'Arial',sans-serif; color: black;\">\u00a0&#8211; sportiska tipa vasaras riepas, kas izce\u013cas ar l\u012bdzsvaru starp dro\u0161\u012bbu uz sausa un slapja asfalta, augstu veiktsp\u0113ju un brauk\u0161anas komfortu. \u0160im riepu modelim rakstur\u012bga lieliska manevr\u0113tsp\u0113ja, stabila vad\u0101m\u012bba un efekt\u012bvas bremz\u0113\u0161anas \u012bpa\u0161\u012bbas. <\/span><o:p><\/o:p><\/p>\n<h3 style=\"margin: 14.0pt 0cm 4.0pt 0cm;\"><span style=\"font-size: 13.0pt; font-family: 'Arial',sans-serif; color: black;\">RS-one galven\u0101s \u012bpa\u0161\u012bbas<\/span><o:p><\/o:p><\/h3>\n<p style=\"margin: 12.0pt 0cm 12.0pt 0cm;\"><span style=\"font-size: 11.0pt; font-family: 'Arial',sans-serif; color: black;\">+ Augsts cenas un veiktsp\u0113jas koeficents.<\/span><o:p><\/o:p><\/p>\n<p style=\"margin: 12.0pt 0cm 12.0pt 0cm;\"><span style=\"font-size: 11.0pt; font-family: 'Arial',sans-serif; color: black;\">+ Sa\u012bsin\u0101ts bremz\u0113\u0161anas ce\u013c\u0161 gan uz sauca, gan slapja asfalta.<\/span><o:p><\/o:p><\/p>\n<p style=\"margin: 12.0pt 0cm 12.0pt 0cm;\"><span style=\"font-size: 11.0pt; font-family: 'Arial',sans-serif; color: black;\">+ Degvielas ekonomija.<\/span><o:p><\/o:p><\/p>\n<p style=\"margin: 12.0pt 0cm 12.0pt 0cm;\"><span style=\"font-size: 11.0pt; font-family: 'Arial',sans-serif; color: black;\">+ Akustiskais komforts.<\/span><o:p><\/o:p><\/p>\n<p style=\"margin: 12.0pt 0cm 12.0pt 0cm;\"><span style=\"font-size: 11.0pt; font-family: 'Arial',sans-serif; color: black;\">+ Att\u012bst\u012bta dren\u0101\u017eas jeb \u016bdens novadkan\u0101lu sist\u0113ma, kas b\u016btiski samazina akvaplan\u0113\u0161anas risku pat lielos brauk\u0161anas \u0101trumos.<\/span><o:p><\/o:p><\/p>\n<h3 style=\"margin: 14.0pt 0cm 4.0pt 0cm;\"><span style=\"font-size: 13.0pt; font-family: 'Arial',sans-serif; color: black;\">RS-one apr\u012bkojums<\/span><o:p><\/o:p><\/h3>\n<p style=\"margin: 12.0pt 0cm 12.0pt 0cm;\"><b><span style=\"font-size: 11.0pt; font-family: 'Arial',sans-serif; color: black;\">Sunwide RS-one <\/span><\/b><span style=\"font-size: 11.0pt; font-family: 'Arial',sans-serif; color: black;\">vasaras riepas apr\u012bkotas ar unik\u0101la dizaina asimetrisku protektora rakstu. Starp gareniskaj\u0101m protektora virkn\u0113m izvietotas \u016bdens novadrievas, kas b\u016btiski uzlabo dro\u0161\u012bbu uz slapja asfalta.<\/span> <span style=\"font-size: 11.0pt; font-family: 'Arial',sans-serif; color: black;\">Protektors veidots no ausgtas kvalit\u0101tes materi\u0101liem, kam pievienota virkne elementu, kuri vienlaikus uzlabo nodilumiztur\u012bbu, sa\u0137eres \u012bpa\u0161\u012bbas un ar\u012b sl\u0101p\u0113 ska\u0146u.<\/span><\/p>\n","protected":false},"excerpt":{"rendered":"<p><b><span style=\"font-size: 11.0pt; font-family: 'Arial',sans-serif; color: black;\">Sunwide RS-one<\/span><\/b><span style=\"font-size: 11.0pt; font-family: 'Arial',sans-serif; color: black;\">\u00a0&#8211; sportiska tipa vasaras riepas, kas izce\u013cas ar l\u012bdzsvaru starp dro\u0161\u012bbu uz sausa un slapja asfalta, augstu veiktsp\u0113ju un brauk\u0161anas komfortu. \u0160im riepu modelim rakstur\u012bga lieliska manevr\u0113tsp\u0113ja, stabila vad\u0101m\u012bba un efekt\u012bvas bremz\u0113\u0161anas \u012bpa\u0161\u012bbas. <\/span><\/p>\n","protected":false},"featured_media":767651,"template":"","meta":{"_acf_changed":false,"ngg_post_thumbnail":0},"product_brand":[],"product_cat":[46],"product_tag":[],"class_list":{"0":"post-767453","1":"product","2":"type-product","3":"status-publish","4":"has-post-thumbnail","6":"product_cat-vasaras-riepas","8":"first","9":"instock","10":"sale","11":"taxable","12":"shipping-taxable","13":"purchasable","14":"product-type-simple"},"acf":[],"yoast_head":"<!-- This site is optimized with the Yoast SEO Premium plugin v22.6 (Yoast SEO v27.3) - https:\/\/yoast.com\/product\/yoast-seo-premium-wordpress\/ -->\n<title>205\/60R16 Sunwide RS-one 92V &#8226; MMK Riepas<\/title>\n<meta name=\"robots\" content=\"index, follow, max-snippet:-1, max-image-preview:large, max-video-preview:-1\" \/>\n<link rel=\"canonical\" href=\"https:\/\/mmkriepas.lv\/en\/p\/205-60r16-sunwide-rs-one-92v\/\" \/>\n<meta property=\"og:locale\" content=\"en_US\" \/>\n<meta property=\"og:type\" content=\"article\" \/>\n<meta property=\"og:title\" content=\"205\/60R16 Sunwide RS-one 92V\" \/>\n<meta property=\"og:description\" content=\"Sunwide RS-one\u00a0- sportiska tipa vasaras riepas, kas izce\u013cas ar l\u012bdzsvaru starp dro\u0161\u012bbu uz sausa un slapja asfalta, augstu veiktsp\u0113ju un brauk\u0161anas komfortu. \u0160im riepu modelim rakstur\u012bga lieliska manevr\u0113tsp\u0113ja, stabila vad\u0101m\u012bba un efekt\u012bvas bremz\u0113\u0161anas \u012bpa\u0161\u012bbas.\" \/>\n<meta property=\"og:url\" content=\"https:\/\/mmkriepas.lv\/en\/p\/205-60r16-sunwide-rs-one-92v\/\" \/>\n<meta property=\"og:site_name\" content=\"MMK Riepas\" \/>\n<meta property=\"article:publisher\" content=\"https:\/\/www.facebook.com\/mmkserviss\/\" \/>\n<meta property=\"article:modified_time\" content=\"2026-03-30T09:46:53+00:00\" \/>\n<meta property=\"og:image\" content=\"https:\/\/mmkriepas.lv\/wp-content\/uploads\/2023\/07\/24540r20-sunwide-rs-one-99y-xl-vasaras-riepas-5.jpeg\" \/>\n\t<meta property=\"og:image:width\" content=\"1920\" \/>\n\t<meta property=\"og:image:height\" content=\"1440\" \/>\n\t<meta property=\"og:image:type\" content=\"image\/jpeg\" \/>\n<meta name=\"twitter:card\" content=\"summary_large_image\" \/>\n<meta name=\"twitter:label1\" content=\"Price\" \/>\n\t<meta name=\"twitter:data1\" content=\"&euro;39.00\" \/>\n\t<meta name=\"twitter:label2\" content=\"Availability\" \/>\n\t<meta name=\"twitter:data2\" content=\"In stock\" \/>\n<script type=\"application\/ld+json\" class=\"yoast-schema-graph\">{\"@context\":\"https:\\\/\\\/schema.org\",\"@graph\":[{\"@type\":\"WebPage\",\"@id\":\"https:\\\/\\\/mmkriepas.lv\\\/en\\\/p\\\/205-60r16-sunwide-rs-one-92v\\\/\",\"url\":\"https:\\\/\\\/mmkriepas.lv\\\/en\\\/p\\\/205-60r16-sunwide-rs-one-92v\\\/\",\"name\":\"205\\\/60R16 Sunwide RS-one 92V &#8226; MMK Riepas\",\"isPartOf\":{\"@id\":\"https:\\\/\\\/mmkriepas.lv\\\/en\\\/#website\"},\"primaryImageOfPage\":{\"@id\":\"https:\\\/\\\/mmkriepas.lv\\\/en\\\/p\\\/205-60r16-sunwide-rs-one-92v\\\/#primaryimage\"},\"image\":{\"@id\":\"https:\\\/\\\/mmkriepas.lv\\\/en\\\/p\\\/205-60r16-sunwide-rs-one-92v\\\/#primaryimage\"},\"thumbnailUrl\":\"https:\\\/\\\/mmkriepas.lv\\\/wp-content\\\/uploads\\\/2023\\\/07\\\/24540r20-sunwide-rs-one-99y-xl-vasaras-riepas-5.jpeg\",\"datePublished\":\"2023-07-28T16:12:54+00:00\",\"dateModified\":\"2026-03-30T09:46:53+00:00\",\"breadcrumb\":{\"@id\":\"https:\\\/\\\/mmkriepas.lv\\\/en\\\/p\\\/205-60r16-sunwide-rs-one-92v\\\/#breadcrumb\"},\"inLanguage\":\"en-US\",\"potentialAction\":[{\"@type\":\"ReadAction\",\"target\":[\"https:\\\/\\\/mmkriepas.lv\\\/en\\\/p\\\/205-60r16-sunwide-rs-one-92v\\\/\"]}]},{\"@type\":\"ImageObject\",\"inLanguage\":\"en-US\",\"@id\":\"https:\\\/\\\/mmkriepas.lv\\\/en\\\/p\\\/205-60r16-sunwide-rs-one-92v\\\/#primaryimage\",\"url\":\"https:\\\/\\\/mmkriepas.lv\\\/wp-content\\\/uploads\\\/2023\\\/07\\\/24540r20-sunwide-rs-one-99y-xl-vasaras-riepas-5.jpeg\",\"contentUrl\":\"https:\\\/\\\/mmkriepas.lv\\\/wp-content\\\/uploads\\\/2023\\\/07\\\/24540r20-sunwide-rs-one-99y-xl-vasaras-riepas-5.jpeg\",\"width\":1920,\"height\":1440,\"caption\":\"MMK Sunwide RS-one MAIN\"},{\"@type\":\"BreadcrumbList\",\"@id\":\"https:\\\/\\\/mmkriepas.lv\\\/en\\\/p\\\/205-60r16-sunwide-rs-one-92v\\\/#breadcrumb\",\"itemListElement\":[{\"@type\":\"ListItem\",\"position\":1,\"name\":\"S\u0101kums\",\"item\":\"https:\\\/\\\/mmkriepas.lv\\\/en\\\/\"},{\"@type\":\"ListItem\",\"position\":2,\"name\":\"205\\\/60R16 Sunwide RS-one 92V\"}]},{\"@type\":\"WebSite\",\"@id\":\"https:\\\/\\\/mmkriepas.lv\\\/en\\\/#website\",\"url\":\"https:\\\/\\\/mmkriepas.lv\\\/en\\\/\",\"name\":\"MMK Riepas\",\"description\":\"MMK Riepas\",\"alternateName\":\"MMK Riepu Serviss\",\"potentialAction\":[{\"@type\":\"SearchAction\",\"target\":{\"@type\":\"EntryPoint\",\"urlTemplate\":\"https:\\\/\\\/mmkriepas.lv\\\/en\\\/?s={search_term_string}\"},\"query-input\":{\"@type\":\"PropertyValueSpecification\",\"valueRequired\":true,\"valueName\":\"search_term_string\"}}],\"inLanguage\":\"en-US\"},{\"@type\":\"ImageObject\",\"inLanguage\":\"en-US\",\"@id\":\"https:\\\/\\\/mmkriepas.lv\\\/en\\\/p\\\/205-60r16-sunwide-rs-one-92v\\\/#local-main-organization-logo\",\"url\":\"\",\"contentUrl\":\"\",\"caption\":\"MMK Riepas\"}]}<\/script>\n<meta property=\"product:brand\" content=\"Sunwide RS-one\" \/>\n<meta property=\"product:price:amount\" content=\"39.00\" \/>\n<meta property=\"product:price:currency\" content=\"EUR\" \/>\n<meta property=\"og:availability\" content=\"instock\" \/>\n<meta property=\"product:availability\" content=\"instock\" \/>\n<meta property=\"product:retailer_item_id\" content=\"TS2056016SUNWI-28023\" \/>\n<meta property=\"product:condition\" content=\"new\" \/>\n<!-- \/ Yoast SEO Premium plugin. -->","yoast_head_json":{"title":"205\/60R16 Sunwide RS-one 92V &#8226; MMK Riepas","robots":{"index":"index","follow":"follow","max-snippet":"max-snippet:-1","max-image-preview":"max-image-preview:large","max-video-preview":"max-video-preview:-1"},"canonical":"https:\/\/mmkriepas.lv\/en\/p\/205-60r16-sunwide-rs-one-92v\/","og_locale":"en_US","og_type":"article","og_title":"205\/60R16 Sunwide RS-one 92V","og_description":"Sunwide RS-one\u00a0- sportiska tipa vasaras riepas, kas izce\u013cas ar l\u012bdzsvaru starp dro\u0161\u012bbu uz sausa un slapja asfalta, augstu veiktsp\u0113ju un brauk\u0161anas komfortu. \u0160im riepu modelim rakstur\u012bga lieliska manevr\u0113tsp\u0113ja, stabila vad\u0101m\u012bba un efekt\u012bvas bremz\u0113\u0161anas \u012bpa\u0161\u012bbas.","og_url":"https:\/\/mmkriepas.lv\/en\/p\/205-60r16-sunwide-rs-one-92v\/","og_site_name":"MMK Riepas","article_publisher":"https:\/\/www.facebook.com\/mmkserviss\/","article_modified_time":"2026-03-30T09:46:53+00:00","og_image":[{"width":1920,"height":1440,"url":"https:\/\/mmkriepas.lv\/wp-content\/uploads\/2023\/07\/24540r20-sunwide-rs-one-99y-xl-vasaras-riepas-5.jpeg","type":"image\/jpeg"}],"twitter_card":"summary_large_image","twitter_misc":{"Price":"&euro;39.00","Availability":"In stock"},"schema":{"@context":"https:\/\/schema.org","@graph":[{"@type":"WebPage","@id":"https:\/\/mmkriepas.lv\/en\/p\/205-60r16-sunwide-rs-one-92v\/","url":"https:\/\/mmkriepas.lv\/en\/p\/205-60r16-sunwide-rs-one-92v\/","name":"205\/60R16 Sunwide RS-one 92V &#8226; MMK Riepas","isPartOf":{"@id":"https:\/\/mmkriepas.lv\/en\/#website"},"primaryImageOfPage":{"@id":"https:\/\/mmkriepas.lv\/en\/p\/205-60r16-sunwide-rs-one-92v\/#primaryimage"},"image":{"@id":"https:\/\/mmkriepas.lv\/en\/p\/205-60r16-sunwide-rs-one-92v\/#primaryimage"},"thumbnailUrl":"https:\/\/mmkriepas.lv\/wp-content\/uploads\/2023\/07\/24540r20-sunwide-rs-one-99y-xl-vasaras-riepas-5.jpeg","datePublished":"2023-07-28T16:12:54+00:00","dateModified":"2026-03-30T09:46:53+00:00","breadcrumb":{"@id":"https:\/\/mmkriepas.lv\/en\/p\/205-60r16-sunwide-rs-one-92v\/#breadcrumb"},"inLanguage":"en-US","potentialAction":[{"@type":"ReadAction","target":["https:\/\/mmkriepas.lv\/en\/p\/205-60r16-sunwide-rs-one-92v\/"]}]},{"@type":"ImageObject","inLanguage":"en-US","@id":"https:\/\/mmkriepas.lv\/en\/p\/205-60r16-sunwide-rs-one-92v\/#primaryimage","url":"https:\/\/mmkriepas.lv\/wp-content\/uploads\/2023\/07\/24540r20-sunwide-rs-one-99y-xl-vasaras-riepas-5.jpeg","contentUrl":"https:\/\/mmkriepas.lv\/wp-content\/uploads\/2023\/07\/24540r20-sunwide-rs-one-99y-xl-vasaras-riepas-5.jpeg","width":1920,"height":1440,"caption":"MMK Sunwide RS-one MAIN"},{"@type":"BreadcrumbList","@id":"https:\/\/mmkriepas.lv\/en\/p\/205-60r16-sunwide-rs-one-92v\/#breadcrumb","itemListElement":[{"@type":"ListItem","position":1,"name":"S\u0101kums","item":"https:\/\/mmkriepas.lv\/en\/"},{"@type":"ListItem","position":2,"name":"205\/60R16 Sunwide RS-one 92V"}]},{"@type":"WebSite","@id":"https:\/\/mmkriepas.lv\/en\/#website","url":"https:\/\/mmkriepas.lv\/en\/","name":"MMK Riepas","description":"MMK Riepas","alternateName":"MMK Riepu Serviss","potentialAction":[{"@type":"SearchAction","target":{"@type":"EntryPoint","urlTemplate":"https:\/\/mmkriepas.lv\/en\/?s={search_term_string}"},"query-input":{"@type":"PropertyValueSpecification","valueRequired":true,"valueName":"search_term_string"}}],"inLanguage":"en-US"},{"@type":"ImageObject","inLanguage":"en-US","@id":"https:\/\/mmkriepas.lv\/en\/p\/205-60r16-sunwide-rs-one-92v\/#local-main-organization-logo","url":"","contentUrl":"","caption":"MMK Riepas"}]},"product_brand":"Sunwide RS-one","product_price_amount":"39.00","product_price_currency":"EUR","og_availability":"instock","product_availability":"instock","product_retailer_item_id":"TS2056016SUNWI-28023","product_condition":"new"},"_links":{"self":[{"href":"https:\/\/mmkriepas.lv\/en\/wp-json\/wp\/v2\/product\/767453","targetHints":{"allow":["GET"]}}],"collection":[{"href":"https:\/\/mmkriepas.lv\/en\/wp-json\/wp\/v2\/product"}],"about":[{"href":"https:\/\/mmkriepas.lv\/en\/wp-json\/wp\/v2\/types\/product"}],"wp:featuredmedia":[{"embeddable":true,"href":"https:\/\/mmkriepas.lv\/en\/wp-json\/wp\/v2\/media\/767651"}],"wp:attachment":[{"href":"https:\/\/mmkriepas.lv\/en\/wp-json\/wp\/v2\/media?parent=767453"}],"wp:term":[{"taxonomy":"product_brand","embeddable":true,"href":"https:\/\/mmkriepas.lv\/en\/wp-json\/wp\/v2\/product_brand?post=767453"},{"taxonomy":"product_cat","embeddable":true,"href":"https:\/\/mmkriepas.lv\/en\/wp-json\/wp\/v2\/product_cat?post=767453"},{"taxonomy":"product_tag","embeddable":true,"href":"https:\/\/mmkriepas.lv\/en\/wp-json\/wp\/v2\/product_tag?post=767453"}],"curies":[{"name":"wp","href":"https:\/\/api.w.org\/{rel}","templated":true}]}}