{"id":76717,"date":"2018-10-03T07:52:34","date_gmt":"2018-10-03T04:52:34","guid":{"rendered":"https:\/\/mmkserviss.lv\/katalogs\/uncategorized\/25555r19-dunl-wintsp5suv-riepa-111v-xl\/"},"modified":"2024-12-10T12:40:40","modified_gmt":"2024-12-10T10:40:40","slug":"25555r19-dunl-wintsp5suv-riepa-111v-xl","status":"publish","type":"product","link":"https:\/\/mmkriepas.lv\/en\/p\/25555r19-dunl-wintsp5suv-riepa-111v-xl\/","title":{"rendered":"255\/55R19 Dunlop Winter Sport 5 SUV 111V XL"},"content":{"rendered":"<p style=\"margin: 12.0pt 0cm 12.0pt 0cm;\"><b><span style=\"font-size: 11.0pt; font-family: 'Arial',sans-serif; color: black;\">Dunlop Winter Sport 5<\/span><\/b><span style=\"font-size: 11.0pt; font-family: 'Arial',sans-serif; color: black;\"> ir augstas kvalit\u0101tes, premium klases vissezonas riepu modelis. Tas izce\u013cas ar palielin\u0101tiem veiktsp\u0113jas un degvielas ekonomijas r\u0101d\u012bt\u0101jiem pla\u0161\u0101 brauk\u0161anas apst\u0101k\u013cu spektr\u0101. Modelis pieejams pla\u0161\u0101 izm\u0113ru spektr\u0101 no R15, l\u012bdz R19 un s\u0101kotn\u0113ji paredz\u0113ts Centr\u0101leiropas klimatiskajiem apst\u0101k\u013ciem.<\/span><o:p><\/o:p><\/p>\n<h3 style=\"margin: 14.0pt 0cm 4.0pt 0cm;\"><span style=\"font-size: 13.0pt; font-family: 'Arial',sans-serif; color: black;\">Dunlop Winter Sport 5 galven\u0101s iez\u012bmes<\/span><o:p><\/o:p><\/h3>\n<p style=\"margin: 12.0pt 0cm 12.0pt 0cm;\"><span style=\"font-size: 11.0pt; font-family: 'Arial',sans-serif; color: black;\">+ Teicama sa\u0137ere uz asfalta gan vasar\u0101, gan ziem\u0101.<\/span><o:p><\/o:p><\/p>\n<p style=\"margin: 12.0pt 0cm 12.0pt 0cm;\"><span style=\"font-size: 11.0pt; font-family: 'Arial',sans-serif; color: black;\">+ Degvielas ekonomija.<\/span><o:p><\/o:p><\/p>\n<p style=\"margin: 12.0pt 0cm 12.0pt 0cm;\"><span style=\"font-size: 11.0pt; font-family: 'Arial',sans-serif; color: black;\">+ Samazin\u0101ts akvaplan\u0113\u0161anas risks.<\/span><o:p><\/o:p><\/p>\n<p style=\"margin: 12.0pt 0cm 12.0pt 0cm;\"><span style=\"font-size: 11.0pt; font-family: 'Arial',sans-serif; color: black;\">+ \u013boti laba veiktsp\u0113ja snieg\u0101.<\/span><o:p><\/o:p><\/p>\n<p style=\"margin: 12.0pt 0cm 12.0pt 0cm;\"><span style=\"font-size: 11.0pt; font-family: 'Arial',sans-serif; color: black;\">+ Augsts akustiskais un brauk\u0161anas komforts.<\/span><o:p><\/o:p><\/p>\n<p style=\"margin: 12.0pt 0cm 12.0pt 0cm;\"><span style=\"font-size: 11.0pt; font-family: 'Arial',sans-serif; color: black;\">+ Augstas kvalit\u0101tes izejmateri\u0101li riepas karkas\u0101 un gumijas sakaus\u0113jum\u0101.<\/span><o:p><\/o:p><\/p>\n<h3 style=\"margin: 14.0pt 0cm 4.0pt 0cm;\"><span style=\"font-size: 13.0pt; font-family: 'Arial',sans-serif; color: black;\">Winter Sport 5 apr\u012bkojums<\/span><o:p><\/o:p><\/h3>\n<p style=\"margin: 12.0pt 0cm 12.0pt 0cm;\"><b><span style=\"font-size: 11.0pt; font-family: 'Arial',sans-serif; color: black;\">Dunlop Winter Sport 5 <\/span><\/b><span style=\"font-size: 11.0pt; font-family: 'Arial',sans-serif; color: black;\">m+s jeb vissezonas riepas apr\u012bkotas ar uzlabotu virzienveida protektora dizainu. Protektora vid\u0113j\u0101 da\u013c\u0101 izmantots liels skaits samazin\u0101ta izm\u0113ra protektora bloku. Tas b\u016btiski uzlabojis riepu veiktsp\u0113ju snieg\u0101, k\u0101 ar\u012b samazin\u0101jis akvaplan\u0113\u0161anas risku pat lielos braiuk\u0161anas \u0101trumos.<\/span><o:p><\/o:p><\/p>\n<p style=\"margin: 12.0pt 0cm 12.0pt 0cm;\"><span style=\"font-size: 11.0pt; font-family: 'Arial',sans-serif; color: black;\">\u012apa\u0161ais protektora bloku izvietojums un to forma \u013c\u0101vusi saglab\u0101t akustisko komfortu, neskatoties uz lielo protektora bloku skaitu.\u00a0<\/span><o:p><\/o:p><\/p>\n<p style=\"margin: 12.0pt 0cm 12.0pt 0cm;\"><span style=\"font-size: 11.0pt; font-family: 'Arial',sans-serif; color: black;\">Riepu karkass pastiprin\u0101ts ar papildus kordu jeb brekera sl\u0101ni, b\u016btiski uzlabojot triecieniztur\u012bbu. Tas at\u013cauj \u0161o riepu ekspluat\u0113t pat pa grants vai zemes ce\u013ciem. Brekera sl\u0101\u0146i izgatavoti no atvieglota sint\u0113tiska materi\u0101la, \u013caujot uzlabot degvielas pat\u0113ri\u0146a koeficentu.\u00a0<\/span><o:p><\/o:p><\/p>\n<p style=\"margin: 12.0pt 0cm 12.0pt 0cm;\"><b><span style=\"font-size: 11.0pt; font-family: 'Arial',sans-serif; color: black;\">Dunlop Winter Sport 5 <\/span><\/b><span style=\"font-size: 11.0pt; font-family: 'Arial',sans-serif; color: black;\">vissezonas riepas piem\u0113rotas tiem Latvijas\u00a0 autobrauc\u0113jiem, kas ikdien\u0101 p\u0101rvietojas pa pils\u0113tu vai \u0161oseju. \u0160is riepu modelis at\u013cauj ar\u012b dro\u0161i un komfortabli vasaras apst\u0101k\u013cos p\u0101rvietoties pa grants vai zemes ce\u013ciem.\u00a0<\/span><\/p>\n","protected":false},"excerpt":{"rendered":"<p><b><span style=\"font-size: 11.0pt; font-family: 'Arial',sans-serif; color: black;\">Dunlop Winter Sport 5<\/span><\/b><span style=\"font-size: 11.0pt; font-family: 'Arial',sans-serif; color: black;\"> ir augstas kvalit\u0101tes, premium klases vissezonas riepu modelis. Tas izce\u013cas ar palielin\u0101tiem veiktsp\u0113jas un degvielas ekonomijas r\u0101d\u012bt\u0101jiem pla\u0161\u0101 brauk\u0161anas apst\u0101k\u013cu spektr\u0101. Modelis pieejams pla\u0161\u0101 izm\u0113ru spektr\u0101 no R15, l\u012bdz R19 un s\u0101kotn\u0113ji paredz\u0113ts Centr\u0101leiropas klimatiskajiem apst\u0101k\u013ciem.<\/span><\/p>\n","protected":false},"featured_media":1143179,"template":"","meta":{"_acf_changed":false,"ngg_post_thumbnail":0},"product_brand":[],"product_cat":[47,45],"product_tag":[19634],"class_list":{"0":"post-76717","1":"product","2":"type-product","3":"status-publish","4":"has-post-thumbnail","6":"product_cat-vissezonas-riepas","7":"product_cat-ziemas-riepas","8":"product_tag-mmk","10":"first","11":"instock","12":"taxable","13":"shipping-taxable","14":"product-type-simple"},"acf":[],"yoast_head":"<!-- This site is optimized with the Yoast SEO Premium plugin v22.6 (Yoast SEO v27.3) - https:\/\/yoast.com\/product\/yoast-seo-premium-wordpress\/ -->\n<title>255\/55R19 Dunlop Winter Sport 5 SUV 111V XL &#8226; MMK Riepas<\/title>\n<meta name=\"robots\" content=\"index, follow, max-snippet:-1, max-image-preview:large, max-video-preview:-1\" \/>\n<link rel=\"canonical\" href=\"https:\/\/mmkriepas.lv\/en\/p\/25555r19-dunl-wintsp5suv-riepa-111v-xl\/\" \/>\n<meta property=\"og:locale\" content=\"en_US\" \/>\n<meta property=\"og:type\" content=\"article\" \/>\n<meta property=\"og:title\" content=\"255\/55R19 Dunlop Winter Sport 5 SUV 111V XL\" \/>\n<meta property=\"og:description\" content=\"Dunlop Winter Sport 5 ir augstas kvalit\u0101tes, premium klases vissezonas riepu modelis. Tas izce\u013cas ar palielin\u0101tiem veiktsp\u0113jas un degvielas ekonomijas r\u0101d\u012bt\u0101jiem pla\u0161\u0101 brauk\u0161anas apst\u0101k\u013cu spektr\u0101. Modelis pieejams pla\u0161\u0101 izm\u0113ru spektr\u0101 no R15, l\u012bdz R19 un s\u0101kotn\u0113ji paredz\u0113ts Centr\u0101leiropas klimatiskajiem apst\u0101k\u013ciem.\" \/>\n<meta property=\"og:url\" content=\"https:\/\/mmkriepas.lv\/en\/p\/25555r19-dunl-wintsp5suv-riepa-111v-xl\/\" \/>\n<meta property=\"og:site_name\" content=\"MMK Riepas\" \/>\n<meta property=\"article:publisher\" content=\"https:\/\/www.facebook.com\/mmkserviss\/\" \/>\n<meta property=\"article:modified_time\" content=\"2024-12-10T10:40:40+00:00\" \/>\n<meta property=\"og:image\" content=\"https:\/\/mmkriepas.lv\/wp-content\/uploads\/2024\/12\/DUNLOP-WINTER-SPORT-5.jpg\" \/>\n\t<meta property=\"og:image:width\" content=\"900\" \/>\n\t<meta property=\"og:image:height\" content=\"720\" \/>\n\t<meta property=\"og:image:type\" content=\"image\/jpeg\" \/>\n<meta name=\"twitter:card\" content=\"summary_large_image\" \/>\n<meta name=\"twitter:label1\" content=\"Price\" \/>\n\t<meta name=\"twitter:data1\" content=\"&euro;238.00\" \/>\n\t<meta name=\"twitter:label2\" content=\"Availability\" \/>\n\t<meta name=\"twitter:data2\" content=\"In stock\" \/>\n<script type=\"application\/ld+json\" class=\"yoast-schema-graph\">{\"@context\":\"https:\\\/\\\/schema.org\",\"@graph\":[{\"@type\":\"WebPage\",\"@id\":\"https:\\\/\\\/mmkriepas.lv\\\/en\\\/p\\\/25555r19-dunl-wintsp5suv-riepa-111v-xl\\\/\",\"url\":\"https:\\\/\\\/mmkriepas.lv\\\/en\\\/p\\\/25555r19-dunl-wintsp5suv-riepa-111v-xl\\\/\",\"name\":\"255\\\/55R19 Dunlop Winter Sport 5 SUV 111V XL &#8226; MMK Riepas\",\"isPartOf\":{\"@id\":\"https:\\\/\\\/mmkriepas.lv\\\/en\\\/#website\"},\"primaryImageOfPage\":{\"@id\":\"https:\\\/\\\/mmkriepas.lv\\\/en\\\/p\\\/25555r19-dunl-wintsp5suv-riepa-111v-xl\\\/#primaryimage\"},\"image\":{\"@id\":\"https:\\\/\\\/mmkriepas.lv\\\/en\\\/p\\\/25555r19-dunl-wintsp5suv-riepa-111v-xl\\\/#primaryimage\"},\"thumbnailUrl\":\"https:\\\/\\\/mmkriepas.lv\\\/wp-content\\\/uploads\\\/2024\\\/12\\\/DUNLOP-WINTER-SPORT-5.jpg\",\"datePublished\":\"2018-10-03T04:52:34+00:00\",\"dateModified\":\"2024-12-10T10:40:40+00:00\",\"breadcrumb\":{\"@id\":\"https:\\\/\\\/mmkriepas.lv\\\/en\\\/p\\\/25555r19-dunl-wintsp5suv-riepa-111v-xl\\\/#breadcrumb\"},\"inLanguage\":\"en-US\",\"potentialAction\":[{\"@type\":\"ReadAction\",\"target\":[\"https:\\\/\\\/mmkriepas.lv\\\/en\\\/p\\\/25555r19-dunl-wintsp5suv-riepa-111v-xl\\\/\"]}]},{\"@type\":\"ImageObject\",\"inLanguage\":\"en-US\",\"@id\":\"https:\\\/\\\/mmkriepas.lv\\\/en\\\/p\\\/25555r19-dunl-wintsp5suv-riepa-111v-xl\\\/#primaryimage\",\"url\":\"https:\\\/\\\/mmkriepas.lv\\\/wp-content\\\/uploads\\\/2024\\\/12\\\/DUNLOP-WINTER-SPORT-5.jpg\",\"contentUrl\":\"https:\\\/\\\/mmkriepas.lv\\\/wp-content\\\/uploads\\\/2024\\\/12\\\/DUNLOP-WINTER-SPORT-5.jpg\",\"width\":900,\"height\":720,\"caption\":\"MAIN\"},{\"@type\":\"BreadcrumbList\",\"@id\":\"https:\\\/\\\/mmkriepas.lv\\\/en\\\/p\\\/25555r19-dunl-wintsp5suv-riepa-111v-xl\\\/#breadcrumb\",\"itemListElement\":[{\"@type\":\"ListItem\",\"position\":1,\"name\":\"S\u0101kums\",\"item\":\"https:\\\/\\\/mmkriepas.lv\\\/en\\\/\"},{\"@type\":\"ListItem\",\"position\":2,\"name\":\"255\\\/55R19 Dunlop Winter Sport 5 SUV 111V XL\"}]},{\"@type\":\"WebSite\",\"@id\":\"https:\\\/\\\/mmkriepas.lv\\\/en\\\/#website\",\"url\":\"https:\\\/\\\/mmkriepas.lv\\\/en\\\/\",\"name\":\"MMK Riepas\",\"description\":\"MMK Riepas\",\"alternateName\":\"MMK Riepu Serviss\",\"potentialAction\":[{\"@type\":\"SearchAction\",\"target\":{\"@type\":\"EntryPoint\",\"urlTemplate\":\"https:\\\/\\\/mmkriepas.lv\\\/en\\\/?s={search_term_string}\"},\"query-input\":{\"@type\":\"PropertyValueSpecification\",\"valueRequired\":true,\"valueName\":\"search_term_string\"}}],\"inLanguage\":\"en-US\"},{\"@type\":\"ImageObject\",\"inLanguage\":\"en-US\",\"@id\":\"https:\\\/\\\/mmkriepas.lv\\\/en\\\/p\\\/25555r19-dunl-wintsp5suv-riepa-111v-xl\\\/#local-main-organization-logo\",\"url\":\"\",\"contentUrl\":\"\",\"caption\":\"MMK Riepas\"}]}<\/script>\n<meta property=\"product:brand\" content=\"Dunlop Winter Sport 5\" \/>\n<meta property=\"product:price:amount\" content=\"238.00\" \/>\n<meta property=\"product:price:currency\" content=\"EUR\" \/>\n<meta property=\"og:availability\" content=\"instock\" \/>\n<meta property=\"product:availability\" content=\"instock\" \/>\n<meta property=\"product:condition\" content=\"new\" \/>\n<!-- \/ Yoast SEO Premium plugin. -->","yoast_head_json":{"title":"255\/55R19 Dunlop Winter Sport 5 SUV 111V XL &#8226; MMK Riepas","robots":{"index":"index","follow":"follow","max-snippet":"max-snippet:-1","max-image-preview":"max-image-preview:large","max-video-preview":"max-video-preview:-1"},"canonical":"https:\/\/mmkriepas.lv\/en\/p\/25555r19-dunl-wintsp5suv-riepa-111v-xl\/","og_locale":"en_US","og_type":"article","og_title":"255\/55R19 Dunlop Winter Sport 5 SUV 111V XL","og_description":"Dunlop Winter Sport 5 ir augstas kvalit\u0101tes, premium klases vissezonas riepu modelis. Tas izce\u013cas ar palielin\u0101tiem veiktsp\u0113jas un degvielas ekonomijas r\u0101d\u012bt\u0101jiem pla\u0161\u0101 brauk\u0161anas apst\u0101k\u013cu spektr\u0101. Modelis pieejams pla\u0161\u0101 izm\u0113ru spektr\u0101 no R15, l\u012bdz R19 un s\u0101kotn\u0113ji paredz\u0113ts Centr\u0101leiropas klimatiskajiem apst\u0101k\u013ciem.","og_url":"https:\/\/mmkriepas.lv\/en\/p\/25555r19-dunl-wintsp5suv-riepa-111v-xl\/","og_site_name":"MMK Riepas","article_publisher":"https:\/\/www.facebook.com\/mmkserviss\/","article_modified_time":"2024-12-10T10:40:40+00:00","og_image":[{"width":900,"height":720,"url":"https:\/\/mmkriepas.lv\/wp-content\/uploads\/2024\/12\/DUNLOP-WINTER-SPORT-5.jpg","type":"image\/jpeg"}],"twitter_card":"summary_large_image","twitter_misc":{"Price":"&euro;238.00","Availability":"In stock"},"schema":{"@context":"https:\/\/schema.org","@graph":[{"@type":"WebPage","@id":"https:\/\/mmkriepas.lv\/en\/p\/25555r19-dunl-wintsp5suv-riepa-111v-xl\/","url":"https:\/\/mmkriepas.lv\/en\/p\/25555r19-dunl-wintsp5suv-riepa-111v-xl\/","name":"255\/55R19 Dunlop Winter Sport 5 SUV 111V XL &#8226; MMK Riepas","isPartOf":{"@id":"https:\/\/mmkriepas.lv\/en\/#website"},"primaryImageOfPage":{"@id":"https:\/\/mmkriepas.lv\/en\/p\/25555r19-dunl-wintsp5suv-riepa-111v-xl\/#primaryimage"},"image":{"@id":"https:\/\/mmkriepas.lv\/en\/p\/25555r19-dunl-wintsp5suv-riepa-111v-xl\/#primaryimage"},"thumbnailUrl":"https:\/\/mmkriepas.lv\/wp-content\/uploads\/2024\/12\/DUNLOP-WINTER-SPORT-5.jpg","datePublished":"2018-10-03T04:52:34+00:00","dateModified":"2024-12-10T10:40:40+00:00","breadcrumb":{"@id":"https:\/\/mmkriepas.lv\/en\/p\/25555r19-dunl-wintsp5suv-riepa-111v-xl\/#breadcrumb"},"inLanguage":"en-US","potentialAction":[{"@type":"ReadAction","target":["https:\/\/mmkriepas.lv\/en\/p\/25555r19-dunl-wintsp5suv-riepa-111v-xl\/"]}]},{"@type":"ImageObject","inLanguage":"en-US","@id":"https:\/\/mmkriepas.lv\/en\/p\/25555r19-dunl-wintsp5suv-riepa-111v-xl\/#primaryimage","url":"https:\/\/mmkriepas.lv\/wp-content\/uploads\/2024\/12\/DUNLOP-WINTER-SPORT-5.jpg","contentUrl":"https:\/\/mmkriepas.lv\/wp-content\/uploads\/2024\/12\/DUNLOP-WINTER-SPORT-5.jpg","width":900,"height":720,"caption":"MAIN"},{"@type":"BreadcrumbList","@id":"https:\/\/mmkriepas.lv\/en\/p\/25555r19-dunl-wintsp5suv-riepa-111v-xl\/#breadcrumb","itemListElement":[{"@type":"ListItem","position":1,"name":"S\u0101kums","item":"https:\/\/mmkriepas.lv\/en\/"},{"@type":"ListItem","position":2,"name":"255\/55R19 Dunlop Winter Sport 5 SUV 111V XL"}]},{"@type":"WebSite","@id":"https:\/\/mmkriepas.lv\/en\/#website","url":"https:\/\/mmkriepas.lv\/en\/","name":"MMK Riepas","description":"MMK Riepas","alternateName":"MMK Riepu Serviss","potentialAction":[{"@type":"SearchAction","target":{"@type":"EntryPoint","urlTemplate":"https:\/\/mmkriepas.lv\/en\/?s={search_term_string}"},"query-input":{"@type":"PropertyValueSpecification","valueRequired":true,"valueName":"search_term_string"}}],"inLanguage":"en-US"},{"@type":"ImageObject","inLanguage":"en-US","@id":"https:\/\/mmkriepas.lv\/en\/p\/25555r19-dunl-wintsp5suv-riepa-111v-xl\/#local-main-organization-logo","url":"","contentUrl":"","caption":"MMK Riepas"}]},"product_brand":"Dunlop Winter Sport 5","product_price_amount":"238.00","product_price_currency":"EUR","og_availability":"instock","product_availability":"instock","product_condition":"new"},"_links":{"self":[{"href":"https:\/\/mmkriepas.lv\/en\/wp-json\/wp\/v2\/product\/76717","targetHints":{"allow":["GET"]}}],"collection":[{"href":"https:\/\/mmkriepas.lv\/en\/wp-json\/wp\/v2\/product"}],"about":[{"href":"https:\/\/mmkriepas.lv\/en\/wp-json\/wp\/v2\/types\/product"}],"wp:featuredmedia":[{"embeddable":true,"href":"https:\/\/mmkriepas.lv\/en\/wp-json\/wp\/v2\/media\/1143179"}],"wp:attachment":[{"href":"https:\/\/mmkriepas.lv\/en\/wp-json\/wp\/v2\/media?parent=76717"}],"wp:term":[{"taxonomy":"product_brand","embeddable":true,"href":"https:\/\/mmkriepas.lv\/en\/wp-json\/wp\/v2\/product_brand?post=76717"},{"taxonomy":"product_cat","embeddable":true,"href":"https:\/\/mmkriepas.lv\/en\/wp-json\/wp\/v2\/product_cat?post=76717"},{"taxonomy":"product_tag","embeddable":true,"href":"https:\/\/mmkriepas.lv\/en\/wp-json\/wp\/v2\/product_tag?post=76717"}],"curies":[{"name":"wp","href":"https:\/\/api.w.org\/{rel}","templated":true}]}}