{"id":766817,"date":"2023-07-26T14:38:32","date_gmt":"2023-07-26T11:38:32","guid":{"rendered":"https:\/\/mmkserviss.lv\/?post_type=product&#038;p=766817"},"modified":"2026-03-27T13:11:05","modified_gmt":"2026-03-27T11:11:05","slug":"215-60r16-michelin-x-ice-north-4-99t-xl-ar-radzem-3","status":"publish","type":"product","link":"https:\/\/mmkriepas.lv\/en\/p\/215-60r16-michelin-x-ice-north-4-99t-xl-ar-radzem-3\/","title":{"rendered":"215\/60R16 Michelin X-Ice North 4 99T XL ar radz\u0113m"},"content":{"rendered":"<p><span style=\"font-family: Times New Roman, serif;\"><span style=\"font-size: medium;\"><span style=\"font-family: Arial, serif;\"><b>Michelin X-Ice North 4 <\/b><\/span><span style=\"font-family: Arial, serif;\">ir viens no lab\u0101kajiem rad\u017eu riepu mode\u013ciem pasaul\u0113. Tas pieejams pla\u0161\u0101 izm\u0113ru kl\u0101st\u0101 un nodro\u0161ina neticami labu sa\u0137eri ar sniegu un ledu. Jaun\u0101k\u0101s Michelin tehnolo\u0123ijas un milz\u012bgs rad\u017eu skaits padara \u0161\u012bs par dro\u0161\u0101ko izv\u0113li skarbas ziemas apst\u0101k\u013cos.<\/span><\/span><\/span><\/p>\n<p><span style=\"font-family: Times New Roman, serif;\"><span style=\"font-size: medium;\"><span style=\"color: #c9211e;\"><span style=\"font-family: Arial, serif;\"><span>Mode\u013ca lieto\u0161anas dro\u0161\u012bbu ziemas laika apst\u0101k\u013cos un t\u0101 atbilst\u012bbu valst\u012bm ar oblig\u0101tu sezon\u0101lo riepu mai\u0146u apstiprina mar\u0137\u0113jums sniegp\u0101rslas form\u0101 uz kalna fona ar trim virsotn\u0113m (3PMSF).<\/span><\/span><\/span><\/span><\/span><\/p>\n<h3 class=\"western\"><span style=\"font-family: Arial, serif;\">X-Ice North 4 galven\u0101s iez\u012bmes:<\/span><\/h3>\n<p><span style=\"font-family: Times New Roman, serif;\"><span style=\"font-size: medium;\"><span style=\"font-family: Arial, serif;\">+ Viens no TOP3 lab\u0101kajiem rad\u017eu riepu mode\u013ciem pasaul\u0113, <\/span><\/span><\/span><\/p>\n<p><span style=\"font-family: Times New Roman, serif;\"><span style=\"font-size: medium;\"><span style=\"font-family: Arial, serif;\">+ Augst\u0101kais dro\u0161\u012bbas l\u012bmenis snieg\u0101 un uz ledus, <\/span><\/span><\/span><\/p>\n<p><span style=\"font-family: Times New Roman, serif;\"><span style=\"font-size: medium;\"><span style=\"font-family: Arial, serif;\">+ Vair\u0101k k\u0101 250 jauna, pilnveidota dizaina rad\u017eu uz riepu, <\/span><\/span><\/span><\/p>\n<p><span style=\"font-family: Times New Roman, serif;\"><span style=\"font-size: medium;\"><span style=\"font-family: Arial, serif;\">+ Jauns, uzlabots protektora dizains \u012bpa\u0161i labai veiktsp\u0113jai pat dzi\u013c\u0101 snieg\u0101, <\/span><\/span><\/span><\/p>\n<p><span style=\"font-family: Times New Roman, serif;\"><span style=\"font-size: medium;\"><span style=\"font-family: Arial, serif;\">+ Jaun\u0101k\u0101s Michelin tehnolo\u0123ijas, <\/span><\/span><\/span><\/p>\n<p><span style=\"font-family: Times New Roman, serif;\"><span style=\"font-size: medium;\"><span style=\"font-family: Arial, serif;\">+ Michelin ir liel\u0101kais riepu ra\u017eot\u0101js pasaul\u0113, <\/span><\/span><\/span><\/p>\n<p><span style=\"font-family: Times New Roman, serif;\"><span style=\"font-size: medium;\"><span style=\"font-family: Arial, serif;\">+ Neskait\u0101mi tituli un apbalvojumi, apliecinot riepu kvalit\u0101ti pat skarb\u0101kajos ziemas apst\u0101k\u013cos, <\/span><\/span><\/span><\/p>\n<p><span style=\"font-family: Times New Roman, serif;\"><span style=\"font-size: medium;\"><span style=\"font-family: Arial, serif;\">+ Palielin\u0101ts dren\u0101\u017eas jeb \u016bdens novadkan\u0101lu skaits lab\u0101kai veiktsp\u0113jai slapjdra\u0146\u0137\u012b.<\/span><\/span><\/span><\/p>\n<h3 class=\"western\"><span style=\"font-family: Arial, serif;\">X-Ice North 4 apr\u012bkojums<\/span><\/h3>\n<p><span style=\"font-family: Times New Roman, serif;\"><span style=\"font-size: medium;\"><span style=\"font-family: Arial, serif;\"><b>Michelin X-Ice North 4 <\/b><\/span><span style=\"font-family: Arial, serif;\">ir apr\u012bkots ar pilveidotu virzienveida protektora dizainu, kur\u0101 iestr\u0101d\u0101tas, atkar\u012bb\u0101 no izm\u0113ra, ne maz\u0101k k\u0101 250 jauna dizaina radzes uz riepu.\u00a0 <\/span><span style=\"font-family: Arial, serif;\"><i>Sal\u012bdzin\u0101jumam, standarta ziemas riepai ar radz\u0113m parasti ir aptuveni 100 radzes uz riepu.<\/i><\/span><span style=\"font-family: Arial, serif;\"> Izstr\u0101d\u0101jot \u0161o riepu modeli, Michelin in\u017eenieri piestr\u0101d\u0101ju\u0161i pie katra, pat s\u012bk\u0101k\u0101 elementa, s\u0101kot no rad\u017eu formas un materi\u0101la, l\u012bdz pat to izvietojumam lab\u0101kai savstarp\u0113jai mijiedarb\u012bbai. Rad\u017eu forma izv\u0113l\u0113ta, iedvesmojoties no ziemas rallija auto rad\u017eu formas, nodro\u0161inot teicamu sa\u0137eri ar apledoju\u0161u ce\u013cu pat lielos brauk\u0161anas \u0101trumos. Rad\u017eu pamatn\u0113 atrodami nelieli amortiz\u0101cijas spilventi\u0146i, kas samazina trok\u0161\u0146a l\u012bmeni. Uzlabots ar\u012b riepu gumijas sast\u0101vs. Tas padar\u012bts v\u0113l elast\u012bg\u0101ks un nodilumiztur\u012bg\u0101ks, pateicoties veselai virknei jaun\u0101ko \u0137\u012bmisko savienojumu. Mas\u012bvajos, simetriski izvietotajos protektora blokos iestr\u0101d\u0101tas ar\u012b 3D lameles, kuras, tand\u0113m\u0101 ar radz\u0113m, veido sa\u0137eri ar ledu, k\u0101 ar\u012b pal\u012bdz izvad\u012bt \u016bdeni no riepu kontakta virsmas ar ce\u013cu. Izstr\u0101d\u0101ts ar\u012b jauns dren\u0101\u017eas kan\u0101lu sist\u0113mas dizains, kas sp\u0113l\u0113 b\u016btisku lomu c\u012b\u0146\u0101 ar slapjdra\u0146\u0137i vai \u016bdeni.<\/span><\/span><\/span><\/p>\n","protected":false},"excerpt":{"rendered":"<p><span style=\"font-family: Times New Roman, serif;\"><span style=\"font-size: medium;\"><span style=\"font-family: Arial, serif;\"><b>Michelin X-Ice North 4 <\/b><\/span><span style=\"font-family: Arial, serif;\">ir viens no lab\u0101kajiem rad\u017eu riepu mode\u013ciem pasaul\u0113. Tas pieejams pla\u0161\u0101 izm\u0113ru kl\u0101st\u0101 un nodro\u0161ina neticami labu sa\u0137eri ar sniegu un ledu. Jaun\u0101k\u0101s Michelin tehnolo\u0123ijas un milz\u012bgs rad\u017eu skaits padara \u0161\u012bs par dro\u0161\u0101ko izv\u0113li skarbas ziemas apst\u0101k\u013cos.<\/span><\/span><\/span><\/p>\n<p><span style=\"font-family: Times New Roman, serif;\"><span style=\"font-size: medium;\"><span style=\"color: #c9211e;\"><span style=\"font-family: Arial, serif;\"><span>Mode\u013ca lieto\u0161anas dro\u0161\u012bbu ziemas laika apst\u0101k\u013cos un t\u0101 atbilst\u012bbu valst\u012bm ar oblig\u0101tu sezon\u0101lo riepu mai\u0146u apstiprina mar\u0137\u0113jums sniegp\u0101rslas form\u0101 uz kalna fona ar trim virsotn\u0113m (3PMSF).<\/span><\/span><\/span><\/span><\/span><\/p>\n","protected":false},"featured_media":823607,"template":"","meta":{"_acf_changed":false,"ngg_post_thumbnail":0},"product_brand":[],"product_cat":[45,48],"product_tag":[],"class_list":{"0":"post-766817","1":"product","2":"type-product","3":"status-publish","4":"has-post-thumbnail","6":"product_cat-ziemas-riepas","7":"product_cat-ziemas-ar-radzem","9":"first","10":"instock","11":"sale","12":"taxable","13":"shipping-taxable","14":"purchasable","15":"product-type-simple"},"acf":[],"yoast_head":"<!-- This site is optimized with the Yoast SEO Premium plugin v22.6 (Yoast SEO v27.3) - https:\/\/yoast.com\/product\/yoast-seo-premium-wordpress\/ -->\n<title>215\/60R16 Michelin X-Ice North 4 99T XL ar radz\u0113m &#8226; MMK Riepas<\/title>\n<meta name=\"robots\" content=\"index, follow, max-snippet:-1, max-image-preview:large, max-video-preview:-1\" \/>\n<link rel=\"canonical\" href=\"https:\/\/mmkriepas.lv\/en\/p\/215-60r16-michelin-x-ice-north-4-99t-xl-ar-radzem-3\/\" \/>\n<meta property=\"og:locale\" content=\"en_US\" \/>\n<meta property=\"og:type\" content=\"article\" \/>\n<meta property=\"og:title\" content=\"215\/60R16 Michelin X-Ice North 4 99T XL ar radz\u0113m\" \/>\n<meta property=\"og:description\" content=\"Michelin X-Ice North 4 ir viens no lab\u0101kajiem rad\u017eu riepu mode\u013ciem pasaul\u0113. Tas pieejams pla\u0161\u0101 izm\u0113ru kl\u0101st\u0101 un nodro\u0161ina neticami labu sa\u0137eri ar sniegu un ledu. Jaun\u0101k\u0101s Michelin tehnolo\u0123ijas un milz\u012bgs rad\u017eu skaits padara \u0161\u012bs par dro\u0161\u0101ko izv\u0113li skarbas ziemas apst\u0101k\u013cos.Mode\u013ca lieto\u0161anas dro\u0161\u012bbu ziemas laika apst\u0101k\u013cos un t\u0101 atbilst\u012bbu valst\u012bm ar oblig\u0101tu sezon\u0101lo riepu mai\u0146u apstiprina mar\u0137\u0113jums sniegp\u0101rslas form\u0101 uz kalna fona ar trim virsotn\u0113m (3PMSF).\" \/>\n<meta property=\"og:url\" content=\"https:\/\/mmkriepas.lv\/en\/p\/215-60r16-michelin-x-ice-north-4-99t-xl-ar-radzem-3\/\" \/>\n<meta property=\"og:site_name\" content=\"MMK Riepas\" \/>\n<meta property=\"article:publisher\" content=\"https:\/\/www.facebook.com\/mmkserviss\/\" \/>\n<meta property=\"article:modified_time\" content=\"2026-03-27T11:11:05+00:00\" \/>\n<meta property=\"og:image\" content=\"https:\/\/mmkriepas.lv\/wp-content\/uploads\/2023\/11\/21570r16-michelin-x-ice-north-4-suv-100t-ar-radzem-ziemas-riepas-ziemas-ar-radzem-riepas.jpg\" \/>\n\t<meta property=\"og:image:width\" content=\"1920\" \/>\n\t<meta property=\"og:image:height\" content=\"1920\" \/>\n\t<meta property=\"og:image:type\" content=\"image\/jpeg\" \/>\n<meta name=\"twitter:card\" content=\"summary_large_image\" \/>\n<meta name=\"twitter:label1\" content=\"Price\" \/>\n\t<meta name=\"twitter:data1\" content=\"&euro;173.00\" \/>\n\t<meta name=\"twitter:label2\" content=\"Availability\" \/>\n\t<meta name=\"twitter:data2\" content=\"In stock\" \/>\n<script type=\"application\/ld+json\" class=\"yoast-schema-graph\">{\"@context\":\"https:\\\/\\\/schema.org\",\"@graph\":[{\"@type\":\"WebPage\",\"@id\":\"https:\\\/\\\/mmkriepas.lv\\\/en\\\/p\\\/215-60r16-michelin-x-ice-north-4-99t-xl-ar-radzem-3\\\/\",\"url\":\"https:\\\/\\\/mmkriepas.lv\\\/en\\\/p\\\/215-60r16-michelin-x-ice-north-4-99t-xl-ar-radzem-3\\\/\",\"name\":\"215\\\/60R16 Michelin X-Ice North 4 99T XL ar radz\u0113m &#8226; MMK Riepas\",\"isPartOf\":{\"@id\":\"https:\\\/\\\/mmkriepas.lv\\\/en\\\/#website\"},\"primaryImageOfPage\":{\"@id\":\"https:\\\/\\\/mmkriepas.lv\\\/en\\\/p\\\/215-60r16-michelin-x-ice-north-4-99t-xl-ar-radzem-3\\\/#primaryimage\"},\"image\":{\"@id\":\"https:\\\/\\\/mmkriepas.lv\\\/en\\\/p\\\/215-60r16-michelin-x-ice-north-4-99t-xl-ar-radzem-3\\\/#primaryimage\"},\"thumbnailUrl\":\"https:\\\/\\\/mmkriepas.lv\\\/wp-content\\\/uploads\\\/2023\\\/11\\\/21570r16-michelin-x-ice-north-4-suv-100t-ar-radzem-ziemas-riepas-ziemas-ar-radzem-riepas.jpg\",\"datePublished\":\"2023-07-26T11:38:32+00:00\",\"dateModified\":\"2026-03-27T11:11:05+00:00\",\"breadcrumb\":{\"@id\":\"https:\\\/\\\/mmkriepas.lv\\\/en\\\/p\\\/215-60r16-michelin-x-ice-north-4-99t-xl-ar-radzem-3\\\/#breadcrumb\"},\"inLanguage\":\"en-US\",\"potentialAction\":[{\"@type\":\"ReadAction\",\"target\":[\"https:\\\/\\\/mmkriepas.lv\\\/en\\\/p\\\/215-60r16-michelin-x-ice-north-4-99t-xl-ar-radzem-3\\\/\"]}]},{\"@type\":\"ImageObject\",\"inLanguage\":\"en-US\",\"@id\":\"https:\\\/\\\/mmkriepas.lv\\\/en\\\/p\\\/215-60r16-michelin-x-ice-north-4-99t-xl-ar-radzem-3\\\/#primaryimage\",\"url\":\"https:\\\/\\\/mmkriepas.lv\\\/wp-content\\\/uploads\\\/2023\\\/11\\\/21570r16-michelin-x-ice-north-4-suv-100t-ar-radzem-ziemas-riepas-ziemas-ar-radzem-riepas.jpg\",\"contentUrl\":\"https:\\\/\\\/mmkriepas.lv\\\/wp-content\\\/uploads\\\/2023\\\/11\\\/21570r16-michelin-x-ice-north-4-suv-100t-ar-radzem-ziemas-riepas-ziemas-ar-radzem-riepas.jpg\",\"width\":1920,\"height\":1920,\"caption\":\"MAIN\"},{\"@type\":\"BreadcrumbList\",\"@id\":\"https:\\\/\\\/mmkriepas.lv\\\/en\\\/p\\\/215-60r16-michelin-x-ice-north-4-99t-xl-ar-radzem-3\\\/#breadcrumb\",\"itemListElement\":[{\"@type\":\"ListItem\",\"position\":1,\"name\":\"S\u0101kums\",\"item\":\"https:\\\/\\\/mmkriepas.lv\\\/en\\\/\"},{\"@type\":\"ListItem\",\"position\":2,\"name\":\"215\\\/60R16 Michelin X-Ice North 4 99T XL ar radz\u0113m\"}]},{\"@type\":\"WebSite\",\"@id\":\"https:\\\/\\\/mmkriepas.lv\\\/en\\\/#website\",\"url\":\"https:\\\/\\\/mmkriepas.lv\\\/en\\\/\",\"name\":\"MMK Riepas\",\"description\":\"MMK Riepas\",\"alternateName\":\"MMK Riepu Serviss\",\"potentialAction\":[{\"@type\":\"SearchAction\",\"target\":{\"@type\":\"EntryPoint\",\"urlTemplate\":\"https:\\\/\\\/mmkriepas.lv\\\/en\\\/?s={search_term_string}\"},\"query-input\":{\"@type\":\"PropertyValueSpecification\",\"valueRequired\":true,\"valueName\":\"search_term_string\"}}],\"inLanguage\":\"en-US\"},{\"@type\":\"ImageObject\",\"inLanguage\":\"en-US\",\"@id\":\"https:\\\/\\\/mmkriepas.lv\\\/en\\\/p\\\/215-60r16-michelin-x-ice-north-4-99t-xl-ar-radzem-3\\\/#local-main-organization-logo\",\"url\":\"\",\"contentUrl\":\"\",\"caption\":\"MMK Riepas\"}]}<\/script>\n<meta property=\"product:brand\" content=\"Michelin X-Ice North 4\" \/>\n<meta property=\"product:price:amount\" content=\"173.00\" \/>\n<meta property=\"product:price:currency\" content=\"EUR\" \/>\n<meta property=\"og:availability\" content=\"instock\" \/>\n<meta property=\"product:availability\" content=\"instock\" \/>\n<meta property=\"product:retailer_item_id\" content=\"TR2156016MICHE-L27976\" \/>\n<meta property=\"product:condition\" content=\"new\" \/>\n<!-- \/ Yoast SEO Premium plugin. -->","yoast_head_json":{"title":"215\/60R16 Michelin X-Ice North 4 99T XL ar radz\u0113m &#8226; MMK Riepas","robots":{"index":"index","follow":"follow","max-snippet":"max-snippet:-1","max-image-preview":"max-image-preview:large","max-video-preview":"max-video-preview:-1"},"canonical":"https:\/\/mmkriepas.lv\/en\/p\/215-60r16-michelin-x-ice-north-4-99t-xl-ar-radzem-3\/","og_locale":"en_US","og_type":"article","og_title":"215\/60R16 Michelin X-Ice North 4 99T XL ar radz\u0113m","og_description":"Michelin X-Ice North 4 ir viens no lab\u0101kajiem rad\u017eu riepu mode\u013ciem pasaul\u0113. Tas pieejams pla\u0161\u0101 izm\u0113ru kl\u0101st\u0101 un nodro\u0161ina neticami labu sa\u0137eri ar sniegu un ledu. Jaun\u0101k\u0101s Michelin tehnolo\u0123ijas un milz\u012bgs rad\u017eu skaits padara \u0161\u012bs par dro\u0161\u0101ko izv\u0113li skarbas ziemas apst\u0101k\u013cos.Mode\u013ca lieto\u0161anas dro\u0161\u012bbu ziemas laika apst\u0101k\u013cos un t\u0101 atbilst\u012bbu valst\u012bm ar oblig\u0101tu sezon\u0101lo riepu mai\u0146u apstiprina mar\u0137\u0113jums sniegp\u0101rslas form\u0101 uz kalna fona ar trim virsotn\u0113m (3PMSF).","og_url":"https:\/\/mmkriepas.lv\/en\/p\/215-60r16-michelin-x-ice-north-4-99t-xl-ar-radzem-3\/","og_site_name":"MMK Riepas","article_publisher":"https:\/\/www.facebook.com\/mmkserviss\/","article_modified_time":"2026-03-27T11:11:05+00:00","og_image":[{"width":1920,"height":1920,"url":"https:\/\/mmkriepas.lv\/wp-content\/uploads\/2023\/11\/21570r16-michelin-x-ice-north-4-suv-100t-ar-radzem-ziemas-riepas-ziemas-ar-radzem-riepas.jpg","type":"image\/jpeg"}],"twitter_card":"summary_large_image","twitter_misc":{"Price":"&euro;173.00","Availability":"In stock"},"schema":{"@context":"https:\/\/schema.org","@graph":[{"@type":"WebPage","@id":"https:\/\/mmkriepas.lv\/en\/p\/215-60r16-michelin-x-ice-north-4-99t-xl-ar-radzem-3\/","url":"https:\/\/mmkriepas.lv\/en\/p\/215-60r16-michelin-x-ice-north-4-99t-xl-ar-radzem-3\/","name":"215\/60R16 Michelin X-Ice North 4 99T XL ar radz\u0113m &#8226; MMK Riepas","isPartOf":{"@id":"https:\/\/mmkriepas.lv\/en\/#website"},"primaryImageOfPage":{"@id":"https:\/\/mmkriepas.lv\/en\/p\/215-60r16-michelin-x-ice-north-4-99t-xl-ar-radzem-3\/#primaryimage"},"image":{"@id":"https:\/\/mmkriepas.lv\/en\/p\/215-60r16-michelin-x-ice-north-4-99t-xl-ar-radzem-3\/#primaryimage"},"thumbnailUrl":"https:\/\/mmkriepas.lv\/wp-content\/uploads\/2023\/11\/21570r16-michelin-x-ice-north-4-suv-100t-ar-radzem-ziemas-riepas-ziemas-ar-radzem-riepas.jpg","datePublished":"2023-07-26T11:38:32+00:00","dateModified":"2026-03-27T11:11:05+00:00","breadcrumb":{"@id":"https:\/\/mmkriepas.lv\/en\/p\/215-60r16-michelin-x-ice-north-4-99t-xl-ar-radzem-3\/#breadcrumb"},"inLanguage":"en-US","potentialAction":[{"@type":"ReadAction","target":["https:\/\/mmkriepas.lv\/en\/p\/215-60r16-michelin-x-ice-north-4-99t-xl-ar-radzem-3\/"]}]},{"@type":"ImageObject","inLanguage":"en-US","@id":"https:\/\/mmkriepas.lv\/en\/p\/215-60r16-michelin-x-ice-north-4-99t-xl-ar-radzem-3\/#primaryimage","url":"https:\/\/mmkriepas.lv\/wp-content\/uploads\/2023\/11\/21570r16-michelin-x-ice-north-4-suv-100t-ar-radzem-ziemas-riepas-ziemas-ar-radzem-riepas.jpg","contentUrl":"https:\/\/mmkriepas.lv\/wp-content\/uploads\/2023\/11\/21570r16-michelin-x-ice-north-4-suv-100t-ar-radzem-ziemas-riepas-ziemas-ar-radzem-riepas.jpg","width":1920,"height":1920,"caption":"MAIN"},{"@type":"BreadcrumbList","@id":"https:\/\/mmkriepas.lv\/en\/p\/215-60r16-michelin-x-ice-north-4-99t-xl-ar-radzem-3\/#breadcrumb","itemListElement":[{"@type":"ListItem","position":1,"name":"S\u0101kums","item":"https:\/\/mmkriepas.lv\/en\/"},{"@type":"ListItem","position":2,"name":"215\/60R16 Michelin X-Ice North 4 99T XL ar radz\u0113m"}]},{"@type":"WebSite","@id":"https:\/\/mmkriepas.lv\/en\/#website","url":"https:\/\/mmkriepas.lv\/en\/","name":"MMK Riepas","description":"MMK Riepas","alternateName":"MMK Riepu Serviss","potentialAction":[{"@type":"SearchAction","target":{"@type":"EntryPoint","urlTemplate":"https:\/\/mmkriepas.lv\/en\/?s={search_term_string}"},"query-input":{"@type":"PropertyValueSpecification","valueRequired":true,"valueName":"search_term_string"}}],"inLanguage":"en-US"},{"@type":"ImageObject","inLanguage":"en-US","@id":"https:\/\/mmkriepas.lv\/en\/p\/215-60r16-michelin-x-ice-north-4-99t-xl-ar-radzem-3\/#local-main-organization-logo","url":"","contentUrl":"","caption":"MMK Riepas"}]},"product_brand":"Michelin X-Ice North 4","product_price_amount":"173.00","product_price_currency":"EUR","og_availability":"instock","product_availability":"instock","product_retailer_item_id":"TR2156016MICHE-L27976","product_condition":"new"},"_links":{"self":[{"href":"https:\/\/mmkriepas.lv\/en\/wp-json\/wp\/v2\/product\/766817","targetHints":{"allow":["GET"]}}],"collection":[{"href":"https:\/\/mmkriepas.lv\/en\/wp-json\/wp\/v2\/product"}],"about":[{"href":"https:\/\/mmkriepas.lv\/en\/wp-json\/wp\/v2\/types\/product"}],"wp:featuredmedia":[{"embeddable":true,"href":"https:\/\/mmkriepas.lv\/en\/wp-json\/wp\/v2\/media\/823607"}],"wp:attachment":[{"href":"https:\/\/mmkriepas.lv\/en\/wp-json\/wp\/v2\/media?parent=766817"}],"wp:term":[{"taxonomy":"product_brand","embeddable":true,"href":"https:\/\/mmkriepas.lv\/en\/wp-json\/wp\/v2\/product_brand?post=766817"},{"taxonomy":"product_cat","embeddable":true,"href":"https:\/\/mmkriepas.lv\/en\/wp-json\/wp\/v2\/product_cat?post=766817"},{"taxonomy":"product_tag","embeddable":true,"href":"https:\/\/mmkriepas.lv\/en\/wp-json\/wp\/v2\/product_tag?post=766817"}],"curies":[{"name":"wp","href":"https:\/\/api.w.org\/{rel}","templated":true}]}}