{"id":766608,"date":"2023-07-24T12:14:42","date_gmt":"2023-07-24T09:14:42","guid":{"rendered":"https:\/\/mmkserviss.lv\/?post_type=product&#038;p=766608"},"modified":"2026-03-27T13:33:02","modified_gmt":"2026-03-27T11:33:02","slug":"175-65r15-gtradial-icepro-3-evo-84t-ar-radzem","status":"publish","type":"product","link":"https:\/\/mmkriepas.lv\/en\/p\/175-65r15-gtradial-icepro-3-evo-84t-ar-radzem\/","title":{"rendered":"175\/65R15 GT Radial IcePro3 EVO 84T RP ar radz\u0113m"},"content":{"rendered":"<p align=\"left\"><span style=\"color: #c9211e;\"><span style=\"font-family: Arial, sans-serif;\"><span style=\"font-size: large;\"><strong><span style=\"color: #000000;\"><span style=\"font-size: small;\">GT Radial IcePro3\u00a0<\/span><\/span><\/strong><span style=\"color: #000000;\"><span style=\"font-size: small;\">ir labas kvalit\u0101tes, bud\u017eeta klases <\/span><\/span><strong><span style=\"color: #000000;\"><span style=\"font-size: small;\">rad\u017eojamais<\/span><\/span><\/strong><span style=\"color: #000000;\"><span style=\"font-size: small;\"> ziemas riepu modelis. Tas izce\u013cas ar labiem sa\u0137eres un manevr\u0113tsp\u0113jas r\u0101d\u012bt\u0101jiem pat skarbos ziemas brauk\u0161anas apst\u0101k\u013cos. Turkl\u0101t, protektora blokos iesp\u0113jams iestr\u0101d\u0101t radzes, uzlabojot sa\u0137eri uz ledus, k\u0101 ar\u012b paildzinot riepu m\u016b\u017eu.<\/span><\/span><\/span><\/span><\/span><\/p>\n<h3 class=\"western\" align=\"left\"><strong><span style=\"color: #000000;\"><span style=\"font-family: Arial, sans-serif;\"><span style=\"font-size: medium;\">GT Radial IcePro3 galven\u0101s iez\u012bmes<\/span><\/span><\/span><\/strong><\/h3>\n<p align=\"left\"><span style=\"color: #000000;\"><span style=\"font-family: Arial, sans-serif;\"><span style=\"font-size: small;\">+ Laba sa\u0137ere un manevr\u0113tsp\u0113ja gan uz asfalta, gan snieg\u0101.<\/span><\/span><\/span><\/p>\n<p align=\"left\"><span style=\"color: #000000;\"><span style=\"font-family: Arial, sans-serif;\"><span style=\"font-size: small;\">+ \u012apa\u0161i agres\u012bvs protektora raksts.<\/span><\/span><\/span><\/p>\n<p align=\"left\"><span style=\"color: #000000;\"><span style=\"font-family: Arial, sans-serif;\"><span style=\"font-size: small;\">+ Protektora blokos iesp\u0113jams iestr\u0101d\u0101t radzes, uzlabojot sa\u0137eri uz ledus, k\u0101 ar\u012b paildzinot riepu m\u016b\u017eu par vid\u0113ji 30-40%.<\/span><\/span><\/span><\/p>\n<p align=\"left\"><span style=\"color: #000000;\"><span style=\"font-family: Arial, sans-serif;\"><span style=\"font-size: small;\">+ Zems akvaplan\u0113\u0161anas risks.<\/span><\/span><\/span><\/p>\n<p align=\"left\"><span style=\"color: #000000;\"><span style=\"font-family: Arial, sans-serif;\"><span style=\"font-size: small;\">+ Palielin\u0101ta nodilumiztur\u012bba.<\/span><\/span><\/span><\/p>\n<p align=\"left\"><span style=\"color: #000000;\"><span style=\"font-family: Arial, sans-serif;\"><span style=\"font-size: small;\">+ Cena atbilst par to samaks\u0101tajai kvalit\u0101tei.<\/span><\/span><\/span><\/p>\n<h3 class=\"western\" align=\"left\"><span style=\"color: #c9211e;\"><span style=\"font-family: Arial, sans-serif;\"><span style=\"font-size: large;\"><strong><span style=\"color: #000000;\"><span style=\"font-size: medium;\">IcePro3 apr\u012bkojums<\/span><\/span><\/strong><\/span><\/span><\/span><\/h3>\n<p align=\"left\"><strong><span style=\"color: #000000;\"><span style=\"font-family: Arial, sans-serif;\"><span style=\"font-size: small;\">GT Radial IcePro3\u00a0<\/span><\/span><\/span><\/strong><span style=\"color: #000000;\"><span style=\"font-family: Arial, sans-serif;\"><span style=\"font-size: small;\">ziemas <\/span><\/span><\/span><strong><span style=\"color: #000000;\"><span style=\"font-family: Arial, sans-serif;\"><span style=\"font-size: small;\">rad\u017eojamais<\/span><\/span><\/span><\/strong><span style=\"color: #000000;\"><span style=\"font-family: Arial, sans-serif;\"><span style=\"font-size: small;\"> riepu modelis apr\u012bkots ar \u012bpa\u0161i agres\u012bvu virzienveida protektora rakstu. \u0160\u0101ds dizains, likumsakar\u012bgi, izv\u0113l\u0113ts, lai uzlabotu riepu veiktsp\u0113ju skarbos ziemas brauk\u0161anas apst\u0101k\u013cos.<\/span><\/span><\/span><\/p>\n<p align=\"left\"><span style=\"color: #000000;\"><span style=\"font-family: Arial, sans-serif;\"><span style=\"font-size: small;\">Mas\u012bvie, V-veida protektora bloki &#8220;bru\u0146oti&#8221; ar vair\u0101kiem t\u016bksto\u0161iem s\u012bku iegriezumu jeb lame\u013cu. T\u0101s ar as\u0101m kant\u0113m iec\u0113rtas sabliet\u0113t\u0101 snieg\u0101 un led\u016b, b\u016btiski uzlabojot sa\u0137eri uz slidenaj\u0101m ce\u013ca virsm\u0101m. Turkl\u0101t, protektora blokos iesp\u0113jams iestr\u0101d\u0101t radzes. T\u0101s b\u016btiski uzlabo sa\u0137eri uz ledus, k\u0101 ar\u012b palielina riepu nodilumiztur\u012bbu.<\/span><\/span><\/span><\/p>\n","protected":false},"excerpt":{"rendered":"<p><span style=\"color: #c9211e;\"><span style=\"font-family: Arial, sans-serif;\"><span style=\"font-size: large;\"><strong><span style=\"color: #000000;\"><span style=\"font-size: small;\">GT Radial IcePro3\u00a0<\/span><\/span><\/strong><span style=\"color: #000000;\"><span style=\"font-size: small;\">ir labas kvalit\u0101tes, bud\u017eeta klases <\/span><\/span><strong><span style=\"color: #000000;\"><span style=\"font-size: small;\">rad\u017eojamais<\/span><\/span><\/strong><span style=\"color: #000000;\"><span style=\"font-size: small;\"> ziemas riepu modelis. Tas izce\u013cas ar labiem sa\u0137eres un manevr\u0113tsp\u0113jas r\u0101d\u012bt\u0101jiem pat skarbos ziemas brauk\u0161anas apst\u0101k\u013cos. Turkl\u0101t, protektora blokos iesp\u0113jams iestr\u0101d\u0101t radzes, uzlabojot sa\u0137eri uz ledus, k\u0101 ar\u012b paildzinot riepu m\u016b\u017eu.<\/span><\/span><\/span><\/span><\/span><\/p>\n","protected":false},"featured_media":843926,"template":"","meta":{"_acf_changed":false,"ngg_post_thumbnail":0},"product_brand":[],"product_cat":[45,48],"product_tag":[],"class_list":{"0":"post-766608","1":"product","2":"type-product","3":"status-publish","4":"has-post-thumbnail","6":"product_cat-ziemas-riepas","7":"product_cat-ziemas-ar-radzem","9":"first","10":"instock","11":"sale","12":"taxable","13":"shipping-taxable","14":"purchasable","15":"product-type-simple"},"acf":[],"yoast_head":"<!-- This site is optimized with the Yoast SEO Premium plugin v22.6 (Yoast SEO v27.3) - https:\/\/yoast.com\/product\/yoast-seo-premium-wordpress\/ -->\n<title>175\/65R15 GT Radial IcePro3 EVO 84T RP ar radz\u0113m &#8226; MMK Riepas<\/title>\n<meta name=\"robots\" content=\"index, follow, max-snippet:-1, max-image-preview:large, max-video-preview:-1\" \/>\n<link rel=\"canonical\" href=\"https:\/\/mmkriepas.lv\/en\/p\/175-65r15-gtradial-icepro-3-evo-84t-ar-radzem\/\" \/>\n<meta property=\"og:locale\" content=\"en_US\" \/>\n<meta property=\"og:type\" content=\"article\" \/>\n<meta property=\"og:title\" content=\"175\/65R15 GT Radial IcePro3 EVO 84T RP ar radz\u0113m\" \/>\n<meta property=\"og:description\" content=\"GT Radial IcePro3\u00a0ir labas kvalit\u0101tes, bud\u017eeta klases rad\u017eojamais ziemas riepu modelis. Tas izce\u013cas ar labiem sa\u0137eres un manevr\u0113tsp\u0113jas r\u0101d\u012bt\u0101jiem pat skarbos ziemas brauk\u0161anas apst\u0101k\u013cos. Turkl\u0101t, protektora blokos iesp\u0113jams iestr\u0101d\u0101t radzes, uzlabojot sa\u0137eri uz ledus, k\u0101 ar\u012b paildzinot riepu m\u016b\u017eu.\" \/>\n<meta property=\"og:url\" content=\"https:\/\/mmkriepas.lv\/en\/p\/175-65r15-gtradial-icepro-3-evo-84t-ar-radzem\/\" \/>\n<meta property=\"og:site_name\" content=\"MMK Riepas\" \/>\n<meta property=\"article:publisher\" content=\"https:\/\/www.facebook.com\/mmkserviss\/\" \/>\n<meta property=\"article:modified_time\" content=\"2026-03-27T11:33:02+00:00\" \/>\n<meta property=\"og:image\" content=\"https:\/\/mmkriepas.lv\/wp-content\/uploads\/2024\/01\/17565r15-gt-radial-icepro3-evo-84t-ar-radzem-ziemas-riepas-ziemas-ar-radzem-riepas.jpg\" \/>\n\t<meta property=\"og:image:width\" content=\"1920\" \/>\n\t<meta property=\"og:image:height\" content=\"1920\" \/>\n\t<meta property=\"og:image:type\" content=\"image\/jpeg\" \/>\n<meta name=\"twitter:card\" content=\"summary_large_image\" \/>\n<meta name=\"twitter:label1\" content=\"Price\" \/>\n\t<meta name=\"twitter:data1\" content=\"&euro;61.00\" \/>\n\t<meta name=\"twitter:label2\" content=\"Availability\" \/>\n\t<meta name=\"twitter:data2\" content=\"In stock\" \/>\n<script type=\"application\/ld+json\" class=\"yoast-schema-graph\">{\"@context\":\"https:\\\/\\\/schema.org\",\"@graph\":[{\"@type\":\"WebPage\",\"@id\":\"https:\\\/\\\/mmkriepas.lv\\\/en\\\/p\\\/175-65r15-gtradial-icepro-3-evo-84t-ar-radzem\\\/\",\"url\":\"https:\\\/\\\/mmkriepas.lv\\\/en\\\/p\\\/175-65r15-gtradial-icepro-3-evo-84t-ar-radzem\\\/\",\"name\":\"175\\\/65R15 GT Radial IcePro3 EVO 84T RP ar radz\u0113m &#8226; MMK Riepas\",\"isPartOf\":{\"@id\":\"https:\\\/\\\/mmkriepas.lv\\\/en\\\/#website\"},\"primaryImageOfPage\":{\"@id\":\"https:\\\/\\\/mmkriepas.lv\\\/en\\\/p\\\/175-65r15-gtradial-icepro-3-evo-84t-ar-radzem\\\/#primaryimage\"},\"image\":{\"@id\":\"https:\\\/\\\/mmkriepas.lv\\\/en\\\/p\\\/175-65r15-gtradial-icepro-3-evo-84t-ar-radzem\\\/#primaryimage\"},\"thumbnailUrl\":\"https:\\\/\\\/mmkriepas.lv\\\/wp-content\\\/uploads\\\/2024\\\/01\\\/17565r15-gt-radial-icepro3-evo-84t-ar-radzem-ziemas-riepas-ziemas-ar-radzem-riepas.jpg\",\"datePublished\":\"2023-07-24T09:14:42+00:00\",\"dateModified\":\"2026-03-27T11:33:02+00:00\",\"breadcrumb\":{\"@id\":\"https:\\\/\\\/mmkriepas.lv\\\/en\\\/p\\\/175-65r15-gtradial-icepro-3-evo-84t-ar-radzem\\\/#breadcrumb\"},\"inLanguage\":\"en-US\",\"potentialAction\":[{\"@type\":\"ReadAction\",\"target\":[\"https:\\\/\\\/mmkriepas.lv\\\/en\\\/p\\\/175-65r15-gtradial-icepro-3-evo-84t-ar-radzem\\\/\"]}]},{\"@type\":\"ImageObject\",\"inLanguage\":\"en-US\",\"@id\":\"https:\\\/\\\/mmkriepas.lv\\\/en\\\/p\\\/175-65r15-gtradial-icepro-3-evo-84t-ar-radzem\\\/#primaryimage\",\"url\":\"https:\\\/\\\/mmkriepas.lv\\\/wp-content\\\/uploads\\\/2024\\\/01\\\/17565r15-gt-radial-icepro3-evo-84t-ar-radzem-ziemas-riepas-ziemas-ar-radzem-riepas.jpg\",\"contentUrl\":\"https:\\\/\\\/mmkriepas.lv\\\/wp-content\\\/uploads\\\/2024\\\/01\\\/17565r15-gt-radial-icepro3-evo-84t-ar-radzem-ziemas-riepas-ziemas-ar-radzem-riepas.jpg\",\"width\":1920,\"height\":1920,\"caption\":\"175\\\/65R15 GT Radial IcePro3 EVO 84T ar radz\u0113m - Ziemas riepas \\\/ Ziemas ar radz\u0113m riepas\"},{\"@type\":\"BreadcrumbList\",\"@id\":\"https:\\\/\\\/mmkriepas.lv\\\/en\\\/p\\\/175-65r15-gtradial-icepro-3-evo-84t-ar-radzem\\\/#breadcrumb\",\"itemListElement\":[{\"@type\":\"ListItem\",\"position\":1,\"name\":\"S\u0101kums\",\"item\":\"https:\\\/\\\/mmkriepas.lv\\\/en\\\/\"},{\"@type\":\"ListItem\",\"position\":2,\"name\":\"175\\\/65R15 GT Radial IcePro3 EVO 84T RP ar radz\u0113m\"}]},{\"@type\":\"WebSite\",\"@id\":\"https:\\\/\\\/mmkriepas.lv\\\/en\\\/#website\",\"url\":\"https:\\\/\\\/mmkriepas.lv\\\/en\\\/\",\"name\":\"MMK Riepas\",\"description\":\"MMK Riepas\",\"alternateName\":\"MMK Riepu Serviss\",\"potentialAction\":[{\"@type\":\"SearchAction\",\"target\":{\"@type\":\"EntryPoint\",\"urlTemplate\":\"https:\\\/\\\/mmkriepas.lv\\\/en\\\/?s={search_term_string}\"},\"query-input\":{\"@type\":\"PropertyValueSpecification\",\"valueRequired\":true,\"valueName\":\"search_term_string\"}}],\"inLanguage\":\"en-US\"},{\"@type\":\"ImageObject\",\"inLanguage\":\"en-US\",\"@id\":\"https:\\\/\\\/mmkriepas.lv\\\/en\\\/p\\\/175-65r15-gtradial-icepro-3-evo-84t-ar-radzem\\\/#local-main-organization-logo\",\"url\":\"\",\"contentUrl\":\"\",\"caption\":\"MMK Riepas\"}]}<\/script>\n<meta property=\"product:brand\" content=\"GT Radial IcePro3\" \/>\n<meta property=\"product:price:amount\" content=\"61.00\" \/>\n<meta property=\"product:price:currency\" content=\"EUR\" \/>\n<meta property=\"og:availability\" content=\"instock\" \/>\n<meta property=\"product:availability\" content=\"instock\" \/>\n<meta property=\"product:retailer_item_id\" content=\"TR1756515GTRAD-L27911\" \/>\n<meta property=\"product:condition\" content=\"new\" \/>\n<!-- \/ Yoast SEO Premium plugin. -->","yoast_head_json":{"title":"175\/65R15 GT Radial IcePro3 EVO 84T RP ar radz\u0113m &#8226; MMK Riepas","robots":{"index":"index","follow":"follow","max-snippet":"max-snippet:-1","max-image-preview":"max-image-preview:large","max-video-preview":"max-video-preview:-1"},"canonical":"https:\/\/mmkriepas.lv\/en\/p\/175-65r15-gtradial-icepro-3-evo-84t-ar-radzem\/","og_locale":"en_US","og_type":"article","og_title":"175\/65R15 GT Radial IcePro3 EVO 84T RP ar radz\u0113m","og_description":"GT Radial IcePro3\u00a0ir labas kvalit\u0101tes, bud\u017eeta klases rad\u017eojamais ziemas riepu modelis. Tas izce\u013cas ar labiem sa\u0137eres un manevr\u0113tsp\u0113jas r\u0101d\u012bt\u0101jiem pat skarbos ziemas brauk\u0161anas apst\u0101k\u013cos. Turkl\u0101t, protektora blokos iesp\u0113jams iestr\u0101d\u0101t radzes, uzlabojot sa\u0137eri uz ledus, k\u0101 ar\u012b paildzinot riepu m\u016b\u017eu.","og_url":"https:\/\/mmkriepas.lv\/en\/p\/175-65r15-gtradial-icepro-3-evo-84t-ar-radzem\/","og_site_name":"MMK Riepas","article_publisher":"https:\/\/www.facebook.com\/mmkserviss\/","article_modified_time":"2026-03-27T11:33:02+00:00","og_image":[{"width":1920,"height":1920,"url":"https:\/\/mmkriepas.lv\/wp-content\/uploads\/2024\/01\/17565r15-gt-radial-icepro3-evo-84t-ar-radzem-ziemas-riepas-ziemas-ar-radzem-riepas.jpg","type":"image\/jpeg"}],"twitter_card":"summary_large_image","twitter_misc":{"Price":"&euro;61.00","Availability":"In stock"},"schema":{"@context":"https:\/\/schema.org","@graph":[{"@type":"WebPage","@id":"https:\/\/mmkriepas.lv\/en\/p\/175-65r15-gtradial-icepro-3-evo-84t-ar-radzem\/","url":"https:\/\/mmkriepas.lv\/en\/p\/175-65r15-gtradial-icepro-3-evo-84t-ar-radzem\/","name":"175\/65R15 GT Radial IcePro3 EVO 84T RP ar radz\u0113m &#8226; MMK Riepas","isPartOf":{"@id":"https:\/\/mmkriepas.lv\/en\/#website"},"primaryImageOfPage":{"@id":"https:\/\/mmkriepas.lv\/en\/p\/175-65r15-gtradial-icepro-3-evo-84t-ar-radzem\/#primaryimage"},"image":{"@id":"https:\/\/mmkriepas.lv\/en\/p\/175-65r15-gtradial-icepro-3-evo-84t-ar-radzem\/#primaryimage"},"thumbnailUrl":"https:\/\/mmkriepas.lv\/wp-content\/uploads\/2024\/01\/17565r15-gt-radial-icepro3-evo-84t-ar-radzem-ziemas-riepas-ziemas-ar-radzem-riepas.jpg","datePublished":"2023-07-24T09:14:42+00:00","dateModified":"2026-03-27T11:33:02+00:00","breadcrumb":{"@id":"https:\/\/mmkriepas.lv\/en\/p\/175-65r15-gtradial-icepro-3-evo-84t-ar-radzem\/#breadcrumb"},"inLanguage":"en-US","potentialAction":[{"@type":"ReadAction","target":["https:\/\/mmkriepas.lv\/en\/p\/175-65r15-gtradial-icepro-3-evo-84t-ar-radzem\/"]}]},{"@type":"ImageObject","inLanguage":"en-US","@id":"https:\/\/mmkriepas.lv\/en\/p\/175-65r15-gtradial-icepro-3-evo-84t-ar-radzem\/#primaryimage","url":"https:\/\/mmkriepas.lv\/wp-content\/uploads\/2024\/01\/17565r15-gt-radial-icepro3-evo-84t-ar-radzem-ziemas-riepas-ziemas-ar-radzem-riepas.jpg","contentUrl":"https:\/\/mmkriepas.lv\/wp-content\/uploads\/2024\/01\/17565r15-gt-radial-icepro3-evo-84t-ar-radzem-ziemas-riepas-ziemas-ar-radzem-riepas.jpg","width":1920,"height":1920,"caption":"175\/65R15 GT Radial IcePro3 EVO 84T ar radz\u0113m - Ziemas riepas \/ Ziemas ar radz\u0113m riepas"},{"@type":"BreadcrumbList","@id":"https:\/\/mmkriepas.lv\/en\/p\/175-65r15-gtradial-icepro-3-evo-84t-ar-radzem\/#breadcrumb","itemListElement":[{"@type":"ListItem","position":1,"name":"S\u0101kums","item":"https:\/\/mmkriepas.lv\/en\/"},{"@type":"ListItem","position":2,"name":"175\/65R15 GT Radial IcePro3 EVO 84T RP ar radz\u0113m"}]},{"@type":"WebSite","@id":"https:\/\/mmkriepas.lv\/en\/#website","url":"https:\/\/mmkriepas.lv\/en\/","name":"MMK Riepas","description":"MMK Riepas","alternateName":"MMK Riepu Serviss","potentialAction":[{"@type":"SearchAction","target":{"@type":"EntryPoint","urlTemplate":"https:\/\/mmkriepas.lv\/en\/?s={search_term_string}"},"query-input":{"@type":"PropertyValueSpecification","valueRequired":true,"valueName":"search_term_string"}}],"inLanguage":"en-US"},{"@type":"ImageObject","inLanguage":"en-US","@id":"https:\/\/mmkriepas.lv\/en\/p\/175-65r15-gtradial-icepro-3-evo-84t-ar-radzem\/#local-main-organization-logo","url":"","contentUrl":"","caption":"MMK Riepas"}]},"product_brand":"GT Radial IcePro3","product_price_amount":"61.00","product_price_currency":"EUR","og_availability":"instock","product_availability":"instock","product_retailer_item_id":"TR1756515GTRAD-L27911","product_condition":"new"},"_links":{"self":[{"href":"https:\/\/mmkriepas.lv\/en\/wp-json\/wp\/v2\/product\/766608","targetHints":{"allow":["GET"]}}],"collection":[{"href":"https:\/\/mmkriepas.lv\/en\/wp-json\/wp\/v2\/product"}],"about":[{"href":"https:\/\/mmkriepas.lv\/en\/wp-json\/wp\/v2\/types\/product"}],"wp:featuredmedia":[{"embeddable":true,"href":"https:\/\/mmkriepas.lv\/en\/wp-json\/wp\/v2\/media\/843926"}],"wp:attachment":[{"href":"https:\/\/mmkriepas.lv\/en\/wp-json\/wp\/v2\/media?parent=766608"}],"wp:term":[{"taxonomy":"product_brand","embeddable":true,"href":"https:\/\/mmkriepas.lv\/en\/wp-json\/wp\/v2\/product_brand?post=766608"},{"taxonomy":"product_cat","embeddable":true,"href":"https:\/\/mmkriepas.lv\/en\/wp-json\/wp\/v2\/product_cat?post=766608"},{"taxonomy":"product_tag","embeddable":true,"href":"https:\/\/mmkriepas.lv\/en\/wp-json\/wp\/v2\/product_tag?post=766608"}],"curies":[{"name":"wp","href":"https:\/\/api.w.org\/{rel}","templated":true}]}}