{"id":764287,"date":"2023-07-18T11:17:57","date_gmt":"2023-07-18T08:17:57","guid":{"rendered":"https:\/\/mmkserviss.lv\/?post_type=product&#038;p=764287"},"modified":"2026-03-27T22:53:43","modified_gmt":"2026-03-27T20:53:43","slug":"205-55r16-gt-radial-winterpro-2-91h","status":"publish","type":"product","link":"https:\/\/mmkriepas.lv\/en\/p\/205-55r16-gt-radial-winterpro-2-91h\/","title":{"rendered":"205\/55R16 GT Radial WinterPro 2 EVO 91H"},"content":{"rendered":"<p class=\"western\"><span style=\"color: #000000;\"><span style=\"font-family: Arial, serif;\"><b>GT Radial WinterPro 2 <\/b><\/span><\/span><span style=\"color: #000000;\"><span style=\"font-family: Arial, serif;\">ir \u013coti labas kvalit\u0101tes, vid\u0113j\u0101s klases ziemas riepu modelis. Izce\u013cas ar augst\u0101m sa\u0137eres, nodilumiztur\u012bbas un degvielas ekonomijas \u012bpa\u0161\u012bb\u0101m. Pieejams pla\u0161\u0101 izm\u0113ru kl\u0101st\u0101 un piem\u0113rots gan vieglajiem auto, gan krosoveriem.\u00a0<\/span><\/span><\/p>\n<p class=\"western\"><span style=\"color: #000000;\"><span style=\"font-family: Arial, serif;\"><span style=\"font-size: medium;\"><b>GT Radial <\/b><\/span><\/span><\/span><span style=\"color: #000000;\"><span style=\"font-family: Arial, serif;\"><span style=\"font-size: medium;\"><b>WinterPro 2 galven\u0101s iez\u012bmes:<\/b><\/span><\/span><\/span><\/p>\n<p class=\"western\"><span style=\"color: #000000;\"><span style=\"font-family: Arial, serif;\">+ \u013boti laba sa\u0137ere un \u012bss bremz\u0113\u0161anas ce\u013c\u0161 gan uz sausa un slapja asfalta, gan snieg\u0101.<\/span><\/span><\/p>\n<p class=\"western\"><span style=\"color: #000000;\"><span style=\"font-family: Arial, serif;\">+ Palielin\u0101ts lame\u013cu skaits uzlabo veiktsp\u0113ju uz ledus, k\u0101 ar\u012b uz slapja asfalta.<\/span><\/span><\/p>\n<p class=\"western\"><span style=\"color: #000000;\"><span style=\"font-family: Arial, serif;\">+ Zems akvaplan\u0113\u0161anas risks.<\/span><\/span><\/p>\n<p class=\"western\"><span style=\"color: #000000;\"><span style=\"font-family: Arial, serif;\">+ Degvielas ekonomija.<\/span><\/span><\/p>\n<p class=\"western\"><span style=\"color: #000000;\"><span style=\"font-family: Arial, serif;\">+ Izteikts akustiskais un brauk\u0161anas komforts.<\/span><\/span><\/p>\n<p class=\"western\"><span style=\"color: #000000;\"><span style=\"font-family: Arial, serif;\">+ Palielin\u0101ta nodilumiztur\u012bba.<\/span><\/span><\/p>\n<p class=\"western\"><span style=\"color: #000000;\"><span style=\"font-family: Arial, serif;\"><span style=\"font-size: medium;\"><b>WinterPro 2 apr\u012bkojums<\/b><\/span><\/span><\/span><\/p>\n<p class=\"western\"><span style=\"color: #000000;\"><span style=\"font-family: Arial, serif;\"><b>GT Radial WinterPro 2 <\/b><\/span><\/span><span style=\"color: #000000;\"><span style=\"font-family: Arial, serif;\">ziemas riepas apr\u012bkotas ar unik\u0101lu virzienveida protektoru. Starp V-veid\u0101 izvietotajiem protektora blokiem atrodama augsti att\u012bst\u012bta dren\u0101\u017eas jeb \u016bdens novadkan\u0101lu sist\u0113ma. T\u0101 \u0101tri un efekt\u012bvi atbr\u012bvo riepu kontakta virsmu ar ce\u013cu no \u016bdens un sniega, uzlabojot veiktsp\u0113ju un samazinot akvaplan\u0113\u0161anas risku.<\/span><\/span><\/p>\n<p class=\"western\"><span style=\"color: #000000;\"><span style=\"font-family: Arial, serif;\"><b>WinterPro 2 <\/b><\/span><\/span><span style=\"color: #000000;\"><span style=\"font-family: Arial, serif;\">protektors darin\u0101ts no augstas kvalit\u0101tes gumijas sakaus\u0113juma. T\u0101 sast\u0101vam pievienotie elastrom\u0113ri pal\u012bdz riepai saglab\u0101t elast\u012bbu zem\u0101s gaisa temperat\u016br\u0101s, uzlabojot sa\u0137eri. Savuk\u0101rt, atsevi\u0161\u0137i \u0137\u012bmiskie elementi uzlabo notur\u012bbu pret deform\u0101ciju un nodilumu kar\u0161anas vai intens\u012bvas ekspluat\u0101cijas laik\u0101.<\/span><\/span><\/p>\n<p class=\"western\"><span style=\"color: #000000;\"><span style=\"font-family: Arial, serif;\">Riepas virzienveida protektors burtiski nokl\u0101ts ar t\u016bksto\u0161iem s\u012bku iegriezumu jeb lame\u013cu. T\u0101s b\u016btiski uzlabo sa\u0137eri ar apledoju\u0161\u0101m ce\u013ca virsm\u0101m vai sabliet\u0113tu sniegu, slidenaj\u0101s virsm\u0101s iec\u0113rtoties ar as\u0101m kant\u0113m.<\/span><\/span><\/p>\n","protected":false},"excerpt":{"rendered":"<p class=\"western\"><span style=\"color: #000000;\"><span style=\"font-family: Arial, serif;\"><b>GT Radial WinterPro 2 <\/b><\/span><\/span><span style=\"color: #000000;\"><span style=\"font-family: Arial, serif;\">ir \u013coti labas kvalit\u0101tes, vid\u0113j\u0101s klases ziemas riepu modelis. Izce\u013cas ar augst\u0101m sa\u0137eres, nodilumiztur\u012bbas un degvielas ekonomijas \u012bpa\u0161\u012bb\u0101m. Pieejams pla\u0161\u0101 izm\u0113ru kl\u0101st\u0101 un piem\u0113rots gan vieglajiem auto, gan krosoveriem.\u00a0<\/span><\/span><\/p>\n","protected":false},"featured_media":847488,"template":"","meta":{"_acf_changed":false,"ngg_post_thumbnail":0},"product_brand":[],"product_cat":[23644,23643],"product_tag":[],"class_list":{"0":"post-764287","1":"product","2":"type-product","3":"status-publish","4":"has-post-thumbnail","6":"product_cat-all-season-tyres","7":"product_cat-winter-tyres","9":"first","10":"instock","11":"sale","12":"taxable","13":"shipping-taxable","14":"purchasable","15":"product-type-simple"},"acf":[],"yoast_head":"<!-- This site is optimized with the Yoast SEO Premium plugin v22.6 (Yoast SEO v27.3) - https:\/\/yoast.com\/product\/yoast-seo-premium-wordpress\/ -->\n<title>205\/55R16 GT Radial WinterPro 2 EVO 91H &#8226; MMK Riepas<\/title>\n<meta name=\"robots\" content=\"index, follow, max-snippet:-1, max-image-preview:large, max-video-preview:-1\" \/>\n<link rel=\"canonical\" href=\"https:\/\/mmkriepas.lv\/en\/p\/205-55r16-gt-radial-winterpro-2-91h\/\" \/>\n<meta property=\"og:locale\" content=\"en_US\" \/>\n<meta property=\"og:type\" content=\"article\" \/>\n<meta property=\"og:title\" content=\"205\/55R16 GT Radial WinterPro 2 EVO 91H\" \/>\n<meta property=\"og:description\" content=\"GT Radial WinterPro 2 ir \u013coti labas kvalit\u0101tes, vid\u0113j\u0101s klases ziemas riepu modelis. Izce\u013cas ar augst\u0101m sa\u0137eres, nodilumiztur\u012bbas un degvielas ekonomijas \u012bpa\u0161\u012bb\u0101m. Pieejams pla\u0161\u0101 izm\u0113ru kl\u0101st\u0101 un piem\u0113rots gan vieglajiem auto, gan krosoveriem.\u00a0\" \/>\n<meta property=\"og:url\" content=\"https:\/\/mmkriepas.lv\/en\/p\/205-55r16-gt-radial-winterpro-2-91h\/\" \/>\n<meta property=\"og:site_name\" content=\"MMK Riepas\" \/>\n<meta property=\"article:publisher\" content=\"https:\/\/www.facebook.com\/mmkserviss\/\" \/>\n<meta property=\"article:modified_time\" content=\"2026-03-27T20:53:43+00:00\" \/>\n<meta property=\"og:image\" content=\"https:\/\/mmkriepas.lv\/wp-content\/uploads\/2024\/01\/24565r17-gt-radial-winterpro-2-suv-evo-111h-xl-ziemas-riepas.jpg\" \/>\n\t<meta property=\"og:image:width\" content=\"1920\" \/>\n\t<meta property=\"og:image:height\" content=\"1920\" \/>\n\t<meta property=\"og:image:type\" content=\"image\/jpeg\" \/>\n<meta name=\"twitter:card\" content=\"summary_large_image\" \/>\n<meta name=\"twitter:label1\" content=\"Price\" \/>\n\t<meta name=\"twitter:data1\" content=\"&euro;65.00\" \/>\n\t<meta name=\"twitter:label2\" content=\"Availability\" \/>\n\t<meta name=\"twitter:data2\" content=\"In stock\" \/>\n<script type=\"application\/ld+json\" class=\"yoast-schema-graph\">{\"@context\":\"https:\\\/\\\/schema.org\",\"@graph\":[{\"@type\":\"WebPage\",\"@id\":\"https:\\\/\\\/mmkriepas.lv\\\/en\\\/p\\\/205-55r16-gt-radial-winterpro-2-91h\\\/\",\"url\":\"https:\\\/\\\/mmkriepas.lv\\\/en\\\/p\\\/205-55r16-gt-radial-winterpro-2-91h\\\/\",\"name\":\"205\\\/55R16 GT Radial WinterPro 2 EVO 91H &#8226; MMK Riepas\",\"isPartOf\":{\"@id\":\"https:\\\/\\\/mmkriepas.lv\\\/en\\\/#website\"},\"primaryImageOfPage\":{\"@id\":\"https:\\\/\\\/mmkriepas.lv\\\/en\\\/p\\\/205-55r16-gt-radial-winterpro-2-91h\\\/#primaryimage\"},\"image\":{\"@id\":\"https:\\\/\\\/mmkriepas.lv\\\/en\\\/p\\\/205-55r16-gt-radial-winterpro-2-91h\\\/#primaryimage\"},\"thumbnailUrl\":\"https:\\\/\\\/mmkriepas.lv\\\/wp-content\\\/uploads\\\/2024\\\/01\\\/24565r17-gt-radial-winterpro-2-suv-evo-111h-xl-ziemas-riepas.jpg\",\"datePublished\":\"2023-07-18T08:17:57+00:00\",\"dateModified\":\"2026-03-27T20:53:43+00:00\",\"breadcrumb\":{\"@id\":\"https:\\\/\\\/mmkriepas.lv\\\/en\\\/p\\\/205-55r16-gt-radial-winterpro-2-91h\\\/#breadcrumb\"},\"inLanguage\":\"en-US\",\"potentialAction\":[{\"@type\":\"ReadAction\",\"target\":[\"https:\\\/\\\/mmkriepas.lv\\\/en\\\/p\\\/205-55r16-gt-radial-winterpro-2-91h\\\/\"]}]},{\"@type\":\"ImageObject\",\"inLanguage\":\"en-US\",\"@id\":\"https:\\\/\\\/mmkriepas.lv\\\/en\\\/p\\\/205-55r16-gt-radial-winterpro-2-91h\\\/#primaryimage\",\"url\":\"https:\\\/\\\/mmkriepas.lv\\\/wp-content\\\/uploads\\\/2024\\\/01\\\/24565r17-gt-radial-winterpro-2-suv-evo-111h-xl-ziemas-riepas.jpg\",\"contentUrl\":\"https:\\\/\\\/mmkriepas.lv\\\/wp-content\\\/uploads\\\/2024\\\/01\\\/24565r17-gt-radial-winterpro-2-suv-evo-111h-xl-ziemas-riepas.jpg\",\"width\":1920,\"height\":1920,\"caption\":\"MAIN\"},{\"@type\":\"BreadcrumbList\",\"@id\":\"https:\\\/\\\/mmkriepas.lv\\\/en\\\/p\\\/205-55r16-gt-radial-winterpro-2-91h\\\/#breadcrumb\",\"itemListElement\":[{\"@type\":\"ListItem\",\"position\":1,\"name\":\"S\u0101kums\",\"item\":\"https:\\\/\\\/mmkriepas.lv\\\/en\\\/\"},{\"@type\":\"ListItem\",\"position\":2,\"name\":\"205\\\/55R16 GT Radial WinterPro 2 EVO 91H\"}]},{\"@type\":\"WebSite\",\"@id\":\"https:\\\/\\\/mmkriepas.lv\\\/en\\\/#website\",\"url\":\"https:\\\/\\\/mmkriepas.lv\\\/en\\\/\",\"name\":\"MMK Riepas\",\"description\":\"MMK Riepas\",\"alternateName\":\"MMK Riepu Serviss\",\"potentialAction\":[{\"@type\":\"SearchAction\",\"target\":{\"@type\":\"EntryPoint\",\"urlTemplate\":\"https:\\\/\\\/mmkriepas.lv\\\/en\\\/?s={search_term_string}\"},\"query-input\":{\"@type\":\"PropertyValueSpecification\",\"valueRequired\":true,\"valueName\":\"search_term_string\"}}],\"inLanguage\":\"en-US\"},{\"@type\":\"ImageObject\",\"inLanguage\":\"en-US\",\"@id\":\"https:\\\/\\\/mmkriepas.lv\\\/en\\\/p\\\/205-55r16-gt-radial-winterpro-2-91h\\\/#local-main-organization-logo\",\"url\":\"\",\"contentUrl\":\"\",\"caption\":\"MMK Riepas\"}]}<\/script>\n<meta property=\"product:brand\" content=\"GT Radial WinterPro 2\" \/>\n<meta property=\"product:price:amount\" content=\"65.00\" \/>\n<meta property=\"product:price:currency\" content=\"EUR\" \/>\n<meta property=\"og:availability\" content=\"instock\" \/>\n<meta property=\"product:availability\" content=\"instock\" \/>\n<meta property=\"product:retailer_item_id\" content=\"TW2055516GTRAD-27717\" \/>\n<meta property=\"product:condition\" content=\"new\" \/>\n<!-- \/ Yoast SEO Premium plugin. -->","yoast_head_json":{"title":"205\/55R16 GT Radial WinterPro 2 EVO 91H &#8226; MMK Riepas","robots":{"index":"index","follow":"follow","max-snippet":"max-snippet:-1","max-image-preview":"max-image-preview:large","max-video-preview":"max-video-preview:-1"},"canonical":"https:\/\/mmkriepas.lv\/en\/p\/205-55r16-gt-radial-winterpro-2-91h\/","og_locale":"en_US","og_type":"article","og_title":"205\/55R16 GT Radial WinterPro 2 EVO 91H","og_description":"GT Radial WinterPro 2 ir \u013coti labas kvalit\u0101tes, vid\u0113j\u0101s klases ziemas riepu modelis. Izce\u013cas ar augst\u0101m sa\u0137eres, nodilumiztur\u012bbas un degvielas ekonomijas \u012bpa\u0161\u012bb\u0101m. Pieejams pla\u0161\u0101 izm\u0113ru kl\u0101st\u0101 un piem\u0113rots gan vieglajiem auto, gan krosoveriem.\u00a0","og_url":"https:\/\/mmkriepas.lv\/en\/p\/205-55r16-gt-radial-winterpro-2-91h\/","og_site_name":"MMK Riepas","article_publisher":"https:\/\/www.facebook.com\/mmkserviss\/","article_modified_time":"2026-03-27T20:53:43+00:00","og_image":[{"width":1920,"height":1920,"url":"https:\/\/mmkriepas.lv\/wp-content\/uploads\/2024\/01\/24565r17-gt-radial-winterpro-2-suv-evo-111h-xl-ziemas-riepas.jpg","type":"image\/jpeg"}],"twitter_card":"summary_large_image","twitter_misc":{"Price":"&euro;65.00","Availability":"In stock"},"schema":{"@context":"https:\/\/schema.org","@graph":[{"@type":"WebPage","@id":"https:\/\/mmkriepas.lv\/en\/p\/205-55r16-gt-radial-winterpro-2-91h\/","url":"https:\/\/mmkriepas.lv\/en\/p\/205-55r16-gt-radial-winterpro-2-91h\/","name":"205\/55R16 GT Radial WinterPro 2 EVO 91H &#8226; MMK Riepas","isPartOf":{"@id":"https:\/\/mmkriepas.lv\/en\/#website"},"primaryImageOfPage":{"@id":"https:\/\/mmkriepas.lv\/en\/p\/205-55r16-gt-radial-winterpro-2-91h\/#primaryimage"},"image":{"@id":"https:\/\/mmkriepas.lv\/en\/p\/205-55r16-gt-radial-winterpro-2-91h\/#primaryimage"},"thumbnailUrl":"https:\/\/mmkriepas.lv\/wp-content\/uploads\/2024\/01\/24565r17-gt-radial-winterpro-2-suv-evo-111h-xl-ziemas-riepas.jpg","datePublished":"2023-07-18T08:17:57+00:00","dateModified":"2026-03-27T20:53:43+00:00","breadcrumb":{"@id":"https:\/\/mmkriepas.lv\/en\/p\/205-55r16-gt-radial-winterpro-2-91h\/#breadcrumb"},"inLanguage":"en-US","potentialAction":[{"@type":"ReadAction","target":["https:\/\/mmkriepas.lv\/en\/p\/205-55r16-gt-radial-winterpro-2-91h\/"]}]},{"@type":"ImageObject","inLanguage":"en-US","@id":"https:\/\/mmkriepas.lv\/en\/p\/205-55r16-gt-radial-winterpro-2-91h\/#primaryimage","url":"https:\/\/mmkriepas.lv\/wp-content\/uploads\/2024\/01\/24565r17-gt-radial-winterpro-2-suv-evo-111h-xl-ziemas-riepas.jpg","contentUrl":"https:\/\/mmkriepas.lv\/wp-content\/uploads\/2024\/01\/24565r17-gt-radial-winterpro-2-suv-evo-111h-xl-ziemas-riepas.jpg","width":1920,"height":1920,"caption":"MAIN"},{"@type":"BreadcrumbList","@id":"https:\/\/mmkriepas.lv\/en\/p\/205-55r16-gt-radial-winterpro-2-91h\/#breadcrumb","itemListElement":[{"@type":"ListItem","position":1,"name":"S\u0101kums","item":"https:\/\/mmkriepas.lv\/en\/"},{"@type":"ListItem","position":2,"name":"205\/55R16 GT Radial WinterPro 2 EVO 91H"}]},{"@type":"WebSite","@id":"https:\/\/mmkriepas.lv\/en\/#website","url":"https:\/\/mmkriepas.lv\/en\/","name":"MMK Riepas","description":"MMK Riepas","alternateName":"MMK Riepu Serviss","potentialAction":[{"@type":"SearchAction","target":{"@type":"EntryPoint","urlTemplate":"https:\/\/mmkriepas.lv\/en\/?s={search_term_string}"},"query-input":{"@type":"PropertyValueSpecification","valueRequired":true,"valueName":"search_term_string"}}],"inLanguage":"en-US"},{"@type":"ImageObject","inLanguage":"en-US","@id":"https:\/\/mmkriepas.lv\/en\/p\/205-55r16-gt-radial-winterpro-2-91h\/#local-main-organization-logo","url":"","contentUrl":"","caption":"MMK Riepas"}]},"product_brand":"GT Radial WinterPro 2","product_price_amount":"65.00","product_price_currency":"EUR","og_availability":"instock","product_availability":"instock","product_retailer_item_id":"TW2055516GTRAD-27717","product_condition":"new"},"_links":{"self":[{"href":"https:\/\/mmkriepas.lv\/en\/wp-json\/wp\/v2\/product\/764287","targetHints":{"allow":["GET"]}}],"collection":[{"href":"https:\/\/mmkriepas.lv\/en\/wp-json\/wp\/v2\/product"}],"about":[{"href":"https:\/\/mmkriepas.lv\/en\/wp-json\/wp\/v2\/types\/product"}],"wp:featuredmedia":[{"embeddable":true,"href":"https:\/\/mmkriepas.lv\/en\/wp-json\/wp\/v2\/media\/847488"}],"wp:attachment":[{"href":"https:\/\/mmkriepas.lv\/en\/wp-json\/wp\/v2\/media?parent=764287"}],"wp:term":[{"taxonomy":"product_brand","embeddable":true,"href":"https:\/\/mmkriepas.lv\/en\/wp-json\/wp\/v2\/product_brand?post=764287"},{"taxonomy":"product_cat","embeddable":true,"href":"https:\/\/mmkriepas.lv\/en\/wp-json\/wp\/v2\/product_cat?post=764287"},{"taxonomy":"product_tag","embeddable":true,"href":"https:\/\/mmkriepas.lv\/en\/wp-json\/wp\/v2\/product_tag?post=764287"}],"curies":[{"name":"wp","href":"https:\/\/api.w.org\/{rel}","templated":true}]}}