{"id":761446,"date":"2023-07-11T16:54:03","date_gmt":"2023-07-11T13:54:03","guid":{"rendered":"https:\/\/mmkserviss.lv\/?post_type=product&#038;p=761446"},"modified":"2026-03-27T13:40:02","modified_gmt":"2026-03-27T11:40:02","slug":"225-55r18-goodyear-ultragrip-ice-3-102t-xl","status":"publish","type":"product","link":"https:\/\/mmkriepas.lv\/en\/p\/225-55r18-goodyear-ultragrip-ice-3-102t-xl\/","title":{"rendered":"225\/55R18 Goodyear UltraGrip Ice 3 102T XL FP"},"content":{"rendered":"<p align=\"left\"><span style=\"color: #000000;\"><span style=\"font-family: Arial, sans-serif;\"><span style=\"font-size: medium;\"><span><b>Goodyear UltraGrip Ice 3<\/b> ir augst\u0101k\u0101s kvalit\u0101tes, premium klases, m\u012bkst\u0101 sast\u0101va jeb Skandin\u0101vijas tipa ziemas riepu modelis. Tas izce\u013cas ar izciliem brauk\u0161anas komforta, dro\u0161\u012bbas, sa\u0137eres un manevr\u0113tsp\u0113jas r\u0101d\u012bt\u0101jiem skarbos ziemas brauk\u0161anas apst\u0101k\u013cos &#8211; dzi\u013c\u0101 snieg\u0101 un uz apledoju\u0161\u0101m ce\u013ca virsm\u0101m. \u0160is premium klases ziemas riepu modelis pieejams izm\u0113ru kl\u0101st\u0101 no R15 l\u012bdz pat R22 un piem\u0113rots no kompakltklases l\u012bdz pat luksus klases apvidus automa\u0161\u012bn\u0101m jeb SUV.<\/span><\/span><\/span><\/span><\/p>\n<h3 class=\"western\"><span style=\"font-family: Arial, sans-serif;\"><span>Goodyear UltraGrip Ice 3\u00a0 galven\u0101s \u012bpa\u0161\u012bbas<\/span><\/span><\/h3>\n<p><span style=\"font-family: Arial, sans-serif;\"><span>+ Vado\u0161\u0101s riepu giganta Good<\/span><span>y<\/span><span>ear tehnolo\u0123ijas.<br \/>+ Izcila sa\u0137ere skarbos ziemas brauk\u0161anas apst\u0101k\u013cos &#8211; dzi\u013c\u0101 snieg\u0101 un uz apledoju\u0161\u0101m ce\u013ca virsm\u0101m.<br \/>+ Zems akvaplan\u0113\u0161anas risks.<br \/>+ Palielin\u0101ta nodilumiztur\u012bba, pateicoties unik\u0101lam riepu gumijas sast\u0101vam.<br \/>+ Izteikts akustiskais un brauk\u0161anas gaitas komforts.<br \/>+ Dzi\u013c\u0161 un agres\u012bvs protektora dizains.<\/span><\/span><\/p>\n<h3 class=\"western\"><span style=\"font-family: Arial, sans-serif;\"><span>UltraGrip Ice 3 apr\u012bkojums<\/span><\/span><\/h3>\n<p><span style=\"font-family: Arial, sans-serif;\"><span>Goodyear UltraGrip Ice 3 m\u012bkst\u0101 sast\u0101va ziemas riepu modelis apr\u012bkots ar dzi\u013cu un agres\u012bvu virzienveida protektora rakstu. \u0160\u0101ds dizains uzlabo riepu veiktsp\u0113ju dzi\u013c\u0101 snieg\u0101, k\u0101 ar\u012b veicina efekt\u012bvu protektora att\u012br\u012b\u0161anos no sniega, slapjdra\u0146\u0137a un \u016bdens, samazinot akvaplan\u0113\u0161anas risku. Turkl\u0101t, virzienveida protektors bru\u0146ots ar virkni vado\u0161o Goodyear tehnolo\u0123iju.\u00a0<\/span><\/span><\/p>\n<p><span style=\"font-family: Arial, sans-serif;\"><span>GoodYear Ice Grip tehnolo\u0123ija riepas gumijas sast\u0101v\u0101 padara riepas m\u012bkst\u0101kas, nezaud\u0113jot nodilumiztur\u012bbas \u012bpa\u0161\u012bbas. Tas nodro\u0161ina lab\u0101ku sa\u0137eri uz ledus, riep\u0101m esot par 35% -30*C temperatur\u0101 m\u012bkst\u0101k\u0101m, nek\u0101 \u0161\u012b mode\u013ca priek\u0161g\u0101j\u0113jam, k\u0101 ar\u012b vair\u0101kiem citiem konkurentiem<\/span><\/span><\/p>\n<p><span style=\"font-family: Arial, sans-serif;\"><span>Protektora dizains veidots p\u0113c Ice Handling+ tehnolo\u0123ijas. \u012apa\u0161ais bloku izvietojums, to izm\u0113rs un savstarp\u0113j\u0101 attiec\u012bba nodro\u0161ina liel\u0101ku sa\u0137eres laukumu ar ce\u013cu. Tas b\u016btiski uzlabo riepu manevr\u0113tsp\u0113ju pat braucot ar smagu transportl\u012bdzekli liel\u0101 brauk\u0161anas \u0101trum\u0101.<\/span><\/span><\/p>\n<p><span style=\"font-family: Arial, sans-serif;\"><span>Sa\u012bsin\u0101tu bremz\u0113\u0161anas ce\u013cu nodro\u0161ina Snow Braking tehnolo\u0123ija. Protektora bloku \u0161\u0137autnes izvietotas le\u0146\u0137\u012b pret sa\u0137eres virsmu, b\u016btiski atvieglojot brauk\u0161anas uzs\u0101k\u0161anu un sa\u012bsinot bremz\u0113\u0161anas ce\u013cu.<\/span> <\/span><\/p>\n","protected":false},"excerpt":{"rendered":"<p><span style=\"color: #000000;\"><span style=\"font-family: Arial, sans-serif;\"><span style=\"font-size: medium;\"><span><b>Goodyear UltraGrip Ice 3<\/b> ir augst\u0101k\u0101s kvalit\u0101tes, premium klases, m\u012bkst\u0101 sast\u0101va jeb Skandin\u0101vijas tipa ziemas riepu modelis. Tas izce\u013cas ar izciliem brauk\u0161anas komforta, dro\u0161\u012bbas, sa\u0137eres un manevr\u0113tsp\u0113jas r\u0101d\u012bt\u0101jiem skarbos ziemas brauk\u0161anas apst\u0101k\u013cos &#8211; dzi\u013c\u0101 snieg\u0101 un uz apledoju\u0161\u0101m ce\u013ca virsm\u0101m. \u0160is premium klases ziemas riepu modelis pieejams izm\u0113ru kl\u0101st\u0101 no R15 l\u012bdz pat R22 un piem\u0113rots no kompakltklases l\u012bdz pat luksus klases apvidus automa\u0161\u012bn\u0101m jeb SUV.<\/span><\/span><\/span><\/span><\/p>\n","protected":false},"featured_media":796993,"template":"","meta":{"_acf_changed":false,"ngg_post_thumbnail":0},"product_brand":[],"product_cat":[47,45],"product_tag":[],"class_list":{"0":"post-761446","1":"product","2":"type-product","3":"status-publish","4":"has-post-thumbnail","6":"product_cat-vissezonas-riepas","7":"product_cat-ziemas-riepas","9":"first","10":"instock","11":"sale","12":"taxable","13":"shipping-taxable","14":"purchasable","15":"product-type-simple"},"acf":[],"yoast_head":"<!-- This site is optimized with the Yoast SEO Premium plugin v22.6 (Yoast SEO v27.3) - https:\/\/yoast.com\/product\/yoast-seo-premium-wordpress\/ -->\n<title>225\/55R18 Goodyear UltraGrip Ice 3 102T XL FP &#8226; MMK Riepas<\/title>\n<meta name=\"robots\" content=\"index, follow, max-snippet:-1, max-image-preview:large, max-video-preview:-1\" \/>\n<link rel=\"canonical\" href=\"https:\/\/mmkriepas.lv\/en\/p\/225-55r18-goodyear-ultragrip-ice-3-102t-xl\/\" \/>\n<meta property=\"og:locale\" content=\"en_US\" \/>\n<meta property=\"og:type\" content=\"article\" \/>\n<meta property=\"og:title\" content=\"225\/55R18 Goodyear UltraGrip Ice 3 102T XL FP\" \/>\n<meta property=\"og:description\" content=\"Goodyear UltraGrip Ice 3 ir augst\u0101k\u0101s kvalit\u0101tes, premium klases, m\u012bkst\u0101 sast\u0101va jeb Skandin\u0101vijas tipa ziemas riepu modelis. Tas izce\u013cas ar izciliem brauk\u0161anas komforta, dro\u0161\u012bbas, sa\u0137eres un manevr\u0113tsp\u0113jas r\u0101d\u012bt\u0101jiem skarbos ziemas brauk\u0161anas apst\u0101k\u013cos - dzi\u013c\u0101 snieg\u0101 un uz apledoju\u0161\u0101m ce\u013ca virsm\u0101m. \u0160is premium klases ziemas riepu modelis pieejams izm\u0113ru kl\u0101st\u0101 no R15 l\u012bdz pat R22 un piem\u0113rots no kompakltklases l\u012bdz pat luksus klases apvidus automa\u0161\u012bn\u0101m jeb SUV.\" \/>\n<meta property=\"og:url\" content=\"https:\/\/mmkriepas.lv\/en\/p\/225-55r18-goodyear-ultragrip-ice-3-102t-xl\/\" \/>\n<meta property=\"og:site_name\" content=\"MMK Riepas\" \/>\n<meta property=\"article:publisher\" content=\"https:\/\/www.facebook.com\/mmkserviss\/\" \/>\n<meta property=\"article:modified_time\" content=\"2026-03-27T11:40:02+00:00\" \/>\n<meta property=\"og:image\" content=\"https:\/\/mmkriepas.lv\/wp-content\/uploads\/2023\/09\/22545r17-goodyear-ultragrip-ice-3-94t-xl-ziemas-riepas.jpg\" \/>\n\t<meta property=\"og:image:width\" content=\"1920\" \/>\n\t<meta property=\"og:image:height\" content=\"1920\" \/>\n\t<meta property=\"og:image:type\" content=\"image\/jpeg\" \/>\n<meta name=\"twitter:card\" content=\"summary_large_image\" \/>\n<meta name=\"twitter:label1\" content=\"Price\" \/>\n\t<meta name=\"twitter:data1\" content=\"&euro;212.00\" \/>\n\t<meta name=\"twitter:label2\" content=\"Availability\" \/>\n\t<meta name=\"twitter:data2\" content=\"In stock\" \/>\n<script type=\"application\/ld+json\" class=\"yoast-schema-graph\">{\"@context\":\"https:\\\/\\\/schema.org\",\"@graph\":[{\"@type\":\"WebPage\",\"@id\":\"https:\\\/\\\/mmkriepas.lv\\\/en\\\/p\\\/225-55r18-goodyear-ultragrip-ice-3-102t-xl\\\/\",\"url\":\"https:\\\/\\\/mmkriepas.lv\\\/en\\\/p\\\/225-55r18-goodyear-ultragrip-ice-3-102t-xl\\\/\",\"name\":\"225\\\/55R18 Goodyear UltraGrip Ice 3 102T XL FP &#8226; MMK Riepas\",\"isPartOf\":{\"@id\":\"https:\\\/\\\/mmkriepas.lv\\\/en\\\/#website\"},\"primaryImageOfPage\":{\"@id\":\"https:\\\/\\\/mmkriepas.lv\\\/en\\\/p\\\/225-55r18-goodyear-ultragrip-ice-3-102t-xl\\\/#primaryimage\"},\"image\":{\"@id\":\"https:\\\/\\\/mmkriepas.lv\\\/en\\\/p\\\/225-55r18-goodyear-ultragrip-ice-3-102t-xl\\\/#primaryimage\"},\"thumbnailUrl\":\"https:\\\/\\\/mmkriepas.lv\\\/wp-content\\\/uploads\\\/2023\\\/09\\\/22545r17-goodyear-ultragrip-ice-3-94t-xl-ziemas-riepas.jpg\",\"datePublished\":\"2023-07-11T13:54:03+00:00\",\"dateModified\":\"2026-03-27T11:40:02+00:00\",\"breadcrumb\":{\"@id\":\"https:\\\/\\\/mmkriepas.lv\\\/en\\\/p\\\/225-55r18-goodyear-ultragrip-ice-3-102t-xl\\\/#breadcrumb\"},\"inLanguage\":\"en-US\",\"potentialAction\":[{\"@type\":\"ReadAction\",\"target\":[\"https:\\\/\\\/mmkriepas.lv\\\/en\\\/p\\\/225-55r18-goodyear-ultragrip-ice-3-102t-xl\\\/\"]}]},{\"@type\":\"ImageObject\",\"inLanguage\":\"en-US\",\"@id\":\"https:\\\/\\\/mmkriepas.lv\\\/en\\\/p\\\/225-55r18-goodyear-ultragrip-ice-3-102t-xl\\\/#primaryimage\",\"url\":\"https:\\\/\\\/mmkriepas.lv\\\/wp-content\\\/uploads\\\/2023\\\/09\\\/22545r17-goodyear-ultragrip-ice-3-94t-xl-ziemas-riepas.jpg\",\"contentUrl\":\"https:\\\/\\\/mmkriepas.lv\\\/wp-content\\\/uploads\\\/2023\\\/09\\\/22545r17-goodyear-ultragrip-ice-3-94t-xl-ziemas-riepas.jpg\",\"width\":1920,\"height\":1920,\"caption\":\"MAIN\"},{\"@type\":\"BreadcrumbList\",\"@id\":\"https:\\\/\\\/mmkriepas.lv\\\/en\\\/p\\\/225-55r18-goodyear-ultragrip-ice-3-102t-xl\\\/#breadcrumb\",\"itemListElement\":[{\"@type\":\"ListItem\",\"position\":1,\"name\":\"S\u0101kums\",\"item\":\"https:\\\/\\\/mmkriepas.lv\\\/en\\\/\"},{\"@type\":\"ListItem\",\"position\":2,\"name\":\"225\\\/55R18 Goodyear UltraGrip Ice 3 102T XL FP\"}]},{\"@type\":\"WebSite\",\"@id\":\"https:\\\/\\\/mmkriepas.lv\\\/en\\\/#website\",\"url\":\"https:\\\/\\\/mmkriepas.lv\\\/en\\\/\",\"name\":\"MMK Riepas\",\"description\":\"MMK Riepas\",\"alternateName\":\"MMK Riepu Serviss\",\"potentialAction\":[{\"@type\":\"SearchAction\",\"target\":{\"@type\":\"EntryPoint\",\"urlTemplate\":\"https:\\\/\\\/mmkriepas.lv\\\/en\\\/?s={search_term_string}\"},\"query-input\":{\"@type\":\"PropertyValueSpecification\",\"valueRequired\":true,\"valueName\":\"search_term_string\"}}],\"inLanguage\":\"en-US\"},{\"@type\":\"ImageObject\",\"inLanguage\":\"en-US\",\"@id\":\"https:\\\/\\\/mmkriepas.lv\\\/en\\\/p\\\/225-55r18-goodyear-ultragrip-ice-3-102t-xl\\\/#local-main-organization-logo\",\"url\":\"\",\"contentUrl\":\"\",\"caption\":\"MMK Riepas\"}]}<\/script>\n<meta property=\"product:brand\" content=\"Goodyear UltraGrip Ice 3\" \/>\n<meta property=\"product:price:amount\" content=\"212.00\" \/>\n<meta property=\"product:price:currency\" content=\"EUR\" \/>\n<meta property=\"og:availability\" content=\"instock\" \/>\n<meta property=\"product:availability\" content=\"instock\" \/>\n<meta property=\"product:retailer_item_id\" content=\"TW2255518GOODY-L27636\" \/>\n<meta property=\"product:condition\" content=\"new\" \/>\n<!-- \/ Yoast SEO Premium plugin. -->","yoast_head_json":{"title":"225\/55R18 Goodyear UltraGrip Ice 3 102T XL FP &#8226; MMK Riepas","robots":{"index":"index","follow":"follow","max-snippet":"max-snippet:-1","max-image-preview":"max-image-preview:large","max-video-preview":"max-video-preview:-1"},"canonical":"https:\/\/mmkriepas.lv\/en\/p\/225-55r18-goodyear-ultragrip-ice-3-102t-xl\/","og_locale":"en_US","og_type":"article","og_title":"225\/55R18 Goodyear UltraGrip Ice 3 102T XL FP","og_description":"Goodyear UltraGrip Ice 3 ir augst\u0101k\u0101s kvalit\u0101tes, premium klases, m\u012bkst\u0101 sast\u0101va jeb Skandin\u0101vijas tipa ziemas riepu modelis. Tas izce\u013cas ar izciliem brauk\u0161anas komforta, dro\u0161\u012bbas, sa\u0137eres un manevr\u0113tsp\u0113jas r\u0101d\u012bt\u0101jiem skarbos ziemas brauk\u0161anas apst\u0101k\u013cos - dzi\u013c\u0101 snieg\u0101 un uz apledoju\u0161\u0101m ce\u013ca virsm\u0101m. \u0160is premium klases ziemas riepu modelis pieejams izm\u0113ru kl\u0101st\u0101 no R15 l\u012bdz pat R22 un piem\u0113rots no kompakltklases l\u012bdz pat luksus klases apvidus automa\u0161\u012bn\u0101m jeb SUV.","og_url":"https:\/\/mmkriepas.lv\/en\/p\/225-55r18-goodyear-ultragrip-ice-3-102t-xl\/","og_site_name":"MMK Riepas","article_publisher":"https:\/\/www.facebook.com\/mmkserviss\/","article_modified_time":"2026-03-27T11:40:02+00:00","og_image":[{"width":1920,"height":1920,"url":"https:\/\/mmkriepas.lv\/wp-content\/uploads\/2023\/09\/22545r17-goodyear-ultragrip-ice-3-94t-xl-ziemas-riepas.jpg","type":"image\/jpeg"}],"twitter_card":"summary_large_image","twitter_misc":{"Price":"&euro;212.00","Availability":"In stock"},"schema":{"@context":"https:\/\/schema.org","@graph":[{"@type":"WebPage","@id":"https:\/\/mmkriepas.lv\/en\/p\/225-55r18-goodyear-ultragrip-ice-3-102t-xl\/","url":"https:\/\/mmkriepas.lv\/en\/p\/225-55r18-goodyear-ultragrip-ice-3-102t-xl\/","name":"225\/55R18 Goodyear UltraGrip Ice 3 102T XL FP &#8226; MMK Riepas","isPartOf":{"@id":"https:\/\/mmkriepas.lv\/en\/#website"},"primaryImageOfPage":{"@id":"https:\/\/mmkriepas.lv\/en\/p\/225-55r18-goodyear-ultragrip-ice-3-102t-xl\/#primaryimage"},"image":{"@id":"https:\/\/mmkriepas.lv\/en\/p\/225-55r18-goodyear-ultragrip-ice-3-102t-xl\/#primaryimage"},"thumbnailUrl":"https:\/\/mmkriepas.lv\/wp-content\/uploads\/2023\/09\/22545r17-goodyear-ultragrip-ice-3-94t-xl-ziemas-riepas.jpg","datePublished":"2023-07-11T13:54:03+00:00","dateModified":"2026-03-27T11:40:02+00:00","breadcrumb":{"@id":"https:\/\/mmkriepas.lv\/en\/p\/225-55r18-goodyear-ultragrip-ice-3-102t-xl\/#breadcrumb"},"inLanguage":"en-US","potentialAction":[{"@type":"ReadAction","target":["https:\/\/mmkriepas.lv\/en\/p\/225-55r18-goodyear-ultragrip-ice-3-102t-xl\/"]}]},{"@type":"ImageObject","inLanguage":"en-US","@id":"https:\/\/mmkriepas.lv\/en\/p\/225-55r18-goodyear-ultragrip-ice-3-102t-xl\/#primaryimage","url":"https:\/\/mmkriepas.lv\/wp-content\/uploads\/2023\/09\/22545r17-goodyear-ultragrip-ice-3-94t-xl-ziemas-riepas.jpg","contentUrl":"https:\/\/mmkriepas.lv\/wp-content\/uploads\/2023\/09\/22545r17-goodyear-ultragrip-ice-3-94t-xl-ziemas-riepas.jpg","width":1920,"height":1920,"caption":"MAIN"},{"@type":"BreadcrumbList","@id":"https:\/\/mmkriepas.lv\/en\/p\/225-55r18-goodyear-ultragrip-ice-3-102t-xl\/#breadcrumb","itemListElement":[{"@type":"ListItem","position":1,"name":"S\u0101kums","item":"https:\/\/mmkriepas.lv\/en\/"},{"@type":"ListItem","position":2,"name":"225\/55R18 Goodyear UltraGrip Ice 3 102T XL FP"}]},{"@type":"WebSite","@id":"https:\/\/mmkriepas.lv\/en\/#website","url":"https:\/\/mmkriepas.lv\/en\/","name":"MMK Riepas","description":"MMK Riepas","alternateName":"MMK Riepu Serviss","potentialAction":[{"@type":"SearchAction","target":{"@type":"EntryPoint","urlTemplate":"https:\/\/mmkriepas.lv\/en\/?s={search_term_string}"},"query-input":{"@type":"PropertyValueSpecification","valueRequired":true,"valueName":"search_term_string"}}],"inLanguage":"en-US"},{"@type":"ImageObject","inLanguage":"en-US","@id":"https:\/\/mmkriepas.lv\/en\/p\/225-55r18-goodyear-ultragrip-ice-3-102t-xl\/#local-main-organization-logo","url":"","contentUrl":"","caption":"MMK Riepas"}]},"product_brand":"Goodyear UltraGrip Ice 3","product_price_amount":"212.00","product_price_currency":"EUR","og_availability":"instock","product_availability":"instock","product_retailer_item_id":"TW2255518GOODY-L27636","product_condition":"new"},"_links":{"self":[{"href":"https:\/\/mmkriepas.lv\/en\/wp-json\/wp\/v2\/product\/761446","targetHints":{"allow":["GET"]}}],"collection":[{"href":"https:\/\/mmkriepas.lv\/en\/wp-json\/wp\/v2\/product"}],"about":[{"href":"https:\/\/mmkriepas.lv\/en\/wp-json\/wp\/v2\/types\/product"}],"wp:featuredmedia":[{"embeddable":true,"href":"https:\/\/mmkriepas.lv\/en\/wp-json\/wp\/v2\/media\/796993"}],"wp:attachment":[{"href":"https:\/\/mmkriepas.lv\/en\/wp-json\/wp\/v2\/media?parent=761446"}],"wp:term":[{"taxonomy":"product_brand","embeddable":true,"href":"https:\/\/mmkriepas.lv\/en\/wp-json\/wp\/v2\/product_brand?post=761446"},{"taxonomy":"product_cat","embeddable":true,"href":"https:\/\/mmkriepas.lv\/en\/wp-json\/wp\/v2\/product_cat?post=761446"},{"taxonomy":"product_tag","embeddable":true,"href":"https:\/\/mmkriepas.lv\/en\/wp-json\/wp\/v2\/product_tag?post=761446"}],"curies":[{"name":"wp","href":"https:\/\/api.w.org\/{rel}","templated":true}]}}