{"id":760174,"date":"2023-07-07T09:27:32","date_gmt":"2023-07-07T06:27:32","guid":{"rendered":"https:\/\/mmkserviss.lv\/?post_type=product&#038;p=760174"},"modified":"2026-03-12T00:29:30","modified_gmt":"2026-03-11T22:29:30","slug":"245-35r19-toyo-proxes-sport-2-93y-xl-2","status":"publish","type":"product","link":"https:\/\/mmkriepas.lv\/en\/p\/245-35r19-toyo-proxes-sport-2-93y-xl-2\/","title":{"rendered":"245\/35R19 Toyo Proxes Sport 2 93Y XL RP"},"content":{"rendered":"<p><strong>Toyo Proxes Sport 2<\/strong> ir augstas vektsp\u0113jas jeb UHP vasaras riepu modelis, kas rad\u012bts jaud\u012bg\u0101m automa\u0161\u012bn\u0101m un dinamiskai brauk\u0161anai. Proxes Sport n\u0101ko\u0161\u0101 paaudze ar uzlabotu veiktsp\u0113ju. Ar \u0161o modeli izstr\u0101d\u0101t\u0101jiem izdevies sasniegt izcilu veiktsp\u0113ju nezaud\u0113jot brauk\u0161anas komfortu.<\/p>\n<h2><strong>Proxes Sport<\/strong><strong> 2<\/strong> \u012bpa\u0161\u012bbas:<\/h2>\n<p>+ Teicama darb\u012bba liel\u0101 \u0101trum\u0101.<\/p>\n<p>+ Augsta notur\u012bba pret akvaplan\u0113\u0161anu.<\/p>\n<p>+ A klases sa\u0137ere uz mitra seguma.<\/p>\n<p>+ Liels \u0101truma indekss visos izm\u0113ros.<\/p>\n<p>+ Pateicoties asimetriskajam protektoram, kas sadal\u012bts sekcij\u0101s atkar\u012bb\u0101 no elementu funkcionalit\u0101tes, pan\u0101kta maksim\u0101l\u0101 veikstp\u0113ja.<\/p>\n<p>+ Riepas karkass veidots no sal\u012bdzino\u0161i cieta, bet \u013coti viegla sint\u0113tiska materi\u0101la, k\u0101 rezult\u0101t\u0101 pan\u0101kta augst\u0101ka degvielas ekonomija un bortu iztur\u012bba<\/p>\n<p>+ Izteikta disku aizsargmala. \u00a0<\/p>\n<p>+ Lieliska atbildes reakcija uz st\u016bres kust\u012bb\u0101m<\/p>\n<p><strong>Proxes Sport 2<\/strong> raksturojums:<\/p>\n<p>Asimetrisks protektora elementu izvietojums. Jau zin\u0101ms, ka kust\u012bbas laik\u0101 katram protektora elementam, atkar\u012bb\u0101 no novietojuma, ir j\u0101pilda savas funkcijas. \u013boti izteikti tas ir nov\u0113rojams pie lieliem \u0101trumiem. \u0160\u012b iemesla d\u0113\u013c izstr\u0101d\u0101t\u0101ji deva priek\u0161roku protektoram ar asimetrisku elementu izvietojumu, kas autom\u0101tiski dod iesp\u0113ju vair\u0101k\u0101m protektora dizaina vari\u0101cij\u0101m. Centr\u0101l\u0101s da\u013cas elementi novietoti as\u0101 le\u0146\u0137\u012b, lai nodro\u0161in\u0101tu maksim\u0101lu veiktsp\u0113ju bremz\u0113\u0161anas laik\u0101. Papildus \u0161\u0101ds novietojums pal\u012bdz nov\u0113rst akvaplan\u0113\u0161anu un aizsarg\u0101 no nevienm\u0113r\u012bga nodiluma. Savuk\u0101rt mal\u0113j\u0101s protektora da\u013cas konstru\u0113tas, lai uzlabotu sa\u0137eri un vad\u0101m\u012bbu manevr\u0113jot un pagrie\u017eoties.<\/p>\n<p>\u0160\u0101da veida dizains iev\u0113rojami palielina saskares vietas laukumu, kas v\u0113l vair\u0101k uzlabo riepas brauk\u0161anas raksturlielumus. Da\u017ei no tiem ir sa\u0137ere manevr\u0113\u0161anas laik\u0101, bremz\u0113\u0161ana, iztur\u012bba pret nevienm\u0113r\u012bgu nodilumu un degvielas ekonomija.<\/p>\n<p>Centr\u0101l\u0101 protektora da\u013ca Toyo Proxes Sport 2 modelim ir balst\u012bta uz vair\u0101k\u0101m garenrib\u0101m. Ribas p\u0113c uzb\u016bves ir viengabalainas, jeb nep\u0101rtrauktas, kas riepas stukt\u016bru padara stingru un uzlabo bloku efektivit\u0101ti plecu zon\u0101. \u0160is dizains samazina bremz\u0113\u0161anas ce\u013ca garumu un veicot manevr\u0113\u0161anu, tas vienm\u0113r\u012bgi sadala spiedienu, kas automa\u0161\u012bnas svara d\u0113\u013c rodas starp riepas protektoru un ce\u013ca virsmu. \u013boti svar\u012bga centr\u0101l\u0101s da\u013cas iez\u012bme ir divi izteikti plati \u016bdens izvadkan\u0101li. To izm\u0113ra d\u0113\u013c piln\u012bgi pietiek, lai tiktu gal\u0101 ar visiem akvaplan\u0113\u0161anas draudiem.<\/p>\n","protected":false},"excerpt":{"rendered":"<p><b><span style=\"font-family: 'Arial',sans-serif;\">Toyo Proxes Sport 2<\/span><\/b><span style=\"font-family: 'Arial',sans-serif;\"> ir augstas vektsp\u0113jas jeb UHP vasaras riepu modelis, kas rad\u012bts jaud\u012bg\u0101m automa\u0161\u012bn\u0101m un dinamiskai brauk\u0161anai. Proxes Sport n\u0101ko\u0161\u0101 paaudze ar uzlabotu veiktsp\u0113ju. Ar \u0161o modeli izstr\u0101d\u0101t\u0101jiem izdevies sasniegt izcilu veiktsp\u0113ju nezaud\u0113jot brauk\u0161anas komfortu.<\/span><\/p>\n","protected":false},"featured_media":904552,"template":"","meta":{"_acf_changed":false,"ngg_post_thumbnail":0},"product_brand":[],"product_cat":[46],"product_tag":[],"class_list":{"0":"post-760174","1":"product","2":"type-product","3":"status-publish","4":"has-post-thumbnail","6":"product_cat-vasaras-riepas","8":"first","9":"outofstock","10":"sale","11":"taxable","12":"shipping-taxable","13":"product-type-simple"},"acf":[],"yoast_head":"<!-- This site is optimized with the Yoast SEO Premium plugin v22.6 (Yoast SEO v27.3) - https:\/\/yoast.com\/product\/yoast-seo-premium-wordpress\/ -->\n<title>245\/35R19 Toyo Proxes Sport 2 93Y XL RP &#8226; MMK Riepas<\/title>\n<meta name=\"robots\" content=\"index, follow, max-snippet:-1, max-image-preview:large, max-video-preview:-1\" \/>\n<link rel=\"canonical\" href=\"https:\/\/mmkriepas.lv\/en\/p\/245-35r19-toyo-proxes-sport-2-93y-xl-2\/\" \/>\n<meta property=\"og:locale\" content=\"en_US\" \/>\n<meta property=\"og:type\" content=\"article\" \/>\n<meta property=\"og:title\" content=\"245\/35R19 Toyo Proxes Sport 2 93Y XL RP\" \/>\n<meta property=\"og:description\" content=\"Toyo Proxes Sport 2 ir augstas vektsp\u0113jas jeb UHP vasaras riepu modelis, kas rad\u012bts jaud\u012bg\u0101m automa\u0161\u012bn\u0101m un dinamiskai brauk\u0161anai. Proxes Sport n\u0101ko\u0161\u0101 paaudze ar uzlabotu veiktsp\u0113ju. Ar \u0161o modeli izstr\u0101d\u0101t\u0101jiem izdevies sasniegt izcilu veiktsp\u0113ju nezaud\u0113jot brauk\u0161anas komfortu.\" \/>\n<meta property=\"og:url\" content=\"https:\/\/mmkriepas.lv\/en\/p\/245-35r19-toyo-proxes-sport-2-93y-xl-2\/\" \/>\n<meta property=\"og:site_name\" content=\"MMK Riepas\" \/>\n<meta property=\"article:publisher\" content=\"https:\/\/www.facebook.com\/mmkserviss\/\" \/>\n<meta property=\"article:modified_time\" content=\"2026-03-11T22:29:30+00:00\" \/>\n<meta property=\"og:image\" content=\"https:\/\/mmkriepas.lv\/wp-content\/uploads\/2024\/05\/toyo-proxes-sport-2.jpg\" \/>\n\t<meta property=\"og:image:width\" content=\"900\" \/>\n\t<meta property=\"og:image:height\" content=\"720\" \/>\n\t<meta property=\"og:image:type\" content=\"image\/jpeg\" \/>\n<meta name=\"twitter:card\" content=\"summary_large_image\" \/>\n<meta name=\"twitter:label1\" content=\"Price\" \/>\n\t<meta name=\"twitter:data1\" content=\"&euro;20.00\" \/>\n\t<meta name=\"twitter:label2\" content=\"Availability\" \/>\n\t<meta name=\"twitter:data2\" content=\"Out of stock\" \/>\n<script type=\"application\/ld+json\" class=\"yoast-schema-graph\">{\"@context\":\"https:\\\/\\\/schema.org\",\"@graph\":[{\"@type\":\"WebPage\",\"@id\":\"https:\\\/\\\/mmkriepas.lv\\\/en\\\/p\\\/245-35r19-toyo-proxes-sport-2-93y-xl-2\\\/\",\"url\":\"https:\\\/\\\/mmkriepas.lv\\\/en\\\/p\\\/245-35r19-toyo-proxes-sport-2-93y-xl-2\\\/\",\"name\":\"245\\\/35R19 Toyo Proxes Sport 2 93Y XL RP &#8226; MMK Riepas\",\"isPartOf\":{\"@id\":\"https:\\\/\\\/mmkriepas.lv\\\/en\\\/#website\"},\"primaryImageOfPage\":{\"@id\":\"https:\\\/\\\/mmkriepas.lv\\\/en\\\/p\\\/245-35r19-toyo-proxes-sport-2-93y-xl-2\\\/#primaryimage\"},\"image\":{\"@id\":\"https:\\\/\\\/mmkriepas.lv\\\/en\\\/p\\\/245-35r19-toyo-proxes-sport-2-93y-xl-2\\\/#primaryimage\"},\"thumbnailUrl\":\"https:\\\/\\\/mmkriepas.lv\\\/wp-content\\\/uploads\\\/2024\\\/05\\\/toyo-proxes-sport-2.jpg\",\"datePublished\":\"2023-07-07T06:27:32+00:00\",\"dateModified\":\"2026-03-11T22:29:30+00:00\",\"breadcrumb\":{\"@id\":\"https:\\\/\\\/mmkriepas.lv\\\/en\\\/p\\\/245-35r19-toyo-proxes-sport-2-93y-xl-2\\\/#breadcrumb\"},\"inLanguage\":\"en-US\",\"potentialAction\":[{\"@type\":\"ReadAction\",\"target\":[\"https:\\\/\\\/mmkriepas.lv\\\/en\\\/p\\\/245-35r19-toyo-proxes-sport-2-93y-xl-2\\\/\"]}]},{\"@type\":\"ImageObject\",\"inLanguage\":\"en-US\",\"@id\":\"https:\\\/\\\/mmkriepas.lv\\\/en\\\/p\\\/245-35r19-toyo-proxes-sport-2-93y-xl-2\\\/#primaryimage\",\"url\":\"https:\\\/\\\/mmkriepas.lv\\\/wp-content\\\/uploads\\\/2024\\\/05\\\/toyo-proxes-sport-2.jpg\",\"contentUrl\":\"https:\\\/\\\/mmkriepas.lv\\\/wp-content\\\/uploads\\\/2024\\\/05\\\/toyo-proxes-sport-2.jpg\",\"width\":900,\"height\":720,\"caption\":\"MAIN\"},{\"@type\":\"BreadcrumbList\",\"@id\":\"https:\\\/\\\/mmkriepas.lv\\\/en\\\/p\\\/245-35r19-toyo-proxes-sport-2-93y-xl-2\\\/#breadcrumb\",\"itemListElement\":[{\"@type\":\"ListItem\",\"position\":1,\"name\":\"S\u0101kums\",\"item\":\"https:\\\/\\\/mmkriepas.lv\\\/en\\\/\"},{\"@type\":\"ListItem\",\"position\":2,\"name\":\"245\\\/35R19 Toyo Proxes Sport 2 93Y XL RP\"}]},{\"@type\":\"WebSite\",\"@id\":\"https:\\\/\\\/mmkriepas.lv\\\/en\\\/#website\",\"url\":\"https:\\\/\\\/mmkriepas.lv\\\/en\\\/\",\"name\":\"MMK Riepas\",\"description\":\"MMK Riepas\",\"alternateName\":\"MMK Riepu Serviss\",\"potentialAction\":[{\"@type\":\"SearchAction\",\"target\":{\"@type\":\"EntryPoint\",\"urlTemplate\":\"https:\\\/\\\/mmkriepas.lv\\\/en\\\/?s={search_term_string}\"},\"query-input\":{\"@type\":\"PropertyValueSpecification\",\"valueRequired\":true,\"valueName\":\"search_term_string\"}}],\"inLanguage\":\"en-US\"},{\"@type\":\"ImageObject\",\"inLanguage\":\"en-US\",\"@id\":\"https:\\\/\\\/mmkriepas.lv\\\/en\\\/p\\\/245-35r19-toyo-proxes-sport-2-93y-xl-2\\\/#local-main-organization-logo\",\"url\":\"\",\"contentUrl\":\"\",\"caption\":\"MMK Riepas\"}]}<\/script>\n<meta property=\"product:brand\" content=\"Toyo Proxes Sport 2\" \/>\n<meta property=\"product:price:amount\" content=\"20.00\" \/>\n<meta property=\"product:price:currency\" content=\"EUR\" \/>\n<meta property=\"og:availability\" content=\"out of stock\" \/>\n<meta property=\"product:availability\" content=\"out of stock\" \/>\n<meta property=\"product:retailer_item_id\" content=\"TS2453519TOYO-26169\" \/>\n<meta property=\"product:condition\" content=\"new\" \/>\n<!-- \/ Yoast SEO Premium plugin. -->","yoast_head_json":{"title":"245\/35R19 Toyo Proxes Sport 2 93Y XL RP &#8226; MMK Riepas","robots":{"index":"index","follow":"follow","max-snippet":"max-snippet:-1","max-image-preview":"max-image-preview:large","max-video-preview":"max-video-preview:-1"},"canonical":"https:\/\/mmkriepas.lv\/en\/p\/245-35r19-toyo-proxes-sport-2-93y-xl-2\/","og_locale":"en_US","og_type":"article","og_title":"245\/35R19 Toyo Proxes Sport 2 93Y XL RP","og_description":"Toyo Proxes Sport 2 ir augstas vektsp\u0113jas jeb UHP vasaras riepu modelis, kas rad\u012bts jaud\u012bg\u0101m automa\u0161\u012bn\u0101m un dinamiskai brauk\u0161anai. Proxes Sport n\u0101ko\u0161\u0101 paaudze ar uzlabotu veiktsp\u0113ju. Ar \u0161o modeli izstr\u0101d\u0101t\u0101jiem izdevies sasniegt izcilu veiktsp\u0113ju nezaud\u0113jot brauk\u0161anas komfortu.","og_url":"https:\/\/mmkriepas.lv\/en\/p\/245-35r19-toyo-proxes-sport-2-93y-xl-2\/","og_site_name":"MMK Riepas","article_publisher":"https:\/\/www.facebook.com\/mmkserviss\/","article_modified_time":"2026-03-11T22:29:30+00:00","og_image":[{"width":900,"height":720,"url":"https:\/\/mmkriepas.lv\/wp-content\/uploads\/2024\/05\/toyo-proxes-sport-2.jpg","type":"image\/jpeg"}],"twitter_card":"summary_large_image","twitter_misc":{"Price":"&euro;20.00","Availability":"Out of stock"},"schema":{"@context":"https:\/\/schema.org","@graph":[{"@type":"WebPage","@id":"https:\/\/mmkriepas.lv\/en\/p\/245-35r19-toyo-proxes-sport-2-93y-xl-2\/","url":"https:\/\/mmkriepas.lv\/en\/p\/245-35r19-toyo-proxes-sport-2-93y-xl-2\/","name":"245\/35R19 Toyo Proxes Sport 2 93Y XL RP &#8226; MMK Riepas","isPartOf":{"@id":"https:\/\/mmkriepas.lv\/en\/#website"},"primaryImageOfPage":{"@id":"https:\/\/mmkriepas.lv\/en\/p\/245-35r19-toyo-proxes-sport-2-93y-xl-2\/#primaryimage"},"image":{"@id":"https:\/\/mmkriepas.lv\/en\/p\/245-35r19-toyo-proxes-sport-2-93y-xl-2\/#primaryimage"},"thumbnailUrl":"https:\/\/mmkriepas.lv\/wp-content\/uploads\/2024\/05\/toyo-proxes-sport-2.jpg","datePublished":"2023-07-07T06:27:32+00:00","dateModified":"2026-03-11T22:29:30+00:00","breadcrumb":{"@id":"https:\/\/mmkriepas.lv\/en\/p\/245-35r19-toyo-proxes-sport-2-93y-xl-2\/#breadcrumb"},"inLanguage":"en-US","potentialAction":[{"@type":"ReadAction","target":["https:\/\/mmkriepas.lv\/en\/p\/245-35r19-toyo-proxes-sport-2-93y-xl-2\/"]}]},{"@type":"ImageObject","inLanguage":"en-US","@id":"https:\/\/mmkriepas.lv\/en\/p\/245-35r19-toyo-proxes-sport-2-93y-xl-2\/#primaryimage","url":"https:\/\/mmkriepas.lv\/wp-content\/uploads\/2024\/05\/toyo-proxes-sport-2.jpg","contentUrl":"https:\/\/mmkriepas.lv\/wp-content\/uploads\/2024\/05\/toyo-proxes-sport-2.jpg","width":900,"height":720,"caption":"MAIN"},{"@type":"BreadcrumbList","@id":"https:\/\/mmkriepas.lv\/en\/p\/245-35r19-toyo-proxes-sport-2-93y-xl-2\/#breadcrumb","itemListElement":[{"@type":"ListItem","position":1,"name":"S\u0101kums","item":"https:\/\/mmkriepas.lv\/en\/"},{"@type":"ListItem","position":2,"name":"245\/35R19 Toyo Proxes Sport 2 93Y XL RP"}]},{"@type":"WebSite","@id":"https:\/\/mmkriepas.lv\/en\/#website","url":"https:\/\/mmkriepas.lv\/en\/","name":"MMK Riepas","description":"MMK Riepas","alternateName":"MMK Riepu Serviss","potentialAction":[{"@type":"SearchAction","target":{"@type":"EntryPoint","urlTemplate":"https:\/\/mmkriepas.lv\/en\/?s={search_term_string}"},"query-input":{"@type":"PropertyValueSpecification","valueRequired":true,"valueName":"search_term_string"}}],"inLanguage":"en-US"},{"@type":"ImageObject","inLanguage":"en-US","@id":"https:\/\/mmkriepas.lv\/en\/p\/245-35r19-toyo-proxes-sport-2-93y-xl-2\/#local-main-organization-logo","url":"","contentUrl":"","caption":"MMK Riepas"}]},"product_brand":"Toyo Proxes Sport 2","product_price_amount":"20.00","product_price_currency":"EUR","og_availability":"out of stock","product_availability":"out of stock","product_retailer_item_id":"TS2453519TOYO-26169","product_condition":"new"},"_links":{"self":[{"href":"https:\/\/mmkriepas.lv\/en\/wp-json\/wp\/v2\/product\/760174","targetHints":{"allow":["GET"]}}],"collection":[{"href":"https:\/\/mmkriepas.lv\/en\/wp-json\/wp\/v2\/product"}],"about":[{"href":"https:\/\/mmkriepas.lv\/en\/wp-json\/wp\/v2\/types\/product"}],"wp:featuredmedia":[{"embeddable":true,"href":"https:\/\/mmkriepas.lv\/en\/wp-json\/wp\/v2\/media\/904552"}],"wp:attachment":[{"href":"https:\/\/mmkriepas.lv\/en\/wp-json\/wp\/v2\/media?parent=760174"}],"wp:term":[{"taxonomy":"product_brand","embeddable":true,"href":"https:\/\/mmkriepas.lv\/en\/wp-json\/wp\/v2\/product_brand?post=760174"},{"taxonomy":"product_cat","embeddable":true,"href":"https:\/\/mmkriepas.lv\/en\/wp-json\/wp\/v2\/product_cat?post=760174"},{"taxonomy":"product_tag","embeddable":true,"href":"https:\/\/mmkriepas.lv\/en\/wp-json\/wp\/v2\/product_tag?post=760174"}],"curies":[{"name":"wp","href":"https:\/\/api.w.org\/{rel}","templated":true}]}}