{"id":758680,"date":"2023-07-06T12:25:58","date_gmt":"2023-07-06T09:25:58","guid":{"rendered":"https:\/\/mmkserviss.lv\/?post_type=product&#038;p=758680"},"modified":"2026-03-30T13:20:04","modified_gmt":"2026-03-30T10:20:04","slug":"235-45r18-yokohama-bluearth-gt-ae51-94w-2","status":"publish","type":"product","link":"https:\/\/mmkriepas.lv\/en\/p\/235-45r18-yokohama-bluearth-gt-ae51-94w-2\/","title":{"rendered":"235\/45R18 Yokohama BluEarth-GT AE51 94W RPB"},"content":{"rendered":"<p style=\"margin: 12.0pt 0cm 12.0pt 0cm;\"><b><span style=\"font-size: 11.0pt; font-family: 'Arial',sans-serif; color: black;\">Yokohama BluEarth-GT AE51 <\/span><\/b><span style=\"font-size: 11.0pt; font-family: 'Arial',sans-serif; color: black;\">ir augst\u0101k\u0101s kvalit\u0101tes jeb Premium klases vasaras riepu modelis. Tas veidots ar univers\u0101l\u0101m veiktsp\u0113jas \u012bpa\u0161\u012bb\u0101m gan uz sausa un slapja asfalta, gan ar\u012b grants vai me\u017ea ce\u013ciem. \u0160is riepu modelis izce\u013cas ar\u012b ar teicamiem komforta, nodilumiztur\u012bbas un degvielas ekonomijas r\u0101d\u012bt\u0101jiem. Modelis paredz\u0113ts kompaktklases un vid\u0113ja izm\u0113ra vieglaj\u0101m automa\u0161\u012bn\u0101m.\u00a0<\/span><o:p><\/o:p><\/p>\n<h3 style=\"margin: 14.0pt 0cm 4.0pt 0cm;\"><span style=\"font-size: 13.0pt; font-family: 'Arial',sans-serif; color: black;\">BluEarth-GT AE51 galven\u0101s iez\u012bmes<\/span><o:p><\/o:p><\/h3>\n<p style=\"margin: 12.0pt 0cm 12.0pt 0cm;\"><span style=\"font-size: 11.0pt; font-family: 'Arial',sans-serif; color: black;\">+ Izcili sa\u0137eres r\u0101d\u012bt\u0101ji gan uz sausa un slapja asfalta, gan ar\u012b grants ce\u013ciem.<\/span><o:p><\/o:p><\/p>\n<p style=\"margin: 12.0pt 0cm 12.0pt 0cm;\"><span style=\"font-size: 11.0pt; font-family: 'Arial',sans-serif; color: black;\">+ Zems akvaplan\u0113\u0161anas risks.<\/span><o:p><\/o:p><\/p>\n<p style=\"margin: 12.0pt 0cm 12.0pt 0cm;\"><span style=\"font-size: 11.0pt; font-family: 'Arial',sans-serif; color: black;\">+ Palielin\u0101ta nodilumiztur\u012bba.<\/span><o:p><\/o:p><\/p>\n<p style=\"margin: 12.0pt 0cm 12.0pt 0cm;\"><span style=\"font-size: 11.0pt; font-family: 'Arial',sans-serif; color: black;\">+ Izteikts akustiskais un brauk\u0161anas gaitas komforts.<\/span><o:p><\/o:p><\/p>\n<h3 style=\"margin: 14.0pt 0cm 4.0pt 0cm;\"><span style=\"font-size: 13.0pt; font-family: 'Arial',sans-serif; color: black;\">BluEarth-GT AE51 apr\u012bkojums<\/span><o:p><\/o:p><\/h3>\n<p style=\"margin: 12.0pt 0cm 12.0pt 0cm;\"><b><span style=\"font-size: 11.0pt; font-family: 'Arial',sans-serif; color: black;\">Yokohama BluEarth-GT AE51 <\/span><\/b><span style=\"font-size: 11.0pt; font-family: 'Arial',sans-serif; color: black;\">vasaras riepas apr\u012bkotas ar visai rupju asimetrisko protektora rakstu. \u0160\u0101ds dizains izv\u0113l\u0113ts, lai uzlabotu riepu veiktsp\u0113ju uz grants ce\u013ciem. Turkl\u0101t, protektors veidots div\u0101s k\u0101rt\u0101s, kur apak\u0161\u0113j\u0101 k\u0101rta ir krietni ciet\u0101ka, uzlabojot stabilit\u0101ti un nodilumiztur\u012bbu. Savuk\u0101rt, aug\u0161\u0113j\u0101 k\u0101rta ir m\u012bkst\u0101ka, uzlabojot sa\u0137eres \u012bpa\u0161\u012bbas uz sausa un slapja asfalta.<\/span><o:p><\/o:p><\/p>\n<p style=\"margin: 12.0pt 0cm 12.0pt 0cm;\"><span style=\"font-size: 11.0pt; font-family: 'Arial',sans-serif; color: black;\">Zemu akvaplan\u0113\u0161anas risku nodro\u0161ina asimetriski izvietotie dren\u0101\u017eas jeb \u016bdens novadkan\u0101li. Tie \u0101tri un efekt\u012bvi riepas sa\u0137eres virsmu atbr\u012bvo no \u016bdens, vienlaikus uzlabojot ar\u012b sa\u0137eri uz slapja asfalta.\u00a0<\/span><\/p>\n","protected":false},"excerpt":{"rendered":"<p><b><span style=\"font-size: 11.0pt; font-family: 'Arial',sans-serif; color: black;\">Yokohama BluEarth-GT AE51 <\/span><\/b><span style=\"font-size: 11.0pt; font-family: 'Arial',sans-serif; color: black;\">ir augst\u0101k\u0101s kvalit\u0101tes jeb Premium klases vasaras riepu modelis. Tas veidots ar univers\u0101l\u0101m veiktsp\u0113jas \u012bpa\u0161\u012bb\u0101m gan uz sausa un slapja asfalta, gan ar\u012b grants vai me\u017ea ce\u013ciem. \u0160is riepu modelis izce\u013cas ar\u012b ar teicamiem komforta, nodilumiztur\u012bbas un degvielas ekonomijas r\u0101d\u012bt\u0101jiem. Modelis paredz\u0113ts kompaktklases un vid\u0113ja izm\u0113ra vieglaj\u0101m automa\u0161\u012bn\u0101m.\u00a0<\/span><\/p>\n","protected":false},"featured_media":889238,"template":"","meta":{"_acf_changed":false,"ngg_post_thumbnail":0},"product_brand":[],"product_cat":[46],"product_tag":[],"class_list":{"0":"post-758680","1":"product","2":"type-product","3":"status-publish","4":"has-post-thumbnail","6":"product_cat-vasaras-riepas","8":"first","9":"instock","10":"sale","11":"taxable","12":"shipping-taxable","13":"purchasable","14":"product-type-simple"},"acf":[],"yoast_head":"<!-- This site is optimized with the Yoast SEO Premium plugin v22.6 (Yoast SEO v27.3) - https:\/\/yoast.com\/product\/yoast-seo-premium-wordpress\/ -->\n<title>235\/45R18 Yokohama BluEarth-GT AE51 94W RPB &#8226; MMK Riepas<\/title>\n<meta name=\"robots\" content=\"index, follow, max-snippet:-1, max-image-preview:large, max-video-preview:-1\" \/>\n<link rel=\"canonical\" href=\"https:\/\/mmkriepas.lv\/en\/p\/235-45r18-yokohama-bluearth-gt-ae51-94w-2\/\" \/>\n<meta property=\"og:locale\" content=\"en_US\" \/>\n<meta property=\"og:type\" content=\"article\" \/>\n<meta property=\"og:title\" content=\"235\/45R18 Yokohama BluEarth-GT AE51 94W RPB\" \/>\n<meta property=\"og:description\" content=\"Yokohama BluEarth-GT AE51 ir augst\u0101k\u0101s kvalit\u0101tes jeb Premium klases vasaras riepu modelis. Tas veidots ar univers\u0101l\u0101m veiktsp\u0113jas \u012bpa\u0161\u012bb\u0101m gan uz sausa un slapja asfalta, gan ar\u012b grants vai me\u017ea ce\u013ciem. \u0160is riepu modelis izce\u013cas ar\u012b ar teicamiem komforta, nodilumiztur\u012bbas un degvielas ekonomijas r\u0101d\u012bt\u0101jiem. Modelis paredz\u0113ts kompaktklases un vid\u0113ja izm\u0113ra vieglaj\u0101m automa\u0161\u012bn\u0101m.\u00a0\" \/>\n<meta property=\"og:url\" content=\"https:\/\/mmkriepas.lv\/en\/p\/235-45r18-yokohama-bluearth-gt-ae51-94w-2\/\" \/>\n<meta property=\"og:site_name\" content=\"MMK Riepas\" \/>\n<meta property=\"article:publisher\" content=\"https:\/\/www.facebook.com\/mmkserviss\/\" \/>\n<meta property=\"article:modified_time\" content=\"2026-03-30T10:20:04+00:00\" \/>\n<meta property=\"og:image\" content=\"https:\/\/mmkriepas.lv\/wp-content\/uploads\/2024\/04\/25545r18-yokohama-bluearth-gt-ae51-99w-vasaras-riepas.jpg\" \/>\n\t<meta property=\"og:image:width\" content=\"1000\" \/>\n\t<meta property=\"og:image:height\" content=\"750\" \/>\n\t<meta property=\"og:image:type\" content=\"image\/jpeg\" \/>\n<meta name=\"twitter:card\" content=\"summary_large_image\" \/>\n<meta name=\"twitter:label1\" content=\"Price\" \/>\n\t<meta name=\"twitter:data1\" content=\"&euro;131.00\" \/>\n\t<meta name=\"twitter:label2\" content=\"Availability\" \/>\n\t<meta name=\"twitter:data2\" content=\"In stock\" \/>\n<script type=\"application\/ld+json\" class=\"yoast-schema-graph\">{\"@context\":\"https:\\\/\\\/schema.org\",\"@graph\":[{\"@type\":\"WebPage\",\"@id\":\"https:\\\/\\\/mmkriepas.lv\\\/en\\\/p\\\/235-45r18-yokohama-bluearth-gt-ae51-94w-2\\\/\",\"url\":\"https:\\\/\\\/mmkriepas.lv\\\/en\\\/p\\\/235-45r18-yokohama-bluearth-gt-ae51-94w-2\\\/\",\"name\":\"235\\\/45R18 Yokohama BluEarth-GT AE51 94W RPB &#8226; MMK Riepas\",\"isPartOf\":{\"@id\":\"https:\\\/\\\/mmkriepas.lv\\\/en\\\/#website\"},\"primaryImageOfPage\":{\"@id\":\"https:\\\/\\\/mmkriepas.lv\\\/en\\\/p\\\/235-45r18-yokohama-bluearth-gt-ae51-94w-2\\\/#primaryimage\"},\"image\":{\"@id\":\"https:\\\/\\\/mmkriepas.lv\\\/en\\\/p\\\/235-45r18-yokohama-bluearth-gt-ae51-94w-2\\\/#primaryimage\"},\"thumbnailUrl\":\"https:\\\/\\\/mmkriepas.lv\\\/wp-content\\\/uploads\\\/2024\\\/04\\\/25545r18-yokohama-bluearth-gt-ae51-99w-vasaras-riepas.jpg\",\"datePublished\":\"2023-07-06T09:25:58+00:00\",\"dateModified\":\"2026-03-30T10:20:04+00:00\",\"breadcrumb\":{\"@id\":\"https:\\\/\\\/mmkriepas.lv\\\/en\\\/p\\\/235-45r18-yokohama-bluearth-gt-ae51-94w-2\\\/#breadcrumb\"},\"inLanguage\":\"en-US\",\"potentialAction\":[{\"@type\":\"ReadAction\",\"target\":[\"https:\\\/\\\/mmkriepas.lv\\\/en\\\/p\\\/235-45r18-yokohama-bluearth-gt-ae51-94w-2\\\/\"]}]},{\"@type\":\"ImageObject\",\"inLanguage\":\"en-US\",\"@id\":\"https:\\\/\\\/mmkriepas.lv\\\/en\\\/p\\\/235-45r18-yokohama-bluearth-gt-ae51-94w-2\\\/#primaryimage\",\"url\":\"https:\\\/\\\/mmkriepas.lv\\\/wp-content\\\/uploads\\\/2024\\\/04\\\/25545r18-yokohama-bluearth-gt-ae51-99w-vasaras-riepas.jpg\",\"contentUrl\":\"https:\\\/\\\/mmkriepas.lv\\\/wp-content\\\/uploads\\\/2024\\\/04\\\/25545r18-yokohama-bluearth-gt-ae51-99w-vasaras-riepas.jpg\",\"width\":1000,\"height\":750,\"caption\":\"MAIN\"},{\"@type\":\"BreadcrumbList\",\"@id\":\"https:\\\/\\\/mmkriepas.lv\\\/en\\\/p\\\/235-45r18-yokohama-bluearth-gt-ae51-94w-2\\\/#breadcrumb\",\"itemListElement\":[{\"@type\":\"ListItem\",\"position\":1,\"name\":\"S\u0101kums\",\"item\":\"https:\\\/\\\/mmkriepas.lv\\\/en\\\/\"},{\"@type\":\"ListItem\",\"position\":2,\"name\":\"235\\\/45R18 Yokohama BluEarth-GT AE51 94W RPB\"}]},{\"@type\":\"WebSite\",\"@id\":\"https:\\\/\\\/mmkriepas.lv\\\/en\\\/#website\",\"url\":\"https:\\\/\\\/mmkriepas.lv\\\/en\\\/\",\"name\":\"MMK Riepas\",\"description\":\"MMK Riepas\",\"alternateName\":\"MMK Riepu Serviss\",\"potentialAction\":[{\"@type\":\"SearchAction\",\"target\":{\"@type\":\"EntryPoint\",\"urlTemplate\":\"https:\\\/\\\/mmkriepas.lv\\\/en\\\/?s={search_term_string}\"},\"query-input\":{\"@type\":\"PropertyValueSpecification\",\"valueRequired\":true,\"valueName\":\"search_term_string\"}}],\"inLanguage\":\"en-US\"},{\"@type\":\"ImageObject\",\"inLanguage\":\"en-US\",\"@id\":\"https:\\\/\\\/mmkriepas.lv\\\/en\\\/p\\\/235-45r18-yokohama-bluearth-gt-ae51-94w-2\\\/#local-main-organization-logo\",\"url\":\"\",\"contentUrl\":\"\",\"caption\":\"MMK Riepas\"}]}<\/script>\n<meta property=\"product:brand\" content=\"Yokohama BluEarth-GT AE51\" \/>\n<meta property=\"product:price:amount\" content=\"131.00\" \/>\n<meta property=\"product:price:currency\" content=\"EUR\" \/>\n<meta property=\"og:availability\" content=\"instock\" \/>\n<meta property=\"product:availability\" content=\"instock\" \/>\n<meta property=\"product:retailer_item_id\" content=\"TS2354518YOKOH-26285\" \/>\n<meta property=\"product:condition\" content=\"new\" \/>\n<!-- \/ Yoast SEO Premium plugin. -->","yoast_head_json":{"title":"235\/45R18 Yokohama BluEarth-GT AE51 94W RPB &#8226; MMK Riepas","robots":{"index":"index","follow":"follow","max-snippet":"max-snippet:-1","max-image-preview":"max-image-preview:large","max-video-preview":"max-video-preview:-1"},"canonical":"https:\/\/mmkriepas.lv\/en\/p\/235-45r18-yokohama-bluearth-gt-ae51-94w-2\/","og_locale":"en_US","og_type":"article","og_title":"235\/45R18 Yokohama BluEarth-GT AE51 94W RPB","og_description":"Yokohama BluEarth-GT AE51 ir augst\u0101k\u0101s kvalit\u0101tes jeb Premium klases vasaras riepu modelis. Tas veidots ar univers\u0101l\u0101m veiktsp\u0113jas \u012bpa\u0161\u012bb\u0101m gan uz sausa un slapja asfalta, gan ar\u012b grants vai me\u017ea ce\u013ciem. \u0160is riepu modelis izce\u013cas ar\u012b ar teicamiem komforta, nodilumiztur\u012bbas un degvielas ekonomijas r\u0101d\u012bt\u0101jiem. Modelis paredz\u0113ts kompaktklases un vid\u0113ja izm\u0113ra vieglaj\u0101m automa\u0161\u012bn\u0101m.\u00a0","og_url":"https:\/\/mmkriepas.lv\/en\/p\/235-45r18-yokohama-bluearth-gt-ae51-94w-2\/","og_site_name":"MMK Riepas","article_publisher":"https:\/\/www.facebook.com\/mmkserviss\/","article_modified_time":"2026-03-30T10:20:04+00:00","og_image":[{"width":1000,"height":750,"url":"https:\/\/mmkriepas.lv\/wp-content\/uploads\/2024\/04\/25545r18-yokohama-bluearth-gt-ae51-99w-vasaras-riepas.jpg","type":"image\/jpeg"}],"twitter_card":"summary_large_image","twitter_misc":{"Price":"&euro;131.00","Availability":"In stock"},"schema":{"@context":"https:\/\/schema.org","@graph":[{"@type":"WebPage","@id":"https:\/\/mmkriepas.lv\/en\/p\/235-45r18-yokohama-bluearth-gt-ae51-94w-2\/","url":"https:\/\/mmkriepas.lv\/en\/p\/235-45r18-yokohama-bluearth-gt-ae51-94w-2\/","name":"235\/45R18 Yokohama BluEarth-GT AE51 94W RPB &#8226; MMK Riepas","isPartOf":{"@id":"https:\/\/mmkriepas.lv\/en\/#website"},"primaryImageOfPage":{"@id":"https:\/\/mmkriepas.lv\/en\/p\/235-45r18-yokohama-bluearth-gt-ae51-94w-2\/#primaryimage"},"image":{"@id":"https:\/\/mmkriepas.lv\/en\/p\/235-45r18-yokohama-bluearth-gt-ae51-94w-2\/#primaryimage"},"thumbnailUrl":"https:\/\/mmkriepas.lv\/wp-content\/uploads\/2024\/04\/25545r18-yokohama-bluearth-gt-ae51-99w-vasaras-riepas.jpg","datePublished":"2023-07-06T09:25:58+00:00","dateModified":"2026-03-30T10:20:04+00:00","breadcrumb":{"@id":"https:\/\/mmkriepas.lv\/en\/p\/235-45r18-yokohama-bluearth-gt-ae51-94w-2\/#breadcrumb"},"inLanguage":"en-US","potentialAction":[{"@type":"ReadAction","target":["https:\/\/mmkriepas.lv\/en\/p\/235-45r18-yokohama-bluearth-gt-ae51-94w-2\/"]}]},{"@type":"ImageObject","inLanguage":"en-US","@id":"https:\/\/mmkriepas.lv\/en\/p\/235-45r18-yokohama-bluearth-gt-ae51-94w-2\/#primaryimage","url":"https:\/\/mmkriepas.lv\/wp-content\/uploads\/2024\/04\/25545r18-yokohama-bluearth-gt-ae51-99w-vasaras-riepas.jpg","contentUrl":"https:\/\/mmkriepas.lv\/wp-content\/uploads\/2024\/04\/25545r18-yokohama-bluearth-gt-ae51-99w-vasaras-riepas.jpg","width":1000,"height":750,"caption":"MAIN"},{"@type":"BreadcrumbList","@id":"https:\/\/mmkriepas.lv\/en\/p\/235-45r18-yokohama-bluearth-gt-ae51-94w-2\/#breadcrumb","itemListElement":[{"@type":"ListItem","position":1,"name":"S\u0101kums","item":"https:\/\/mmkriepas.lv\/en\/"},{"@type":"ListItem","position":2,"name":"235\/45R18 Yokohama BluEarth-GT AE51 94W RPB"}]},{"@type":"WebSite","@id":"https:\/\/mmkriepas.lv\/en\/#website","url":"https:\/\/mmkriepas.lv\/en\/","name":"MMK Riepas","description":"MMK Riepas","alternateName":"MMK Riepu Serviss","potentialAction":[{"@type":"SearchAction","target":{"@type":"EntryPoint","urlTemplate":"https:\/\/mmkriepas.lv\/en\/?s={search_term_string}"},"query-input":{"@type":"PropertyValueSpecification","valueRequired":true,"valueName":"search_term_string"}}],"inLanguage":"en-US"},{"@type":"ImageObject","inLanguage":"en-US","@id":"https:\/\/mmkriepas.lv\/en\/p\/235-45r18-yokohama-bluearth-gt-ae51-94w-2\/#local-main-organization-logo","url":"","contentUrl":"","caption":"MMK Riepas"}]},"product_brand":"Yokohama BluEarth-GT AE51","product_price_amount":"131.00","product_price_currency":"EUR","og_availability":"instock","product_availability":"instock","product_retailer_item_id":"TS2354518YOKOH-26285","product_condition":"new"},"_links":{"self":[{"href":"https:\/\/mmkriepas.lv\/en\/wp-json\/wp\/v2\/product\/758680","targetHints":{"allow":["GET"]}}],"collection":[{"href":"https:\/\/mmkriepas.lv\/en\/wp-json\/wp\/v2\/product"}],"about":[{"href":"https:\/\/mmkriepas.lv\/en\/wp-json\/wp\/v2\/types\/product"}],"wp:featuredmedia":[{"embeddable":true,"href":"https:\/\/mmkriepas.lv\/en\/wp-json\/wp\/v2\/media\/889238"}],"wp:attachment":[{"href":"https:\/\/mmkriepas.lv\/en\/wp-json\/wp\/v2\/media?parent=758680"}],"wp:term":[{"taxonomy":"product_brand","embeddable":true,"href":"https:\/\/mmkriepas.lv\/en\/wp-json\/wp\/v2\/product_brand?post=758680"},{"taxonomy":"product_cat","embeddable":true,"href":"https:\/\/mmkriepas.lv\/en\/wp-json\/wp\/v2\/product_cat?post=758680"},{"taxonomy":"product_tag","embeddable":true,"href":"https:\/\/mmkriepas.lv\/en\/wp-json\/wp\/v2\/product_tag?post=758680"}],"curies":[{"name":"wp","href":"https:\/\/api.w.org\/{rel}","templated":true}]}}