{"id":757835,"date":"2023-07-04T18:37:46","date_gmt":"2023-07-04T15:37:46","guid":{"rendered":"https:\/\/mmkserviss.lv\/?post_type=product&#038;p=757835"},"modified":"2026-03-27T13:35:24","modified_gmt":"2026-03-27T11:35:24","slug":"185-65r15-dunlop-winter-response-2-88t","status":"publish","type":"product","link":"https:\/\/mmkriepas.lv\/en\/p\/185-65r15-dunlop-winter-response-2-88t\/","title":{"rendered":"185\/65R15 Dunlop Winter Response 2 88T"},"content":{"rendered":"<p><strong>Dunlop Winter Response 2<\/strong> ir Premium klases riepu ra\u017eot\u0101ja ekonomisk\u0101kais vissezonas\/ziemas riepu modelis. Neskatoties uz to, ka \u0161is skait\u0101s ekonomisk\u0101s klases modelis, tas apr\u012bkots ar virkni vado\u0161o riepu giganta Dunlop tehnolo\u0123iju. Tas izce\u013cas ar \u013coti lab\u0101m sa\u0137eres \u012bpa\u0161\u012bb\u0101m pla\u0161\u0101 brauk\u0161anas apst\u0101k\u013cu spektr\u0101, k\u0101 ar\u012b ar teicamu akustisko un brauk\u0161anas komfortu.<\/p>\n<h3><strong>Dunlop Winter Response 2 galven\u0101s iez\u012bmes<\/strong><\/h3>\n<p>+ \u013boti laba sa\u0137ere ar sausu un slapju asfaltu, k\u0101 ar\u012b ar sniegotiem ce\u013ciem.<br \/>+ Degvielas ekonomija.<br \/>+ Uzlabots akustiskais un brauk\u0161anas komforts.<br \/>+ Vado\u0161\u0101s Dunlop tehnolo\u0123ijas.<br \/>+ Optim\u0101ls cenas un veiktsp\u0113jas koeficents.<\/p>\n<h3><strong>Winter Response 2 apr\u012bkojums<\/strong><\/h3>\n<p><strong>Dunlop Winter Response 2 <\/strong>ziemas riepas apr\u012bkotas ar unik\u0101la dizaina virzienveida protektora rakstu. T\u0101 centr\u0101l\u0101 protektora bloku virkne v\u0113rsta pret\u0113ji kop\u0113jam riepas virzienam. \u0160\u0101ds dizains b\u016btiski uzlabo riepu manevr\u0113tsp\u0113ju pat liel\u0101 brauk\u0161anas \u0101trum\u0101, k\u0101 ar\u012b veicina sa\u0137eres \u012bpa\u0161\u012bbas snieg\u0101.<\/p>\n<p>V-veida protektora bloki bru\u0146oti ar <strong>High Density Sipe System<\/strong> lamel\u0113\u0161anas tehnolo\u0123iju. To palielin\u0101tais skaits pal\u012bdz veidot sa\u0137eri ar sabliet\u0113tu sniegu un ledu, slidenaj\u0101s virsm\u0101s iec\u0113rtoties ar as\u0101m kant\u0113m.<\/p>\n<p>Riepu mode\u013ca gumijas sast\u0101vam, savuk\u0101rt, izmantota <strong>Silica-Plus<\/strong> tehnolo\u0123ija. Tie\u0161i \u0161is piejaukums gumijas sast\u0101vam uzlabojis bremz\u0113\u0161anas, manevr\u0113tsp\u0113jas un komforta \u012bpa\u0161\u012bbas, k\u0101 ar\u012b paildzin\u0101jis riepas ilgm\u016b\u017e\u012bbu.<\/p>\n","protected":false},"excerpt":{"rendered":"<p><strong>Dunlop Winter Response 2<\/strong> ir Premium klases riepu ra\u017eot\u0101ja ekonomisk\u0101kais vissezonas\/ziemas riepu modelis. Neskatoties uz to, ka \u0161is skait\u0101s ekonomisk\u0101s klases modelis, tas apr\u012bkots ar virkni vado\u0161o riepu giganta Dunlop tehnolo\u0123iju. Tas izce\u013cas ar \u013coti lab\u0101m sa\u0137eres \u012bpa\u0161\u012bb\u0101m pla\u0161\u0101 brauk\u0161anas apst\u0101k\u013cu spektr\u0101, k\u0101 ar\u012b ar teicamu akustisko un brauk\u0161anas komfortu.<\/p>\n","protected":false},"featured_media":890024,"template":"","meta":{"_acf_changed":false,"ngg_post_thumbnail":0},"product_brand":[],"product_cat":[47,45],"product_tag":[],"class_list":{"0":"post-757835","1":"product","2":"type-product","3":"status-publish","4":"has-post-thumbnail","6":"product_cat-vissezonas-riepas","7":"product_cat-ziemas-riepas","9":"first","10":"instock","11":"sale","12":"taxable","13":"shipping-taxable","14":"purchasable","15":"product-type-simple"},"acf":[],"yoast_head":"<!-- This site is optimized with the Yoast SEO Premium plugin v22.6 (Yoast SEO v27.3) - https:\/\/yoast.com\/product\/yoast-seo-premium-wordpress\/ -->\n<title>185\/65R15 Dunlop Winter Response 2 88T &#8226; MMK Riepas<\/title>\n<meta name=\"robots\" content=\"index, follow, max-snippet:-1, max-image-preview:large, max-video-preview:-1\" \/>\n<link rel=\"canonical\" href=\"https:\/\/mmkriepas.lv\/en\/p\/185-65r15-dunlop-winter-response-2-88t\/\" \/>\n<meta property=\"og:locale\" content=\"en_US\" \/>\n<meta property=\"og:type\" content=\"article\" \/>\n<meta property=\"og:title\" content=\"185\/65R15 Dunlop Winter Response 2 88T\" \/>\n<meta property=\"og:description\" content=\"Dunlop Winter Response 2 ir Premium klases riepu ra\u017eot\u0101ja ekonomisk\u0101kais vissezonas\/ziemas riepu modelis. Neskatoties uz to, ka \u0161is skait\u0101s ekonomisk\u0101s klases modelis, tas apr\u012bkots ar virkni vado\u0161o riepu giganta Dunlop tehnolo\u0123iju. Tas izce\u013cas ar \u013coti lab\u0101m sa\u0137eres \u012bpa\u0161\u012bb\u0101m pla\u0161\u0101 brauk\u0161anas apst\u0101k\u013cu spektr\u0101, k\u0101 ar\u012b ar teicamu akustisko un brauk\u0161anas komfortu.\" \/>\n<meta property=\"og:url\" content=\"https:\/\/mmkriepas.lv\/en\/p\/185-65r15-dunlop-winter-response-2-88t\/\" \/>\n<meta property=\"og:site_name\" content=\"MMK Riepas\" \/>\n<meta property=\"article:publisher\" content=\"https:\/\/www.facebook.com\/mmkserviss\/\" \/>\n<meta property=\"article:modified_time\" content=\"2026-03-27T11:35:24+00:00\" \/>\n<meta property=\"og:image\" content=\"https:\/\/mmkriepas.lv\/wp-content\/uploads\/2024\/04\/19560r16-dunlop-winter-response-2-89h-xl-dot-ziemas-riepas.jpg\" \/>\n\t<meta property=\"og:image:width\" content=\"800\" \/>\n\t<meta property=\"og:image:height\" content=\"800\" \/>\n\t<meta property=\"og:image:type\" content=\"image\/jpeg\" \/>\n<meta name=\"twitter:card\" content=\"summary_large_image\" \/>\n<meta name=\"twitter:label1\" content=\"Price\" \/>\n\t<meta name=\"twitter:data1\" content=\"&euro;77.00\" \/>\n\t<meta name=\"twitter:label2\" content=\"Availability\" \/>\n\t<meta name=\"twitter:data2\" content=\"In stock\" \/>\n<script type=\"application\/ld+json\" class=\"yoast-schema-graph\">{\"@context\":\"https:\\\/\\\/schema.org\",\"@graph\":[{\"@type\":\"WebPage\",\"@id\":\"https:\\\/\\\/mmkriepas.lv\\\/en\\\/p\\\/185-65r15-dunlop-winter-response-2-88t\\\/\",\"url\":\"https:\\\/\\\/mmkriepas.lv\\\/en\\\/p\\\/185-65r15-dunlop-winter-response-2-88t\\\/\",\"name\":\"185\\\/65R15 Dunlop Winter Response 2 88T &#8226; MMK Riepas\",\"isPartOf\":{\"@id\":\"https:\\\/\\\/mmkriepas.lv\\\/en\\\/#website\"},\"primaryImageOfPage\":{\"@id\":\"https:\\\/\\\/mmkriepas.lv\\\/en\\\/p\\\/185-65r15-dunlop-winter-response-2-88t\\\/#primaryimage\"},\"image\":{\"@id\":\"https:\\\/\\\/mmkriepas.lv\\\/en\\\/p\\\/185-65r15-dunlop-winter-response-2-88t\\\/#primaryimage\"},\"thumbnailUrl\":\"https:\\\/\\\/mmkriepas.lv\\\/wp-content\\\/uploads\\\/2024\\\/04\\\/19560r16-dunlop-winter-response-2-89h-xl-dot-ziemas-riepas.jpg\",\"datePublished\":\"2023-07-04T15:37:46+00:00\",\"dateModified\":\"2026-03-27T11:35:24+00:00\",\"breadcrumb\":{\"@id\":\"https:\\\/\\\/mmkriepas.lv\\\/en\\\/p\\\/185-65r15-dunlop-winter-response-2-88t\\\/#breadcrumb\"},\"inLanguage\":\"en-US\",\"potentialAction\":[{\"@type\":\"ReadAction\",\"target\":[\"https:\\\/\\\/mmkriepas.lv\\\/en\\\/p\\\/185-65r15-dunlop-winter-response-2-88t\\\/\"]}]},{\"@type\":\"ImageObject\",\"inLanguage\":\"en-US\",\"@id\":\"https:\\\/\\\/mmkriepas.lv\\\/en\\\/p\\\/185-65r15-dunlop-winter-response-2-88t\\\/#primaryimage\",\"url\":\"https:\\\/\\\/mmkriepas.lv\\\/wp-content\\\/uploads\\\/2024\\\/04\\\/19560r16-dunlop-winter-response-2-89h-xl-dot-ziemas-riepas.jpg\",\"contentUrl\":\"https:\\\/\\\/mmkriepas.lv\\\/wp-content\\\/uploads\\\/2024\\\/04\\\/19560r16-dunlop-winter-response-2-89h-xl-dot-ziemas-riepas.jpg\",\"width\":800,\"height\":800,\"caption\":\"195\\\/60R16 DUNLOP WINTER RESPONSE 2 89H XL DOT - Ziemas riepas\"},{\"@type\":\"BreadcrumbList\",\"@id\":\"https:\\\/\\\/mmkriepas.lv\\\/en\\\/p\\\/185-65r15-dunlop-winter-response-2-88t\\\/#breadcrumb\",\"itemListElement\":[{\"@type\":\"ListItem\",\"position\":1,\"name\":\"S\u0101kums\",\"item\":\"https:\\\/\\\/mmkriepas.lv\\\/en\\\/\"},{\"@type\":\"ListItem\",\"position\":2,\"name\":\"185\\\/65R15 Dunlop Winter Response 2 88T\"}]},{\"@type\":\"WebSite\",\"@id\":\"https:\\\/\\\/mmkriepas.lv\\\/en\\\/#website\",\"url\":\"https:\\\/\\\/mmkriepas.lv\\\/en\\\/\",\"name\":\"MMK Riepas\",\"description\":\"MMK Riepas\",\"alternateName\":\"MMK Riepu Serviss\",\"potentialAction\":[{\"@type\":\"SearchAction\",\"target\":{\"@type\":\"EntryPoint\",\"urlTemplate\":\"https:\\\/\\\/mmkriepas.lv\\\/en\\\/?s={search_term_string}\"},\"query-input\":{\"@type\":\"PropertyValueSpecification\",\"valueRequired\":true,\"valueName\":\"search_term_string\"}}],\"inLanguage\":\"en-US\"},{\"@type\":\"ImageObject\",\"inLanguage\":\"en-US\",\"@id\":\"https:\\\/\\\/mmkriepas.lv\\\/en\\\/p\\\/185-65r15-dunlop-winter-response-2-88t\\\/#local-main-organization-logo\",\"url\":\"\",\"contentUrl\":\"\",\"caption\":\"MMK Riepas\"}]}<\/script>\n<meta property=\"product:brand\" content=\"Dunlop Winter Response 2\" \/>\n<meta property=\"product:price:amount\" content=\"77.00\" \/>\n<meta property=\"product:price:currency\" content=\"EUR\" \/>\n<meta property=\"og:availability\" content=\"instock\" \/>\n<meta property=\"product:availability\" content=\"instock\" \/>\n<meta property=\"product:retailer_item_id\" content=\"TW1856515DUNLO-L27442\" \/>\n<meta property=\"product:condition\" content=\"new\" \/>\n<!-- \/ Yoast SEO Premium plugin. -->","yoast_head_json":{"title":"185\/65R15 Dunlop Winter Response 2 88T &#8226; MMK Riepas","robots":{"index":"index","follow":"follow","max-snippet":"max-snippet:-1","max-image-preview":"max-image-preview:large","max-video-preview":"max-video-preview:-1"},"canonical":"https:\/\/mmkriepas.lv\/en\/p\/185-65r15-dunlop-winter-response-2-88t\/","og_locale":"en_US","og_type":"article","og_title":"185\/65R15 Dunlop Winter Response 2 88T","og_description":"Dunlop Winter Response 2 ir Premium klases riepu ra\u017eot\u0101ja ekonomisk\u0101kais vissezonas\/ziemas riepu modelis. Neskatoties uz to, ka \u0161is skait\u0101s ekonomisk\u0101s klases modelis, tas apr\u012bkots ar virkni vado\u0161o riepu giganta Dunlop tehnolo\u0123iju. Tas izce\u013cas ar \u013coti lab\u0101m sa\u0137eres \u012bpa\u0161\u012bb\u0101m pla\u0161\u0101 brauk\u0161anas apst\u0101k\u013cu spektr\u0101, k\u0101 ar\u012b ar teicamu akustisko un brauk\u0161anas komfortu.","og_url":"https:\/\/mmkriepas.lv\/en\/p\/185-65r15-dunlop-winter-response-2-88t\/","og_site_name":"MMK Riepas","article_publisher":"https:\/\/www.facebook.com\/mmkserviss\/","article_modified_time":"2026-03-27T11:35:24+00:00","og_image":[{"width":800,"height":800,"url":"https:\/\/mmkriepas.lv\/wp-content\/uploads\/2024\/04\/19560r16-dunlop-winter-response-2-89h-xl-dot-ziemas-riepas.jpg","type":"image\/jpeg"}],"twitter_card":"summary_large_image","twitter_misc":{"Price":"&euro;77.00","Availability":"In stock"},"schema":{"@context":"https:\/\/schema.org","@graph":[{"@type":"WebPage","@id":"https:\/\/mmkriepas.lv\/en\/p\/185-65r15-dunlop-winter-response-2-88t\/","url":"https:\/\/mmkriepas.lv\/en\/p\/185-65r15-dunlop-winter-response-2-88t\/","name":"185\/65R15 Dunlop Winter Response 2 88T &#8226; MMK Riepas","isPartOf":{"@id":"https:\/\/mmkriepas.lv\/en\/#website"},"primaryImageOfPage":{"@id":"https:\/\/mmkriepas.lv\/en\/p\/185-65r15-dunlop-winter-response-2-88t\/#primaryimage"},"image":{"@id":"https:\/\/mmkriepas.lv\/en\/p\/185-65r15-dunlop-winter-response-2-88t\/#primaryimage"},"thumbnailUrl":"https:\/\/mmkriepas.lv\/wp-content\/uploads\/2024\/04\/19560r16-dunlop-winter-response-2-89h-xl-dot-ziemas-riepas.jpg","datePublished":"2023-07-04T15:37:46+00:00","dateModified":"2026-03-27T11:35:24+00:00","breadcrumb":{"@id":"https:\/\/mmkriepas.lv\/en\/p\/185-65r15-dunlop-winter-response-2-88t\/#breadcrumb"},"inLanguage":"en-US","potentialAction":[{"@type":"ReadAction","target":["https:\/\/mmkriepas.lv\/en\/p\/185-65r15-dunlop-winter-response-2-88t\/"]}]},{"@type":"ImageObject","inLanguage":"en-US","@id":"https:\/\/mmkriepas.lv\/en\/p\/185-65r15-dunlop-winter-response-2-88t\/#primaryimage","url":"https:\/\/mmkriepas.lv\/wp-content\/uploads\/2024\/04\/19560r16-dunlop-winter-response-2-89h-xl-dot-ziemas-riepas.jpg","contentUrl":"https:\/\/mmkriepas.lv\/wp-content\/uploads\/2024\/04\/19560r16-dunlop-winter-response-2-89h-xl-dot-ziemas-riepas.jpg","width":800,"height":800,"caption":"195\/60R16 DUNLOP WINTER RESPONSE 2 89H XL DOT - Ziemas riepas"},{"@type":"BreadcrumbList","@id":"https:\/\/mmkriepas.lv\/en\/p\/185-65r15-dunlop-winter-response-2-88t\/#breadcrumb","itemListElement":[{"@type":"ListItem","position":1,"name":"S\u0101kums","item":"https:\/\/mmkriepas.lv\/en\/"},{"@type":"ListItem","position":2,"name":"185\/65R15 Dunlop Winter Response 2 88T"}]},{"@type":"WebSite","@id":"https:\/\/mmkriepas.lv\/en\/#website","url":"https:\/\/mmkriepas.lv\/en\/","name":"MMK Riepas","description":"MMK Riepas","alternateName":"MMK Riepu Serviss","potentialAction":[{"@type":"SearchAction","target":{"@type":"EntryPoint","urlTemplate":"https:\/\/mmkriepas.lv\/en\/?s={search_term_string}"},"query-input":{"@type":"PropertyValueSpecification","valueRequired":true,"valueName":"search_term_string"}}],"inLanguage":"en-US"},{"@type":"ImageObject","inLanguage":"en-US","@id":"https:\/\/mmkriepas.lv\/en\/p\/185-65r15-dunlop-winter-response-2-88t\/#local-main-organization-logo","url":"","contentUrl":"","caption":"MMK Riepas"}]},"product_brand":"Dunlop Winter Response 2","product_price_amount":"77.00","product_price_currency":"EUR","og_availability":"instock","product_availability":"instock","product_retailer_item_id":"TW1856515DUNLO-L27442","product_condition":"new"},"_links":{"self":[{"href":"https:\/\/mmkriepas.lv\/en\/wp-json\/wp\/v2\/product\/757835","targetHints":{"allow":["GET"]}}],"collection":[{"href":"https:\/\/mmkriepas.lv\/en\/wp-json\/wp\/v2\/product"}],"about":[{"href":"https:\/\/mmkriepas.lv\/en\/wp-json\/wp\/v2\/types\/product"}],"wp:featuredmedia":[{"embeddable":true,"href":"https:\/\/mmkriepas.lv\/en\/wp-json\/wp\/v2\/media\/890024"}],"wp:attachment":[{"href":"https:\/\/mmkriepas.lv\/en\/wp-json\/wp\/v2\/media?parent=757835"}],"wp:term":[{"taxonomy":"product_brand","embeddable":true,"href":"https:\/\/mmkriepas.lv\/en\/wp-json\/wp\/v2\/product_brand?post=757835"},{"taxonomy":"product_cat","embeddable":true,"href":"https:\/\/mmkriepas.lv\/en\/wp-json\/wp\/v2\/product_cat?post=757835"},{"taxonomy":"product_tag","embeddable":true,"href":"https:\/\/mmkriepas.lv\/en\/wp-json\/wp\/v2\/product_tag?post=757835"}],"curies":[{"name":"wp","href":"https:\/\/api.w.org\/{rel}","templated":true}]}}