{"id":757428,"date":"2023-07-01T15:02:56","date_gmt":"2023-07-01T12:02:56","guid":{"rendered":"https:\/\/mmkserviss.lv\/?post_type=product&#038;p=757428"},"modified":"2026-03-27T13:34:34","modified_gmt":"2026-03-27T11:34:34","slug":"195-80r15-nankang-sv-3-96t","status":"publish","type":"product","link":"https:\/\/mmkriepas.lv\/en\/p\/195-80r15-nankang-sv-3-96t\/","title":{"rendered":"195\/80R15 Nankang Winter Activa SV-3 96T"},"content":{"rendered":"<p><span style=\"font-family: Arial, sans-serif;\"><strong><span style=\"color: #000000;\"><span style=\"font-size: small;\"><b><span>Nankang Winter Activa SV-3<\/span><\/b><\/span><\/span><\/strong><strong><span style=\"color: #000000;\"><span style=\"font-size: small;\"><span> ir \u013coti labas kvalit\u0101tes Skandin\u0101vijas tipa jeb m\u012bkst\u0101 sast\u0101va ziemas riepu modelis. Tas izce\u013cas ar teicamiem brauk\u0161anas komforta un sa\u0137eres r\u0101d\u012bt\u0101jiem pat skarbos ziemas brauk\u0161anas apst\u0101k\u013cos. \u0160is riepu modelis pieejams \u013coti pla\u0161\u0101 izm\u0113ru kl\u0101st\u0101 &#8211; no R12 l\u012bdz R21. Tas piem\u0113rots uzst\u0101d\u012b\u0161anai ar\u012b tikpat pla\u0161am auto segmentu spektram &#8211; no piekab\u0113m l\u012bdz pat lielajiem apvidus auto jeb SUV.<\/span><\/span><\/span><\/strong><\/span><\/p>\n<h3 class=\"western\"><span style=\"font-family: Arial, sans-serif;\"><span>Nankang Winter Activa SV-3 galven\u0101s iez\u012bmes<\/span><\/span><\/h3>\n<p><span style=\"font-family: Arial, sans-serif;\"><span>+ \u013boti laba sa\u0137ere un manevr\u0113tsp\u0113ja gan snieg\u0101, gan ar\u012b uz apledoju\u0161\u0101m ce\u013ca virsm\u0101m.<br \/>+ Izteikts akustiskais un brauk\u0161anas gaitas komforts.<br \/>+ Zems akvaplan\u0113\u0161anas risks, pateicoties virzienveida protektora rakstam.<br \/>+ M\u012bksts un nodilumiztur\u012bgs gumijas sast\u0101vs.<\/span><\/span><\/p>\n<h3 class=\"western\"><span style=\"font-family: Arial, sans-serif;\"><span>Winter Activa SV-3 apr\u012bkojums<\/span><\/span><\/h3>\n<p><span style=\"font-family: Arial, sans-serif;\"><span>Nankang Winter Activa SV-3 Skandin\u0101vijas tipa ziemas riepu modelis apr\u012bkots ar dzi\u013cu virzienveida protektora rakstu. \u0160\u0101ds dizains, savienojum\u0101 ar m\u012bksto gumijas sast\u0101vu, nodro\u0161ina efekt\u012bvu brauk\u0161anas uzs\u0101k\u0161anu un \u012bsu bramz\u0113\u0161anas ce\u013cu gan snieg\u0101, gan uz apledoju\u0161\u0101m ce\u013ca virsm\u0101m.<\/span><\/span><\/p>\n<p><span style=\"font-family: Arial, sans-serif;\"><span>Mas\u012bvie, V-veid\u0101 izvietotie protektora bloki apr\u012bkoti ar t\u016bksto\u0161iem s\u012bku iegriezumu jeb lame\u013cu. To darb\u012bbas princips ir l\u012bdz\u012bgs radz\u0113m. Lameles ar as\u0101m kant\u0113m iec\u0113rtas sabliet\u0113t\u0101 snieg\u0101 un led\u016b, veidojot cie\u0161u sa\u0137eri.<\/span><\/span><\/p>\n","protected":false},"excerpt":{"rendered":"<p><span style=\"font-family: Arial, sans-serif;\"><strong><span style=\"color: #000000;\"><span style=\"font-size: small;\"><b><span>Nankang Winter Activa SV-3<\/span><\/b><\/span><\/span><\/strong><strong><span style=\"color: #000000;\"><span style=\"font-size: small;\"><span> ir \u013coti labas kvalit\u0101tes Skandin\u0101vijas tipa jeb m\u012bkst\u0101 sast\u0101va ziemas riepu modelis. Tas izce\u013cas ar teicamiem brauk\u0161anas komforta un sa\u0137eres r\u0101d\u012bt\u0101jiem pat skarbos ziemas brauk\u0161anas apst\u0101k\u013cos. \u0160is riepu modelis pieejams \u013coti pla\u0161\u0101 izm\u0113ru kl\u0101st\u0101 &#8211; no R12 l\u012bdz R21. Tas piem\u0113rots uzst\u0101d\u012b\u0161anai ar\u012b tikpat pla\u0161am auto segmentu spektram &#8211; no piekab\u0113m l\u012bdz pat lielajiem apvidus auto jeb SUV.<\/span><\/span><\/span><\/strong><\/span><\/p>\n","protected":false},"featured_media":1138988,"template":"","meta":{"_acf_changed":false,"ngg_post_thumbnail":0},"product_brand":[],"product_cat":[47,45],"product_tag":[],"class_list":{"0":"post-757428","1":"product","2":"type-product","3":"status-publish","4":"has-post-thumbnail","6":"product_cat-vissezonas-riepas","7":"product_cat-ziemas-riepas","9":"first","10":"instock","11":"sale","12":"taxable","13":"shipping-taxable","14":"purchasable","15":"product-type-simple"},"acf":[],"yoast_head":"<!-- This site is optimized with the Yoast SEO Premium plugin v22.6 (Yoast SEO v27.3) - https:\/\/yoast.com\/product\/yoast-seo-premium-wordpress\/ -->\n<title>195\/80R15 Nankang Winter Activa SV-3 96T &#8226; MMK Riepas<\/title>\n<meta name=\"robots\" content=\"index, follow, max-snippet:-1, max-image-preview:large, max-video-preview:-1\" \/>\n<link rel=\"canonical\" href=\"https:\/\/mmkriepas.lv\/en\/p\/195-80r15-nankang-sv-3-96t\/\" \/>\n<meta property=\"og:locale\" content=\"en_US\" \/>\n<meta property=\"og:type\" content=\"article\" \/>\n<meta property=\"og:title\" content=\"195\/80R15 Nankang Winter Activa SV-3 96T\" \/>\n<meta property=\"og:description\" content=\"Nankang Winter Activa SV-3 ir \u013coti labas kvalit\u0101tes Skandin\u0101vijas tipa jeb m\u012bkst\u0101 sast\u0101va ziemas riepu modelis. Tas izce\u013cas ar teicamiem brauk\u0161anas komforta un sa\u0137eres r\u0101d\u012bt\u0101jiem pat skarbos ziemas brauk\u0161anas apst\u0101k\u013cos. \u0160is riepu modelis pieejams \u013coti pla\u0161\u0101 izm\u0113ru kl\u0101st\u0101 - no R12 l\u012bdz R21. Tas piem\u0113rots uzst\u0101d\u012b\u0161anai ar\u012b tikpat pla\u0161am auto segmentu spektram - no piekab\u0113m l\u012bdz pat lielajiem apvidus auto jeb SUV.\" \/>\n<meta property=\"og:url\" content=\"https:\/\/mmkriepas.lv\/en\/p\/195-80r15-nankang-sv-3-96t\/\" \/>\n<meta property=\"og:site_name\" content=\"MMK Riepas\" \/>\n<meta property=\"article:publisher\" content=\"https:\/\/www.facebook.com\/mmkserviss\/\" \/>\n<meta property=\"article:modified_time\" content=\"2026-03-27T11:34:34+00:00\" \/>\n<meta property=\"og:image\" content=\"https:\/\/mmkriepas.lv\/wp-content\/uploads\/2024\/12\/26540r21-nankang-winter-activa-sv-3-105v-xl-ziemas-riepas.jpg\" \/>\n\t<meta property=\"og:image:width\" content=\"900\" \/>\n\t<meta property=\"og:image:height\" content=\"720\" \/>\n\t<meta property=\"og:image:type\" content=\"image\/jpeg\" \/>\n<meta name=\"twitter:card\" content=\"summary_large_image\" \/>\n<meta name=\"twitter:label1\" content=\"Price\" \/>\n\t<meta name=\"twitter:data1\" content=\"&euro;89.00\" \/>\n\t<meta name=\"twitter:label2\" content=\"Availability\" \/>\n\t<meta name=\"twitter:data2\" content=\"In stock\" \/>\n<script type=\"application\/ld+json\" class=\"yoast-schema-graph\">{\"@context\":\"https:\\\/\\\/schema.org\",\"@graph\":[{\"@type\":\"WebPage\",\"@id\":\"https:\\\/\\\/mmkriepas.lv\\\/en\\\/p\\\/195-80r15-nankang-sv-3-96t\\\/\",\"url\":\"https:\\\/\\\/mmkriepas.lv\\\/en\\\/p\\\/195-80r15-nankang-sv-3-96t\\\/\",\"name\":\"195\\\/80R15 Nankang Winter Activa SV-3 96T &#8226; MMK Riepas\",\"isPartOf\":{\"@id\":\"https:\\\/\\\/mmkriepas.lv\\\/en\\\/#website\"},\"primaryImageOfPage\":{\"@id\":\"https:\\\/\\\/mmkriepas.lv\\\/en\\\/p\\\/195-80r15-nankang-sv-3-96t\\\/#primaryimage\"},\"image\":{\"@id\":\"https:\\\/\\\/mmkriepas.lv\\\/en\\\/p\\\/195-80r15-nankang-sv-3-96t\\\/#primaryimage\"},\"thumbnailUrl\":\"https:\\\/\\\/mmkriepas.lv\\\/wp-content\\\/uploads\\\/2024\\\/12\\\/26540r21-nankang-winter-activa-sv-3-105v-xl-ziemas-riepas.jpg\",\"datePublished\":\"2023-07-01T12:02:56+00:00\",\"dateModified\":\"2026-03-27T11:34:34+00:00\",\"breadcrumb\":{\"@id\":\"https:\\\/\\\/mmkriepas.lv\\\/en\\\/p\\\/195-80r15-nankang-sv-3-96t\\\/#breadcrumb\"},\"inLanguage\":\"en-US\",\"potentialAction\":[{\"@type\":\"ReadAction\",\"target\":[\"https:\\\/\\\/mmkriepas.lv\\\/en\\\/p\\\/195-80r15-nankang-sv-3-96t\\\/\"]}]},{\"@type\":\"ImageObject\",\"inLanguage\":\"en-US\",\"@id\":\"https:\\\/\\\/mmkriepas.lv\\\/en\\\/p\\\/195-80r15-nankang-sv-3-96t\\\/#primaryimage\",\"url\":\"https:\\\/\\\/mmkriepas.lv\\\/wp-content\\\/uploads\\\/2024\\\/12\\\/26540r21-nankang-winter-activa-sv-3-105v-xl-ziemas-riepas.jpg\",\"contentUrl\":\"https:\\\/\\\/mmkriepas.lv\\\/wp-content\\\/uploads\\\/2024\\\/12\\\/26540r21-nankang-winter-activa-sv-3-105v-xl-ziemas-riepas.jpg\",\"width\":900,\"height\":720,\"caption\":\"MAIN\"},{\"@type\":\"BreadcrumbList\",\"@id\":\"https:\\\/\\\/mmkriepas.lv\\\/en\\\/p\\\/195-80r15-nankang-sv-3-96t\\\/#breadcrumb\",\"itemListElement\":[{\"@type\":\"ListItem\",\"position\":1,\"name\":\"S\u0101kums\",\"item\":\"https:\\\/\\\/mmkriepas.lv\\\/en\\\/\"},{\"@type\":\"ListItem\",\"position\":2,\"name\":\"195\\\/80R15 Nankang Winter Activa SV-3 96T\"}]},{\"@type\":\"WebSite\",\"@id\":\"https:\\\/\\\/mmkriepas.lv\\\/en\\\/#website\",\"url\":\"https:\\\/\\\/mmkriepas.lv\\\/en\\\/\",\"name\":\"MMK Riepas\",\"description\":\"MMK Riepas\",\"alternateName\":\"MMK Riepu Serviss\",\"potentialAction\":[{\"@type\":\"SearchAction\",\"target\":{\"@type\":\"EntryPoint\",\"urlTemplate\":\"https:\\\/\\\/mmkriepas.lv\\\/en\\\/?s={search_term_string}\"},\"query-input\":{\"@type\":\"PropertyValueSpecification\",\"valueRequired\":true,\"valueName\":\"search_term_string\"}}],\"inLanguage\":\"en-US\"},{\"@type\":\"ImageObject\",\"inLanguage\":\"en-US\",\"@id\":\"https:\\\/\\\/mmkriepas.lv\\\/en\\\/p\\\/195-80r15-nankang-sv-3-96t\\\/#local-main-organization-logo\",\"url\":\"\",\"contentUrl\":\"\",\"caption\":\"MMK Riepas\"}]}<\/script>\n<meta property=\"product:brand\" content=\"Nankang Winter Activa SV-3\" \/>\n<meta property=\"product:price:amount\" content=\"89.00\" \/>\n<meta property=\"product:price:currency\" content=\"EUR\" \/>\n<meta property=\"og:availability\" content=\"instock\" \/>\n<meta property=\"product:availability\" content=\"instock\" \/>\n<meta property=\"product:retailer_item_id\" content=\"TW1958015NANKA-L27425\" \/>\n<meta property=\"product:condition\" content=\"new\" \/>\n<!-- \/ Yoast SEO Premium plugin. -->","yoast_head_json":{"title":"195\/80R15 Nankang Winter Activa SV-3 96T &#8226; MMK Riepas","robots":{"index":"index","follow":"follow","max-snippet":"max-snippet:-1","max-image-preview":"max-image-preview:large","max-video-preview":"max-video-preview:-1"},"canonical":"https:\/\/mmkriepas.lv\/en\/p\/195-80r15-nankang-sv-3-96t\/","og_locale":"en_US","og_type":"article","og_title":"195\/80R15 Nankang Winter Activa SV-3 96T","og_description":"Nankang Winter Activa SV-3 ir \u013coti labas kvalit\u0101tes Skandin\u0101vijas tipa jeb m\u012bkst\u0101 sast\u0101va ziemas riepu modelis. Tas izce\u013cas ar teicamiem brauk\u0161anas komforta un sa\u0137eres r\u0101d\u012bt\u0101jiem pat skarbos ziemas brauk\u0161anas apst\u0101k\u013cos. \u0160is riepu modelis pieejams \u013coti pla\u0161\u0101 izm\u0113ru kl\u0101st\u0101 - no R12 l\u012bdz R21. Tas piem\u0113rots uzst\u0101d\u012b\u0161anai ar\u012b tikpat pla\u0161am auto segmentu spektram - no piekab\u0113m l\u012bdz pat lielajiem apvidus auto jeb SUV.","og_url":"https:\/\/mmkriepas.lv\/en\/p\/195-80r15-nankang-sv-3-96t\/","og_site_name":"MMK Riepas","article_publisher":"https:\/\/www.facebook.com\/mmkserviss\/","article_modified_time":"2026-03-27T11:34:34+00:00","og_image":[{"width":900,"height":720,"url":"https:\/\/mmkriepas.lv\/wp-content\/uploads\/2024\/12\/26540r21-nankang-winter-activa-sv-3-105v-xl-ziemas-riepas.jpg","type":"image\/jpeg"}],"twitter_card":"summary_large_image","twitter_misc":{"Price":"&euro;89.00","Availability":"In stock"},"schema":{"@context":"https:\/\/schema.org","@graph":[{"@type":"WebPage","@id":"https:\/\/mmkriepas.lv\/en\/p\/195-80r15-nankang-sv-3-96t\/","url":"https:\/\/mmkriepas.lv\/en\/p\/195-80r15-nankang-sv-3-96t\/","name":"195\/80R15 Nankang Winter Activa SV-3 96T &#8226; MMK Riepas","isPartOf":{"@id":"https:\/\/mmkriepas.lv\/en\/#website"},"primaryImageOfPage":{"@id":"https:\/\/mmkriepas.lv\/en\/p\/195-80r15-nankang-sv-3-96t\/#primaryimage"},"image":{"@id":"https:\/\/mmkriepas.lv\/en\/p\/195-80r15-nankang-sv-3-96t\/#primaryimage"},"thumbnailUrl":"https:\/\/mmkriepas.lv\/wp-content\/uploads\/2024\/12\/26540r21-nankang-winter-activa-sv-3-105v-xl-ziemas-riepas.jpg","datePublished":"2023-07-01T12:02:56+00:00","dateModified":"2026-03-27T11:34:34+00:00","breadcrumb":{"@id":"https:\/\/mmkriepas.lv\/en\/p\/195-80r15-nankang-sv-3-96t\/#breadcrumb"},"inLanguage":"en-US","potentialAction":[{"@type":"ReadAction","target":["https:\/\/mmkriepas.lv\/en\/p\/195-80r15-nankang-sv-3-96t\/"]}]},{"@type":"ImageObject","inLanguage":"en-US","@id":"https:\/\/mmkriepas.lv\/en\/p\/195-80r15-nankang-sv-3-96t\/#primaryimage","url":"https:\/\/mmkriepas.lv\/wp-content\/uploads\/2024\/12\/26540r21-nankang-winter-activa-sv-3-105v-xl-ziemas-riepas.jpg","contentUrl":"https:\/\/mmkriepas.lv\/wp-content\/uploads\/2024\/12\/26540r21-nankang-winter-activa-sv-3-105v-xl-ziemas-riepas.jpg","width":900,"height":720,"caption":"MAIN"},{"@type":"BreadcrumbList","@id":"https:\/\/mmkriepas.lv\/en\/p\/195-80r15-nankang-sv-3-96t\/#breadcrumb","itemListElement":[{"@type":"ListItem","position":1,"name":"S\u0101kums","item":"https:\/\/mmkriepas.lv\/en\/"},{"@type":"ListItem","position":2,"name":"195\/80R15 Nankang Winter Activa SV-3 96T"}]},{"@type":"WebSite","@id":"https:\/\/mmkriepas.lv\/en\/#website","url":"https:\/\/mmkriepas.lv\/en\/","name":"MMK Riepas","description":"MMK Riepas","alternateName":"MMK Riepu Serviss","potentialAction":[{"@type":"SearchAction","target":{"@type":"EntryPoint","urlTemplate":"https:\/\/mmkriepas.lv\/en\/?s={search_term_string}"},"query-input":{"@type":"PropertyValueSpecification","valueRequired":true,"valueName":"search_term_string"}}],"inLanguage":"en-US"},{"@type":"ImageObject","inLanguage":"en-US","@id":"https:\/\/mmkriepas.lv\/en\/p\/195-80r15-nankang-sv-3-96t\/#local-main-organization-logo","url":"","contentUrl":"","caption":"MMK Riepas"}]},"product_brand":"Nankang Winter Activa SV-3","product_price_amount":"89.00","product_price_currency":"EUR","og_availability":"instock","product_availability":"instock","product_retailer_item_id":"TW1958015NANKA-L27425","product_condition":"new"},"_links":{"self":[{"href":"https:\/\/mmkriepas.lv\/en\/wp-json\/wp\/v2\/product\/757428","targetHints":{"allow":["GET"]}}],"collection":[{"href":"https:\/\/mmkriepas.lv\/en\/wp-json\/wp\/v2\/product"}],"about":[{"href":"https:\/\/mmkriepas.lv\/en\/wp-json\/wp\/v2\/types\/product"}],"wp:featuredmedia":[{"embeddable":true,"href":"https:\/\/mmkriepas.lv\/en\/wp-json\/wp\/v2\/media\/1138988"}],"wp:attachment":[{"href":"https:\/\/mmkriepas.lv\/en\/wp-json\/wp\/v2\/media?parent=757428"}],"wp:term":[{"taxonomy":"product_brand","embeddable":true,"href":"https:\/\/mmkriepas.lv\/en\/wp-json\/wp\/v2\/product_brand?post=757428"},{"taxonomy":"product_cat","embeddable":true,"href":"https:\/\/mmkriepas.lv\/en\/wp-json\/wp\/v2\/product_cat?post=757428"},{"taxonomy":"product_tag","embeddable":true,"href":"https:\/\/mmkriepas.lv\/en\/wp-json\/wp\/v2\/product_tag?post=757428"}],"curies":[{"name":"wp","href":"https:\/\/api.w.org\/{rel}","templated":true}]}}