{"id":757389,"date":"2023-07-01T15:01:31","date_gmt":"2023-07-01T12:01:31","guid":{"rendered":"https:\/\/mmkserviss.lv\/?post_type=product&#038;p=757389"},"modified":"2026-03-27T13:34:20","modified_gmt":"2026-03-27T11:34:20","slug":"235-45r18-nankang-sw-9-98t-xl-ar-radzem","status":"publish","type":"product","link":"https:\/\/mmkriepas.lv\/en\/p\/235-45r18-nankang-sw-9-98t-xl-ar-radzem\/","title":{"rendered":"235\/45R18 Nankang Ice Activa SW-9 98T XL ar radz\u0113m"},"content":{"rendered":"<p><strong><span style=\"color: #000000;\"><span style=\"font-family: Arial, sans-serif;\"><span style=\"font-size: small;\"><b><span>Nankang Ice Activa SW-9<\/span><\/b><\/span><\/span><\/span><\/strong><strong><span style=\"color: #000000;\"><span style=\"font-family: Arial, sans-serif;\"><span style=\"font-size: small;\"><span> ir \u013coti labas kvalit\u0101tes rad\u017eojamais ziemas riepu modelis. Tas izce\u013cas ar teicamiem nodilumiztur\u012bbas un brauk\u0161anas dro\u0161\u012bbas r\u0101d\u012bt\u0101jiem pat skarb\u0101kajos ziemas brauk\u0161anas apst\u0101k\u013cos. \u0160is riepu modelis tiek ra\u017eots pla\u0161\u0101 izm\u0113ru kl\u0101st\u0101 no R15 l\u012bdz R20. Tas piem\u0113rots gan kompaktklases vieglaj\u0101m automa\u0161\u012bn\u0101m, gan lielajiem apvidus auto jeb SUV.<\/span><\/span><\/span><\/span><\/strong><\/p>\n<h3 class=\"western\"><span style=\"font-family: Arial, sans-serif;\"><span>Nankang Ice Activa SW-9 galven\u0101s \u012bpa\u0161\u012bbas<\/span><\/span><\/h3>\n<p><span style=\"font-family: Arial, sans-serif;\"><span>+ \u013boti laba sa\u0137ere un \u012bss bremz\u0113\u0161anas ce\u013c\u0161 gan snieg\u0101, gan uz apledoju\u0161\u0101m ce\u013ca virsm\u0101m.<br \/>+ Liels rad\u017eu skaits, kas ne tikai uzlabo riepu veiktsp\u0113ju skarbos ziemas apst\u0101k\u013cos, bet ar\u012b paildzina to kalpo\u0161anas m\u016b\u017eu par l\u012bdz pat 40%.<br \/>+ Zems akvaplan\u0113\u0161anas risks, pateicoties virzienveida protektora rakstam.<\/span><\/span><\/p>\n<h3 class=\"western\"><span style=\"font-family: Arial, sans-serif;\"><span>Ice Activa SW-9 apr\u012bkojums<\/span><\/span><\/h3>\n<p><span style=\"font-family: Arial, sans-serif;\"><span>Nankang Ice Activa SW-9 rad\u017eojamais ziemas riepu modelis apr\u012bkots ar dzi\u013cu un agres\u012bvu virzienveida protektora rakstu. \u0160\u0101ds dizains vienlaikus samazina akvaplan\u0113\u0161anas risku un veicina sa\u0137eri, uzs\u0101kot brauk\u0161anu. Turkl\u0101t, protektor\u0101 iestr\u0101d\u0101tais, lielais rad\u017eu daudzums b\u016btiski uzlabo sa\u0137eri un sa\u012bsina bremz\u0113\u0161anas ce\u013cu gan uz sabliet\u0113ta sniega, gan ledus.<\/span><\/span><\/p>\n<p><span style=\"font-family: Arial, sans-serif;\"><span>Mas\u012bvie, V-veid\u0101 izvietotie protektora bloki darin\u0101ti no nodilumiztur\u012bga gumijas sakaus\u0113juma. Tam pievienotie elastrom\u0113ri pal\u012bdz riepai adapt\u0113ties zem\u0101m gaisa temperat\u016br\u0101m, nezaud\u0113jot elast\u012bbu. K\u0101 zin\u0101ms, elast\u012bga riepa daudz lab\u0101k veido sa\u0137eri ar ce\u013cu, k\u0101 ar\u012b dilst vienm\u0113r\u012bg\u0101k.<\/span><\/span><\/p>\n","protected":false},"excerpt":{"rendered":"<p><strong><span style=\"color: #000000;\"><span style=\"font-family: Arial, sans-serif;\"><span style=\"font-size: small;\"><b><span>Nankang Ice Activa SW-9<\/span><\/b><\/span><\/span><\/span><\/strong><span style=\"color: #000000;\"><span style=\"font-family: Arial, sans-serif;\"><span style=\"font-size: small;\"> ir \u013coti labas kvalit\u0101tes rad\u017eojamais ziemas riepu modelis. Tas izce\u013cas ar teicamiem nodilumiztur\u012bbas un brauk\u0161anas dro\u0161\u012bbas r\u0101d\u012bt\u0101jiem pat skarb\u0101kajos ziemas brauk\u0161anas apst\u0101k\u013cos. \u0160is riepu modelis tiek ra\u017eots pla\u0161\u0101 izm\u0113ru kl\u0101st\u0101 no R15 l\u012bdz R20. Tas piem\u0113rots gan kompaktklases vieglaj\u0101m automa\u0161\u012bn\u0101m, gan lielajiem apvidus auto jeb SUV.<\/span><\/span><\/span><\/p>\n","protected":false},"featured_media":1072284,"template":"","meta":{"_acf_changed":false,"ngg_post_thumbnail":0},"product_brand":[],"product_cat":[45,48],"product_tag":[],"class_list":{"0":"post-757389","1":"product","2":"type-product","3":"status-publish","4":"has-post-thumbnail","6":"product_cat-ziemas-riepas","7":"product_cat-ziemas-ar-radzem","9":"first","10":"instock","11":"sale","12":"taxable","13":"shipping-taxable","14":"purchasable","15":"product-type-simple"},"acf":[],"yoast_head":"<!-- This site is optimized with the Yoast SEO Premium plugin v22.6 (Yoast SEO v27.3) - https:\/\/yoast.com\/product\/yoast-seo-premium-wordpress\/ -->\n<title>235\/45R18 Nankang Ice Activa SW-9 98T XL ar radz\u0113m &#8226; MMK Riepas<\/title>\n<meta name=\"robots\" content=\"index, follow, max-snippet:-1, max-image-preview:large, max-video-preview:-1\" \/>\n<link rel=\"canonical\" href=\"https:\/\/mmkriepas.lv\/en\/p\/235-45r18-nankang-sw-9-98t-xl-ar-radzem\/\" \/>\n<meta property=\"og:locale\" content=\"en_US\" \/>\n<meta property=\"og:type\" content=\"article\" \/>\n<meta property=\"og:title\" content=\"235\/45R18 Nankang Ice Activa SW-9 98T XL ar radz\u0113m\" \/>\n<meta property=\"og:description\" content=\"Nankang Ice Activa SW-9 ir \u013coti labas kvalit\u0101tes rad\u017eojamais ziemas riepu modelis. Tas izce\u013cas ar teicamiem nodilumiztur\u012bbas un brauk\u0161anas dro\u0161\u012bbas r\u0101d\u012bt\u0101jiem pat skarb\u0101kajos ziemas brauk\u0161anas apst\u0101k\u013cos. \u0160is riepu modelis tiek ra\u017eots pla\u0161\u0101 izm\u0113ru kl\u0101st\u0101 no R15 l\u012bdz R20. Tas piem\u0113rots gan kompaktklases vieglaj\u0101m automa\u0161\u012bn\u0101m, gan lielajiem apvidus auto jeb SUV.\" \/>\n<meta property=\"og:url\" content=\"https:\/\/mmkriepas.lv\/en\/p\/235-45r18-nankang-sw-9-98t-xl-ar-radzem\/\" \/>\n<meta property=\"og:site_name\" content=\"MMK Riepas\" \/>\n<meta property=\"article:publisher\" content=\"https:\/\/www.facebook.com\/mmkserviss\/\" \/>\n<meta property=\"article:modified_time\" content=\"2026-03-27T11:34:20+00:00\" \/>\n<meta property=\"og:image\" content=\"https:\/\/mmkriepas.lv\/wp-content\/uploads\/2024\/09\/28550r20-nankang-sw-9-116q-xl-ar-radzem-ziemas-ar-radzem-riepas.jpg\" \/>\n\t<meta property=\"og:image:width\" content=\"800\" \/>\n\t<meta property=\"og:image:height\" content=\"800\" \/>\n\t<meta property=\"og:image:type\" content=\"image\/jpeg\" \/>\n<meta name=\"twitter:card\" content=\"summary_large_image\" \/>\n<meta name=\"twitter:label1\" content=\"Price\" \/>\n\t<meta name=\"twitter:data1\" content=\"&euro;113.00\" \/>\n\t<meta name=\"twitter:label2\" content=\"Availability\" \/>\n\t<meta name=\"twitter:data2\" content=\"In stock\" \/>\n<script type=\"application\/ld+json\" class=\"yoast-schema-graph\">{\"@context\":\"https:\\\/\\\/schema.org\",\"@graph\":[{\"@type\":\"WebPage\",\"@id\":\"https:\\\/\\\/mmkriepas.lv\\\/en\\\/p\\\/235-45r18-nankang-sw-9-98t-xl-ar-radzem\\\/\",\"url\":\"https:\\\/\\\/mmkriepas.lv\\\/en\\\/p\\\/235-45r18-nankang-sw-9-98t-xl-ar-radzem\\\/\",\"name\":\"235\\\/45R18 Nankang Ice Activa SW-9 98T XL ar radz\u0113m &#8226; MMK Riepas\",\"isPartOf\":{\"@id\":\"https:\\\/\\\/mmkriepas.lv\\\/en\\\/#website\"},\"primaryImageOfPage\":{\"@id\":\"https:\\\/\\\/mmkriepas.lv\\\/en\\\/p\\\/235-45r18-nankang-sw-9-98t-xl-ar-radzem\\\/#primaryimage\"},\"image\":{\"@id\":\"https:\\\/\\\/mmkriepas.lv\\\/en\\\/p\\\/235-45r18-nankang-sw-9-98t-xl-ar-radzem\\\/#primaryimage\"},\"thumbnailUrl\":\"https:\\\/\\\/mmkriepas.lv\\\/wp-content\\\/uploads\\\/2024\\\/09\\\/28550r20-nankang-sw-9-116q-xl-ar-radzem-ziemas-ar-radzem-riepas.jpg\",\"datePublished\":\"2023-07-01T12:01:31+00:00\",\"dateModified\":\"2026-03-27T11:34:20+00:00\",\"breadcrumb\":{\"@id\":\"https:\\\/\\\/mmkriepas.lv\\\/en\\\/p\\\/235-45r18-nankang-sw-9-98t-xl-ar-radzem\\\/#breadcrumb\"},\"inLanguage\":\"en-US\",\"potentialAction\":[{\"@type\":\"ReadAction\",\"target\":[\"https:\\\/\\\/mmkriepas.lv\\\/en\\\/p\\\/235-45r18-nankang-sw-9-98t-xl-ar-radzem\\\/\"]}]},{\"@type\":\"ImageObject\",\"inLanguage\":\"en-US\",\"@id\":\"https:\\\/\\\/mmkriepas.lv\\\/en\\\/p\\\/235-45r18-nankang-sw-9-98t-xl-ar-radzem\\\/#primaryimage\",\"url\":\"https:\\\/\\\/mmkriepas.lv\\\/wp-content\\\/uploads\\\/2024\\\/09\\\/28550r20-nankang-sw-9-116q-xl-ar-radzem-ziemas-ar-radzem-riepas.jpg\",\"contentUrl\":\"https:\\\/\\\/mmkriepas.lv\\\/wp-content\\\/uploads\\\/2024\\\/09\\\/28550r20-nankang-sw-9-116q-xl-ar-radzem-ziemas-ar-radzem-riepas.jpg\",\"width\":800,\"height\":800,\"caption\":\"285\\\/50R20 NANKANG SW-9 116Q XL ar radz\u0113m - Ziemas ar radz\u0113m riepas\"},{\"@type\":\"BreadcrumbList\",\"@id\":\"https:\\\/\\\/mmkriepas.lv\\\/en\\\/p\\\/235-45r18-nankang-sw-9-98t-xl-ar-radzem\\\/#breadcrumb\",\"itemListElement\":[{\"@type\":\"ListItem\",\"position\":1,\"name\":\"S\u0101kums\",\"item\":\"https:\\\/\\\/mmkriepas.lv\\\/en\\\/\"},{\"@type\":\"ListItem\",\"position\":2,\"name\":\"235\\\/45R18 Nankang Ice Activa SW-9 98T XL ar radz\u0113m\"}]},{\"@type\":\"WebSite\",\"@id\":\"https:\\\/\\\/mmkriepas.lv\\\/en\\\/#website\",\"url\":\"https:\\\/\\\/mmkriepas.lv\\\/en\\\/\",\"name\":\"MMK Riepas\",\"description\":\"MMK Riepas\",\"alternateName\":\"MMK Riepu Serviss\",\"potentialAction\":[{\"@type\":\"SearchAction\",\"target\":{\"@type\":\"EntryPoint\",\"urlTemplate\":\"https:\\\/\\\/mmkriepas.lv\\\/en\\\/?s={search_term_string}\"},\"query-input\":{\"@type\":\"PropertyValueSpecification\",\"valueRequired\":true,\"valueName\":\"search_term_string\"}}],\"inLanguage\":\"en-US\"},{\"@type\":\"ImageObject\",\"inLanguage\":\"en-US\",\"@id\":\"https:\\\/\\\/mmkriepas.lv\\\/en\\\/p\\\/235-45r18-nankang-sw-9-98t-xl-ar-radzem\\\/#local-main-organization-logo\",\"url\":\"\",\"contentUrl\":\"\",\"caption\":\"MMK Riepas\"}]}<\/script>\n<meta property=\"product:brand\" content=\"Nankang Ice Activa SW-9\" \/>\n<meta property=\"product:price:amount\" content=\"113.00\" \/>\n<meta property=\"product:price:currency\" content=\"EUR\" \/>\n<meta property=\"og:availability\" content=\"instock\" \/>\n<meta property=\"product:availability\" content=\"instock\" \/>\n<meta property=\"product:retailer_item_id\" content=\"TR2354518NANKA-L27412\" \/>\n<meta property=\"product:condition\" content=\"new\" \/>\n<!-- \/ Yoast SEO Premium plugin. -->","yoast_head_json":{"title":"235\/45R18 Nankang Ice Activa SW-9 98T XL ar radz\u0113m &#8226; MMK Riepas","robots":{"index":"index","follow":"follow","max-snippet":"max-snippet:-1","max-image-preview":"max-image-preview:large","max-video-preview":"max-video-preview:-1"},"canonical":"https:\/\/mmkriepas.lv\/en\/p\/235-45r18-nankang-sw-9-98t-xl-ar-radzem\/","og_locale":"en_US","og_type":"article","og_title":"235\/45R18 Nankang Ice Activa SW-9 98T XL ar radz\u0113m","og_description":"Nankang Ice Activa SW-9 ir \u013coti labas kvalit\u0101tes rad\u017eojamais ziemas riepu modelis. Tas izce\u013cas ar teicamiem nodilumiztur\u012bbas un brauk\u0161anas dro\u0161\u012bbas r\u0101d\u012bt\u0101jiem pat skarb\u0101kajos ziemas brauk\u0161anas apst\u0101k\u013cos. \u0160is riepu modelis tiek ra\u017eots pla\u0161\u0101 izm\u0113ru kl\u0101st\u0101 no R15 l\u012bdz R20. Tas piem\u0113rots gan kompaktklases vieglaj\u0101m automa\u0161\u012bn\u0101m, gan lielajiem apvidus auto jeb SUV.","og_url":"https:\/\/mmkriepas.lv\/en\/p\/235-45r18-nankang-sw-9-98t-xl-ar-radzem\/","og_site_name":"MMK Riepas","article_publisher":"https:\/\/www.facebook.com\/mmkserviss\/","article_modified_time":"2026-03-27T11:34:20+00:00","og_image":[{"width":800,"height":800,"url":"https:\/\/mmkriepas.lv\/wp-content\/uploads\/2024\/09\/28550r20-nankang-sw-9-116q-xl-ar-radzem-ziemas-ar-radzem-riepas.jpg","type":"image\/jpeg"}],"twitter_card":"summary_large_image","twitter_misc":{"Price":"&euro;113.00","Availability":"In stock"},"schema":{"@context":"https:\/\/schema.org","@graph":[{"@type":"WebPage","@id":"https:\/\/mmkriepas.lv\/en\/p\/235-45r18-nankang-sw-9-98t-xl-ar-radzem\/","url":"https:\/\/mmkriepas.lv\/en\/p\/235-45r18-nankang-sw-9-98t-xl-ar-radzem\/","name":"235\/45R18 Nankang Ice Activa SW-9 98T XL ar radz\u0113m &#8226; MMK Riepas","isPartOf":{"@id":"https:\/\/mmkriepas.lv\/en\/#website"},"primaryImageOfPage":{"@id":"https:\/\/mmkriepas.lv\/en\/p\/235-45r18-nankang-sw-9-98t-xl-ar-radzem\/#primaryimage"},"image":{"@id":"https:\/\/mmkriepas.lv\/en\/p\/235-45r18-nankang-sw-9-98t-xl-ar-radzem\/#primaryimage"},"thumbnailUrl":"https:\/\/mmkriepas.lv\/wp-content\/uploads\/2024\/09\/28550r20-nankang-sw-9-116q-xl-ar-radzem-ziemas-ar-radzem-riepas.jpg","datePublished":"2023-07-01T12:01:31+00:00","dateModified":"2026-03-27T11:34:20+00:00","breadcrumb":{"@id":"https:\/\/mmkriepas.lv\/en\/p\/235-45r18-nankang-sw-9-98t-xl-ar-radzem\/#breadcrumb"},"inLanguage":"en-US","potentialAction":[{"@type":"ReadAction","target":["https:\/\/mmkriepas.lv\/en\/p\/235-45r18-nankang-sw-9-98t-xl-ar-radzem\/"]}]},{"@type":"ImageObject","inLanguage":"en-US","@id":"https:\/\/mmkriepas.lv\/en\/p\/235-45r18-nankang-sw-9-98t-xl-ar-radzem\/#primaryimage","url":"https:\/\/mmkriepas.lv\/wp-content\/uploads\/2024\/09\/28550r20-nankang-sw-9-116q-xl-ar-radzem-ziemas-ar-radzem-riepas.jpg","contentUrl":"https:\/\/mmkriepas.lv\/wp-content\/uploads\/2024\/09\/28550r20-nankang-sw-9-116q-xl-ar-radzem-ziemas-ar-radzem-riepas.jpg","width":800,"height":800,"caption":"285\/50R20 NANKANG SW-9 116Q XL ar radz\u0113m - Ziemas ar radz\u0113m riepas"},{"@type":"BreadcrumbList","@id":"https:\/\/mmkriepas.lv\/en\/p\/235-45r18-nankang-sw-9-98t-xl-ar-radzem\/#breadcrumb","itemListElement":[{"@type":"ListItem","position":1,"name":"S\u0101kums","item":"https:\/\/mmkriepas.lv\/en\/"},{"@type":"ListItem","position":2,"name":"235\/45R18 Nankang Ice Activa SW-9 98T XL ar radz\u0113m"}]},{"@type":"WebSite","@id":"https:\/\/mmkriepas.lv\/en\/#website","url":"https:\/\/mmkriepas.lv\/en\/","name":"MMK Riepas","description":"MMK Riepas","alternateName":"MMK Riepu Serviss","potentialAction":[{"@type":"SearchAction","target":{"@type":"EntryPoint","urlTemplate":"https:\/\/mmkriepas.lv\/en\/?s={search_term_string}"},"query-input":{"@type":"PropertyValueSpecification","valueRequired":true,"valueName":"search_term_string"}}],"inLanguage":"en-US"},{"@type":"ImageObject","inLanguage":"en-US","@id":"https:\/\/mmkriepas.lv\/en\/p\/235-45r18-nankang-sw-9-98t-xl-ar-radzem\/#local-main-organization-logo","url":"","contentUrl":"","caption":"MMK Riepas"}]},"product_brand":"Nankang Ice Activa SW-9","product_price_amount":"113.00","product_price_currency":"EUR","og_availability":"instock","product_availability":"instock","product_retailer_item_id":"TR2354518NANKA-L27412","product_condition":"new"},"_links":{"self":[{"href":"https:\/\/mmkriepas.lv\/en\/wp-json\/wp\/v2\/product\/757389","targetHints":{"allow":["GET"]}}],"collection":[{"href":"https:\/\/mmkriepas.lv\/en\/wp-json\/wp\/v2\/product"}],"about":[{"href":"https:\/\/mmkriepas.lv\/en\/wp-json\/wp\/v2\/types\/product"}],"wp:featuredmedia":[{"embeddable":true,"href":"https:\/\/mmkriepas.lv\/en\/wp-json\/wp\/v2\/media\/1072284"}],"wp:attachment":[{"href":"https:\/\/mmkriepas.lv\/en\/wp-json\/wp\/v2\/media?parent=757389"}],"wp:term":[{"taxonomy":"product_brand","embeddable":true,"href":"https:\/\/mmkriepas.lv\/en\/wp-json\/wp\/v2\/product_brand?post=757389"},{"taxonomy":"product_cat","embeddable":true,"href":"https:\/\/mmkriepas.lv\/en\/wp-json\/wp\/v2\/product_cat?post=757389"},{"taxonomy":"product_tag","embeddable":true,"href":"https:\/\/mmkriepas.lv\/en\/wp-json\/wp\/v2\/product_tag?post=757389"}],"curies":[{"name":"wp","href":"https:\/\/api.w.org\/{rel}","templated":true}]}}