{"id":755373,"date":"2023-06-20T14:29:03","date_gmt":"2023-06-20T11:29:03","guid":{"rendered":"https:\/\/mmkserviss.lv\/?post_type=product&#038;p=755373"},"modified":"2026-04-05T20:56:25","modified_gmt":"2026-04-05T17:56:25","slug":"255-65r16-grenlander-maho-79-109h","status":"publish","type":"product","link":"https:\/\/mmkriepas.lv\/en\/p\/255-65r16-grenlander-maho-79-109h\/","title":{"rendered":"255\/65R16 Grenlander MAHO 79 109H"},"content":{"rendered":"<p class=\"western\" align=\"left\"><span style=\"font-family: Arial, sans-serif;\"><b><span>Grenlander MAHO 79<\/span><\/b><span> ir \u013coti labas kvalit\u0101tes, bud\u017eeta klases SUV vasaras riepu modelis. Tas izce\u013cas ar \u013coti labiem nodilumiztur\u012bbas, sa\u0137eres un manevr\u0113tsp\u0113jas r\u0101d\u012bt\u0101jiem gan uz asfalta, gan grants un me\u017ea ce\u013ciem. Tas pieejams izm\u0113ru kl\u0101st\u0101 no R16 l\u012bdz R20 un paredz\u0113ts uzst\u0101d\u012b\u0161anai SUV jeb apvidus automa\u0161\u012bn\u0101m.<\/span><\/span><\/p>\n<h3 class=\"western\"><span style=\"font-family: Arial, sans-serif;\"><span>Grenlander MAHO 79 galven\u0101s \u012bpa\u0161\u012bbas<\/span><\/span><\/h3>\n<p class=\"western\"><span style=\"font-family: Arial, sans-serif;\"><span>+ \u013boti laba sa\u0137ere un manevr\u0113tsp\u0113ja uz sausa un slapja asfalta, k\u0101 ar\u012b uz grants un me\u017ea ce\u013ciem.<br \/>+ Zems akvaplan\u0113\u0161anas risks.<br \/>+ Palialin\u0101ta nodilumiztur\u012bba.<br \/>+ Labs akustiskais un brauk\u0161anas gaitas komforts.<\/span><\/span><\/p>\n<h3 class=\"western\"><span style=\"font-family: Arial, sans-serif;\"><span>MAHO 79 apr\u012bkojums<\/span><\/span><\/h3>\n<p class=\"western\"><span style=\"font-family: Arial, sans-serif;\"><span>Grenlander MAHO 79<\/span><span> vasaras High-Terrain riepu modelis apr\u012bkots ar sal\u012bdzino\u0161i rupju asimetrisko protektora rakstu. \u0160\u0101ds dizains sev\u012b apvieno labas sa\u0137eres un manevr\u0113tsp\u0113jas \u012bpa\u0161\u012bbas uz sausa un slapja asfalta, k\u0101 ar\u012b uz grants ce\u013ciem. Turkl\u0101t, palielin\u0101ts \u016bdens izvadkan\u0101lu skaits uzlabo riepu veiktsp\u0113ju uz slapja ce\u013ca seguma, samazinot ar\u012b akvaplan\u0113\u0161anas risku.<\/span><\/span><\/p>\n<p class=\"western\"><span style=\"font-family: Arial, sans-serif;\"><span>Asimetriski izvietotie protektora bloki darin\u0101ti no nodilumiztur\u012bga gumijas sakaus\u0113juma. Tam pievienotie \u0137\u012bmiskie savienojumi \u013cauj riepai saglab\u0101t elast\u012bbu un sa\u0137eres \u012bpa\u0161\u012bbas, nezaud\u0113jot nodilumiztur\u012bbu.<\/span><\/span><\/p>\n","protected":false},"excerpt":{"rendered":"<p class=\"western\" align=\"left\"><span style=\"font-family: Arial, sans-serif;\"><b><span>Grenlander MAHO 79<\/span><\/b><span> ir \u013coti labas kvalit\u0101tes, bud\u017eeta klases SUV vasaras riepu modelis. Tas izce\u013cas ar \u013coti labiem nodilumiztur\u012bbas, sa\u0137eres un manevr\u0113tsp\u0113jas r\u0101d\u012bt\u0101jiem gan uz asfalta, gan grants un me\u017ea ce\u013ciem. Tas pieejams izm\u0113ru kl\u0101st\u0101 no R16 l\u012bdz R20 un paredz\u0113ts uzst\u0101d\u012b\u0161anai SUV jeb apvidus automa\u0161\u012bn\u0101m.<\/span><\/span><\/p>\n","protected":false},"featured_media":890949,"template":"","meta":{"_acf_changed":false,"ngg_post_thumbnail":0},"product_brand":[],"product_cat":[46],"product_tag":[],"class_list":{"0":"post-755373","1":"product","2":"type-product","3":"status-publish","4":"has-post-thumbnail","6":"product_cat-vasaras-riepas","8":"first","9":"instock","10":"sale","11":"taxable","12":"shipping-taxable","13":"purchasable","14":"product-type-simple"},"acf":[],"yoast_head":"<!-- This site is optimized with the Yoast SEO Premium plugin v22.6 (Yoast SEO v27.3) - https:\/\/yoast.com\/product\/yoast-seo-premium-wordpress\/ -->\n<title>255\/65R16 Grenlander MAHO 79 109H &#8226; MMK Riepas<\/title>\n<meta name=\"robots\" content=\"index, follow, max-snippet:-1, max-image-preview:large, max-video-preview:-1\" \/>\n<link rel=\"canonical\" href=\"https:\/\/mmkriepas.lv\/en\/p\/255-65r16-grenlander-maho-79-109h\/\" \/>\n<meta property=\"og:locale\" content=\"en_US\" \/>\n<meta property=\"og:type\" content=\"article\" \/>\n<meta property=\"og:title\" content=\"255\/65R16 Grenlander MAHO 79 109H\" \/>\n<meta property=\"og:description\" content=\"Grenlander MAHO 79 ir \u013coti labas kvalit\u0101tes, bud\u017eeta klases SUV vasaras riepu modelis. Tas izce\u013cas ar \u013coti labiem nodilumiztur\u012bbas, sa\u0137eres un manevr\u0113tsp\u0113jas r\u0101d\u012bt\u0101jiem gan uz asfalta, gan grants un me\u017ea ce\u013ciem. Tas pieejams izm\u0113ru kl\u0101st\u0101 no R16 l\u012bdz R20 un paredz\u0113ts uzst\u0101d\u012b\u0161anai SUV jeb apvidus automa\u0161\u012bn\u0101m.\" \/>\n<meta property=\"og:url\" content=\"https:\/\/mmkriepas.lv\/en\/p\/255-65r16-grenlander-maho-79-109h\/\" \/>\n<meta property=\"og:site_name\" content=\"MMK Riepas\" \/>\n<meta property=\"article:publisher\" content=\"https:\/\/www.facebook.com\/mmkserviss\/\" \/>\n<meta property=\"article:modified_time\" content=\"2026-04-05T17:56:25+00:00\" \/>\n<meta property=\"og:image\" content=\"https:\/\/mmkriepas.lv\/wp-content\/uploads\/2024\/04\/23560r18-grenlander-maho-79-107h-xl-vasaras-riepas-2.jpg\" \/>\n\t<meta property=\"og:image:width\" content=\"1000\" \/>\n\t<meta property=\"og:image:height\" content=\"835\" \/>\n\t<meta property=\"og:image:type\" content=\"image\/jpeg\" \/>\n<meta name=\"twitter:card\" content=\"summary_large_image\" \/>\n<meta name=\"twitter:label1\" content=\"Price\" \/>\n\t<meta name=\"twitter:data1\" content=\"&euro;83.00\" \/>\n\t<meta name=\"twitter:label2\" content=\"Availability\" \/>\n\t<meta name=\"twitter:data2\" content=\"In stock\" \/>\n<script type=\"application\/ld+json\" class=\"yoast-schema-graph\">{\"@context\":\"https:\\\/\\\/schema.org\",\"@graph\":[{\"@type\":\"WebPage\",\"@id\":\"https:\\\/\\\/mmkriepas.lv\\\/en\\\/p\\\/255-65r16-grenlander-maho-79-109h\\\/\",\"url\":\"https:\\\/\\\/mmkriepas.lv\\\/en\\\/p\\\/255-65r16-grenlander-maho-79-109h\\\/\",\"name\":\"255\\\/65R16 Grenlander MAHO 79 109H &#8226; MMK Riepas\",\"isPartOf\":{\"@id\":\"https:\\\/\\\/mmkriepas.lv\\\/en\\\/#website\"},\"primaryImageOfPage\":{\"@id\":\"https:\\\/\\\/mmkriepas.lv\\\/en\\\/p\\\/255-65r16-grenlander-maho-79-109h\\\/#primaryimage\"},\"image\":{\"@id\":\"https:\\\/\\\/mmkriepas.lv\\\/en\\\/p\\\/255-65r16-grenlander-maho-79-109h\\\/#primaryimage\"},\"thumbnailUrl\":\"https:\\\/\\\/mmkriepas.lv\\\/wp-content\\\/uploads\\\/2024\\\/04\\\/23560r18-grenlander-maho-79-107h-xl-vasaras-riepas-2.jpg\",\"datePublished\":\"2023-06-20T11:29:03+00:00\",\"dateModified\":\"2026-04-05T17:56:25+00:00\",\"breadcrumb\":{\"@id\":\"https:\\\/\\\/mmkriepas.lv\\\/en\\\/p\\\/255-65r16-grenlander-maho-79-109h\\\/#breadcrumb\"},\"inLanguage\":\"en-US\",\"potentialAction\":[{\"@type\":\"ReadAction\",\"target\":[\"https:\\\/\\\/mmkriepas.lv\\\/en\\\/p\\\/255-65r16-grenlander-maho-79-109h\\\/\"]}]},{\"@type\":\"ImageObject\",\"inLanguage\":\"en-US\",\"@id\":\"https:\\\/\\\/mmkriepas.lv\\\/en\\\/p\\\/255-65r16-grenlander-maho-79-109h\\\/#primaryimage\",\"url\":\"https:\\\/\\\/mmkriepas.lv\\\/wp-content\\\/uploads\\\/2024\\\/04\\\/23560r18-grenlander-maho-79-107h-xl-vasaras-riepas-2.jpg\",\"contentUrl\":\"https:\\\/\\\/mmkriepas.lv\\\/wp-content\\\/uploads\\\/2024\\\/04\\\/23560r18-grenlander-maho-79-107h-xl-vasaras-riepas-2.jpg\",\"width\":1000,\"height\":835,\"caption\":\"MAIN\"},{\"@type\":\"BreadcrumbList\",\"@id\":\"https:\\\/\\\/mmkriepas.lv\\\/en\\\/p\\\/255-65r16-grenlander-maho-79-109h\\\/#breadcrumb\",\"itemListElement\":[{\"@type\":\"ListItem\",\"position\":1,\"name\":\"S\u0101kums\",\"item\":\"https:\\\/\\\/mmkriepas.lv\\\/en\\\/\"},{\"@type\":\"ListItem\",\"position\":2,\"name\":\"255\\\/65R16 Grenlander MAHO 79 109H\"}]},{\"@type\":\"WebSite\",\"@id\":\"https:\\\/\\\/mmkriepas.lv\\\/en\\\/#website\",\"url\":\"https:\\\/\\\/mmkriepas.lv\\\/en\\\/\",\"name\":\"MMK Riepas\",\"description\":\"MMK Riepas\",\"alternateName\":\"MMK Riepu Serviss\",\"potentialAction\":[{\"@type\":\"SearchAction\",\"target\":{\"@type\":\"EntryPoint\",\"urlTemplate\":\"https:\\\/\\\/mmkriepas.lv\\\/en\\\/?s={search_term_string}\"},\"query-input\":{\"@type\":\"PropertyValueSpecification\",\"valueRequired\":true,\"valueName\":\"search_term_string\"}}],\"inLanguage\":\"en-US\"},{\"@type\":\"ImageObject\",\"inLanguage\":\"en-US\",\"@id\":\"https:\\\/\\\/mmkriepas.lv\\\/en\\\/p\\\/255-65r16-grenlander-maho-79-109h\\\/#local-main-organization-logo\",\"url\":\"\",\"contentUrl\":\"\",\"caption\":\"MMK Riepas\"}]}<\/script>\n<meta property=\"product:brand\" content=\"Grenlander MAHO 79\" \/>\n<meta property=\"product:price:amount\" content=\"83.00\" \/>\n<meta property=\"product:price:currency\" content=\"EUR\" \/>\n<meta property=\"og:availability\" content=\"instock\" \/>\n<meta property=\"product:availability\" content=\"instock\" \/>\n<meta property=\"product:retailer_item_id\" content=\"TS2556516Grenl-E27260\" \/>\n<meta property=\"product:condition\" content=\"new\" \/>\n<!-- \/ Yoast SEO Premium plugin. -->","yoast_head_json":{"title":"255\/65R16 Grenlander MAHO 79 109H &#8226; MMK Riepas","robots":{"index":"index","follow":"follow","max-snippet":"max-snippet:-1","max-image-preview":"max-image-preview:large","max-video-preview":"max-video-preview:-1"},"canonical":"https:\/\/mmkriepas.lv\/en\/p\/255-65r16-grenlander-maho-79-109h\/","og_locale":"en_US","og_type":"article","og_title":"255\/65R16 Grenlander MAHO 79 109H","og_description":"Grenlander MAHO 79 ir \u013coti labas kvalit\u0101tes, bud\u017eeta klases SUV vasaras riepu modelis. Tas izce\u013cas ar \u013coti labiem nodilumiztur\u012bbas, sa\u0137eres un manevr\u0113tsp\u0113jas r\u0101d\u012bt\u0101jiem gan uz asfalta, gan grants un me\u017ea ce\u013ciem. Tas pieejams izm\u0113ru kl\u0101st\u0101 no R16 l\u012bdz R20 un paredz\u0113ts uzst\u0101d\u012b\u0161anai SUV jeb apvidus automa\u0161\u012bn\u0101m.","og_url":"https:\/\/mmkriepas.lv\/en\/p\/255-65r16-grenlander-maho-79-109h\/","og_site_name":"MMK Riepas","article_publisher":"https:\/\/www.facebook.com\/mmkserviss\/","article_modified_time":"2026-04-05T17:56:25+00:00","og_image":[{"width":1000,"height":835,"url":"https:\/\/mmkriepas.lv\/wp-content\/uploads\/2024\/04\/23560r18-grenlander-maho-79-107h-xl-vasaras-riepas-2.jpg","type":"image\/jpeg"}],"twitter_card":"summary_large_image","twitter_misc":{"Price":"&euro;83.00","Availability":"In stock"},"schema":{"@context":"https:\/\/schema.org","@graph":[{"@type":"WebPage","@id":"https:\/\/mmkriepas.lv\/en\/p\/255-65r16-grenlander-maho-79-109h\/","url":"https:\/\/mmkriepas.lv\/en\/p\/255-65r16-grenlander-maho-79-109h\/","name":"255\/65R16 Grenlander MAHO 79 109H &#8226; MMK Riepas","isPartOf":{"@id":"https:\/\/mmkriepas.lv\/en\/#website"},"primaryImageOfPage":{"@id":"https:\/\/mmkriepas.lv\/en\/p\/255-65r16-grenlander-maho-79-109h\/#primaryimage"},"image":{"@id":"https:\/\/mmkriepas.lv\/en\/p\/255-65r16-grenlander-maho-79-109h\/#primaryimage"},"thumbnailUrl":"https:\/\/mmkriepas.lv\/wp-content\/uploads\/2024\/04\/23560r18-grenlander-maho-79-107h-xl-vasaras-riepas-2.jpg","datePublished":"2023-06-20T11:29:03+00:00","dateModified":"2026-04-05T17:56:25+00:00","breadcrumb":{"@id":"https:\/\/mmkriepas.lv\/en\/p\/255-65r16-grenlander-maho-79-109h\/#breadcrumb"},"inLanguage":"en-US","potentialAction":[{"@type":"ReadAction","target":["https:\/\/mmkriepas.lv\/en\/p\/255-65r16-grenlander-maho-79-109h\/"]}]},{"@type":"ImageObject","inLanguage":"en-US","@id":"https:\/\/mmkriepas.lv\/en\/p\/255-65r16-grenlander-maho-79-109h\/#primaryimage","url":"https:\/\/mmkriepas.lv\/wp-content\/uploads\/2024\/04\/23560r18-grenlander-maho-79-107h-xl-vasaras-riepas-2.jpg","contentUrl":"https:\/\/mmkriepas.lv\/wp-content\/uploads\/2024\/04\/23560r18-grenlander-maho-79-107h-xl-vasaras-riepas-2.jpg","width":1000,"height":835,"caption":"MAIN"},{"@type":"BreadcrumbList","@id":"https:\/\/mmkriepas.lv\/en\/p\/255-65r16-grenlander-maho-79-109h\/#breadcrumb","itemListElement":[{"@type":"ListItem","position":1,"name":"S\u0101kums","item":"https:\/\/mmkriepas.lv\/en\/"},{"@type":"ListItem","position":2,"name":"255\/65R16 Grenlander MAHO 79 109H"}]},{"@type":"WebSite","@id":"https:\/\/mmkriepas.lv\/en\/#website","url":"https:\/\/mmkriepas.lv\/en\/","name":"MMK Riepas","description":"MMK Riepas","alternateName":"MMK Riepu Serviss","potentialAction":[{"@type":"SearchAction","target":{"@type":"EntryPoint","urlTemplate":"https:\/\/mmkriepas.lv\/en\/?s={search_term_string}"},"query-input":{"@type":"PropertyValueSpecification","valueRequired":true,"valueName":"search_term_string"}}],"inLanguage":"en-US"},{"@type":"ImageObject","inLanguage":"en-US","@id":"https:\/\/mmkriepas.lv\/en\/p\/255-65r16-grenlander-maho-79-109h\/#local-main-organization-logo","url":"","contentUrl":"","caption":"MMK Riepas"}]},"product_brand":"Grenlander MAHO 79","product_price_amount":"83.00","product_price_currency":"EUR","og_availability":"instock","product_availability":"instock","product_retailer_item_id":"TS2556516Grenl-E27260","product_condition":"new"},"_links":{"self":[{"href":"https:\/\/mmkriepas.lv\/en\/wp-json\/wp\/v2\/product\/755373","targetHints":{"allow":["GET"]}}],"collection":[{"href":"https:\/\/mmkriepas.lv\/en\/wp-json\/wp\/v2\/product"}],"about":[{"href":"https:\/\/mmkriepas.lv\/en\/wp-json\/wp\/v2\/types\/product"}],"wp:featuredmedia":[{"embeddable":true,"href":"https:\/\/mmkriepas.lv\/en\/wp-json\/wp\/v2\/media\/890949"}],"wp:attachment":[{"href":"https:\/\/mmkriepas.lv\/en\/wp-json\/wp\/v2\/media?parent=755373"}],"wp:term":[{"taxonomy":"product_brand","embeddable":true,"href":"https:\/\/mmkriepas.lv\/en\/wp-json\/wp\/v2\/product_brand?post=755373"},{"taxonomy":"product_cat","embeddable":true,"href":"https:\/\/mmkriepas.lv\/en\/wp-json\/wp\/v2\/product_cat?post=755373"},{"taxonomy":"product_tag","embeddable":true,"href":"https:\/\/mmkriepas.lv\/en\/wp-json\/wp\/v2\/product_tag?post=755373"}],"curies":[{"name":"wp","href":"https:\/\/api.w.org\/{rel}","templated":true}]}}